{"id":119694,"date":"2025-11-24T12:27:05","date_gmt":"2025-11-24T09:27:05","guid":{"rendered":"https:\/\/rst-steel.com\/product\/auxiliary-light-purelux-ranger-9_pr_92866\/"},"modified":"2026-03-16T09:20:08","modified_gmt":"2026-03-16T06:20:08","slug":"auxiliary-light-purelux-ranger-9_pr_92866","status":"publish","type":"product","link":"https:\/\/com.rst-steel.eu\/sv\/produkt\/auxiliary-light-purelux-ranger-9_pr_92866\/","title":{"rendered":"Auxiliary light Purelux Ranger 9&#8243;"},"content":{"rendered":"<p>I serien <span style=\"font-weight: bold;\">Purelux Ranger 9<\/span> is a high-performance 9&#8243; auxiliary LED light designed for SUVs, vans, trucks, and heavy equipment. Featuring <span style=\"font-weight: bold;\">PowerBoost<\/span>\u00ae technology, two selectable power modes, a combination beam, a dynamic parking light, and an R65-approved warning light, the Ranger 9 delivers outstanding illumination, visibility, and style. Its impressive <span style=\"font-weight: bold;\">11,632 lumens output and range of up to 840 meters (@ 1 lux)<\/span> make it ideal for both on-road and off-road applications.<\/p>\n<ul>\n<li><\/li>\n<\/ul>\n<p>&nbsp;<\/p>\n<p><span style=\"font-weight: bold;\">Viktiga funktioner<\/span><\/p>\n<ul>\n<li>PowerBoost\u00ae Technology: Two power modes allow you to adapt the light output to road or off-road conditions.<\/li>\n<li>Unique Combination Beam: Long-range spot beam in the center, surrounded by a wide flood beam to illuminate the surroundings evenly.<\/li>\n<li>High Light Output: 11,632 lumens with a maximum range of 840 meters (@ 1 lux).<\/li>\n<li>Dynamic Parking Light: Lights up in orange or white, creating depth and a striking appearance when the auxiliary light is not in use.<\/li>\n<li>R65 Approved Warning Light: Ensures high visibility and safety for vehicles in any condition.<\/li>\n<li>Flexible Installation: Designed for high mounting locations on trucks and construction vehicles but equally suitable for roof or front installation on vans, SUVs, and passenger cars.<\/li>\n<li>Stunning Design: Stylish lens and housing provide a visually striking look, combining performance and aesthetics.<\/li>\n<li><\/li>\n<\/ul>\n<p>&nbsp;<\/p>\n<p>The Ranger 9 is designed for <span style=\"font-weight: bold;\">vehicles requiring powerful and far-reaching auxiliary lighting<\/span>, such as trucks, construction vehicles, SUVs, vans, and off-road equipment. Its unique beam design positions the main spot slightly above the center, allowing for optimal forward projection while the surrounding flood beam lights the sides evenly. This makes it ideal for high-mounted installations on large vehicles but versatile enough for front or roof placement on smaller vehicles.<\/p>\n<p>&nbsp;<\/p>\n<p>The two power modes ensure compliance with road regulations while giving the option to <span style=\"font-weight: bold;\">maximize output off-road.<\/span> The dynamic parking light adds a stylish touch while increasing visibility in urban and rural environments. The built-in R65 warning light guarantees your vehicle is seen in both daylight and nighttime conditions.<\/p>\n<ul>\n<li><\/li>\n<\/ul>\n<p>&nbsp;<\/p>\n<p><span style=\"font-weight: bold;\">Tekniska specifikationer<br \/>\n<\/span><\/p>\n<ul>\n<li>Operating voltage: 10-30 V (DC)<\/li>\n<li>Referensnummer: 25<\/li>\n<li>Rated power: 188 W<\/li>\n<li><span style=\"font-weight: bold;\">Uppm\u00e4tt str\u00f6mf\u00f6rbrukning<br \/>\n<\/span><\/li>\n<li>Purelux PowerBoost\u00ae: 5.98A @ 24V<\/li>\n<li>Road mode: 0.69A @ 24V<\/li>\n<li><span style=\"font-weight: bold;\">Uppm\u00e4tt effekt<\/span><\/li>\n<li>Purelux PowerBoost\u00ae: 143.7 W<\/li>\n<li>Road mode: 16.6 W<\/li>\n<li>Parking lights: 7.3 W<\/li>\n<li>Luminous efficacy measured: 11632 lm (Purelux PowerBoost\u00ae) \/ 1365 lm (Road mode)<\/li>\n<li>Range measured: 840 m @ 1 lux \/ 1680 m @ 0.25 lux (Purelux PowerBoost\u00ae)<\/li>\n<li>Range measured by the beacon: 315 m @ 1 lux \/ 630 m @ 0.25 lux (Road mode)<\/li>\n<li>Range with multiple lights, measured (PowerBoost\u00ae \/ E-approved, @ 1 lux):<\/li>\n<li>With two: 1188 m \/ 445 m (@ 1 lux)<\/li>\n<li>With three: 1455 m \/ 546 m (@ 1 lux)<\/li>\n<li>With four: 1680 m \/ 630 m (@ 1 lux)<\/li>\n<li>Manufacturer&#8217;s stated color temperature: 5700 K<\/li>\n<li>Measured: 6060 K<\/li>\n<li>Montering: Monteringsfot<\/li>\n<li>Anslutningsdon: DTP-2<\/li>\n<li>Parking lights and hazard warning lights + separate wires<\/li>\n<li>Cable length: approx. 700 mm<\/li>\n<li>Dimensions: 228 x 209 x 92 mm (Width x Height x Depth)<\/li>\n<li>Height with mounting foot: 237.5 mm<\/li>\n<li>Weight: 3000g<\/li>\n<li>IP-klassning: IP69K<\/li>\n<li>Godk\u00e4nnanden: ECE R10, R148, R149, R65, CE, RoHS<\/li>\n<li><span style=\"font-weight: bold;\">Road traffic approval does not apply to Purelux PowerBoost\u00ae mode<\/span><\/li>\n<li>Garanti: 24 m\u00e5nader<\/li>\n<\/ul>","protected":false},"excerpt":{"rendered":"<p><span style=\"font-weight: bold;\">R65-approved warning light, dynamic parking light, and striking design ensure your vehicle stands out.<\/span><\/p>","protected":false},"featured_media":119688,"comment_status":"open","ping_status":"closed","template":"","meta":{"_improvement_type_select":"improve_an_existing","_thumb_yes_seoaic":false,"_frame_yes_seoaic":false,"seoaic_generate_description":"","seoaic_improve_instructions_prompt":"","seoaic_rollback_content_improvement":"","seoaic_idea_thumbnail_generator":"","thumbnail_generated":false,"thumbnail_generate_prompt":"","seoaic_article_description":""},"make_fuel_type":[],"make_model":[],"make_brand":[],"make_year":[],"pwb-brand":[8333],"product_brand":[],"product_cat":[6195,6209,7373],"product_tag":[8498,8489],"class_list":{"0":"post-119694","1":"product","2":"type-product","3":"status-publish","4":"has-post-thumbnail","6":"pwb-brand-brand_purelux","7":"product_cat-lamps","8":"product_cat-auxiliary-lights","9":"product_cat-rstcom-purelux","10":"product_tag-auxiliary-light","11":"product_tag-purelux","13":"first","14":"instock","15":"taxable","16":"shipping-taxable","17":"purchasable","18":"product-type-simple"},"yoast_head":"<!-- This site is optimized with the Yoast SEO plugin v25.7 - https:\/\/yoast.com\/wordpress\/plugins\/seo\/ -->\n<title>Auxiliary light Purelux Ranger 9&quot; - RST-Steel<\/title>\n<meta name=\"description\" content=\"The Purelux Ranger 9 is a high-performance 9&quot; auxiliary LED light designed for SUVs, vans, trucks, and heavy equipment. R65-approved warning light!\" \/>\n<meta name=\"robots\" content=\"index, follow, max-snippet:-1, max-image-preview:large, max-video-preview:-1\" \/>\n<link rel=\"canonical\" href=\"https:\/\/com.rst-steel.eu\/sv\/produkt\/auxiliary-light-purelux-ranger-9_pr_92866\/\" \/>\n<meta property=\"og:locale\" content=\"sv_SE\" \/>\n<meta property=\"og:type\" content=\"article\" \/>\n<meta property=\"og:title\" content=\"Auxiliary light Purelux Ranger 9&quot; - RST-Steel\" \/>\n<meta property=\"og:description\" content=\"The Purelux Ranger 9 is a high-performance 9&quot; auxiliary LED light designed for SUVs, vans, trucks, and heavy equipment. R65-approved warning light!\" \/>\n<meta property=\"og:url\" content=\"https:\/\/com.rst-steel.eu\/sv\/produkt\/auxiliary-light-purelux-ranger-9_pr_92866\/\" \/>\n<meta property=\"og:site_name\" content=\"RST-Steel\" \/>\n<meta property=\"article:publisher\" content=\"https:\/\/www.facebook.com\/rststeel\" \/>\n<meta property=\"article:modified_time\" content=\"2026-03-16T06:20:08+00:00\" \/>\n<meta property=\"og:image\" content=\"https:\/\/com.rst-steel.eu\/wp-content\/uploads\/2025\/11\/14c63bd0c72ea648fecccd988d74bf23629bb76a_purelux_ranger_9_1_3.jpg\" \/>\n\t<meta property=\"og:image:width\" content=\"2048\" \/>\n\t<meta property=\"og:image:height\" content=\"2048\" \/>\n\t<meta property=\"og:image:type\" content=\"image\/jpeg\" \/>\n<meta name=\"twitter:card\" content=\"summary_large_image\" \/>\n<meta name=\"twitter:label1\" content=\"Ber\u00e4knad l\u00e4stid\" \/>\n\t<meta name=\"twitter:data1\" content=\"3 minuter\" \/>\n<script type=\"application\/ld+json\" class=\"yoast-schema-graph\">{\"@context\":\"https:\/\/schema.org\",\"@graph\":[{\"@type\":\"WebPage\",\"@id\":\"https:\/\/com.rst-steel.eu\/product\/auxiliary-light-purelux-ranger-9_pr_92866\/\",\"url\":\"https:\/\/com.rst-steel.eu\/product\/auxiliary-light-purelux-ranger-9_pr_92866\/\",\"name\":\"Auxiliary light Purelux Ranger 9\\\" - RST-Steel\",\"isPartOf\":{\"@id\":\"https:\/\/com.rst-steel.eu\/#website\"},\"primaryImageOfPage\":{\"@id\":\"https:\/\/com.rst-steel.eu\/product\/auxiliary-light-purelux-ranger-9_pr_92866\/#primaryimage\"},\"image\":{\"@id\":\"https:\/\/com.rst-steel.eu\/product\/auxiliary-light-purelux-ranger-9_pr_92866\/#primaryimage\"},\"thumbnailUrl\":\"https:\/\/com.rst-steel.eu\/wp-content\/uploads\/2025\/11\/14c63bd0c72ea648fecccd988d74bf23629bb76a_purelux_ranger_9_1_3.jpg\",\"datePublished\":\"2025-11-24T09:27:05+00:00\",\"dateModified\":\"2026-03-16T06:20:08+00:00\",\"description\":\"The Purelux Ranger 9 is a high-performance 9\\\" auxiliary LED light designed for SUVs, vans, trucks, and heavy equipment. R65-approved warning light!\",\"breadcrumb\":{\"@id\":\"https:\/\/com.rst-steel.eu\/product\/auxiliary-light-purelux-ranger-9_pr_92866\/#breadcrumb\"},\"inLanguage\":\"sv-SE\",\"potentialAction\":[{\"@type\":\"ReadAction\",\"target\":[\"https:\/\/com.rst-steel.eu\/product\/auxiliary-light-purelux-ranger-9_pr_92866\/\"]}]},{\"@type\":\"ImageObject\",\"inLanguage\":\"sv-SE\",\"@id\":\"https:\/\/com.rst-steel.eu\/product\/auxiliary-light-purelux-ranger-9_pr_92866\/#primaryimage\",\"url\":\"https:\/\/com.rst-steel.eu\/wp-content\/uploads\/2025\/11\/14c63bd0c72ea648fecccd988d74bf23629bb76a_purelux_ranger_9_1_3.jpg\",\"contentUrl\":\"https:\/\/com.rst-steel.eu\/wp-content\/uploads\/2025\/11\/14c63bd0c72ea648fecccd988d74bf23629bb76a_purelux_ranger_9_1_3.jpg\",\"width\":2048,\"height\":2048},{\"@type\":\"BreadcrumbList\",\"@id\":\"https:\/\/com.rst-steel.eu\/product\/auxiliary-light-purelux-ranger-9_pr_92866\/#breadcrumb\",\"itemListElement\":[{\"@type\":\"ListItem\",\"position\":1,\"name\":\"Home\",\"item\":\"https:\/\/com.rst-steel.eu\/\"},{\"@type\":\"ListItem\",\"position\":2,\"name\":\"RST-Steel Shop\",\"item\":\"https:\/\/com.rst-steel.eu\/shop\/\"},{\"@type\":\"ListItem\",\"position\":3,\"name\":\"Auxiliary light Purelux Ranger 9&#8243;\"}]},{\"@type\":\"WebSite\",\"@id\":\"https:\/\/com.rst-steel.eu\/#website\",\"url\":\"https:\/\/com.rst-steel.eu\/\",\"name\":\"RST-Steel.com\",\"description\":\"Finnish quality steel, for quality-conscious drivers\",\"publisher\":{\"@id\":\"https:\/\/com.rst-steel.eu\/#organization\"},\"alternateName\":\"Safe and stylish RST-Steel quality\",\"potentialAction\":[{\"@type\":\"SearchAction\",\"target\":{\"@type\":\"EntryPoint\",\"urlTemplate\":\"https:\/\/com.rst-steel.eu\/?s={search_term_string}\"},\"query-input\":{\"@type\":\"PropertyValueSpecification\",\"valueRequired\":true,\"valueName\":\"search_term_string\"}}],\"inLanguage\":\"sv-SE\"},{\"@type\":\"Organization\",\"@id\":\"https:\/\/com.rst-steel.eu\/#organization\",\"name\":\"RST-Steel Oy\",\"url\":\"https:\/\/com.rst-steel.eu\/\",\"logo\":{\"@type\":\"ImageObject\",\"inLanguage\":\"sv-SE\",\"@id\":\"https:\/\/com.rst-steel.eu\/#\/schema\/logo\/image\/\",\"url\":\"https:\/\/com.rst-steel.eu\/wp-content\/uploads\/2023\/04\/cropped-Rst-logo-valkoinen-teksti-3.png\",\"contentUrl\":\"https:\/\/com.rst-steel.eu\/wp-content\/uploads\/2023\/04\/cropped-Rst-logo-valkoinen-teksti-3.png\",\"width\":512,\"height\":115,\"caption\":\"RST-Steel Oy\"},\"image\":{\"@id\":\"https:\/\/com.rst-steel.eu\/#\/schema\/logo\/image\/\"},\"sameAs\":[\"https:\/\/www.facebook.com\/rststeel\",\"https:\/\/www.instagram.com\/rststeeloy\/\"]}]}<\/script>\n<!-- \/ Yoast SEO plugin. -->","yoast_head_json":{"title":"Auxiliary light Purelux Ranger 9\" - RST-Steel","description":"The Purelux Ranger 9 is a high-performance 9\" auxiliary LED light designed for SUVs, vans, trucks, and heavy equipment. R65-approved warning light!","robots":{"index":"index","follow":"follow","max-snippet":"max-snippet:-1","max-image-preview":"max-image-preview:large","max-video-preview":"max-video-preview:-1"},"canonical":"https:\/\/com.rst-steel.eu\/sv\/produkt\/auxiliary-light-purelux-ranger-9_pr_92866\/","og_locale":"sv_SE","og_type":"article","og_title":"Auxiliary light Purelux Ranger 9\" - RST-Steel","og_description":"The Purelux Ranger 9 is a high-performance 9\" auxiliary LED light designed for SUVs, vans, trucks, and heavy equipment. R65-approved warning light!","og_url":"https:\/\/com.rst-steel.eu\/sv\/produkt\/auxiliary-light-purelux-ranger-9_pr_92866\/","og_site_name":"RST-Steel","article_publisher":"https:\/\/www.facebook.com\/rststeel","article_modified_time":"2026-03-16T06:20:08+00:00","og_image":[{"width":2048,"height":2048,"url":"https:\/\/com.rst-steel.eu\/wp-content\/uploads\/2025\/11\/14c63bd0c72ea648fecccd988d74bf23629bb76a_purelux_ranger_9_1_3.jpg","type":"image\/jpeg"}],"twitter_card":"summary_large_image","twitter_misc":{"Ber\u00e4knad l\u00e4stid":"3 minuter"},"schema":{"@context":"https:\/\/schema.org","@graph":[{"@type":"WebPage","@id":"https:\/\/com.rst-steel.eu\/product\/auxiliary-light-purelux-ranger-9_pr_92866\/","url":"https:\/\/com.rst-steel.eu\/product\/auxiliary-light-purelux-ranger-9_pr_92866\/","name":"Auxiliary light Purelux Ranger 9\" - RST-Steel","isPartOf":{"@id":"https:\/\/com.rst-steel.eu\/#website"},"primaryImageOfPage":{"@id":"https:\/\/com.rst-steel.eu\/product\/auxiliary-light-purelux-ranger-9_pr_92866\/#primaryimage"},"image":{"@id":"https:\/\/com.rst-steel.eu\/product\/auxiliary-light-purelux-ranger-9_pr_92866\/#primaryimage"},"thumbnailUrl":"https:\/\/com.rst-steel.eu\/wp-content\/uploads\/2025\/11\/14c63bd0c72ea648fecccd988d74bf23629bb76a_purelux_ranger_9_1_3.jpg","datePublished":"2025-11-24T09:27:05+00:00","dateModified":"2026-03-16T06:20:08+00:00","description":"The Purelux Ranger 9 is a high-performance 9\" auxiliary LED light designed for SUVs, vans, trucks, and heavy equipment. R65-approved warning light!","breadcrumb":{"@id":"https:\/\/com.rst-steel.eu\/product\/auxiliary-light-purelux-ranger-9_pr_92866\/#breadcrumb"},"inLanguage":"sv-SE","potentialAction":[{"@type":"ReadAction","target":["https:\/\/com.rst-steel.eu\/product\/auxiliary-light-purelux-ranger-9_pr_92866\/"]}]},{"@type":"ImageObject","inLanguage":"sv-SE","@id":"https:\/\/com.rst-steel.eu\/product\/auxiliary-light-purelux-ranger-9_pr_92866\/#primaryimage","url":"https:\/\/com.rst-steel.eu\/wp-content\/uploads\/2025\/11\/14c63bd0c72ea648fecccd988d74bf23629bb76a_purelux_ranger_9_1_3.jpg","contentUrl":"https:\/\/com.rst-steel.eu\/wp-content\/uploads\/2025\/11\/14c63bd0c72ea648fecccd988d74bf23629bb76a_purelux_ranger_9_1_3.jpg","width":2048,"height":2048},{"@type":"BreadcrumbList","@id":"https:\/\/com.rst-steel.eu\/product\/auxiliary-light-purelux-ranger-9_pr_92866\/#breadcrumb","itemListElement":[{"@type":"ListItem","position":1,"name":"Home","item":"https:\/\/com.rst-steel.eu\/"},{"@type":"ListItem","position":2,"name":"RST-Steel Shop","item":"https:\/\/com.rst-steel.eu\/shop\/"},{"@type":"ListItem","position":3,"name":"Auxiliary light Purelux Ranger 9&#8243;"}]},{"@type":"WebSite","@id":"https:\/\/com.rst-steel.eu\/#website","url":"https:\/\/com.rst-steel.eu\/","name":"RST-Stahl.com","description":"Finskt kvalitetsst\u00e5l, f\u00f6r kvalitetsmedvetna f\u00f6rare","publisher":{"@id":"https:\/\/com.rst-steel.eu\/#organization"},"alternateName":"Safe and stylish RST-Steel quality","potentialAction":[{"@type":"SearchAction","target":{"@type":"EntryPoint","urlTemplate":"https:\/\/com.rst-steel.eu\/?s={search_term_string}"},"query-input":{"@type":"PropertyValueSpecification","valueRequired":true,"valueName":"search_term_string"}}],"inLanguage":"sv-SE"},{"@type":"Organization","@id":"https:\/\/com.rst-steel.eu\/#organization","name":"RST-Steel Oy","url":"https:\/\/com.rst-steel.eu\/","logo":{"@type":"ImageObject","inLanguage":"sv-SE","@id":"https:\/\/com.rst-steel.eu\/#\/schema\/logo\/image\/","url":"https:\/\/com.rst-steel.eu\/wp-content\/uploads\/2023\/04\/cropped-Rst-logo-valkoinen-teksti-3.png","contentUrl":"https:\/\/com.rst-steel.eu\/wp-content\/uploads\/2023\/04\/cropped-Rst-logo-valkoinen-teksti-3.png","width":512,"height":115,"caption":"RST-Steel Oy"},"image":{"@id":"https:\/\/com.rst-steel.eu\/#\/schema\/logo\/image\/"},"sameAs":["https:\/\/www.facebook.com\/rststeel","https:\/\/www.instagram.com\/rststeeloy\/"]}]}},"brands":[{"id":8333,"name":"Purelux","slug":"brand_purelux"}],"_links":{"self":[{"href":"https:\/\/com.rst-steel.eu\/sv\/wp-json\/wp\/v2\/product\/119694","targetHints":{"allow":["GET"]}}],"collection":[{"href":"https:\/\/com.rst-steel.eu\/sv\/wp-json\/wp\/v2\/product"}],"about":[{"href":"https:\/\/com.rst-steel.eu\/sv\/wp-json\/wp\/v2\/types\/product"}],"replies":[{"embeddable":true,"href":"https:\/\/com.rst-steel.eu\/sv\/wp-json\/wp\/v2\/comments?post=119694"}],"version-history":[{"count":0,"href":"https:\/\/com.rst-steel.eu\/sv\/wp-json\/wp\/v2\/product\/119694\/revisions"}],"wp:featuredmedia":[{"embeddable":true,"href":"https:\/\/com.rst-steel.eu\/sv\/wp-json\/wp\/v2\/media\/119688"}],"wp:attachment":[{"href":"https:\/\/com.rst-steel.eu\/sv\/wp-json\/wp\/v2\/media?parent=119694"}],"wp:term":[{"taxonomy":"make_fuel_type","embeddable":true,"href":"https:\/\/com.rst-steel.eu\/sv\/wp-json\/wp\/v2\/make_fuel_type?post=119694"},{"taxonomy":"make_model","embeddable":true,"href":"https:\/\/com.rst-steel.eu\/sv\/wp-json\/wp\/v2\/make_model?post=119694"},{"taxonomy":"make_brand","embeddable":true,"href":"https:\/\/com.rst-steel.eu\/sv\/wp-json\/wp\/v2\/make_brand?post=119694"},{"taxonomy":"make_year","embeddable":true,"href":"https:\/\/com.rst-steel.eu\/sv\/wp-json\/wp\/v2\/make_year?post=119694"},{"taxonomy":"pwb-brand","embeddable":true,"href":"https:\/\/com.rst-steel.eu\/sv\/wp-json\/wp\/v2\/pwb-brand?post=119694"},{"taxonomy":"product_brand","embeddable":true,"href":"https:\/\/com.rst-steel.eu\/sv\/wp-json\/wp\/v2\/product_brand?post=119694"},{"taxonomy":"product_cat","embeddable":true,"href":"https:\/\/com.rst-steel.eu\/sv\/wp-json\/wp\/v2\/product_cat?post=119694"},{"taxonomy":"product_tag","embeddable":true,"href":"https:\/\/com.rst-steel.eu\/sv\/wp-json\/wp\/v2\/product_tag?post=119694"}],"curies":[{"name":"wp","href":"https:\/\/api.w.org\/{rel}","templated":true}]}}