{"id":119624,"date":"2025-11-20T15:30:17","date_gmt":"2025-11-20T12:30:17","guid":{"rendered":"https:\/\/rst-steel.com\/product\/roof-bar-john-deere-normal-roof-6r-2016-_prm_65623\/"},"modified":"2026-03-16T09:20:19","modified_gmt":"2026-03-16T06:20:19","slug":"valoteline-katolle-john-deere-normaali-katto-6r-2016-_prm_65623","status":"publish","type":"product","link":"https:\/\/com.rst-steel.eu\/sv\/produkt\/valoteline-katolle-john-deere-normaali-katto-6r-2016-_prm_65623\/","title":{"rendered":"Roof Bar John Deere (normal Roof) 6R 2016-"},"content":{"rendered":"<p><strong>Roof Bar John Deere (normal Roof) 6R 2016-<\/strong><\/p>\n<ul>\n<li><\/li>\n<\/ul>\n<p><span style=\"font-weight: bold;\">Egenskaper:<\/span><\/p>\n<ul>\n<li><span style=\"font-weight: bold;\">Kompatibilitet<\/span>: Designed for\u00a0John Deere 6R 2016 -models with Normal roof, ensuring quick and effortless installation.<\/li>\n<li><span style=\"font-weight: bold;\">Material<\/span>: Tillverkad av h\u00e5llbart rostfritt st\u00e5l, vilket garanterar l\u00e5ng livsl\u00e4ngd och utm\u00e4rkt v\u00e4derbest\u00e4ndighet.<\/li>\n<li><span style=\"font-weight: bold;\">Stylish Design<\/span>: Polished or painted finish and elegant design enhance the appearance of your tractor.<\/li>\n<li><span style=\"font-weight: bold;\">Light Installation<\/span>:\u00a0Thanks to the welded light brackets, you can easily mount several additional lights onto the roof bar.<\/li>\n<li><span style=\"font-weight: bold;\">S\u00e4kerhet<\/span>: F\u00f6rb\u00e4ttrar sikten i m\u00f6rka och utmanande k\u00f6rf\u00f6rh\u00e5llanden, vilket \u00f6kar s\u00e4kerheten f\u00f6r b\u00e5de f\u00f6raren och andra trafikanter.<\/li>\n<li><\/li>\n<\/ul>\n<p><span style=\"font-weight: bold;\">RST-Steel&#8217;s roof bars<\/span> are high-quality products.<\/p>\n<p>Designed to complement the stylish lines of your tractor, the roof bar not only enhances its appearance but also adds practicality and safety. It can be equipped with auxiliary-, work- and position lights, ensuring maximum visibility on the road and improved safety for both you and other road users.<\/p>\n<ul>\n<li><\/li>\n<\/ul>\n<p><span style=\"font-weight: bold;\">Compatible with 2pcs 40cm auxiliary light panel or 4pcs 9\u2019\u2019 round lamps.<\/span><\/p>\n<ul>\n<li><\/li>\n<\/ul>\n<p><span style=\"font-weight: bold;\">Varf\u00f6r v\u00e4lja RST-Steel?<\/span><\/p>\n<ul>\n<li><span style=\"font-weight: bold;\">Tillverkade i Finland<\/span>: All our products are manufactured in our own production facility in Nivala, Finland.<\/li>\n<li><span style=\"font-weight: bold;\">P\u00e5litlighet<\/span>: M\u00e5nga \u00e5rs erfarenhet och expertis s\u00e4kerst\u00e4ller den h\u00f6ga kvaliteten och h\u00e5llbarheten hos v\u00e5ra produkter.<\/li>\n<li><span style=\"font-weight: bold;\">Kundn\u00f6jdhet:<\/span>\u00a0Tusentals n\u00f6jda kunder v\u00e4rlden \u00f6ver litar p\u00e5 RST-Steels produkter.<\/li>\n<li><\/li>\n<\/ul>\n<p><span style=\"font-weight: bold;\">Teknisk information:<\/span><\/p>\n<ul>\n<li>F\u00e4rg: Polerat rostfritt st\u00e5l eller pulverlackerad med RAL-f\u00e4rger<\/li>\n<li>R\u00f6rdiameter: 60 mm<\/li>\n<li>Welded Auxiliary light brackets 4pcs<\/li>\n<li>\u00a0Welded work light brackets 8pcs<\/li>\n<li><\/li>\n<li><\/li>\n<\/ul>\n<p><span style=\"font-weight: bold;\">Leveransinneh\u00e5ll:<\/span><\/p>\n<ul>\n<li>Takb\u00e5ge<\/li>\n<li>Monteringsf\u00e4sten som beh\u00f6vs f\u00f6r installation<\/li>\n<li>Instruktioner f\u00f6r installation<\/li>\n<\/ul>","protected":false},"excerpt":{"rendered":"<p><span style=\"font-weight: bold;\">For John Deere 6R tractors with the Normal Roof!<\/span><\/p>","protected":false},"featured_media":119621,"comment_status":"open","ping_status":"closed","template":"","meta":{"_improvement_type_select":"improve_an_existing","_thumb_yes_seoaic":false,"_frame_yes_seoaic":false,"seoaic_generate_description":"","seoaic_improve_instructions_prompt":"","seoaic_rollback_content_improvement":"","seoaic_idea_thumbnail_generator":"","thumbnail_generated":false,"thumbnail_generate_prompt":"","seoaic_article_description":""},"make_fuel_type":[],"make_model":[],"make_brand":[6357],"make_year":[6360],"pwb-brand":[8334],"product_brand":[],"product_cat":[6057,6071,7289],"product_tag":[],"class_list":{"0":"post-119624","1":"product","2":"type-product","3":"status-publish","4":"has-post-thumbnail","6":"make_brand-john-deere-com","7":"make_year-tractor-com","8":"pwb-brand-brand_rststeel","9":"product_cat-lightbars","10":"product_cat-roofbars-for-tractors","11":"product_cat-johndeere-vr-tk","12":"product_shipping_class-lightbars","14":"first","15":"instock","16":"sale","17":"taxable","18":"shipping-taxable","19":"purchasable","20":"product-type-variable"},"yoast_head":"<!-- This site is optimized with the Yoast SEO plugin v25.7 - https:\/\/yoast.com\/wordpress\/plugins\/seo\/ -->\n<title>Roof Bar John Deere (normal Roof) 6R 2016- RST-Steel<\/title>\n<meta name=\"description\" content=\"High-quality roof bar for John Deere 6R-series tractors (2016\u2013 onwards) with a standard roof. Durable and easy to install.\" \/>\n<meta name=\"robots\" content=\"index, follow, max-snippet:-1, max-image-preview:large, max-video-preview:-1\" \/>\n<link rel=\"canonical\" href=\"https:\/\/com.rst-steel.eu\/sv\/produkt\/valoteline-katolle-john-deere-normaali-katto-6r-2016-_prm_65623\/\" \/>\n<meta property=\"og:locale\" content=\"sv_SE\" \/>\n<meta property=\"og:type\" content=\"article\" \/>\n<meta property=\"og:title\" content=\"Roof Bar John Deere (normal Roof) 6R 2016- RST-Steel\" \/>\n<meta property=\"og:description\" content=\"High-quality roof bar for John Deere 6R-series tractors (2016\u2013 onwards) with a standard roof. Durable and easy to install.\" \/>\n<meta property=\"og:url\" content=\"https:\/\/com.rst-steel.eu\/sv\/produkt\/valoteline-katolle-john-deere-normaali-katto-6r-2016-_prm_65623\/\" \/>\n<meta property=\"og:site_name\" content=\"RST-Steel\" \/>\n<meta property=\"article:publisher\" content=\"https:\/\/www.facebook.com\/rststeel\" \/>\n<meta property=\"article:modified_time\" content=\"2026-03-16T06:20:19+00:00\" \/>\n<meta property=\"og:image\" content=\"https:\/\/com.rst-steel.eu\/wp-content\/uploads\/2025\/11\/1e3eca27127a75cd1e127f0bff1debc44c245513_TJO101.jpg\" \/>\n\t<meta property=\"og:image:width\" content=\"960\" \/>\n\t<meta property=\"og:image:height\" content=\"1000\" \/>\n\t<meta property=\"og:image:type\" content=\"image\/jpeg\" \/>\n<meta name=\"twitter:card\" content=\"summary_large_image\" \/>\n<meta name=\"twitter:label1\" content=\"Ber\u00e4knad l\u00e4stid\" \/>\n\t<meta name=\"twitter:data1\" content=\"2 minuter\" \/>\n<script type=\"application\/ld+json\" class=\"yoast-schema-graph\">{\"@context\":\"https:\/\/schema.org\",\"@graph\":[{\"@type\":\"WebPage\",\"@id\":\"https:\/\/com.rst-steel.eu\/nb\/produkt\/valoteline-katolle-john-deere-normaali-katto-6r-2016-_prm_65623\/\",\"url\":\"https:\/\/com.rst-steel.eu\/nb\/produkt\/valoteline-katolle-john-deere-normaali-katto-6r-2016-_prm_65623\/\",\"name\":\"Roof Bar John Deere (normal Roof) 6R 2016- RST-Steel\",\"isPartOf\":{\"@id\":\"https:\/\/com.rst-steel.eu\/#website\"},\"primaryImageOfPage\":{\"@id\":\"https:\/\/com.rst-steel.eu\/nb\/produkt\/valoteline-katolle-john-deere-normaali-katto-6r-2016-_prm_65623\/#primaryimage\"},\"image\":{\"@id\":\"https:\/\/com.rst-steel.eu\/nb\/produkt\/valoteline-katolle-john-deere-normaali-katto-6r-2016-_prm_65623\/#primaryimage\"},\"thumbnailUrl\":\"https:\/\/com.rst-steel.eu\/wp-content\/uploads\/2025\/11\/1e3eca27127a75cd1e127f0bff1debc44c245513_TJO101.jpg\",\"datePublished\":\"2025-11-20T12:30:17+00:00\",\"dateModified\":\"2026-03-16T06:20:19+00:00\",\"description\":\"High-quality roof bar for John Deere 6R-series tractors (2016\u2013 onwards) with a standard roof. Durable and easy to install.\",\"breadcrumb\":{\"@id\":\"https:\/\/com.rst-steel.eu\/nb\/produkt\/valoteline-katolle-john-deere-normaali-katto-6r-2016-_prm_65623\/#breadcrumb\"},\"inLanguage\":\"sv-SE\",\"potentialAction\":[{\"@type\":\"ReadAction\",\"target\":[\"https:\/\/com.rst-steel.eu\/nb\/produkt\/valoteline-katolle-john-deere-normaali-katto-6r-2016-_prm_65623\/\"]}]},{\"@type\":\"ImageObject\",\"inLanguage\":\"sv-SE\",\"@id\":\"https:\/\/com.rst-steel.eu\/nb\/produkt\/valoteline-katolle-john-deere-normaali-katto-6r-2016-_prm_65623\/#primaryimage\",\"url\":\"https:\/\/com.rst-steel.eu\/wp-content\/uploads\/2025\/11\/1e3eca27127a75cd1e127f0bff1debc44c245513_TJO101.jpg\",\"contentUrl\":\"https:\/\/com.rst-steel.eu\/wp-content\/uploads\/2025\/11\/1e3eca27127a75cd1e127f0bff1debc44c245513_TJO101.jpg\",\"width\":960,\"height\":1000,\"caption\":\"Roof Bar John Deere (normal Roof) 6R 2016-\"},{\"@type\":\"BreadcrumbList\",\"@id\":\"https:\/\/com.rst-steel.eu\/nb\/produkt\/valoteline-katolle-john-deere-normaali-katto-6r-2016-_prm_65623\/#breadcrumb\",\"itemListElement\":[{\"@type\":\"ListItem\",\"position\":1,\"name\":\"Home\",\"item\":\"https:\/\/com.rst-steel.eu\/\"},{\"@type\":\"ListItem\",\"position\":2,\"name\":\"RST-Steel Shop\",\"item\":\"https:\/\/com.rst-steel.eu\/shop\/\"},{\"@type\":\"ListItem\",\"position\":3,\"name\":\"Roof Bar John Deere (normal Roof) 6R 2016-\"}]},{\"@type\":\"WebSite\",\"@id\":\"https:\/\/com.rst-steel.eu\/#website\",\"url\":\"https:\/\/com.rst-steel.eu\/\",\"name\":\"RST-Steel.com\",\"description\":\"Finnish quality steel, for quality-conscious drivers\",\"publisher\":{\"@id\":\"https:\/\/com.rst-steel.eu\/#organization\"},\"alternateName\":\"Safe and stylish RST-Steel quality\",\"potentialAction\":[{\"@type\":\"SearchAction\",\"target\":{\"@type\":\"EntryPoint\",\"urlTemplate\":\"https:\/\/com.rst-steel.eu\/?s={search_term_string}\"},\"query-input\":{\"@type\":\"PropertyValueSpecification\",\"valueRequired\":true,\"valueName\":\"search_term_string\"}}],\"inLanguage\":\"sv-SE\"},{\"@type\":\"Organization\",\"@id\":\"https:\/\/com.rst-steel.eu\/#organization\",\"name\":\"RST-Steel Oy\",\"url\":\"https:\/\/com.rst-steel.eu\/\",\"logo\":{\"@type\":\"ImageObject\",\"inLanguage\":\"sv-SE\",\"@id\":\"https:\/\/com.rst-steel.eu\/#\/schema\/logo\/image\/\",\"url\":\"https:\/\/com.rst-steel.eu\/wp-content\/uploads\/2023\/04\/cropped-Rst-logo-valkoinen-teksti-3.png\",\"contentUrl\":\"https:\/\/com.rst-steel.eu\/wp-content\/uploads\/2023\/04\/cropped-Rst-logo-valkoinen-teksti-3.png\",\"width\":512,\"height\":115,\"caption\":\"RST-Steel Oy\"},\"image\":{\"@id\":\"https:\/\/com.rst-steel.eu\/#\/schema\/logo\/image\/\"},\"sameAs\":[\"https:\/\/www.facebook.com\/rststeel\",\"https:\/\/www.instagram.com\/rststeeloy\/\"]}]}<\/script>\n<!-- \/ Yoast SEO plugin. -->","yoast_head_json":{"title":"Roof Bar John Deere (normal Roof) 6R 2016- RST-Steel","description":"High-quality roof bar for John Deere 6R-series tractors (2016\u2013 onwards) with a standard roof. Durable and easy to install.","robots":{"index":"index","follow":"follow","max-snippet":"max-snippet:-1","max-image-preview":"max-image-preview:large","max-video-preview":"max-video-preview:-1"},"canonical":"https:\/\/com.rst-steel.eu\/sv\/produkt\/valoteline-katolle-john-deere-normaali-katto-6r-2016-_prm_65623\/","og_locale":"sv_SE","og_type":"article","og_title":"Roof Bar John Deere (normal Roof) 6R 2016- RST-Steel","og_description":"High-quality roof bar for John Deere 6R-series tractors (2016\u2013 onwards) with a standard roof. Durable and easy to install.","og_url":"https:\/\/com.rst-steel.eu\/sv\/produkt\/valoteline-katolle-john-deere-normaali-katto-6r-2016-_prm_65623\/","og_site_name":"RST-Steel","article_publisher":"https:\/\/www.facebook.com\/rststeel","article_modified_time":"2026-03-16T06:20:19+00:00","og_image":[{"width":960,"height":1000,"url":"https:\/\/com.rst-steel.eu\/wp-content\/uploads\/2025\/11\/1e3eca27127a75cd1e127f0bff1debc44c245513_TJO101.jpg","type":"image\/jpeg"}],"twitter_card":"summary_large_image","twitter_misc":{"Ber\u00e4knad l\u00e4stid":"2 minuter"},"schema":{"@context":"https:\/\/schema.org","@graph":[{"@type":"WebPage","@id":"https:\/\/com.rst-steel.eu\/nb\/produkt\/valoteline-katolle-john-deere-normaali-katto-6r-2016-_prm_65623\/","url":"https:\/\/com.rst-steel.eu\/nb\/produkt\/valoteline-katolle-john-deere-normaali-katto-6r-2016-_prm_65623\/","name":"Roof Bar John Deere (normal Roof) 6R 2016- RST-Steel","isPartOf":{"@id":"https:\/\/com.rst-steel.eu\/#website"},"primaryImageOfPage":{"@id":"https:\/\/com.rst-steel.eu\/nb\/produkt\/valoteline-katolle-john-deere-normaali-katto-6r-2016-_prm_65623\/#primaryimage"},"image":{"@id":"https:\/\/com.rst-steel.eu\/nb\/produkt\/valoteline-katolle-john-deere-normaali-katto-6r-2016-_prm_65623\/#primaryimage"},"thumbnailUrl":"https:\/\/com.rst-steel.eu\/wp-content\/uploads\/2025\/11\/1e3eca27127a75cd1e127f0bff1debc44c245513_TJO101.jpg","datePublished":"2025-11-20T12:30:17+00:00","dateModified":"2026-03-16T06:20:19+00:00","description":"High-quality roof bar for John Deere 6R-series tractors (2016\u2013 onwards) with a standard roof. Durable and easy to install.","breadcrumb":{"@id":"https:\/\/com.rst-steel.eu\/nb\/produkt\/valoteline-katolle-john-deere-normaali-katto-6r-2016-_prm_65623\/#breadcrumb"},"inLanguage":"sv-SE","potentialAction":[{"@type":"ReadAction","target":["https:\/\/com.rst-steel.eu\/nb\/produkt\/valoteline-katolle-john-deere-normaali-katto-6r-2016-_prm_65623\/"]}]},{"@type":"ImageObject","inLanguage":"sv-SE","@id":"https:\/\/com.rst-steel.eu\/nb\/produkt\/valoteline-katolle-john-deere-normaali-katto-6r-2016-_prm_65623\/#primaryimage","url":"https:\/\/com.rst-steel.eu\/wp-content\/uploads\/2025\/11\/1e3eca27127a75cd1e127f0bff1debc44c245513_TJO101.jpg","contentUrl":"https:\/\/com.rst-steel.eu\/wp-content\/uploads\/2025\/11\/1e3eca27127a75cd1e127f0bff1debc44c245513_TJO101.jpg","width":960,"height":1000,"caption":"Roof Bar John Deere (normal Roof) 6R 2016-"},{"@type":"BreadcrumbList","@id":"https:\/\/com.rst-steel.eu\/nb\/produkt\/valoteline-katolle-john-deere-normaali-katto-6r-2016-_prm_65623\/#breadcrumb","itemListElement":[{"@type":"ListItem","position":1,"name":"Home","item":"https:\/\/com.rst-steel.eu\/"},{"@type":"ListItem","position":2,"name":"RST-Steel Shop","item":"https:\/\/com.rst-steel.eu\/shop\/"},{"@type":"ListItem","position":3,"name":"Roof Bar John Deere (normal Roof) 6R 2016-"}]},{"@type":"WebSite","@id":"https:\/\/com.rst-steel.eu\/#website","url":"https:\/\/com.rst-steel.eu\/","name":"RST-Stahl.com","description":"Finskt kvalitetsst\u00e5l, f\u00f6r kvalitetsmedvetna f\u00f6rare","publisher":{"@id":"https:\/\/com.rst-steel.eu\/#organization"},"alternateName":"Safe and stylish RST-Steel quality","potentialAction":[{"@type":"SearchAction","target":{"@type":"EntryPoint","urlTemplate":"https:\/\/com.rst-steel.eu\/?s={search_term_string}"},"query-input":{"@type":"PropertyValueSpecification","valueRequired":true,"valueName":"search_term_string"}}],"inLanguage":"sv-SE"},{"@type":"Organization","@id":"https:\/\/com.rst-steel.eu\/#organization","name":"RST-Steel Oy","url":"https:\/\/com.rst-steel.eu\/","logo":{"@type":"ImageObject","inLanguage":"sv-SE","@id":"https:\/\/com.rst-steel.eu\/#\/schema\/logo\/image\/","url":"https:\/\/com.rst-steel.eu\/wp-content\/uploads\/2023\/04\/cropped-Rst-logo-valkoinen-teksti-3.png","contentUrl":"https:\/\/com.rst-steel.eu\/wp-content\/uploads\/2023\/04\/cropped-Rst-logo-valkoinen-teksti-3.png","width":512,"height":115,"caption":"RST-Steel Oy"},"image":{"@id":"https:\/\/com.rst-steel.eu\/#\/schema\/logo\/image\/"},"sameAs":["https:\/\/www.facebook.com\/rststeel","https:\/\/www.instagram.com\/rststeeloy\/"]}]}},"brands":[{"id":8334,"name":"RST-Steel","slug":"brand_rststeel"}],"_links":{"self":[{"href":"https:\/\/com.rst-steel.eu\/sv\/wp-json\/wp\/v2\/product\/119624","targetHints":{"allow":["GET"]}}],"collection":[{"href":"https:\/\/com.rst-steel.eu\/sv\/wp-json\/wp\/v2\/product"}],"about":[{"href":"https:\/\/com.rst-steel.eu\/sv\/wp-json\/wp\/v2\/types\/product"}],"replies":[{"embeddable":true,"href":"https:\/\/com.rst-steel.eu\/sv\/wp-json\/wp\/v2\/comments?post=119624"}],"version-history":[{"count":0,"href":"https:\/\/com.rst-steel.eu\/sv\/wp-json\/wp\/v2\/product\/119624\/revisions"}],"wp:featuredmedia":[{"embeddable":true,"href":"https:\/\/com.rst-steel.eu\/sv\/wp-json\/wp\/v2\/media\/119621"}],"wp:attachment":[{"href":"https:\/\/com.rst-steel.eu\/sv\/wp-json\/wp\/v2\/media?parent=119624"}],"wp:term":[{"taxonomy":"make_fuel_type","embeddable":true,"href":"https:\/\/com.rst-steel.eu\/sv\/wp-json\/wp\/v2\/make_fuel_type?post=119624"},{"taxonomy":"make_model","embeddable":true,"href":"https:\/\/com.rst-steel.eu\/sv\/wp-json\/wp\/v2\/make_model?post=119624"},{"taxonomy":"make_brand","embeddable":true,"href":"https:\/\/com.rst-steel.eu\/sv\/wp-json\/wp\/v2\/make_brand?post=119624"},{"taxonomy":"make_year","embeddable":true,"href":"https:\/\/com.rst-steel.eu\/sv\/wp-json\/wp\/v2\/make_year?post=119624"},{"taxonomy":"pwb-brand","embeddable":true,"href":"https:\/\/com.rst-steel.eu\/sv\/wp-json\/wp\/v2\/pwb-brand?post=119624"},{"taxonomy":"product_brand","embeddable":true,"href":"https:\/\/com.rst-steel.eu\/sv\/wp-json\/wp\/v2\/product_brand?post=119624"},{"taxonomy":"product_cat","embeddable":true,"href":"https:\/\/com.rst-steel.eu\/sv\/wp-json\/wp\/v2\/product_cat?post=119624"},{"taxonomy":"product_tag","embeddable":true,"href":"https:\/\/com.rst-steel.eu\/sv\/wp-json\/wp\/v2\/product_tag?post=119624"}],"curies":[{"name":"wp","href":"https:\/\/api.w.org\/{rel}","templated":true}]}}