{"id":119068,"date":"2025-09-24T13:23:02","date_gmt":"2025-09-24T10:23:02","guid":{"rendered":"https:\/\/rst-steel.com\/product\/top-grille-volvo-fh-aero_pr_93402\/"},"modified":"2026-03-16T09:20:10","modified_gmt":"2026-03-16T06:20:10","slug":"top-grille-volvo-fh-aero_pr_93402","status":"publish","type":"product","link":"https:\/\/com.rst-steel.eu\/sv\/produkt\/top-grille-volvo-fh-aero_pr_93402\/","title":{"rendered":"Top Grille Volvo FH Aero"},"content":{"rendered":"<p>Turbo Truckparts Volvo FH Aero Top Grille<\/p>\n<p>&nbsp;<\/p>\n<p>Upgrade your Volvo FH Aero with the <span style=\"font-weight: bold;\">Turbo Truckparts Top Grille<\/span>. Made from durable <span style=\"font-weight: bold;\">polyester<\/span>, this replacement grille gives your truck a<span style=\"font-weight: bold;\"> rugged, aggressive look<\/span> while maintaining a perfect fit.<\/p>\n<p>&nbsp;<\/p>\n<ul>\n<li><span style=\"font-weight: bold;\">Perfect Match<\/span>: Designed to match seamlessly with the lower grille for a cohesive front-end appearance.<\/li>\n<li><span style=\"font-weight: bold;\">Enkel installation<\/span>: 100% plug-and-play \u2013 no modifications needed.<\/li>\n<li><span style=\"font-weight: bold;\">Durable Material:<\/span> Made from high-quality polyester for long-lasting performance and style.<\/li>\n<\/ul>","protected":false},"excerpt":{"rendered":"<p>Upgrade your Volvo FH Aero with the\u00a0<span style=\"font-weight: bold;\">Turbo Truckparts Top Grille!<\/span><\/p>","protected":false},"featured_media":119066,"comment_status":"open","ping_status":"closed","template":"","meta":{"_improvement_type_select":"improve_an_existing","_thumb_yes_seoaic":false,"_frame_yes_seoaic":false,"seoaic_generate_description":"","seoaic_improve_instructions_prompt":"","seoaic_rollback_content_improvement":"","seoaic_idea_thumbnail_generator":"","thumbnail_generated":false,"thumbnail_generate_prompt":"","seoaic_article_description":""},"make_fuel_type":[],"make_model":[6966],"make_brand":[3745],"make_year":[3748],"pwb-brand":[8336],"product_brand":[],"product_cat":[7209],"product_tag":[],"class_list":{"0":"post-119068","1":"product","2":"type-product","3":"status-publish","4":"has-post-thumbnail","6":"make_model-fh-aero","7":"make_brand-volvo","8":"make_year-trucks","9":"pwb-brand-brand_turbotruckparts","10":"product_cat-cabin-outside","11":"product_shipping_class-erikoispitka","13":"first","14":"onbackorder","15":"taxable","16":"shipping-taxable","17":"purchasable","18":"product-type-simple"},"yoast_head":"<!-- This site is optimized with the Yoast SEO plugin v25.7 - https:\/\/yoast.com\/wordpress\/plugins\/seo\/ -->\n<title>Top Grille Volvo FH Aero - RST-Steel<\/title>\n<meta name=\"description\" content=\"Top Grille for Volvo FH Aero \u2013 premium replacement grille with durable build and OEM+ design, enhancing both aerodynamics and appearance.\" \/>\n<meta name=\"robots\" content=\"index, follow, max-snippet:-1, max-image-preview:large, max-video-preview:-1\" \/>\n<link rel=\"canonical\" href=\"https:\/\/com.rst-steel.eu\/sv\/produkt\/top-grille-volvo-fh-aero_pr_93402\/\" \/>\n<meta property=\"og:locale\" content=\"sv_SE\" \/>\n<meta property=\"og:type\" content=\"article\" \/>\n<meta property=\"og:title\" content=\"Top Grille Volvo FH Aero - RST-Steel\" \/>\n<meta property=\"og:description\" content=\"Top Grille for Volvo FH Aero \u2013 premium replacement grille with durable build and OEM+ design, enhancing both aerodynamics and appearance.\" \/>\n<meta property=\"og:url\" content=\"https:\/\/com.rst-steel.eu\/sv\/produkt\/top-grille-volvo-fh-aero_pr_93402\/\" \/>\n<meta property=\"og:site_name\" content=\"RST-Steel\" \/>\n<meta property=\"article:publisher\" content=\"https:\/\/www.facebook.com\/rststeel\" \/>\n<meta property=\"article:modified_time\" content=\"2026-03-16T06:20:10+00:00\" \/>\n<meta property=\"og:image\" content=\"https:\/\/com.rst-steel.eu\/wp-content\/uploads\/2025\/09\/225e76f1eeb02809aec1dafb6bba6389f71daeab_1090_0007.jpg\" \/>\n\t<meta property=\"og:image:width\" content=\"1086\" \/>\n\t<meta property=\"og:image:height\" content=\"724\" \/>\n\t<meta property=\"og:image:type\" content=\"image\/jpeg\" \/>\n<meta name=\"twitter:card\" content=\"summary_large_image\" \/>\n<meta name=\"twitter:label1\" content=\"Ber\u00e4knad l\u00e4stid\" \/>\n\t<meta name=\"twitter:data1\" content=\"1 minut\" \/>\n<script type=\"application\/ld+json\" class=\"yoast-schema-graph\">{\"@context\":\"https:\/\/schema.org\",\"@graph\":[{\"@type\":\"WebPage\",\"@id\":\"https:\/\/com.rst-steel.eu\/sv\/produkt\/top-grille-volvo-fh-aero_pr_93402\/\",\"url\":\"https:\/\/com.rst-steel.eu\/sv\/produkt\/top-grille-volvo-fh-aero_pr_93402\/\",\"name\":\"Top Grille Volvo FH Aero - RST-Steel\",\"isPartOf\":{\"@id\":\"https:\/\/com.rst-steel.eu\/#website\"},\"primaryImageOfPage\":{\"@id\":\"https:\/\/com.rst-steel.eu\/sv\/produkt\/top-grille-volvo-fh-aero_pr_93402\/#primaryimage\"},\"image\":{\"@id\":\"https:\/\/com.rst-steel.eu\/sv\/produkt\/top-grille-volvo-fh-aero_pr_93402\/#primaryimage\"},\"thumbnailUrl\":\"https:\/\/com.rst-steel.eu\/wp-content\/uploads\/2025\/09\/225e76f1eeb02809aec1dafb6bba6389f71daeab_1090_0007.jpg\",\"datePublished\":\"2025-09-24T10:23:02+00:00\",\"dateModified\":\"2026-03-16T06:20:10+00:00\",\"description\":\"Top Grille for Volvo FH Aero \u2013 premium replacement grille with durable build and OEM+ design, enhancing both aerodynamics and appearance.\",\"breadcrumb\":{\"@id\":\"https:\/\/com.rst-steel.eu\/sv\/produkt\/top-grille-volvo-fh-aero_pr_93402\/#breadcrumb\"},\"inLanguage\":\"sv-SE\",\"potentialAction\":[{\"@type\":\"ReadAction\",\"target\":[\"https:\/\/com.rst-steel.eu\/sv\/produkt\/top-grille-volvo-fh-aero_pr_93402\/\"]}]},{\"@type\":\"ImageObject\",\"inLanguage\":\"sv-SE\",\"@id\":\"https:\/\/com.rst-steel.eu\/sv\/produkt\/top-grille-volvo-fh-aero_pr_93402\/#primaryimage\",\"url\":\"https:\/\/com.rst-steel.eu\/wp-content\/uploads\/2025\/09\/225e76f1eeb02809aec1dafb6bba6389f71daeab_1090_0007.jpg\",\"contentUrl\":\"https:\/\/com.rst-steel.eu\/wp-content\/uploads\/2025\/09\/225e76f1eeb02809aec1dafb6bba6389f71daeab_1090_0007.jpg\",\"width\":1086,\"height\":724,\"caption\":\"Top Grille Volvo FH Aero\"},{\"@type\":\"BreadcrumbList\",\"@id\":\"https:\/\/com.rst-steel.eu\/sv\/produkt\/top-grille-volvo-fh-aero_pr_93402\/#breadcrumb\",\"itemListElement\":[{\"@type\":\"ListItem\",\"position\":1,\"name\":\"Home\",\"item\":\"https:\/\/com.rst-steel.eu\/\"},{\"@type\":\"ListItem\",\"position\":2,\"name\":\"RST-Steel Shop\",\"item\":\"https:\/\/com.rst-steel.eu\/shop\/\"},{\"@type\":\"ListItem\",\"position\":3,\"name\":\"Top Grille Volvo FH Aero\"}]},{\"@type\":\"WebSite\",\"@id\":\"https:\/\/com.rst-steel.eu\/#website\",\"url\":\"https:\/\/com.rst-steel.eu\/\",\"name\":\"RST-Steel.com\",\"description\":\"Finnish quality steel, for quality-conscious drivers\",\"publisher\":{\"@id\":\"https:\/\/com.rst-steel.eu\/#organization\"},\"alternateName\":\"Safe and stylish RST-Steel quality\",\"potentialAction\":[{\"@type\":\"SearchAction\",\"target\":{\"@type\":\"EntryPoint\",\"urlTemplate\":\"https:\/\/com.rst-steel.eu\/?s={search_term_string}\"},\"query-input\":{\"@type\":\"PropertyValueSpecification\",\"valueRequired\":true,\"valueName\":\"search_term_string\"}}],\"inLanguage\":\"sv-SE\"},{\"@type\":\"Organization\",\"@id\":\"https:\/\/com.rst-steel.eu\/#organization\",\"name\":\"RST-Steel Oy\",\"url\":\"https:\/\/com.rst-steel.eu\/\",\"logo\":{\"@type\":\"ImageObject\",\"inLanguage\":\"sv-SE\",\"@id\":\"https:\/\/com.rst-steel.eu\/#\/schema\/logo\/image\/\",\"url\":\"https:\/\/com.rst-steel.eu\/wp-content\/uploads\/2023\/04\/cropped-Rst-logo-valkoinen-teksti-3.png\",\"contentUrl\":\"https:\/\/com.rst-steel.eu\/wp-content\/uploads\/2023\/04\/cropped-Rst-logo-valkoinen-teksti-3.png\",\"width\":512,\"height\":115,\"caption\":\"RST-Steel Oy\"},\"image\":{\"@id\":\"https:\/\/com.rst-steel.eu\/#\/schema\/logo\/image\/\"},\"sameAs\":[\"https:\/\/www.facebook.com\/rststeel\",\"https:\/\/www.instagram.com\/rststeeloy\/\"]}]}<\/script>\n<!-- \/ Yoast SEO plugin. -->","yoast_head_json":{"title":"Top Grille Volvo FH Aero - RST-Steel","description":"Top Grille for Volvo FH Aero \u2013 premium replacement grille with durable build and OEM+ design, enhancing both aerodynamics and appearance.","robots":{"index":"index","follow":"follow","max-snippet":"max-snippet:-1","max-image-preview":"max-image-preview:large","max-video-preview":"max-video-preview:-1"},"canonical":"https:\/\/com.rst-steel.eu\/sv\/produkt\/top-grille-volvo-fh-aero_pr_93402\/","og_locale":"sv_SE","og_type":"article","og_title":"Top Grille Volvo FH Aero - RST-Steel","og_description":"Top Grille for Volvo FH Aero \u2013 premium replacement grille with durable build and OEM+ design, enhancing both aerodynamics and appearance.","og_url":"https:\/\/com.rst-steel.eu\/sv\/produkt\/top-grille-volvo-fh-aero_pr_93402\/","og_site_name":"RST-Steel","article_publisher":"https:\/\/www.facebook.com\/rststeel","article_modified_time":"2026-03-16T06:20:10+00:00","og_image":[{"width":1086,"height":724,"url":"https:\/\/com.rst-steel.eu\/wp-content\/uploads\/2025\/09\/225e76f1eeb02809aec1dafb6bba6389f71daeab_1090_0007.jpg","type":"image\/jpeg"}],"twitter_card":"summary_large_image","twitter_misc":{"Ber\u00e4knad l\u00e4stid":"1 minut"},"schema":{"@context":"https:\/\/schema.org","@graph":[{"@type":"WebPage","@id":"https:\/\/com.rst-steel.eu\/sv\/produkt\/top-grille-volvo-fh-aero_pr_93402\/","url":"https:\/\/com.rst-steel.eu\/sv\/produkt\/top-grille-volvo-fh-aero_pr_93402\/","name":"Top Grille Volvo FH Aero - RST-Steel","isPartOf":{"@id":"https:\/\/com.rst-steel.eu\/#website"},"primaryImageOfPage":{"@id":"https:\/\/com.rst-steel.eu\/sv\/produkt\/top-grille-volvo-fh-aero_pr_93402\/#primaryimage"},"image":{"@id":"https:\/\/com.rst-steel.eu\/sv\/produkt\/top-grille-volvo-fh-aero_pr_93402\/#primaryimage"},"thumbnailUrl":"https:\/\/com.rst-steel.eu\/wp-content\/uploads\/2025\/09\/225e76f1eeb02809aec1dafb6bba6389f71daeab_1090_0007.jpg","datePublished":"2025-09-24T10:23:02+00:00","dateModified":"2026-03-16T06:20:10+00:00","description":"Top Grille for Volvo FH Aero \u2013 premium replacement grille with durable build and OEM+ design, enhancing both aerodynamics and appearance.","breadcrumb":{"@id":"https:\/\/com.rst-steel.eu\/sv\/produkt\/top-grille-volvo-fh-aero_pr_93402\/#breadcrumb"},"inLanguage":"sv-SE","potentialAction":[{"@type":"ReadAction","target":["https:\/\/com.rst-steel.eu\/sv\/produkt\/top-grille-volvo-fh-aero_pr_93402\/"]}]},{"@type":"ImageObject","inLanguage":"sv-SE","@id":"https:\/\/com.rst-steel.eu\/sv\/produkt\/top-grille-volvo-fh-aero_pr_93402\/#primaryimage","url":"https:\/\/com.rst-steel.eu\/wp-content\/uploads\/2025\/09\/225e76f1eeb02809aec1dafb6bba6389f71daeab_1090_0007.jpg","contentUrl":"https:\/\/com.rst-steel.eu\/wp-content\/uploads\/2025\/09\/225e76f1eeb02809aec1dafb6bba6389f71daeab_1090_0007.jpg","width":1086,"height":724,"caption":"Top Grille Volvo FH Aero"},{"@type":"BreadcrumbList","@id":"https:\/\/com.rst-steel.eu\/sv\/produkt\/top-grille-volvo-fh-aero_pr_93402\/#breadcrumb","itemListElement":[{"@type":"ListItem","position":1,"name":"Home","item":"https:\/\/com.rst-steel.eu\/"},{"@type":"ListItem","position":2,"name":"RST-Steel Shop","item":"https:\/\/com.rst-steel.eu\/shop\/"},{"@type":"ListItem","position":3,"name":"Top Grille Volvo FH Aero"}]},{"@type":"WebSite","@id":"https:\/\/com.rst-steel.eu\/#website","url":"https:\/\/com.rst-steel.eu\/","name":"RST-Stahl.com","description":"Finskt kvalitetsst\u00e5l, f\u00f6r kvalitetsmedvetna f\u00f6rare","publisher":{"@id":"https:\/\/com.rst-steel.eu\/#organization"},"alternateName":"Safe and stylish RST-Steel quality","potentialAction":[{"@type":"SearchAction","target":{"@type":"EntryPoint","urlTemplate":"https:\/\/com.rst-steel.eu\/?s={search_term_string}"},"query-input":{"@type":"PropertyValueSpecification","valueRequired":true,"valueName":"search_term_string"}}],"inLanguage":"sv-SE"},{"@type":"Organization","@id":"https:\/\/com.rst-steel.eu\/#organization","name":"RST-Steel Oy","url":"https:\/\/com.rst-steel.eu\/","logo":{"@type":"ImageObject","inLanguage":"sv-SE","@id":"https:\/\/com.rst-steel.eu\/#\/schema\/logo\/image\/","url":"https:\/\/com.rst-steel.eu\/wp-content\/uploads\/2023\/04\/cropped-Rst-logo-valkoinen-teksti-3.png","contentUrl":"https:\/\/com.rst-steel.eu\/wp-content\/uploads\/2023\/04\/cropped-Rst-logo-valkoinen-teksti-3.png","width":512,"height":115,"caption":"RST-Steel Oy"},"image":{"@id":"https:\/\/com.rst-steel.eu\/#\/schema\/logo\/image\/"},"sameAs":["https:\/\/www.facebook.com\/rststeel","https:\/\/www.instagram.com\/rststeeloy\/"]}]}},"brands":[{"id":8336,"name":"Turbo Truckparts","slug":"brand_turbotruckparts"}],"_links":{"self":[{"href":"https:\/\/com.rst-steel.eu\/sv\/wp-json\/wp\/v2\/product\/119068","targetHints":{"allow":["GET"]}}],"collection":[{"href":"https:\/\/com.rst-steel.eu\/sv\/wp-json\/wp\/v2\/product"}],"about":[{"href":"https:\/\/com.rst-steel.eu\/sv\/wp-json\/wp\/v2\/types\/product"}],"replies":[{"embeddable":true,"href":"https:\/\/com.rst-steel.eu\/sv\/wp-json\/wp\/v2\/comments?post=119068"}],"version-history":[{"count":0,"href":"https:\/\/com.rst-steel.eu\/sv\/wp-json\/wp\/v2\/product\/119068\/revisions"}],"wp:featuredmedia":[{"embeddable":true,"href":"https:\/\/com.rst-steel.eu\/sv\/wp-json\/wp\/v2\/media\/119066"}],"wp:attachment":[{"href":"https:\/\/com.rst-steel.eu\/sv\/wp-json\/wp\/v2\/media?parent=119068"}],"wp:term":[{"taxonomy":"make_fuel_type","embeddable":true,"href":"https:\/\/com.rst-steel.eu\/sv\/wp-json\/wp\/v2\/make_fuel_type?post=119068"},{"taxonomy":"make_model","embeddable":true,"href":"https:\/\/com.rst-steel.eu\/sv\/wp-json\/wp\/v2\/make_model?post=119068"},{"taxonomy":"make_brand","embeddable":true,"href":"https:\/\/com.rst-steel.eu\/sv\/wp-json\/wp\/v2\/make_brand?post=119068"},{"taxonomy":"make_year","embeddable":true,"href":"https:\/\/com.rst-steel.eu\/sv\/wp-json\/wp\/v2\/make_year?post=119068"},{"taxonomy":"pwb-brand","embeddable":true,"href":"https:\/\/com.rst-steel.eu\/sv\/wp-json\/wp\/v2\/pwb-brand?post=119068"},{"taxonomy":"product_brand","embeddable":true,"href":"https:\/\/com.rst-steel.eu\/sv\/wp-json\/wp\/v2\/product_brand?post=119068"},{"taxonomy":"product_cat","embeddable":true,"href":"https:\/\/com.rst-steel.eu\/sv\/wp-json\/wp\/v2\/product_cat?post=119068"},{"taxonomy":"product_tag","embeddable":true,"href":"https:\/\/com.rst-steel.eu\/sv\/wp-json\/wp\/v2\/product_tag?post=119068"}],"curies":[{"name":"wp","href":"https:\/\/api.w.org\/{rel}","templated":true}]}}