{"id":119000,"date":"2025-09-24T13:12:57","date_gmt":"2025-09-24T10:12:57","guid":{"rendered":"https:\/\/rst-steel.com\/product\/side-bars-vw-transporter-t7-2025-_prm_76760\/"},"modified":"2026-03-16T09:19:55","modified_gmt":"2026-03-16T06:19:55","slug":"side-bars-vw-transporter-t7-2025-_prm_76760","status":"publish","type":"product","link":"https:\/\/com.rst-steel.eu\/sv\/produkt\/side-bars-vw-transporter-t7-2025-_prm_76760\/","title":{"rendered":"Side Bars VW Transporter T7 2025-"},"content":{"rendered":"<p>Side Bars VW Transporter T7 2025-<\/p>\n<ul>\n<li><\/li>\n<\/ul>\n<p>&nbsp;<\/p>\n<p><span style=\"font-weight: bold;\">L\u00e4mplig f\u00f6r bilar med l\u00e5ng hjulbas (L2).<\/span><\/p>\n<ul>\n<li><\/li>\n<\/ul>\n<p><span style=\"font-weight: bold;\">\u00a0<\/span><\/p>\n<p><span style=\"font-weight: bold;\">RST-Steel\u2019s side bars<\/span>\u00a0are\u00a0<span style=\"font-weight: bold;\">Tillverkade i Finland<\/span>, crafted from high-quality stainless steel, and proudly representing Finnish quality and craftsmanship.<\/p>\n<p>De skyddande sidostolparna \u00e4r det perfekta valet f\u00f6r den som vill framh\u00e4va konturerna p\u00e5 sitt fordon. \u00c4ven om de inte \u00e4r utformade f\u00f6r att anv\u00e4ndas som fotsteg skyddar de tr\u00f6skeln effektivt mot mekaniska skador.<\/p>\n<p>These side bars feature a 60 mm diameter, combined with a hand-finished design, ensuring durability for years rather than just a single season.<\/p>\n<p>I produkten ing\u00e5r en monteringssats i rostfritt st\u00e5l som \u00e4r s\u00e4rskilt anpassad f\u00f6r din bil, tillsammans med enkla installationsanvisningar.<\/p>\n<ul>\n<li><\/li>\n<\/ul>\n<p>&nbsp;<\/p>\n<p class=\"MsoNormal\"><b>Varf\u00f6r v\u00e4lja RST-Steel?<\/b><\/p>\n<ul style=\"margin-top: 0cm;\" type=\"disc\">\n<li class=\"MsoNormal\"><b><span lang=\"EN-US\">Tillverkade i Finland<\/span><\/b><span lang=\"EN-US\">:\u00a0All RST-Steel products are manufactured in our own factory in Nivala, Finland.<\/span><\/li>\n<li class=\"MsoNormal\"><b><span lang=\"EN-US\">P\u00e5litlighet<\/span><\/b><span lang=\"EN-US\">: M\u00e5nga \u00e5rs erfarenhet och expertis s\u00e4kerst\u00e4ller den h\u00f6ga kvaliteten och h\u00e5llbarheten hos v\u00e5ra produkter.<\/span><\/li>\n<li class=\"MsoNormal\"><b><span lang=\"EN-US\">Kundtillfredsst\u00e4llelse<\/span><\/b><span lang=\"EN-US\">: Tusentals n\u00f6jda kunder \u00f6ver hela v\u00e4rlden litar p\u00e5 RST-Steel-produkter.<\/span><\/li>\n<li class=\"MsoNormal\"><span lang=\"EN-US\">\u00a0<\/span><\/li>\n<\/ul>\n<p class=\"MsoNormal\"><b>Teknisk information:<\/b><\/p>\n<ul style=\"margin-top: 0cm;\" type=\"disc\">\n<li class=\"MsoNormal\"><span lang=\"EN-US\">F\u00e4rg: Spegelpolerat rostfritt st\u00e5l eller pulverlackerat med RAL-f\u00e4rger<\/span><\/li>\n<li class=\"MsoNormal\">Pipe diameter: 60mm<\/li>\n<li class=\"MsoNormal\"><\/li>\n<\/ul>\n<p class=\"MsoNormal\"><b>Leveransinneh\u00e5ll:<\/b><\/p>\n<ul style=\"margin-top: 0cm;\" type=\"disc\">\n<li class=\"MsoNormal\">Side bars VW Transporter<\/li>\n<li class=\"MsoNormal\">Monteringsf\u00e4sten som beh\u00f6vs f\u00f6r installation<\/li>\n<li class=\"MsoNormal\">Instruktioner f\u00f6r installation<\/li>\n<\/ul>","protected":false},"excerpt":{"rendered":"<div>L\u00e4mplig f\u00f6r bilar med l\u00e5ng hjulbas (L2).<\/div>","protected":false},"featured_media":118998,"comment_status":"open","ping_status":"closed","template":"","meta":{"_improvement_type_select":"improve_an_existing","_thumb_yes_seoaic":false,"_frame_yes_seoaic":false,"seoaic_generate_description":"","seoaic_improve_instructions_prompt":"","seoaic_rollback_content_improvement":"","seoaic_idea_thumbnail_generator":"","thumbnail_generated":false,"thumbnail_generate_prompt":"","seoaic_article_description":""},"make_fuel_type":[],"make_model":[7859],"make_brand":[6622],"make_year":[6373],"pwb-brand":[8334],"product_brand":[],"product_cat":[6076,6077],"product_tag":[],"class_list":{"0":"post-119000","1":"product","2":"type-product","3":"status-publish","4":"has-post-thumbnail","6":"make_model-transporter-t7","7":"make_brand-volkswagen-van","8":"make_year-van","9":"pwb-brand-brand_rststeel","10":"product_cat-side-bars-and-side-steps","11":"product_cat-side-bars-for-vans","12":"product_shipping_class-erikoispitka","14":"first","15":"instock","16":"taxable","17":"shipping-taxable","18":"purchasable","19":"product-type-variable"},"yoast_head":"<!-- This site is optimized with the Yoast SEO plugin v25.7 - https:\/\/yoast.com\/wordpress\/plugins\/seo\/ -->\n<title>Side Bars VW Transporter T7 2025- RST-Steel<\/title>\n<meta name=\"description\" content=\"Side Bars VW Transporter T7 2025-. Durable and stylish side bars designed to upgrade the look of your van while adding extra side protection.\" \/>\n<meta name=\"robots\" content=\"index, follow, max-snippet:-1, max-image-preview:large, max-video-preview:-1\" \/>\n<link rel=\"canonical\" href=\"https:\/\/com.rst-steel.eu\/sv\/produkt\/side-bars-vw-transporter-t7-2025-_prm_76760\/\" \/>\n<meta property=\"og:locale\" content=\"sv_SE\" \/>\n<meta property=\"og:type\" content=\"article\" \/>\n<meta property=\"og:title\" content=\"Side Bars VW Transporter T7 2025- RST-Steel\" \/>\n<meta property=\"og:description\" content=\"Side Bars VW Transporter T7 2025-. Durable and stylish side bars designed to upgrade the look of your van while adding extra side protection.\" \/>\n<meta property=\"og:url\" content=\"https:\/\/com.rst-steel.eu\/sv\/produkt\/side-bars-vw-transporter-t7-2025-_prm_76760\/\" \/>\n<meta property=\"og:site_name\" content=\"RST-Steel\" \/>\n<meta property=\"article:publisher\" content=\"https:\/\/www.facebook.com\/rststeel\" \/>\n<meta property=\"article:modified_time\" content=\"2026-03-16T06:19:55+00:00\" \/>\n<meta property=\"og:image\" content=\"https:\/\/com.rst-steel.eu\/wp-content\/uploads\/2025\/09\/e82eec1a2a7613b3a0d57c8cd338eaa5845dd6cc_WhatsApp_Image_2025_06_05_at_13.54.29__1_-scaled.jpeg\" \/>\n\t<meta property=\"og:image:width\" content=\"1920\" \/>\n\t<meta property=\"og:image:height\" content=\"2560\" \/>\n\t<meta property=\"og:image:type\" content=\"image\/jpeg\" \/>\n<meta name=\"twitter:card\" content=\"summary_large_image\" \/>\n<meta name=\"twitter:label1\" content=\"Ber\u00e4knad l\u00e4stid\" \/>\n\t<meta name=\"twitter:data1\" content=\"1 minut\" \/>\n<script type=\"application\/ld+json\" class=\"yoast-schema-graph\">{\"@context\":\"https:\/\/schema.org\",\"@graph\":[{\"@type\":\"WebPage\",\"@id\":\"https:\/\/com.rst-steel.eu\/sv\/produkt\/side-bars-vw-transporter-t7-2025-_prm_76760\/\",\"url\":\"https:\/\/com.rst-steel.eu\/sv\/produkt\/side-bars-vw-transporter-t7-2025-_prm_76760\/\",\"name\":\"Side Bars VW Transporter T7 2025- RST-Steel\",\"isPartOf\":{\"@id\":\"https:\/\/com.rst-steel.eu\/#website\"},\"primaryImageOfPage\":{\"@id\":\"https:\/\/com.rst-steel.eu\/sv\/produkt\/side-bars-vw-transporter-t7-2025-_prm_76760\/#primaryimage\"},\"image\":{\"@id\":\"https:\/\/com.rst-steel.eu\/sv\/produkt\/side-bars-vw-transporter-t7-2025-_prm_76760\/#primaryimage\"},\"thumbnailUrl\":\"https:\/\/com.rst-steel.eu\/wp-content\/uploads\/2025\/09\/e82eec1a2a7613b3a0d57c8cd338eaa5845dd6cc_WhatsApp_Image_2025_06_05_at_13.54.29__1_-scaled.jpeg\",\"datePublished\":\"2025-09-24T10:12:57+00:00\",\"dateModified\":\"2026-03-16T06:19:55+00:00\",\"description\":\"Side Bars VW Transporter T7 2025-. Durable and stylish side bars designed to upgrade the look of your van while adding extra side protection.\",\"breadcrumb\":{\"@id\":\"https:\/\/com.rst-steel.eu\/sv\/produkt\/side-bars-vw-transporter-t7-2025-_prm_76760\/#breadcrumb\"},\"inLanguage\":\"sv-SE\",\"potentialAction\":[{\"@type\":\"ReadAction\",\"target\":[\"https:\/\/com.rst-steel.eu\/sv\/produkt\/side-bars-vw-transporter-t7-2025-_prm_76760\/\"]}]},{\"@type\":\"ImageObject\",\"inLanguage\":\"sv-SE\",\"@id\":\"https:\/\/com.rst-steel.eu\/sv\/produkt\/side-bars-vw-transporter-t7-2025-_prm_76760\/#primaryimage\",\"url\":\"https:\/\/com.rst-steel.eu\/wp-content\/uploads\/2025\/09\/e82eec1a2a7613b3a0d57c8cd338eaa5845dd6cc_WhatsApp_Image_2025_06_05_at_13.54.29__1_-scaled.jpeg\",\"contentUrl\":\"https:\/\/com.rst-steel.eu\/wp-content\/uploads\/2025\/09\/e82eec1a2a7613b3a0d57c8cd338eaa5845dd6cc_WhatsApp_Image_2025_06_05_at_13.54.29__1_-scaled.jpeg\",\"width\":1920,\"height\":2560,\"caption\":\"Side Bars VW Transporter T7 2025-\"},{\"@type\":\"BreadcrumbList\",\"@id\":\"https:\/\/com.rst-steel.eu\/sv\/produkt\/side-bars-vw-transporter-t7-2025-_prm_76760\/#breadcrumb\",\"itemListElement\":[{\"@type\":\"ListItem\",\"position\":1,\"name\":\"Home\",\"item\":\"https:\/\/com.rst-steel.eu\/\"},{\"@type\":\"ListItem\",\"position\":2,\"name\":\"RST-Steel Shop\",\"item\":\"https:\/\/com.rst-steel.eu\/shop\/\"},{\"@type\":\"ListItem\",\"position\":3,\"name\":\"Side Bars VW Transporter T7 2025-\"}]},{\"@type\":\"WebSite\",\"@id\":\"https:\/\/com.rst-steel.eu\/#website\",\"url\":\"https:\/\/com.rst-steel.eu\/\",\"name\":\"RST-Steel.com\",\"description\":\"Finnish quality steel, for quality-conscious drivers\",\"publisher\":{\"@id\":\"https:\/\/com.rst-steel.eu\/#organization\"},\"alternateName\":\"Safe and stylish RST-Steel quality\",\"potentialAction\":[{\"@type\":\"SearchAction\",\"target\":{\"@type\":\"EntryPoint\",\"urlTemplate\":\"https:\/\/com.rst-steel.eu\/?s={search_term_string}\"},\"query-input\":{\"@type\":\"PropertyValueSpecification\",\"valueRequired\":true,\"valueName\":\"search_term_string\"}}],\"inLanguage\":\"sv-SE\"},{\"@type\":\"Organization\",\"@id\":\"https:\/\/com.rst-steel.eu\/#organization\",\"name\":\"RST-Steel Oy\",\"url\":\"https:\/\/com.rst-steel.eu\/\",\"logo\":{\"@type\":\"ImageObject\",\"inLanguage\":\"sv-SE\",\"@id\":\"https:\/\/com.rst-steel.eu\/#\/schema\/logo\/image\/\",\"url\":\"https:\/\/com.rst-steel.eu\/wp-content\/uploads\/2023\/04\/cropped-Rst-logo-valkoinen-teksti-3.png\",\"contentUrl\":\"https:\/\/com.rst-steel.eu\/wp-content\/uploads\/2023\/04\/cropped-Rst-logo-valkoinen-teksti-3.png\",\"width\":512,\"height\":115,\"caption\":\"RST-Steel Oy\"},\"image\":{\"@id\":\"https:\/\/com.rst-steel.eu\/#\/schema\/logo\/image\/\"},\"sameAs\":[\"https:\/\/www.facebook.com\/rststeel\",\"https:\/\/www.instagram.com\/rststeeloy\/\"]}]}<\/script>\n<!-- \/ Yoast SEO plugin. -->","yoast_head_json":{"title":"Side Bars VW Transporter T7 2025- RST-Steel","description":"Side Bars VW Transporter T7 2025-. Durable and stylish side bars designed to upgrade the look of your van while adding extra side protection.","robots":{"index":"index","follow":"follow","max-snippet":"max-snippet:-1","max-image-preview":"max-image-preview:large","max-video-preview":"max-video-preview:-1"},"canonical":"https:\/\/com.rst-steel.eu\/sv\/produkt\/side-bars-vw-transporter-t7-2025-_prm_76760\/","og_locale":"sv_SE","og_type":"article","og_title":"Side Bars VW Transporter T7 2025- RST-Steel","og_description":"Side Bars VW Transporter T7 2025-. Durable and stylish side bars designed to upgrade the look of your van while adding extra side protection.","og_url":"https:\/\/com.rst-steel.eu\/sv\/produkt\/side-bars-vw-transporter-t7-2025-_prm_76760\/","og_site_name":"RST-Steel","article_publisher":"https:\/\/www.facebook.com\/rststeel","article_modified_time":"2026-03-16T06:19:55+00:00","og_image":[{"width":1920,"height":2560,"url":"https:\/\/com.rst-steel.eu\/wp-content\/uploads\/2025\/09\/e82eec1a2a7613b3a0d57c8cd338eaa5845dd6cc_WhatsApp_Image_2025_06_05_at_13.54.29__1_-scaled.jpeg","type":"image\/jpeg"}],"twitter_card":"summary_large_image","twitter_misc":{"Ber\u00e4knad l\u00e4stid":"1 minut"},"schema":{"@context":"https:\/\/schema.org","@graph":[{"@type":"WebPage","@id":"https:\/\/com.rst-steel.eu\/sv\/produkt\/side-bars-vw-transporter-t7-2025-_prm_76760\/","url":"https:\/\/com.rst-steel.eu\/sv\/produkt\/side-bars-vw-transporter-t7-2025-_prm_76760\/","name":"Side Bars VW Transporter T7 2025- RST-Steel","isPartOf":{"@id":"https:\/\/com.rst-steel.eu\/#website"},"primaryImageOfPage":{"@id":"https:\/\/com.rst-steel.eu\/sv\/produkt\/side-bars-vw-transporter-t7-2025-_prm_76760\/#primaryimage"},"image":{"@id":"https:\/\/com.rst-steel.eu\/sv\/produkt\/side-bars-vw-transporter-t7-2025-_prm_76760\/#primaryimage"},"thumbnailUrl":"https:\/\/com.rst-steel.eu\/wp-content\/uploads\/2025\/09\/e82eec1a2a7613b3a0d57c8cd338eaa5845dd6cc_WhatsApp_Image_2025_06_05_at_13.54.29__1_-scaled.jpeg","datePublished":"2025-09-24T10:12:57+00:00","dateModified":"2026-03-16T06:19:55+00:00","description":"Side Bars VW Transporter T7 2025-. Durable and stylish side bars designed to upgrade the look of your van while adding extra side protection.","breadcrumb":{"@id":"https:\/\/com.rst-steel.eu\/sv\/produkt\/side-bars-vw-transporter-t7-2025-_prm_76760\/#breadcrumb"},"inLanguage":"sv-SE","potentialAction":[{"@type":"ReadAction","target":["https:\/\/com.rst-steel.eu\/sv\/produkt\/side-bars-vw-transporter-t7-2025-_prm_76760\/"]}]},{"@type":"ImageObject","inLanguage":"sv-SE","@id":"https:\/\/com.rst-steel.eu\/sv\/produkt\/side-bars-vw-transporter-t7-2025-_prm_76760\/#primaryimage","url":"https:\/\/com.rst-steel.eu\/wp-content\/uploads\/2025\/09\/e82eec1a2a7613b3a0d57c8cd338eaa5845dd6cc_WhatsApp_Image_2025_06_05_at_13.54.29__1_-scaled.jpeg","contentUrl":"https:\/\/com.rst-steel.eu\/wp-content\/uploads\/2025\/09\/e82eec1a2a7613b3a0d57c8cd338eaa5845dd6cc_WhatsApp_Image_2025_06_05_at_13.54.29__1_-scaled.jpeg","width":1920,"height":2560,"caption":"Side Bars VW Transporter T7 2025-"},{"@type":"BreadcrumbList","@id":"https:\/\/com.rst-steel.eu\/sv\/produkt\/side-bars-vw-transporter-t7-2025-_prm_76760\/#breadcrumb","itemListElement":[{"@type":"ListItem","position":1,"name":"Home","item":"https:\/\/com.rst-steel.eu\/"},{"@type":"ListItem","position":2,"name":"RST-Steel Shop","item":"https:\/\/com.rst-steel.eu\/shop\/"},{"@type":"ListItem","position":3,"name":"Side Bars VW Transporter T7 2025-"}]},{"@type":"WebSite","@id":"https:\/\/com.rst-steel.eu\/#website","url":"https:\/\/com.rst-steel.eu\/","name":"RST-Stahl.com","description":"Finskt kvalitetsst\u00e5l, f\u00f6r kvalitetsmedvetna f\u00f6rare","publisher":{"@id":"https:\/\/com.rst-steel.eu\/#organization"},"alternateName":"Safe and stylish RST-Steel quality","potentialAction":[{"@type":"SearchAction","target":{"@type":"EntryPoint","urlTemplate":"https:\/\/com.rst-steel.eu\/?s={search_term_string}"},"query-input":{"@type":"PropertyValueSpecification","valueRequired":true,"valueName":"search_term_string"}}],"inLanguage":"sv-SE"},{"@type":"Organization","@id":"https:\/\/com.rst-steel.eu\/#organization","name":"RST-Steel Oy","url":"https:\/\/com.rst-steel.eu\/","logo":{"@type":"ImageObject","inLanguage":"sv-SE","@id":"https:\/\/com.rst-steel.eu\/#\/schema\/logo\/image\/","url":"https:\/\/com.rst-steel.eu\/wp-content\/uploads\/2023\/04\/cropped-Rst-logo-valkoinen-teksti-3.png","contentUrl":"https:\/\/com.rst-steel.eu\/wp-content\/uploads\/2023\/04\/cropped-Rst-logo-valkoinen-teksti-3.png","width":512,"height":115,"caption":"RST-Steel Oy"},"image":{"@id":"https:\/\/com.rst-steel.eu\/#\/schema\/logo\/image\/"},"sameAs":["https:\/\/www.facebook.com\/rststeel","https:\/\/www.instagram.com\/rststeeloy\/"]}]}},"brands":[{"id":8334,"name":"RST-Steel","slug":"brand_rststeel"}],"_links":{"self":[{"href":"https:\/\/com.rst-steel.eu\/sv\/wp-json\/wp\/v2\/product\/119000","targetHints":{"allow":["GET"]}}],"collection":[{"href":"https:\/\/com.rst-steel.eu\/sv\/wp-json\/wp\/v2\/product"}],"about":[{"href":"https:\/\/com.rst-steel.eu\/sv\/wp-json\/wp\/v2\/types\/product"}],"replies":[{"embeddable":true,"href":"https:\/\/com.rst-steel.eu\/sv\/wp-json\/wp\/v2\/comments?post=119000"}],"version-history":[{"count":0,"href":"https:\/\/com.rst-steel.eu\/sv\/wp-json\/wp\/v2\/product\/119000\/revisions"}],"wp:featuredmedia":[{"embeddable":true,"href":"https:\/\/com.rst-steel.eu\/sv\/wp-json\/wp\/v2\/media\/118998"}],"wp:attachment":[{"href":"https:\/\/com.rst-steel.eu\/sv\/wp-json\/wp\/v2\/media?parent=119000"}],"wp:term":[{"taxonomy":"make_fuel_type","embeddable":true,"href":"https:\/\/com.rst-steel.eu\/sv\/wp-json\/wp\/v2\/make_fuel_type?post=119000"},{"taxonomy":"make_model","embeddable":true,"href":"https:\/\/com.rst-steel.eu\/sv\/wp-json\/wp\/v2\/make_model?post=119000"},{"taxonomy":"make_brand","embeddable":true,"href":"https:\/\/com.rst-steel.eu\/sv\/wp-json\/wp\/v2\/make_brand?post=119000"},{"taxonomy":"make_year","embeddable":true,"href":"https:\/\/com.rst-steel.eu\/sv\/wp-json\/wp\/v2\/make_year?post=119000"},{"taxonomy":"pwb-brand","embeddable":true,"href":"https:\/\/com.rst-steel.eu\/sv\/wp-json\/wp\/v2\/pwb-brand?post=119000"},{"taxonomy":"product_brand","embeddable":true,"href":"https:\/\/com.rst-steel.eu\/sv\/wp-json\/wp\/v2\/product_brand?post=119000"},{"taxonomy":"product_cat","embeddable":true,"href":"https:\/\/com.rst-steel.eu\/sv\/wp-json\/wp\/v2\/product_cat?post=119000"},{"taxonomy":"product_tag","embeddable":true,"href":"https:\/\/com.rst-steel.eu\/sv\/wp-json\/wp\/v2\/product_tag?post=119000"}],"curies":[{"name":"wp","href":"https:\/\/api.w.org\/{rel}","templated":true}]}}