{"id":2010,"date":"2021-10-31T06:57:40","date_gmt":"2021-10-31T06:57:40","guid":{"rendered":"http:\/\/wp.brator.xyz\/?page_id=235"},"modified":"2026-01-21T16:48:26","modified_gmt":"2026-01-21T13:48:26","slug":"kontakta-oss","status":"publish","type":"page","link":"https:\/\/com.rst-steel.eu\/sv\/kontakta-oss\/","title":{"rendered":"Kontakta oss"},"content":{"rendered":"<div data-elementor-type=\"wp-page\" data-elementor-id=\"2010\" class=\"elementor elementor-2010\" data-elementor-post-type=\"page\">\n\t\t\t\t\t\t<section class=\"elementor-section elementor-top-section elementor-element elementor-element-2e6895d elementor-hidden-desktop elementor-hidden-laptop elementor-hidden-tablet elementor-hidden-mobile elementor-section-boxed elementor-section-height-default elementor-section-height-default\" data-id=\"2e6895d\" data-element_type=\"section\" data-e-type=\"section\">\n\t\t\t\t\t\t<div class=\"elementor-container elementor-column-gap-no\">\n\t\t\t\t\t<div class=\"elementor-column elementor-col-100 elementor-top-column elementor-element elementor-element-fb54d47\" data-id=\"fb54d47\" data-element_type=\"column\" data-e-type=\"column\">\n\t\t\t<div class=\"elementor-widget-wrap elementor-element-populated\">\n\t\t\t\t\t\t<div class=\"elementor-element elementor-element-75c4d94 brator-map elementor-widget elementor-widget-text-editor\" data-id=\"75c4d94\" data-element_type=\"widget\" data-e-type=\"widget\" data-widget_type=\"text-editor.default\">\n\t\t\t\t<div class=\"elementor-widget-container\">\n\t\t\t\t\t\t\t\t\t<div class=\"mapouter\">\n<div class=\"gmap_canvas\"><iframe id=\"gmap_canvas\" src=\"https:\/\/www.google.com\/maps\/embed?pb=!1m18!1m12!1m3!1d99775.38950349698!2d24.86694806473177!3d63.90493338972485!2m3!1f0!2f0!3f0!3m2!1i1024!2i768!4f13.1!3m3!1m2!1s0x46813869e002f531%3A0x69c124bd885b7ef3!2sRST-Steel%20Oy!5e0!3m2!1sen!2sfi!4v1666719388584!5m2!1sen!2sfi\"><\/iframe><\/div>\n<\/div>\t\t\t\t\t\t\t\t<\/div>\n\t\t\t\t<\/div>\n\t\t\t\t\t<\/div>\n\t\t<\/div>\n\t\t\t\t\t<\/div>\n\t\t<\/section>\n\t\t\t\t<section class=\"elementor-section elementor-top-section elementor-element elementor-element-3553cd3 elementor-section-boxed elementor-section-height-default elementor-section-height-default\" data-id=\"3553cd3\" data-element_type=\"section\" data-e-type=\"section\">\n\t\t\t\t\t\t<div class=\"elementor-container elementor-column-gap-default\">\n\t\t\t\t\t<div class=\"elementor-column elementor-col-100 elementor-top-column elementor-element elementor-element-50eed91\" data-id=\"50eed91\" data-element_type=\"column\" data-e-type=\"column\">\n\t\t\t<div class=\"elementor-widget-wrap elementor-element-populated\">\n\t\t\t\t\t\t<div class=\"elementor-element elementor-element-dc86690 elementor-widget elementor-widget-heading\" data-id=\"dc86690\" data-element_type=\"widget\" data-e-type=\"widget\" data-widget_type=\"heading.default\">\n\t\t\t\t<div class=\"elementor-widget-container\">\n\t\t\t\t\t<h2 class=\"elementor-heading-title elementor-size-default\">Exportf\u00f6rs\u00e4ljning<\/h2>\t\t\t\t<\/div>\n\t\t\t\t<\/div>\n\t\t\t\t\t<\/div>\n\t\t<\/div>\n\t\t\t\t\t<\/div>\n\t\t<\/section>\n\t\t\t\t<section class=\"elementor-section elementor-top-section elementor-element elementor-element-3cfb058 elementor-section-boxed elementor-section-height-default elementor-section-height-default\" data-id=\"3cfb058\" data-element_type=\"section\" data-e-type=\"section\">\n\t\t\t\t\t\t<div class=\"elementor-container elementor-column-gap-default\">\n\t\t\t\t\t<div class=\"elementor-column elementor-col-100 elementor-top-column elementor-element elementor-element-fcfad2b\" data-id=\"fcfad2b\" data-element_type=\"column\" data-e-type=\"column\">\n\t\t\t<div class=\"elementor-widget-wrap elementor-element-populated\">\n\t\t\t\t\t\t<div class=\"elementor-element elementor-element-464b4f2 elementor-widget__width-initial elementor-widget-mobile__width-inherit elementor-widget elementor-widget-text-editor\" data-id=\"464b4f2\" data-element_type=\"widget\" data-e-type=\"widget\" data-widget_type=\"text-editor.default\">\n\t\t\t\t<div class=\"elementor-widget-container\">\n\t\t\t\t\t\t\t\t\t<h3>Tomi Koskiniemi<\/h3><p>FIN \/ ENG<\/p><ul><li>\u00a0<\/li><li><a href=\"tel:+358449754373\">+358 44 975 4373<\/a><\/li><li><a href=\"mailto:tomi@rst-steel.fi\">tomi@rst-steel.fi<\/a><\/li><\/ul><p>\u00a0<\/p>\t\t\t\t\t\t\t\t<\/div>\n\t\t\t\t<\/div>\n\t\t\t\t<div class=\"elementor-element elementor-element-1f5211f elementor-widget__width-initial elementor-widget-mobile__width-inherit elementor-widget elementor-widget-text-editor\" data-id=\"1f5211f\" data-element_type=\"widget\" data-e-type=\"widget\" data-widget_type=\"text-editor.default\">\n\t\t\t\t<div class=\"elementor-widget-container\">\n\t\t\t\t\t\t\t\t\t<h3>Anton Puhakka<\/h3><p>SWE<\/p><ul><li>\u00a0<\/li><li><a href=\"tel:+46700887369\">+46 700 887 369<\/a><\/li><li><a href=\"mailto:anton@rst-steel.se\">anton@rst-steel.se<\/a><\/li><\/ul>\t\t\t\t\t\t\t\t<\/div>\n\t\t\t\t<\/div>\n\t\t\t\t<div class=\"elementor-element elementor-element-a8e215b elementor-widget__width-initial elementor-widget-mobile__width-inherit elementor-widget elementor-widget-text-editor\" data-id=\"a8e215b\" data-element_type=\"widget\" data-e-type=\"widget\" data-widget_type=\"text-editor.default\">\n\t\t\t\t<div class=\"elementor-widget-container\">\n\t\t\t\t\t\t\t\t\t<h3>Arttu Eskola<\/h3><p>FIN \/ ENG<\/p><ul><li>\u00a0<\/li><li><a href=\"tel:+358400159812\">+358 40 015 9812<\/a><\/li><li><a href=\"mailto:arttu.eskola@rst-steel.fi\">arttu.eskola@rst-steel.fi<\/a><\/li><\/ul>\t\t\t\t\t\t\t\t<\/div>\n\t\t\t\t<\/div>\n\t\t\t\t\t<\/div>\n\t\t<\/div>\n\t\t\t\t\t<\/div>\n\t\t<\/section>\n\t\t\t\t<section class=\"elementor-section elementor-top-section elementor-element elementor-element-4e72f9e elementor-section-boxed elementor-section-height-default elementor-section-height-default\" data-id=\"4e72f9e\" data-element_type=\"section\" data-e-type=\"section\">\n\t\t\t\t\t\t<div class=\"elementor-container elementor-column-gap-no\">\n\t\t\t\t\t<div class=\"elementor-column elementor-col-100 elementor-top-column elementor-element elementor-element-3491f8b\" data-id=\"3491f8b\" data-element_type=\"column\" data-e-type=\"column\">\n\t\t\t<div class=\"elementor-widget-wrap elementor-element-populated\">\n\t\t\t\t\t\t<div class=\"elementor-element elementor-element-d33f2d5 elementor-widget elementor-widget-brator_contact_us\" data-id=\"d33f2d5\" data-element_type=\"widget\" data-e-type=\"widget\" data-widget_type=\"brator_contact_us.default\">\n\t\t\t\t<div class=\"elementor-widget-container\">\n\t\t\t\t\t\t\t<div class=\"brator-contact-header-area design-one\">\r\n\t\t\t<div class=\"container-xxxl container-xxl container\">\r\n\t\t\t\t<div class=\"row\">\r\n\t\t\t\t\t<div class=\"col-md-12\">\r\n\t\t\t\t\t\t<div class=\"contact-header\">\r\n\t\t\t\t\t\t\t<h4>Kontaktuppgifter<\/h4>\r\n\t\t\t\t\t\t\t<p>Tveka inte att kontakta oss, vi hj\u00e4lper dig g\u00e4rna!<\/p>\r\n\t\t\t\t\t\t<\/div>\r\n\t\t\t\t\t<\/div>\r\n\t\t\t\t<\/div>\r\n\t\t\t<\/div>\r\n\t\t<\/div>\r\n\t\t<div class=\"brator-contact-area design-one\">\r\n\t\t\t<div class=\"container-xxxl container-xxl container\">\r\n\t\t\t\t<div class=\"row\">\r\n\t\t\t\t\t<div class=\"col-lg-5 col-12\">\r\n\t\t\t\t\t\t<div class=\"brator-contact-list-area\">\r\n\t\t\t\t\t\t\t<div class=\"brator-contact-list-header\">\r\n\t\t\t\t\t\t\t\t<h2>Information om f\u00f6retaget<\/h2>\r\n\t\t\t\t\t\t\t<\/div>\r\n\t\t\t\t\t\t\t<div class=\"brator-contact-sub-header\">\r\n\t\t\t\t\t\t\t\t<h3>Butiker<\/h3>\r\n\t\t\t\t\t\t\t<\/div>\r\n\t\t\t\t\t\t\t\t\t\t\t\t\t\t\t<div class=\"brator-contact-list-items\"><span>Pirkkala (Finland)<\/span>\r\n\t\t\t\t\t\t\t\t\t <p>Haikanvuori 3, 33960 Pirkkala<\/p>\n\n\t\t\t\t\t\t\t\t<\/div>\r\n\t\t\t\t\t\t\t\t\t\t\t\t\t\t\t\t<div class=\"brator-contact-list-items\"><span>Nivala (Finland)<\/span>\r\n\t\t\t\t\t\t\t\t\t <p>Savenvalajantie 4, 85500 Nivala\t\t\t\t\t\t\t\t<\/div>\r\n\t\t\t\t\t\t\t\t\t\t\t\t\t\t\t\t<div class=\"brator-contact-list-items\"><span>Ule\u00e5borg (Finland)<\/span>\r\n\t\t\t\t\t\t\t\t\t <p>Zatelliitintie 15 B, 90440 Kempele\t\t\t\t\t\t\t\t<\/div>\r\n\t\t\t\t\t\t\t\t\t\t\t\t\t\t\t\t<div class=\"brator-contact-list-items\"><span>Fakturering <\/span>\r\n\t\t\t\t\t\t\t\t\tMomsregistreringsnummer: FI19887684 <p>\nAdress f\u00f6r e-fakturering: 003719887684 <p>\nOperat\u00f6r: 003721291126 (Maventa)\t\t\t\t\t\t\t\t<\/div>\r\n\t\t\t\t\t\t\t\t\t\t\t\t\t\t\t<div class=\"brator-contact-list-social\">\r\n\t\t\t\t\t\t\t\t<div class=\"brator-contact-sub-header\">\r\n\t\t\t\t\t\t\t\t\t<h3>Sociala medier<\/h3>\r\n\t\t\t\t\t\t\t\t<\/div>\r\n\t\t\t\t\t\t\t\t<div class=\"brator-contact-list-social-items\">\r\n\t\t\t\t\t\t\t\t\t\r\n\t\t\t\t\t\t\t\t\t\t<a href=\"https:\/\/www.facebook.com\/rststeel\"  >\r\n\t\t\t\t\t\t\t\t\t\t\t<i aria-hidden=\"true\" class=\"fab fa-facebook\"><\/i>\t\t\t\t\t\t\t\t\t\t<\/a>\r\n\t\t\t\t\t\t\t\t\t\t\r\n\t\t\t\t\t\t\t\t\t\t<a href=\"https:\/\/www.instagram.com\/rststeeleu\/\"  >\r\n\t\t\t\t\t\t\t\t\t\t\t<i aria-hidden=\"true\" class=\"fab fa-instagram\"><\/i>\t\t\t\t\t\t\t\t\t\t<\/a>\r\n\t\t\t\t\t\t\t\t\t\t\r\n\t\t\t\t\t\t\t\t\t\t<a href=\"https:\/\/www.youtube.com\/channel\/UC20nqjNvu08AjEp2XAETl0A\"  >\r\n\t\t\t\t\t\t\t\t\t\t\t<i aria-hidden=\"true\" class=\"fab fa-youtube\"><\/i>\t\t\t\t\t\t\t\t\t\t<\/a>\r\n\t\t\t\t\t\t\t\t\t\t\r\n\t\t\t\t\t\t\t\t\t\t<a href=\"https:\/\/www.tiktok.com\/@rststeeleurope\"  >\r\n\t\t\t\t\t\t\t\t\t\t\t<i aria-hidden=\"true\" class=\"fab fa-tiktok\"><\/i>\t\t\t\t\t\t\t\t\t\t<\/a>\r\n\t\t\t\t\t\t\t\t\t\t\t\t\t\t\t\t\t\t<\/div>\r\n\t\t\t\t\t\t\t<\/div>\r\n\t\t\t\t\t\t<\/div>\r\n\t\t\t\t\t<\/div>\r\n\t\t\t\t\t<div class=\"col-lg-7 col-12\">\r\n\t\t\t\t\t\t<div class=\"brator-contact-form-area\">\r\n\t\t\t\t\t\t\t<div class=\"brator-contact-form-header\">\r\n\t\t\t\t\t\t\t\t<h2>Skicka meddelande<\/h2>\r\n\t\t\t\t\t\t\t<\/div>\r\n\t\t\t\t\t\t\t<div class=\"brator-contact-form\"><span class=\"info-text\">Information markerad med * \u00e4r obligatorisk<\/span><\/div>\r\n\t\t\t\t\t\t<\/div>\r\n\t\t\t\t\t\t<div class=\"brator-contact-form-fields\">\r\n\t\t\t\t\t\t\t<p class=\"wpcf7-contact-form-not-found\"><strong>Fel:<\/strong> Kontaktformul\u00e4r hittades inte.<\/p>\t\t\t\t\t\t<\/div>\r\n\t\t\t\t\t<\/div>\r\n\t\t\t\t<\/div>\r\n\t\t\t<\/div>\r\n\t\t<\/div>\r\n\t\t\t\t\t\t<\/div>\n\t\t\t\t<\/div>\n\t\t\t\t\t<\/div>\n\t\t<\/div>\n\t\t\t\t\t<\/div>\n\t\t<\/section>\n\t\t\t\t<\/div>","protected":false},"excerpt":{"rendered":"<p>Export Sales Tomi Koskiniemi FIN \/ ENG \u00a0 +358 44 975 4373 tomi@rst-steel.fi \u00a0 Anton Puhakka SWE \u00a0 +46 700 887 369 anton@rst-steel.se Arttu Eskola FIN \/ ENG \u00a0 +358 40 015 9812 arttu.eskola@rst-steel.fi Contact information We will be happy to serve you. Feel free to contact us! Company details Stores Pirkkala (Finland) Haikanvuori 3, [&hellip;]<\/p>","protected":false},"author":4,"featured_media":0,"parent":0,"menu_order":0,"comment_status":"closed","ping_status":"closed","template":"elementor_header_footer","meta":{"_improvement_type_select":"improve_an_existing","_thumb_yes_seoaic":false,"_frame_yes_seoaic":false,"seoaic_generate_description":"","seoaic_improve_instructions_prompt":"","seoaic_rollback_content_improvement":"","seoaic_idea_thumbnail_generator":"","thumbnail_generated":false,"thumbnail_generate_prompt":"","seoaic_article_description":"","footnotes":""},"class_list":["post-2010","page","type-page","status-publish","hentry"],"yoast_head":"<!-- This site is optimized with the Yoast SEO plugin v25.7 - https:\/\/yoast.com\/wordpress\/plugins\/seo\/ -->\n<title>Contact Us - RST-Steel<\/title>\n<meta name=\"robots\" content=\"index, follow, max-snippet:-1, max-image-preview:large, max-video-preview:-1\" \/>\n<link rel=\"canonical\" href=\"https:\/\/com.rst-steel.eu\/sv\/kontakta-oss\/\" \/>\n<meta property=\"og:locale\" content=\"sv_SE\" \/>\n<meta property=\"og:type\" content=\"article\" \/>\n<meta property=\"og:title\" content=\"Contact Us - RST-Steel\" \/>\n<meta property=\"og:description\" content=\"Export Sales Tomi Koskiniemi FIN \/ ENG \u00a0 +358 44 975 4373 tomi@rst-steel.fi \u00a0 Anton Puhakka SWE \u00a0 +46 700 887 369 anton@rst-steel.se Arttu Eskola FIN \/ ENG \u00a0 +358 40 015 9812 arttu.eskola@rst-steel.fi Contact information We will be happy to serve you. Feel free to contact us! Company details Stores Pirkkala (Finland) Haikanvuori 3, [&hellip;]\" \/>\n<meta property=\"og:url\" content=\"https:\/\/com.rst-steel.eu\/sv\/kontakta-oss\/\" \/>\n<meta property=\"og:site_name\" content=\"RST-Steel\" \/>\n<meta property=\"article:publisher\" content=\"https:\/\/www.facebook.com\/rststeel\" \/>\n<meta property=\"article:modified_time\" content=\"2026-01-21T13:48:26+00:00\" \/>\n<meta name=\"twitter:card\" content=\"summary_large_image\" \/>\n<meta name=\"twitter:label1\" content=\"Ber\u00e4knad l\u00e4stid\" \/>\n\t<meta name=\"twitter:data1\" content=\"1 minut\" \/>\n<script type=\"application\/ld+json\" class=\"yoast-schema-graph\">{\"@context\":\"https:\/\/schema.org\",\"@graph\":[{\"@type\":\"WebPage\",\"@id\":\"https:\/\/com.rst-steel.eu\/contact-us\/\",\"url\":\"https:\/\/com.rst-steel.eu\/contact-us\/\",\"name\":\"Contact Us - RST-Steel\",\"isPartOf\":{\"@id\":\"https:\/\/com.rst-steel.eu\/#website\"},\"datePublished\":\"2021-10-31T06:57:40+00:00\",\"dateModified\":\"2026-01-21T13:48:26+00:00\",\"breadcrumb\":{\"@id\":\"https:\/\/com.rst-steel.eu\/contact-us\/#breadcrumb\"},\"inLanguage\":\"sv-SE\",\"potentialAction\":[{\"@type\":\"ReadAction\",\"target\":[\"https:\/\/com.rst-steel.eu\/contact-us\/\"]}]},{\"@type\":\"BreadcrumbList\",\"@id\":\"https:\/\/com.rst-steel.eu\/contact-us\/#breadcrumb\",\"itemListElement\":[{\"@type\":\"ListItem\",\"position\":1,\"name\":\"Home\",\"item\":\"https:\/\/com.rst-steel.eu\/\"},{\"@type\":\"ListItem\",\"position\":2,\"name\":\"Contact Us\"}]},{\"@type\":\"WebSite\",\"@id\":\"https:\/\/com.rst-steel.eu\/#website\",\"url\":\"https:\/\/com.rst-steel.eu\/\",\"name\":\"RST-Steel.com\",\"description\":\"Finnish quality steel, for quality-conscious drivers\",\"publisher\":{\"@id\":\"https:\/\/com.rst-steel.eu\/#organization\"},\"alternateName\":\"Safe and stylish RST-Steel quality\",\"potentialAction\":[{\"@type\":\"SearchAction\",\"target\":{\"@type\":\"EntryPoint\",\"urlTemplate\":\"https:\/\/com.rst-steel.eu\/?s={search_term_string}\"},\"query-input\":{\"@type\":\"PropertyValueSpecification\",\"valueRequired\":true,\"valueName\":\"search_term_string\"}}],\"inLanguage\":\"sv-SE\"},{\"@type\":\"Organization\",\"@id\":\"https:\/\/com.rst-steel.eu\/#organization\",\"name\":\"RST-Steel Oy\",\"url\":\"https:\/\/com.rst-steel.eu\/\",\"logo\":{\"@type\":\"ImageObject\",\"inLanguage\":\"sv-SE\",\"@id\":\"https:\/\/com.rst-steel.eu\/#\/schema\/logo\/image\/\",\"url\":\"https:\/\/com.rst-steel.eu\/wp-content\/uploads\/2023\/04\/cropped-Rst-logo-valkoinen-teksti-3.png\",\"contentUrl\":\"https:\/\/com.rst-steel.eu\/wp-content\/uploads\/2023\/04\/cropped-Rst-logo-valkoinen-teksti-3.png\",\"width\":512,\"height\":115,\"caption\":\"RST-Steel Oy\"},\"image\":{\"@id\":\"https:\/\/com.rst-steel.eu\/#\/schema\/logo\/image\/\"},\"sameAs\":[\"https:\/\/www.facebook.com\/rststeel\",\"https:\/\/www.instagram.com\/rststeeloy\/\"]}]}<\/script>\n<!-- \/ Yoast SEO plugin. -->","yoast_head_json":{"title":"Kontakta oss - RST-Steel","robots":{"index":"index","follow":"follow","max-snippet":"max-snippet:-1","max-image-preview":"max-image-preview:large","max-video-preview":"max-video-preview:-1"},"canonical":"https:\/\/com.rst-steel.eu\/sv\/kontakta-oss\/","og_locale":"sv_SE","og_type":"article","og_title":"Contact Us - RST-Steel","og_description":"Export Sales Tomi Koskiniemi FIN \/ ENG \u00a0 +358 44 975 4373 tomi@rst-steel.fi \u00a0 Anton Puhakka SWE \u00a0 +46 700 887 369 anton@rst-steel.se Arttu Eskola FIN \/ ENG \u00a0 +358 40 015 9812 arttu.eskola@rst-steel.fi Contact information We will be happy to serve you. Feel free to contact us! Company details Stores Pirkkala (Finland) Haikanvuori 3, [&hellip;]","og_url":"https:\/\/com.rst-steel.eu\/sv\/kontakta-oss\/","og_site_name":"RST-Steel","article_publisher":"https:\/\/www.facebook.com\/rststeel","article_modified_time":"2026-01-21T13:48:26+00:00","twitter_card":"summary_large_image","twitter_misc":{"Ber\u00e4knad l\u00e4stid":"1 minut"},"schema":{"@context":"https:\/\/schema.org","@graph":[{"@type":"WebPage","@id":"https:\/\/com.rst-steel.eu\/contact-us\/","url":"https:\/\/com.rst-steel.eu\/contact-us\/","name":"Kontakta oss - RST-Steel","isPartOf":{"@id":"https:\/\/com.rst-steel.eu\/#website"},"datePublished":"2021-10-31T06:57:40+00:00","dateModified":"2026-01-21T13:48:26+00:00","breadcrumb":{"@id":"https:\/\/com.rst-steel.eu\/contact-us\/#breadcrumb"},"inLanguage":"sv-SE","potentialAction":[{"@type":"ReadAction","target":["https:\/\/com.rst-steel.eu\/contact-us\/"]}]},{"@type":"BreadcrumbList","@id":"https:\/\/com.rst-steel.eu\/contact-us\/#breadcrumb","itemListElement":[{"@type":"ListItem","position":1,"name":"Home","item":"https:\/\/com.rst-steel.eu\/"},{"@type":"ListItem","position":2,"name":"Contact Us"}]},{"@type":"WebSite","@id":"https:\/\/com.rst-steel.eu\/#website","url":"https:\/\/com.rst-steel.eu\/","name":"RST-Stahl.com","description":"Finskt kvalitetsst\u00e5l, f\u00f6r kvalitetsmedvetna f\u00f6rare","publisher":{"@id":"https:\/\/com.rst-steel.eu\/#organization"},"alternateName":"Safe and stylish RST-Steel quality","potentialAction":[{"@type":"SearchAction","target":{"@type":"EntryPoint","urlTemplate":"https:\/\/com.rst-steel.eu\/?s={search_term_string}"},"query-input":{"@type":"PropertyValueSpecification","valueRequired":true,"valueName":"search_term_string"}}],"inLanguage":"sv-SE"},{"@type":"Organization","@id":"https:\/\/com.rst-steel.eu\/#organization","name":"RST-Steel Oy","url":"https:\/\/com.rst-steel.eu\/","logo":{"@type":"ImageObject","inLanguage":"sv-SE","@id":"https:\/\/com.rst-steel.eu\/#\/schema\/logo\/image\/","url":"https:\/\/com.rst-steel.eu\/wp-content\/uploads\/2023\/04\/cropped-Rst-logo-valkoinen-teksti-3.png","contentUrl":"https:\/\/com.rst-steel.eu\/wp-content\/uploads\/2023\/04\/cropped-Rst-logo-valkoinen-teksti-3.png","width":512,"height":115,"caption":"RST-Steel Oy"},"image":{"@id":"https:\/\/com.rst-steel.eu\/#\/schema\/logo\/image\/"},"sameAs":["https:\/\/www.facebook.com\/rststeel","https:\/\/www.instagram.com\/rststeeloy\/"]}]}},"_links":{"self":[{"href":"https:\/\/com.rst-steel.eu\/sv\/wp-json\/wp\/v2\/pages\/2010","targetHints":{"allow":["GET"]}}],"collection":[{"href":"https:\/\/com.rst-steel.eu\/sv\/wp-json\/wp\/v2\/pages"}],"about":[{"href":"https:\/\/com.rst-steel.eu\/sv\/wp-json\/wp\/v2\/types\/page"}],"author":[{"embeddable":true,"href":"https:\/\/com.rst-steel.eu\/sv\/wp-json\/wp\/v2\/users\/4"}],"replies":[{"embeddable":true,"href":"https:\/\/com.rst-steel.eu\/sv\/wp-json\/wp\/v2\/comments?post=2010"}],"version-history":[{"count":0,"href":"https:\/\/com.rst-steel.eu\/sv\/wp-json\/wp\/v2\/pages\/2010\/revisions"}],"wp:attachment":[{"href":"https:\/\/com.rst-steel.eu\/sv\/wp-json\/wp\/v2\/media?parent=2010"}],"curies":[{"name":"wp","href":"https:\/\/api.w.org\/{rel}","templated":true}]}}