{"id":53283,"date":"2025-09-10T12:08:47","date_gmt":"2025-09-10T09:08:47","guid":{"rendered":"https:\/\/rst-steel.com\/product\/lisavalo-ozz-xb1-p20_prm_77791\/"},"modified":"2026-03-16T09:20:11","modified_gmt":"2026-03-16T06:20:11","slug":"auxiliary-light-ozz-xb1-p20_prm_77791","status":"publish","type":"product","link":"https:\/\/com.rst-steel.eu\/nb\/produkt\/auxiliary-light-ozz-xb1-p20_prm_77791\/","title":{"rendered":"Auxiliary Light OZZ XB1 P20&#8243;"},"content":{"rendered":"<p><strong>Auxiliary Light OZZ XB1 P20&#8243;<\/strong><\/p>\n<ul>\n<li>&nbsp;<\/li>\n<\/ul>\n<p><span style=\"font-weight: bold\">OZZ XB1 P20<\/span>&nbsp;LED Light Bar combines sleek design with outstanding visibility. The 544 mm wide panel delivers bright, wide-range illumination, enhancing driving safety both on highways and in demanding off-road conditions.<\/p>\n<ul>\n<li>&nbsp;<\/li>\n<\/ul>\n<p>A stainless-steel bracket, aluminum frame, and polycarbonate lens ensure long-lasting durability.<\/p>\n<ul>\n<li>&nbsp;<\/li>\n<\/ul>\n<p><span style=\"font-weight: bold\">Tekniske spesifikasjoner:<\/span><\/p>\n<ul>\n<li>OZZ XB1 P20\u2033 Black<\/li>\n<li>4900 lm | Boost: 7000 lm<\/li>\n<li>Beam distance (1 Lux): 480 m | Boost: 610 m<\/li>\n<li>Color temperature: 5000 K<\/li>\n<li>Power consumption at 13.7V: 5.62 A | Boost: 7.15 A<\/li>\n<li>Operating voltage: 10\u201332V<\/li>\n<li>Power: 77 W | Boost: 98 W<\/li>\n<li>Ref: 50<\/li>\n<li>Position light: White &amp; Amber<\/li>\n<li>Road approved: Yes<\/li>\n<li>Certifications: R112, R7, ECE R10<\/li>\n<li>IP rating: IP68 \/ IP69K<\/li>\n<li>Connector type: Deutsch DT 4-pin<\/li>\n<li>Cable length: 70 cm<\/li>\n<li>Dimensions (W x H x D): 544.00 \u00d7 50.30 \u00d7 81.00 mm<\/li>\n<li>Height with bracket: 64.60 mm<\/li>\n<li>Weight: 1.6 kg<\/li>\n<li>LEDs: 14 \u00d7 LED<\/li>\n<\/ul>","protected":false},"excerpt":{"rendered":"<p>Powerful OZZ XB1 P20&#8243; auxiliary light<\/p>","protected":false},"featured_media":53279,"comment_status":"open","ping_status":"closed","template":"","meta":{"_improvement_type_select":"improve_an_existing","_thumb_yes_seoaic":false,"_frame_yes_seoaic":false,"seoaic_generate_description":"","seoaic_improve_instructions_prompt":"","seoaic_rollback_content_improvement":"","seoaic_idea_thumbnail_generator":"","thumbnail_generated":false,"thumbnail_generate_prompt":"","seoaic_article_description":""},"make_fuel_type":[],"make_model":[],"make_brand":[],"make_year":[],"pwb-brand":[8337],"product_brand":[],"product_cat":[8223,6195,6209],"product_tag":[8498,8495],"class_list":{"0":"post-53283","1":"product","2":"type-product","3":"status-publish","4":"has-post-thumbnail","6":"pwb-brand-brand_ozz","7":"product_cat-rstozz","8":"product_cat-lamps","9":"product_cat-auxiliary-lights","10":"product_tag-auxiliary-light","11":"product_tag-ozz","13":"first","14":"instock","15":"taxable","16":"shipping-taxable","17":"purchasable","18":"product-type-variable"},"yoast_head":"<!-- This site is optimized with the Yoast SEO plugin v25.7 - https:\/\/yoast.com\/wordpress\/plugins\/seo\/ -->\n<title>Auxiliary Light OZZ XB1 P20&quot; - RST-Steel<\/title>\n<meta name=\"description\" content=\"Auxiliary Light OZZ XB1 P20 LED auxiliary light with sleek design and powerful wide beam. Road approved, durable build, perfect for on-road and off-road use\" \/>\n<meta name=\"robots\" content=\"index, follow, max-snippet:-1, max-image-preview:large, max-video-preview:-1\" \/>\n<link rel=\"canonical\" href=\"https:\/\/com.rst-steel.eu\/nb\/produkt\/auxiliary-light-ozz-xb1-p20_prm_77791\/\" \/>\n<meta property=\"og:locale\" content=\"nb_NO\" \/>\n<meta property=\"og:type\" content=\"article\" \/>\n<meta property=\"og:title\" content=\"Auxiliary Light OZZ XB1 P20&quot; - RST-Steel\" \/>\n<meta property=\"og:description\" content=\"Auxiliary Light OZZ XB1 P20 LED auxiliary light with sleek design and powerful wide beam. Road approved, durable build, perfect for on-road and off-road use\" \/>\n<meta property=\"og:url\" content=\"https:\/\/com.rst-steel.eu\/nb\/produkt\/auxiliary-light-ozz-xb1-p20_prm_77791\/\" \/>\n<meta property=\"og:site_name\" content=\"RST-Steel\" \/>\n<meta property=\"article:publisher\" content=\"https:\/\/www.facebook.com\/rststeel\" \/>\n<meta property=\"article:modified_time\" content=\"2026-03-16T06:20:11+00:00\" \/>\n<meta property=\"og:image\" content=\"https:\/\/com.rst-steel.eu\/wp-content\/uploads\/2025\/09\/79f2f4fa2e62a781ba2876aa95fc3ee0b9bbe1c6_6012_0209.jpg\" \/>\n\t<meta property=\"og:image:width\" content=\"888\" \/>\n\t<meta property=\"og:image:height\" content=\"887\" \/>\n\t<meta property=\"og:image:type\" content=\"image\/jpeg\" \/>\n<meta name=\"twitter:card\" content=\"summary_large_image\" \/>\n<meta name=\"twitter:label1\" content=\"Ansl. lesetid\" \/>\n\t<meta name=\"twitter:data1\" content=\"1 minutt\" \/>\n<script type=\"application\/ld+json\" class=\"yoast-schema-graph\">{\"@context\":\"https:\/\/schema.org\",\"@graph\":[{\"@type\":\"WebPage\",\"@id\":\"https:\/\/com.rst-steel.eu\/product\/auxiliary-light-ozz-xb1-p20_prm_77791\/\",\"url\":\"https:\/\/com.rst-steel.eu\/product\/auxiliary-light-ozz-xb1-p20_prm_77791\/\",\"name\":\"Auxiliary Light OZZ XB1 P20\\\" - RST-Steel\",\"isPartOf\":{\"@id\":\"https:\/\/com.rst-steel.eu\/#website\"},\"primaryImageOfPage\":{\"@id\":\"https:\/\/com.rst-steel.eu\/product\/auxiliary-light-ozz-xb1-p20_prm_77791\/#primaryimage\"},\"image\":{\"@id\":\"https:\/\/com.rst-steel.eu\/product\/auxiliary-light-ozz-xb1-p20_prm_77791\/#primaryimage\"},\"thumbnailUrl\":\"https:\/\/com.rst-steel.eu\/wp-content\/uploads\/2025\/09\/79f2f4fa2e62a781ba2876aa95fc3ee0b9bbe1c6_6012_0209.jpg\",\"datePublished\":\"2025-09-10T09:08:47+00:00\",\"dateModified\":\"2026-03-16T06:20:11+00:00\",\"description\":\"Auxiliary Light OZZ XB1 P20 LED auxiliary light with sleek design and powerful wide beam. Road approved, durable build, perfect for on-road and off-road use\",\"breadcrumb\":{\"@id\":\"https:\/\/com.rst-steel.eu\/product\/auxiliary-light-ozz-xb1-p20_prm_77791\/#breadcrumb\"},\"inLanguage\":\"nb-NO\",\"potentialAction\":[{\"@type\":\"ReadAction\",\"target\":[\"https:\/\/com.rst-steel.eu\/product\/auxiliary-light-ozz-xb1-p20_prm_77791\/\"]}]},{\"@type\":\"ImageObject\",\"inLanguage\":\"nb-NO\",\"@id\":\"https:\/\/com.rst-steel.eu\/product\/auxiliary-light-ozz-xb1-p20_prm_77791\/#primaryimage\",\"url\":\"https:\/\/com.rst-steel.eu\/wp-content\/uploads\/2025\/09\/79f2f4fa2e62a781ba2876aa95fc3ee0b9bbe1c6_6012_0209.jpg\",\"contentUrl\":\"https:\/\/com.rst-steel.eu\/wp-content\/uploads\/2025\/09\/79f2f4fa2e62a781ba2876aa95fc3ee0b9bbe1c6_6012_0209.jpg\",\"width\":888,\"height\":887,\"caption\":\"Auxiliary Light OZZ XB1 P20\\\"\"},{\"@type\":\"BreadcrumbList\",\"@id\":\"https:\/\/com.rst-steel.eu\/product\/auxiliary-light-ozz-xb1-p20_prm_77791\/#breadcrumb\",\"itemListElement\":[{\"@type\":\"ListItem\",\"position\":1,\"name\":\"Home\",\"item\":\"https:\/\/com.rst-steel.eu\/\"},{\"@type\":\"ListItem\",\"position\":2,\"name\":\"RST-Steel Shop\",\"item\":\"https:\/\/com.rst-steel.eu\/shop\/\"},{\"@type\":\"ListItem\",\"position\":3,\"name\":\"Auxiliary Light OZZ XB1 P20&#8243;\"}]},{\"@type\":\"WebSite\",\"@id\":\"https:\/\/com.rst-steel.eu\/#website\",\"url\":\"https:\/\/com.rst-steel.eu\/\",\"name\":\"RST-Steel.com\",\"description\":\"Finnish quality steel, for quality-conscious drivers\",\"publisher\":{\"@id\":\"https:\/\/com.rst-steel.eu\/#organization\"},\"alternateName\":\"Safe and stylish RST-Steel quality\",\"potentialAction\":[{\"@type\":\"SearchAction\",\"target\":{\"@type\":\"EntryPoint\",\"urlTemplate\":\"https:\/\/com.rst-steel.eu\/?s={search_term_string}\"},\"query-input\":{\"@type\":\"PropertyValueSpecification\",\"valueRequired\":true,\"valueName\":\"search_term_string\"}}],\"inLanguage\":\"nb-NO\"},{\"@type\":\"Organization\",\"@id\":\"https:\/\/com.rst-steel.eu\/#organization\",\"name\":\"RST-Steel Oy\",\"url\":\"https:\/\/com.rst-steel.eu\/\",\"logo\":{\"@type\":\"ImageObject\",\"inLanguage\":\"nb-NO\",\"@id\":\"https:\/\/com.rst-steel.eu\/#\/schema\/logo\/image\/\",\"url\":\"https:\/\/com.rst-steel.eu\/wp-content\/uploads\/2023\/04\/cropped-Rst-logo-valkoinen-teksti-3.png\",\"contentUrl\":\"https:\/\/com.rst-steel.eu\/wp-content\/uploads\/2023\/04\/cropped-Rst-logo-valkoinen-teksti-3.png\",\"width\":512,\"height\":115,\"caption\":\"RST-Steel Oy\"},\"image\":{\"@id\":\"https:\/\/com.rst-steel.eu\/#\/schema\/logo\/image\/\"},\"sameAs\":[\"https:\/\/www.facebook.com\/rststeel\",\"https:\/\/www.instagram.com\/rststeeloy\/\"]}]}<\/script>\n<!-- \/ Yoast SEO plugin. -->","yoast_head_json":{"title":"Auxiliary Light OZZ XB1 P20\" - RST-Steel","description":"Auxiliary Light OZZ XB1 P20 LED auxiliary light with sleek design and powerful wide beam. Road approved, durable build, perfect for on-road and off-road use","robots":{"index":"index","follow":"follow","max-snippet":"max-snippet:-1","max-image-preview":"max-image-preview:large","max-video-preview":"max-video-preview:-1"},"canonical":"https:\/\/com.rst-steel.eu\/nb\/produkt\/auxiliary-light-ozz-xb1-p20_prm_77791\/","og_locale":"nb_NO","og_type":"article","og_title":"Auxiliary Light OZZ XB1 P20\" - RST-Steel","og_description":"Auxiliary Light OZZ XB1 P20 LED auxiliary light with sleek design and powerful wide beam. Road approved, durable build, perfect for on-road and off-road use","og_url":"https:\/\/com.rst-steel.eu\/nb\/produkt\/auxiliary-light-ozz-xb1-p20_prm_77791\/","og_site_name":"RST-Steel","article_publisher":"https:\/\/www.facebook.com\/rststeel","article_modified_time":"2026-03-16T06:20:11+00:00","og_image":[{"width":888,"height":887,"url":"https:\/\/com.rst-steel.eu\/wp-content\/uploads\/2025\/09\/79f2f4fa2e62a781ba2876aa95fc3ee0b9bbe1c6_6012_0209.jpg","type":"image\/jpeg"}],"twitter_card":"summary_large_image","twitter_misc":{"Ansl. lesetid":"1 minutt"},"schema":{"@context":"https:\/\/schema.org","@graph":[{"@type":"WebPage","@id":"https:\/\/com.rst-steel.eu\/product\/auxiliary-light-ozz-xb1-p20_prm_77791\/","url":"https:\/\/com.rst-steel.eu\/product\/auxiliary-light-ozz-xb1-p20_prm_77791\/","name":"Auxiliary Light OZZ XB1 P20\" - RST-Steel","isPartOf":{"@id":"https:\/\/com.rst-steel.eu\/#website"},"primaryImageOfPage":{"@id":"https:\/\/com.rst-steel.eu\/product\/auxiliary-light-ozz-xb1-p20_prm_77791\/#primaryimage"},"image":{"@id":"https:\/\/com.rst-steel.eu\/product\/auxiliary-light-ozz-xb1-p20_prm_77791\/#primaryimage"},"thumbnailUrl":"https:\/\/com.rst-steel.eu\/wp-content\/uploads\/2025\/09\/79f2f4fa2e62a781ba2876aa95fc3ee0b9bbe1c6_6012_0209.jpg","datePublished":"2025-09-10T09:08:47+00:00","dateModified":"2026-03-16T06:20:11+00:00","description":"Auxiliary Light OZZ XB1 P20 LED auxiliary light with sleek design and powerful wide beam. Road approved, durable build, perfect for on-road and off-road use","breadcrumb":{"@id":"https:\/\/com.rst-steel.eu\/product\/auxiliary-light-ozz-xb1-p20_prm_77791\/#breadcrumb"},"inLanguage":"nb-NO","potentialAction":[{"@type":"ReadAction","target":["https:\/\/com.rst-steel.eu\/product\/auxiliary-light-ozz-xb1-p20_prm_77791\/"]}]},{"@type":"ImageObject","inLanguage":"nb-NO","@id":"https:\/\/com.rst-steel.eu\/product\/auxiliary-light-ozz-xb1-p20_prm_77791\/#primaryimage","url":"https:\/\/com.rst-steel.eu\/wp-content\/uploads\/2025\/09\/79f2f4fa2e62a781ba2876aa95fc3ee0b9bbe1c6_6012_0209.jpg","contentUrl":"https:\/\/com.rst-steel.eu\/wp-content\/uploads\/2025\/09\/79f2f4fa2e62a781ba2876aa95fc3ee0b9bbe1c6_6012_0209.jpg","width":888,"height":887,"caption":"Auxiliary Light OZZ XB1 P20\""},{"@type":"BreadcrumbList","@id":"https:\/\/com.rst-steel.eu\/product\/auxiliary-light-ozz-xb1-p20_prm_77791\/#breadcrumb","itemListElement":[{"@type":"ListItem","position":1,"name":"Home","item":"https:\/\/com.rst-steel.eu\/"},{"@type":"ListItem","position":2,"name":"RST-Steel Shop","item":"https:\/\/com.rst-steel.eu\/shop\/"},{"@type":"ListItem","position":3,"name":"Auxiliary Light OZZ XB1 P20&#8243;"}]},{"@type":"WebSite","@id":"https:\/\/com.rst-steel.eu\/#website","url":"https:\/\/com.rst-steel.eu\/","name":"RST-Steel.com","description":"Finsk kvalitetsst\u00e5l, for kvalitetsbevisste sj\u00e5f\u00f8rer","publisher":{"@id":"https:\/\/com.rst-steel.eu\/#organization"},"alternateName":"Safe and stylish RST-Steel quality","potentialAction":[{"@type":"SearchAction","target":{"@type":"EntryPoint","urlTemplate":"https:\/\/com.rst-steel.eu\/?s={search_term_string}"},"query-input":{"@type":"PropertyValueSpecification","valueRequired":true,"valueName":"search_term_string"}}],"inLanguage":"nb-NO"},{"@type":"Organization","@id":"https:\/\/com.rst-steel.eu\/#organization","name":"RST-Steel Oy","url":"https:\/\/com.rst-steel.eu\/","logo":{"@type":"ImageObject","inLanguage":"nb-NO","@id":"https:\/\/com.rst-steel.eu\/#\/schema\/logo\/image\/","url":"https:\/\/com.rst-steel.eu\/wp-content\/uploads\/2023\/04\/cropped-Rst-logo-valkoinen-teksti-3.png","contentUrl":"https:\/\/com.rst-steel.eu\/wp-content\/uploads\/2023\/04\/cropped-Rst-logo-valkoinen-teksti-3.png","width":512,"height":115,"caption":"RST-Steel Oy"},"image":{"@id":"https:\/\/com.rst-steel.eu\/#\/schema\/logo\/image\/"},"sameAs":["https:\/\/www.facebook.com\/rststeel","https:\/\/www.instagram.com\/rststeeloy\/"]}]}},"brands":[{"id":8337,"name":"OZZ","slug":"brand_ozz"}],"_links":{"self":[{"href":"https:\/\/com.rst-steel.eu\/nb\/wp-json\/wp\/v2\/product\/53283","targetHints":{"allow":["GET"]}}],"collection":[{"href":"https:\/\/com.rst-steel.eu\/nb\/wp-json\/wp\/v2\/product"}],"about":[{"href":"https:\/\/com.rst-steel.eu\/nb\/wp-json\/wp\/v2\/types\/product"}],"replies":[{"embeddable":true,"href":"https:\/\/com.rst-steel.eu\/nb\/wp-json\/wp\/v2\/comments?post=53283"}],"version-history":[{"count":0,"href":"https:\/\/com.rst-steel.eu\/nb\/wp-json\/wp\/v2\/product\/53283\/revisions"}],"wp:featuredmedia":[{"embeddable":true,"href":"https:\/\/com.rst-steel.eu\/nb\/wp-json\/wp\/v2\/media\/53279"}],"wp:attachment":[{"href":"https:\/\/com.rst-steel.eu\/nb\/wp-json\/wp\/v2\/media?parent=53283"}],"wp:term":[{"taxonomy":"make_fuel_type","embeddable":true,"href":"https:\/\/com.rst-steel.eu\/nb\/wp-json\/wp\/v2\/make_fuel_type?post=53283"},{"taxonomy":"make_model","embeddable":true,"href":"https:\/\/com.rst-steel.eu\/nb\/wp-json\/wp\/v2\/make_model?post=53283"},{"taxonomy":"make_brand","embeddable":true,"href":"https:\/\/com.rst-steel.eu\/nb\/wp-json\/wp\/v2\/make_brand?post=53283"},{"taxonomy":"make_year","embeddable":true,"href":"https:\/\/com.rst-steel.eu\/nb\/wp-json\/wp\/v2\/make_year?post=53283"},{"taxonomy":"pwb-brand","embeddable":true,"href":"https:\/\/com.rst-steel.eu\/nb\/wp-json\/wp\/v2\/pwb-brand?post=53283"},{"taxonomy":"product_brand","embeddable":true,"href":"https:\/\/com.rst-steel.eu\/nb\/wp-json\/wp\/v2\/product_brand?post=53283"},{"taxonomy":"product_cat","embeddable":true,"href":"https:\/\/com.rst-steel.eu\/nb\/wp-json\/wp\/v2\/product_cat?post=53283"},{"taxonomy":"product_tag","embeddable":true,"href":"https:\/\/com.rst-steel.eu\/nb\/wp-json\/wp\/v2\/product_tag?post=53283"}],"curies":[{"name":"wp","href":"https:\/\/api.w.org\/{rel}","templated":true}]}}