{"id":53191,"date":"2025-09-05T12:19:09","date_gmt":"2025-09-05T09:19:09","guid":{"rendered":"https:\/\/rst-steel.com\/product\/auxiliary-light-ozz-xr3-p9-arctic-edition_pr_92446\/"},"modified":"2026-03-16T09:20:05","modified_gmt":"2026-03-16T06:20:05","slug":"auxiliary-light-ozz-xr3-p9-arctic-edition_pr_92446","status":"publish","type":"product","link":"https:\/\/com.rst-steel.eu\/nb\/produkt\/auxiliary-light-ozz-xr3-p9-arctic-edition_pr_92446\/","title":{"rendered":"Auxiliary light OZZ XR3 P9 Arctic Edition"},"content":{"rendered":"<p><strong>Auxiliary light OZZ XR3 P9 Arctic Edition<\/strong><\/p>\n<ul>\n<li>\n<\/li>\n<\/ul>\n<p>OZZ XR3 P9 Arctic Edition is powerful auxiliary light designed with both technology and design in mind. In addition to its modern and stylish appearance, the light features a sleek dynamic position light, with selectable color \u2013 either white or amber.<\/p>\n<ul>\n<li>\n<\/li>\n<\/ul>\n<p>The driving beam pattern provides a wide and effective illumination, making it suitable for versatile driving conditions. On top of that, the light includes an E-Boost function, which increases the light output up to 10,600 lumens.<\/p>\n<ul>\n<li>\n<\/li>\n<\/ul>\n<p><span style=\"font-weight: bold\">Tekniske spesifikasjoner:<\/span><\/p>\n<ul>\n<li>Dynamic position light<\/li>\n<li>Position light color: amber or white<\/li>\n<li>Measured output: 7010 lm \/ (10,600 lm with Boost function)<\/li>\n<li>1 lux @ 454 m (680 m with Boost function)<\/li>\n<li>Color temperature: 5000K<\/li>\n<li>Effekt: 130 W<\/li>\n<li>4-pin DT connector<\/li>\n<li>Ref: 50<\/li>\n<li>Approvals and classifications: ECE R10, ECE R7, ECE R112, IP69K<\/li>\n<li>9\u201d LED auxiliary light OZZ<\/li>\n<\/ul>","protected":false},"excerpt":{"rendered":"<p>OZZ XR3 P9 Arctic Edition \u2013 9\u201d LED auxiliary light<\/p>","protected":false},"featured_media":53190,"comment_status":"closed","ping_status":"closed","template":"","meta":{"_improvement_type_select":"improve_an_existing","_thumb_yes_seoaic":false,"_frame_yes_seoaic":false,"seoaic_generate_description":"","seoaic_improve_instructions_prompt":"","seoaic_rollback_content_improvement":"","seoaic_idea_thumbnail_generator":"","thumbnail_generated":false,"thumbnail_generate_prompt":"","seoaic_article_description":""},"make_fuel_type":[],"make_model":[],"make_brand":[],"make_year":[],"pwb-brand":[8337],"product_brand":[],"product_cat":[8223,6195,6209],"product_tag":[8498,8495],"class_list":{"0":"post-53191","1":"product","2":"type-product","3":"status-publish","4":"has-post-thumbnail","6":"pwb-brand-brand_ozz","7":"product_cat-rstozz","8":"product_cat-lamps","9":"product_cat-auxiliary-lights","10":"product_tag-auxiliary-light","11":"product_tag-ozz","13":"first","14":"instock","15":"taxable","16":"shipping-taxable","17":"purchasable","18":"product-type-simple"},"yoast_head":"<!-- This site is optimized with the Yoast SEO plugin v25.7 - https:\/\/yoast.com\/wordpress\/plugins\/seo\/ -->\n<title>Auxiliary light OZZ XR3 P9 Arctic Edition - RST-Steel<\/title>\n<meta name=\"description\" content=\"OZZ XR3 P9 Arctic Edition \u2013 10,600 lm Boost, dynamic white\/amber position light, 5000K, 1 lux @ 315 m, IP69K, durable and stylish LED auxiliary light.\" \/>\n<meta name=\"robots\" content=\"index, follow, max-snippet:-1, max-image-preview:large, max-video-preview:-1\" \/>\n<link rel=\"canonical\" href=\"https:\/\/com.rst-steel.eu\/nb\/produkt\/auxiliary-light-ozz-xr3-p9-arctic-edition_pr_92446\/\" \/>\n<meta property=\"og:locale\" content=\"nb_NO\" \/>\n<meta property=\"og:type\" content=\"article\" \/>\n<meta property=\"og:title\" content=\"Auxiliary light OZZ XR3 P9 Arctic Edition - RST-Steel\" \/>\n<meta property=\"og:description\" content=\"OZZ XR3 P9 Arctic Edition \u2013 10,600 lm Boost, dynamic white\/amber position light, 5000K, 1 lux @ 315 m, IP69K, durable and stylish LED auxiliary light.\" \/>\n<meta property=\"og:url\" content=\"https:\/\/com.rst-steel.eu\/nb\/produkt\/auxiliary-light-ozz-xr3-p9-arctic-edition_pr_92446\/\" \/>\n<meta property=\"og:site_name\" content=\"RST-Steel\" \/>\n<meta property=\"article:publisher\" content=\"https:\/\/www.facebook.com\/rststeel\" \/>\n<meta property=\"article:modified_time\" content=\"2026-03-16T06:20:05+00:00\" \/>\n<meta property=\"og:image\" content=\"https:\/\/com.rst-steel.eu\/wp-content\/uploads\/2025\/09\/e3747ac88f28864f3ec1d0824e849cad8b8315e7_lis__valoozz.jpg\" \/>\n\t<meta property=\"og:image:width\" content=\"600\" \/>\n\t<meta property=\"og:image:height\" content=\"600\" \/>\n\t<meta property=\"og:image:type\" content=\"image\/jpeg\" \/>\n<meta name=\"twitter:card\" content=\"summary_large_image\" \/>\n<meta name=\"twitter:label1\" content=\"Ansl. lesetid\" \/>\n\t<meta name=\"twitter:data1\" content=\"1 minutt\" \/>\n<script type=\"application\/ld+json\" class=\"yoast-schema-graph\">{\"@context\":\"https:\/\/schema.org\",\"@graph\":[{\"@type\":\"WebPage\",\"@id\":\"https:\/\/com.rst-steel.eu\/product\/auxiliary-light-ozz-xr3-p9-arctic-edition_pr_92446\/\",\"url\":\"https:\/\/com.rst-steel.eu\/product\/auxiliary-light-ozz-xr3-p9-arctic-edition_pr_92446\/\",\"name\":\"Auxiliary light OZZ XR3 P9 Arctic Edition - RST-Steel\",\"isPartOf\":{\"@id\":\"https:\/\/com.rst-steel.eu\/#website\"},\"primaryImageOfPage\":{\"@id\":\"https:\/\/com.rst-steel.eu\/product\/auxiliary-light-ozz-xr3-p9-arctic-edition_pr_92446\/#primaryimage\"},\"image\":{\"@id\":\"https:\/\/com.rst-steel.eu\/product\/auxiliary-light-ozz-xr3-p9-arctic-edition_pr_92446\/#primaryimage\"},\"thumbnailUrl\":\"https:\/\/com.rst-steel.eu\/wp-content\/uploads\/2025\/09\/e3747ac88f28864f3ec1d0824e849cad8b8315e7_lis__valoozz.jpg\",\"datePublished\":\"2025-09-05T09:19:09+00:00\",\"dateModified\":\"2026-03-16T06:20:05+00:00\",\"description\":\"OZZ XR3 P9 Arctic Edition \u2013 10,600 lm Boost, dynamic white\/amber position light, 5000K, 1 lux @ 315 m, IP69K, durable and stylish LED auxiliary light.\",\"breadcrumb\":{\"@id\":\"https:\/\/com.rst-steel.eu\/product\/auxiliary-light-ozz-xr3-p9-arctic-edition_pr_92446\/#breadcrumb\"},\"inLanguage\":\"nb-NO\",\"potentialAction\":[{\"@type\":\"ReadAction\",\"target\":[\"https:\/\/com.rst-steel.eu\/product\/auxiliary-light-ozz-xr3-p9-arctic-edition_pr_92446\/\"]}]},{\"@type\":\"ImageObject\",\"inLanguage\":\"nb-NO\",\"@id\":\"https:\/\/com.rst-steel.eu\/product\/auxiliary-light-ozz-xr3-p9-arctic-edition_pr_92446\/#primaryimage\",\"url\":\"https:\/\/com.rst-steel.eu\/wp-content\/uploads\/2025\/09\/e3747ac88f28864f3ec1d0824e849cad8b8315e7_lis__valoozz.jpg\",\"contentUrl\":\"https:\/\/com.rst-steel.eu\/wp-content\/uploads\/2025\/09\/e3747ac88f28864f3ec1d0824e849cad8b8315e7_lis__valoozz.jpg\",\"width\":600,\"height\":600,\"caption\":\"Auxiliary light OZZ XR3 P9 Arctic Edition\"},{\"@type\":\"BreadcrumbList\",\"@id\":\"https:\/\/com.rst-steel.eu\/product\/auxiliary-light-ozz-xr3-p9-arctic-edition_pr_92446\/#breadcrumb\",\"itemListElement\":[{\"@type\":\"ListItem\",\"position\":1,\"name\":\"Home\",\"item\":\"https:\/\/com.rst-steel.eu\/\"},{\"@type\":\"ListItem\",\"position\":2,\"name\":\"RST-Steel Shop\",\"item\":\"https:\/\/com.rst-steel.eu\/shop\/\"},{\"@type\":\"ListItem\",\"position\":3,\"name\":\"Auxiliary light OZZ XR3 P9 Arctic Edition\"}]},{\"@type\":\"WebSite\",\"@id\":\"https:\/\/com.rst-steel.eu\/#website\",\"url\":\"https:\/\/com.rst-steel.eu\/\",\"name\":\"RST-Steel.com\",\"description\":\"Finnish quality steel, for quality-conscious drivers\",\"publisher\":{\"@id\":\"https:\/\/com.rst-steel.eu\/#organization\"},\"alternateName\":\"Safe and stylish RST-Steel quality\",\"potentialAction\":[{\"@type\":\"SearchAction\",\"target\":{\"@type\":\"EntryPoint\",\"urlTemplate\":\"https:\/\/com.rst-steel.eu\/?s={search_term_string}\"},\"query-input\":{\"@type\":\"PropertyValueSpecification\",\"valueRequired\":true,\"valueName\":\"search_term_string\"}}],\"inLanguage\":\"nb-NO\"},{\"@type\":\"Organization\",\"@id\":\"https:\/\/com.rst-steel.eu\/#organization\",\"name\":\"RST-Steel Oy\",\"url\":\"https:\/\/com.rst-steel.eu\/\",\"logo\":{\"@type\":\"ImageObject\",\"inLanguage\":\"nb-NO\",\"@id\":\"https:\/\/com.rst-steel.eu\/#\/schema\/logo\/image\/\",\"url\":\"https:\/\/com.rst-steel.eu\/wp-content\/uploads\/2023\/04\/cropped-Rst-logo-valkoinen-teksti-3.png\",\"contentUrl\":\"https:\/\/com.rst-steel.eu\/wp-content\/uploads\/2023\/04\/cropped-Rst-logo-valkoinen-teksti-3.png\",\"width\":512,\"height\":115,\"caption\":\"RST-Steel Oy\"},\"image\":{\"@id\":\"https:\/\/com.rst-steel.eu\/#\/schema\/logo\/image\/\"},\"sameAs\":[\"https:\/\/www.facebook.com\/rststeel\",\"https:\/\/www.instagram.com\/rststeeloy\/\"]}]}<\/script>\n<!-- \/ Yoast SEO plugin. -->","yoast_head_json":{"title":"Auxiliary light OZZ XR3 P9 Arctic Edition - RST-Steel","description":"OZZ XR3 P9 Arctic Edition \u2013 10,600 lm Boost, dynamic white\/amber position light, 5000K, 1 lux @ 315 m, IP69K, durable and stylish LED auxiliary light.","robots":{"index":"index","follow":"follow","max-snippet":"max-snippet:-1","max-image-preview":"max-image-preview:large","max-video-preview":"max-video-preview:-1"},"canonical":"https:\/\/com.rst-steel.eu\/nb\/produkt\/auxiliary-light-ozz-xr3-p9-arctic-edition_pr_92446\/","og_locale":"nb_NO","og_type":"article","og_title":"Auxiliary light OZZ XR3 P9 Arctic Edition - RST-Steel","og_description":"OZZ XR3 P9 Arctic Edition \u2013 10,600 lm Boost, dynamic white\/amber position light, 5000K, 1 lux @ 315 m, IP69K, durable and stylish LED auxiliary light.","og_url":"https:\/\/com.rst-steel.eu\/nb\/produkt\/auxiliary-light-ozz-xr3-p9-arctic-edition_pr_92446\/","og_site_name":"RST-Steel","article_publisher":"https:\/\/www.facebook.com\/rststeel","article_modified_time":"2026-03-16T06:20:05+00:00","og_image":[{"width":600,"height":600,"url":"https:\/\/com.rst-steel.eu\/wp-content\/uploads\/2025\/09\/e3747ac88f28864f3ec1d0824e849cad8b8315e7_lis__valoozz.jpg","type":"image\/jpeg"}],"twitter_card":"summary_large_image","twitter_misc":{"Ansl. lesetid":"1 minutt"},"schema":{"@context":"https:\/\/schema.org","@graph":[{"@type":"WebPage","@id":"https:\/\/com.rst-steel.eu\/product\/auxiliary-light-ozz-xr3-p9-arctic-edition_pr_92446\/","url":"https:\/\/com.rst-steel.eu\/product\/auxiliary-light-ozz-xr3-p9-arctic-edition_pr_92446\/","name":"Auxiliary light OZZ XR3 P9 Arctic Edition - RST-Steel","isPartOf":{"@id":"https:\/\/com.rst-steel.eu\/#website"},"primaryImageOfPage":{"@id":"https:\/\/com.rst-steel.eu\/product\/auxiliary-light-ozz-xr3-p9-arctic-edition_pr_92446\/#primaryimage"},"image":{"@id":"https:\/\/com.rst-steel.eu\/product\/auxiliary-light-ozz-xr3-p9-arctic-edition_pr_92446\/#primaryimage"},"thumbnailUrl":"https:\/\/com.rst-steel.eu\/wp-content\/uploads\/2025\/09\/e3747ac88f28864f3ec1d0824e849cad8b8315e7_lis__valoozz.jpg","datePublished":"2025-09-05T09:19:09+00:00","dateModified":"2026-03-16T06:20:05+00:00","description":"OZZ XR3 P9 Arctic Edition \u2013 10,600 lm Boost, dynamic white\/amber position light, 5000K, 1 lux @ 315 m, IP69K, durable and stylish LED auxiliary light.","breadcrumb":{"@id":"https:\/\/com.rst-steel.eu\/product\/auxiliary-light-ozz-xr3-p9-arctic-edition_pr_92446\/#breadcrumb"},"inLanguage":"nb-NO","potentialAction":[{"@type":"ReadAction","target":["https:\/\/com.rst-steel.eu\/product\/auxiliary-light-ozz-xr3-p9-arctic-edition_pr_92446\/"]}]},{"@type":"ImageObject","inLanguage":"nb-NO","@id":"https:\/\/com.rst-steel.eu\/product\/auxiliary-light-ozz-xr3-p9-arctic-edition_pr_92446\/#primaryimage","url":"https:\/\/com.rst-steel.eu\/wp-content\/uploads\/2025\/09\/e3747ac88f28864f3ec1d0824e849cad8b8315e7_lis__valoozz.jpg","contentUrl":"https:\/\/com.rst-steel.eu\/wp-content\/uploads\/2025\/09\/e3747ac88f28864f3ec1d0824e849cad8b8315e7_lis__valoozz.jpg","width":600,"height":600,"caption":"Auxiliary light OZZ XR3 P9 Arctic Edition"},{"@type":"BreadcrumbList","@id":"https:\/\/com.rst-steel.eu\/product\/auxiliary-light-ozz-xr3-p9-arctic-edition_pr_92446\/#breadcrumb","itemListElement":[{"@type":"ListItem","position":1,"name":"Home","item":"https:\/\/com.rst-steel.eu\/"},{"@type":"ListItem","position":2,"name":"RST-Steel Shop","item":"https:\/\/com.rst-steel.eu\/shop\/"},{"@type":"ListItem","position":3,"name":"Auxiliary light OZZ XR3 P9 Arctic Edition"}]},{"@type":"WebSite","@id":"https:\/\/com.rst-steel.eu\/#website","url":"https:\/\/com.rst-steel.eu\/","name":"RST-Steel.com","description":"Finsk kvalitetsst\u00e5l, for kvalitetsbevisste sj\u00e5f\u00f8rer","publisher":{"@id":"https:\/\/com.rst-steel.eu\/#organization"},"alternateName":"Safe and stylish RST-Steel quality","potentialAction":[{"@type":"SearchAction","target":{"@type":"EntryPoint","urlTemplate":"https:\/\/com.rst-steel.eu\/?s={search_term_string}"},"query-input":{"@type":"PropertyValueSpecification","valueRequired":true,"valueName":"search_term_string"}}],"inLanguage":"nb-NO"},{"@type":"Organization","@id":"https:\/\/com.rst-steel.eu\/#organization","name":"RST-Steel Oy","url":"https:\/\/com.rst-steel.eu\/","logo":{"@type":"ImageObject","inLanguage":"nb-NO","@id":"https:\/\/com.rst-steel.eu\/#\/schema\/logo\/image\/","url":"https:\/\/com.rst-steel.eu\/wp-content\/uploads\/2023\/04\/cropped-Rst-logo-valkoinen-teksti-3.png","contentUrl":"https:\/\/com.rst-steel.eu\/wp-content\/uploads\/2023\/04\/cropped-Rst-logo-valkoinen-teksti-3.png","width":512,"height":115,"caption":"RST-Steel Oy"},"image":{"@id":"https:\/\/com.rst-steel.eu\/#\/schema\/logo\/image\/"},"sameAs":["https:\/\/www.facebook.com\/rststeel","https:\/\/www.instagram.com\/rststeeloy\/"]}]}},"brands":[{"id":8337,"name":"OZZ","slug":"brand_ozz"}],"_links":{"self":[{"href":"https:\/\/com.rst-steel.eu\/nb\/wp-json\/wp\/v2\/product\/53191","targetHints":{"allow":["GET"]}}],"collection":[{"href":"https:\/\/com.rst-steel.eu\/nb\/wp-json\/wp\/v2\/product"}],"about":[{"href":"https:\/\/com.rst-steel.eu\/nb\/wp-json\/wp\/v2\/types\/product"}],"replies":[{"embeddable":true,"href":"https:\/\/com.rst-steel.eu\/nb\/wp-json\/wp\/v2\/comments?post=53191"}],"version-history":[{"count":0,"href":"https:\/\/com.rst-steel.eu\/nb\/wp-json\/wp\/v2\/product\/53191\/revisions"}],"wp:featuredmedia":[{"embeddable":true,"href":"https:\/\/com.rst-steel.eu\/nb\/wp-json\/wp\/v2\/media\/53190"}],"wp:attachment":[{"href":"https:\/\/com.rst-steel.eu\/nb\/wp-json\/wp\/v2\/media?parent=53191"}],"wp:term":[{"taxonomy":"make_fuel_type","embeddable":true,"href":"https:\/\/com.rst-steel.eu\/nb\/wp-json\/wp\/v2\/make_fuel_type?post=53191"},{"taxonomy":"make_model","embeddable":true,"href":"https:\/\/com.rst-steel.eu\/nb\/wp-json\/wp\/v2\/make_model?post=53191"},{"taxonomy":"make_brand","embeddable":true,"href":"https:\/\/com.rst-steel.eu\/nb\/wp-json\/wp\/v2\/make_brand?post=53191"},{"taxonomy":"make_year","embeddable":true,"href":"https:\/\/com.rst-steel.eu\/nb\/wp-json\/wp\/v2\/make_year?post=53191"},{"taxonomy":"pwb-brand","embeddable":true,"href":"https:\/\/com.rst-steel.eu\/nb\/wp-json\/wp\/v2\/pwb-brand?post=53191"},{"taxonomy":"product_brand","embeddable":true,"href":"https:\/\/com.rst-steel.eu\/nb\/wp-json\/wp\/v2\/product_brand?post=53191"},{"taxonomy":"product_cat","embeddable":true,"href":"https:\/\/com.rst-steel.eu\/nb\/wp-json\/wp\/v2\/product_cat?post=53191"},{"taxonomy":"product_tag","embeddable":true,"href":"https:\/\/com.rst-steel.eu\/nb\/wp-json\/wp\/v2\/product_tag?post=53191"}],"curies":[{"name":"wp","href":"https:\/\/api.w.org\/{rel}","templated":true}]}}