{"id":53073,"date":"2025-09-04T11:26:57","date_gmt":"2025-09-04T08:26:57","guid":{"rendered":"https:\/\/rst-steel.com\/product\/lazer-linear-18-elite-double-e-mark_pr_76456\/"},"modified":"2026-03-16T09:16:09","modified_gmt":"2026-03-16T06:16:09","slug":"lazer-linear-18-elite-double-e-mark_pr_76456","status":"publish","type":"product","link":"https:\/\/com.rst-steel.eu\/nb\/produkt\/lazer-linear-18-elite-double-e-mark_pr_76456\/","title":{"rendered":"Lazer Linear 18 Elite (Double E-Mark)"},"content":{"rendered":"<p>Lazer Linear 18 Elite (Double E-Mark)<\/p>\n<ul>\n<li>\n<\/li>\n<li>\n<div>Lazer Linear 18 Elite Double E-Mark is a road-approved auxiliary light bar that delivers outstanding performance. Suitable for both passenger cars and heavy-duty vehicles, its slim design ensures easy installation, while the aerodynamic shape effectively minimizes wind noise.<\/div>\n<ul>\n<li><\/li>\n<\/ul>\n<div>Lazer Linear lights are equipped with high-quality 3W LEDs. With a 5000K color temperature and a color rendering index of 80, they maximize sharpness and clarity, while remaining exceptionally eye-friendly.<\/div>\n<div><\/div>\n<div>The Linear series auxiliary lights feature an ultra-low profile of only 40mm, making them the perfect choice for installations in tight spaces. The beam pattern is precise and well-balanced, with a bright, long-reaching spot in the center and evenly distributed floodlight at the edges to illuminate the sides of the road.<\/div>\n<div><\/div>\n<ul>\n<li>\n<div><\/div>\n<div><\/div>\n<div>Tekniske spesifikasjoner:<br \/>\n<span style=\"font-weight: bold\"><\/span><\/div>\n<ul>\n<li>Operating Voltage: 10\u201332V<\/li>\n<li>Effekt: 130 W<\/li>\n<li>Reference Number: 2&#215;25<\/li>\n<li>13,500 lm<\/li>\n<li>Fargetemperatur: 5000K<\/li>\n<li>Number of LEDs: 36 pcs<\/li>\n<li>Current Consumption: 9 A<\/li>\n<li>Cable Length: 30 cm<\/li>\n<li>Weight: 1,090 g<\/li>\n<li>Garanti: 5 \u00e5r<\/li>\n<li>IP Rating: IP67<\/li>\n<li>Connector: AMP 2-pin<\/li>\n<li>Approvals: ECE R112<\/li>\n<li>Materiale linse: Polykarbonat<\/li>\n<li>3lux: 295m, 1lux: 511m, 0,5lux: 723m, 0,25lux: 1023m<\/li>\n<li>Beam Angle: 42\u00b0<\/li>\n<li>width: 532mm<\/li>\n<li>depth: 62mm<\/li>\n<li>Height: 40mm\n<\/li>\n<\/ul>\n<\/li>\n<\/ul>\n<div><\/div>\n<div><\/div>\n<div><\/div>\n<div><\/div>\n<\/li>\n<\/ul>","protected":false},"excerpt":{"rendered":"<p>Linear 18 Elite Double E-Mark \u2013 High-performance LED light with 13,500 lm<\/p>","protected":false},"featured_media":53068,"comment_status":"open","ping_status":"closed","template":"","meta":{"_improvement_type_select":"improve_an_existing","_thumb_yes_seoaic":false,"_frame_yes_seoaic":false,"seoaic_generate_description":"","seoaic_improve_instructions_prompt":"","seoaic_rollback_content_improvement":"","seoaic_idea_thumbnail_generator":"","thumbnail_generated":false,"thumbnail_generate_prompt":"","seoaic_article_description":""},"make_fuel_type":[],"make_model":[],"make_brand":[],"make_year":[],"pwb-brand":[8332],"product_brand":[],"product_cat":[6195,6209,6211,7206],"product_tag":[8498,6298,8496,6364],"class_list":{"0":"post-53073","1":"product","2":"type-product","3":"status-publish","4":"has-post-thumbnail","6":"pwb-brand-brand_lazerlamps","7":"product_cat-lamps","8":"product_cat-auxiliary-lights","9":"product_cat-lazer-lamps-auxiliary-lights","10":"product_cat-rst-linearr","11":"product_tag-auxiliary-light","12":"product_tag-lazer-lamps","13":"product_tag-light-bar","14":"product_tag-linear","16":"first","17":"instock","18":"taxable","19":"shipping-taxable","20":"purchasable","21":"product-type-simple"},"yoast_head":"<!-- This site is optimized with the Yoast SEO plugin v25.7 - https:\/\/yoast.com\/wordpress\/plugins\/seo\/ -->\n<title>Lazer Linear 18 Elite (Double E-Mark) - RST-Steel<\/title>\n<meta name=\"description\" content=\"Lazer Linear 18 Elite (Double E-Mark) \u2013 tehokas LED-ty\u00f6valo 13\u202f500 lm, 5000K, IP67, ECE R112-hyv\u00e4ksynt\u00e4, kest\u00e4v\u00e4 polykarbonaattilinssi.\" \/>\n<meta name=\"robots\" content=\"index, follow, max-snippet:-1, max-image-preview:large, max-video-preview:-1\" \/>\n<link rel=\"canonical\" href=\"https:\/\/com.rst-steel.eu\/nb\/produkt\/lazer-linear-18-elite-double-e-mark_pr_76456\/\" \/>\n<meta property=\"og:locale\" content=\"nb_NO\" \/>\n<meta property=\"og:type\" content=\"article\" \/>\n<meta property=\"og:title\" content=\"Lazer Linear 18 Elite (Double E-Mark) - RST-Steel\" \/>\n<meta property=\"og:description\" content=\"Lazer Linear 18 Elite (Double E-Mark) \u2013 tehokas LED-ty\u00f6valo 13\u202f500 lm, 5000K, IP67, ECE R112-hyv\u00e4ksynt\u00e4, kest\u00e4v\u00e4 polykarbonaattilinssi.\" \/>\n<meta property=\"og:url\" content=\"https:\/\/com.rst-steel.eu\/nb\/produkt\/lazer-linear-18-elite-double-e-mark_pr_76456\/\" \/>\n<meta property=\"og:site_name\" content=\"RST-Steel\" \/>\n<meta property=\"article:publisher\" content=\"https:\/\/www.facebook.com\/rststeel\" \/>\n<meta property=\"article:modified_time\" content=\"2026-03-16T06:16:09+00:00\" \/>\n<meta property=\"og:image\" content=\"https:\/\/com.rst-steel.eu\/wp-content\/uploads\/2025\/09\/6beeab82dc1255c55d51be0e7cd01731562d0cc9_Linear_18_Elite__Double____Side_Mounts___Angled_Web.jpg\" \/>\n\t<meta property=\"og:image:width\" content=\"1000\" \/>\n\t<meta property=\"og:image:height\" content=\"750\" \/>\n\t<meta property=\"og:image:type\" content=\"image\/jpeg\" \/>\n<meta name=\"twitter:card\" content=\"summary_large_image\" \/>\n<meta name=\"twitter:label1\" content=\"Ansl. lesetid\" \/>\n\t<meta name=\"twitter:data1\" content=\"2 minutter\" \/>\n<script type=\"application\/ld+json\" class=\"yoast-schema-graph\">{\"@context\":\"https:\/\/schema.org\",\"@graph\":[{\"@type\":\"WebPage\",\"@id\":\"https:\/\/com.rst-steel.eu\/product\/lazer-linear-18-elite-double-e-mark_pr_76456\/\",\"url\":\"https:\/\/com.rst-steel.eu\/product\/lazer-linear-18-elite-double-e-mark_pr_76456\/\",\"name\":\"Lazer Linear 18 Elite (Double E-Mark) - RST-Steel\",\"isPartOf\":{\"@id\":\"https:\/\/com.rst-steel.eu\/#website\"},\"primaryImageOfPage\":{\"@id\":\"https:\/\/com.rst-steel.eu\/product\/lazer-linear-18-elite-double-e-mark_pr_76456\/#primaryimage\"},\"image\":{\"@id\":\"https:\/\/com.rst-steel.eu\/product\/lazer-linear-18-elite-double-e-mark_pr_76456\/#primaryimage\"},\"thumbnailUrl\":\"https:\/\/com.rst-steel.eu\/wp-content\/uploads\/2025\/09\/6beeab82dc1255c55d51be0e7cd01731562d0cc9_Linear_18_Elite__Double____Side_Mounts___Angled_Web.jpg\",\"datePublished\":\"2025-09-04T08:26:57+00:00\",\"dateModified\":\"2026-03-16T06:16:09+00:00\",\"description\":\"Lazer Linear 18 Elite (Double E-Mark) \u2013 tehokas LED-ty\u00f6valo 13\u202f500 lm, 5000K, IP67, ECE R112-hyv\u00e4ksynt\u00e4, kest\u00e4v\u00e4 polykarbonaattilinssi.\",\"breadcrumb\":{\"@id\":\"https:\/\/com.rst-steel.eu\/product\/lazer-linear-18-elite-double-e-mark_pr_76456\/#breadcrumb\"},\"inLanguage\":\"nb-NO\",\"potentialAction\":[{\"@type\":\"ReadAction\",\"target\":[\"https:\/\/com.rst-steel.eu\/product\/lazer-linear-18-elite-double-e-mark_pr_76456\/\"]}]},{\"@type\":\"ImageObject\",\"inLanguage\":\"nb-NO\",\"@id\":\"https:\/\/com.rst-steel.eu\/product\/lazer-linear-18-elite-double-e-mark_pr_76456\/#primaryimage\",\"url\":\"https:\/\/com.rst-steel.eu\/wp-content\/uploads\/2025\/09\/6beeab82dc1255c55d51be0e7cd01731562d0cc9_Linear_18_Elite__Double____Side_Mounts___Angled_Web.jpg\",\"contentUrl\":\"https:\/\/com.rst-steel.eu\/wp-content\/uploads\/2025\/09\/6beeab82dc1255c55d51be0e7cd01731562d0cc9_Linear_18_Elite__Double____Side_Mounts___Angled_Web.jpg\",\"width\":1000,\"height\":750,\"caption\":\"Lazer Linear 18 Elite (Double E-Mark)\"},{\"@type\":\"BreadcrumbList\",\"@id\":\"https:\/\/com.rst-steel.eu\/product\/lazer-linear-18-elite-double-e-mark_pr_76456\/#breadcrumb\",\"itemListElement\":[{\"@type\":\"ListItem\",\"position\":1,\"name\":\"Home\",\"item\":\"https:\/\/com.rst-steel.eu\/\"},{\"@type\":\"ListItem\",\"position\":2,\"name\":\"RST-Steel Shop\",\"item\":\"https:\/\/com.rst-steel.eu\/shop\/\"},{\"@type\":\"ListItem\",\"position\":3,\"name\":\"Lazer Linear 18 Elite (Double E-Mark)\"}]},{\"@type\":\"WebSite\",\"@id\":\"https:\/\/com.rst-steel.eu\/#website\",\"url\":\"https:\/\/com.rst-steel.eu\/\",\"name\":\"RST-Steel.com\",\"description\":\"Finnish quality steel, for quality-conscious drivers\",\"publisher\":{\"@id\":\"https:\/\/com.rst-steel.eu\/#organization\"},\"alternateName\":\"Safe and stylish RST-Steel quality\",\"potentialAction\":[{\"@type\":\"SearchAction\",\"target\":{\"@type\":\"EntryPoint\",\"urlTemplate\":\"https:\/\/com.rst-steel.eu\/?s={search_term_string}\"},\"query-input\":{\"@type\":\"PropertyValueSpecification\",\"valueRequired\":true,\"valueName\":\"search_term_string\"}}],\"inLanguage\":\"nb-NO\"},{\"@type\":\"Organization\",\"@id\":\"https:\/\/com.rst-steel.eu\/#organization\",\"name\":\"RST-Steel Oy\",\"url\":\"https:\/\/com.rst-steel.eu\/\",\"logo\":{\"@type\":\"ImageObject\",\"inLanguage\":\"nb-NO\",\"@id\":\"https:\/\/com.rst-steel.eu\/#\/schema\/logo\/image\/\",\"url\":\"https:\/\/com.rst-steel.eu\/wp-content\/uploads\/2023\/04\/cropped-Rst-logo-valkoinen-teksti-3.png\",\"contentUrl\":\"https:\/\/com.rst-steel.eu\/wp-content\/uploads\/2023\/04\/cropped-Rst-logo-valkoinen-teksti-3.png\",\"width\":512,\"height\":115,\"caption\":\"RST-Steel Oy\"},\"image\":{\"@id\":\"https:\/\/com.rst-steel.eu\/#\/schema\/logo\/image\/\"},\"sameAs\":[\"https:\/\/www.facebook.com\/rststeel\",\"https:\/\/www.instagram.com\/rststeeloy\/\"]}]}<\/script>\n<!-- \/ Yoast SEO plugin. -->","yoast_head_json":{"title":"Lazer Linear 18 Elite (Double E-Mark) - RST-Steel","description":"Lazer Linear 18 Elite (Double E-Mark) \u2013 tehokas LED-ty\u00f6valo 13\u202f500 lm, 5000K, IP67, ECE R112-hyv\u00e4ksynt\u00e4, kest\u00e4v\u00e4 polykarbonaattilinssi.","robots":{"index":"index","follow":"follow","max-snippet":"max-snippet:-1","max-image-preview":"max-image-preview:large","max-video-preview":"max-video-preview:-1"},"canonical":"https:\/\/com.rst-steel.eu\/nb\/produkt\/lazer-linear-18-elite-double-e-mark_pr_76456\/","og_locale":"nb_NO","og_type":"article","og_title":"Lazer Linear 18 Elite (Double E-Mark) - RST-Steel","og_description":"Lazer Linear 18 Elite (Double E-Mark) \u2013 tehokas LED-ty\u00f6valo 13\u202f500 lm, 5000K, IP67, ECE R112-hyv\u00e4ksynt\u00e4, kest\u00e4v\u00e4 polykarbonaattilinssi.","og_url":"https:\/\/com.rst-steel.eu\/nb\/produkt\/lazer-linear-18-elite-double-e-mark_pr_76456\/","og_site_name":"RST-Steel","article_publisher":"https:\/\/www.facebook.com\/rststeel","article_modified_time":"2026-03-16T06:16:09+00:00","og_image":[{"width":1000,"height":750,"url":"https:\/\/com.rst-steel.eu\/wp-content\/uploads\/2025\/09\/6beeab82dc1255c55d51be0e7cd01731562d0cc9_Linear_18_Elite__Double____Side_Mounts___Angled_Web.jpg","type":"image\/jpeg"}],"twitter_card":"summary_large_image","twitter_misc":{"Ansl. lesetid":"2 minutter"},"schema":{"@context":"https:\/\/schema.org","@graph":[{"@type":"WebPage","@id":"https:\/\/com.rst-steel.eu\/product\/lazer-linear-18-elite-double-e-mark_pr_76456\/","url":"https:\/\/com.rst-steel.eu\/product\/lazer-linear-18-elite-double-e-mark_pr_76456\/","name":"Lazer Linear 18 Elite (Double E-Mark) - RST-Steel","isPartOf":{"@id":"https:\/\/com.rst-steel.eu\/#website"},"primaryImageOfPage":{"@id":"https:\/\/com.rst-steel.eu\/product\/lazer-linear-18-elite-double-e-mark_pr_76456\/#primaryimage"},"image":{"@id":"https:\/\/com.rst-steel.eu\/product\/lazer-linear-18-elite-double-e-mark_pr_76456\/#primaryimage"},"thumbnailUrl":"https:\/\/com.rst-steel.eu\/wp-content\/uploads\/2025\/09\/6beeab82dc1255c55d51be0e7cd01731562d0cc9_Linear_18_Elite__Double____Side_Mounts___Angled_Web.jpg","datePublished":"2025-09-04T08:26:57+00:00","dateModified":"2026-03-16T06:16:09+00:00","description":"Lazer Linear 18 Elite (Double E-Mark) \u2013 tehokas LED-ty\u00f6valo 13\u202f500 lm, 5000K, IP67, ECE R112-hyv\u00e4ksynt\u00e4, kest\u00e4v\u00e4 polykarbonaattilinssi.","breadcrumb":{"@id":"https:\/\/com.rst-steel.eu\/product\/lazer-linear-18-elite-double-e-mark_pr_76456\/#breadcrumb"},"inLanguage":"nb-NO","potentialAction":[{"@type":"ReadAction","target":["https:\/\/com.rst-steel.eu\/product\/lazer-linear-18-elite-double-e-mark_pr_76456\/"]}]},{"@type":"ImageObject","inLanguage":"nb-NO","@id":"https:\/\/com.rst-steel.eu\/product\/lazer-linear-18-elite-double-e-mark_pr_76456\/#primaryimage","url":"https:\/\/com.rst-steel.eu\/wp-content\/uploads\/2025\/09\/6beeab82dc1255c55d51be0e7cd01731562d0cc9_Linear_18_Elite__Double____Side_Mounts___Angled_Web.jpg","contentUrl":"https:\/\/com.rst-steel.eu\/wp-content\/uploads\/2025\/09\/6beeab82dc1255c55d51be0e7cd01731562d0cc9_Linear_18_Elite__Double____Side_Mounts___Angled_Web.jpg","width":1000,"height":750,"caption":"Lazer Linear 18 Elite (Double E-Mark)"},{"@type":"BreadcrumbList","@id":"https:\/\/com.rst-steel.eu\/product\/lazer-linear-18-elite-double-e-mark_pr_76456\/#breadcrumb","itemListElement":[{"@type":"ListItem","position":1,"name":"Home","item":"https:\/\/com.rst-steel.eu\/"},{"@type":"ListItem","position":2,"name":"RST-Steel Shop","item":"https:\/\/com.rst-steel.eu\/shop\/"},{"@type":"ListItem","position":3,"name":"Lazer Linear 18 Elite (Double E-Mark)"}]},{"@type":"WebSite","@id":"https:\/\/com.rst-steel.eu\/#website","url":"https:\/\/com.rst-steel.eu\/","name":"RST-Steel.com","description":"Finsk kvalitetsst\u00e5l, for kvalitetsbevisste sj\u00e5f\u00f8rer","publisher":{"@id":"https:\/\/com.rst-steel.eu\/#organization"},"alternateName":"Safe and stylish RST-Steel quality","potentialAction":[{"@type":"SearchAction","target":{"@type":"EntryPoint","urlTemplate":"https:\/\/com.rst-steel.eu\/?s={search_term_string}"},"query-input":{"@type":"PropertyValueSpecification","valueRequired":true,"valueName":"search_term_string"}}],"inLanguage":"nb-NO"},{"@type":"Organization","@id":"https:\/\/com.rst-steel.eu\/#organization","name":"RST-Steel Oy","url":"https:\/\/com.rst-steel.eu\/","logo":{"@type":"ImageObject","inLanguage":"nb-NO","@id":"https:\/\/com.rst-steel.eu\/#\/schema\/logo\/image\/","url":"https:\/\/com.rst-steel.eu\/wp-content\/uploads\/2023\/04\/cropped-Rst-logo-valkoinen-teksti-3.png","contentUrl":"https:\/\/com.rst-steel.eu\/wp-content\/uploads\/2023\/04\/cropped-Rst-logo-valkoinen-teksti-3.png","width":512,"height":115,"caption":"RST-Steel Oy"},"image":{"@id":"https:\/\/com.rst-steel.eu\/#\/schema\/logo\/image\/"},"sameAs":["https:\/\/www.facebook.com\/rststeel","https:\/\/www.instagram.com\/rststeeloy\/"]}]}},"brands":[{"id":8332,"name":"Lazer Lamps","slug":"brand_lazerlamps"}],"_links":{"self":[{"href":"https:\/\/com.rst-steel.eu\/nb\/wp-json\/wp\/v2\/product\/53073","targetHints":{"allow":["GET"]}}],"collection":[{"href":"https:\/\/com.rst-steel.eu\/nb\/wp-json\/wp\/v2\/product"}],"about":[{"href":"https:\/\/com.rst-steel.eu\/nb\/wp-json\/wp\/v2\/types\/product"}],"replies":[{"embeddable":true,"href":"https:\/\/com.rst-steel.eu\/nb\/wp-json\/wp\/v2\/comments?post=53073"}],"version-history":[{"count":0,"href":"https:\/\/com.rst-steel.eu\/nb\/wp-json\/wp\/v2\/product\/53073\/revisions"}],"wp:featuredmedia":[{"embeddable":true,"href":"https:\/\/com.rst-steel.eu\/nb\/wp-json\/wp\/v2\/media\/53068"}],"wp:attachment":[{"href":"https:\/\/com.rst-steel.eu\/nb\/wp-json\/wp\/v2\/media?parent=53073"}],"wp:term":[{"taxonomy":"make_fuel_type","embeddable":true,"href":"https:\/\/com.rst-steel.eu\/nb\/wp-json\/wp\/v2\/make_fuel_type?post=53073"},{"taxonomy":"make_model","embeddable":true,"href":"https:\/\/com.rst-steel.eu\/nb\/wp-json\/wp\/v2\/make_model?post=53073"},{"taxonomy":"make_brand","embeddable":true,"href":"https:\/\/com.rst-steel.eu\/nb\/wp-json\/wp\/v2\/make_brand?post=53073"},{"taxonomy":"make_year","embeddable":true,"href":"https:\/\/com.rst-steel.eu\/nb\/wp-json\/wp\/v2\/make_year?post=53073"},{"taxonomy":"pwb-brand","embeddable":true,"href":"https:\/\/com.rst-steel.eu\/nb\/wp-json\/wp\/v2\/pwb-brand?post=53073"},{"taxonomy":"product_brand","embeddable":true,"href":"https:\/\/com.rst-steel.eu\/nb\/wp-json\/wp\/v2\/product_brand?post=53073"},{"taxonomy":"product_cat","embeddable":true,"href":"https:\/\/com.rst-steel.eu\/nb\/wp-json\/wp\/v2\/product_cat?post=53073"},{"taxonomy":"product_tag","embeddable":true,"href":"https:\/\/com.rst-steel.eu\/nb\/wp-json\/wp\/v2\/product_tag?post=53073"}],"curies":[{"name":"wp","href":"https:\/\/api.w.org\/{rel}","templated":true}]}}