{"id":52454,"date":"2025-06-16T15:16:40","date_gmt":"2025-06-16T12:16:40","guid":{"rendered":"https:\/\/rst-steel.com\/product\/front-spoiler-bar-3-piece-volvo-fh-aero_prm_76260\/"},"modified":"2026-03-16T09:20:04","modified_gmt":"2026-03-16T06:20:04","slug":"front-spoiler-bar-3-piece-volvo-fh-aero_prm_76260","status":"publish","type":"product","link":"https:\/\/com.rst-steel.eu\/nb\/produkt\/front-spoiler-bar-3-piece-volvo-fh-aero_prm_76260\/","title":{"rendered":"Front Spoiler Bar 3-piece Volvo FH AERO"},"content":{"rendered":"<p><span style=\"font-weight: bold;\">Front Spoiler Bar 3-piece Volvo FH AERO<\/span><\/p>\n<ul>\n<li><\/li>\n<\/ul>\n<p>Are you looking for reliable and stylish protection for the front bumper of your truck?<\/p>\n<ul>\n<li><\/li>\n<\/ul>\n<p>En frontspoiler av h\u00f8y kvalitet er akkurat det du trenger. Denne frontspoileren er laget av slitesterkt st\u00e5l og gir utmerket beskyttelse for fronten p\u00e5 bilen din, samtidig som den gir den et sl\u00e5ende utseende.<\/p>\n<ul>\n<li><\/li>\n<\/ul>\n<p><span style=\"font-weight: bold;\">Hvorfor velge frontspoiler for Volvo FH AERO-modeller?<\/span><\/p>\n<ul>\n<li>Materiale av f\u00f8rsteklasses kvalitet: Laget av slitesterkt rustfritt st\u00e5l som t\u00e5ler de t\u00f8ffeste forhold.<\/li>\n<li>Perfekt passform: Spesielt utviklet for Volvo FH AERO-modeller, noe som sikrer perfekt passform og enkel montering.<\/li>\n<li>Stilig utseende: Skinnende eller lakkert st\u00e5lfinish fremhever lastebilens utseende og gir den et profesjonelt og moderne utseende.<\/li>\n<li>Forbedret beskyttelse: Beskytter st\u00f8tfangeren foran mot bulker, riper og andre skader, noe som forlenger bilens levetid.<\/li>\n<\/ul>\n<p><span style=\"font-weight: bold;\">Egenskaper:<\/span><\/p>\n<ul>\n<li>Materiale: Rustfritt st\u00e5l<\/li>\n<li>Kompatibilitet: Volvo FH AERO<\/li>\n<li>Installation: Easy to install, includes installation instructions<\/li>\n<li>Holdbarhet: Utmerket korrosjonsbestandighet og lang levetid<\/li>\n<\/ul>\n<p>&nbsp;<\/p>\n<p>&nbsp;<\/p>\n<p><span style=\"font-weight: bold;\">Tekniske spesifikasjoner:<\/span><\/p>\n<ul>\n<li>Farge: Speilpolert rustfritt st\u00e5l eller pulverlakkert med RAL-farger<\/li>\n<li>Pipe Diameter: 60 mm<\/li>\n<li>Enkel installasjon<\/li>\n<\/ul>\n<p><span style=\"font-weight: bold;\">Innhold i leveransen:<\/span><\/p>\n<ul>\n<li>Spoilerstang foran<\/li>\n<li>N\u00f8dvendige beslag for installasjon<\/li>\n<li>Installasjonsinstruksjoner<\/li>\n<\/ul>","protected":false},"excerpt":{"rendered":"<p>Flere modellalternativer tilgjengelig!<\/p>","protected":false},"featured_media":52451,"comment_status":"open","ping_status":"closed","template":"","meta":{"_improvement_type_select":"improve_an_existing","_thumb_yes_seoaic":false,"_frame_yes_seoaic":false,"seoaic_generate_description":"","seoaic_improve_instructions_prompt":"","seoaic_rollback_content_improvement":"","seoaic_idea_thumbnail_generator":"","thumbnail_generated":false,"thumbnail_generate_prompt":"","seoaic_article_description":""},"make_fuel_type":[],"make_model":[6966],"make_brand":[3745],"make_year":[3748],"pwb-brand":[8334],"product_brand":[],"product_cat":[6092,6093,7292],"product_tag":[],"class_list":{"0":"post-52454","1":"product","2":"type-product","3":"status-publish","4":"has-post-thumbnail","6":"make_engine-normal-cab","7":"make_engine-globetrotter","8":"make_engine-globetrotter-xl-cab","9":"make_model-fh-aero","10":"make_brand-volvo","11":"make_year-trucks","12":"pwb-brand-brand_rststeel","13":"product_cat-front-spoiler-bars","14":"product_cat-front-spoiler-bars-for-trucks","15":"product_cat-volvo-ep-ka","16":"product_shipping_class-erikoispitka","18":"first","19":"instock","20":"taxable","21":"shipping-taxable","22":"purchasable","23":"product-type-variable"},"yoast_head":"<!-- This site is optimized with the Yoast SEO plugin v25.7 - https:\/\/yoast.com\/wordpress\/plugins\/seo\/ -->\n<title>Front Spoiler Bar 3-piece Volvo FH AERO<\/title>\n<meta name=\"description\" content=\"3-piece front spoiler bar for Volvo FH AERO. Increase style and front-end protection. Made from stainless steel for long lasting durablity\" \/>\n<meta name=\"robots\" content=\"index, follow, max-snippet:-1, max-image-preview:large, max-video-preview:-1\" \/>\n<link rel=\"canonical\" href=\"https:\/\/com.rst-steel.eu\/nb\/produkt\/front-spoiler-bar-3-piece-volvo-fh-aero_prm_76260\/\" \/>\n<meta property=\"og:locale\" content=\"nb_NO\" \/>\n<meta property=\"og:type\" content=\"article\" \/>\n<meta property=\"og:title\" content=\"Front Spoiler Bar 3-piece Volvo FH AERO\" \/>\n<meta property=\"og:description\" content=\"3-piece front spoiler bar for Volvo FH AERO. Increase style and front-end protection. Made from stainless steel for long lasting durablity\" \/>\n<meta property=\"og:url\" content=\"https:\/\/com.rst-steel.eu\/nb\/produkt\/front-spoiler-bar-3-piece-volvo-fh-aero_prm_76260\/\" \/>\n<meta property=\"og:site_name\" content=\"RST-Steel\" \/>\n<meta property=\"article:publisher\" content=\"https:\/\/www.facebook.com\/rststeel\" \/>\n<meta property=\"article:modified_time\" content=\"2026-03-16T06:20:04+00:00\" \/>\n<meta property=\"og:image\" content=\"https:\/\/com.rst-steel.eu\/wp-content\/uploads\/2025\/06\/7a9212ed2b83a0616912319db3233f74c2ab65d4_VO0422AM_web1.jpeg\" \/>\n\t<meta property=\"og:image:width\" content=\"2560\" \/>\n\t<meta property=\"og:image:height\" content=\"1706\" \/>\n\t<meta property=\"og:image:type\" content=\"image\/jpeg\" \/>\n<meta name=\"twitter:card\" content=\"summary_large_image\" \/>\n<meta name=\"twitter:label1\" content=\"Ansl. lesetid\" \/>\n\t<meta name=\"twitter:data1\" content=\"1 minutt\" \/>\n<script type=\"application\/ld+json\" class=\"yoast-schema-graph\">{\"@context\":\"https:\/\/schema.org\",\"@graph\":[{\"@type\":\"WebPage\",\"@id\":\"https:\/\/com.rst-steel.eu\/sv\/produkt\/front-spoiler-bar-3-piece-volvo-fh-aero_prm_76260\/\",\"url\":\"https:\/\/com.rst-steel.eu\/sv\/produkt\/front-spoiler-bar-3-piece-volvo-fh-aero_prm_76260\/\",\"name\":\"Front Spoiler Bar 3-piece Volvo FH AERO\",\"isPartOf\":{\"@id\":\"https:\/\/com.rst-steel.eu\/#website\"},\"primaryImageOfPage\":{\"@id\":\"https:\/\/com.rst-steel.eu\/sv\/produkt\/front-spoiler-bar-3-piece-volvo-fh-aero_prm_76260\/#primaryimage\"},\"image\":{\"@id\":\"https:\/\/com.rst-steel.eu\/sv\/produkt\/front-spoiler-bar-3-piece-volvo-fh-aero_prm_76260\/#primaryimage\"},\"thumbnailUrl\":\"https:\/\/com.rst-steel.eu\/wp-content\/uploads\/2025\/06\/7a9212ed2b83a0616912319db3233f74c2ab65d4_VO0422AM_web1.jpeg\",\"datePublished\":\"2025-06-16T12:16:40+00:00\",\"dateModified\":\"2026-03-16T06:20:04+00:00\",\"description\":\"3-piece front spoiler bar for Volvo FH AERO. Increase style and front-end protection. Made from stainless steel for long lasting durablity\",\"breadcrumb\":{\"@id\":\"https:\/\/com.rst-steel.eu\/sv\/produkt\/front-spoiler-bar-3-piece-volvo-fh-aero_prm_76260\/#breadcrumb\"},\"inLanguage\":\"nb-NO\",\"potentialAction\":[{\"@type\":\"ReadAction\",\"target\":[\"https:\/\/com.rst-steel.eu\/sv\/produkt\/front-spoiler-bar-3-piece-volvo-fh-aero_prm_76260\/\"]}]},{\"@type\":\"ImageObject\",\"inLanguage\":\"nb-NO\",\"@id\":\"https:\/\/com.rst-steel.eu\/sv\/produkt\/front-spoiler-bar-3-piece-volvo-fh-aero_prm_76260\/#primaryimage\",\"url\":\"https:\/\/com.rst-steel.eu\/wp-content\/uploads\/2025\/06\/7a9212ed2b83a0616912319db3233f74c2ab65d4_VO0422AM_web1.jpeg\",\"contentUrl\":\"https:\/\/com.rst-steel.eu\/wp-content\/uploads\/2025\/06\/7a9212ed2b83a0616912319db3233f74c2ab65d4_VO0422AM_web1.jpeg\",\"width\":2560,\"height\":1706,\"caption\":\"Front Spoiler Bar 3-piece Volvo FH AERO\"},{\"@type\":\"BreadcrumbList\",\"@id\":\"https:\/\/com.rst-steel.eu\/sv\/produkt\/front-spoiler-bar-3-piece-volvo-fh-aero_prm_76260\/#breadcrumb\",\"itemListElement\":[{\"@type\":\"ListItem\",\"position\":1,\"name\":\"Home\",\"item\":\"https:\/\/com.rst-steel.eu\/\"},{\"@type\":\"ListItem\",\"position\":2,\"name\":\"RST-Steel Shop\",\"item\":\"https:\/\/com.rst-steel.eu\/shop\/\"},{\"@type\":\"ListItem\",\"position\":3,\"name\":\"Front Spoiler Bar 3-piece Volvo FH AERO\"}]},{\"@type\":\"WebSite\",\"@id\":\"https:\/\/com.rst-steel.eu\/#website\",\"url\":\"https:\/\/com.rst-steel.eu\/\",\"name\":\"RST-Steel.com\",\"description\":\"Finnish quality steel, for quality-conscious drivers\",\"publisher\":{\"@id\":\"https:\/\/com.rst-steel.eu\/#organization\"},\"alternateName\":\"Safe and stylish RST-Steel quality\",\"potentialAction\":[{\"@type\":\"SearchAction\",\"target\":{\"@type\":\"EntryPoint\",\"urlTemplate\":\"https:\/\/com.rst-steel.eu\/?s={search_term_string}\"},\"query-input\":{\"@type\":\"PropertyValueSpecification\",\"valueRequired\":true,\"valueName\":\"search_term_string\"}}],\"inLanguage\":\"nb-NO\"},{\"@type\":\"Organization\",\"@id\":\"https:\/\/com.rst-steel.eu\/#organization\",\"name\":\"RST-Steel Oy\",\"url\":\"https:\/\/com.rst-steel.eu\/\",\"logo\":{\"@type\":\"ImageObject\",\"inLanguage\":\"nb-NO\",\"@id\":\"https:\/\/com.rst-steel.eu\/#\/schema\/logo\/image\/\",\"url\":\"https:\/\/com.rst-steel.eu\/wp-content\/uploads\/2023\/04\/cropped-Rst-logo-valkoinen-teksti-3.png\",\"contentUrl\":\"https:\/\/com.rst-steel.eu\/wp-content\/uploads\/2023\/04\/cropped-Rst-logo-valkoinen-teksti-3.png\",\"width\":512,\"height\":115,\"caption\":\"RST-Steel Oy\"},\"image\":{\"@id\":\"https:\/\/com.rst-steel.eu\/#\/schema\/logo\/image\/\"},\"sameAs\":[\"https:\/\/www.facebook.com\/rststeel\",\"https:\/\/www.instagram.com\/rststeeloy\/\"]}]}<\/script>\n<!-- \/ Yoast SEO plugin. -->","yoast_head_json":{"title":"Front Spoiler Bar 3-piece Volvo FH AERO","description":"3-piece front spoiler bar for Volvo FH AERO. Increase style and front-end protection. Made from stainless steel for long lasting durablity","robots":{"index":"index","follow":"follow","max-snippet":"max-snippet:-1","max-image-preview":"max-image-preview:large","max-video-preview":"max-video-preview:-1"},"canonical":"https:\/\/com.rst-steel.eu\/nb\/produkt\/front-spoiler-bar-3-piece-volvo-fh-aero_prm_76260\/","og_locale":"nb_NO","og_type":"article","og_title":"Front Spoiler Bar 3-piece Volvo FH AERO","og_description":"3-piece front spoiler bar for Volvo FH AERO. Increase style and front-end protection. Made from stainless steel for long lasting durablity","og_url":"https:\/\/com.rst-steel.eu\/nb\/produkt\/front-spoiler-bar-3-piece-volvo-fh-aero_prm_76260\/","og_site_name":"RST-Steel","article_publisher":"https:\/\/www.facebook.com\/rststeel","article_modified_time":"2026-03-16T06:20:04+00:00","og_image":[{"width":2560,"height":1706,"url":"https:\/\/com.rst-steel.eu\/wp-content\/uploads\/2025\/06\/7a9212ed2b83a0616912319db3233f74c2ab65d4_VO0422AM_web1.jpeg","type":"image\/jpeg"}],"twitter_card":"summary_large_image","twitter_misc":{"Ansl. lesetid":"1 minutt"},"schema":{"@context":"https:\/\/schema.org","@graph":[{"@type":"WebPage","@id":"https:\/\/com.rst-steel.eu\/sv\/produkt\/front-spoiler-bar-3-piece-volvo-fh-aero_prm_76260\/","url":"https:\/\/com.rst-steel.eu\/sv\/produkt\/front-spoiler-bar-3-piece-volvo-fh-aero_prm_76260\/","name":"Front Spoiler Bar 3-piece Volvo FH AERO","isPartOf":{"@id":"https:\/\/com.rst-steel.eu\/#website"},"primaryImageOfPage":{"@id":"https:\/\/com.rst-steel.eu\/sv\/produkt\/front-spoiler-bar-3-piece-volvo-fh-aero_prm_76260\/#primaryimage"},"image":{"@id":"https:\/\/com.rst-steel.eu\/sv\/produkt\/front-spoiler-bar-3-piece-volvo-fh-aero_prm_76260\/#primaryimage"},"thumbnailUrl":"https:\/\/com.rst-steel.eu\/wp-content\/uploads\/2025\/06\/7a9212ed2b83a0616912319db3233f74c2ab65d4_VO0422AM_web1.jpeg","datePublished":"2025-06-16T12:16:40+00:00","dateModified":"2026-03-16T06:20:04+00:00","description":"3-piece front spoiler bar for Volvo FH AERO. Increase style and front-end protection. Made from stainless steel for long lasting durablity","breadcrumb":{"@id":"https:\/\/com.rst-steel.eu\/sv\/produkt\/front-spoiler-bar-3-piece-volvo-fh-aero_prm_76260\/#breadcrumb"},"inLanguage":"nb-NO","potentialAction":[{"@type":"ReadAction","target":["https:\/\/com.rst-steel.eu\/sv\/produkt\/front-spoiler-bar-3-piece-volvo-fh-aero_prm_76260\/"]}]},{"@type":"ImageObject","inLanguage":"nb-NO","@id":"https:\/\/com.rst-steel.eu\/sv\/produkt\/front-spoiler-bar-3-piece-volvo-fh-aero_prm_76260\/#primaryimage","url":"https:\/\/com.rst-steel.eu\/wp-content\/uploads\/2025\/06\/7a9212ed2b83a0616912319db3233f74c2ab65d4_VO0422AM_web1.jpeg","contentUrl":"https:\/\/com.rst-steel.eu\/wp-content\/uploads\/2025\/06\/7a9212ed2b83a0616912319db3233f74c2ab65d4_VO0422AM_web1.jpeg","width":2560,"height":1706,"caption":"Front Spoiler Bar 3-piece Volvo FH AERO"},{"@type":"BreadcrumbList","@id":"https:\/\/com.rst-steel.eu\/sv\/produkt\/front-spoiler-bar-3-piece-volvo-fh-aero_prm_76260\/#breadcrumb","itemListElement":[{"@type":"ListItem","position":1,"name":"Home","item":"https:\/\/com.rst-steel.eu\/"},{"@type":"ListItem","position":2,"name":"RST-Steel Shop","item":"https:\/\/com.rst-steel.eu\/shop\/"},{"@type":"ListItem","position":3,"name":"Front Spoiler Bar 3-piece Volvo FH AERO"}]},{"@type":"WebSite","@id":"https:\/\/com.rst-steel.eu\/#website","url":"https:\/\/com.rst-steel.eu\/","name":"RST-Steel.com","description":"Finsk kvalitetsst\u00e5l, for kvalitetsbevisste sj\u00e5f\u00f8rer","publisher":{"@id":"https:\/\/com.rst-steel.eu\/#organization"},"alternateName":"Safe and stylish RST-Steel quality","potentialAction":[{"@type":"SearchAction","target":{"@type":"EntryPoint","urlTemplate":"https:\/\/com.rst-steel.eu\/?s={search_term_string}"},"query-input":{"@type":"PropertyValueSpecification","valueRequired":true,"valueName":"search_term_string"}}],"inLanguage":"nb-NO"},{"@type":"Organization","@id":"https:\/\/com.rst-steel.eu\/#organization","name":"RST-Steel Oy","url":"https:\/\/com.rst-steel.eu\/","logo":{"@type":"ImageObject","inLanguage":"nb-NO","@id":"https:\/\/com.rst-steel.eu\/#\/schema\/logo\/image\/","url":"https:\/\/com.rst-steel.eu\/wp-content\/uploads\/2023\/04\/cropped-Rst-logo-valkoinen-teksti-3.png","contentUrl":"https:\/\/com.rst-steel.eu\/wp-content\/uploads\/2023\/04\/cropped-Rst-logo-valkoinen-teksti-3.png","width":512,"height":115,"caption":"RST-Steel Oy"},"image":{"@id":"https:\/\/com.rst-steel.eu\/#\/schema\/logo\/image\/"},"sameAs":["https:\/\/www.facebook.com\/rststeel","https:\/\/www.instagram.com\/rststeeloy\/"]}]}},"brands":[{"id":8334,"name":"RST-Steel","slug":"brand_rststeel"}],"_links":{"self":[{"href":"https:\/\/com.rst-steel.eu\/nb\/wp-json\/wp\/v2\/product\/52454","targetHints":{"allow":["GET"]}}],"collection":[{"href":"https:\/\/com.rst-steel.eu\/nb\/wp-json\/wp\/v2\/product"}],"about":[{"href":"https:\/\/com.rst-steel.eu\/nb\/wp-json\/wp\/v2\/types\/product"}],"replies":[{"embeddable":true,"href":"https:\/\/com.rst-steel.eu\/nb\/wp-json\/wp\/v2\/comments?post=52454"}],"version-history":[{"count":0,"href":"https:\/\/com.rst-steel.eu\/nb\/wp-json\/wp\/v2\/product\/52454\/revisions"}],"wp:featuredmedia":[{"embeddable":true,"href":"https:\/\/com.rst-steel.eu\/nb\/wp-json\/wp\/v2\/media\/52451"}],"wp:attachment":[{"href":"https:\/\/com.rst-steel.eu\/nb\/wp-json\/wp\/v2\/media?parent=52454"}],"wp:term":[{"taxonomy":"make_fuel_type","embeddable":true,"href":"https:\/\/com.rst-steel.eu\/nb\/wp-json\/wp\/v2\/make_fuel_type?post=52454"},{"taxonomy":"make_model","embeddable":true,"href":"https:\/\/com.rst-steel.eu\/nb\/wp-json\/wp\/v2\/make_model?post=52454"},{"taxonomy":"make_brand","embeddable":true,"href":"https:\/\/com.rst-steel.eu\/nb\/wp-json\/wp\/v2\/make_brand?post=52454"},{"taxonomy":"make_year","embeddable":true,"href":"https:\/\/com.rst-steel.eu\/nb\/wp-json\/wp\/v2\/make_year?post=52454"},{"taxonomy":"pwb-brand","embeddable":true,"href":"https:\/\/com.rst-steel.eu\/nb\/wp-json\/wp\/v2\/pwb-brand?post=52454"},{"taxonomy":"product_brand","embeddable":true,"href":"https:\/\/com.rst-steel.eu\/nb\/wp-json\/wp\/v2\/product_brand?post=52454"},{"taxonomy":"product_cat","embeddable":true,"href":"https:\/\/com.rst-steel.eu\/nb\/wp-json\/wp\/v2\/product_cat?post=52454"},{"taxonomy":"product_tag","embeddable":true,"href":"https:\/\/com.rst-steel.eu\/nb\/wp-json\/wp\/v2\/product_tag?post=52454"}],"curies":[{"name":"wp","href":"https:\/\/api.w.org\/{rel}","templated":true}]}}