{"id":52443,"date":"2025-06-16T15:14:59","date_gmt":"2025-06-16T12:14:59","guid":{"rendered":"https:\/\/rst-steel.com\/product\/work-light-bar-volvo-fh4-normal-short-model_prm_77337\/"},"modified":"2026-03-16T09:20:03","modified_gmt":"2026-03-16T06:20:03","slug":"work-light-bar-volvo-fh4-normal-short-model_prm_77337","status":"publish","type":"product","link":"https:\/\/com.rst-steel.eu\/nb\/produkt\/work-light-bar-volvo-fh4-normal-short-model_prm_77337\/","title":{"rendered":"Work Light Bar Volvo FH4 &#8211; Normal (short model)"},"content":{"rendered":"<p><span style=\"font-weight: bold;\">Work Light Bar Volvo FH4 &#8211; Normal (short model)<\/span><\/p>\n<p><span style=\"font-weight: bold;\">\u00a0<\/span><\/p>\n<p><span style=\"font-weight: bold;\">Also suitable for cars with air intake on the roof<\/span><\/p>\n<p>&nbsp;<\/p>\n<p><span style=\"font-weight: bold;\">This work light bracket is designed specifically to meet your needs!<\/span><\/p>\n<ul>\n<li><\/li>\n<\/ul>\n<p><span style=\"font-weight: bold;\">RST-Steel\u2019s work light brackets are high-quality Key Flag products made from stainless steel. The bracket accentuates the stylish lines of the cab, and the same bracket can also be fitted with Lazer work lights to enhance safety. The brackets can also be equipped with position lights, further improving visibility in traffic.<\/span><\/p>\n<p><span style=\"font-weight: bold;\">\u00a0<\/span><\/p>\n<p><span style=\"font-weight: bold;\">Work lights sold separately!<\/span><\/p>\n<p><span style=\"font-weight: bold;\">\u00a0<\/span><\/p>\n<p><span style=\"font-weight: bold;\">Egenskaper:<\/span><\/p>\n<ul>\n<li><span style=\"font-weight: bold;\">Compatibility: Specifically designed for Volvo FH4 short, ensuring quick and effortless installation.<\/span><\/li>\n<li><span style=\"font-weight: bold;\">Materialer: Laget av slitesterkt rustfritt st\u00e5l, som gir lang levetid og utmerket v\u00e6rbestandighet.<\/span><\/li>\n<li><span style=\"font-weight: bold;\">Stilig design: Polert eller lakkert finish og elegant design som fremhever lastebilens utseende.<\/span><\/li>\n<li><span style=\"font-weight: bold;\">Lysmontering: Takb\u00f8ylen gir enkel montering av flere ekstralys, noe som forbedrer belysningen betydelig.<\/span><\/li>\n<li><span style=\"font-weight: bold;\">Hvorfor velge RST-Steel?<\/span><\/li>\n<li><span style=\"font-weight: bold;\">\u00a0<\/span><\/li>\n<li><span style=\"font-weight: bold;\">Reliability: Years of experience and expertise ensure the high quality and durability of our products.<\/span><\/li>\n<li><span style=\"font-weight: bold;\">Customer Satisfaction: Thousands of satisfied customers worldwide trust RST-Steel products.<\/span><\/li>\n<li><\/li>\n<li><span style=\"font-weight: bold;\">Teknisk informasjon:<br \/>\n<\/span><\/li>\n<li><span style=\"font-weight: bold;\">Color: Polished stainless steel or Powdercoated with RAL-colors<\/span><\/li>\n<li><span style=\"font-weight: bold;\">R\u00f8rdiameter: 60 mm<\/span><\/li>\n<li><span style=\"font-weight: bold;\"><span style=\"font-weight: bold;\">Lengde: 2200 mm<\/span><\/span><\/li>\n<li>Innhold i leveransen:<\/li>\n<li><span style=\"font-weight: bold;\">Work light bar<\/span><\/li>\n<li><span style=\"font-weight: bold;\">Festemidler som kreves for installasjon<\/span><\/li>\n<li><span style=\"font-weight: bold;\">Installasjonsinstruksjoner<\/span><\/li>\n<li><span style=\"font-weight: bold;\"><span style=\"font-weight: bold;\">Sikkerhet: \u00d8ker synligheten i m\u00f8rke og krevende kj\u00f8reforhold, og gir \u00f8kt sikkerhet for b\u00e5de sj\u00e5f\u00f8r og andre trafikanter.<\/span><\/span><\/li>\n<\/ul>\n<p><span style=\"font-weight: bold;\">\u00a0<\/span><\/p>","protected":false},"excerpt":{"rendered":"<p>Flere modellalternativer tilgjengelig!<\/p>","protected":false},"featured_media":52442,"comment_status":"open","ping_status":"closed","template":"","meta":{"_improvement_type_select":"improve_an_existing","_thumb_yes_seoaic":false,"_frame_yes_seoaic":false,"seoaic_generate_description":"","seoaic_improve_instructions_prompt":"","seoaic_rollback_content_improvement":"","seoaic_idea_thumbnail_generator":"","thumbnail_generated":false,"thumbnail_generate_prompt":"","seoaic_article_description":""},"make_fuel_type":[],"make_model":[3743],"make_brand":[3745],"make_year":[3748],"pwb-brand":[8334],"product_brand":[],"product_cat":[6057,6061,7190],"product_tag":[8491],"class_list":{"0":"post-52443","1":"product","2":"type-product","3":"status-publish","4":"has-post-thumbnail","6":"make_engine-globetrotter","7":"make_model-fh4","8":"make_brand-volvo","9":"make_year-trucks","10":"pwb-brand-brand_rststeel","11":"product_cat-lightbars","12":"product_cat-work-light-bars-for-trucks","13":"product_cat-volvo-ka-tk","14":"product_tag-work-light-bar-volvo","15":"product_shipping_class-lightbars","17":"first","18":"onbackorder","19":"taxable","20":"shipping-taxable","21":"purchasable","22":"product-type-variable"},"yoast_head":"<!-- This site is optimized with the Yoast SEO plugin v25.7 - https:\/\/yoast.com\/wordpress\/plugins\/seo\/ -->\n<title>Work Light Bar Volvo FH4 - Normal (short model)<\/title>\n<meta name=\"description\" content=\"light bar for Volvo FH4 short cab. Designed for optimal fit, allowing easy mounting of additional lights for improved rear visibility and safety.\" \/>\n<meta name=\"robots\" content=\"index, follow, max-snippet:-1, max-image-preview:large, max-video-preview:-1\" \/>\n<link rel=\"canonical\" href=\"https:\/\/com.rst-steel.eu\/nb\/produkt\/work-light-bar-volvo-fh4-normal-short-model_prm_77337\/\" \/>\n<meta property=\"og:locale\" content=\"nb_NO\" \/>\n<meta property=\"og:type\" content=\"article\" \/>\n<meta property=\"og:title\" content=\"Work Light Bar Volvo FH4 - Normal (short model)\" \/>\n<meta property=\"og:description\" content=\"light bar for Volvo FH4 short cab. Designed for optimal fit, allowing easy mounting of additional lights for improved rear visibility and safety.\" \/>\n<meta property=\"og:url\" content=\"https:\/\/com.rst-steel.eu\/nb\/produkt\/work-light-bar-volvo-fh4-normal-short-model_prm_77337\/\" \/>\n<meta property=\"og:site_name\" content=\"RST-Steel\" \/>\n<meta property=\"article:publisher\" content=\"https:\/\/www.facebook.com\/rststeel\" \/>\n<meta property=\"article:modified_time\" content=\"2026-03-16T06:20:03+00:00\" \/>\n<meta property=\"og:image\" content=\"https:\/\/com.rst-steel.eu\/wp-content\/uploads\/2025\/06\/fe9f7a447da5b01bfee0a15c4f73e3a22dfe67ab_WhatsApp_Image_2025_06_11_at_09.58.00.jpeg\" \/>\n\t<meta property=\"og:image:width\" content=\"1200\" \/>\n\t<meta property=\"og:image:height\" content=\"1600\" \/>\n\t<meta property=\"og:image:type\" content=\"image\/jpeg\" \/>\n<meta name=\"twitter:card\" content=\"summary_large_image\" \/>\n<meta name=\"twitter:label1\" content=\"Ansl. lesetid\" \/>\n\t<meta name=\"twitter:data1\" content=\"2 minutter\" \/>\n<script type=\"application\/ld+json\" class=\"yoast-schema-graph\">{\"@context\":\"https:\/\/schema.org\",\"@graph\":[{\"@type\":\"WebPage\",\"@id\":\"https:\/\/com.rst-steel.eu\/sv\/produkt\/work-light-bar-volvo-fh4-normal-short-model_prm_77337\/\",\"url\":\"https:\/\/com.rst-steel.eu\/sv\/produkt\/work-light-bar-volvo-fh4-normal-short-model_prm_77337\/\",\"name\":\"Work Light Bar Volvo FH4 - Normal (short model)\",\"isPartOf\":{\"@id\":\"https:\/\/com.rst-steel.eu\/#website\"},\"primaryImageOfPage\":{\"@id\":\"https:\/\/com.rst-steel.eu\/sv\/produkt\/work-light-bar-volvo-fh4-normal-short-model_prm_77337\/#primaryimage\"},\"image\":{\"@id\":\"https:\/\/com.rst-steel.eu\/sv\/produkt\/work-light-bar-volvo-fh4-normal-short-model_prm_77337\/#primaryimage\"},\"thumbnailUrl\":\"https:\/\/com.rst-steel.eu\/wp-content\/uploads\/2025\/06\/fe9f7a447da5b01bfee0a15c4f73e3a22dfe67ab_WhatsApp_Image_2025_06_11_at_09.58.00.jpeg\",\"datePublished\":\"2025-06-16T12:14:59+00:00\",\"dateModified\":\"2026-03-16T06:20:03+00:00\",\"description\":\"light bar for Volvo FH4 short cab. Designed for optimal fit, allowing easy mounting of additional lights for improved rear visibility and safety.\",\"breadcrumb\":{\"@id\":\"https:\/\/com.rst-steel.eu\/sv\/produkt\/work-light-bar-volvo-fh4-normal-short-model_prm_77337\/#breadcrumb\"},\"inLanguage\":\"nb-NO\",\"potentialAction\":[{\"@type\":\"ReadAction\",\"target\":[\"https:\/\/com.rst-steel.eu\/sv\/produkt\/work-light-bar-volvo-fh4-normal-short-model_prm_77337\/\"]}]},{\"@type\":\"ImageObject\",\"inLanguage\":\"nb-NO\",\"@id\":\"https:\/\/com.rst-steel.eu\/sv\/produkt\/work-light-bar-volvo-fh4-normal-short-model_prm_77337\/#primaryimage\",\"url\":\"https:\/\/com.rst-steel.eu\/wp-content\/uploads\/2025\/06\/fe9f7a447da5b01bfee0a15c4f73e3a22dfe67ab_WhatsApp_Image_2025_06_11_at_09.58.00.jpeg\",\"contentUrl\":\"https:\/\/com.rst-steel.eu\/wp-content\/uploads\/2025\/06\/fe9f7a447da5b01bfee0a15c4f73e3a22dfe67ab_WhatsApp_Image_2025_06_11_at_09.58.00.jpeg\",\"width\":1200,\"height\":1600},{\"@type\":\"BreadcrumbList\",\"@id\":\"https:\/\/com.rst-steel.eu\/sv\/produkt\/work-light-bar-volvo-fh4-normal-short-model_prm_77337\/#breadcrumb\",\"itemListElement\":[{\"@type\":\"ListItem\",\"position\":1,\"name\":\"Home\",\"item\":\"https:\/\/com.rst-steel.eu\/\"},{\"@type\":\"ListItem\",\"position\":2,\"name\":\"RST-Steel Shop\",\"item\":\"https:\/\/com.rst-steel.eu\/shop\/\"},{\"@type\":\"ListItem\",\"position\":3,\"name\":\"Work Light Bar Volvo FH4 &#8211; Normal (short model)\"}]},{\"@type\":\"WebSite\",\"@id\":\"https:\/\/com.rst-steel.eu\/#website\",\"url\":\"https:\/\/com.rst-steel.eu\/\",\"name\":\"RST-Steel.com\",\"description\":\"Finnish quality steel, for quality-conscious drivers\",\"publisher\":{\"@id\":\"https:\/\/com.rst-steel.eu\/#organization\"},\"alternateName\":\"Safe and stylish RST-Steel quality\",\"potentialAction\":[{\"@type\":\"SearchAction\",\"target\":{\"@type\":\"EntryPoint\",\"urlTemplate\":\"https:\/\/com.rst-steel.eu\/?s={search_term_string}\"},\"query-input\":{\"@type\":\"PropertyValueSpecification\",\"valueRequired\":true,\"valueName\":\"search_term_string\"}}],\"inLanguage\":\"nb-NO\"},{\"@type\":\"Organization\",\"@id\":\"https:\/\/com.rst-steel.eu\/#organization\",\"name\":\"RST-Steel Oy\",\"url\":\"https:\/\/com.rst-steel.eu\/\",\"logo\":{\"@type\":\"ImageObject\",\"inLanguage\":\"nb-NO\",\"@id\":\"https:\/\/com.rst-steel.eu\/#\/schema\/logo\/image\/\",\"url\":\"https:\/\/com.rst-steel.eu\/wp-content\/uploads\/2023\/04\/cropped-Rst-logo-valkoinen-teksti-3.png\",\"contentUrl\":\"https:\/\/com.rst-steel.eu\/wp-content\/uploads\/2023\/04\/cropped-Rst-logo-valkoinen-teksti-3.png\",\"width\":512,\"height\":115,\"caption\":\"RST-Steel Oy\"},\"image\":{\"@id\":\"https:\/\/com.rst-steel.eu\/#\/schema\/logo\/image\/\"},\"sameAs\":[\"https:\/\/www.facebook.com\/rststeel\",\"https:\/\/www.instagram.com\/rststeeloy\/\"]}]}<\/script>\n<!-- \/ Yoast SEO plugin. -->","yoast_head_json":{"title":"Work Light Bar Volvo FH4 - Normal (short model)","description":"light bar for Volvo FH4 short cab. Designed for optimal fit, allowing easy mounting of additional lights for improved rear visibility and safety.","robots":{"index":"index","follow":"follow","max-snippet":"max-snippet:-1","max-image-preview":"max-image-preview:large","max-video-preview":"max-video-preview:-1"},"canonical":"https:\/\/com.rst-steel.eu\/nb\/produkt\/work-light-bar-volvo-fh4-normal-short-model_prm_77337\/","og_locale":"nb_NO","og_type":"article","og_title":"Work Light Bar Volvo FH4 - Normal (short model)","og_description":"light bar for Volvo FH4 short cab. Designed for optimal fit, allowing easy mounting of additional lights for improved rear visibility and safety.","og_url":"https:\/\/com.rst-steel.eu\/nb\/produkt\/work-light-bar-volvo-fh4-normal-short-model_prm_77337\/","og_site_name":"RST-Steel","article_publisher":"https:\/\/www.facebook.com\/rststeel","article_modified_time":"2026-03-16T06:20:03+00:00","og_image":[{"width":1200,"height":1600,"url":"https:\/\/com.rst-steel.eu\/wp-content\/uploads\/2025\/06\/fe9f7a447da5b01bfee0a15c4f73e3a22dfe67ab_WhatsApp_Image_2025_06_11_at_09.58.00.jpeg","type":"image\/jpeg"}],"twitter_card":"summary_large_image","twitter_misc":{"Ansl. lesetid":"2 minutter"},"schema":{"@context":"https:\/\/schema.org","@graph":[{"@type":"WebPage","@id":"https:\/\/com.rst-steel.eu\/sv\/produkt\/work-light-bar-volvo-fh4-normal-short-model_prm_77337\/","url":"https:\/\/com.rst-steel.eu\/sv\/produkt\/work-light-bar-volvo-fh4-normal-short-model_prm_77337\/","name":"Work Light Bar Volvo FH4 - Normal (short model)","isPartOf":{"@id":"https:\/\/com.rst-steel.eu\/#website"},"primaryImageOfPage":{"@id":"https:\/\/com.rst-steel.eu\/sv\/produkt\/work-light-bar-volvo-fh4-normal-short-model_prm_77337\/#primaryimage"},"image":{"@id":"https:\/\/com.rst-steel.eu\/sv\/produkt\/work-light-bar-volvo-fh4-normal-short-model_prm_77337\/#primaryimage"},"thumbnailUrl":"https:\/\/com.rst-steel.eu\/wp-content\/uploads\/2025\/06\/fe9f7a447da5b01bfee0a15c4f73e3a22dfe67ab_WhatsApp_Image_2025_06_11_at_09.58.00.jpeg","datePublished":"2025-06-16T12:14:59+00:00","dateModified":"2026-03-16T06:20:03+00:00","description":"light bar for Volvo FH4 short cab. Designed for optimal fit, allowing easy mounting of additional lights for improved rear visibility and safety.","breadcrumb":{"@id":"https:\/\/com.rst-steel.eu\/sv\/produkt\/work-light-bar-volvo-fh4-normal-short-model_prm_77337\/#breadcrumb"},"inLanguage":"nb-NO","potentialAction":[{"@type":"ReadAction","target":["https:\/\/com.rst-steel.eu\/sv\/produkt\/work-light-bar-volvo-fh4-normal-short-model_prm_77337\/"]}]},{"@type":"ImageObject","inLanguage":"nb-NO","@id":"https:\/\/com.rst-steel.eu\/sv\/produkt\/work-light-bar-volvo-fh4-normal-short-model_prm_77337\/#primaryimage","url":"https:\/\/com.rst-steel.eu\/wp-content\/uploads\/2025\/06\/fe9f7a447da5b01bfee0a15c4f73e3a22dfe67ab_WhatsApp_Image_2025_06_11_at_09.58.00.jpeg","contentUrl":"https:\/\/com.rst-steel.eu\/wp-content\/uploads\/2025\/06\/fe9f7a447da5b01bfee0a15c4f73e3a22dfe67ab_WhatsApp_Image_2025_06_11_at_09.58.00.jpeg","width":1200,"height":1600},{"@type":"BreadcrumbList","@id":"https:\/\/com.rst-steel.eu\/sv\/produkt\/work-light-bar-volvo-fh4-normal-short-model_prm_77337\/#breadcrumb","itemListElement":[{"@type":"ListItem","position":1,"name":"Home","item":"https:\/\/com.rst-steel.eu\/"},{"@type":"ListItem","position":2,"name":"RST-Steel Shop","item":"https:\/\/com.rst-steel.eu\/shop\/"},{"@type":"ListItem","position":3,"name":"Work Light Bar Volvo FH4 &#8211; Normal (short model)"}]},{"@type":"WebSite","@id":"https:\/\/com.rst-steel.eu\/#website","url":"https:\/\/com.rst-steel.eu\/","name":"RST-Steel.com","description":"Finsk kvalitetsst\u00e5l, for kvalitetsbevisste sj\u00e5f\u00f8rer","publisher":{"@id":"https:\/\/com.rst-steel.eu\/#organization"},"alternateName":"Safe and stylish RST-Steel quality","potentialAction":[{"@type":"SearchAction","target":{"@type":"EntryPoint","urlTemplate":"https:\/\/com.rst-steel.eu\/?s={search_term_string}"},"query-input":{"@type":"PropertyValueSpecification","valueRequired":true,"valueName":"search_term_string"}}],"inLanguage":"nb-NO"},{"@type":"Organization","@id":"https:\/\/com.rst-steel.eu\/#organization","name":"RST-Steel Oy","url":"https:\/\/com.rst-steel.eu\/","logo":{"@type":"ImageObject","inLanguage":"nb-NO","@id":"https:\/\/com.rst-steel.eu\/#\/schema\/logo\/image\/","url":"https:\/\/com.rst-steel.eu\/wp-content\/uploads\/2023\/04\/cropped-Rst-logo-valkoinen-teksti-3.png","contentUrl":"https:\/\/com.rst-steel.eu\/wp-content\/uploads\/2023\/04\/cropped-Rst-logo-valkoinen-teksti-3.png","width":512,"height":115,"caption":"RST-Steel Oy"},"image":{"@id":"https:\/\/com.rst-steel.eu\/#\/schema\/logo\/image\/"},"sameAs":["https:\/\/www.facebook.com\/rststeel","https:\/\/www.instagram.com\/rststeeloy\/"]}]}},"brands":[{"id":8334,"name":"RST-Steel","slug":"brand_rststeel"}],"_links":{"self":[{"href":"https:\/\/com.rst-steel.eu\/nb\/wp-json\/wp\/v2\/product\/52443","targetHints":{"allow":["GET"]}}],"collection":[{"href":"https:\/\/com.rst-steel.eu\/nb\/wp-json\/wp\/v2\/product"}],"about":[{"href":"https:\/\/com.rst-steel.eu\/nb\/wp-json\/wp\/v2\/types\/product"}],"replies":[{"embeddable":true,"href":"https:\/\/com.rst-steel.eu\/nb\/wp-json\/wp\/v2\/comments?post=52443"}],"version-history":[{"count":0,"href":"https:\/\/com.rst-steel.eu\/nb\/wp-json\/wp\/v2\/product\/52443\/revisions"}],"wp:featuredmedia":[{"embeddable":true,"href":"https:\/\/com.rst-steel.eu\/nb\/wp-json\/wp\/v2\/media\/52442"}],"wp:attachment":[{"href":"https:\/\/com.rst-steel.eu\/nb\/wp-json\/wp\/v2\/media?parent=52443"}],"wp:term":[{"taxonomy":"make_fuel_type","embeddable":true,"href":"https:\/\/com.rst-steel.eu\/nb\/wp-json\/wp\/v2\/make_fuel_type?post=52443"},{"taxonomy":"make_model","embeddable":true,"href":"https:\/\/com.rst-steel.eu\/nb\/wp-json\/wp\/v2\/make_model?post=52443"},{"taxonomy":"make_brand","embeddable":true,"href":"https:\/\/com.rst-steel.eu\/nb\/wp-json\/wp\/v2\/make_brand?post=52443"},{"taxonomy":"make_year","embeddable":true,"href":"https:\/\/com.rst-steel.eu\/nb\/wp-json\/wp\/v2\/make_year?post=52443"},{"taxonomy":"pwb-brand","embeddable":true,"href":"https:\/\/com.rst-steel.eu\/nb\/wp-json\/wp\/v2\/pwb-brand?post=52443"},{"taxonomy":"product_brand","embeddable":true,"href":"https:\/\/com.rst-steel.eu\/nb\/wp-json\/wp\/v2\/product_brand?post=52443"},{"taxonomy":"product_cat","embeddable":true,"href":"https:\/\/com.rst-steel.eu\/nb\/wp-json\/wp\/v2\/product_cat?post=52443"},{"taxonomy":"product_tag","embeddable":true,"href":"https:\/\/com.rst-steel.eu\/nb\/wp-json\/wp\/v2\/product_tag?post=52443"}],"curies":[{"name":"wp","href":"https:\/\/api.w.org\/{rel}","templated":true}]}}