{"id":52273,"date":"2025-06-10T14:35:56","date_gmt":"2025-06-10T11:35:56","guid":{"rendered":"https:\/\/rst-steel.com\/product\/roof-mounted-light-bar-for-mb-actros-gigaspace_prm_77374\/"},"modified":"2026-03-16T09:19:55","modified_gmt":"2026-03-16T06:19:55","slug":"roof-mounted-light-bar-for-mb-actros-gigaspace_prm_77374","status":"publish","type":"product","link":"https:\/\/com.rst-steel.eu\/nb\/produkt\/roof-mounted-light-bar-for-mb-actros-gigaspace_prm_77374\/","title":{"rendered":"Roof-Mounted Light Bar for MB Actros GigaSpace"},"content":{"rendered":"<p>Roof-Mounted Light Bar for MB Actros GigaSpace<\/p>\n<ul>\n<li><\/li>\n<\/ul>\n<p>RST-Steel\u2019s light bars are high-quality Key Flag products made from stainless steel. The light bar accentuates the elegant lines of the cab, and also allows for the installation of Lazer auxiliary lights to enhance driving safety. The light bars can also be equipped with position lights to further improve visibility in traffic.<\/p>\n<ul>\n<li><\/li>\n<\/ul>\n<p>Tekniske spesifikasjoner:<\/p>\n<ul>\n<li><\/li>\n<li>Farge: Polert rustfritt st\u00e5l<\/li>\n<li>R\u00f8rdiameter: 60 mm<\/li>\n<li>Welded rail for auxiliary lights<\/li>\n<li>Tube length: 1633 mm<\/li>\n<\/ul>\n<p>&nbsp;<\/p>\n<p>Innhold:<\/p>\n<ul>\n<li><\/li>\n<li>Vektb\u00f8yle<\/li>\n<li>Monteringsbraketter<\/li>\n<li>Installasjonsinstruksjoner<\/li>\n<\/ul>","protected":false},"excerpt":{"rendered":"<p>Available in different options<\/p>","protected":false},"featured_media":52272,"comment_status":"open","ping_status":"closed","template":"","meta":{"_improvement_type_select":"improve_an_existing","_thumb_yes_seoaic":false,"_frame_yes_seoaic":false,"seoaic_generate_description":"","seoaic_improve_instructions_prompt":"","seoaic_rollback_content_improvement":"","seoaic_idea_thumbnail_generator":"","thumbnail_generated":false,"thumbnail_generate_prompt":"","seoaic_article_description":""},"make_fuel_type":[],"make_model":[5649],"make_brand":[6469],"make_year":[3748],"pwb-brand":[8334],"product_brand":[],"product_cat":[6057,6058,7167],"product_tag":[],"class_list":{"0":"post-52273","1":"product","2":"type-product","3":"status-publish","4":"has-post-thumbnail","6":"make_engine-gigaspace-2-5m","7":"make_model-actros-mp4-mp5","8":"make_brand-mercedes-benz","9":"make_year-trucks","10":"pwb-brand-brand_rststeel","11":"product_cat-lightbars","12":"product_cat-roofbars-for-trucks","13":"product_cat-mb-ka-lt","14":"product_shipping_class-lightbars","16":"first","17":"instock","18":"taxable","19":"shipping-taxable","20":"purchasable","21":"product-type-variable"},"yoast_head":"<!-- This site is optimized with the Yoast SEO plugin v25.7 - https:\/\/yoast.com\/wordpress\/plugins\/seo\/ -->\n<title>Roof-Mounted Light Bar for MB Actros GigaSpace<\/title>\n<meta name=\"description\" content=\"Boost your MB Actros&#039;s visibility and style with a durable, stainless steel roof-mounted light bar. Perfect for auxiliary lights. Easy install.\" \/>\n<meta name=\"robots\" content=\"index, follow, max-snippet:-1, max-image-preview:large, max-video-preview:-1\" \/>\n<link rel=\"canonical\" href=\"https:\/\/com.rst-steel.eu\/nb\/produkt\/roof-mounted-light-bar-for-mb-actros-gigaspace_prm_77374\/\" \/>\n<meta property=\"og:locale\" content=\"nb_NO\" \/>\n<meta property=\"og:type\" content=\"article\" \/>\n<meta property=\"og:title\" content=\"Roof-Mounted Light Bar for MB Actros GigaSpace\" \/>\n<meta property=\"og:description\" content=\"Boost your MB Actros&#039;s visibility and style with a durable, stainless steel roof-mounted light bar. Perfect for auxiliary lights. Easy install.\" \/>\n<meta property=\"og:url\" content=\"https:\/\/com.rst-steel.eu\/nb\/produkt\/roof-mounted-light-bar-for-mb-actros-gigaspace_prm_77374\/\" \/>\n<meta property=\"og:site_name\" content=\"RST-Steel\" \/>\n<meta property=\"article:publisher\" content=\"https:\/\/www.facebook.com\/rststeel\" \/>\n<meta property=\"article:modified_time\" content=\"2026-03-16T06:19:55+00:00\" \/>\n<meta property=\"og:image\" content=\"https:\/\/com.rst-steel.eu\/wp-content\/uploads\/2025\/06\/844cbcbdab60bc738ec9394982db584e12b963a6_98555.jpg\" \/>\n\t<meta property=\"og:image:width\" content=\"1920\" \/>\n\t<meta property=\"og:image:height\" content=\"1536\" \/>\n\t<meta property=\"og:image:type\" content=\"image\/jpeg\" \/>\n<meta name=\"twitter:card\" content=\"summary_large_image\" \/>\n<meta name=\"twitter:label1\" content=\"Ansl. lesetid\" \/>\n\t<meta name=\"twitter:data1\" content=\"1 minutt\" \/>\n<script type=\"application\/ld+json\" class=\"yoast-schema-graph\">{\"@context\":\"https:\/\/schema.org\",\"@graph\":[{\"@type\":\"WebPage\",\"@id\":\"https:\/\/com.rst-steel.eu\/nb\/produkt\/roof-mounted-light-bar-for-mb-actros-gigaspace_prm_77374\/\",\"url\":\"https:\/\/com.rst-steel.eu\/nb\/produkt\/roof-mounted-light-bar-for-mb-actros-gigaspace_prm_77374\/\",\"name\":\"Roof-Mounted Light Bar for MB Actros GigaSpace\",\"isPartOf\":{\"@id\":\"https:\/\/com.rst-steel.eu\/#website\"},\"primaryImageOfPage\":{\"@id\":\"https:\/\/com.rst-steel.eu\/nb\/produkt\/roof-mounted-light-bar-for-mb-actros-gigaspace_prm_77374\/#primaryimage\"},\"image\":{\"@id\":\"https:\/\/com.rst-steel.eu\/nb\/produkt\/roof-mounted-light-bar-for-mb-actros-gigaspace_prm_77374\/#primaryimage\"},\"thumbnailUrl\":\"https:\/\/com.rst-steel.eu\/wp-content\/uploads\/2025\/06\/844cbcbdab60bc738ec9394982db584e12b963a6_98555.jpg\",\"datePublished\":\"2025-06-10T11:35:56+00:00\",\"dateModified\":\"2026-03-16T06:19:55+00:00\",\"description\":\"Boost your MB Actros's visibility and style with a durable, stainless steel roof-mounted light bar. Perfect for auxiliary lights. Easy install.\",\"breadcrumb\":{\"@id\":\"https:\/\/com.rst-steel.eu\/nb\/produkt\/roof-mounted-light-bar-for-mb-actros-gigaspace_prm_77374\/#breadcrumb\"},\"inLanguage\":\"nb-NO\",\"potentialAction\":[{\"@type\":\"ReadAction\",\"target\":[\"https:\/\/com.rst-steel.eu\/nb\/produkt\/roof-mounted-light-bar-for-mb-actros-gigaspace_prm_77374\/\"]}]},{\"@type\":\"ImageObject\",\"inLanguage\":\"nb-NO\",\"@id\":\"https:\/\/com.rst-steel.eu\/nb\/produkt\/roof-mounted-light-bar-for-mb-actros-gigaspace_prm_77374\/#primaryimage\",\"url\":\"https:\/\/com.rst-steel.eu\/wp-content\/uploads\/2025\/06\/844cbcbdab60bc738ec9394982db584e12b963a6_98555.jpg\",\"contentUrl\":\"https:\/\/com.rst-steel.eu\/wp-content\/uploads\/2025\/06\/844cbcbdab60bc738ec9394982db584e12b963a6_98555.jpg\",\"width\":1920,\"height\":1536,\"caption\":\"Roof-Mounted Light Bar for MB Actros GigaSpace\"},{\"@type\":\"BreadcrumbList\",\"@id\":\"https:\/\/com.rst-steel.eu\/nb\/produkt\/roof-mounted-light-bar-for-mb-actros-gigaspace_prm_77374\/#breadcrumb\",\"itemListElement\":[{\"@type\":\"ListItem\",\"position\":1,\"name\":\"Home\",\"item\":\"https:\/\/com.rst-steel.eu\/\"},{\"@type\":\"ListItem\",\"position\":2,\"name\":\"RST-Steel Shop\",\"item\":\"https:\/\/com.rst-steel.eu\/shop\/\"},{\"@type\":\"ListItem\",\"position\":3,\"name\":\"Roof-Mounted Light Bar for MB Actros GigaSpace\"}]},{\"@type\":\"WebSite\",\"@id\":\"https:\/\/com.rst-steel.eu\/#website\",\"url\":\"https:\/\/com.rst-steel.eu\/\",\"name\":\"RST-Steel.com\",\"description\":\"Finnish quality steel, for quality-conscious drivers\",\"publisher\":{\"@id\":\"https:\/\/com.rst-steel.eu\/#organization\"},\"alternateName\":\"Safe and stylish RST-Steel quality\",\"potentialAction\":[{\"@type\":\"SearchAction\",\"target\":{\"@type\":\"EntryPoint\",\"urlTemplate\":\"https:\/\/com.rst-steel.eu\/?s={search_term_string}\"},\"query-input\":{\"@type\":\"PropertyValueSpecification\",\"valueRequired\":true,\"valueName\":\"search_term_string\"}}],\"inLanguage\":\"nb-NO\"},{\"@type\":\"Organization\",\"@id\":\"https:\/\/com.rst-steel.eu\/#organization\",\"name\":\"RST-Steel Oy\",\"url\":\"https:\/\/com.rst-steel.eu\/\",\"logo\":{\"@type\":\"ImageObject\",\"inLanguage\":\"nb-NO\",\"@id\":\"https:\/\/com.rst-steel.eu\/#\/schema\/logo\/image\/\",\"url\":\"https:\/\/com.rst-steel.eu\/wp-content\/uploads\/2023\/04\/cropped-Rst-logo-valkoinen-teksti-3.png\",\"contentUrl\":\"https:\/\/com.rst-steel.eu\/wp-content\/uploads\/2023\/04\/cropped-Rst-logo-valkoinen-teksti-3.png\",\"width\":512,\"height\":115,\"caption\":\"RST-Steel Oy\"},\"image\":{\"@id\":\"https:\/\/com.rst-steel.eu\/#\/schema\/logo\/image\/\"},\"sameAs\":[\"https:\/\/www.facebook.com\/rststeel\",\"https:\/\/www.instagram.com\/rststeeloy\/\"]}]}<\/script>\n<!-- \/ Yoast SEO plugin. -->","yoast_head_json":{"title":"Roof-Mounted Light Bar for MB Actros GigaSpace","description":"Boost your MB Actros's visibility and style with a durable, stainless steel roof-mounted light bar. Perfect for auxiliary lights. Easy install.","robots":{"index":"index","follow":"follow","max-snippet":"max-snippet:-1","max-image-preview":"max-image-preview:large","max-video-preview":"max-video-preview:-1"},"canonical":"https:\/\/com.rst-steel.eu\/nb\/produkt\/roof-mounted-light-bar-for-mb-actros-gigaspace_prm_77374\/","og_locale":"nb_NO","og_type":"article","og_title":"Roof-Mounted Light Bar for MB Actros GigaSpace","og_description":"Boost your MB Actros's visibility and style with a durable, stainless steel roof-mounted light bar. Perfect for auxiliary lights. Easy install.","og_url":"https:\/\/com.rst-steel.eu\/nb\/produkt\/roof-mounted-light-bar-for-mb-actros-gigaspace_prm_77374\/","og_site_name":"RST-Steel","article_publisher":"https:\/\/www.facebook.com\/rststeel","article_modified_time":"2026-03-16T06:19:55+00:00","og_image":[{"width":1920,"height":1536,"url":"https:\/\/com.rst-steel.eu\/wp-content\/uploads\/2025\/06\/844cbcbdab60bc738ec9394982db584e12b963a6_98555.jpg","type":"image\/jpeg"}],"twitter_card":"summary_large_image","twitter_misc":{"Ansl. lesetid":"1 minutt"},"schema":{"@context":"https:\/\/schema.org","@graph":[{"@type":"WebPage","@id":"https:\/\/com.rst-steel.eu\/nb\/produkt\/roof-mounted-light-bar-for-mb-actros-gigaspace_prm_77374\/","url":"https:\/\/com.rst-steel.eu\/nb\/produkt\/roof-mounted-light-bar-for-mb-actros-gigaspace_prm_77374\/","name":"Roof-Mounted Light Bar for MB Actros GigaSpace","isPartOf":{"@id":"https:\/\/com.rst-steel.eu\/#website"},"primaryImageOfPage":{"@id":"https:\/\/com.rst-steel.eu\/nb\/produkt\/roof-mounted-light-bar-for-mb-actros-gigaspace_prm_77374\/#primaryimage"},"image":{"@id":"https:\/\/com.rst-steel.eu\/nb\/produkt\/roof-mounted-light-bar-for-mb-actros-gigaspace_prm_77374\/#primaryimage"},"thumbnailUrl":"https:\/\/com.rst-steel.eu\/wp-content\/uploads\/2025\/06\/844cbcbdab60bc738ec9394982db584e12b963a6_98555.jpg","datePublished":"2025-06-10T11:35:56+00:00","dateModified":"2026-03-16T06:19:55+00:00","description":"Boost your MB Actros's visibility and style with a durable, stainless steel roof-mounted light bar. Perfect for auxiliary lights. Easy install.","breadcrumb":{"@id":"https:\/\/com.rst-steel.eu\/nb\/produkt\/roof-mounted-light-bar-for-mb-actros-gigaspace_prm_77374\/#breadcrumb"},"inLanguage":"nb-NO","potentialAction":[{"@type":"ReadAction","target":["https:\/\/com.rst-steel.eu\/nb\/produkt\/roof-mounted-light-bar-for-mb-actros-gigaspace_prm_77374\/"]}]},{"@type":"ImageObject","inLanguage":"nb-NO","@id":"https:\/\/com.rst-steel.eu\/nb\/produkt\/roof-mounted-light-bar-for-mb-actros-gigaspace_prm_77374\/#primaryimage","url":"https:\/\/com.rst-steel.eu\/wp-content\/uploads\/2025\/06\/844cbcbdab60bc738ec9394982db584e12b963a6_98555.jpg","contentUrl":"https:\/\/com.rst-steel.eu\/wp-content\/uploads\/2025\/06\/844cbcbdab60bc738ec9394982db584e12b963a6_98555.jpg","width":1920,"height":1536,"caption":"Roof-Mounted Light Bar for MB Actros GigaSpace"},{"@type":"BreadcrumbList","@id":"https:\/\/com.rst-steel.eu\/nb\/produkt\/roof-mounted-light-bar-for-mb-actros-gigaspace_prm_77374\/#breadcrumb","itemListElement":[{"@type":"ListItem","position":1,"name":"Home","item":"https:\/\/com.rst-steel.eu\/"},{"@type":"ListItem","position":2,"name":"RST-Steel Shop","item":"https:\/\/com.rst-steel.eu\/shop\/"},{"@type":"ListItem","position":3,"name":"Roof-Mounted Light Bar for MB Actros GigaSpace"}]},{"@type":"WebSite","@id":"https:\/\/com.rst-steel.eu\/#website","url":"https:\/\/com.rst-steel.eu\/","name":"RST-Steel.com","description":"Finsk kvalitetsst\u00e5l, for kvalitetsbevisste sj\u00e5f\u00f8rer","publisher":{"@id":"https:\/\/com.rst-steel.eu\/#organization"},"alternateName":"Safe and stylish RST-Steel quality","potentialAction":[{"@type":"SearchAction","target":{"@type":"EntryPoint","urlTemplate":"https:\/\/com.rst-steel.eu\/?s={search_term_string}"},"query-input":{"@type":"PropertyValueSpecification","valueRequired":true,"valueName":"search_term_string"}}],"inLanguage":"nb-NO"},{"@type":"Organization","@id":"https:\/\/com.rst-steel.eu\/#organization","name":"RST-Steel Oy","url":"https:\/\/com.rst-steel.eu\/","logo":{"@type":"ImageObject","inLanguage":"nb-NO","@id":"https:\/\/com.rst-steel.eu\/#\/schema\/logo\/image\/","url":"https:\/\/com.rst-steel.eu\/wp-content\/uploads\/2023\/04\/cropped-Rst-logo-valkoinen-teksti-3.png","contentUrl":"https:\/\/com.rst-steel.eu\/wp-content\/uploads\/2023\/04\/cropped-Rst-logo-valkoinen-teksti-3.png","width":512,"height":115,"caption":"RST-Steel Oy"},"image":{"@id":"https:\/\/com.rst-steel.eu\/#\/schema\/logo\/image\/"},"sameAs":["https:\/\/www.facebook.com\/rststeel","https:\/\/www.instagram.com\/rststeeloy\/"]}]}},"brands":[{"id":8334,"name":"RST-Steel","slug":"brand_rststeel"}],"_links":{"self":[{"href":"https:\/\/com.rst-steel.eu\/nb\/wp-json\/wp\/v2\/product\/52273","targetHints":{"allow":["GET"]}}],"collection":[{"href":"https:\/\/com.rst-steel.eu\/nb\/wp-json\/wp\/v2\/product"}],"about":[{"href":"https:\/\/com.rst-steel.eu\/nb\/wp-json\/wp\/v2\/types\/product"}],"replies":[{"embeddable":true,"href":"https:\/\/com.rst-steel.eu\/nb\/wp-json\/wp\/v2\/comments?post=52273"}],"version-history":[{"count":0,"href":"https:\/\/com.rst-steel.eu\/nb\/wp-json\/wp\/v2\/product\/52273\/revisions"}],"wp:featuredmedia":[{"embeddable":true,"href":"https:\/\/com.rst-steel.eu\/nb\/wp-json\/wp\/v2\/media\/52272"}],"wp:attachment":[{"href":"https:\/\/com.rst-steel.eu\/nb\/wp-json\/wp\/v2\/media?parent=52273"}],"wp:term":[{"taxonomy":"make_fuel_type","embeddable":true,"href":"https:\/\/com.rst-steel.eu\/nb\/wp-json\/wp\/v2\/make_fuel_type?post=52273"},{"taxonomy":"make_model","embeddable":true,"href":"https:\/\/com.rst-steel.eu\/nb\/wp-json\/wp\/v2\/make_model?post=52273"},{"taxonomy":"make_brand","embeddable":true,"href":"https:\/\/com.rst-steel.eu\/nb\/wp-json\/wp\/v2\/make_brand?post=52273"},{"taxonomy":"make_year","embeddable":true,"href":"https:\/\/com.rst-steel.eu\/nb\/wp-json\/wp\/v2\/make_year?post=52273"},{"taxonomy":"pwb-brand","embeddable":true,"href":"https:\/\/com.rst-steel.eu\/nb\/wp-json\/wp\/v2\/pwb-brand?post=52273"},{"taxonomy":"product_brand","embeddable":true,"href":"https:\/\/com.rst-steel.eu\/nb\/wp-json\/wp\/v2\/product_brand?post=52273"},{"taxonomy":"product_cat","embeddable":true,"href":"https:\/\/com.rst-steel.eu\/nb\/wp-json\/wp\/v2\/product_cat?post=52273"},{"taxonomy":"product_tag","embeddable":true,"href":"https:\/\/com.rst-steel.eu\/nb\/wp-json\/wp\/v2\/product_tag?post=52273"}],"curies":[{"name":"wp","href":"https:\/\/api.w.org\/{rel}","templated":true}]}}