{"id":52214,"date":"2025-06-04T11:25:51","date_gmt":"2025-06-04T08:25:51","guid":{"rendered":"https:\/\/rst-steel.com\/product\/rear-spoiler-vw-t6-1-t6-t5_pr_12649\/"},"modified":"2026-03-16T09:21:26","modified_gmt":"2026-03-16T06:21:26","slug":"rear-spoiler-vw-t6-1-t6-t5_pr_12649","status":"publish","type":"product","link":"https:\/\/com.rst-steel.eu\/nb\/produkt\/rear-spoiler-vw-t6-1-t6-t5_pr_12649\/","title":{"rendered":"Rear Spoiler VW T6.1\/ T6 \/ T5"},"content":{"rendered":"<p>Rear Spoiler\u00a0VW T6.1\/ T6 \/ T5<\/p>\n<p><span style=\"font-weight: bold;\">Available for H1\u00a0<\/span><span style=\"font-weight: bold;\">roof height model<\/span><\/p>\n<p><span style=\"font-weight: bold;\">Suitable for double door models<\/span><\/p>\n<ul>\n<li><\/li>\n<\/ul>\n<p>The body of the spoiler is a shiny stainless steel bar. The shaped cover of the spoiler is black semi-gloss UV-protected ABS plastic.\u00a0All mounting parts are made of stainless steel.<\/p>\n<p>The spoiler includes two red LED position lights as standard. It is also easy to equip with additional accessories, such as work lights or strobe lights.<\/p>\n<ul>\n<li><\/li>\n<\/ul>\n<p>The spoiler can be painted easily using an primer. Painting is recommended only for the upper surface, as the black underside provides an appealing look in shaded areas, especially when paired with light and camera equipment.<\/p>\n<ul>\n<li><\/li>\n<\/ul>\n<p><span style=\"font-weight: bold;\">Inkludert:<\/span><\/p>\n<ul>\n<li>Rear Spoiler VW<\/li>\n<li>Mounting accessories<\/li>\n<li>Position lights and their wiring harness<\/li>\n<\/ul>","protected":false},"excerpt":{"rendered":"<p>Available for H1\u00a0 roof height model<\/p>","protected":false},"featured_media":52212,"comment_status":"open","ping_status":"closed","template":"","meta":{"_improvement_type_select":"improve_an_existing","_thumb_yes_seoaic":false,"_frame_yes_seoaic":false,"seoaic_generate_description":"","seoaic_improve_instructions_prompt":"","seoaic_rollback_content_improvement":"","seoaic_idea_thumbnail_generator":"","thumbnail_generated":false,"thumbnail_generate_prompt":"","seoaic_article_description":""},"make_fuel_type":[],"make_model":[7861,7860,7857,7858],"make_brand":[6622],"make_year":[6373],"pwb-brand":[8346],"product_brand":[],"product_cat":[6158],"product_tag":[],"class_list":{"0":"post-52214","1":"product","2":"type-product","3":"status-publish","4":"has-post-thumbnail","6":"make_engine-transporter-l1-h1","7":"make_engine-transporter-l2-h1","8":"make_model-transporter-t5-2003-2009","9":"make_model-transporter-t5-facelift-2009-2015","10":"make_model-transporter-t6-2015-2019","11":"make_model-transporter-t6-1-2019","12":"make_brand-volkswagen-van","13":"make_year-van","14":"pwb-brand-brand_mecone","15":"product_cat-mec-one-spoilers-for-vans","16":"product_shipping_class-erikoispitka","18":"first","19":"instock","20":"taxable","21":"shipping-taxable","22":"purchasable","23":"product-type-simple"},"yoast_head":"<!-- This site is optimized with the Yoast SEO plugin v25.7 - https:\/\/yoast.com\/wordpress\/plugins\/seo\/ -->\n<title>Rear Spoiler VW T6.1\/ T6 \/ T5<\/title>\n<meta name=\"description\" content=\"rear spoiler for VW Transporter. Enhances the vehicle\u2019s appearance. Fits various body styles and is made from lightweight yet durable ABS plastic.\" \/>\n<meta name=\"robots\" content=\"index, follow, max-snippet:-1, max-image-preview:large, max-video-preview:-1\" \/>\n<link rel=\"canonical\" href=\"https:\/\/com.rst-steel.eu\/nb\/produkt\/rear-spoiler-vw-t6-1-t6-t5_pr_12649\/\" \/>\n<meta property=\"og:locale\" content=\"nb_NO\" \/>\n<meta property=\"og:type\" content=\"article\" \/>\n<meta property=\"og:title\" content=\"Rear Spoiler VW T6.1\/ T6 \/ T5\" \/>\n<meta property=\"og:description\" content=\"rear spoiler for VW Transporter. Enhances the vehicle\u2019s appearance. Fits various body styles and is made from lightweight yet durable ABS plastic.\" \/>\n<meta property=\"og:url\" content=\"https:\/\/com.rst-steel.eu\/nb\/produkt\/rear-spoiler-vw-t6-1-t6-t5_pr_12649\/\" \/>\n<meta property=\"og:site_name\" content=\"RST-Steel\" \/>\n<meta property=\"article:publisher\" content=\"https:\/\/www.facebook.com\/rststeel\" \/>\n<meta property=\"article:modified_time\" content=\"2026-03-16T06:21:26+00:00\" \/>\n<meta property=\"og:image\" content=\"https:\/\/com.rst-steel.eu\/wp-content\/uploads\/2025\/06\/da4156c8e937c8ad45010c989ab16898f2cd1e8f_T606801-scaled.jpg\" \/>\n\t<meta property=\"og:image:width\" content=\"2560\" \/>\n\t<meta property=\"og:image:height\" content=\"1704\" \/>\n\t<meta property=\"og:image:type\" content=\"image\/jpeg\" \/>\n<meta name=\"twitter:card\" content=\"summary_large_image\" \/>\n<meta name=\"twitter:label1\" content=\"Ansl. lesetid\" \/>\n\t<meta name=\"twitter:data1\" content=\"1 minutt\" \/>\n<script type=\"application\/ld+json\" class=\"yoast-schema-graph\">{\"@context\":\"https:\/\/schema.org\",\"@graph\":[{\"@type\":\"WebPage\",\"@id\":\"https:\/\/com.rst-steel.eu\/sv\/produkt\/rear-spoiler-vw-t6-1-t6-t5_pr_12649\/\",\"url\":\"https:\/\/com.rst-steel.eu\/sv\/produkt\/rear-spoiler-vw-t6-1-t6-t5_pr_12649\/\",\"name\":\"Rear Spoiler VW T6.1\/ T6 \/ T5\",\"isPartOf\":{\"@id\":\"https:\/\/com.rst-steel.eu\/#website\"},\"primaryImageOfPage\":{\"@id\":\"https:\/\/com.rst-steel.eu\/sv\/produkt\/rear-spoiler-vw-t6-1-t6-t5_pr_12649\/#primaryimage\"},\"image\":{\"@id\":\"https:\/\/com.rst-steel.eu\/sv\/produkt\/rear-spoiler-vw-t6-1-t6-t5_pr_12649\/#primaryimage\"},\"thumbnailUrl\":\"https:\/\/com.rst-steel.eu\/wp-content\/uploads\/2025\/06\/da4156c8e937c8ad45010c989ab16898f2cd1e8f_T606801-scaled.jpg\",\"datePublished\":\"2025-06-04T08:25:51+00:00\",\"dateModified\":\"2026-03-16T06:21:26+00:00\",\"description\":\"rear spoiler for VW Transporter. Enhances the vehicle\u2019s appearance. Fits various body styles and is made from lightweight yet durable ABS plastic.\",\"breadcrumb\":{\"@id\":\"https:\/\/com.rst-steel.eu\/sv\/produkt\/rear-spoiler-vw-t6-1-t6-t5_pr_12649\/#breadcrumb\"},\"inLanguage\":\"nb-NO\",\"potentialAction\":[{\"@type\":\"ReadAction\",\"target\":[\"https:\/\/com.rst-steel.eu\/sv\/produkt\/rear-spoiler-vw-t6-1-t6-t5_pr_12649\/\"]}]},{\"@type\":\"ImageObject\",\"inLanguage\":\"nb-NO\",\"@id\":\"https:\/\/com.rst-steel.eu\/sv\/produkt\/rear-spoiler-vw-t6-1-t6-t5_pr_12649\/#primaryimage\",\"url\":\"https:\/\/com.rst-steel.eu\/wp-content\/uploads\/2025\/06\/da4156c8e937c8ad45010c989ab16898f2cd1e8f_T606801-scaled.jpg\",\"contentUrl\":\"https:\/\/com.rst-steel.eu\/wp-content\/uploads\/2025\/06\/da4156c8e937c8ad45010c989ab16898f2cd1e8f_T606801-scaled.jpg\",\"width\":2560,\"height\":1704,\"caption\":\"Rear Spoiler VW T6.1\/ T6 \/ T5\"},{\"@type\":\"BreadcrumbList\",\"@id\":\"https:\/\/com.rst-steel.eu\/sv\/produkt\/rear-spoiler-vw-t6-1-t6-t5_pr_12649\/#breadcrumb\",\"itemListElement\":[{\"@type\":\"ListItem\",\"position\":1,\"name\":\"Home\",\"item\":\"https:\/\/com.rst-steel.eu\/\"},{\"@type\":\"ListItem\",\"position\":2,\"name\":\"RST-Steel Shop\",\"item\":\"https:\/\/com.rst-steel.eu\/shop\/\"},{\"@type\":\"ListItem\",\"position\":3,\"name\":\"Rear Spoiler VW T6.1\/ T6 \/ T5\"}]},{\"@type\":\"WebSite\",\"@id\":\"https:\/\/com.rst-steel.eu\/#website\",\"url\":\"https:\/\/com.rst-steel.eu\/\",\"name\":\"RST-Steel.com\",\"description\":\"Finnish quality steel, for quality-conscious drivers\",\"publisher\":{\"@id\":\"https:\/\/com.rst-steel.eu\/#organization\"},\"alternateName\":\"Safe and stylish RST-Steel quality\",\"potentialAction\":[{\"@type\":\"SearchAction\",\"target\":{\"@type\":\"EntryPoint\",\"urlTemplate\":\"https:\/\/com.rst-steel.eu\/?s={search_term_string}\"},\"query-input\":{\"@type\":\"PropertyValueSpecification\",\"valueRequired\":true,\"valueName\":\"search_term_string\"}}],\"inLanguage\":\"nb-NO\"},{\"@type\":\"Organization\",\"@id\":\"https:\/\/com.rst-steel.eu\/#organization\",\"name\":\"RST-Steel Oy\",\"url\":\"https:\/\/com.rst-steel.eu\/\",\"logo\":{\"@type\":\"ImageObject\",\"inLanguage\":\"nb-NO\",\"@id\":\"https:\/\/com.rst-steel.eu\/#\/schema\/logo\/image\/\",\"url\":\"https:\/\/com.rst-steel.eu\/wp-content\/uploads\/2023\/04\/cropped-Rst-logo-valkoinen-teksti-3.png\",\"contentUrl\":\"https:\/\/com.rst-steel.eu\/wp-content\/uploads\/2023\/04\/cropped-Rst-logo-valkoinen-teksti-3.png\",\"width\":512,\"height\":115,\"caption\":\"RST-Steel Oy\"},\"image\":{\"@id\":\"https:\/\/com.rst-steel.eu\/#\/schema\/logo\/image\/\"},\"sameAs\":[\"https:\/\/www.facebook.com\/rststeel\",\"https:\/\/www.instagram.com\/rststeeloy\/\"]}]}<\/script>\n<!-- \/ Yoast SEO plugin. -->","yoast_head_json":{"title":"Rear Spoiler VW T6.1\/ T6 \/ T5","description":"rear spoiler for VW Transporter. Enhances the vehicle\u2019s appearance. Fits various body styles and is made from lightweight yet durable ABS plastic.","robots":{"index":"index","follow":"follow","max-snippet":"max-snippet:-1","max-image-preview":"max-image-preview:large","max-video-preview":"max-video-preview:-1"},"canonical":"https:\/\/com.rst-steel.eu\/nb\/produkt\/rear-spoiler-vw-t6-1-t6-t5_pr_12649\/","og_locale":"nb_NO","og_type":"article","og_title":"Rear Spoiler VW T6.1\/ T6 \/ T5","og_description":"rear spoiler for VW Transporter. Enhances the vehicle\u2019s appearance. Fits various body styles and is made from lightweight yet durable ABS plastic.","og_url":"https:\/\/com.rst-steel.eu\/nb\/produkt\/rear-spoiler-vw-t6-1-t6-t5_pr_12649\/","og_site_name":"RST-Steel","article_publisher":"https:\/\/www.facebook.com\/rststeel","article_modified_time":"2026-03-16T06:21:26+00:00","og_image":[{"width":2560,"height":1704,"url":"https:\/\/com.rst-steel.eu\/wp-content\/uploads\/2025\/06\/da4156c8e937c8ad45010c989ab16898f2cd1e8f_T606801-scaled.jpg","type":"image\/jpeg"}],"twitter_card":"summary_large_image","twitter_misc":{"Ansl. lesetid":"1 minutt"},"schema":{"@context":"https:\/\/schema.org","@graph":[{"@type":"WebPage","@id":"https:\/\/com.rst-steel.eu\/sv\/produkt\/rear-spoiler-vw-t6-1-t6-t5_pr_12649\/","url":"https:\/\/com.rst-steel.eu\/sv\/produkt\/rear-spoiler-vw-t6-1-t6-t5_pr_12649\/","name":"Rear Spoiler VW T6.1\/ T6 \/ T5","isPartOf":{"@id":"https:\/\/com.rst-steel.eu\/#website"},"primaryImageOfPage":{"@id":"https:\/\/com.rst-steel.eu\/sv\/produkt\/rear-spoiler-vw-t6-1-t6-t5_pr_12649\/#primaryimage"},"image":{"@id":"https:\/\/com.rst-steel.eu\/sv\/produkt\/rear-spoiler-vw-t6-1-t6-t5_pr_12649\/#primaryimage"},"thumbnailUrl":"https:\/\/com.rst-steel.eu\/wp-content\/uploads\/2025\/06\/da4156c8e937c8ad45010c989ab16898f2cd1e8f_T606801-scaled.jpg","datePublished":"2025-06-04T08:25:51+00:00","dateModified":"2026-03-16T06:21:26+00:00","description":"rear spoiler for VW Transporter. Enhances the vehicle\u2019s appearance. Fits various body styles and is made from lightweight yet durable ABS plastic.","breadcrumb":{"@id":"https:\/\/com.rst-steel.eu\/sv\/produkt\/rear-spoiler-vw-t6-1-t6-t5_pr_12649\/#breadcrumb"},"inLanguage":"nb-NO","potentialAction":[{"@type":"ReadAction","target":["https:\/\/com.rst-steel.eu\/sv\/produkt\/rear-spoiler-vw-t6-1-t6-t5_pr_12649\/"]}]},{"@type":"ImageObject","inLanguage":"nb-NO","@id":"https:\/\/com.rst-steel.eu\/sv\/produkt\/rear-spoiler-vw-t6-1-t6-t5_pr_12649\/#primaryimage","url":"https:\/\/com.rst-steel.eu\/wp-content\/uploads\/2025\/06\/da4156c8e937c8ad45010c989ab16898f2cd1e8f_T606801-scaled.jpg","contentUrl":"https:\/\/com.rst-steel.eu\/wp-content\/uploads\/2025\/06\/da4156c8e937c8ad45010c989ab16898f2cd1e8f_T606801-scaled.jpg","width":2560,"height":1704,"caption":"Rear Spoiler VW T6.1\/ T6 \/ T5"},{"@type":"BreadcrumbList","@id":"https:\/\/com.rst-steel.eu\/sv\/produkt\/rear-spoiler-vw-t6-1-t6-t5_pr_12649\/#breadcrumb","itemListElement":[{"@type":"ListItem","position":1,"name":"Home","item":"https:\/\/com.rst-steel.eu\/"},{"@type":"ListItem","position":2,"name":"RST-Steel Shop","item":"https:\/\/com.rst-steel.eu\/shop\/"},{"@type":"ListItem","position":3,"name":"Rear Spoiler VW T6.1\/ T6 \/ T5"}]},{"@type":"WebSite","@id":"https:\/\/com.rst-steel.eu\/#website","url":"https:\/\/com.rst-steel.eu\/","name":"RST-Steel.com","description":"Finsk kvalitetsst\u00e5l, for kvalitetsbevisste sj\u00e5f\u00f8rer","publisher":{"@id":"https:\/\/com.rst-steel.eu\/#organization"},"alternateName":"Safe and stylish RST-Steel quality","potentialAction":[{"@type":"SearchAction","target":{"@type":"EntryPoint","urlTemplate":"https:\/\/com.rst-steel.eu\/?s={search_term_string}"},"query-input":{"@type":"PropertyValueSpecification","valueRequired":true,"valueName":"search_term_string"}}],"inLanguage":"nb-NO"},{"@type":"Organization","@id":"https:\/\/com.rst-steel.eu\/#organization","name":"RST-Steel Oy","url":"https:\/\/com.rst-steel.eu\/","logo":{"@type":"ImageObject","inLanguage":"nb-NO","@id":"https:\/\/com.rst-steel.eu\/#\/schema\/logo\/image\/","url":"https:\/\/com.rst-steel.eu\/wp-content\/uploads\/2023\/04\/cropped-Rst-logo-valkoinen-teksti-3.png","contentUrl":"https:\/\/com.rst-steel.eu\/wp-content\/uploads\/2023\/04\/cropped-Rst-logo-valkoinen-teksti-3.png","width":512,"height":115,"caption":"RST-Steel Oy"},"image":{"@id":"https:\/\/com.rst-steel.eu\/#\/schema\/logo\/image\/"},"sameAs":["https:\/\/www.facebook.com\/rststeel","https:\/\/www.instagram.com\/rststeeloy\/"]}]}},"brands":[{"id":8346,"name":"Mec-one","slug":"brand_mecone"}],"_links":{"self":[{"href":"https:\/\/com.rst-steel.eu\/nb\/wp-json\/wp\/v2\/product\/52214","targetHints":{"allow":["GET"]}}],"collection":[{"href":"https:\/\/com.rst-steel.eu\/nb\/wp-json\/wp\/v2\/product"}],"about":[{"href":"https:\/\/com.rst-steel.eu\/nb\/wp-json\/wp\/v2\/types\/product"}],"replies":[{"embeddable":true,"href":"https:\/\/com.rst-steel.eu\/nb\/wp-json\/wp\/v2\/comments?post=52214"}],"version-history":[{"count":0,"href":"https:\/\/com.rst-steel.eu\/nb\/wp-json\/wp\/v2\/product\/52214\/revisions"}],"wp:featuredmedia":[{"embeddable":true,"href":"https:\/\/com.rst-steel.eu\/nb\/wp-json\/wp\/v2\/media\/52212"}],"wp:attachment":[{"href":"https:\/\/com.rst-steel.eu\/nb\/wp-json\/wp\/v2\/media?parent=52214"}],"wp:term":[{"taxonomy":"make_fuel_type","embeddable":true,"href":"https:\/\/com.rst-steel.eu\/nb\/wp-json\/wp\/v2\/make_fuel_type?post=52214"},{"taxonomy":"make_model","embeddable":true,"href":"https:\/\/com.rst-steel.eu\/nb\/wp-json\/wp\/v2\/make_model?post=52214"},{"taxonomy":"make_brand","embeddable":true,"href":"https:\/\/com.rst-steel.eu\/nb\/wp-json\/wp\/v2\/make_brand?post=52214"},{"taxonomy":"make_year","embeddable":true,"href":"https:\/\/com.rst-steel.eu\/nb\/wp-json\/wp\/v2\/make_year?post=52214"},{"taxonomy":"pwb-brand","embeddable":true,"href":"https:\/\/com.rst-steel.eu\/nb\/wp-json\/wp\/v2\/pwb-brand?post=52214"},{"taxonomy":"product_brand","embeddable":true,"href":"https:\/\/com.rst-steel.eu\/nb\/wp-json\/wp\/v2\/product_brand?post=52214"},{"taxonomy":"product_cat","embeddable":true,"href":"https:\/\/com.rst-steel.eu\/nb\/wp-json\/wp\/v2\/product_cat?post=52214"},{"taxonomy":"product_tag","embeddable":true,"href":"https:\/\/com.rst-steel.eu\/nb\/wp-json\/wp\/v2\/product_tag?post=52214"}],"curies":[{"name":"wp","href":"https:\/\/api.w.org\/{rel}","templated":true}]}}