{"id":52078,"date":"2025-05-30T09:14:54","date_gmt":"2025-05-30T06:14:54","guid":{"rendered":"https:\/\/rst-steel.com\/product\/lazer-sentinel-9-elite-gen2_pr_89252\/"},"modified":"2026-03-16T09:19:28","modified_gmt":"2026-03-16T06:19:28","slug":"lazer-sentinel-9-elite-gen2-auxiliary-light_pr_89252","status":"publish","type":"product","link":"https:\/\/com.rst-steel.eu\/nb\/produkt\/lazer-sentinel-9-elite-gen2-auxiliary-light_pr_89252\/","title":{"rendered":"Lazer Sentinel 9&#8243; Elite (Gen2) Auxiliary Light"},"content":{"rendered":"<p data-start=\"81\" data-end=\"155\"><strong data-start=\"81\" data-end=\"155\">Sentinel Elite Gen2 \u2013 Premium 9\u201d LED Auxiliary Light for Demanding Use<\/strong><\/p>\n<ul>\n<li><strong data-start=\"81\" data-end=\"155\"><br \/><\/strong><\/li>\n<\/ul>\n<p data-start=\"157\" data-end=\"463\">The Sentinel Elite Gen2 is a new-generation 9&#8243; LED auxiliary light that combines modern design, powerful illumination, and Lazer Lamps\u2019 uncompromising quality. Featuring a sleek black interior and 32 high-performance LEDs, it delivers exceptional performance both on the road and in challenging conditions.<\/p>\n<ul>\n<li><\/li>\n<\/ul>\n<p data-start=\"465\" data-end=\"636\">Key upgrades include the new Position Light feature (PL2), an optional \u201cWelcome Mode\u201d startup sequence, and enhancements to the High (Boost) and Low (E-Mark) output modes.<\/p>\n<ul>\n<li><\/li>\n<\/ul>\n<p data-start=\"55\" data-end=\"103\"><strong data-start=\"55\" data-end=\"103\">Excellent Light Output and Wide Beam Pattern<\/strong><\/p>\n<p data-start=\"465\" data-end=\"636\">\n<p data-start=\"105\" data-end=\"406\">The Sentinel Elite produces an impressive 15,232 lumens, with a 1 lux illumination reaching up to 742 meters. The light is designed to distribute illumination widely, with a 52\u00b0 horizontal beam spread, enhancing visibility especially along the edges of roads and tracks at both mid and long distances.<\/p>\n<ul>\n<li><\/li>\n<\/ul>\n<p data-start=\"57\" data-end=\"92\"><strong data-start=\"57\" data-end=\"92\">All-New Position Light Function<\/strong><\/p>\n<p data-start=\"105\" data-end=\"406\">\n<p data-start=\"94\" data-end=\"500\">The Position Light and Backlight features in the Elite Gen2 range have been updated but remain approved under UNECE standards for on-road use (white position light only). In the new position light design, the entire auxiliary light housing is evenly illuminated, whereas previous models only lit the four corners. As with its predecessors, the position light color can be selected as either amber or white.<\/p>\n<ul>\n<li><\/li>\n<\/ul>\n<p data-start=\"54\" data-end=\"209\"><strong data-start=\"54\" data-end=\"98\">Welcome Mode \u2013 Stylish Startup Animation<\/strong><\/p>\n<p>\nDuring installation, customers can activate one of two different startup sequences; both are off by default.<\/p>\n<ul>\n<li><\/li>\n<\/ul>\n<p data-start=\"211\" data-end=\"225\"><strong data-start=\"211\" data-end=\"223\">Options:<\/strong><\/p>\n<p data-start=\"94\" data-end=\"500\">\n<ul data-start=\"226\" data-end=\"350\">\n<li data-start=\"226\" data-end=\"275\">\n<p data-start=\"228\" data-end=\"275\">Position light gradually brightens on startup<\/p>\n<\/li>\n<li data-start=\"276\" data-end=\"350\">\n<p data-start=\"278\" data-end=\"350\">Position light gradually brightens while simultaneously changing color<\/p>\n<\/li>\n<li><\/li>\n<\/ul>\n<p data-start=\"58\" data-end=\"334\"><strong data-start=\"58\" data-end=\"106\">Flash-to-Dim &amp; Dual-Level E-Boost Technology<\/strong><\/p>\n<p data-start=\"58\" data-end=\"334\">\nThe Sentinel Elite Gen2 features the flash-to-dim function, first introduced in the Glide models. This allows the driver to quickly reduce the auxiliary light\u2019s brightness using the high beam stalk, lowering the light output.<\/p>\n<ul>\n<li><\/li>\n<\/ul>\n<p data-start=\"336\" data-end=\"520\">This is especially useful when driving in areas with many large traffic signs or heavy traffic, enabling you to keep the auxiliary lights on for longer distances without causing glare.<\/p>\n<ul>\n<li><\/li>\n<\/ul>\n<p data-start=\"52\" data-end=\"82\"><strong data-start=\"52\" data-end=\"82\">Stylish and Durable Finish<\/strong><\/p>\n<p data-start=\"336\" data-end=\"520\">\n<p data-start=\"84\" data-end=\"387\">The light\u2019s discreet black design, combined with a die-cast aluminum Sentinel bracket, ensures both durability and a sleek appearance. The satin black powder coating protects against wear and corrosion. Optional accessories are also available, including lens covers, support bars, and anti-theft screws.<\/p>\n<ul>\n<li><\/li>\n<\/ul>\n<p data-start=\"83\" data-end=\"98\"><strong data-start=\"83\" data-end=\"96\">Egenskaper:<\/strong><\/p>\n<ul data-start=\"99\" data-end=\"997\">\n<li data-start=\"99\" data-end=\"131\">\n<p data-start=\"101\" data-end=\"131\">32 premium high-quality LEDs<\/p>\n<\/li>\n<li data-start=\"132\" data-end=\"187\">\n<p data-start=\"134\" data-end=\"187\">5000K color temperature with 80 CRI color rendering<\/p>\n<\/li>\n<li data-start=\"188\" data-end=\"252\">\n<p data-start=\"190\" data-end=\"252\">Ultra-reflective vacuum-metalized spot and wide-angle optics<\/p>\n<\/li>\n<li data-start=\"253\" data-end=\"294\">\n<p data-start=\"255\" data-end=\"294\">Flash-to-Dim function to reduce glare<\/p>\n<\/li>\n<li data-start=\"295\" data-end=\"331\">\n<p data-start=\"297\" data-end=\"331\">Dual output modes \u2013 High and Low<\/p>\n<\/li>\n<li data-start=\"332\" data-end=\"390\">\n<p data-start=\"334\" data-end=\"390\">UNECE Reg112 Class B approval for high beam (Low mode)<\/p>\n<\/li>\n<li data-start=\"391\" data-end=\"415\">\n<p data-start=\"393\" data-end=\"415\">Dynamic Welcome Mode<\/p>\n<\/li>\n<li data-start=\"416\" data-end=\"464\">\n<p data-start=\"418\" data-end=\"464\">Die-cast aluminum bracket with Sentinel logo<\/p>\n<\/li>\n<li data-start=\"465\" data-end=\"521\">\n<p data-start=\"467\" data-end=\"521\">Electronic thermal management to extend LED lifespan<\/p>\n<\/li>\n<li data-start=\"522\" data-end=\"585\">\n<p data-start=\"524\" data-end=\"585\">Anodized base treatment and automotive-grade powder coating<\/p>\n<\/li>\n<li data-start=\"586\" data-end=\"644\">\n<p data-start=\"588\" data-end=\"644\">CAE-optimized cooling design improves heat dissipation<\/p>\n<\/li>\n<li data-start=\"645\" data-end=\"692\">\n<p data-start=\"647\" data-end=\"692\">Overvoltage and reverse polarity protection<\/p>\n<\/li>\n<li data-start=\"693\" data-end=\"750\">\n<p data-start=\"695\" data-end=\"750\">Impact-resistant polycarbonate lens with hard coating<\/p>\n<\/li>\n<li data-start=\"751\" data-end=\"800\">\n<p data-start=\"753\" data-end=\"800\">A2 stainless steel brackets with black finish<\/p>\n<\/li>\n<li data-start=\"801\" data-end=\"842\">\n<p data-start=\"803\" data-end=\"842\">Includes Lazer-branded lens protector<\/p>\n<\/li>\n<li data-start=\"843\" data-end=\"867\">\n<p data-start=\"845\" data-end=\"867\">UNECE Reg10 approval<\/p>\n<\/li>\n<li data-start=\"868\" data-end=\"933\">\n<p data-start=\"870\" data-end=\"933\">IP68 waterproof rating \u2013 immersion up to 1.5 m for 30 minutes<\/p>\n<\/li>\n<li data-start=\"934\" data-end=\"953\">\n<p data-start=\"936\" data-end=\"953\">5 \u00e5rs garanti<\/p>\n<\/li>\n<li data-start=\"954\" data-end=\"997\">\n<p data-start=\"956\" data-end=\"997\">Pre-installed 3-pin Superseal connector<\/p>\n<\/li>\n<li><strong data-start=\"1004\" data-end=\"1053\"><br \/><\/strong><\/li>\n<\/ul>\n<p data-start=\"1004\" data-end=\"1055\"><strong data-start=\"1004\" data-end=\"1053\">Technical Specifications: Boost \/ E-Mark Mode<\/strong><\/p>\n<ul data-start=\"1056\" data-end=\"1436\">\n<li data-start=\"1056\" data-end=\"1086\">\n<p data-start=\"1058\" data-end=\"1086\">Operating voltage: 10\u201332 V<\/p>\n<\/li>\n<li data-start=\"1087\" data-end=\"1122\">\n<p data-start=\"1089\" data-end=\"1122\">Power consumption: 145 W \/ 29 W<\/p>\n<\/li>\n<li data-start=\"1123\" data-end=\"1162\">\n<p data-start=\"1125\" data-end=\"1162\">Luminous flux: 15,232 lm \/ 3,046 lm<\/p>\n<\/li>\n<li data-start=\"1163\" data-end=\"1192\">\n<p data-start=\"1165\" data-end=\"1192\">Color temperature: 5000 K<\/p>\n<\/li>\n<li data-start=\"1193\" data-end=\"1215\">\n<p data-start=\"1195\" data-end=\"1215\">Number of LEDs: 32<\/p>\n<\/li>\n<li data-start=\"1216\" data-end=\"1234\">\n<p data-start=\"1218\" data-end=\"1234\">Weight: 2.5 kg<\/p>\n<\/li>\n<li data-start=\"1235\" data-end=\"1256\">\n<p data-start=\"1237\" data-end=\"1256\">Garanti: 5 \u00e5r<\/p>\n<\/li>\n<li data-start=\"1257\" data-end=\"1276\">\n<p data-start=\"1259\" data-end=\"1276\">IP rating: IP68<\/p>\n<\/li>\n<li data-start=\"1277\" data-end=\"1307\">\n<p data-start=\"1279\" data-end=\"1307\">Connector: 3-pin Superseal<\/p>\n<\/li>\n<li data-start=\"1308\" data-end=\"1331\">\n<p data-start=\"1310\" data-end=\"1331\">Cable length: 25 cm<\/p>\n<\/li>\n<li data-start=\"1332\" data-end=\"1436\">\n<p data-start=\"1334\" data-end=\"1436\">Approvals: High beam (ECE R112 \u2013 Ref: 20, E-Mark mode), Position light (white) ECE R148, EMC ECE R10<\/p>\n<\/li>\n<li><strong data-start=\"1443\" data-end=\"1459\"><br \/><\/strong><\/li>\n<\/ul>\n<p data-start=\"1443\" data-end=\"1461\"><strong data-start=\"1443\" data-end=\"1459\">Light Range:<\/strong><\/p>\n<ul data-start=\"1462\" data-end=\"1638\">\n<li data-start=\"1462\" data-end=\"1508\">\n<p data-start=\"1464\" data-end=\"1508\">0.25 lux: 1,483 m \/ 663 m (Boost \/ E-Mark)<\/p>\n<\/li>\n<li data-start=\"1509\" data-end=\"1554\">\n<p data-start=\"1511\" data-end=\"1554\">0.5 lux: 1,049 m \/ 469 m (Boost \/ E-Mark)<\/p>\n<\/li>\n<li data-start=\"1555\" data-end=\"1596\">\n<p data-start=\"1557\" data-end=\"1596\">1 lux: 742 m \/ 332 m (Boost \/ E-Mark)<\/p>\n<\/li>\n<li data-start=\"1597\" data-end=\"1638\">\n<p data-start=\"1599\" data-end=\"1638\">3 lux: 428 m \/ 191 m (Boost \/ E-Mark)<\/p>\n<\/li>\n<li><strong data-start=\"1645\" data-end=\"1660\"><br \/><\/strong><\/li>\n<\/ul>\n<p data-start=\"1645\" data-end=\"1662\"><strong data-start=\"1645\" data-end=\"1660\">Dimensjoner:<\/strong><\/p>\n<ul data-start=\"1663\" data-end=\"1716\">\n<li data-start=\"1663\" data-end=\"1680\">\n<p data-start=\"1665\" data-end=\"1680\">Width: 225 mm<\/p>\n<\/li>\n<li data-start=\"1681\" data-end=\"1697\">\n<p data-start=\"1683\" data-end=\"1697\">Depth: 90 mm<\/p>\n<\/li>\n<li data-start=\"1698\" data-end=\"1716\">\n<p data-start=\"1700\" data-end=\"1716\">Height: 230 mm<\/p>\n<\/li>\n<li><strong data-start=\"1723\" data-end=\"1744\"><br \/><\/strong><\/li>\n<\/ul>\n<p data-start=\"1723\" data-end=\"1746\"><strong data-start=\"1723\" data-end=\"1744\">Pakken inneholder:<\/strong><\/p>\n<p data-start=\"84\" data-end=\"387\">\n<ul data-start=\"1747\" data-end=\"1861\">\n<li data-start=\"1747\" data-end=\"1791\">\n<p data-start=\"1749\" data-end=\"1791\">Sentinel 9&#8243; Elite (Gen2) Auxiliary Light<\/p>\n<\/li>\n<li data-start=\"1792\" data-end=\"1810\">\n<p data-start=\"1794\" data-end=\"1810\">Lens Protector<\/p>\n<\/li>\n<li data-start=\"1811\" data-end=\"1831\">\n<p data-start=\"1813\" data-end=\"1831\">Mounting Bracket<\/p>\n<\/li>\n<li data-start=\"1832\" data-end=\"1861\">\n<p data-start=\"1834\" data-end=\"1861\">Installasjonsinstruksjoner<\/p>\n<\/li>\n<\/ul>","protected":false},"excerpt":{"rendered":"<p>The revamped Sentinel 9&#8243; Elite (Gen2) is now available!<\/p>","protected":false},"featured_media":52073,"comment_status":"open","ping_status":"closed","template":"","meta":{"_improvement_type_select":"improve_an_existing","_thumb_yes_seoaic":false,"_frame_yes_seoaic":false,"seoaic_generate_description":"","seoaic_improve_instructions_prompt":"","seoaic_rollback_content_improvement":"","seoaic_idea_thumbnail_generator":"","thumbnail_generated":false,"thumbnail_generate_prompt":"","seoaic_article_description":""},"make_fuel_type":[],"make_model":[],"make_brand":[],"make_year":[],"pwb-brand":[8332],"product_brand":[],"product_cat":[6195,6209,6211,7207],"product_tag":[8498,6298],"class_list":{"0":"post-52078","1":"product","2":"type-product","3":"status-publish","4":"has-post-thumbnail","6":"pwb-brand-brand_lazerlamps","7":"product_cat-lamps","8":"product_cat-auxiliary-lights","9":"product_cat-lazer-lamps-auxiliary-lights","10":"product_cat-rst-sentinell","11":"product_tag-auxiliary-light","12":"product_tag-lazer-lamps","14":"first","15":"instock","16":"taxable","17":"shipping-taxable","18":"purchasable","19":"product-type-simple"},"yoast_head":"<!-- This site is optimized with the Yoast SEO plugin v25.7 - https:\/\/yoast.com\/wordpress\/plugins\/seo\/ -->\n<title>Lazer Sentinel 9&quot; Elite (Gen2) Auxiliary Light - RST-Steel<\/title>\n<meta name=\"description\" content=\"Lazer Sentinel 9&quot; Elite (Gen2) \u2013 powerful LED auxiliary light with flash-to-dim, durable design, and wide beam for demanding driving conditions.\" \/>\n<meta name=\"robots\" content=\"index, follow, max-snippet:-1, max-image-preview:large, max-video-preview:-1\" \/>\n<link rel=\"canonical\" href=\"https:\/\/com.rst-steel.eu\/nb\/produkt\/lazer-sentinel-9-elite-gen2-auxiliary-light_pr_89252\/\" \/>\n<meta property=\"og:locale\" content=\"nb_NO\" \/>\n<meta property=\"og:type\" content=\"article\" \/>\n<meta property=\"og:title\" content=\"Lazer Sentinel 9&quot; Elite (Gen2) Auxiliary Light - RST-Steel\" \/>\n<meta property=\"og:description\" content=\"Lazer Sentinel 9&quot; Elite (Gen2) \u2013 powerful LED auxiliary light with flash-to-dim, durable design, and wide beam for demanding driving conditions.\" \/>\n<meta property=\"og:url\" content=\"https:\/\/com.rst-steel.eu\/nb\/produkt\/lazer-sentinel-9-elite-gen2-auxiliary-light_pr_89252\/\" \/>\n<meta property=\"og:site_name\" content=\"RST-Steel\" \/>\n<meta property=\"article:publisher\" content=\"https:\/\/www.facebook.com\/rststeel\" \/>\n<meta property=\"article:modified_time\" content=\"2026-03-16T06:19:28+00:00\" \/>\n<meta property=\"og:image\" content=\"https:\/\/com.rst-steel.eu\/wp-content\/uploads\/2025\/05\/1cab341d75695e2579d67cc2a7f673d37c3f3c80_Sentinel_9_Elite__Gen2__Amber_PL_Angled_WEB.jpg\" \/>\n\t<meta property=\"og:image:width\" content=\"1000\" \/>\n\t<meta property=\"og:image:height\" content=\"750\" \/>\n\t<meta property=\"og:image:type\" content=\"image\/jpeg\" \/>\n<meta name=\"twitter:card\" content=\"summary_large_image\" \/>\n<meta name=\"twitter:label1\" content=\"Ansl. lesetid\" \/>\n\t<meta name=\"twitter:data1\" content=\"3 minutter\" \/>\n<script type=\"application\/ld+json\" class=\"yoast-schema-graph\">{\"@context\":\"https:\/\/schema.org\",\"@graph\":[{\"@type\":\"WebPage\",\"@id\":\"https:\/\/com.rst-steel.eu\/product\/lazer-sentinel-9-elite-gen2-auxiliary-light_pr_89252\/\",\"url\":\"https:\/\/com.rst-steel.eu\/product\/lazer-sentinel-9-elite-gen2-auxiliary-light_pr_89252\/\",\"name\":\"Lazer Sentinel 9\\\" Elite (Gen2) Auxiliary Light - RST-Steel\",\"isPartOf\":{\"@id\":\"https:\/\/com.rst-steel.eu\/#website\"},\"primaryImageOfPage\":{\"@id\":\"https:\/\/com.rst-steel.eu\/product\/lazer-sentinel-9-elite-gen2-auxiliary-light_pr_89252\/#primaryimage\"},\"image\":{\"@id\":\"https:\/\/com.rst-steel.eu\/product\/lazer-sentinel-9-elite-gen2-auxiliary-light_pr_89252\/#primaryimage\"},\"thumbnailUrl\":\"https:\/\/com.rst-steel.eu\/wp-content\/uploads\/2025\/05\/1cab341d75695e2579d67cc2a7f673d37c3f3c80_Sentinel_9_Elite__Gen2__Amber_PL_Angled_WEB.jpg\",\"datePublished\":\"2025-05-30T06:14:54+00:00\",\"dateModified\":\"2026-03-16T06:19:28+00:00\",\"description\":\"Lazer Sentinel 9\\\" Elite (Gen2) \u2013 powerful LED auxiliary light with flash-to-dim, durable design, and wide beam for demanding driving conditions.\",\"breadcrumb\":{\"@id\":\"https:\/\/com.rst-steel.eu\/product\/lazer-sentinel-9-elite-gen2-auxiliary-light_pr_89252\/#breadcrumb\"},\"inLanguage\":\"nb-NO\",\"potentialAction\":[{\"@type\":\"ReadAction\",\"target\":[\"https:\/\/com.rst-steel.eu\/product\/lazer-sentinel-9-elite-gen2-auxiliary-light_pr_89252\/\"]}]},{\"@type\":\"ImageObject\",\"inLanguage\":\"nb-NO\",\"@id\":\"https:\/\/com.rst-steel.eu\/product\/lazer-sentinel-9-elite-gen2-auxiliary-light_pr_89252\/#primaryimage\",\"url\":\"https:\/\/com.rst-steel.eu\/wp-content\/uploads\/2025\/05\/1cab341d75695e2579d67cc2a7f673d37c3f3c80_Sentinel_9_Elite__Gen2__Amber_PL_Angled_WEB.jpg\",\"contentUrl\":\"https:\/\/com.rst-steel.eu\/wp-content\/uploads\/2025\/05\/1cab341d75695e2579d67cc2a7f673d37c3f3c80_Sentinel_9_Elite__Gen2__Amber_PL_Angled_WEB.jpg\",\"width\":1000,\"height\":750,\"caption\":\"Lazer Sentinel 9\\\" Elite (Gen2)\"},{\"@type\":\"BreadcrumbList\",\"@id\":\"https:\/\/com.rst-steel.eu\/product\/lazer-sentinel-9-elite-gen2-auxiliary-light_pr_89252\/#breadcrumb\",\"itemListElement\":[{\"@type\":\"ListItem\",\"position\":1,\"name\":\"Home\",\"item\":\"https:\/\/com.rst-steel.eu\/\"},{\"@type\":\"ListItem\",\"position\":2,\"name\":\"RST-Steel Shop\",\"item\":\"https:\/\/com.rst-steel.eu\/shop\/\"},{\"@type\":\"ListItem\",\"position\":3,\"name\":\"Lazer Sentinel 9&#8243; Elite (Gen2) Auxiliary Light\"}]},{\"@type\":\"WebSite\",\"@id\":\"https:\/\/com.rst-steel.eu\/#website\",\"url\":\"https:\/\/com.rst-steel.eu\/\",\"name\":\"RST-Steel.com\",\"description\":\"Finnish quality steel, for quality-conscious drivers\",\"publisher\":{\"@id\":\"https:\/\/com.rst-steel.eu\/#organization\"},\"alternateName\":\"Safe and stylish RST-Steel quality\",\"potentialAction\":[{\"@type\":\"SearchAction\",\"target\":{\"@type\":\"EntryPoint\",\"urlTemplate\":\"https:\/\/com.rst-steel.eu\/?s={search_term_string}\"},\"query-input\":{\"@type\":\"PropertyValueSpecification\",\"valueRequired\":true,\"valueName\":\"search_term_string\"}}],\"inLanguage\":\"nb-NO\"},{\"@type\":\"Organization\",\"@id\":\"https:\/\/com.rst-steel.eu\/#organization\",\"name\":\"RST-Steel Oy\",\"url\":\"https:\/\/com.rst-steel.eu\/\",\"logo\":{\"@type\":\"ImageObject\",\"inLanguage\":\"nb-NO\",\"@id\":\"https:\/\/com.rst-steel.eu\/#\/schema\/logo\/image\/\",\"url\":\"https:\/\/com.rst-steel.eu\/wp-content\/uploads\/2023\/04\/cropped-Rst-logo-valkoinen-teksti-3.png\",\"contentUrl\":\"https:\/\/com.rst-steel.eu\/wp-content\/uploads\/2023\/04\/cropped-Rst-logo-valkoinen-teksti-3.png\",\"width\":512,\"height\":115,\"caption\":\"RST-Steel Oy\"},\"image\":{\"@id\":\"https:\/\/com.rst-steel.eu\/#\/schema\/logo\/image\/\"},\"sameAs\":[\"https:\/\/www.facebook.com\/rststeel\",\"https:\/\/www.instagram.com\/rststeeloy\/\"]}]}<\/script>\n<!-- \/ Yoast SEO plugin. -->","yoast_head_json":{"title":"Lazer Sentinel 9\" Elite (Gen2) Auxiliary Light - RST-Steel","description":"Lazer Sentinel 9\" Elite (Gen2) \u2013 powerful LED auxiliary light with flash-to-dim, durable design, and wide beam for demanding driving conditions.","robots":{"index":"index","follow":"follow","max-snippet":"max-snippet:-1","max-image-preview":"max-image-preview:large","max-video-preview":"max-video-preview:-1"},"canonical":"https:\/\/com.rst-steel.eu\/nb\/produkt\/lazer-sentinel-9-elite-gen2-auxiliary-light_pr_89252\/","og_locale":"nb_NO","og_type":"article","og_title":"Lazer Sentinel 9\" Elite (Gen2) Auxiliary Light - RST-Steel","og_description":"Lazer Sentinel 9\" Elite (Gen2) \u2013 powerful LED auxiliary light with flash-to-dim, durable design, and wide beam for demanding driving conditions.","og_url":"https:\/\/com.rst-steel.eu\/nb\/produkt\/lazer-sentinel-9-elite-gen2-auxiliary-light_pr_89252\/","og_site_name":"RST-Steel","article_publisher":"https:\/\/www.facebook.com\/rststeel","article_modified_time":"2026-03-16T06:19:28+00:00","og_image":[{"width":1000,"height":750,"url":"https:\/\/com.rst-steel.eu\/wp-content\/uploads\/2025\/05\/1cab341d75695e2579d67cc2a7f673d37c3f3c80_Sentinel_9_Elite__Gen2__Amber_PL_Angled_WEB.jpg","type":"image\/jpeg"}],"twitter_card":"summary_large_image","twitter_misc":{"Ansl. lesetid":"3 minutter"},"schema":{"@context":"https:\/\/schema.org","@graph":[{"@type":"WebPage","@id":"https:\/\/com.rst-steel.eu\/product\/lazer-sentinel-9-elite-gen2-auxiliary-light_pr_89252\/","url":"https:\/\/com.rst-steel.eu\/product\/lazer-sentinel-9-elite-gen2-auxiliary-light_pr_89252\/","name":"Lazer Sentinel 9\" Elite (Gen2) Auxiliary Light - RST-Steel","isPartOf":{"@id":"https:\/\/com.rst-steel.eu\/#website"},"primaryImageOfPage":{"@id":"https:\/\/com.rst-steel.eu\/product\/lazer-sentinel-9-elite-gen2-auxiliary-light_pr_89252\/#primaryimage"},"image":{"@id":"https:\/\/com.rst-steel.eu\/product\/lazer-sentinel-9-elite-gen2-auxiliary-light_pr_89252\/#primaryimage"},"thumbnailUrl":"https:\/\/com.rst-steel.eu\/wp-content\/uploads\/2025\/05\/1cab341d75695e2579d67cc2a7f673d37c3f3c80_Sentinel_9_Elite__Gen2__Amber_PL_Angled_WEB.jpg","datePublished":"2025-05-30T06:14:54+00:00","dateModified":"2026-03-16T06:19:28+00:00","description":"Lazer Sentinel 9\" Elite (Gen2) \u2013 powerful LED auxiliary light with flash-to-dim, durable design, and wide beam for demanding driving conditions.","breadcrumb":{"@id":"https:\/\/com.rst-steel.eu\/product\/lazer-sentinel-9-elite-gen2-auxiliary-light_pr_89252\/#breadcrumb"},"inLanguage":"nb-NO","potentialAction":[{"@type":"ReadAction","target":["https:\/\/com.rst-steel.eu\/product\/lazer-sentinel-9-elite-gen2-auxiliary-light_pr_89252\/"]}]},{"@type":"ImageObject","inLanguage":"nb-NO","@id":"https:\/\/com.rst-steel.eu\/product\/lazer-sentinel-9-elite-gen2-auxiliary-light_pr_89252\/#primaryimage","url":"https:\/\/com.rst-steel.eu\/wp-content\/uploads\/2025\/05\/1cab341d75695e2579d67cc2a7f673d37c3f3c80_Sentinel_9_Elite__Gen2__Amber_PL_Angled_WEB.jpg","contentUrl":"https:\/\/com.rst-steel.eu\/wp-content\/uploads\/2025\/05\/1cab341d75695e2579d67cc2a7f673d37c3f3c80_Sentinel_9_Elite__Gen2__Amber_PL_Angled_WEB.jpg","width":1000,"height":750,"caption":"Lazer Sentinel 9\" Elite (Gen2)"},{"@type":"BreadcrumbList","@id":"https:\/\/com.rst-steel.eu\/product\/lazer-sentinel-9-elite-gen2-auxiliary-light_pr_89252\/#breadcrumb","itemListElement":[{"@type":"ListItem","position":1,"name":"Home","item":"https:\/\/com.rst-steel.eu\/"},{"@type":"ListItem","position":2,"name":"RST-Steel Shop","item":"https:\/\/com.rst-steel.eu\/shop\/"},{"@type":"ListItem","position":3,"name":"Lazer Sentinel 9&#8243; Elite (Gen2) Auxiliary Light"}]},{"@type":"WebSite","@id":"https:\/\/com.rst-steel.eu\/#website","url":"https:\/\/com.rst-steel.eu\/","name":"RST-Steel.com","description":"Finsk kvalitetsst\u00e5l, for kvalitetsbevisste sj\u00e5f\u00f8rer","publisher":{"@id":"https:\/\/com.rst-steel.eu\/#organization"},"alternateName":"Safe and stylish RST-Steel quality","potentialAction":[{"@type":"SearchAction","target":{"@type":"EntryPoint","urlTemplate":"https:\/\/com.rst-steel.eu\/?s={search_term_string}"},"query-input":{"@type":"PropertyValueSpecification","valueRequired":true,"valueName":"search_term_string"}}],"inLanguage":"nb-NO"},{"@type":"Organization","@id":"https:\/\/com.rst-steel.eu\/#organization","name":"RST-Steel Oy","url":"https:\/\/com.rst-steel.eu\/","logo":{"@type":"ImageObject","inLanguage":"nb-NO","@id":"https:\/\/com.rst-steel.eu\/#\/schema\/logo\/image\/","url":"https:\/\/com.rst-steel.eu\/wp-content\/uploads\/2023\/04\/cropped-Rst-logo-valkoinen-teksti-3.png","contentUrl":"https:\/\/com.rst-steel.eu\/wp-content\/uploads\/2023\/04\/cropped-Rst-logo-valkoinen-teksti-3.png","width":512,"height":115,"caption":"RST-Steel Oy"},"image":{"@id":"https:\/\/com.rst-steel.eu\/#\/schema\/logo\/image\/"},"sameAs":["https:\/\/www.facebook.com\/rststeel","https:\/\/www.instagram.com\/rststeeloy\/"]}]}},"brands":[{"id":8332,"name":"Lazer Lamps","slug":"brand_lazerlamps"}],"_links":{"self":[{"href":"https:\/\/com.rst-steel.eu\/nb\/wp-json\/wp\/v2\/product\/52078","targetHints":{"allow":["GET"]}}],"collection":[{"href":"https:\/\/com.rst-steel.eu\/nb\/wp-json\/wp\/v2\/product"}],"about":[{"href":"https:\/\/com.rst-steel.eu\/nb\/wp-json\/wp\/v2\/types\/product"}],"replies":[{"embeddable":true,"href":"https:\/\/com.rst-steel.eu\/nb\/wp-json\/wp\/v2\/comments?post=52078"}],"version-history":[{"count":0,"href":"https:\/\/com.rst-steel.eu\/nb\/wp-json\/wp\/v2\/product\/52078\/revisions"}],"wp:featuredmedia":[{"embeddable":true,"href":"https:\/\/com.rst-steel.eu\/nb\/wp-json\/wp\/v2\/media\/52073"}],"wp:attachment":[{"href":"https:\/\/com.rst-steel.eu\/nb\/wp-json\/wp\/v2\/media?parent=52078"}],"wp:term":[{"taxonomy":"make_fuel_type","embeddable":true,"href":"https:\/\/com.rst-steel.eu\/nb\/wp-json\/wp\/v2\/make_fuel_type?post=52078"},{"taxonomy":"make_model","embeddable":true,"href":"https:\/\/com.rst-steel.eu\/nb\/wp-json\/wp\/v2\/make_model?post=52078"},{"taxonomy":"make_brand","embeddable":true,"href":"https:\/\/com.rst-steel.eu\/nb\/wp-json\/wp\/v2\/make_brand?post=52078"},{"taxonomy":"make_year","embeddable":true,"href":"https:\/\/com.rst-steel.eu\/nb\/wp-json\/wp\/v2\/make_year?post=52078"},{"taxonomy":"pwb-brand","embeddable":true,"href":"https:\/\/com.rst-steel.eu\/nb\/wp-json\/wp\/v2\/pwb-brand?post=52078"},{"taxonomy":"product_brand","embeddable":true,"href":"https:\/\/com.rst-steel.eu\/nb\/wp-json\/wp\/v2\/product_brand?post=52078"},{"taxonomy":"product_cat","embeddable":true,"href":"https:\/\/com.rst-steel.eu\/nb\/wp-json\/wp\/v2\/product_cat?post=52078"},{"taxonomy":"product_tag","embeddable":true,"href":"https:\/\/com.rst-steel.eu\/nb\/wp-json\/wp\/v2\/product_tag?post=52078"}],"curies":[{"name":"wp","href":"https:\/\/api.w.org\/{rel}","templated":true}]}}