{"id":52060,"date":"2025-05-30T09:14:21","date_gmt":"2025-05-30T06:14:21","guid":{"rendered":"https:\/\/rst-steel.com\/product\/lazer-sentinel-9-highline-auxiliary-light-white_pr_89249\/"},"modified":"2026-03-16T09:19:16","modified_gmt":"2026-03-16T06:19:16","slug":"lazer-sentinel-9-highline-white_pr_89249","status":"publish","type":"product","link":"https:\/\/com.rst-steel.eu\/nb\/produkt\/lazer-sentinel-9-highline-white_pr_89249\/","title":{"rendered":"Lazer Sentinel 9&#8243; Highline &#8211; White"},"content":{"rendered":"<p><strong>Lazer Sentinel 9&#8243; Highline Auxiliary Light &#8211; White for Heavy-Duty Vehicles<\/strong><\/p>\n<ul>\n<li><strong><br \/><\/strong><\/li>\n<\/ul>\n<p>Sentinel Highline PL2 is a new-generation 9&#8243; LED auxiliary light specifically designed for trucks and heavy-duty professional use. The light features a modern design with a black interior and satin black finish, combined with cutting-edge LED technology to ensure outstanding performance and a stylish appearance.<\/p>\n<ul>\n<li><\/li>\n<\/ul>\n<p>With a powerful light output of 17,020 lumens and a wide beam pattern of 52\u00b0 horizontally and 18\u00b0 vertically, it is the perfect choice for high mounting positions such as the roof of a truck. While its range is not as long as that of the previous Elite and Standard models, the Highline series offers a significantly taller beam pattern.<\/p>\n<ul>\n<li><\/li>\n<\/ul>\n<p>As with all Lazer products, the comfortable 5000K color temperature enhances visibility and object recognition.<\/p>\n<ul>\n<li><\/li>\n<\/ul>\n<p>The most notable upgrades include the new Position Light feature (PL2), the optional &#8220;Welcome Mode&#8221; function on startup, and improvements to the High (Boost) and Low (E-Mark) Output modes.<\/p>\n<ul>\n<li><\/li>\n<\/ul>\n<p>The Sentinel 9&#8243; Highline models offer excellent value for money, as they are priced at the same level as the Sentinel 9&#8243; (Standard) products.<\/p>\n<ul>\n<li><\/li>\n<\/ul>\n<p><strong>All-New Position Light Function<\/strong><br \/>The Highline range features updated Position Light and Backlight functions, while still being approved for on-road use under UNECE regulations (white position light only). In the new design, the entire lens of the auxiliary light is evenly illuminated\u2014unlike previous models where only the four corners were lit. As with its predecessors, the position light color can be selected as either amber or white.<\/p>\n<ul>\n<li><\/li>\n<\/ul>\n<p><strong>Welcome Mode \u2013 A Stylish Startup Feature<\/strong><br \/>During installation, customers can activate two different startup animations\u2014both are off by default.<\/p>\n<ul>\n<li><\/li>\n<\/ul>\n<p><strong>Options:<\/strong><\/p>\n<ul>\n<li>\n<p>The position light gradually brightens on startup<\/p>\n<\/li>\n<li>\n<p>The position light gradually brightens while simultaneously changing color<\/p>\n<\/li>\n<\/ul>\n<ul>\n<li><\/li>\n<\/ul>\n<p><strong>Flash-to-Dim &amp; Updated E-Boost<\/strong><br \/>The Sentinel Highline models feature the newly added Flash-to-Dim function, first introduced in the Glide series. This allows the driver to quickly switch the light\u2019s output intensity via the high beam stalk, reducing the auxiliary light\u2019s brightness.<\/p>\n<\/p>\n<p>This is particularly useful when driving in areas with large reflective traffic signs or in heavy traffic, allowing you to use the auxiliary lights over longer distances without causing glare or distraction.<\/p>\n<ul>\n<li><strong data-start=\"2068\" data-end=\"2088\"><br \/><\/strong><\/li>\n<\/ul>\n<p><strong data-start=\"2068\" data-end=\"2088\">Egenskaper:<\/strong><\/p>\n<ul data-start=\"2090\" data-end=\"3001\">\n<li data-start=\"2090\" data-end=\"2117\">\n<p data-start=\"2092\" data-end=\"2117\">20 premium-quality LEDs<\/p>\n<\/li>\n<li data-start=\"2118\" data-end=\"2187\">\n<p data-start=\"2120\" data-end=\"2187\">5000K color temperature with 80 CRI for excellent color rendering<\/p>\n<\/li>\n<li data-start=\"2188\" data-end=\"2247\">\n<p data-start=\"2190\" data-end=\"2247\">Ultra-reflective vacuum-metallized spot and wide optics<\/p>\n<\/li>\n<li data-start=\"2248\" data-end=\"2284\">\n<p data-start=\"2250\" data-end=\"2284\">Flash-to-Dim for glare reduction<\/p>\n<\/li>\n<li data-start=\"2285\" data-end=\"2334\">\n<p data-start=\"2287\" data-end=\"2334\">Dual-power modes: High (Boost) &amp; Low (E-Mark)<\/p>\n<\/li>\n<li data-start=\"2335\" data-end=\"2401\">\n<p data-start=\"2337\" data-end=\"2401\">Approved for on-road use (UNECE Reg 149 Class B \u2013 in Low mode)<\/p>\n<\/li>\n<li data-start=\"2402\" data-end=\"2426\">\n<p data-start=\"2404\" data-end=\"2426\">Dynamic Welcome Mode<\/p>\n<\/li>\n<li data-start=\"2427\" data-end=\"2480\">\n<p data-start=\"2429\" data-end=\"2480\">Cast aluminum bracket with embossed Sentinel logo<\/p>\n<\/li>\n<li data-start=\"2481\" data-end=\"2534\">\n<p data-start=\"2483\" data-end=\"2534\">Electronic thermal management for longer LED life<\/p>\n<\/li>\n<li data-start=\"2535\" data-end=\"2588\">\n<p data-start=\"2537\" data-end=\"2588\">Anodized base and automotive-grade powder coating<\/p>\n<\/li>\n<li data-start=\"2589\" data-end=\"2643\">\n<p data-start=\"2591\" data-end=\"2643\">CAE-optimized heatsink design for superior cooling<\/p>\n<\/li>\n<li data-start=\"2644\" data-end=\"2692\">\n<p data-start=\"2646\" data-end=\"2692\">Over-voltage and reverse polarity protection<\/p>\n<\/li>\n<li data-start=\"2693\" data-end=\"2750\">\n<p data-start=\"2695\" data-end=\"2750\">Impact-resistant polycarbonate lens with hard coating<\/p>\n<\/li>\n<li data-start=\"2751\" data-end=\"2801\">\n<p data-start=\"2753\" data-end=\"2801\">A2 stainless steel fittings with black coating<\/p>\n<\/li>\n<li data-start=\"2802\" data-end=\"2844\">\n<p data-start=\"2804\" data-end=\"2844\">Supplied with Lazer-branded lens cover<\/p>\n<\/li>\n<li data-start=\"2845\" data-end=\"2882\">\n<p data-start=\"2847\" data-end=\"2882\">Certified under UNECE Reg10 (EMC)<\/p>\n<\/li>\n<li data-start=\"2883\" data-end=\"2933\">\n<p data-start=\"2885\" data-end=\"2933\">IP68 rated \u2013 waterproof to 1.5m for 30 minutes<\/p>\n<\/li>\n<li data-start=\"2934\" data-end=\"2957\">\n<p data-start=\"2936\" data-end=\"2957\"><strong data-start=\"2936\" data-end=\"2955\">5 \u00e5rs garanti<\/strong><\/p>\n<\/li>\n<li data-start=\"2958\" data-end=\"3001\">\n<p data-start=\"2960\" data-end=\"3001\">Pre-installed 3-pin Superseal connector<\/p>\n<\/li>\n<li data-start=\"2958\" data-end=\"3001\"><\/li>\n<\/ul>\n<h2 data-start=\"3008\" data-end=\"3062\"><strong data-start=\"3011\" data-end=\"3062\" style=\"font-size: 13px\">Technical Specifications (Boost \/ E-Mark Modes):<\/strong><\/h2>\n<ul data-start=\"3064\" data-end=\"3429\">\n<li data-start=\"3064\" data-end=\"3093\">\n<p data-start=\"3066\" data-end=\"3093\">Operating Voltage: 10\u201332V<\/p>\n<\/li>\n<li data-start=\"3094\" data-end=\"3115\">\n<p data-start=\"3096\" data-end=\"3115\">Power: 130W \/ 26W<\/p>\n<\/li>\n<li data-start=\"3116\" data-end=\"3154\">\n<p data-start=\"3118\" data-end=\"3154\">Light Output: 17,020 lm \/ 3,404 lm<\/p>\n<\/li>\n<li data-start=\"3155\" data-end=\"3183\">\n<p data-start=\"3157\" data-end=\"3183\">Fargetemperatur: 5000K<\/p>\n<\/li>\n<li data-start=\"3184\" data-end=\"3201\">\n<p data-start=\"3186\" data-end=\"3201\">LED Count: 20<\/p>\n<\/li>\n<li data-start=\"3202\" data-end=\"3220\">\n<p data-start=\"3204\" data-end=\"3220\">Weight: 2.5 kg<\/p>\n<\/li>\n<li data-start=\"3221\" data-end=\"3242\">\n<p data-start=\"3223\" data-end=\"3242\">Garanti: 5 \u00e5r<\/p>\n<\/li>\n<li data-start=\"3243\" data-end=\"3262\">\n<p data-start=\"3245\" data-end=\"3262\">IP-klassifisering: IP68<\/p>\n<\/li>\n<li data-start=\"3263\" data-end=\"3293\">\n<p data-start=\"3265\" data-end=\"3293\">Connector: 3-pin Superseal<\/p>\n<\/li>\n<li data-start=\"3294\" data-end=\"3429\">\n<p data-start=\"3296\" data-end=\"3313\">Sertifiseringer:<\/p>\n<ul data-start=\"3316\" data-end=\"3429\">\n<li data-start=\"3316\" data-end=\"3367\">\n<p data-start=\"3318\" data-end=\"3367\">High Beam: UNECE R149 \u2013 Ref: 12.5 (E-Mark mode)<\/p>\n<\/li>\n<li data-start=\"3370\" data-end=\"3408\">\n<p data-start=\"3372\" data-end=\"3408\">Position Light (white): UNECE R148<\/p>\n<\/li>\n<li data-start=\"3411\" data-end=\"3429\">\n<p data-start=\"3413\" data-end=\"3429\">EMC: UNECE R10<\/p>\n<\/li>\n<\/ul>\n<\/li>\n<\/ul>\n<ul data-start=\"3064\" data-end=\"3429\">\n<li data-start=\"3294\" data-end=\"3429\"><\/li>\n<\/ul>\n<ul data-start=\"3316\" data-end=\"3429\"><\/ul>\n<\/p>\n<h2 data-start=\"3436\" data-end=\"3485\"><strong data-start=\"3439\" data-end=\"3485\" style=\"font-size: 13px\">Light Performance \u2013 Range (Boost \/ E-Mark):<\/strong><\/h2>\n<ul data-start=\"3487\" data-end=\"3608\">\n<li data-start=\"3487\" data-end=\"3519\">\n<p data-start=\"3489\" data-end=\"3519\"><strong data-start=\"3489\" data-end=\"3501\">0.25 lux<\/strong>: 1166 m \/ 522 m<\/p>\n<\/li>\n<li data-start=\"3520\" data-end=\"3550\">\n<p data-start=\"3522\" data-end=\"3550\"><strong data-start=\"3522\" data-end=\"3533\">0.5 lux<\/strong>: 825 m \/ 369 m<\/p>\n<\/li>\n<li data-start=\"3551\" data-end=\"3579\">\n<p data-start=\"3553\" data-end=\"3579\"><strong data-start=\"3553\" data-end=\"3562\">1 lux<\/strong>: 538 m \/ 261 m<\/p>\n<\/li>\n<li data-start=\"3580\" data-end=\"3608\">\n<p data-start=\"3582\" data-end=\"3608\"><strong data-start=\"3582\" data-end=\"3591\">3 lux<\/strong>: 337 m \/ 151 m<\/p>\n<\/li>\n<\/ul>\n<ul data-start=\"3487\" data-end=\"3608\">\n<li data-start=\"3580\" data-end=\"3608\"><\/li>\n<\/ul>\n<h2 data-start=\"3615\" data-end=\"3632\"><strong data-start=\"3618\" data-end=\"3632\" style=\"font-size: 13px\">Dimensjoner:<\/strong><\/h2>\n<ul data-start=\"3634\" data-end=\"3719\">\n<li data-start=\"3634\" data-end=\"3651\">\n<p data-start=\"3636\" data-end=\"3651\">Width: 225 mm<\/p>\n<\/li>\n<li data-start=\"3652\" data-end=\"3668\">\n<p data-start=\"3654\" data-end=\"3668\">Depth: 90 mm<\/p>\n<\/li>\n<li data-start=\"3669\" data-end=\"3687\">\n<p data-start=\"3671\" data-end=\"3687\">Height: 211 mm<\/p>\n<\/li>\n<li data-start=\"3688\" data-end=\"3719\">\n<p data-start=\"3690\" data-end=\"3719\">Height with bracket: 228 mm<\/p>\n<\/li>\n<\/ul>\n<ul data-start=\"3634\" data-end=\"3719\">\n<li data-start=\"3688\" data-end=\"3719\"><\/li>\n<\/ul>\n<h2 data-start=\"3726\" data-end=\"3749\"><strong data-start=\"3729\" data-end=\"3749\" style=\"font-size: 13px\">Pakken inneholder:<\/strong><\/h2>\n<\/p>\n<ul data-start=\"3751\" data-end=\"3857\">\n<li data-start=\"3751\" data-end=\"3791\">\n<p data-start=\"3753\" data-end=\"3791\">Sentinel 9&#8243; Highline Auxiliary Light<\/p>\n<\/li>\n<li data-start=\"3792\" data-end=\"3806\">\n<p data-start=\"3794\" data-end=\"3806\">Lens cover<\/p>\n<\/li>\n<li data-start=\"3807\" data-end=\"3827\">\n<p data-start=\"3809\" data-end=\"3827\">Mounting bracket<\/p>\n<\/li>\n<li data-start=\"3828\" data-end=\"3857\">\n<p data-start=\"3830\" data-end=\"3857\">Installasjonsinstruksjoner<\/p>\n<\/li>\n<\/ul>","protected":false},"excerpt":{"rendered":"<p>The All-New Sentinel 9&#8243; Highline \u2013 Now Available!<\/p>","protected":false},"featured_media":52055,"comment_status":"open","ping_status":"closed","template":"","meta":{"_improvement_type_select":"improve_an_existing","_thumb_yes_seoaic":false,"_frame_yes_seoaic":false,"seoaic_generate_description":"","seoaic_improve_instructions_prompt":"","seoaic_rollback_content_improvement":"","seoaic_idea_thumbnail_generator":"","thumbnail_generated":false,"thumbnail_generate_prompt":"","seoaic_article_description":""},"make_fuel_type":[],"make_model":[],"make_brand":[],"make_year":[],"pwb-brand":[8332],"product_brand":[],"product_cat":[6195,6209,6211,7207],"product_tag":[8498,6298],"class_list":{"0":"post-52060","1":"product","2":"type-product","3":"status-publish","4":"has-post-thumbnail","6":"pwb-brand-brand_lazerlamps","7":"product_cat-lamps","8":"product_cat-auxiliary-lights","9":"product_cat-lazer-lamps-auxiliary-lights","10":"product_cat-rst-sentinell","11":"product_tag-auxiliary-light","12":"product_tag-lazer-lamps","14":"first","15":"instock","16":"taxable","17":"shipping-taxable","18":"purchasable","19":"product-type-simple"},"yoast_head":"<!-- This site is optimized with the Yoast SEO plugin v25.7 - https:\/\/yoast.com\/wordpress\/plugins\/seo\/ -->\n<title>Lazer Sentinel 9&quot; Highline - White - RST-Steel<\/title>\n<meta name=\"description\" content=\"Lazer Sentinel 9&quot; Highline White \u2013 powerful LED driving light with white beacon and parking functions, designed for heavy-duty vehicles.\" \/>\n<meta name=\"robots\" content=\"index, follow, max-snippet:-1, max-image-preview:large, max-video-preview:-1\" \/>\n<link rel=\"canonical\" href=\"https:\/\/com.rst-steel.eu\/nb\/produkt\/lazer-sentinel-9-highline-white_pr_89249\/\" \/>\n<meta property=\"og:locale\" content=\"nb_NO\" \/>\n<meta property=\"og:type\" content=\"article\" \/>\n<meta property=\"og:title\" content=\"Lazer Sentinel 9&quot; Highline - White - RST-Steel\" \/>\n<meta property=\"og:description\" content=\"Lazer Sentinel 9&quot; Highline White \u2013 powerful LED driving light with white beacon and parking functions, designed for heavy-duty vehicles.\" \/>\n<meta property=\"og:url\" content=\"https:\/\/com.rst-steel.eu\/nb\/produkt\/lazer-sentinel-9-highline-white_pr_89249\/\" \/>\n<meta property=\"og:site_name\" content=\"RST-Steel\" \/>\n<meta property=\"article:publisher\" content=\"https:\/\/www.facebook.com\/rststeel\" \/>\n<meta property=\"article:modified_time\" content=\"2026-03-16T06:19:16+00:00\" \/>\n<meta property=\"og:image\" content=\"https:\/\/com.rst-steel.eu\/wp-content\/uploads\/2025\/05\/aad2b25c8ed14af38d259c51c7b022fc413e9fa8_White_Sentinel_9_Highline_Amber_PL_Angled_WEB.jpg\" \/>\n\t<meta property=\"og:image:width\" content=\"1000\" \/>\n\t<meta property=\"og:image:height\" content=\"750\" \/>\n\t<meta property=\"og:image:type\" content=\"image\/jpeg\" \/>\n<meta name=\"twitter:card\" content=\"summary_large_image\" \/>\n<meta name=\"twitter:label1\" content=\"Ansl. lesetid\" \/>\n\t<meta name=\"twitter:data1\" content=\"3 minutter\" \/>\n<script type=\"application\/ld+json\" class=\"yoast-schema-graph\">{\"@context\":\"https:\/\/schema.org\",\"@graph\":[{\"@type\":\"WebPage\",\"@id\":\"https:\/\/com.rst-steel.eu\/product\/lazer-sentinel-9-highline-white_pr_89249\/\",\"url\":\"https:\/\/com.rst-steel.eu\/product\/lazer-sentinel-9-highline-white_pr_89249\/\",\"name\":\"Lazer Sentinel 9\\\" Highline - White - RST-Steel\",\"isPartOf\":{\"@id\":\"https:\/\/com.rst-steel.eu\/#website\"},\"primaryImageOfPage\":{\"@id\":\"https:\/\/com.rst-steel.eu\/product\/lazer-sentinel-9-highline-white_pr_89249\/#primaryimage\"},\"image\":{\"@id\":\"https:\/\/com.rst-steel.eu\/product\/lazer-sentinel-9-highline-white_pr_89249\/#primaryimage\"},\"thumbnailUrl\":\"https:\/\/com.rst-steel.eu\/wp-content\/uploads\/2025\/05\/aad2b25c8ed14af38d259c51c7b022fc413e9fa8_White_Sentinel_9_Highline_Amber_PL_Angled_WEB.jpg\",\"datePublished\":\"2025-05-30T06:14:21+00:00\",\"dateModified\":\"2026-03-16T06:19:16+00:00\",\"description\":\"Lazer Sentinel 9\\\" Highline White \u2013 powerful LED driving light with white beacon and parking functions, designed for heavy-duty vehicles.\",\"breadcrumb\":{\"@id\":\"https:\/\/com.rst-steel.eu\/product\/lazer-sentinel-9-highline-white_pr_89249\/#breadcrumb\"},\"inLanguage\":\"nb-NO\",\"potentialAction\":[{\"@type\":\"ReadAction\",\"target\":[\"https:\/\/com.rst-steel.eu\/product\/lazer-sentinel-9-highline-white_pr_89249\/\"]}]},{\"@type\":\"ImageObject\",\"inLanguage\":\"nb-NO\",\"@id\":\"https:\/\/com.rst-steel.eu\/product\/lazer-sentinel-9-highline-white_pr_89249\/#primaryimage\",\"url\":\"https:\/\/com.rst-steel.eu\/wp-content\/uploads\/2025\/05\/aad2b25c8ed14af38d259c51c7b022fc413e9fa8_White_Sentinel_9_Highline_Amber_PL_Angled_WEB.jpg\",\"contentUrl\":\"https:\/\/com.rst-steel.eu\/wp-content\/uploads\/2025\/05\/aad2b25c8ed14af38d259c51c7b022fc413e9fa8_White_Sentinel_9_Highline_Amber_PL_Angled_WEB.jpg\",\"width\":1000,\"height\":750,\"caption\":\"Lazer Sentinel 9\\\" Highline - White\"},{\"@type\":\"BreadcrumbList\",\"@id\":\"https:\/\/com.rst-steel.eu\/product\/lazer-sentinel-9-highline-white_pr_89249\/#breadcrumb\",\"itemListElement\":[{\"@type\":\"ListItem\",\"position\":1,\"name\":\"Home\",\"item\":\"https:\/\/com.rst-steel.eu\/\"},{\"@type\":\"ListItem\",\"position\":2,\"name\":\"RST-Steel Shop\",\"item\":\"https:\/\/com.rst-steel.eu\/shop\/\"},{\"@type\":\"ListItem\",\"position\":3,\"name\":\"Lazer Sentinel 9&#8243; Highline &#8211; White\"}]},{\"@type\":\"WebSite\",\"@id\":\"https:\/\/com.rst-steel.eu\/#website\",\"url\":\"https:\/\/com.rst-steel.eu\/\",\"name\":\"RST-Steel.com\",\"description\":\"Finnish quality steel, for quality-conscious drivers\",\"publisher\":{\"@id\":\"https:\/\/com.rst-steel.eu\/#organization\"},\"alternateName\":\"Safe and stylish RST-Steel quality\",\"potentialAction\":[{\"@type\":\"SearchAction\",\"target\":{\"@type\":\"EntryPoint\",\"urlTemplate\":\"https:\/\/com.rst-steel.eu\/?s={search_term_string}\"},\"query-input\":{\"@type\":\"PropertyValueSpecification\",\"valueRequired\":true,\"valueName\":\"search_term_string\"}}],\"inLanguage\":\"nb-NO\"},{\"@type\":\"Organization\",\"@id\":\"https:\/\/com.rst-steel.eu\/#organization\",\"name\":\"RST-Steel Oy\",\"url\":\"https:\/\/com.rst-steel.eu\/\",\"logo\":{\"@type\":\"ImageObject\",\"inLanguage\":\"nb-NO\",\"@id\":\"https:\/\/com.rst-steel.eu\/#\/schema\/logo\/image\/\",\"url\":\"https:\/\/com.rst-steel.eu\/wp-content\/uploads\/2023\/04\/cropped-Rst-logo-valkoinen-teksti-3.png\",\"contentUrl\":\"https:\/\/com.rst-steel.eu\/wp-content\/uploads\/2023\/04\/cropped-Rst-logo-valkoinen-teksti-3.png\",\"width\":512,\"height\":115,\"caption\":\"RST-Steel Oy\"},\"image\":{\"@id\":\"https:\/\/com.rst-steel.eu\/#\/schema\/logo\/image\/\"},\"sameAs\":[\"https:\/\/www.facebook.com\/rststeel\",\"https:\/\/www.instagram.com\/rststeeloy\/\"]}]}<\/script>\n<!-- \/ Yoast SEO plugin. -->","yoast_head_json":{"title":"Lazer Sentinel 9\" Highline - White - RST-Steel","description":"Lazer Sentinel 9\" Highline White \u2013 powerful LED driving light with white beacon and parking functions, designed for heavy-duty vehicles.","robots":{"index":"index","follow":"follow","max-snippet":"max-snippet:-1","max-image-preview":"max-image-preview:large","max-video-preview":"max-video-preview:-1"},"canonical":"https:\/\/com.rst-steel.eu\/nb\/produkt\/lazer-sentinel-9-highline-white_pr_89249\/","og_locale":"nb_NO","og_type":"article","og_title":"Lazer Sentinel 9\" Highline - White - RST-Steel","og_description":"Lazer Sentinel 9\" Highline White \u2013 powerful LED driving light with white beacon and parking functions, designed for heavy-duty vehicles.","og_url":"https:\/\/com.rst-steel.eu\/nb\/produkt\/lazer-sentinel-9-highline-white_pr_89249\/","og_site_name":"RST-Steel","article_publisher":"https:\/\/www.facebook.com\/rststeel","article_modified_time":"2026-03-16T06:19:16+00:00","og_image":[{"width":1000,"height":750,"url":"https:\/\/com.rst-steel.eu\/wp-content\/uploads\/2025\/05\/aad2b25c8ed14af38d259c51c7b022fc413e9fa8_White_Sentinel_9_Highline_Amber_PL_Angled_WEB.jpg","type":"image\/jpeg"}],"twitter_card":"summary_large_image","twitter_misc":{"Ansl. lesetid":"3 minutter"},"schema":{"@context":"https:\/\/schema.org","@graph":[{"@type":"WebPage","@id":"https:\/\/com.rst-steel.eu\/product\/lazer-sentinel-9-highline-white_pr_89249\/","url":"https:\/\/com.rst-steel.eu\/product\/lazer-sentinel-9-highline-white_pr_89249\/","name":"Lazer Sentinel 9\" Highline - White - RST-Steel","isPartOf":{"@id":"https:\/\/com.rst-steel.eu\/#website"},"primaryImageOfPage":{"@id":"https:\/\/com.rst-steel.eu\/product\/lazer-sentinel-9-highline-white_pr_89249\/#primaryimage"},"image":{"@id":"https:\/\/com.rst-steel.eu\/product\/lazer-sentinel-9-highline-white_pr_89249\/#primaryimage"},"thumbnailUrl":"https:\/\/com.rst-steel.eu\/wp-content\/uploads\/2025\/05\/aad2b25c8ed14af38d259c51c7b022fc413e9fa8_White_Sentinel_9_Highline_Amber_PL_Angled_WEB.jpg","datePublished":"2025-05-30T06:14:21+00:00","dateModified":"2026-03-16T06:19:16+00:00","description":"Lazer Sentinel 9\" Highline White \u2013 powerful LED driving light with white beacon and parking functions, designed for heavy-duty vehicles.","breadcrumb":{"@id":"https:\/\/com.rst-steel.eu\/product\/lazer-sentinel-9-highline-white_pr_89249\/#breadcrumb"},"inLanguage":"nb-NO","potentialAction":[{"@type":"ReadAction","target":["https:\/\/com.rst-steel.eu\/product\/lazer-sentinel-9-highline-white_pr_89249\/"]}]},{"@type":"ImageObject","inLanguage":"nb-NO","@id":"https:\/\/com.rst-steel.eu\/product\/lazer-sentinel-9-highline-white_pr_89249\/#primaryimage","url":"https:\/\/com.rst-steel.eu\/wp-content\/uploads\/2025\/05\/aad2b25c8ed14af38d259c51c7b022fc413e9fa8_White_Sentinel_9_Highline_Amber_PL_Angled_WEB.jpg","contentUrl":"https:\/\/com.rst-steel.eu\/wp-content\/uploads\/2025\/05\/aad2b25c8ed14af38d259c51c7b022fc413e9fa8_White_Sentinel_9_Highline_Amber_PL_Angled_WEB.jpg","width":1000,"height":750,"caption":"Lazer Sentinel 9\" Highline - White"},{"@type":"BreadcrumbList","@id":"https:\/\/com.rst-steel.eu\/product\/lazer-sentinel-9-highline-white_pr_89249\/#breadcrumb","itemListElement":[{"@type":"ListItem","position":1,"name":"Home","item":"https:\/\/com.rst-steel.eu\/"},{"@type":"ListItem","position":2,"name":"RST-Steel Shop","item":"https:\/\/com.rst-steel.eu\/shop\/"},{"@type":"ListItem","position":3,"name":"Lazer Sentinel 9&#8243; Highline &#8211; White"}]},{"@type":"WebSite","@id":"https:\/\/com.rst-steel.eu\/#website","url":"https:\/\/com.rst-steel.eu\/","name":"RST-Steel.com","description":"Finsk kvalitetsst\u00e5l, for kvalitetsbevisste sj\u00e5f\u00f8rer","publisher":{"@id":"https:\/\/com.rst-steel.eu\/#organization"},"alternateName":"Safe and stylish RST-Steel quality","potentialAction":[{"@type":"SearchAction","target":{"@type":"EntryPoint","urlTemplate":"https:\/\/com.rst-steel.eu\/?s={search_term_string}"},"query-input":{"@type":"PropertyValueSpecification","valueRequired":true,"valueName":"search_term_string"}}],"inLanguage":"nb-NO"},{"@type":"Organization","@id":"https:\/\/com.rst-steel.eu\/#organization","name":"RST-Steel Oy","url":"https:\/\/com.rst-steel.eu\/","logo":{"@type":"ImageObject","inLanguage":"nb-NO","@id":"https:\/\/com.rst-steel.eu\/#\/schema\/logo\/image\/","url":"https:\/\/com.rst-steel.eu\/wp-content\/uploads\/2023\/04\/cropped-Rst-logo-valkoinen-teksti-3.png","contentUrl":"https:\/\/com.rst-steel.eu\/wp-content\/uploads\/2023\/04\/cropped-Rst-logo-valkoinen-teksti-3.png","width":512,"height":115,"caption":"RST-Steel Oy"},"image":{"@id":"https:\/\/com.rst-steel.eu\/#\/schema\/logo\/image\/"},"sameAs":["https:\/\/www.facebook.com\/rststeel","https:\/\/www.instagram.com\/rststeeloy\/"]}]}},"brands":[{"id":8332,"name":"Lazer Lamps","slug":"brand_lazerlamps"}],"_links":{"self":[{"href":"https:\/\/com.rst-steel.eu\/nb\/wp-json\/wp\/v2\/product\/52060","targetHints":{"allow":["GET"]}}],"collection":[{"href":"https:\/\/com.rst-steel.eu\/nb\/wp-json\/wp\/v2\/product"}],"about":[{"href":"https:\/\/com.rst-steel.eu\/nb\/wp-json\/wp\/v2\/types\/product"}],"replies":[{"embeddable":true,"href":"https:\/\/com.rst-steel.eu\/nb\/wp-json\/wp\/v2\/comments?post=52060"}],"version-history":[{"count":0,"href":"https:\/\/com.rst-steel.eu\/nb\/wp-json\/wp\/v2\/product\/52060\/revisions"}],"wp:featuredmedia":[{"embeddable":true,"href":"https:\/\/com.rst-steel.eu\/nb\/wp-json\/wp\/v2\/media\/52055"}],"wp:attachment":[{"href":"https:\/\/com.rst-steel.eu\/nb\/wp-json\/wp\/v2\/media?parent=52060"}],"wp:term":[{"taxonomy":"make_fuel_type","embeddable":true,"href":"https:\/\/com.rst-steel.eu\/nb\/wp-json\/wp\/v2\/make_fuel_type?post=52060"},{"taxonomy":"make_model","embeddable":true,"href":"https:\/\/com.rst-steel.eu\/nb\/wp-json\/wp\/v2\/make_model?post=52060"},{"taxonomy":"make_brand","embeddable":true,"href":"https:\/\/com.rst-steel.eu\/nb\/wp-json\/wp\/v2\/make_brand?post=52060"},{"taxonomy":"make_year","embeddable":true,"href":"https:\/\/com.rst-steel.eu\/nb\/wp-json\/wp\/v2\/make_year?post=52060"},{"taxonomy":"pwb-brand","embeddable":true,"href":"https:\/\/com.rst-steel.eu\/nb\/wp-json\/wp\/v2\/pwb-brand?post=52060"},{"taxonomy":"product_brand","embeddable":true,"href":"https:\/\/com.rst-steel.eu\/nb\/wp-json\/wp\/v2\/product_brand?post=52060"},{"taxonomy":"product_cat","embeddable":true,"href":"https:\/\/com.rst-steel.eu\/nb\/wp-json\/wp\/v2\/product_cat?post=52060"},{"taxonomy":"product_tag","embeddable":true,"href":"https:\/\/com.rst-steel.eu\/nb\/wp-json\/wp\/v2\/product_tag?post=52060"}],"curies":[{"name":"wp","href":"https:\/\/api.w.org\/{rel}","templated":true}]}}