{"id":51972,"date":"2025-05-28T12:23:34","date_gmt":"2025-05-28T09:23:34","guid":{"rendered":"https:\/\/rst-steel.com\/product\/lazer-air-90-led-lisavalo-beacon_pr_90205\/"},"modified":"2026-03-16T09:19:40","modified_gmt":"2026-03-16T06:19:40","slug":"lazer-air-90-with-beacon_pr_90205","status":"publish","type":"product","link":"https:\/\/com.rst-steel.eu\/nb\/produkt\/lazer-air-90-with-beacon_pr_90205\/","title":{"rendered":"Lazer AIR-90\u00a0 (With Beacon)"},"content":{"rendered":"<p><span style=\"font-weight: bold\">Lazer AIR-90&nbsp; (With Beacon)<\/span><\/p>\n<ul>\n<li>&nbsp;<\/li>\n<\/ul>\n<p data-start=\"72\" data-end=\"87\"><strong data-start=\"72\" data-end=\"87\">What&#8217;s New?<\/strong><\/p>\n<ul>\n<li data-start=\"89\" data-end=\"152\">\n<p data-start=\"91\" data-end=\"152\">Optional dynamic start-up animation (start-up\/welcome mode)<\/p>\n<\/li>\n<li data-start=\"153\" data-end=\"195\">\n<p data-start=\"155\" data-end=\"195\">Flash-To-Dim dual-intensity technology<\/p>\n<\/li>\n<li data-start=\"196\" data-end=\"274\">\n<p data-start=\"198\" data-end=\"274\">UNECE Regulation 65 (XA1) approved integrated warning light \/ flash function<\/p>\n<\/li>\n<li>&nbsp;<\/li>\n<\/ul>\n<p>Den <span style=\"font-weight: bold\">Lazer AIR-90<\/span> is a next-generation LED auxiliary light that combines extreme light output, modern design, and now also features a new integrated beacon warning light. This makes it the <span style=\"font-weight: bold\">perfect lighting solution for professional transport, commercial vehicles, and heavy-duty applications<\/span> \u2013 every day of the year.<\/p>\n<ul>\n<li>&nbsp;<\/li>\n<\/ul>\n<p data-start=\"70\" data-end=\"487\"><span data-start=\"70\" data-end=\"487\">The AIR-90 delivers <span style=\"font-weight: bold\">9,160 raw lumens<\/span> of light output and achieves 1 lux of illumination at a distance of <span style=\"font-weight: bold\">up to 574 meters<\/span>. Its optimized vertical beam pattern enhances visibility in all driving conditions. The unit is <span style=\"font-weight: bold\">approved as a high beam according to UNECE Regulation 149<\/span> and features Lazer\u2019s <span style=\"font-weight: bold\">E-Boost technology<\/span>, allowing operation at either full or reduced output \u2013 manually or via the Flash-to-Dim function.<\/span><\/p>\n<ul>\n<li><span data-start=\"70\" data-end=\"487\">&nbsp;<\/span><\/li>\n<\/ul>\n<p data-start=\"70\" data-end=\"487\"><span style=\"font-weight: bold\" data-start=\"70\" data-end=\"487\">LED auxiliary light with integrated beacon warning light<\/span><\/p>\n<p data-start=\"70\" data-end=\"487\"><span data-start=\"70\" data-end=\"487\">The AIR-90 Beacon is <span style=\"font-weight: bold\">approved under UNECE Regulation 65<\/span> as a narrow-beam, night-use (XA1) warning light. It offers two distinct amber flash patterns that can be synchronized across multiple units. Selection and switching between patterns is simple, either during installation or later if needed.<\/span><\/p>\n<ul>\n<li><span data-start=\"70\" data-end=\"487\">&nbsp;<\/span><\/li>\n<\/ul>\n<p data-start=\"70\" data-end=\"487\"><span data-start=\"70\" data-end=\"487\">This new feature provides significant added value, especially for <span style=\"font-weight: bold\">users who require both powerful driving light and warning light functionality in a single unit.<\/span><\/span><\/p>\n<ul>\n<li><span data-start=\"70\" data-end=\"487\"><span style=\"font-weight: bold\">&nbsp;<\/span><\/span><\/li>\n<\/ul>\n<p data-start=\"70\" data-end=\"487\"><span data-start=\"70\" data-end=\"487\"><span style=\"font-weight: bold\">Bold styling and dual-colour position\/parking light<\/span><\/span><\/p>\n<p><span data-start=\"70\" data-end=\"487\">The design of the AIR-90 stands out: the <span style=\"font-weight: bold\">monocoque-style lens<\/span> is made from durable injection-moulded polycarbonate with a <span style=\"font-weight: bold\">hard-coated finish<\/span> for enhanced longevity \u2013 backed by a lifetime warranty. The light also features a <span style=\"font-weight: bold\">dual-colour position light<\/span> (white or amber), offering added functionality especially valued in heavy-duty applications. The white light complies with UNECE Regulation 148 for road use (note: duplicating position lights is not permitted in Finland).<\/span><\/p>\n<ul>\n<li><span data-start=\"70\" data-end=\"487\">&nbsp;<\/span><\/li>\n<\/ul>\n<p><span style=\"font-weight: bold\" data-start=\"70\" data-end=\"487\">Welcome Mode \u2013 a stylish start-up function<\/span><\/p>\n<p><span data-start=\"70\" data-end=\"487\">The AIR-90 Beacon can be configured to gradually brighten at start-up or to transition in steps between white and amber light (or vice versa).<\/span><\/p>\n<ul>\n<li><span data-start=\"70\" data-end=\"487\">&nbsp;<\/span><\/li>\n<\/ul>\n<p><span style=\"font-weight: bold\" data-start=\"70\" data-end=\"487\">Clean installation \u2013 perfect for roof mounting<\/span><\/p>\n<p><span data-start=\"70\" data-end=\"487\">The AIR-90 is delivered with a <span style=\"font-weight: bold\">Centre Mount mounting system<\/span> that enables a neat and low-profile installation relative to the mounting point. This feature is especially beneficial for vehicle roof installations where maintaining a low and aerodynamic vehicle profile is important<\/span><span data-start=\"70\" data-end=\"487\">.<\/span><\/p>\n<ul>\n<li><span data-start=\"70\" data-end=\"487\">&nbsp;<\/span><\/li>\n<\/ul>\n<p data-start=\"107\" data-end=\"122\"><strong data-start=\"107\" data-end=\"120\">Egenskaper:<\/strong><\/p>\n<ul data-start=\"123\" data-end=\"1381\">\n<li data-start=\"123\" data-end=\"198\">\n<p data-start=\"125\" data-end=\"198\">Patent-pending injection-moulded monocoque lens with textured underside<\/p>\n<\/li>\n<li data-start=\"199\" data-end=\"255\">\n<p data-start=\"201\" data-end=\"255\">Use of the latest high-efficiency premium-grade LEDs<\/p>\n<\/li>\n<li data-start=\"256\" data-end=\"409\">\n<p data-start=\"258\" data-end=\"409\">Highly reflective vacuum-metallized optics deliver an optimized beam pattern for daily road use, even from elevated mounting positions.<\/p>\n<\/li>\n<li data-start=\"410\" data-end=\"492\">\n<p data-start=\"412\" data-end=\"492\">Flash-to-dim helps prevent glare from reflective surfaces like traffic signs.<\/p>\n<\/li>\n<li data-start=\"493\" data-end=\"543\">\n<p data-start=\"495\" data-end=\"543\">Dual output mode \u2013 high and low power settings<\/p>\n<\/li>\n<li data-start=\"544\" data-end=\"641\">\n<p data-start=\"546\" data-end=\"641\">UNECE Reg 149 Class B driving light, approved as a road-legal high beam (low power mode only)<\/p>\n<\/li>\n<li data-start=\"642\" data-end=\"720\">\n<p data-start=\"644\" data-end=\"720\">Integrated white (UNECE Reg 148 approved) or amber position light function<\/p>\n<\/li>\n<li data-start=\"721\" data-end=\"777\">\n<p data-start=\"723\" data-end=\"777\">Integrated amber warning beacon \u2013 UNECE Reg 65 (XA1)<\/p>\n<\/li>\n<li data-start=\"778\" data-end=\"881\">\n<p data-start=\"780\" data-end=\"881\">Versatile \u2018Centre Mount\u2019 bracket system enables low-profile mounting relative to the mounting point<\/p>\n<\/li>\n<li data-start=\"882\" data-end=\"954\">\n<p data-start=\"884\" data-end=\"954\">Dynamic start-up \/ welcome mode \u2013 two options, activatable as needed<\/p>\n<\/li>\n<li data-start=\"955\" data-end=\"1019\">\n<p data-start=\"957\" data-end=\"1019\">CAE-optimized cooling fin design improves thermal management<\/p>\n<\/li>\n<li data-start=\"1020\" data-end=\"1124\">\n<p data-start=\"1022\" data-end=\"1124\">Anodized pretreatment and vehicle-grade powder coating ensure best corrosion and chemical resistance<\/p>\n<\/li>\n<li data-start=\"1125\" data-end=\"1158\">\n<p data-start=\"1127\" data-end=\"1158\">Electronic thermal management<\/p>\n<\/li>\n<li data-start=\"1159\" data-end=\"1231\">\n<p data-start=\"1161\" data-end=\"1231\">&#8220;Shatterproof&#8221; hard-coated polycarbonate lens with lifetime warranty<\/p>\n<\/li>\n<li data-start=\"1232\" data-end=\"1258\">\n<p data-start=\"1234\" data-end=\"1258\">IP68 waterproof rating<\/p>\n<\/li>\n<li data-start=\"1259\" data-end=\"1278\">\n<p data-start=\"1261\" data-end=\"1278\">5 \u00e5rs garanti<\/p>\n<\/li>\n<li data-start=\"1279\" data-end=\"1343\">\n<p data-start=\"1281\" data-end=\"1343\">20 cm lamp cable with male\/female 6-pin Superseal connectors<\/p>\n<\/li>\n<li data-start=\"1344\" data-end=\"1381\">\n<p data-start=\"1346\" data-end=\"1381\">Designed and manufactured in the UK<\/p>\n<\/li>\n<\/ul>\n<ul data-start=\"123\" data-end=\"1381\">\n<li data-start=\"1344\" data-end=\"1381\">\n<p data-start=\"1346\" data-end=\"1381\">&nbsp;<\/p>\n<\/li>\n<\/ul>\n<p>&nbsp;<\/p>\n<p data-start=\"80\" data-end=\"132\"><strong data-start=\"80\" data-end=\"130\">Technical Specifications (Boost Mode \/ E-Mark)<\/strong><\/p>\n<ul data-start=\"133\" data-end=\"572\">\n<li data-start=\"133\" data-end=\"162\">\n<p data-start=\"135\" data-end=\"162\">Operating Voltage: 10\u201332V<\/p>\n<\/li>\n<li data-start=\"163\" data-end=\"206\">\n<p data-start=\"165\" data-end=\"206\">Reference Number: 17.5 (Low Power Mode)<\/p>\n<\/li>\n<li data-start=\"207\" data-end=\"233\">\n<p data-start=\"209\" data-end=\"233\">Rated Power: 90W \/ 14W<\/p>\n<\/li>\n<li data-start=\"234\" data-end=\"264\">\n<p data-start=\"236\" data-end=\"264\">Rated Current: 8.5A \/ 1.3A<\/p>\n<\/li>\n<li data-start=\"265\" data-end=\"309\">\n<p data-start=\"267\" data-end=\"309\">Rated Luminous Flux: 9,160 lm \/ 2,290 lm<\/p>\n<\/li>\n<li data-start=\"310\" data-end=\"344\">\n<p data-start=\"312\" data-end=\"344\">Rated Color Temperature: 5000K<\/p>\n<\/li>\n<li data-start=\"345\" data-end=\"375\">\n<p data-start=\"347\" data-end=\"375\">Connector: 6-pin Superseal<\/p>\n<\/li>\n<li data-start=\"376\" data-end=\"399\">\n<p data-start=\"378\" data-end=\"399\">Cable Length: 25 cm<\/p>\n<\/li>\n<li data-start=\"400\" data-end=\"419\">\n<p data-start=\"402\" data-end=\"419\">Vekt: 1,65 kg<\/p>\n<\/li>\n<li data-start=\"420\" data-end=\"439\">\n<p data-start=\"422\" data-end=\"439\">IP-klassifisering: IP68<\/p>\n<\/li>\n<li data-start=\"440\" data-end=\"497\">\n<p data-start=\"442\" data-end=\"497\">Approvals: ECE R149, ECE R148, ECE R10, ECE R65 (XA1)<\/p>\n<\/li>\n<li data-start=\"498\" data-end=\"550\">\n<p data-start=\"500\" data-end=\"550\">Road-use approval does not apply in E-Boost mode<\/p>\n<\/li>\n<li data-start=\"551\" data-end=\"572\">\n<p data-start=\"553\" data-end=\"572\">Warranty: 60 months<\/p>\n<\/li>\n<li>&nbsp;<\/li>\n<\/ul>\n<p data-start=\"51\" data-end=\"68\"><strong data-start=\"51\" data-end=\"66\">Dimensjoner:<\/strong><\/p>\n<ul data-start=\"69\" data-end=\"168\">\n<li data-start=\"69\" data-end=\"86\">\n<p data-start=\"71\" data-end=\"86\">Bredde: 411 mm<\/p>\n<\/li>\n<li data-start=\"87\" data-end=\"104\">\n<p data-start=\"89\" data-end=\"104\">Dybde: 106 mm<\/p>\n<\/li>\n<li data-start=\"105\" data-end=\"122\">\n<p data-start=\"107\" data-end=\"122\">H\u00f8yde: 82 mm<\/p>\n<\/li>\n<li data-start=\"123\" data-end=\"168\">\n<p data-start=\"125\" data-end=\"168\">Height with mounting bracket: 82 mm \u2013 98 mm<\/p>\n<\/li>\n<li>&nbsp;<\/li>\n<\/ul>\n<p data-start=\"42\" data-end=\"77\"><strong data-start=\"42\" data-end=\"75\">Performance (Boost \/ E-Mark):<\/strong><\/p>\n<ul data-start=\"78\" data-end=\"235\">\n<li data-start=\"78\" data-end=\"125\">\n<p data-start=\"80\" data-end=\"125\">Horizontal \/ Vertical beam angle: 34\u00b0 \/ 13\u00b0<\/p>\n<\/li>\n<li data-start=\"126\" data-end=\"155\">\n<p data-start=\"128\" data-end=\"155\">0.25 Lux @ 1149 m \/ 574 m<\/p>\n<\/li>\n<li data-start=\"156\" data-end=\"183\">\n<p data-start=\"158\" data-end=\"183\">0.5 Lux @ 812 m \/ 406 m<\/p>\n<\/li>\n<li data-start=\"184\" data-end=\"209\">\n<p data-start=\"186\" data-end=\"209\">1 Lux @ 574 m \/ 287 m<\/p>\n<\/li>\n<li data-start=\"210\" data-end=\"235\">\n<p data-start=\"212\" data-end=\"235\">3 Lux @ 332 m \/ 166 m<\/p>\n<\/li>\n<li>&nbsp;<\/li>\n<\/ul>\n<p data-start=\"237\" data-end=\"261\"><strong data-start=\"237\" data-end=\"259\">Innhold i leveransen:<\/strong><\/p>\n<ul data-start=\"262\" data-end=\"354\">\n<li data-start=\"262\" data-end=\"301\">\n<p data-start=\"264\" data-end=\"301\">Lazer AIR-90 Beacon auxiliary light<\/p>\n<\/li>\n<li data-start=\"302\" data-end=\"326\">\n<p data-start=\"304\" data-end=\"326\">2x Centre mount kits<\/p>\n<\/li>\n<li data-start=\"327\" data-end=\"354\">\n<p data-start=\"329\" data-end=\"354\">Installasjonsinstruksjoner<\/p>\n<\/li>\n<\/ul>","protected":false},"excerpt":{"rendered":"<p><span style=\"font-weight: bold\">Equipped with a warning light function!<\/span><\/p>","protected":false},"featured_media":51967,"comment_status":"open","ping_status":"closed","template":"","meta":{"_improvement_type_select":"improve_an_existing","_thumb_yes_seoaic":false,"_frame_yes_seoaic":false,"seoaic_generate_description":"","seoaic_improve_instructions_prompt":"","seoaic_rollback_content_improvement":"","seoaic_idea_thumbnail_generator":"","thumbnail_generated":false,"thumbnail_generate_prompt":"","seoaic_article_description":""},"make_fuel_type":[],"make_model":[],"make_brand":[],"make_year":[],"pwb-brand":[8332],"product_brand":[],"product_cat":[6195,6209,6211,7214],"product_tag":[8498,6298,8496],"class_list":{"0":"post-51972","1":"product","2":"type-product","3":"status-publish","4":"has-post-thumbnail","6":"pwb-brand-brand_lazerlamps","7":"product_cat-lamps","8":"product_cat-auxiliary-lights","9":"product_cat-lazer-lamps-auxiliary-lights","10":"product_cat-rstc-air","11":"product_tag-auxiliary-light","12":"product_tag-lazer-lamps","13":"product_tag-light-bar","15":"first","16":"instock","17":"taxable","18":"shipping-taxable","19":"purchasable","20":"product-type-simple"},"yoast_head":"<!-- This site is optimized with the Yoast SEO plugin v25.7 - https:\/\/yoast.com\/wordpress\/plugins\/seo\/ -->\n<title>Lazer AIR-90\u00a0 (With Beacon) - RST-Steel<\/title>\n<meta name=\"description\" content=\"Lazer AIR-90 LED Auxiliary Light (Beacon) combines powerful illumination, sleek design, and a new integrated Beacon warning light for professional use.\" \/>\n<meta name=\"robots\" content=\"index, follow, max-snippet:-1, max-image-preview:large, max-video-preview:-1\" \/>\n<link rel=\"canonical\" href=\"https:\/\/com.rst-steel.eu\/nb\/produkt\/lazer-air-90-with-beacon_pr_90205\/\" \/>\n<meta property=\"og:locale\" content=\"nb_NO\" \/>\n<meta property=\"og:type\" content=\"article\" \/>\n<meta property=\"og:title\" content=\"Lazer AIR-90\u00a0 (With Beacon) - RST-Steel\" \/>\n<meta property=\"og:description\" content=\"Lazer AIR-90 LED Auxiliary Light (Beacon) combines powerful illumination, sleek design, and a new integrated Beacon warning light for professional use.\" \/>\n<meta property=\"og:url\" content=\"https:\/\/com.rst-steel.eu\/nb\/produkt\/lazer-air-90-with-beacon_pr_90205\/\" \/>\n<meta property=\"og:site_name\" content=\"RST-Steel\" \/>\n<meta property=\"article:publisher\" content=\"https:\/\/www.facebook.com\/rststeel\" \/>\n<meta property=\"article:modified_time\" content=\"2026-03-16T06:19:40+00:00\" \/>\n<meta property=\"og:image\" content=\"https:\/\/com.rst-steel.eu\/wp-content\/uploads\/2025\/05\/2ba35801877c982027abba6b9585fa596f973c47_AIR_90_Beacon_Angled_Amber_PL_Beacon_On_WEB.jpg\" \/>\n\t<meta property=\"og:image:width\" content=\"1000\" \/>\n\t<meta property=\"og:image:height\" content=\"750\" \/>\n\t<meta property=\"og:image:type\" content=\"image\/jpeg\" \/>\n<meta name=\"twitter:card\" content=\"summary_large_image\" \/>\n<meta name=\"twitter:label1\" content=\"Ansl. lesetid\" \/>\n\t<meta name=\"twitter:data1\" content=\"4 minutter\" \/>\n<script type=\"application\/ld+json\" class=\"yoast-schema-graph\">{\"@context\":\"https:\/\/schema.org\",\"@graph\":[{\"@type\":\"WebPage\",\"@id\":\"https:\/\/com.rst-steel.eu\/sv\/produkt\/lazer-air-90-with-beacon_pr_90205\/\",\"url\":\"https:\/\/com.rst-steel.eu\/sv\/produkt\/lazer-air-90-with-beacon_pr_90205\/\",\"name\":\"Lazer AIR-90\u00a0 (With Beacon) - RST-Steel\",\"isPartOf\":{\"@id\":\"https:\/\/com.rst-steel.eu\/#website\"},\"primaryImageOfPage\":{\"@id\":\"https:\/\/com.rst-steel.eu\/sv\/produkt\/lazer-air-90-with-beacon_pr_90205\/#primaryimage\"},\"image\":{\"@id\":\"https:\/\/com.rst-steel.eu\/sv\/produkt\/lazer-air-90-with-beacon_pr_90205\/#primaryimage\"},\"thumbnailUrl\":\"https:\/\/com.rst-steel.eu\/wp-content\/uploads\/2025\/05\/2ba35801877c982027abba6b9585fa596f973c47_AIR_90_Beacon_Angled_Amber_PL_Beacon_On_WEB.jpg\",\"datePublished\":\"2025-05-28T09:23:34+00:00\",\"dateModified\":\"2026-03-16T06:19:40+00:00\",\"description\":\"Lazer AIR-90 LED Auxiliary Light (Beacon) combines powerful illumination, sleek design, and a new integrated Beacon warning light for professional use.\",\"breadcrumb\":{\"@id\":\"https:\/\/com.rst-steel.eu\/sv\/produkt\/lazer-air-90-with-beacon_pr_90205\/#breadcrumb\"},\"inLanguage\":\"nb-NO\",\"potentialAction\":[{\"@type\":\"ReadAction\",\"target\":[\"https:\/\/com.rst-steel.eu\/sv\/produkt\/lazer-air-90-with-beacon_pr_90205\/\"]}]},{\"@type\":\"ImageObject\",\"inLanguage\":\"nb-NO\",\"@id\":\"https:\/\/com.rst-steel.eu\/sv\/produkt\/lazer-air-90-with-beacon_pr_90205\/#primaryimage\",\"url\":\"https:\/\/com.rst-steel.eu\/wp-content\/uploads\/2025\/05\/2ba35801877c982027abba6b9585fa596f973c47_AIR_90_Beacon_Angled_Amber_PL_Beacon_On_WEB.jpg\",\"contentUrl\":\"https:\/\/com.rst-steel.eu\/wp-content\/uploads\/2025\/05\/2ba35801877c982027abba6b9585fa596f973c47_AIR_90_Beacon_Angled_Amber_PL_Beacon_On_WEB.jpg\",\"width\":1000,\"height\":750,\"caption\":\"Lazer AIR-90 (With Beacon)\"},{\"@type\":\"BreadcrumbList\",\"@id\":\"https:\/\/com.rst-steel.eu\/sv\/produkt\/lazer-air-90-with-beacon_pr_90205\/#breadcrumb\",\"itemListElement\":[{\"@type\":\"ListItem\",\"position\":1,\"name\":\"Home\",\"item\":\"https:\/\/com.rst-steel.eu\/\"},{\"@type\":\"ListItem\",\"position\":2,\"name\":\"RST-Steel Shop\",\"item\":\"https:\/\/com.rst-steel.eu\/shop\/\"},{\"@type\":\"ListItem\",\"position\":3,\"name\":\"Lazer AIR-90\u00a0 (With Beacon)\"}]},{\"@type\":\"WebSite\",\"@id\":\"https:\/\/com.rst-steel.eu\/#website\",\"url\":\"https:\/\/com.rst-steel.eu\/\",\"name\":\"RST-Steel.com\",\"description\":\"Finnish quality steel, for quality-conscious drivers\",\"publisher\":{\"@id\":\"https:\/\/com.rst-steel.eu\/#organization\"},\"alternateName\":\"Safe and stylish RST-Steel quality\",\"potentialAction\":[{\"@type\":\"SearchAction\",\"target\":{\"@type\":\"EntryPoint\",\"urlTemplate\":\"https:\/\/com.rst-steel.eu\/?s={search_term_string}\"},\"query-input\":{\"@type\":\"PropertyValueSpecification\",\"valueRequired\":true,\"valueName\":\"search_term_string\"}}],\"inLanguage\":\"nb-NO\"},{\"@type\":\"Organization\",\"@id\":\"https:\/\/com.rst-steel.eu\/#organization\",\"name\":\"RST-Steel Oy\",\"url\":\"https:\/\/com.rst-steel.eu\/\",\"logo\":{\"@type\":\"ImageObject\",\"inLanguage\":\"nb-NO\",\"@id\":\"https:\/\/com.rst-steel.eu\/#\/schema\/logo\/image\/\",\"url\":\"https:\/\/com.rst-steel.eu\/wp-content\/uploads\/2023\/04\/cropped-Rst-logo-valkoinen-teksti-3.png\",\"contentUrl\":\"https:\/\/com.rst-steel.eu\/wp-content\/uploads\/2023\/04\/cropped-Rst-logo-valkoinen-teksti-3.png\",\"width\":512,\"height\":115,\"caption\":\"RST-Steel Oy\"},\"image\":{\"@id\":\"https:\/\/com.rst-steel.eu\/#\/schema\/logo\/image\/\"},\"sameAs\":[\"https:\/\/www.facebook.com\/rststeel\",\"https:\/\/www.instagram.com\/rststeeloy\/\"]}]}<\/script>\n<!-- \/ Yoast SEO plugin. -->","yoast_head_json":{"title":"Lazer AIR-90\u00a0 (With Beacon) - RST-Steel","description":"Lazer AIR-90 LED Auxiliary Light (Beacon) combines powerful illumination, sleek design, and a new integrated Beacon warning light for professional use.","robots":{"index":"index","follow":"follow","max-snippet":"max-snippet:-1","max-image-preview":"max-image-preview:large","max-video-preview":"max-video-preview:-1"},"canonical":"https:\/\/com.rst-steel.eu\/nb\/produkt\/lazer-air-90-with-beacon_pr_90205\/","og_locale":"nb_NO","og_type":"article","og_title":"Lazer AIR-90\u00a0 (With Beacon) - RST-Steel","og_description":"Lazer AIR-90 LED Auxiliary Light (Beacon) combines powerful illumination, sleek design, and a new integrated Beacon warning light for professional use.","og_url":"https:\/\/com.rst-steel.eu\/nb\/produkt\/lazer-air-90-with-beacon_pr_90205\/","og_site_name":"RST-Steel","article_publisher":"https:\/\/www.facebook.com\/rststeel","article_modified_time":"2026-03-16T06:19:40+00:00","og_image":[{"width":1000,"height":750,"url":"https:\/\/com.rst-steel.eu\/wp-content\/uploads\/2025\/05\/2ba35801877c982027abba6b9585fa596f973c47_AIR_90_Beacon_Angled_Amber_PL_Beacon_On_WEB.jpg","type":"image\/jpeg"}],"twitter_card":"summary_large_image","twitter_misc":{"Ansl. lesetid":"4 minutter"},"schema":{"@context":"https:\/\/schema.org","@graph":[{"@type":"WebPage","@id":"https:\/\/com.rst-steel.eu\/sv\/produkt\/lazer-air-90-with-beacon_pr_90205\/","url":"https:\/\/com.rst-steel.eu\/sv\/produkt\/lazer-air-90-with-beacon_pr_90205\/","name":"Lazer AIR-90\u00a0 (With Beacon) - RST-Steel","isPartOf":{"@id":"https:\/\/com.rst-steel.eu\/#website"},"primaryImageOfPage":{"@id":"https:\/\/com.rst-steel.eu\/sv\/produkt\/lazer-air-90-with-beacon_pr_90205\/#primaryimage"},"image":{"@id":"https:\/\/com.rst-steel.eu\/sv\/produkt\/lazer-air-90-with-beacon_pr_90205\/#primaryimage"},"thumbnailUrl":"https:\/\/com.rst-steel.eu\/wp-content\/uploads\/2025\/05\/2ba35801877c982027abba6b9585fa596f973c47_AIR_90_Beacon_Angled_Amber_PL_Beacon_On_WEB.jpg","datePublished":"2025-05-28T09:23:34+00:00","dateModified":"2026-03-16T06:19:40+00:00","description":"Lazer AIR-90 LED Auxiliary Light (Beacon) combines powerful illumination, sleek design, and a new integrated Beacon warning light for professional use.","breadcrumb":{"@id":"https:\/\/com.rst-steel.eu\/sv\/produkt\/lazer-air-90-with-beacon_pr_90205\/#breadcrumb"},"inLanguage":"nb-NO","potentialAction":[{"@type":"ReadAction","target":["https:\/\/com.rst-steel.eu\/sv\/produkt\/lazer-air-90-with-beacon_pr_90205\/"]}]},{"@type":"ImageObject","inLanguage":"nb-NO","@id":"https:\/\/com.rst-steel.eu\/sv\/produkt\/lazer-air-90-with-beacon_pr_90205\/#primaryimage","url":"https:\/\/com.rst-steel.eu\/wp-content\/uploads\/2025\/05\/2ba35801877c982027abba6b9585fa596f973c47_AIR_90_Beacon_Angled_Amber_PL_Beacon_On_WEB.jpg","contentUrl":"https:\/\/com.rst-steel.eu\/wp-content\/uploads\/2025\/05\/2ba35801877c982027abba6b9585fa596f973c47_AIR_90_Beacon_Angled_Amber_PL_Beacon_On_WEB.jpg","width":1000,"height":750,"caption":"Lazer AIR-90 (With Beacon)"},{"@type":"BreadcrumbList","@id":"https:\/\/com.rst-steel.eu\/sv\/produkt\/lazer-air-90-with-beacon_pr_90205\/#breadcrumb","itemListElement":[{"@type":"ListItem","position":1,"name":"Home","item":"https:\/\/com.rst-steel.eu\/"},{"@type":"ListItem","position":2,"name":"RST-Steel Shop","item":"https:\/\/com.rst-steel.eu\/shop\/"},{"@type":"ListItem","position":3,"name":"Lazer AIR-90\u00a0 (With Beacon)"}]},{"@type":"WebSite","@id":"https:\/\/com.rst-steel.eu\/#website","url":"https:\/\/com.rst-steel.eu\/","name":"RST-Steel.com","description":"Finsk kvalitetsst\u00e5l, for kvalitetsbevisste sj\u00e5f\u00f8rer","publisher":{"@id":"https:\/\/com.rst-steel.eu\/#organization"},"alternateName":"Safe and stylish RST-Steel quality","potentialAction":[{"@type":"SearchAction","target":{"@type":"EntryPoint","urlTemplate":"https:\/\/com.rst-steel.eu\/?s={search_term_string}"},"query-input":{"@type":"PropertyValueSpecification","valueRequired":true,"valueName":"search_term_string"}}],"inLanguage":"nb-NO"},{"@type":"Organization","@id":"https:\/\/com.rst-steel.eu\/#organization","name":"RST-Steel Oy","url":"https:\/\/com.rst-steel.eu\/","logo":{"@type":"ImageObject","inLanguage":"nb-NO","@id":"https:\/\/com.rst-steel.eu\/#\/schema\/logo\/image\/","url":"https:\/\/com.rst-steel.eu\/wp-content\/uploads\/2023\/04\/cropped-Rst-logo-valkoinen-teksti-3.png","contentUrl":"https:\/\/com.rst-steel.eu\/wp-content\/uploads\/2023\/04\/cropped-Rst-logo-valkoinen-teksti-3.png","width":512,"height":115,"caption":"RST-Steel Oy"},"image":{"@id":"https:\/\/com.rst-steel.eu\/#\/schema\/logo\/image\/"},"sameAs":["https:\/\/www.facebook.com\/rststeel","https:\/\/www.instagram.com\/rststeeloy\/"]}]}},"brands":[{"id":8332,"name":"Lazer Lamps","slug":"brand_lazerlamps"}],"_links":{"self":[{"href":"https:\/\/com.rst-steel.eu\/nb\/wp-json\/wp\/v2\/product\/51972","targetHints":{"allow":["GET"]}}],"collection":[{"href":"https:\/\/com.rst-steel.eu\/nb\/wp-json\/wp\/v2\/product"}],"about":[{"href":"https:\/\/com.rst-steel.eu\/nb\/wp-json\/wp\/v2\/types\/product"}],"replies":[{"embeddable":true,"href":"https:\/\/com.rst-steel.eu\/nb\/wp-json\/wp\/v2\/comments?post=51972"}],"version-history":[{"count":0,"href":"https:\/\/com.rst-steel.eu\/nb\/wp-json\/wp\/v2\/product\/51972\/revisions"}],"wp:featuredmedia":[{"embeddable":true,"href":"https:\/\/com.rst-steel.eu\/nb\/wp-json\/wp\/v2\/media\/51967"}],"wp:attachment":[{"href":"https:\/\/com.rst-steel.eu\/nb\/wp-json\/wp\/v2\/media?parent=51972"}],"wp:term":[{"taxonomy":"make_fuel_type","embeddable":true,"href":"https:\/\/com.rst-steel.eu\/nb\/wp-json\/wp\/v2\/make_fuel_type?post=51972"},{"taxonomy":"make_model","embeddable":true,"href":"https:\/\/com.rst-steel.eu\/nb\/wp-json\/wp\/v2\/make_model?post=51972"},{"taxonomy":"make_brand","embeddable":true,"href":"https:\/\/com.rst-steel.eu\/nb\/wp-json\/wp\/v2\/make_brand?post=51972"},{"taxonomy":"make_year","embeddable":true,"href":"https:\/\/com.rst-steel.eu\/nb\/wp-json\/wp\/v2\/make_year?post=51972"},{"taxonomy":"pwb-brand","embeddable":true,"href":"https:\/\/com.rst-steel.eu\/nb\/wp-json\/wp\/v2\/pwb-brand?post=51972"},{"taxonomy":"product_brand","embeddable":true,"href":"https:\/\/com.rst-steel.eu\/nb\/wp-json\/wp\/v2\/product_brand?post=51972"},{"taxonomy":"product_cat","embeddable":true,"href":"https:\/\/com.rst-steel.eu\/nb\/wp-json\/wp\/v2\/product_cat?post=51972"},{"taxonomy":"product_tag","embeddable":true,"href":"https:\/\/com.rst-steel.eu\/nb\/wp-json\/wp\/v2\/product_tag?post=51972"}],"curies":[{"name":"wp","href":"https:\/\/api.w.org\/{rel}","templated":true}]}}