{"id":51047,"date":"2025-03-24T15:30:00","date_gmt":"2025-03-24T12:30:00","guid":{"rendered":"https:\/\/rst-steel.com\/product\/front-spoiler-bar-man-tgx-2022-steel-bumper_prm_67970\/"},"modified":"2026-03-16T09:18:26","modified_gmt":"2026-03-16T06:18:26","slug":"front-spoiler-bar-man-tgx-2022-steel-bumper_prm_67970","status":"publish","type":"product","link":"https:\/\/com.rst-steel.eu\/nb\/produkt\/front-spoiler-bar-man-tgx-2022-steel-bumper_prm_67970\/","title":{"rendered":"Front Spoiler Bar MAN TGX 2022-, Steel Bumper"},"content":{"rendered":"<p>Front Spoiler Bar MAN TGX 2022-, Steel Bumper<\/p>\n<p>&nbsp;<\/p>\n<p>Leter du etter p\u00e5litelig og stilig beskyttelse til den fremre st\u00f8tfangeren p\u00e5 din MAN TGX 2022-lastebil? Da er en frontspoiler av h\u00f8y kvalitet akkurat det du trenger. Denne frontspoileren er laget av slitesterkt st\u00e5l og gir utmerket beskyttelse av fronten p\u00e5 kj\u00f8ret\u00f8yet ditt, samtidig som den gir det et sl\u00e5ende utseende.<\/p>\n<p>&nbsp;<\/p>\n<p><span style=\"font-weight: bold\">Hvorfor velge en frontspoiler for MAN TGX 2022-modeller?<\/span><\/p>\n<ul>\n<li><span style=\"font-weight: bold\">Materiale av f\u00f8rsteklasses kvalitet<\/span>: Laget av slitesterkt rustfritt st\u00e5l som t\u00e5ler de t\u00f8ffeste forhold.<\/li>\n<li><span style=\"font-weight: bold\">Perfekt passform<\/span>: Spesielt utviklet for MAN TGX 2022-modeller, noe som sikrer perfekt passform og enkel montering.<\/li>\n<li><span style=\"font-weight: bold\">Stilig utseende:<\/span> Blank eller lakkert st\u00e5lfinish fremhever lastebilens utseende og gir den et profesjonelt og moderne utseende.<\/li>\n<li><span style=\"font-weight: bold\">Forbedret beskyttelse:<\/span> Beskytter st\u00f8tfangeren foran mot bulker, riper og andre skader, noe som forlenger bilens levetid.<\/li>\n<\/ul>\n<p>&nbsp;<\/p>\n<p><span style=\"font-weight: bold\">Egenskaper:<\/span><\/p>\n<ul>\n<li><span style=\"font-weight: bold\">Materiale<\/span>: Rustfritt st\u00e5l<\/li>\n<li><span style=\"font-weight: bold\">Kompatibilitet<\/span>: MAN TGX 2022-modeller med st\u00f8tfanger i st\u00e5l<\/li>\n<li><span style=\"font-weight: bold\">Installasjon<\/span>: Enkel \u00e5 installere, inkludert installasjonsinstruksjoner og n\u00f8dvendige beslag<\/li>\n<li><span style=\"font-weight: bold\">Holdbarhet<\/span>: Utmerket korrosjonsbestandighet og lang levetid<\/li>\n<\/ul>\n<p>&nbsp;<\/p>\n<p><span style=\"font-weight: bold\">MERK! Lastebilen din m\u00e5 ha en st\u00f8tfanger av st\u00e5l!<\/span><\/p>\n<p>&nbsp;<\/p>\n<p><span style=\"font-weight: bold\">Tekniske spesifikasjoner:<\/span><\/p>\n<ul>\n<li>Farge: Speilpolert rustfritt st\u00e5l eller pulverlakkert med RAL-farger<\/li>\n<li>Pipe Diameter: 60 mm<\/li>\n<li>Enkel installasjon<\/li>\n<\/ul>\n<p>&nbsp;<\/p>\n<p><span style=\"font-weight: bold\">Innhold i leveransen:<\/span><\/p>\n<ul>\n<li>Spoilerstang foran<\/li>\n<li>N\u00f8dvendige beslag for installasjon<\/li>\n<li>Installasjonsinstruksjoner<\/li>\n<\/ul>\n<p>&nbsp;<\/p>\n<p>&nbsp;<\/p>\n<p><span style=\"font-weight: bold\">Bestill n\u00e5 og forbedre beskyttelsen av lastebilen din<\/span><\/p>\n<div>&nbsp;<\/div>\n<p>Ikke vent, bestill frontspoilerbjelken til MAN TGX 2022-modeller med st\u00e5lst\u00f8tfanger i dag og gi lastebilen din best mulig beskyttelse. Denne investeringen l\u00f8nner seg i form av lengre levetid og reduserte reparasjonskostnader.<\/p>","protected":false},"excerpt":{"rendered":"<p><span style=\"font-weight: bold\">Gi lastebilen din best mulig beskyttelse!<\/span><\/p>","protected":false},"featured_media":51045,"comment_status":"open","ping_status":"closed","template":"","meta":{"_improvement_type_select":"improve_an_existing","_thumb_yes_seoaic":false,"_frame_yes_seoaic":false,"seoaic_generate_description":"","seoaic_improve_instructions_prompt":"","seoaic_rollback_content_improvement":"","seoaic_idea_thumbnail_generator":"","thumbnail_generated":false,"thumbnail_generate_prompt":"","seoaic_article_description":""},"make_fuel_type":[],"make_model":[5664],"make_brand":[6641],"make_year":[3748],"pwb-brand":[8334],"product_brand":[],"product_cat":[6092,6093,7293],"product_tag":[7550,8499],"class_list":{"0":"post-51047","1":"product","2":"type-product","3":"status-publish","4":"has-post-thumbnail","6":"make_model-tgx-2021","7":"make_brand-man-truck","8":"make_year-trucks","9":"pwb-brand-brand_rststeel","10":"product_cat-front-spoiler-bars","11":"product_cat-front-spoiler-bars-for-trucks","12":"product_cat-man-ep-ka","13":"product_tag-frontbagar","14":"product_tag-man","15":"product_shipping_class-erikoispitka","17":"first","18":"onbackorder","19":"taxable","20":"shipping-taxable","21":"purchasable","22":"product-type-variable"},"yoast_head":"<!-- This site is optimized with the Yoast SEO plugin v25.7 - https:\/\/yoast.com\/wordpress\/plugins\/seo\/ -->\n<title>Front Spoiler Bar MAN TGX 2022-, Steel Bumper - RST-Steel<\/title>\n<meta name=\"description\" content=\"Front Spoiler Bar for MAN TGX 2022- with steel bumper. Stylish and durable protection with a sleek design. Easy installation and high-quality finish.\" \/>\n<meta name=\"robots\" content=\"index, follow, max-snippet:-1, max-image-preview:large, max-video-preview:-1\" \/>\n<link rel=\"canonical\" href=\"https:\/\/com.rst-steel.eu\/nb\/produkt\/front-spoiler-bar-man-tgx-2022-steel-bumper_prm_67970\/\" \/>\n<meta property=\"og:locale\" content=\"nb_NO\" \/>\n<meta property=\"og:type\" content=\"article\" \/>\n<meta property=\"og:title\" content=\"Front Spoiler Bar MAN TGX 2022-, Steel Bumper - RST-Steel\" \/>\n<meta property=\"og:description\" content=\"Front Spoiler Bar for MAN TGX 2022- with steel bumper. Stylish and durable protection with a sleek design. Easy installation and high-quality finish.\" \/>\n<meta property=\"og:url\" content=\"https:\/\/com.rst-steel.eu\/nb\/produkt\/front-spoiler-bar-man-tgx-2022-steel-bumper_prm_67970\/\" \/>\n<meta property=\"og:site_name\" content=\"RST-Steel\" \/>\n<meta property=\"article:publisher\" content=\"https:\/\/www.facebook.com\/rststeel\" \/>\n<meta property=\"article:modified_time\" content=\"2026-03-16T06:18:26+00:00\" \/>\n<meta property=\"og:image\" content=\"https:\/\/com.rst-steel.eu\/wp-content\/uploads\/2025\/03\/0998776a34a1011e5a1306ca38f178d8cb0953dd_MA0405_2.jpg\" \/>\n\t<meta property=\"og:image:width\" content=\"1600\" \/>\n\t<meta property=\"og:image:height\" content=\"1200\" \/>\n\t<meta property=\"og:image:type\" content=\"image\/jpeg\" \/>\n<meta name=\"twitter:card\" content=\"summary_large_image\" \/>\n<meta name=\"twitter:label1\" content=\"Ansl. lesetid\" \/>\n\t<meta name=\"twitter:data1\" content=\"2 minutter\" \/>\n<script type=\"application\/ld+json\" class=\"yoast-schema-graph\">{\"@context\":\"https:\/\/schema.org\",\"@graph\":[{\"@type\":\"WebPage\",\"@id\":\"https:\/\/com.rst-steel.eu\/nb\/produkt\/front-spoiler-bar-man-tgx-2022-steel-bumper_prm_67970\/\",\"url\":\"https:\/\/com.rst-steel.eu\/nb\/produkt\/front-spoiler-bar-man-tgx-2022-steel-bumper_prm_67970\/\",\"name\":\"Front Spoiler Bar MAN TGX 2022-, Steel Bumper - RST-Steel\",\"isPartOf\":{\"@id\":\"https:\/\/com.rst-steel.eu\/#website\"},\"primaryImageOfPage\":{\"@id\":\"https:\/\/com.rst-steel.eu\/nb\/produkt\/front-spoiler-bar-man-tgx-2022-steel-bumper_prm_67970\/#primaryimage\"},\"image\":{\"@id\":\"https:\/\/com.rst-steel.eu\/nb\/produkt\/front-spoiler-bar-man-tgx-2022-steel-bumper_prm_67970\/#primaryimage\"},\"thumbnailUrl\":\"https:\/\/com.rst-steel.eu\/wp-content\/uploads\/2025\/03\/0998776a34a1011e5a1306ca38f178d8cb0953dd_MA0405_2.jpg\",\"datePublished\":\"2025-03-24T12:30:00+00:00\",\"dateModified\":\"2026-03-16T06:18:26+00:00\",\"description\":\"Front Spoiler Bar for MAN TGX 2022- with steel bumper. Stylish and durable protection with a sleek design. Easy installation and high-quality finish.\",\"breadcrumb\":{\"@id\":\"https:\/\/com.rst-steel.eu\/nb\/produkt\/front-spoiler-bar-man-tgx-2022-steel-bumper_prm_67970\/#breadcrumb\"},\"inLanguage\":\"nb-NO\",\"potentialAction\":[{\"@type\":\"ReadAction\",\"target\":[\"https:\/\/com.rst-steel.eu\/nb\/produkt\/front-spoiler-bar-man-tgx-2022-steel-bumper_prm_67970\/\"]}]},{\"@type\":\"ImageObject\",\"inLanguage\":\"nb-NO\",\"@id\":\"https:\/\/com.rst-steel.eu\/nb\/produkt\/front-spoiler-bar-man-tgx-2022-steel-bumper_prm_67970\/#primaryimage\",\"url\":\"https:\/\/com.rst-steel.eu\/wp-content\/uploads\/2025\/03\/0998776a34a1011e5a1306ca38f178d8cb0953dd_MA0405_2.jpg\",\"contentUrl\":\"https:\/\/com.rst-steel.eu\/wp-content\/uploads\/2025\/03\/0998776a34a1011e5a1306ca38f178d8cb0953dd_MA0405_2.jpg\",\"width\":1600,\"height\":1200,\"caption\":\"Front Spoiler Bar MAN TGX 2022-, Steel Bumper\"},{\"@type\":\"BreadcrumbList\",\"@id\":\"https:\/\/com.rst-steel.eu\/nb\/produkt\/front-spoiler-bar-man-tgx-2022-steel-bumper_prm_67970\/#breadcrumb\",\"itemListElement\":[{\"@type\":\"ListItem\",\"position\":1,\"name\":\"Home\",\"item\":\"https:\/\/com.rst-steel.eu\/\"},{\"@type\":\"ListItem\",\"position\":2,\"name\":\"RST-Steel Shop\",\"item\":\"https:\/\/com.rst-steel.eu\/shop\/\"},{\"@type\":\"ListItem\",\"position\":3,\"name\":\"Front Spoiler Bar MAN TGX 2022-, Steel Bumper\"}]},{\"@type\":\"WebSite\",\"@id\":\"https:\/\/com.rst-steel.eu\/#website\",\"url\":\"https:\/\/com.rst-steel.eu\/\",\"name\":\"RST-Steel.com\",\"description\":\"Finnish quality steel, for quality-conscious drivers\",\"publisher\":{\"@id\":\"https:\/\/com.rst-steel.eu\/#organization\"},\"alternateName\":\"Safe and stylish RST-Steel quality\",\"potentialAction\":[{\"@type\":\"SearchAction\",\"target\":{\"@type\":\"EntryPoint\",\"urlTemplate\":\"https:\/\/com.rst-steel.eu\/?s={search_term_string}\"},\"query-input\":{\"@type\":\"PropertyValueSpecification\",\"valueRequired\":true,\"valueName\":\"search_term_string\"}}],\"inLanguage\":\"nb-NO\"},{\"@type\":\"Organization\",\"@id\":\"https:\/\/com.rst-steel.eu\/#organization\",\"name\":\"RST-Steel Oy\",\"url\":\"https:\/\/com.rst-steel.eu\/\",\"logo\":{\"@type\":\"ImageObject\",\"inLanguage\":\"nb-NO\",\"@id\":\"https:\/\/com.rst-steel.eu\/#\/schema\/logo\/image\/\",\"url\":\"https:\/\/com.rst-steel.eu\/wp-content\/uploads\/2023\/04\/cropped-Rst-logo-valkoinen-teksti-3.png\",\"contentUrl\":\"https:\/\/com.rst-steel.eu\/wp-content\/uploads\/2023\/04\/cropped-Rst-logo-valkoinen-teksti-3.png\",\"width\":512,\"height\":115,\"caption\":\"RST-Steel Oy\"},\"image\":{\"@id\":\"https:\/\/com.rst-steel.eu\/#\/schema\/logo\/image\/\"},\"sameAs\":[\"https:\/\/www.facebook.com\/rststeel\",\"https:\/\/www.instagram.com\/rststeeloy\/\"]}]}<\/script>\n<!-- \/ Yoast SEO plugin. -->","yoast_head_json":{"title":"Frontspoilerbjelke MAN TGX 2022-, st\u00f8tfanger i st\u00e5l - RST-Steel","description":"Frontspoiler for MAN TGX 2022- med st\u00f8tfanger i st\u00e5l. Stilig og slitesterk beskyttelse med en elegant design. Enkel montering og finish av h\u00f8y kvalitet.","robots":{"index":"index","follow":"follow","max-snippet":"max-snippet:-1","max-image-preview":"max-image-preview:large","max-video-preview":"max-video-preview:-1"},"canonical":"https:\/\/com.rst-steel.eu\/nb\/produkt\/front-spoiler-bar-man-tgx-2022-steel-bumper_prm_67970\/","og_locale":"nb_NO","og_type":"article","og_title":"Front Spoiler Bar MAN TGX 2022-, Steel Bumper - RST-Steel","og_description":"Front Spoiler Bar for MAN TGX 2022- with steel bumper. Stylish and durable protection with a sleek design. Easy installation and high-quality finish.","og_url":"https:\/\/com.rst-steel.eu\/nb\/produkt\/front-spoiler-bar-man-tgx-2022-steel-bumper_prm_67970\/","og_site_name":"RST-Steel","article_publisher":"https:\/\/www.facebook.com\/rststeel","article_modified_time":"2026-03-16T06:18:26+00:00","og_image":[{"width":1600,"height":1200,"url":"https:\/\/com.rst-steel.eu\/wp-content\/uploads\/2025\/03\/0998776a34a1011e5a1306ca38f178d8cb0953dd_MA0405_2.jpg","type":"image\/jpeg"}],"twitter_card":"summary_large_image","twitter_misc":{"Ansl. lesetid":"2 minutter"},"schema":{"@context":"https:\/\/schema.org","@graph":[{"@type":"WebPage","@id":"https:\/\/com.rst-steel.eu\/nb\/produkt\/front-spoiler-bar-man-tgx-2022-steel-bumper_prm_67970\/","url":"https:\/\/com.rst-steel.eu\/nb\/produkt\/front-spoiler-bar-man-tgx-2022-steel-bumper_prm_67970\/","name":"Frontspoilerbjelke MAN TGX 2022-, st\u00f8tfanger i st\u00e5l - RST-Steel","isPartOf":{"@id":"https:\/\/com.rst-steel.eu\/#website"},"primaryImageOfPage":{"@id":"https:\/\/com.rst-steel.eu\/nb\/produkt\/front-spoiler-bar-man-tgx-2022-steel-bumper_prm_67970\/#primaryimage"},"image":{"@id":"https:\/\/com.rst-steel.eu\/nb\/produkt\/front-spoiler-bar-man-tgx-2022-steel-bumper_prm_67970\/#primaryimage"},"thumbnailUrl":"https:\/\/com.rst-steel.eu\/wp-content\/uploads\/2025\/03\/0998776a34a1011e5a1306ca38f178d8cb0953dd_MA0405_2.jpg","datePublished":"2025-03-24T12:30:00+00:00","dateModified":"2026-03-16T06:18:26+00:00","description":"Frontspoiler for MAN TGX 2022- med st\u00f8tfanger i st\u00e5l. Stilig og slitesterk beskyttelse med en elegant design. Enkel montering og finish av h\u00f8y kvalitet.","breadcrumb":{"@id":"https:\/\/com.rst-steel.eu\/nb\/produkt\/front-spoiler-bar-man-tgx-2022-steel-bumper_prm_67970\/#breadcrumb"},"inLanguage":"nb-NO","potentialAction":[{"@type":"ReadAction","target":["https:\/\/com.rst-steel.eu\/nb\/produkt\/front-spoiler-bar-man-tgx-2022-steel-bumper_prm_67970\/"]}]},{"@type":"ImageObject","inLanguage":"nb-NO","@id":"https:\/\/com.rst-steel.eu\/nb\/produkt\/front-spoiler-bar-man-tgx-2022-steel-bumper_prm_67970\/#primaryimage","url":"https:\/\/com.rst-steel.eu\/wp-content\/uploads\/2025\/03\/0998776a34a1011e5a1306ca38f178d8cb0953dd_MA0405_2.jpg","contentUrl":"https:\/\/com.rst-steel.eu\/wp-content\/uploads\/2025\/03\/0998776a34a1011e5a1306ca38f178d8cb0953dd_MA0405_2.jpg","width":1600,"height":1200,"caption":"Front Spoiler Bar MAN TGX 2022-, Steel Bumper"},{"@type":"BreadcrumbList","@id":"https:\/\/com.rst-steel.eu\/nb\/produkt\/front-spoiler-bar-man-tgx-2022-steel-bumper_prm_67970\/#breadcrumb","itemListElement":[{"@type":"ListItem","position":1,"name":"Home","item":"https:\/\/com.rst-steel.eu\/"},{"@type":"ListItem","position":2,"name":"RST-Steel Shop","item":"https:\/\/com.rst-steel.eu\/shop\/"},{"@type":"ListItem","position":3,"name":"Front Spoiler Bar MAN TGX 2022-, Steel Bumper"}]},{"@type":"WebSite","@id":"https:\/\/com.rst-steel.eu\/#website","url":"https:\/\/com.rst-steel.eu\/","name":"RST-Steel.com","description":"Finsk kvalitetsst\u00e5l, for kvalitetsbevisste sj\u00e5f\u00f8rer","publisher":{"@id":"https:\/\/com.rst-steel.eu\/#organization"},"alternateName":"Safe and stylish RST-Steel quality","potentialAction":[{"@type":"SearchAction","target":{"@type":"EntryPoint","urlTemplate":"https:\/\/com.rst-steel.eu\/?s={search_term_string}"},"query-input":{"@type":"PropertyValueSpecification","valueRequired":true,"valueName":"search_term_string"}}],"inLanguage":"nb-NO"},{"@type":"Organization","@id":"https:\/\/com.rst-steel.eu\/#organization","name":"RST-Steel Oy","url":"https:\/\/com.rst-steel.eu\/","logo":{"@type":"ImageObject","inLanguage":"nb-NO","@id":"https:\/\/com.rst-steel.eu\/#\/schema\/logo\/image\/","url":"https:\/\/com.rst-steel.eu\/wp-content\/uploads\/2023\/04\/cropped-Rst-logo-valkoinen-teksti-3.png","contentUrl":"https:\/\/com.rst-steel.eu\/wp-content\/uploads\/2023\/04\/cropped-Rst-logo-valkoinen-teksti-3.png","width":512,"height":115,"caption":"RST-Steel Oy"},"image":{"@id":"https:\/\/com.rst-steel.eu\/#\/schema\/logo\/image\/"},"sameAs":["https:\/\/www.facebook.com\/rststeel","https:\/\/www.instagram.com\/rststeeloy\/"]}]}},"brands":[{"id":8334,"name":"RST-Steel","slug":"brand_rststeel"}],"_links":{"self":[{"href":"https:\/\/com.rst-steel.eu\/nb\/wp-json\/wp\/v2\/product\/51047","targetHints":{"allow":["GET"]}}],"collection":[{"href":"https:\/\/com.rst-steel.eu\/nb\/wp-json\/wp\/v2\/product"}],"about":[{"href":"https:\/\/com.rst-steel.eu\/nb\/wp-json\/wp\/v2\/types\/product"}],"replies":[{"embeddable":true,"href":"https:\/\/com.rst-steel.eu\/nb\/wp-json\/wp\/v2\/comments?post=51047"}],"version-history":[{"count":0,"href":"https:\/\/com.rst-steel.eu\/nb\/wp-json\/wp\/v2\/product\/51047\/revisions"}],"wp:featuredmedia":[{"embeddable":true,"href":"https:\/\/com.rst-steel.eu\/nb\/wp-json\/wp\/v2\/media\/51045"}],"wp:attachment":[{"href":"https:\/\/com.rst-steel.eu\/nb\/wp-json\/wp\/v2\/media?parent=51047"}],"wp:term":[{"taxonomy":"make_fuel_type","embeddable":true,"href":"https:\/\/com.rst-steel.eu\/nb\/wp-json\/wp\/v2\/make_fuel_type?post=51047"},{"taxonomy":"make_model","embeddable":true,"href":"https:\/\/com.rst-steel.eu\/nb\/wp-json\/wp\/v2\/make_model?post=51047"},{"taxonomy":"make_brand","embeddable":true,"href":"https:\/\/com.rst-steel.eu\/nb\/wp-json\/wp\/v2\/make_brand?post=51047"},{"taxonomy":"make_year","embeddable":true,"href":"https:\/\/com.rst-steel.eu\/nb\/wp-json\/wp\/v2\/make_year?post=51047"},{"taxonomy":"pwb-brand","embeddable":true,"href":"https:\/\/com.rst-steel.eu\/nb\/wp-json\/wp\/v2\/pwb-brand?post=51047"},{"taxonomy":"product_brand","embeddable":true,"href":"https:\/\/com.rst-steel.eu\/nb\/wp-json\/wp\/v2\/product_brand?post=51047"},{"taxonomy":"product_cat","embeddable":true,"href":"https:\/\/com.rst-steel.eu\/nb\/wp-json\/wp\/v2\/product_cat?post=51047"},{"taxonomy":"product_tag","embeddable":true,"href":"https:\/\/com.rst-steel.eu\/nb\/wp-json\/wp\/v2\/product_tag?post=51047"}],"curies":[{"name":"wp","href":"https:\/\/api.w.org\/{rel}","templated":true}]}}