{"id":50925,"date":"2025-03-20T12:57:10","date_gmt":"2025-03-20T09:57:10","guid":{"rendered":"https:\/\/rst-steel.com\/product\/stoneguard-scania-nextgen_pr_90138\/"},"modified":"2026-03-16T09:19:27","modified_gmt":"2026-03-16T06:19:27","slug":"stoneguard-scania-nextgen_pr_90138","status":"publish","type":"product","link":"https:\/\/com.rst-steel.eu\/nb\/produkt\/stoneguard-scania-nextgen_pr_90138\/","title":{"rendered":"Stoneguard Scania NextGen"},"content":{"rendered":"<p>Stoneguard Scania NextGen<\/p>\n<ul>\n<li><\/li>\n<\/ul>\n<p><\/p>\n<p>Med StoneGuard trenger du ikke lenger \u00e5 kutte eller modifisere hytta for \u00e5 montere produktet. Servicepanelet kan \u00e5pnes helt takket v\u00e6re v\u00e5re unikt utformede lokk, som enkelt kan fjernes for h\u00e5nd. Produktet f\u00f8lger lastebilens designspr\u00e5k, smelter s\u00f8ml\u00f8st sammen med alle karosseripaneler og fremhever utseendet p\u00e5 frontgrillen.<\/p>\n<p><\/p>\n<p>Denne stilfullt utformede steinbeskyttelsen gir ikke bare overlegen beskyttelse, men bevarer ogs\u00e5 lastebilens originale design. Den er kompatibel med alle NextGen-modeller, passer perfekt og kan monteres p\u00e5 rekordtid.<\/p>\n<p><\/p>\n<p>Se produktvideoen: <a href=\"https:\/\/www.youtube.com\/watch?v=VeWMQL5wC60\">her<\/a><\/p>","protected":false},"excerpt":{"rendered":"<p><span style=\"font-weight: bold\">Denne stilfullt utformede steinbeskyttelsen gir ikke bare overlegen beskyttelse, men bevarer ogs\u00e5 lastebilens originale design.<\/span><\/p>","protected":false},"featured_media":121620,"comment_status":"open","ping_status":"closed","template":"","meta":{"_improvement_type_select":"improve_an_existing","_thumb_yes_seoaic":false,"_frame_yes_seoaic":false,"seoaic_generate_description":"","seoaic_improve_instructions_prompt":"","seoaic_rollback_content_improvement":"","seoaic_idea_thumbnail_generator":"","thumbnail_generated":false,"thumbnail_generate_prompt":"","seoaic_article_description":""},"make_fuel_type":[],"make_model":[5614,2529,5608,5620,5623,5624],"make_brand":[3744],"make_year":[3748],"pwb-brand":[8341],"product_brand":[],"product_cat":[8137,7210,7213],"product_tag":[8488,8494],"class_list":{"0":"post-50925","1":"product","2":"type-product","3":"status-publish","4":"has-post-thumbnail","6":"make_engine-daycab-low-cg","7":"make_engine-daycab-low-cp","8":"make_engine-daycab-low-cr","9":"make_engine-daycab-normal-cg","10":"make_engine-daycab-normal-cp","11":"make_engine-daycab-normal-cr","12":"make_engine-scng-sleeper-cab","13":"make_engine-sleepercab-highline-cg","14":"make_engine-sleepercab-high-cp","15":"make_engine-sleepercab-highline-cr","16":"make_engine-sleepercab-highline-cs","17":"make_engine-sleepercab-low-cg","18":"make_engine-sleepercab-low-cl-2","19":"make_engine-scng-sleeper-cab-low-cp20l","20":"make_engine-sleepercab-low-cr","21":"make_engine-sleepercab-normal-cg","22":"make_engine-sleepercab-normal-cl","23":"make_engine-sleepercab-normal-cp","24":"make_engine-sleepercab-normal-cr","25":"make_engine-sleepercab-normal-cs","26":"make_engine-low-cp20l","27":"make_model-nextgen-g-2017","28":"make_model-nextgen-2017","29":"make_model-nextgen-p-2017","30":"make_model-nextgen-r-2017","31":"make_model-nextgen-s-2017","32":"make_model-nextgen-xt-2017","33":"make_brand-scania","34":"make_year-trucks","35":"pwb-brand-brand_truckstylesweden","36":"product_cat-sunvisors-scania","37":"product_cat-sun-visors-and-wind-deflectors","38":"product_cat-sun-visors-for-trucks","39":"product_tag-scania","40":"product_tag-scania-nextgen","41":"product_shipping_class-erikoispitka","43":"first","44":"instock","45":"taxable","46":"shipping-taxable","47":"purchasable","48":"product-type-simple"},"yoast_head":"<!-- This site is optimized with the Yoast SEO plugin v25.7 - https:\/\/yoast.com\/wordpress\/plugins\/seo\/ -->\n<title>Stoneguard Scania NextGen - RST-Steel<\/title>\n<meta name=\"description\" content=\"Stoneguard Scania NextGen Protects the front from stones and road debris while maintaining a clean, factory-style appearance.\" \/>\n<meta name=\"robots\" content=\"index, follow, max-snippet:-1, max-image-preview:large, max-video-preview:-1\" \/>\n<link rel=\"canonical\" href=\"https:\/\/com.rst-steel.eu\/nb\/produkt\/stoneguard-scania-nextgen_pr_90138\/\" \/>\n<meta property=\"og:locale\" content=\"nb_NO\" \/>\n<meta property=\"og:type\" content=\"article\" \/>\n<meta property=\"og:title\" content=\"Stoneguard Scania NextGen - RST-Steel\" \/>\n<meta property=\"og:description\" content=\"Stoneguard Scania NextGen Protects the front from stones and road debris while maintaining a clean, factory-style appearance.\" \/>\n<meta property=\"og:url\" content=\"https:\/\/com.rst-steel.eu\/nb\/produkt\/stoneguard-scania-nextgen_pr_90138\/\" \/>\n<meta property=\"og:site_name\" content=\"RST-Steel\" \/>\n<meta property=\"article:publisher\" content=\"https:\/\/www.facebook.com\/rststeel\" \/>\n<meta property=\"article:modified_time\" content=\"2026-03-16T06:19:27+00:00\" \/>\n<meta property=\"og:image\" content=\"https:\/\/com.rst-steel.eu\/wp-content\/uploads\/2026\/02\/019fbe8312a7264fd285f632e8e34454de1808b6_1100_0045_1.jpg\" \/>\n\t<meta property=\"og:image:width\" content=\"1080\" \/>\n\t<meta property=\"og:image:height\" content=\"675\" \/>\n\t<meta property=\"og:image:type\" content=\"image\/jpeg\" \/>\n<meta name=\"twitter:card\" content=\"summary_large_image\" \/>\n<meta name=\"twitter:label1\" content=\"Ansl. lesetid\" \/>\n\t<meta name=\"twitter:data1\" content=\"1 minutt\" \/>\n<script type=\"application\/ld+json\" class=\"yoast-schema-graph\">{\"@context\":\"https:\/\/schema.org\",\"@graph\":[{\"@type\":\"WebPage\",\"@id\":\"https:\/\/com.rst-steel.eu\/nb\/produkt\/stoneguard-scania-nextgen_pr_90138\/\",\"url\":\"https:\/\/com.rst-steel.eu\/nb\/produkt\/stoneguard-scania-nextgen_pr_90138\/\",\"name\":\"Stoneguard Scania NextGen - RST-Steel\",\"isPartOf\":{\"@id\":\"https:\/\/com.rst-steel.eu\/#website\"},\"primaryImageOfPage\":{\"@id\":\"https:\/\/com.rst-steel.eu\/nb\/produkt\/stoneguard-scania-nextgen_pr_90138\/#primaryimage\"},\"image\":{\"@id\":\"https:\/\/com.rst-steel.eu\/nb\/produkt\/stoneguard-scania-nextgen_pr_90138\/#primaryimage\"},\"thumbnailUrl\":\"https:\/\/com.rst-steel.eu\/wp-content\/uploads\/2026\/02\/019fbe8312a7264fd285f632e8e34454de1808b6_1100_0045_1.jpg\",\"datePublished\":\"2025-03-20T09:57:10+00:00\",\"dateModified\":\"2026-03-16T06:19:27+00:00\",\"description\":\"Stoneguard Scania NextGen Protects the front from stones and road debris while maintaining a clean, factory-style appearance.\",\"breadcrumb\":{\"@id\":\"https:\/\/com.rst-steel.eu\/nb\/produkt\/stoneguard-scania-nextgen_pr_90138\/#breadcrumb\"},\"inLanguage\":\"nb-NO\",\"potentialAction\":[{\"@type\":\"ReadAction\",\"target\":[\"https:\/\/com.rst-steel.eu\/nb\/produkt\/stoneguard-scania-nextgen_pr_90138\/\"]}]},{\"@type\":\"ImageObject\",\"inLanguage\":\"nb-NO\",\"@id\":\"https:\/\/com.rst-steel.eu\/nb\/produkt\/stoneguard-scania-nextgen_pr_90138\/#primaryimage\",\"url\":\"https:\/\/com.rst-steel.eu\/wp-content\/uploads\/2026\/02\/019fbe8312a7264fd285f632e8e34454de1808b6_1100_0045_1.jpg\",\"contentUrl\":\"https:\/\/com.rst-steel.eu\/wp-content\/uploads\/2026\/02\/019fbe8312a7264fd285f632e8e34454de1808b6_1100_0045_1.jpg\",\"width\":1080,\"height\":675},{\"@type\":\"BreadcrumbList\",\"@id\":\"https:\/\/com.rst-steel.eu\/nb\/produkt\/stoneguard-scania-nextgen_pr_90138\/#breadcrumb\",\"itemListElement\":[{\"@type\":\"ListItem\",\"position\":1,\"name\":\"Home\",\"item\":\"https:\/\/com.rst-steel.eu\/\"},{\"@type\":\"ListItem\",\"position\":2,\"name\":\"RST-Steel Shop\",\"item\":\"https:\/\/com.rst-steel.eu\/shop\/\"},{\"@type\":\"ListItem\",\"position\":3,\"name\":\"Stoneguard Scania NextGen\"}]},{\"@type\":\"WebSite\",\"@id\":\"https:\/\/com.rst-steel.eu\/#website\",\"url\":\"https:\/\/com.rst-steel.eu\/\",\"name\":\"RST-Steel.com\",\"description\":\"Finnish quality steel, for quality-conscious drivers\",\"publisher\":{\"@id\":\"https:\/\/com.rst-steel.eu\/#organization\"},\"alternateName\":\"Safe and stylish RST-Steel quality\",\"potentialAction\":[{\"@type\":\"SearchAction\",\"target\":{\"@type\":\"EntryPoint\",\"urlTemplate\":\"https:\/\/com.rst-steel.eu\/?s={search_term_string}\"},\"query-input\":{\"@type\":\"PropertyValueSpecification\",\"valueRequired\":true,\"valueName\":\"search_term_string\"}}],\"inLanguage\":\"nb-NO\"},{\"@type\":\"Organization\",\"@id\":\"https:\/\/com.rst-steel.eu\/#organization\",\"name\":\"RST-Steel Oy\",\"url\":\"https:\/\/com.rst-steel.eu\/\",\"logo\":{\"@type\":\"ImageObject\",\"inLanguage\":\"nb-NO\",\"@id\":\"https:\/\/com.rst-steel.eu\/#\/schema\/logo\/image\/\",\"url\":\"https:\/\/com.rst-steel.eu\/wp-content\/uploads\/2023\/04\/cropped-Rst-logo-valkoinen-teksti-3.png\",\"contentUrl\":\"https:\/\/com.rst-steel.eu\/wp-content\/uploads\/2023\/04\/cropped-Rst-logo-valkoinen-teksti-3.png\",\"width\":512,\"height\":115,\"caption\":\"RST-Steel Oy\"},\"image\":{\"@id\":\"https:\/\/com.rst-steel.eu\/#\/schema\/logo\/image\/\"},\"sameAs\":[\"https:\/\/www.facebook.com\/rststeel\",\"https:\/\/www.instagram.com\/rststeeloy\/\"]}]}<\/script>\n<!-- \/ Yoast SEO plugin. -->","yoast_head_json":{"title":"Stoneguard Scania NextGen - RST-Steel","description":"Stoneguard Scania NextGen Protects the front from stones and road debris while maintaining a clean, factory-style appearance.","robots":{"index":"index","follow":"follow","max-snippet":"max-snippet:-1","max-image-preview":"max-image-preview:large","max-video-preview":"max-video-preview:-1"},"canonical":"https:\/\/com.rst-steel.eu\/nb\/produkt\/stoneguard-scania-nextgen_pr_90138\/","og_locale":"nb_NO","og_type":"article","og_title":"Stoneguard Scania NextGen - RST-Steel","og_description":"Stoneguard Scania NextGen Protects the front from stones and road debris while maintaining a clean, factory-style appearance.","og_url":"https:\/\/com.rst-steel.eu\/nb\/produkt\/stoneguard-scania-nextgen_pr_90138\/","og_site_name":"RST-Steel","article_publisher":"https:\/\/www.facebook.com\/rststeel","article_modified_time":"2026-03-16T06:19:27+00:00","og_image":[{"width":1080,"height":675,"url":"https:\/\/com.rst-steel.eu\/wp-content\/uploads\/2026\/02\/019fbe8312a7264fd285f632e8e34454de1808b6_1100_0045_1.jpg","type":"image\/jpeg"}],"twitter_card":"summary_large_image","twitter_misc":{"Ansl. lesetid":"1 minutt"},"schema":{"@context":"https:\/\/schema.org","@graph":[{"@type":"WebPage","@id":"https:\/\/com.rst-steel.eu\/nb\/produkt\/stoneguard-scania-nextgen_pr_90138\/","url":"https:\/\/com.rst-steel.eu\/nb\/produkt\/stoneguard-scania-nextgen_pr_90138\/","name":"Stoneguard Scania NextGen - RST-Steel","isPartOf":{"@id":"https:\/\/com.rst-steel.eu\/#website"},"primaryImageOfPage":{"@id":"https:\/\/com.rst-steel.eu\/nb\/produkt\/stoneguard-scania-nextgen_pr_90138\/#primaryimage"},"image":{"@id":"https:\/\/com.rst-steel.eu\/nb\/produkt\/stoneguard-scania-nextgen_pr_90138\/#primaryimage"},"thumbnailUrl":"https:\/\/com.rst-steel.eu\/wp-content\/uploads\/2026\/02\/019fbe8312a7264fd285f632e8e34454de1808b6_1100_0045_1.jpg","datePublished":"2025-03-20T09:57:10+00:00","dateModified":"2026-03-16T06:19:27+00:00","description":"Stoneguard Scania NextGen Protects the front from stones and road debris while maintaining a clean, factory-style appearance.","breadcrumb":{"@id":"https:\/\/com.rst-steel.eu\/nb\/produkt\/stoneguard-scania-nextgen_pr_90138\/#breadcrumb"},"inLanguage":"nb-NO","potentialAction":[{"@type":"ReadAction","target":["https:\/\/com.rst-steel.eu\/nb\/produkt\/stoneguard-scania-nextgen_pr_90138\/"]}]},{"@type":"ImageObject","inLanguage":"nb-NO","@id":"https:\/\/com.rst-steel.eu\/nb\/produkt\/stoneguard-scania-nextgen_pr_90138\/#primaryimage","url":"https:\/\/com.rst-steel.eu\/wp-content\/uploads\/2026\/02\/019fbe8312a7264fd285f632e8e34454de1808b6_1100_0045_1.jpg","contentUrl":"https:\/\/com.rst-steel.eu\/wp-content\/uploads\/2026\/02\/019fbe8312a7264fd285f632e8e34454de1808b6_1100_0045_1.jpg","width":1080,"height":675},{"@type":"BreadcrumbList","@id":"https:\/\/com.rst-steel.eu\/nb\/produkt\/stoneguard-scania-nextgen_pr_90138\/#breadcrumb","itemListElement":[{"@type":"ListItem","position":1,"name":"Home","item":"https:\/\/com.rst-steel.eu\/"},{"@type":"ListItem","position":2,"name":"RST-Steel Shop","item":"https:\/\/com.rst-steel.eu\/shop\/"},{"@type":"ListItem","position":3,"name":"Stoneguard Scania NextGen"}]},{"@type":"WebSite","@id":"https:\/\/com.rst-steel.eu\/#website","url":"https:\/\/com.rst-steel.eu\/","name":"RST-Steel.com","description":"Finsk kvalitetsst\u00e5l, for kvalitetsbevisste sj\u00e5f\u00f8rer","publisher":{"@id":"https:\/\/com.rst-steel.eu\/#organization"},"alternateName":"Safe and stylish RST-Steel quality","potentialAction":[{"@type":"SearchAction","target":{"@type":"EntryPoint","urlTemplate":"https:\/\/com.rst-steel.eu\/?s={search_term_string}"},"query-input":{"@type":"PropertyValueSpecification","valueRequired":true,"valueName":"search_term_string"}}],"inLanguage":"nb-NO"},{"@type":"Organization","@id":"https:\/\/com.rst-steel.eu\/#organization","name":"RST-Steel Oy","url":"https:\/\/com.rst-steel.eu\/","logo":{"@type":"ImageObject","inLanguage":"nb-NO","@id":"https:\/\/com.rst-steel.eu\/#\/schema\/logo\/image\/","url":"https:\/\/com.rst-steel.eu\/wp-content\/uploads\/2023\/04\/cropped-Rst-logo-valkoinen-teksti-3.png","contentUrl":"https:\/\/com.rst-steel.eu\/wp-content\/uploads\/2023\/04\/cropped-Rst-logo-valkoinen-teksti-3.png","width":512,"height":115,"caption":"RST-Steel Oy"},"image":{"@id":"https:\/\/com.rst-steel.eu\/#\/schema\/logo\/image\/"},"sameAs":["https:\/\/www.facebook.com\/rststeel","https:\/\/www.instagram.com\/rststeeloy\/"]}]}},"brands":[{"id":8341,"name":"TruckStyle Sweden","slug":"brand_truckstylesweden"}],"_links":{"self":[{"href":"https:\/\/com.rst-steel.eu\/nb\/wp-json\/wp\/v2\/product\/50925","targetHints":{"allow":["GET"]}}],"collection":[{"href":"https:\/\/com.rst-steel.eu\/nb\/wp-json\/wp\/v2\/product"}],"about":[{"href":"https:\/\/com.rst-steel.eu\/nb\/wp-json\/wp\/v2\/types\/product"}],"replies":[{"embeddable":true,"href":"https:\/\/com.rst-steel.eu\/nb\/wp-json\/wp\/v2\/comments?post=50925"}],"version-history":[{"count":0,"href":"https:\/\/com.rst-steel.eu\/nb\/wp-json\/wp\/v2\/product\/50925\/revisions"}],"wp:featuredmedia":[{"embeddable":true,"href":"https:\/\/com.rst-steel.eu\/nb\/wp-json\/wp\/v2\/media\/121620"}],"wp:attachment":[{"href":"https:\/\/com.rst-steel.eu\/nb\/wp-json\/wp\/v2\/media?parent=50925"}],"wp:term":[{"taxonomy":"make_fuel_type","embeddable":true,"href":"https:\/\/com.rst-steel.eu\/nb\/wp-json\/wp\/v2\/make_fuel_type?post=50925"},{"taxonomy":"make_model","embeddable":true,"href":"https:\/\/com.rst-steel.eu\/nb\/wp-json\/wp\/v2\/make_model?post=50925"},{"taxonomy":"make_brand","embeddable":true,"href":"https:\/\/com.rst-steel.eu\/nb\/wp-json\/wp\/v2\/make_brand?post=50925"},{"taxonomy":"make_year","embeddable":true,"href":"https:\/\/com.rst-steel.eu\/nb\/wp-json\/wp\/v2\/make_year?post=50925"},{"taxonomy":"pwb-brand","embeddable":true,"href":"https:\/\/com.rst-steel.eu\/nb\/wp-json\/wp\/v2\/pwb-brand?post=50925"},{"taxonomy":"product_brand","embeddable":true,"href":"https:\/\/com.rst-steel.eu\/nb\/wp-json\/wp\/v2\/product_brand?post=50925"},{"taxonomy":"product_cat","embeddable":true,"href":"https:\/\/com.rst-steel.eu\/nb\/wp-json\/wp\/v2\/product_cat?post=50925"},{"taxonomy":"product_tag","embeddable":true,"href":"https:\/\/com.rst-steel.eu\/nb\/wp-json\/wp\/v2\/product_tag?post=50925"}],"curies":[{"name":"wp","href":"https:\/\/api.w.org\/{rel}","templated":true}]}}