{"id":50795,"date":"2025-03-18T14:04:34","date_gmt":"2025-03-18T11:04:34","guid":{"rendered":"https:\/\/rst-steel.com\/product\/all-around-roof-bar-mb-vito-a3_prm_75531\/"},"modified":"2026-03-16T09:18:26","modified_gmt":"2026-03-16T06:18:26","slug":"takboyle-mb-vito-a3_prm_75531","status":"publish","type":"product","link":"https:\/\/com.rst-steel.eu\/nb\/produkt\/takboyle-mb-vito-a3_prm_75531\/","title":{"rendered":"Takstang rundt hele taket MB Vito A3"},"content":{"rendered":"<p>Takstang rundt hele taket MB Vito A3<\/p>\n<ul>\n<li><\/li>\n<\/ul>\n<p>&nbsp;<\/p>\n<p>RST-Steels takbjelker er h\u00f8ykvalitetsprodukter, produsert i Finland av rustfritt st\u00e5l.<\/p>\n<p>Takb\u00f8ylene fremhever hyttens stilige linjer, og samme stang kan ogs\u00e5 brukes til \u00e5 montere Lazer ekstralys for ekstra sikkerhet. Takbjelkene kan ogs\u00e5 utstyres med posisjonslys, noe som forbedrer sikten i trafikken ytterligere.<\/p>\n<p>Denne takstangen er laget av rustfritt st\u00e5l og har en diameter p\u00e5 60 mm, kombinert med et h\u00e5ndbehandlet design som sikrer holdbarhet i mange \u00e5r og ikke bare \u00e9n sesong.<\/p>\n<p>Med produktet f\u00f8lger et monteringssett i rustfritt st\u00e5l som er spesielt tilpasset din bil, samt enkle monteringsanvisninger.<\/p>\n<ul>\n<li><\/li>\n<\/ul>\n<p>&nbsp;<\/p>\n<p><span style=\"font-weight: bold;\">Passer for biler med lang akselavstand (A3).<\/span><\/p>\n<p>Rask og enkel installasjon<\/p>\n<ul>\n<li><\/li>\n<\/ul>\n<p>&nbsp;<\/p>\n<p><span style=\"font-weight: bold;\">Teknisk informasjon:<\/span><\/p>\n<ul>\n<li>Farge: Speilpolert rustfritt st\u00e5l eller pulverlakkert med RAL-farger<\/li>\n<li>Stangdiameter: 60 mm<\/li>\n<li>4 stk. lysbrakett i fronten<\/li>\n<li><\/li>\n<\/ul>\n<p><span style=\"font-weight: bold;\">\u00a0<\/span><\/p>\n<p><span style=\"font-weight: bold;\">Innhold i leveransen:<\/span><\/p>\n<ul>\n<li>All around roof bar MB Vito<\/li>\n<li>Festemidler som kreves for installasjon<\/li>\n<li>Installasjonsinstruksjoner<\/li>\n<\/ul>","protected":false},"excerpt":{"rendered":"<p><span style=\"font-weight: bold;\">Et imponerende takb\u00f8ylesett for Mercedes-Benz Vito A3-modeller!<\/span><\/p>","protected":false},"featured_media":50792,"comment_status":"open","ping_status":"closed","template":"","meta":{"_improvement_type_select":"improve_an_existing","_thumb_yes_seoaic":false,"_frame_yes_seoaic":false,"seoaic_generate_description":"","seoaic_improve_instructions_prompt":"","seoaic_rollback_content_improvement":"","seoaic_idea_thumbnail_generator":"","thumbnail_generated":false,"thumbnail_generate_prompt":"","seoaic_article_description":""},"make_fuel_type":[],"make_model":[6375,6941,6380],"make_brand":[6374],"make_year":[6373],"pwb-brand":[8334],"product_brand":[],"product_cat":[8055,6057,6063],"product_tag":[6611,6610],"class_list":{"0":"post-50795","1":"product","2":"type-product","3":"status-publish","4":"has-post-thumbnail","6":"make_engine-vitol3-h1","7":"make_model-w447-vito","8":"make_model-vito-facelift-2","9":"make_model-w447-vito-facelift","10":"make_brand-mb-van","11":"make_year-van","12":"pwb-brand-brand_rststeel","13":"product_cat-mb-rb","14":"product_cat-lightbars","15":"product_cat-roofbars-for-vans","16":"product_tag-mercedes","17":"product_tag-mercedes-benz","18":"product_shipping_class-lightbars","20":"first","21":"onbackorder","22":"taxable","23":"shipping-taxable","24":"purchasable","25":"product-type-variable"},"yoast_head":"<!-- This site is optimized with the Yoast SEO plugin v25.7 - https:\/\/yoast.com\/wordpress\/plugins\/seo\/ -->\n<title>All around roof bar MB Vito A3 - RST-Steel<\/title>\n<meta name=\"description\" content=\"High-Quality All around roof bar for MB Vito W447 models. Suitable for cars with a long wheelbase (A3). Check out this product and get yours today!\" \/>\n<meta name=\"robots\" content=\"index, follow, max-snippet:-1, max-image-preview:large, max-video-preview:-1\" \/>\n<link rel=\"canonical\" href=\"https:\/\/com.rst-steel.eu\/nb\/produkt\/takboyle-mb-vito-a3_prm_75531\/\" \/>\n<meta property=\"og:locale\" content=\"nb_NO\" \/>\n<meta property=\"og:type\" content=\"article\" \/>\n<meta property=\"og:title\" content=\"All around roof bar MB Vito A3 - RST-Steel\" \/>\n<meta property=\"og:description\" content=\"High-Quality All around roof bar for MB Vito W447 models. Suitable for cars with a long wheelbase (A3). Check out this product and get yours today!\" \/>\n<meta property=\"og:url\" content=\"https:\/\/com.rst-steel.eu\/nb\/produkt\/takboyle-mb-vito-a3_prm_75531\/\" \/>\n<meta property=\"og:site_name\" content=\"RST-Steel\" \/>\n<meta property=\"article:publisher\" content=\"https:\/\/www.facebook.com\/rststeel\" \/>\n<meta property=\"article:modified_time\" content=\"2026-03-16T06:18:26+00:00\" \/>\n<meta property=\"og:image\" content=\"https:\/\/com.rst-steel.eu\/wp-content\/uploads\/2025\/03\/30ebc698ba6d9680d6c6c678d8952a65bc87322f_VIT020.jpg\" \/>\n\t<meta property=\"og:image:width\" content=\"1080\" \/>\n\t<meta property=\"og:image:height\" content=\"1080\" \/>\n\t<meta property=\"og:image:type\" content=\"image\/jpeg\" \/>\n<meta name=\"twitter:card\" content=\"summary_large_image\" \/>\n<meta name=\"twitter:label1\" content=\"Ansl. lesetid\" \/>\n\t<meta name=\"twitter:data1\" content=\"1 minutt\" \/>\n<script type=\"application\/ld+json\" class=\"yoast-schema-graph\">{\"@context\":\"https:\/\/schema.org\",\"@graph\":[{\"@type\":\"WebPage\",\"@id\":\"https:\/\/com.rst-steel.eu\/product\/all-around-roof-bar-mb-vito-a3_prm_75531\/\",\"url\":\"https:\/\/com.rst-steel.eu\/product\/all-around-roof-bar-mb-vito-a3_prm_75531\/\",\"name\":\"All around roof bar MB Vito A3 - RST-Steel\",\"isPartOf\":{\"@id\":\"https:\/\/com.rst-steel.eu\/#website\"},\"primaryImageOfPage\":{\"@id\":\"https:\/\/com.rst-steel.eu\/product\/all-around-roof-bar-mb-vito-a3_prm_75531\/#primaryimage\"},\"image\":{\"@id\":\"https:\/\/com.rst-steel.eu\/product\/all-around-roof-bar-mb-vito-a3_prm_75531\/#primaryimage\"},\"thumbnailUrl\":\"https:\/\/com.rst-steel.eu\/wp-content\/uploads\/2025\/03\/30ebc698ba6d9680d6c6c678d8952a65bc87322f_VIT020.jpg\",\"datePublished\":\"2025-03-18T11:04:34+00:00\",\"dateModified\":\"2026-03-16T06:18:26+00:00\",\"description\":\"High-Quality All around roof bar for MB Vito W447 models. Suitable for cars with a long wheelbase (A3). Check out this product and get yours today!\",\"breadcrumb\":{\"@id\":\"https:\/\/com.rst-steel.eu\/product\/all-around-roof-bar-mb-vito-a3_prm_75531\/#breadcrumb\"},\"inLanguage\":\"nb-NO\",\"potentialAction\":[{\"@type\":\"ReadAction\",\"target\":[\"https:\/\/com.rst-steel.eu\/product\/all-around-roof-bar-mb-vito-a3_prm_75531\/\"]}]},{\"@type\":\"ImageObject\",\"inLanguage\":\"nb-NO\",\"@id\":\"https:\/\/com.rst-steel.eu\/product\/all-around-roof-bar-mb-vito-a3_prm_75531\/#primaryimage\",\"url\":\"https:\/\/com.rst-steel.eu\/wp-content\/uploads\/2025\/03\/30ebc698ba6d9680d6c6c678d8952a65bc87322f_VIT020.jpg\",\"contentUrl\":\"https:\/\/com.rst-steel.eu\/wp-content\/uploads\/2025\/03\/30ebc698ba6d9680d6c6c678d8952a65bc87322f_VIT020.jpg\",\"width\":1080,\"height\":1080,\"caption\":\"All around roof bar MB Vito A3\"},{\"@type\":\"BreadcrumbList\",\"@id\":\"https:\/\/com.rst-steel.eu\/product\/all-around-roof-bar-mb-vito-a3_prm_75531\/#breadcrumb\",\"itemListElement\":[{\"@type\":\"ListItem\",\"position\":1,\"name\":\"Home\",\"item\":\"https:\/\/com.rst-steel.eu\/\"},{\"@type\":\"ListItem\",\"position\":2,\"name\":\"RST-Steel Shop\",\"item\":\"https:\/\/com.rst-steel.eu\/shop\/\"},{\"@type\":\"ListItem\",\"position\":3,\"name\":\"All around roof bar MB Vito A3\"}]},{\"@type\":\"WebSite\",\"@id\":\"https:\/\/com.rst-steel.eu\/#website\",\"url\":\"https:\/\/com.rst-steel.eu\/\",\"name\":\"RST-Steel.com\",\"description\":\"Finnish quality steel, for quality-conscious drivers\",\"publisher\":{\"@id\":\"https:\/\/com.rst-steel.eu\/#organization\"},\"alternateName\":\"Safe and stylish RST-Steel quality\",\"potentialAction\":[{\"@type\":\"SearchAction\",\"target\":{\"@type\":\"EntryPoint\",\"urlTemplate\":\"https:\/\/com.rst-steel.eu\/?s={search_term_string}\"},\"query-input\":{\"@type\":\"PropertyValueSpecification\",\"valueRequired\":true,\"valueName\":\"search_term_string\"}}],\"inLanguage\":\"nb-NO\"},{\"@type\":\"Organization\",\"@id\":\"https:\/\/com.rst-steel.eu\/#organization\",\"name\":\"RST-Steel Oy\",\"url\":\"https:\/\/com.rst-steel.eu\/\",\"logo\":{\"@type\":\"ImageObject\",\"inLanguage\":\"nb-NO\",\"@id\":\"https:\/\/com.rst-steel.eu\/#\/schema\/logo\/image\/\",\"url\":\"https:\/\/com.rst-steel.eu\/wp-content\/uploads\/2023\/04\/cropped-Rst-logo-valkoinen-teksti-3.png\",\"contentUrl\":\"https:\/\/com.rst-steel.eu\/wp-content\/uploads\/2023\/04\/cropped-Rst-logo-valkoinen-teksti-3.png\",\"width\":512,\"height\":115,\"caption\":\"RST-Steel Oy\"},\"image\":{\"@id\":\"https:\/\/com.rst-steel.eu\/#\/schema\/logo\/image\/\"},\"sameAs\":[\"https:\/\/www.facebook.com\/rststeel\",\"https:\/\/www.instagram.com\/rststeeloy\/\"]}]}<\/script>\n<!-- \/ Yoast SEO plugin. -->","yoast_head_json":{"title":"Takb\u00f8yle rundt hele taket MB Vito A3 - RST-Steel","description":"Allround takb\u00f8yle av h\u00f8y kvalitet for MB Vito W447-modeller. Passer for biler med lang akselavstand (A3). Ta en titt p\u00e5 dette produktet og f\u00e5 ditt i dag!","robots":{"index":"index","follow":"follow","max-snippet":"max-snippet:-1","max-image-preview":"max-image-preview:large","max-video-preview":"max-video-preview:-1"},"canonical":"https:\/\/com.rst-steel.eu\/nb\/produkt\/takboyle-mb-vito-a3_prm_75531\/","og_locale":"nb_NO","og_type":"article","og_title":"All around roof bar MB Vito A3 - RST-Steel","og_description":"High-Quality All around roof bar for MB Vito W447 models. Suitable for cars with a long wheelbase (A3). Check out this product and get yours today!","og_url":"https:\/\/com.rst-steel.eu\/nb\/produkt\/takboyle-mb-vito-a3_prm_75531\/","og_site_name":"RST-Steel","article_publisher":"https:\/\/www.facebook.com\/rststeel","article_modified_time":"2026-03-16T06:18:26+00:00","og_image":[{"width":1080,"height":1080,"url":"https:\/\/com.rst-steel.eu\/wp-content\/uploads\/2025\/03\/30ebc698ba6d9680d6c6c678d8952a65bc87322f_VIT020.jpg","type":"image\/jpeg"}],"twitter_card":"summary_large_image","twitter_misc":{"Ansl. lesetid":"1 minutt"},"schema":{"@context":"https:\/\/schema.org","@graph":[{"@type":"WebPage","@id":"https:\/\/com.rst-steel.eu\/product\/all-around-roof-bar-mb-vito-a3_prm_75531\/","url":"https:\/\/com.rst-steel.eu\/product\/all-around-roof-bar-mb-vito-a3_prm_75531\/","name":"Takb\u00f8yle rundt hele taket MB Vito A3 - RST-Steel","isPartOf":{"@id":"https:\/\/com.rst-steel.eu\/#website"},"primaryImageOfPage":{"@id":"https:\/\/com.rst-steel.eu\/product\/all-around-roof-bar-mb-vito-a3_prm_75531\/#primaryimage"},"image":{"@id":"https:\/\/com.rst-steel.eu\/product\/all-around-roof-bar-mb-vito-a3_prm_75531\/#primaryimage"},"thumbnailUrl":"https:\/\/com.rst-steel.eu\/wp-content\/uploads\/2025\/03\/30ebc698ba6d9680d6c6c678d8952a65bc87322f_VIT020.jpg","datePublished":"2025-03-18T11:04:34+00:00","dateModified":"2026-03-16T06:18:26+00:00","description":"Allround takb\u00f8yle av h\u00f8y kvalitet for MB Vito W447-modeller. Passer for biler med lang akselavstand (A3). Ta en titt p\u00e5 dette produktet og f\u00e5 ditt i dag!","breadcrumb":{"@id":"https:\/\/com.rst-steel.eu\/product\/all-around-roof-bar-mb-vito-a3_prm_75531\/#breadcrumb"},"inLanguage":"nb-NO","potentialAction":[{"@type":"ReadAction","target":["https:\/\/com.rst-steel.eu\/product\/all-around-roof-bar-mb-vito-a3_prm_75531\/"]}]},{"@type":"ImageObject","inLanguage":"nb-NO","@id":"https:\/\/com.rst-steel.eu\/product\/all-around-roof-bar-mb-vito-a3_prm_75531\/#primaryimage","url":"https:\/\/com.rst-steel.eu\/wp-content\/uploads\/2025\/03\/30ebc698ba6d9680d6c6c678d8952a65bc87322f_VIT020.jpg","contentUrl":"https:\/\/com.rst-steel.eu\/wp-content\/uploads\/2025\/03\/30ebc698ba6d9680d6c6c678d8952a65bc87322f_VIT020.jpg","width":1080,"height":1080,"caption":"All around roof bar MB Vito A3"},{"@type":"BreadcrumbList","@id":"https:\/\/com.rst-steel.eu\/product\/all-around-roof-bar-mb-vito-a3_prm_75531\/#breadcrumb","itemListElement":[{"@type":"ListItem","position":1,"name":"Home","item":"https:\/\/com.rst-steel.eu\/"},{"@type":"ListItem","position":2,"name":"RST-Steel Shop","item":"https:\/\/com.rst-steel.eu\/shop\/"},{"@type":"ListItem","position":3,"name":"All around roof bar MB Vito A3"}]},{"@type":"WebSite","@id":"https:\/\/com.rst-steel.eu\/#website","url":"https:\/\/com.rst-steel.eu\/","name":"RST-Steel.com","description":"Finsk kvalitetsst\u00e5l, for kvalitetsbevisste sj\u00e5f\u00f8rer","publisher":{"@id":"https:\/\/com.rst-steel.eu\/#organization"},"alternateName":"Safe and stylish RST-Steel quality","potentialAction":[{"@type":"SearchAction","target":{"@type":"EntryPoint","urlTemplate":"https:\/\/com.rst-steel.eu\/?s={search_term_string}"},"query-input":{"@type":"PropertyValueSpecification","valueRequired":true,"valueName":"search_term_string"}}],"inLanguage":"nb-NO"},{"@type":"Organization","@id":"https:\/\/com.rst-steel.eu\/#organization","name":"RST-Steel Oy","url":"https:\/\/com.rst-steel.eu\/","logo":{"@type":"ImageObject","inLanguage":"nb-NO","@id":"https:\/\/com.rst-steel.eu\/#\/schema\/logo\/image\/","url":"https:\/\/com.rst-steel.eu\/wp-content\/uploads\/2023\/04\/cropped-Rst-logo-valkoinen-teksti-3.png","contentUrl":"https:\/\/com.rst-steel.eu\/wp-content\/uploads\/2023\/04\/cropped-Rst-logo-valkoinen-teksti-3.png","width":512,"height":115,"caption":"RST-Steel Oy"},"image":{"@id":"https:\/\/com.rst-steel.eu\/#\/schema\/logo\/image\/"},"sameAs":["https:\/\/www.facebook.com\/rststeel","https:\/\/www.instagram.com\/rststeeloy\/"]}]}},"brands":[{"id":8334,"name":"RST-Steel","slug":"brand_rststeel"}],"_links":{"self":[{"href":"https:\/\/com.rst-steel.eu\/nb\/wp-json\/wp\/v2\/product\/50795","targetHints":{"allow":["GET"]}}],"collection":[{"href":"https:\/\/com.rst-steel.eu\/nb\/wp-json\/wp\/v2\/product"}],"about":[{"href":"https:\/\/com.rst-steel.eu\/nb\/wp-json\/wp\/v2\/types\/product"}],"replies":[{"embeddable":true,"href":"https:\/\/com.rst-steel.eu\/nb\/wp-json\/wp\/v2\/comments?post=50795"}],"version-history":[{"count":0,"href":"https:\/\/com.rst-steel.eu\/nb\/wp-json\/wp\/v2\/product\/50795\/revisions"}],"wp:featuredmedia":[{"embeddable":true,"href":"https:\/\/com.rst-steel.eu\/nb\/wp-json\/wp\/v2\/media\/50792"}],"wp:attachment":[{"href":"https:\/\/com.rst-steel.eu\/nb\/wp-json\/wp\/v2\/media?parent=50795"}],"wp:term":[{"taxonomy":"make_fuel_type","embeddable":true,"href":"https:\/\/com.rst-steel.eu\/nb\/wp-json\/wp\/v2\/make_fuel_type?post=50795"},{"taxonomy":"make_model","embeddable":true,"href":"https:\/\/com.rst-steel.eu\/nb\/wp-json\/wp\/v2\/make_model?post=50795"},{"taxonomy":"make_brand","embeddable":true,"href":"https:\/\/com.rst-steel.eu\/nb\/wp-json\/wp\/v2\/make_brand?post=50795"},{"taxonomy":"make_year","embeddable":true,"href":"https:\/\/com.rst-steel.eu\/nb\/wp-json\/wp\/v2\/make_year?post=50795"},{"taxonomy":"pwb-brand","embeddable":true,"href":"https:\/\/com.rst-steel.eu\/nb\/wp-json\/wp\/v2\/pwb-brand?post=50795"},{"taxonomy":"product_brand","embeddable":true,"href":"https:\/\/com.rst-steel.eu\/nb\/wp-json\/wp\/v2\/product_brand?post=50795"},{"taxonomy":"product_cat","embeddable":true,"href":"https:\/\/com.rst-steel.eu\/nb\/wp-json\/wp\/v2\/product_cat?post=50795"},{"taxonomy":"product_tag","embeddable":true,"href":"https:\/\/com.rst-steel.eu\/nb\/wp-json\/wp\/v2\/product_tag?post=50795"}],"curies":[{"name":"wp","href":"https:\/\/api.w.org\/{rel}","templated":true}]}}