{"id":50760,"date":"2025-03-18T13:43:05","date_gmt":"2025-03-18T10:43:05","guid":{"rendered":"https:\/\/rst-steel.com\/product\/side-bars-ford-transit-custom-2024-76mm_prm_72035\/"},"modified":"2026-03-16T09:17:33","modified_gmt":"2026-03-16T06:17:33","slug":"sidestenger-ford-transit-custom-2024-76mm_prm_72035","status":"publish","type":"product","link":"https:\/\/com.rst-steel.eu\/nb\/produkt\/sidestenger-ford-transit-custom-2024-76mm_prm_72035\/","title":{"rendered":"Sidestenger Ford Transit Custom 2023-"},"content":{"rendered":"<p>Sidestenger Ford Transit Custom 2023-<\/p>\n<ul>\n<li><\/li>\n<\/ul>\n<p><\/p>\n<p>RST-Steels sidebjelker er h\u00f8ykvalitetsprodukter, produsert i Finland av rustfritt st\u00e5l.<\/p>\n<p>De beskyttende sidestengene er det ideelle valget for dem som \u00f8nsker \u00e5 fremheve konturene p\u00e5 kj\u00f8ret\u00f8yet sitt. Selv om disse listene ikke er utformet for \u00e5 brukes som trinn, beskytter de terskelen effektivt mot mekaniske skader.<\/p>\n<p>Disse sidestengene er laget av rustfritt st\u00e5l og har en diameter p\u00e5 76 mm, kombinert med en h\u00e5ndbehandlet design som sikrer holdbarhet i mange \u00e5r og ikke bare \u00e9n sesong.<\/p>\n<p>Med produktet f\u00f8lger et monteringssett i rustfritt st\u00e5l som er spesielt tilpasset din bil, samt enkle monteringsanvisninger.<\/p>\n<p>Disse stengene er laget av rustfritt st\u00e5l av h\u00f8y kvalitet og har utmerket korrosjonsbestandighet, selv under utfordrende v\u00e6rforhold, og er mye brukt i ulike bransjer, inkludert n\u00e6ringsmiddelindustrien.<\/p>\n<ul>\n<li><\/li>\n<\/ul>\n<p><\/p>\n<p><span style=\"font-weight: bold\">Passer for biler med lang akselavstand (L2).<\/span><\/p>\n<p>Rask og enkel installasjon, installasjon p\u00e5 ferdige steder.<\/p>\n<ul>\n<li><\/li>\n<\/ul>\n<p><\/p>\n<p><span style=\"font-weight: bold\">Teknisk informasjon:<\/span><\/p>\n<ul>\n<li>Farge: Speilpolert rustfritt st\u00e5l eller pulverlakkert med RAL-farger<\/li>\n<li>Stangdiameter: 76 mm<\/li>\n<li><\/li>\n<\/ul>\n<p>&nbsp;<\/p>\n<p><span style=\"font-weight: bold\">Innhold i leveransen:<\/span><\/p>\n<ul>\n<li>Sidestenger<\/li>\n<li>Festemidler som kreves for installasjon<\/li>\n<li>Installasjonsinstruksjoner<\/li>\n<\/ul>","protected":false},"excerpt":{"rendered":"<p><span style=\"font-weight: bold\">Passer for biler med lang akselavstand (L2)<\/span><\/p>","protected":false},"featured_media":118954,"comment_status":"open","ping_status":"closed","template":"","meta":{"_improvement_type_select":"improve_an_existing","_thumb_yes_seoaic":false,"_frame_yes_seoaic":false,"seoaic_generate_description":"","seoaic_improve_instructions_prompt":"","seoaic_rollback_content_improvement":"","seoaic_idea_thumbnail_generator":"","thumbnail_generated":false,"thumbnail_generate_prompt":"","seoaic_article_description":""},"make_fuel_type":[],"make_model":[7593],"make_brand":[7592],"make_year":[6373],"pwb-brand":[8334],"product_brand":[],"product_cat":[8277,6076,6077],"product_tag":[8503],"class_list":{"0":"post-50760","1":"product","2":"type-product","3":"status-publish","4":"has-post-thumbnail","6":"make_engine-transit-custom-l2h2","7":"make_model-transit-custom-23","8":"make_brand-ford-van","9":"make_year-van","10":"pwb-brand-brand_rststeel","11":"product_cat-sb-vans-ford","12":"product_cat-side-bars-and-side-steps","13":"product_cat-side-bars-for-vans","14":"product_tag-ford-transit","15":"product_shipping_class-lightbars","17":"first","18":"instock","19":"taxable","20":"shipping-taxable","21":"purchasable","22":"product-type-variable"},"yoast_head":"<!-- This site is optimized with the Yoast SEO plugin v25.7 - https:\/\/yoast.com\/wordpress\/plugins\/seo\/ -->\n<title>Side Bars Ford Transit Custom 2023- RST-Steel<\/title>\n<meta name=\"description\" content=\"High-Quality Side Bars for Ford Transit Custom 2024- and Volkswagen Transporter T7 models. Check out this product and get yours today!\" \/>\n<meta name=\"robots\" content=\"index, follow, max-snippet:-1, max-image-preview:large, max-video-preview:-1\" \/>\n<link rel=\"canonical\" href=\"https:\/\/com.rst-steel.eu\/nb\/produkt\/sidestenger-ford-transit-custom-2024-76mm_prm_72035\/\" \/>\n<meta property=\"og:locale\" content=\"nb_NO\" \/>\n<meta property=\"og:type\" content=\"article\" \/>\n<meta property=\"og:title\" content=\"Side Bars Ford Transit Custom 2023- RST-Steel\" \/>\n<meta property=\"og:description\" content=\"High-Quality Side Bars for Ford Transit Custom 2024- and Volkswagen Transporter T7 models. Check out this product and get yours today!\" \/>\n<meta property=\"og:url\" content=\"https:\/\/com.rst-steel.eu\/nb\/produkt\/sidestenger-ford-transit-custom-2024-76mm_prm_72035\/\" \/>\n<meta property=\"og:site_name\" content=\"RST-Steel\" \/>\n<meta property=\"article:publisher\" content=\"https:\/\/www.facebook.com\/rststeel\" \/>\n<meta property=\"article:modified_time\" content=\"2026-03-16T06:17:33+00:00\" \/>\n<meta property=\"og:image\" content=\"https:\/\/com.rst-steel.eu\/wp-content\/uploads\/2025\/09\/0d41b1d87a3653e05da6b7a5dd8252044e09df15_WhatsApp_Image_2025_06_05_at_15.16.40-scaled.jpeg\" \/>\n\t<meta property=\"og:image:width\" content=\"1920\" \/>\n\t<meta property=\"og:image:height\" content=\"2560\" \/>\n\t<meta property=\"og:image:type\" content=\"image\/jpeg\" \/>\n<meta name=\"twitter:card\" content=\"summary_large_image\" \/>\n<meta name=\"twitter:label1\" content=\"Ansl. lesetid\" \/>\n\t<meta name=\"twitter:data1\" content=\"1 minutt\" \/>\n<script type=\"application\/ld+json\" class=\"yoast-schema-graph\">{\"@context\":\"https:\/\/schema.org\",\"@graph\":[{\"@type\":\"WebPage\",\"@id\":\"https:\/\/com.rst-steel.eu\/nb\/produkt\/sidestenger-ford-transit-custom-2024-76mm_prm_72035\/\",\"url\":\"https:\/\/com.rst-steel.eu\/nb\/produkt\/sidestenger-ford-transit-custom-2024-76mm_prm_72035\/\",\"name\":\"Side Bars Ford Transit Custom 2023- RST-Steel\",\"isPartOf\":{\"@id\":\"https:\/\/com.rst-steel.eu\/#website\"},\"primaryImageOfPage\":{\"@id\":\"https:\/\/com.rst-steel.eu\/nb\/produkt\/sidestenger-ford-transit-custom-2024-76mm_prm_72035\/#primaryimage\"},\"image\":{\"@id\":\"https:\/\/com.rst-steel.eu\/nb\/produkt\/sidestenger-ford-transit-custom-2024-76mm_prm_72035\/#primaryimage\"},\"thumbnailUrl\":\"https:\/\/com.rst-steel.eu\/wp-content\/uploads\/2025\/09\/0d41b1d87a3653e05da6b7a5dd8252044e09df15_WhatsApp_Image_2025_06_05_at_15.16.40-scaled.jpeg\",\"datePublished\":\"2025-03-18T10:43:05+00:00\",\"dateModified\":\"2026-03-16T06:17:33+00:00\",\"description\":\"High-Quality Side Bars for Ford Transit Custom 2024- and Volkswagen Transporter T7 models. Check out this product and get yours today!\",\"breadcrumb\":{\"@id\":\"https:\/\/com.rst-steel.eu\/nb\/produkt\/sidestenger-ford-transit-custom-2024-76mm_prm_72035\/#breadcrumb\"},\"inLanguage\":\"nb-NO\",\"potentialAction\":[{\"@type\":\"ReadAction\",\"target\":[\"https:\/\/com.rst-steel.eu\/nb\/produkt\/sidestenger-ford-transit-custom-2024-76mm_prm_72035\/\"]}]},{\"@type\":\"ImageObject\",\"inLanguage\":\"nb-NO\",\"@id\":\"https:\/\/com.rst-steel.eu\/nb\/produkt\/sidestenger-ford-transit-custom-2024-76mm_prm_72035\/#primaryimage\",\"url\":\"https:\/\/com.rst-steel.eu\/wp-content\/uploads\/2025\/09\/0d41b1d87a3653e05da6b7a5dd8252044e09df15_WhatsApp_Image_2025_06_05_at_15.16.40-scaled.jpeg\",\"contentUrl\":\"https:\/\/com.rst-steel.eu\/wp-content\/uploads\/2025\/09\/0d41b1d87a3653e05da6b7a5dd8252044e09df15_WhatsApp_Image_2025_06_05_at_15.16.40-scaled.jpeg\",\"width\":1920,\"height\":2560,\"caption\":\"Side Bars Ford Transit Custom 2023-\"},{\"@type\":\"BreadcrumbList\",\"@id\":\"https:\/\/com.rst-steel.eu\/nb\/produkt\/sidestenger-ford-transit-custom-2024-76mm_prm_72035\/#breadcrumb\",\"itemListElement\":[{\"@type\":\"ListItem\",\"position\":1,\"name\":\"Home\",\"item\":\"https:\/\/com.rst-steel.eu\/\"},{\"@type\":\"ListItem\",\"position\":2,\"name\":\"RST-Steel Shop\",\"item\":\"https:\/\/com.rst-steel.eu\/shop\/\"},{\"@type\":\"ListItem\",\"position\":3,\"name\":\"Side Bars Ford Transit Custom 2023-\"}]},{\"@type\":\"WebSite\",\"@id\":\"https:\/\/com.rst-steel.eu\/#website\",\"url\":\"https:\/\/com.rst-steel.eu\/\",\"name\":\"RST-Steel.com\",\"description\":\"Finnish quality steel, for quality-conscious drivers\",\"publisher\":{\"@id\":\"https:\/\/com.rst-steel.eu\/#organization\"},\"alternateName\":\"Safe and stylish RST-Steel quality\",\"potentialAction\":[{\"@type\":\"SearchAction\",\"target\":{\"@type\":\"EntryPoint\",\"urlTemplate\":\"https:\/\/com.rst-steel.eu\/?s={search_term_string}\"},\"query-input\":{\"@type\":\"PropertyValueSpecification\",\"valueRequired\":true,\"valueName\":\"search_term_string\"}}],\"inLanguage\":\"nb-NO\"},{\"@type\":\"Organization\",\"@id\":\"https:\/\/com.rst-steel.eu\/#organization\",\"name\":\"RST-Steel Oy\",\"url\":\"https:\/\/com.rst-steel.eu\/\",\"logo\":{\"@type\":\"ImageObject\",\"inLanguage\":\"nb-NO\",\"@id\":\"https:\/\/com.rst-steel.eu\/#\/schema\/logo\/image\/\",\"url\":\"https:\/\/com.rst-steel.eu\/wp-content\/uploads\/2023\/04\/cropped-Rst-logo-valkoinen-teksti-3.png\",\"contentUrl\":\"https:\/\/com.rst-steel.eu\/wp-content\/uploads\/2023\/04\/cropped-Rst-logo-valkoinen-teksti-3.png\",\"width\":512,\"height\":115,\"caption\":\"RST-Steel Oy\"},\"image\":{\"@id\":\"https:\/\/com.rst-steel.eu\/#\/schema\/logo\/image\/\"},\"sameAs\":[\"https:\/\/www.facebook.com\/rststeel\",\"https:\/\/www.instagram.com\/rststeeloy\/\"]}]}<\/script>\n<!-- \/ Yoast SEO plugin. -->","yoast_head_json":{"title":"Sidestenger Ford Transit Custom 2023- RST-Steel","description":"Sidest\u00f8tter av h\u00f8y kvalitet til Ford Transit Custom 2024- og Volkswagen Transporter T7-modeller. Ta en titt p\u00e5 dette produktet og f\u00e5 ditt i dag!","robots":{"index":"index","follow":"follow","max-snippet":"max-snippet:-1","max-image-preview":"max-image-preview:large","max-video-preview":"max-video-preview:-1"},"canonical":"https:\/\/com.rst-steel.eu\/nb\/produkt\/sidestenger-ford-transit-custom-2024-76mm_prm_72035\/","og_locale":"nb_NO","og_type":"article","og_title":"Side Bars Ford Transit Custom 2023- RST-Steel","og_description":"High-Quality Side Bars for Ford Transit Custom 2024- and Volkswagen Transporter T7 models. Check out this product and get yours today!","og_url":"https:\/\/com.rst-steel.eu\/nb\/produkt\/sidestenger-ford-transit-custom-2024-76mm_prm_72035\/","og_site_name":"RST-Steel","article_publisher":"https:\/\/www.facebook.com\/rststeel","article_modified_time":"2026-03-16T06:17:33+00:00","og_image":[{"width":1920,"height":2560,"url":"https:\/\/com.rst-steel.eu\/wp-content\/uploads\/2025\/09\/0d41b1d87a3653e05da6b7a5dd8252044e09df15_WhatsApp_Image_2025_06_05_at_15.16.40-scaled.jpeg","type":"image\/jpeg"}],"twitter_card":"summary_large_image","twitter_misc":{"Ansl. lesetid":"1 minutt"},"schema":{"@context":"https:\/\/schema.org","@graph":[{"@type":"WebPage","@id":"https:\/\/com.rst-steel.eu\/nb\/produkt\/sidestenger-ford-transit-custom-2024-76mm_prm_72035\/","url":"https:\/\/com.rst-steel.eu\/nb\/produkt\/sidestenger-ford-transit-custom-2024-76mm_prm_72035\/","name":"Sidestenger Ford Transit Custom 2023- RST-Steel","isPartOf":{"@id":"https:\/\/com.rst-steel.eu\/#website"},"primaryImageOfPage":{"@id":"https:\/\/com.rst-steel.eu\/nb\/produkt\/sidestenger-ford-transit-custom-2024-76mm_prm_72035\/#primaryimage"},"image":{"@id":"https:\/\/com.rst-steel.eu\/nb\/produkt\/sidestenger-ford-transit-custom-2024-76mm_prm_72035\/#primaryimage"},"thumbnailUrl":"https:\/\/com.rst-steel.eu\/wp-content\/uploads\/2025\/09\/0d41b1d87a3653e05da6b7a5dd8252044e09df15_WhatsApp_Image_2025_06_05_at_15.16.40-scaled.jpeg","datePublished":"2025-03-18T10:43:05+00:00","dateModified":"2026-03-16T06:17:33+00:00","description":"Sidest\u00f8tter av h\u00f8y kvalitet til Ford Transit Custom 2024- og Volkswagen Transporter T7-modeller. Ta en titt p\u00e5 dette produktet og f\u00e5 ditt i dag!","breadcrumb":{"@id":"https:\/\/com.rst-steel.eu\/nb\/produkt\/sidestenger-ford-transit-custom-2024-76mm_prm_72035\/#breadcrumb"},"inLanguage":"nb-NO","potentialAction":[{"@type":"ReadAction","target":["https:\/\/com.rst-steel.eu\/nb\/produkt\/sidestenger-ford-transit-custom-2024-76mm_prm_72035\/"]}]},{"@type":"ImageObject","inLanguage":"nb-NO","@id":"https:\/\/com.rst-steel.eu\/nb\/produkt\/sidestenger-ford-transit-custom-2024-76mm_prm_72035\/#primaryimage","url":"https:\/\/com.rst-steel.eu\/wp-content\/uploads\/2025\/09\/0d41b1d87a3653e05da6b7a5dd8252044e09df15_WhatsApp_Image_2025_06_05_at_15.16.40-scaled.jpeg","contentUrl":"https:\/\/com.rst-steel.eu\/wp-content\/uploads\/2025\/09\/0d41b1d87a3653e05da6b7a5dd8252044e09df15_WhatsApp_Image_2025_06_05_at_15.16.40-scaled.jpeg","width":1920,"height":2560,"caption":"Side Bars Ford Transit Custom 2023-"},{"@type":"BreadcrumbList","@id":"https:\/\/com.rst-steel.eu\/nb\/produkt\/sidestenger-ford-transit-custom-2024-76mm_prm_72035\/#breadcrumb","itemListElement":[{"@type":"ListItem","position":1,"name":"Home","item":"https:\/\/com.rst-steel.eu\/"},{"@type":"ListItem","position":2,"name":"RST-Steel Shop","item":"https:\/\/com.rst-steel.eu\/shop\/"},{"@type":"ListItem","position":3,"name":"Side Bars Ford Transit Custom 2023-"}]},{"@type":"WebSite","@id":"https:\/\/com.rst-steel.eu\/#website","url":"https:\/\/com.rst-steel.eu\/","name":"RST-Steel.com","description":"Finsk kvalitetsst\u00e5l, for kvalitetsbevisste sj\u00e5f\u00f8rer","publisher":{"@id":"https:\/\/com.rst-steel.eu\/#organization"},"alternateName":"Safe and stylish RST-Steel quality","potentialAction":[{"@type":"SearchAction","target":{"@type":"EntryPoint","urlTemplate":"https:\/\/com.rst-steel.eu\/?s={search_term_string}"},"query-input":{"@type":"PropertyValueSpecification","valueRequired":true,"valueName":"search_term_string"}}],"inLanguage":"nb-NO"},{"@type":"Organization","@id":"https:\/\/com.rst-steel.eu\/#organization","name":"RST-Steel Oy","url":"https:\/\/com.rst-steel.eu\/","logo":{"@type":"ImageObject","inLanguage":"nb-NO","@id":"https:\/\/com.rst-steel.eu\/#\/schema\/logo\/image\/","url":"https:\/\/com.rst-steel.eu\/wp-content\/uploads\/2023\/04\/cropped-Rst-logo-valkoinen-teksti-3.png","contentUrl":"https:\/\/com.rst-steel.eu\/wp-content\/uploads\/2023\/04\/cropped-Rst-logo-valkoinen-teksti-3.png","width":512,"height":115,"caption":"RST-Steel Oy"},"image":{"@id":"https:\/\/com.rst-steel.eu\/#\/schema\/logo\/image\/"},"sameAs":["https:\/\/www.facebook.com\/rststeel","https:\/\/www.instagram.com\/rststeeloy\/"]}]}},"brands":[{"id":8334,"name":"RST-Steel","slug":"brand_rststeel"}],"_links":{"self":[{"href":"https:\/\/com.rst-steel.eu\/nb\/wp-json\/wp\/v2\/product\/50760","targetHints":{"allow":["GET"]}}],"collection":[{"href":"https:\/\/com.rst-steel.eu\/nb\/wp-json\/wp\/v2\/product"}],"about":[{"href":"https:\/\/com.rst-steel.eu\/nb\/wp-json\/wp\/v2\/types\/product"}],"replies":[{"embeddable":true,"href":"https:\/\/com.rst-steel.eu\/nb\/wp-json\/wp\/v2\/comments?post=50760"}],"version-history":[{"count":0,"href":"https:\/\/com.rst-steel.eu\/nb\/wp-json\/wp\/v2\/product\/50760\/revisions"}],"wp:featuredmedia":[{"embeddable":true,"href":"https:\/\/com.rst-steel.eu\/nb\/wp-json\/wp\/v2\/media\/118954"}],"wp:attachment":[{"href":"https:\/\/com.rst-steel.eu\/nb\/wp-json\/wp\/v2\/media?parent=50760"}],"wp:term":[{"taxonomy":"make_fuel_type","embeddable":true,"href":"https:\/\/com.rst-steel.eu\/nb\/wp-json\/wp\/v2\/make_fuel_type?post=50760"},{"taxonomy":"make_model","embeddable":true,"href":"https:\/\/com.rst-steel.eu\/nb\/wp-json\/wp\/v2\/make_model?post=50760"},{"taxonomy":"make_brand","embeddable":true,"href":"https:\/\/com.rst-steel.eu\/nb\/wp-json\/wp\/v2\/make_brand?post=50760"},{"taxonomy":"make_year","embeddable":true,"href":"https:\/\/com.rst-steel.eu\/nb\/wp-json\/wp\/v2\/make_year?post=50760"},{"taxonomy":"pwb-brand","embeddable":true,"href":"https:\/\/com.rst-steel.eu\/nb\/wp-json\/wp\/v2\/pwb-brand?post=50760"},{"taxonomy":"product_brand","embeddable":true,"href":"https:\/\/com.rst-steel.eu\/nb\/wp-json\/wp\/v2\/product_brand?post=50760"},{"taxonomy":"product_cat","embeddable":true,"href":"https:\/\/com.rst-steel.eu\/nb\/wp-json\/wp\/v2\/product_cat?post=50760"},{"taxonomy":"product_tag","embeddable":true,"href":"https:\/\/com.rst-steel.eu\/nb\/wp-json\/wp\/v2\/product_tag?post=50760"}],"curies":[{"name":"wp","href":"https:\/\/api.w.org\/{rel}","templated":true}]}}