{"id":50752,"date":"2025-03-18T13:42:21","date_gmt":"2025-03-18T10:42:21","guid":{"rendered":"https:\/\/rst-steel.com\/product\/front-spoiler-bar-ford-transit-custom-2024-76mm_prm_72025\/"},"modified":"2026-03-16T09:17:33","modified_gmt":"2026-03-16T06:17:33","slug":"front-spoiler-bar-ford-transit-custom-2023-_prm_72025","status":"publish","type":"product","link":"https:\/\/com.rst-steel.eu\/nb\/produkt\/front-spoiler-bar-ford-transit-custom-2023-_prm_72025\/","title":{"rendered":"Front Spoiler Bar Ford Transit Custom 2023-"},"content":{"rendered":"<p>Front Spoiler Bar Ford Transit Custom 2023-<\/p>\n<ul>\n<li><\/li>\n<\/ul>\n<p><\/p>\n<p>RST-Steels frontspoilerstenger er h\u00f8ykvalitetsprodukter, produsert i Finland av rustfritt st\u00e5l.<\/p>\n<p>Frontspoiler er et stilig tilbeh\u00f8r som beskytter st\u00f8tfangeren foran p\u00e5 bilen din. Hvis du treffer fortauskanter, fartsdumper eller sn\u00f8klumper p\u00e5 veien, kan det f\u00f8re til skader p\u00e5 fronten av bilen.<\/p>\n<p>Det kan v\u00e6re dyrt og tidkrevende \u00e5 reparere skadene. Ved \u00e5 forberede seg p\u00e5 disse farene kan reisen fortsette med et trygt sinn, og virksomheten er sikret i disse henseendene.<\/p>\n<p>Denne frontspoilerstangen er laget av rustfritt st\u00e5l og har en diameter p\u00e5 76 mm, kombinert med et h\u00e5ndlaget design som sikrer holdbarhet i mange \u00e5r, og ikke bare en enkelt sesong.<\/p>\n<p>Med produktet f\u00f8lger et monteringssett i rustfritt st\u00e5l som er spesielt tilpasset din bil, samt enkle monteringsanvisninger.<\/p>\n<ul>\n<li><\/li>\n<\/ul>\n<p><\/p>\n<p>Rask og enkel installasjon, installasjon p\u00e5 ferdige steder.<\/p>\n<ul>\n<li><\/li>\n<\/ul>\n<p><\/p>\n<p><span style=\"font-weight: bold\">Teknisk informasjon:<\/span><\/p>\n<ul>\n<li>Farge: Speilpolert rustfritt st\u00e5l eller pulverlakkert med RAL-farger<\/li>\n<li>Stangdiameter: 76 mm<\/li>\n<li><\/li>\n<\/ul>\n<p>&nbsp;<\/p>\n<p><span style=\"font-weight: bold\">Innhold i leveransen:<\/span><\/p>\n<ul>\n<li>Spoilerstang foran<\/li>\n<li>Festemidler som kreves for installasjon<\/li>\n<li>Installasjonsinstruksjoner<\/li>\n<\/ul>","protected":false},"excerpt":{"rendered":"<p><span style=\"font-weight: bold\">Flere modellalternativer tilgjengelig!<\/span><\/p>","protected":false},"featured_media":118950,"comment_status":"open","ping_status":"closed","template":"","meta":{"_improvement_type_select":"improve_an_existing","_thumb_yes_seoaic":false,"_frame_yes_seoaic":false,"seoaic_generate_description":"","seoaic_improve_instructions_prompt":"","seoaic_rollback_content_improvement":"","seoaic_idea_thumbnail_generator":"","thumbnail_generated":false,"thumbnail_generate_prompt":"","seoaic_article_description":""},"make_fuel_type":[],"make_model":[7593],"make_brand":[7592],"make_year":[6373],"pwb-brand":[8334],"product_brand":[],"product_cat":[8096,6092,6094],"product_tag":[8503],"class_list":{"0":"post-50752","1":"product","2":"type-product","3":"status-publish","4":"has-post-thumbnail","6":"make_engine-transit-custom-l1h1","7":"make_engine-transit-custom-l1h2","8":"make_engine-transit-custom-l2h2","9":"make_model-transit-custom-23","10":"make_brand-ford-van","11":"make_year-van","12":"pwb-brand-brand_rststeel","13":"product_cat-ford-fsb-pa","14":"product_cat-front-spoiler-bars","15":"product_cat-front-spoiler-bars-for-vans","16":"product_tag-ford-transit","17":"product_shipping_class-lightbars","19":"first","20":"instock","21":"taxable","22":"shipping-taxable","23":"purchasable","24":"product-type-variable"},"yoast_head":"<!-- This site is optimized with the Yoast SEO plugin v25.7 - https:\/\/yoast.com\/wordpress\/plugins\/seo\/ -->\n<title>Front Spoiler Bar Ford Transit Custom 2023- RST-Steel<\/title>\n<meta name=\"description\" content=\"High-Quality Front Spoiler Bar for Ford Transit Custom 2024- and newer models. Check out this product and get yours today!\" \/>\n<meta name=\"robots\" content=\"index, follow, max-snippet:-1, max-image-preview:large, max-video-preview:-1\" \/>\n<link rel=\"canonical\" href=\"https:\/\/com.rst-steel.eu\/nb\/produkt\/front-spoiler-bar-ford-transit-custom-2023-_prm_72025\/\" \/>\n<meta property=\"og:locale\" content=\"nb_NO\" \/>\n<meta property=\"og:type\" content=\"article\" \/>\n<meta property=\"og:title\" content=\"Front Spoiler Bar Ford Transit Custom 2023- RST-Steel\" \/>\n<meta property=\"og:description\" content=\"High-Quality Front Spoiler Bar for Ford Transit Custom 2024- and newer models. Check out this product and get yours today!\" \/>\n<meta property=\"og:url\" content=\"https:\/\/com.rst-steel.eu\/nb\/produkt\/front-spoiler-bar-ford-transit-custom-2023-_prm_72025\/\" \/>\n<meta property=\"og:site_name\" content=\"RST-Steel\" \/>\n<meta property=\"article:publisher\" content=\"https:\/\/www.facebook.com\/rststeel\" \/>\n<meta property=\"article:modified_time\" content=\"2026-03-16T06:17:33+00:00\" \/>\n<meta property=\"og:image\" content=\"https:\/\/com.rst-steel.eu\/wp-content\/uploads\/2025\/09\/c61f99d3c171cff2c56077651670cc8af574e1b5_TCU025BM_web2.jpeg\" \/>\n\t<meta property=\"og:image:width\" content=\"1501\" \/>\n\t<meta property=\"og:image:height\" content=\"1502\" \/>\n\t<meta property=\"og:image:type\" content=\"image\/jpeg\" \/>\n<meta name=\"twitter:card\" content=\"summary_large_image\" \/>\n<meta name=\"twitter:label1\" content=\"Ansl. lesetid\" \/>\n\t<meta name=\"twitter:data1\" content=\"1 minutt\" \/>\n<script type=\"application\/ld+json\" class=\"yoast-schema-graph\">{\"@context\":\"https:\/\/schema.org\",\"@graph\":[{\"@type\":\"WebPage\",\"@id\":\"https:\/\/com.rst-steel.eu\/nb\/produkt\/front-spoiler-bar-ford-transit-custom-2023-_prm_72025\/\",\"url\":\"https:\/\/com.rst-steel.eu\/nb\/produkt\/front-spoiler-bar-ford-transit-custom-2023-_prm_72025\/\",\"name\":\"Front Spoiler Bar Ford Transit Custom 2023- RST-Steel\",\"isPartOf\":{\"@id\":\"https:\/\/com.rst-steel.eu\/#website\"},\"primaryImageOfPage\":{\"@id\":\"https:\/\/com.rst-steel.eu\/nb\/produkt\/front-spoiler-bar-ford-transit-custom-2023-_prm_72025\/#primaryimage\"},\"image\":{\"@id\":\"https:\/\/com.rst-steel.eu\/nb\/produkt\/front-spoiler-bar-ford-transit-custom-2023-_prm_72025\/#primaryimage\"},\"thumbnailUrl\":\"https:\/\/com.rst-steel.eu\/wp-content\/uploads\/2025\/09\/c61f99d3c171cff2c56077651670cc8af574e1b5_TCU025BM_web2.jpeg\",\"datePublished\":\"2025-03-18T10:42:21+00:00\",\"dateModified\":\"2026-03-16T06:17:33+00:00\",\"description\":\"High-Quality Front Spoiler Bar for Ford Transit Custom 2024- and newer models. Check out this product and get yours today!\",\"breadcrumb\":{\"@id\":\"https:\/\/com.rst-steel.eu\/nb\/produkt\/front-spoiler-bar-ford-transit-custom-2023-_prm_72025\/#breadcrumb\"},\"inLanguage\":\"nb-NO\",\"potentialAction\":[{\"@type\":\"ReadAction\",\"target\":[\"https:\/\/com.rst-steel.eu\/nb\/produkt\/front-spoiler-bar-ford-transit-custom-2023-_prm_72025\/\"]}]},{\"@type\":\"ImageObject\",\"inLanguage\":\"nb-NO\",\"@id\":\"https:\/\/com.rst-steel.eu\/nb\/produkt\/front-spoiler-bar-ford-transit-custom-2023-_prm_72025\/#primaryimage\",\"url\":\"https:\/\/com.rst-steel.eu\/wp-content\/uploads\/2025\/09\/c61f99d3c171cff2c56077651670cc8af574e1b5_TCU025BM_web2.jpeg\",\"contentUrl\":\"https:\/\/com.rst-steel.eu\/wp-content\/uploads\/2025\/09\/c61f99d3c171cff2c56077651670cc8af574e1b5_TCU025BM_web2.jpeg\",\"width\":1501,\"height\":1502,\"caption\":\"Front Spoiler Bar Ford Transit Custom 2023-\"},{\"@type\":\"BreadcrumbList\",\"@id\":\"https:\/\/com.rst-steel.eu\/nb\/produkt\/front-spoiler-bar-ford-transit-custom-2023-_prm_72025\/#breadcrumb\",\"itemListElement\":[{\"@type\":\"ListItem\",\"position\":1,\"name\":\"Home\",\"item\":\"https:\/\/com.rst-steel.eu\/\"},{\"@type\":\"ListItem\",\"position\":2,\"name\":\"RST-Steel Shop\",\"item\":\"https:\/\/com.rst-steel.eu\/shop\/\"},{\"@type\":\"ListItem\",\"position\":3,\"name\":\"Front Spoiler Bar Ford Transit Custom 2023-\"}]},{\"@type\":\"WebSite\",\"@id\":\"https:\/\/com.rst-steel.eu\/#website\",\"url\":\"https:\/\/com.rst-steel.eu\/\",\"name\":\"RST-Steel.com\",\"description\":\"Finnish quality steel, for quality-conscious drivers\",\"publisher\":{\"@id\":\"https:\/\/com.rst-steel.eu\/#organization\"},\"alternateName\":\"Safe and stylish RST-Steel quality\",\"potentialAction\":[{\"@type\":\"SearchAction\",\"target\":{\"@type\":\"EntryPoint\",\"urlTemplate\":\"https:\/\/com.rst-steel.eu\/?s={search_term_string}\"},\"query-input\":{\"@type\":\"PropertyValueSpecification\",\"valueRequired\":true,\"valueName\":\"search_term_string\"}}],\"inLanguage\":\"nb-NO\"},{\"@type\":\"Organization\",\"@id\":\"https:\/\/com.rst-steel.eu\/#organization\",\"name\":\"RST-Steel Oy\",\"url\":\"https:\/\/com.rst-steel.eu\/\",\"logo\":{\"@type\":\"ImageObject\",\"inLanguage\":\"nb-NO\",\"@id\":\"https:\/\/com.rst-steel.eu\/#\/schema\/logo\/image\/\",\"url\":\"https:\/\/com.rst-steel.eu\/wp-content\/uploads\/2023\/04\/cropped-Rst-logo-valkoinen-teksti-3.png\",\"contentUrl\":\"https:\/\/com.rst-steel.eu\/wp-content\/uploads\/2023\/04\/cropped-Rst-logo-valkoinen-teksti-3.png\",\"width\":512,\"height\":115,\"caption\":\"RST-Steel Oy\"},\"image\":{\"@id\":\"https:\/\/com.rst-steel.eu\/#\/schema\/logo\/image\/\"},\"sameAs\":[\"https:\/\/www.facebook.com\/rststeel\",\"https:\/\/www.instagram.com\/rststeeloy\/\"]}]}<\/script>\n<!-- \/ Yoast SEO plugin. -->","yoast_head_json":{"title":"Front Spoiler Bar Ford Transit Custom 2023- RST-Steel","description":"Frontspoiler av h\u00f8y kvalitet til Ford Transit Custom 2024- og nyere modeller. Ta en titt p\u00e5 dette produktet og f\u00e5 ditt i dag!","robots":{"index":"index","follow":"follow","max-snippet":"max-snippet:-1","max-image-preview":"max-image-preview:large","max-video-preview":"max-video-preview:-1"},"canonical":"https:\/\/com.rst-steel.eu\/nb\/produkt\/front-spoiler-bar-ford-transit-custom-2023-_prm_72025\/","og_locale":"nb_NO","og_type":"article","og_title":"Front Spoiler Bar Ford Transit Custom 2023- RST-Steel","og_description":"High-Quality Front Spoiler Bar for Ford Transit Custom 2024- and newer models. Check out this product and get yours today!","og_url":"https:\/\/com.rst-steel.eu\/nb\/produkt\/front-spoiler-bar-ford-transit-custom-2023-_prm_72025\/","og_site_name":"RST-Steel","article_publisher":"https:\/\/www.facebook.com\/rststeel","article_modified_time":"2026-03-16T06:17:33+00:00","og_image":[{"width":1501,"height":1502,"url":"https:\/\/com.rst-steel.eu\/wp-content\/uploads\/2025\/09\/c61f99d3c171cff2c56077651670cc8af574e1b5_TCU025BM_web2.jpeg","type":"image\/jpeg"}],"twitter_card":"summary_large_image","twitter_misc":{"Ansl. lesetid":"1 minutt"},"schema":{"@context":"https:\/\/schema.org","@graph":[{"@type":"WebPage","@id":"https:\/\/com.rst-steel.eu\/nb\/produkt\/front-spoiler-bar-ford-transit-custom-2023-_prm_72025\/","url":"https:\/\/com.rst-steel.eu\/nb\/produkt\/front-spoiler-bar-ford-transit-custom-2023-_prm_72025\/","name":"Front Spoiler Bar Ford Transit Custom 2023- RST-Steel","isPartOf":{"@id":"https:\/\/com.rst-steel.eu\/#website"},"primaryImageOfPage":{"@id":"https:\/\/com.rst-steel.eu\/nb\/produkt\/front-spoiler-bar-ford-transit-custom-2023-_prm_72025\/#primaryimage"},"image":{"@id":"https:\/\/com.rst-steel.eu\/nb\/produkt\/front-spoiler-bar-ford-transit-custom-2023-_prm_72025\/#primaryimage"},"thumbnailUrl":"https:\/\/com.rst-steel.eu\/wp-content\/uploads\/2025\/09\/c61f99d3c171cff2c56077651670cc8af574e1b5_TCU025BM_web2.jpeg","datePublished":"2025-03-18T10:42:21+00:00","dateModified":"2026-03-16T06:17:33+00:00","description":"Frontspoiler av h\u00f8y kvalitet til Ford Transit Custom 2024- og nyere modeller. Ta en titt p\u00e5 dette produktet og f\u00e5 ditt i dag!","breadcrumb":{"@id":"https:\/\/com.rst-steel.eu\/nb\/produkt\/front-spoiler-bar-ford-transit-custom-2023-_prm_72025\/#breadcrumb"},"inLanguage":"nb-NO","potentialAction":[{"@type":"ReadAction","target":["https:\/\/com.rst-steel.eu\/nb\/produkt\/front-spoiler-bar-ford-transit-custom-2023-_prm_72025\/"]}]},{"@type":"ImageObject","inLanguage":"nb-NO","@id":"https:\/\/com.rst-steel.eu\/nb\/produkt\/front-spoiler-bar-ford-transit-custom-2023-_prm_72025\/#primaryimage","url":"https:\/\/com.rst-steel.eu\/wp-content\/uploads\/2025\/09\/c61f99d3c171cff2c56077651670cc8af574e1b5_TCU025BM_web2.jpeg","contentUrl":"https:\/\/com.rst-steel.eu\/wp-content\/uploads\/2025\/09\/c61f99d3c171cff2c56077651670cc8af574e1b5_TCU025BM_web2.jpeg","width":1501,"height":1502,"caption":"Front Spoiler Bar Ford Transit Custom 2023-"},{"@type":"BreadcrumbList","@id":"https:\/\/com.rst-steel.eu\/nb\/produkt\/front-spoiler-bar-ford-transit-custom-2023-_prm_72025\/#breadcrumb","itemListElement":[{"@type":"ListItem","position":1,"name":"Home","item":"https:\/\/com.rst-steel.eu\/"},{"@type":"ListItem","position":2,"name":"RST-Steel Shop","item":"https:\/\/com.rst-steel.eu\/shop\/"},{"@type":"ListItem","position":3,"name":"Front Spoiler Bar Ford Transit Custom 2023-"}]},{"@type":"WebSite","@id":"https:\/\/com.rst-steel.eu\/#website","url":"https:\/\/com.rst-steel.eu\/","name":"RST-Steel.com","description":"Finsk kvalitetsst\u00e5l, for kvalitetsbevisste sj\u00e5f\u00f8rer","publisher":{"@id":"https:\/\/com.rst-steel.eu\/#organization"},"alternateName":"Safe and stylish RST-Steel quality","potentialAction":[{"@type":"SearchAction","target":{"@type":"EntryPoint","urlTemplate":"https:\/\/com.rst-steel.eu\/?s={search_term_string}"},"query-input":{"@type":"PropertyValueSpecification","valueRequired":true,"valueName":"search_term_string"}}],"inLanguage":"nb-NO"},{"@type":"Organization","@id":"https:\/\/com.rst-steel.eu\/#organization","name":"RST-Steel Oy","url":"https:\/\/com.rst-steel.eu\/","logo":{"@type":"ImageObject","inLanguage":"nb-NO","@id":"https:\/\/com.rst-steel.eu\/#\/schema\/logo\/image\/","url":"https:\/\/com.rst-steel.eu\/wp-content\/uploads\/2023\/04\/cropped-Rst-logo-valkoinen-teksti-3.png","contentUrl":"https:\/\/com.rst-steel.eu\/wp-content\/uploads\/2023\/04\/cropped-Rst-logo-valkoinen-teksti-3.png","width":512,"height":115,"caption":"RST-Steel Oy"},"image":{"@id":"https:\/\/com.rst-steel.eu\/#\/schema\/logo\/image\/"},"sameAs":["https:\/\/www.facebook.com\/rststeel","https:\/\/www.instagram.com\/rststeeloy\/"]}]}},"brands":[{"id":8334,"name":"RST-Steel","slug":"brand_rststeel"}],"_links":{"self":[{"href":"https:\/\/com.rst-steel.eu\/nb\/wp-json\/wp\/v2\/product\/50752","targetHints":{"allow":["GET"]}}],"collection":[{"href":"https:\/\/com.rst-steel.eu\/nb\/wp-json\/wp\/v2\/product"}],"about":[{"href":"https:\/\/com.rst-steel.eu\/nb\/wp-json\/wp\/v2\/types\/product"}],"replies":[{"embeddable":true,"href":"https:\/\/com.rst-steel.eu\/nb\/wp-json\/wp\/v2\/comments?post=50752"}],"version-history":[{"count":0,"href":"https:\/\/com.rst-steel.eu\/nb\/wp-json\/wp\/v2\/product\/50752\/revisions"}],"wp:featuredmedia":[{"embeddable":true,"href":"https:\/\/com.rst-steel.eu\/nb\/wp-json\/wp\/v2\/media\/118950"}],"wp:attachment":[{"href":"https:\/\/com.rst-steel.eu\/nb\/wp-json\/wp\/v2\/media?parent=50752"}],"wp:term":[{"taxonomy":"make_fuel_type","embeddable":true,"href":"https:\/\/com.rst-steel.eu\/nb\/wp-json\/wp\/v2\/make_fuel_type?post=50752"},{"taxonomy":"make_model","embeddable":true,"href":"https:\/\/com.rst-steel.eu\/nb\/wp-json\/wp\/v2\/make_model?post=50752"},{"taxonomy":"make_brand","embeddable":true,"href":"https:\/\/com.rst-steel.eu\/nb\/wp-json\/wp\/v2\/make_brand?post=50752"},{"taxonomy":"make_year","embeddable":true,"href":"https:\/\/com.rst-steel.eu\/nb\/wp-json\/wp\/v2\/make_year?post=50752"},{"taxonomy":"pwb-brand","embeddable":true,"href":"https:\/\/com.rst-steel.eu\/nb\/wp-json\/wp\/v2\/pwb-brand?post=50752"},{"taxonomy":"product_brand","embeddable":true,"href":"https:\/\/com.rst-steel.eu\/nb\/wp-json\/wp\/v2\/product_brand?post=50752"},{"taxonomy":"product_cat","embeddable":true,"href":"https:\/\/com.rst-steel.eu\/nb\/wp-json\/wp\/v2\/product_cat?post=50752"},{"taxonomy":"product_tag","embeddable":true,"href":"https:\/\/com.rst-steel.eu\/nb\/wp-json\/wp\/v2\/product_tag?post=50752"}],"curies":[{"name":"wp","href":"https:\/\/api.w.org\/{rel}","templated":true}]}}