{"id":50698,"date":"2025-03-18T13:34:23","date_gmt":"2025-03-18T10:34:23","guid":{"rendered":"https:\/\/rst-steel.com\/product\/front-spoiler-bar-mb-sprinter-2018-amg-bumper_prm_69840\/"},"modified":"2026-03-16T09:16:06","modified_gmt":"2026-03-16T06:16:06","slug":"spoilerstang-foran-mb-sprinter-2018-amg-stotfanger_prm_69840","status":"publish","type":"product","link":"https:\/\/com.rst-steel.eu\/nb\/produkt\/spoilerstang-foran-mb-sprinter-2018-amg-stotfanger_prm_69840\/","title":{"rendered":"Frontspoiler bar MB Sprinter 2018- AMG st\u00f8tfanger"},"content":{"rendered":"<p>Frontspoiler bar MB Sprinter 2018- AMG st\u00f8tfanger<\/p>\n<p><\/p>\n<p>RST-Steels frontspoilerstenger er h\u00f8ykvalitetsprodukter laget av rustfritt st\u00e5l.&nbsp;<\/p>\n<p>Frontspoilerstang er et stilig tilbeh\u00f8r for \u00e5 beskytte frontst\u00f8tfangeren p\u00e5 bilen din. Spoilerstenger foran kan utstyres med posisjonslys, som forbedrer sikten din i trafikken, og samtidig \u00f8ker sikkerheten for deg selv og andre i trafikken.<\/p>\n<p>\u00c5 treffe fortauskanter, fartsdumper eller sn\u00f8klumper p\u00e5 veien kan for\u00e5rsake skader foran p\u00e5 bilen. \u00c5 reparere skaden kan v\u00e6re dyrt og tidkrevende. Ved \u00e5 forberede seg p\u00e5 disse farene fortsetter reisen med et trygt sinn og virksomheten er sikret i disse henseender.<\/p>\n<p><span style=\"font-weight: bold\">MERK! Bilen m\u00e5 ha en AMG-st\u00f8tfanger foran!<\/span><\/p>\n<p><\/p>\n<p><span style=\"font-weight: bold\">Teknisk informasjon:<\/span><\/p>\n<ul>\n<li>Farge: Speilpolert rustfritt st\u00e5l eller maling med RAL-grunnfarger<\/li>\n<li>R\u00f8rdiameter: 76 mm<\/li>\n<\/ul>\n<p><\/p>\n<p><span style=\"font-weight: bold\">Innhold i leveransen:<\/span><\/p>\n<ul>\n<li>Spoilerstang foran<\/li>\n<li>Festemidler som kreves for installasjon<\/li>\n<li>Installasjonsinstruksjoner<\/li>\n<\/ul>","protected":false},"excerpt":{"rendered":"<p>Flere modellalternativer tilgjengelig!<\/p>","protected":false},"featured_media":119350,"comment_status":"open","ping_status":"closed","template":"","meta":{"_improvement_type_select":"improve_an_existing","_thumb_yes_seoaic":false,"_frame_yes_seoaic":false,"seoaic_generate_description":"","seoaic_improve_instructions_prompt":"","seoaic_rollback_content_improvement":"","seoaic_idea_thumbnail_generator":"","thumbnail_generated":false,"thumbnail_generate_prompt":"","seoaic_article_description":""},"make_fuel_type":[],"make_model":[6381],"make_brand":[6374],"make_year":[6373],"pwb-brand":[8334],"product_brand":[],"product_cat":[8094,6092,6094],"product_tag":[8486],"class_list":{"0":"post-50698","1":"product","2":"type-product","3":"status-publish","4":"has-post-thumbnail","6":"make_engine-spinter-l2h1","7":"make_engine-sprinter-l2h2","8":"make_engine-sprinter-l3h2","9":"make_engine-sprinter-l3h3","10":"make_engine-sprinter-l4h2","11":"make_engine-sprinter-l4h3","12":"make_model-w907-w910-sprinter","13":"make_brand-mb-van","14":"make_year-van","15":"pwb-brand-brand_rststeel","16":"product_cat-mb-fsb-pa","17":"product_cat-front-spoiler-bars","18":"product_cat-front-spoiler-bars-for-vans","19":"product_tag-sprinter","20":"product_shipping_class-lightbars","22":"first","23":"instock","24":"taxable","25":"shipping-taxable","26":"purchasable","27":"product-type-variable"},"yoast_head":"<!-- This site is optimized with the Yoast SEO plugin v25.7 - https:\/\/yoast.com\/wordpress\/plugins\/seo\/ -->\n<title>Front Spoiler Bar MB Sprinter 2018- AMG Bumper - RST-Steel<\/title>\n<meta name=\"description\" content=\"High-Quality Front Spoiler Bar for MB Sprinter 2018- and newer models with AMG Bumper. Check out this product and get yours today!\" \/>\n<meta name=\"robots\" content=\"index, follow, max-snippet:-1, max-image-preview:large, max-video-preview:-1\" \/>\n<link rel=\"canonical\" href=\"https:\/\/com.rst-steel.eu\/nb\/produkt\/spoilerstang-foran-mb-sprinter-2018-amg-stotfanger_prm_69840\/\" \/>\n<meta property=\"og:locale\" content=\"nb_NO\" \/>\n<meta property=\"og:type\" content=\"article\" \/>\n<meta property=\"og:title\" content=\"Front Spoiler Bar MB Sprinter 2018- AMG Bumper - RST-Steel\" \/>\n<meta property=\"og:description\" content=\"High-Quality Front Spoiler Bar for MB Sprinter 2018- and newer models with AMG Bumper. Check out this product and get yours today!\" \/>\n<meta property=\"og:url\" content=\"https:\/\/com.rst-steel.eu\/nb\/produkt\/spoilerstang-foran-mb-sprinter-2018-amg-stotfanger_prm_69840\/\" \/>\n<meta property=\"og:site_name\" content=\"RST-Steel\" \/>\n<meta property=\"article:publisher\" content=\"https:\/\/www.facebook.com\/rststeel\" \/>\n<meta property=\"article:modified_time\" content=\"2026-03-16T06:16:06+00:00\" \/>\n<meta property=\"og:image\" content=\"https:\/\/com.rst-steel.eu\/wp-content\/uploads\/2025\/10\/8953c88049e3c83496aad630bcc5dbdda53eba1a_SPR042_WEB.jpg\" \/>\n\t<meta property=\"og:image:width\" content=\"1080\" \/>\n\t<meta property=\"og:image:height\" content=\"1080\" \/>\n\t<meta property=\"og:image:type\" content=\"image\/jpeg\" \/>\n<meta name=\"twitter:card\" content=\"summary_large_image\" \/>\n<meta name=\"twitter:label1\" content=\"Ansl. lesetid\" \/>\n\t<meta name=\"twitter:data1\" content=\"1 minutt\" \/>\n<script type=\"application\/ld+json\" class=\"yoast-schema-graph\">{\"@context\":\"https:\/\/schema.org\",\"@graph\":[{\"@type\":\"WebPage\",\"@id\":\"https:\/\/com.rst-steel.eu\/nb\/produkt\/spoilerstang-foran-mb-sprinter-2018-amg-stotfanger_prm_69840\/\",\"url\":\"https:\/\/com.rst-steel.eu\/nb\/produkt\/spoilerstang-foran-mb-sprinter-2018-amg-stotfanger_prm_69840\/\",\"name\":\"Front Spoiler Bar MB Sprinter 2018- AMG Bumper - RST-Steel\",\"isPartOf\":{\"@id\":\"https:\/\/com.rst-steel.eu\/#website\"},\"primaryImageOfPage\":{\"@id\":\"https:\/\/com.rst-steel.eu\/nb\/produkt\/spoilerstang-foran-mb-sprinter-2018-amg-stotfanger_prm_69840\/#primaryimage\"},\"image\":{\"@id\":\"https:\/\/com.rst-steel.eu\/nb\/produkt\/spoilerstang-foran-mb-sprinter-2018-amg-stotfanger_prm_69840\/#primaryimage\"},\"thumbnailUrl\":\"https:\/\/com.rst-steel.eu\/wp-content\/uploads\/2025\/10\/8953c88049e3c83496aad630bcc5dbdda53eba1a_SPR042_WEB.jpg\",\"datePublished\":\"2025-03-18T10:34:23+00:00\",\"dateModified\":\"2026-03-16T06:16:06+00:00\",\"description\":\"High-Quality Front Spoiler Bar for MB Sprinter 2018- and newer models with AMG Bumper. Check out this product and get yours today!\",\"breadcrumb\":{\"@id\":\"https:\/\/com.rst-steel.eu\/nb\/produkt\/spoilerstang-foran-mb-sprinter-2018-amg-stotfanger_prm_69840\/#breadcrumb\"},\"inLanguage\":\"nb-NO\",\"potentialAction\":[{\"@type\":\"ReadAction\",\"target\":[\"https:\/\/com.rst-steel.eu\/nb\/produkt\/spoilerstang-foran-mb-sprinter-2018-amg-stotfanger_prm_69840\/\"]}]},{\"@type\":\"ImageObject\",\"inLanguage\":\"nb-NO\",\"@id\":\"https:\/\/com.rst-steel.eu\/nb\/produkt\/spoilerstang-foran-mb-sprinter-2018-amg-stotfanger_prm_69840\/#primaryimage\",\"url\":\"https:\/\/com.rst-steel.eu\/wp-content\/uploads\/2025\/10\/8953c88049e3c83496aad630bcc5dbdda53eba1a_SPR042_WEB.jpg\",\"contentUrl\":\"https:\/\/com.rst-steel.eu\/wp-content\/uploads\/2025\/10\/8953c88049e3c83496aad630bcc5dbdda53eba1a_SPR042_WEB.jpg\",\"width\":1080,\"height\":1080},{\"@type\":\"BreadcrumbList\",\"@id\":\"https:\/\/com.rst-steel.eu\/nb\/produkt\/spoilerstang-foran-mb-sprinter-2018-amg-stotfanger_prm_69840\/#breadcrumb\",\"itemListElement\":[{\"@type\":\"ListItem\",\"position\":1,\"name\":\"Home\",\"item\":\"https:\/\/com.rst-steel.eu\/\"},{\"@type\":\"ListItem\",\"position\":2,\"name\":\"RST-Steel Shop\",\"item\":\"https:\/\/com.rst-steel.eu\/shop\/\"},{\"@type\":\"ListItem\",\"position\":3,\"name\":\"Front Spoiler Bar MB Sprinter 2018- AMG Bumper\"}]},{\"@type\":\"WebSite\",\"@id\":\"https:\/\/com.rst-steel.eu\/#website\",\"url\":\"https:\/\/com.rst-steel.eu\/\",\"name\":\"RST-Steel.com\",\"description\":\"Finnish quality steel, for quality-conscious drivers\",\"publisher\":{\"@id\":\"https:\/\/com.rst-steel.eu\/#organization\"},\"alternateName\":\"Safe and stylish RST-Steel quality\",\"potentialAction\":[{\"@type\":\"SearchAction\",\"target\":{\"@type\":\"EntryPoint\",\"urlTemplate\":\"https:\/\/com.rst-steel.eu\/?s={search_term_string}\"},\"query-input\":{\"@type\":\"PropertyValueSpecification\",\"valueRequired\":true,\"valueName\":\"search_term_string\"}}],\"inLanguage\":\"nb-NO\"},{\"@type\":\"Organization\",\"@id\":\"https:\/\/com.rst-steel.eu\/#organization\",\"name\":\"RST-Steel Oy\",\"url\":\"https:\/\/com.rst-steel.eu\/\",\"logo\":{\"@type\":\"ImageObject\",\"inLanguage\":\"nb-NO\",\"@id\":\"https:\/\/com.rst-steel.eu\/#\/schema\/logo\/image\/\",\"url\":\"https:\/\/com.rst-steel.eu\/wp-content\/uploads\/2023\/04\/cropped-Rst-logo-valkoinen-teksti-3.png\",\"contentUrl\":\"https:\/\/com.rst-steel.eu\/wp-content\/uploads\/2023\/04\/cropped-Rst-logo-valkoinen-teksti-3.png\",\"width\":512,\"height\":115,\"caption\":\"RST-Steel Oy\"},\"image\":{\"@id\":\"https:\/\/com.rst-steel.eu\/#\/schema\/logo\/image\/\"},\"sameAs\":[\"https:\/\/www.facebook.com\/rststeel\",\"https:\/\/www.instagram.com\/rststeeloy\/\"]}]}<\/script>\n<!-- \/ Yoast SEO plugin. -->","yoast_head_json":{"title":"Frontspoilerbjelke MB Sprinter 2018- AMG st\u00f8tfanger - RST-Steel","description":"Frontspoiler av h\u00f8y kvalitet til MB Sprinter 2018- og nyere modeller med AMG-st\u00f8tfanger. Ta en titt p\u00e5 dette produktet og f\u00e5 ditt i dag!","robots":{"index":"index","follow":"follow","max-snippet":"max-snippet:-1","max-image-preview":"max-image-preview:large","max-video-preview":"max-video-preview:-1"},"canonical":"https:\/\/com.rst-steel.eu\/nb\/produkt\/spoilerstang-foran-mb-sprinter-2018-amg-stotfanger_prm_69840\/","og_locale":"nb_NO","og_type":"article","og_title":"Front Spoiler Bar MB Sprinter 2018- AMG Bumper - RST-Steel","og_description":"High-Quality Front Spoiler Bar for MB Sprinter 2018- and newer models with AMG Bumper. Check out this product and get yours today!","og_url":"https:\/\/com.rst-steel.eu\/nb\/produkt\/spoilerstang-foran-mb-sprinter-2018-amg-stotfanger_prm_69840\/","og_site_name":"RST-Steel","article_publisher":"https:\/\/www.facebook.com\/rststeel","article_modified_time":"2026-03-16T06:16:06+00:00","og_image":[{"width":1080,"height":1080,"url":"https:\/\/com.rst-steel.eu\/wp-content\/uploads\/2025\/10\/8953c88049e3c83496aad630bcc5dbdda53eba1a_SPR042_WEB.jpg","type":"image\/jpeg"}],"twitter_card":"summary_large_image","twitter_misc":{"Ansl. lesetid":"1 minutt"},"schema":{"@context":"https:\/\/schema.org","@graph":[{"@type":"WebPage","@id":"https:\/\/com.rst-steel.eu\/nb\/produkt\/spoilerstang-foran-mb-sprinter-2018-amg-stotfanger_prm_69840\/","url":"https:\/\/com.rst-steel.eu\/nb\/produkt\/spoilerstang-foran-mb-sprinter-2018-amg-stotfanger_prm_69840\/","name":"Frontspoilerbjelke MB Sprinter 2018- AMG st\u00f8tfanger - RST-Steel","isPartOf":{"@id":"https:\/\/com.rst-steel.eu\/#website"},"primaryImageOfPage":{"@id":"https:\/\/com.rst-steel.eu\/nb\/produkt\/spoilerstang-foran-mb-sprinter-2018-amg-stotfanger_prm_69840\/#primaryimage"},"image":{"@id":"https:\/\/com.rst-steel.eu\/nb\/produkt\/spoilerstang-foran-mb-sprinter-2018-amg-stotfanger_prm_69840\/#primaryimage"},"thumbnailUrl":"https:\/\/com.rst-steel.eu\/wp-content\/uploads\/2025\/10\/8953c88049e3c83496aad630bcc5dbdda53eba1a_SPR042_WEB.jpg","datePublished":"2025-03-18T10:34:23+00:00","dateModified":"2026-03-16T06:16:06+00:00","description":"Frontspoiler av h\u00f8y kvalitet til MB Sprinter 2018- og nyere modeller med AMG-st\u00f8tfanger. Ta en titt p\u00e5 dette produktet og f\u00e5 ditt i dag!","breadcrumb":{"@id":"https:\/\/com.rst-steel.eu\/nb\/produkt\/spoilerstang-foran-mb-sprinter-2018-amg-stotfanger_prm_69840\/#breadcrumb"},"inLanguage":"nb-NO","potentialAction":[{"@type":"ReadAction","target":["https:\/\/com.rst-steel.eu\/nb\/produkt\/spoilerstang-foran-mb-sprinter-2018-amg-stotfanger_prm_69840\/"]}]},{"@type":"ImageObject","inLanguage":"nb-NO","@id":"https:\/\/com.rst-steel.eu\/nb\/produkt\/spoilerstang-foran-mb-sprinter-2018-amg-stotfanger_prm_69840\/#primaryimage","url":"https:\/\/com.rst-steel.eu\/wp-content\/uploads\/2025\/10\/8953c88049e3c83496aad630bcc5dbdda53eba1a_SPR042_WEB.jpg","contentUrl":"https:\/\/com.rst-steel.eu\/wp-content\/uploads\/2025\/10\/8953c88049e3c83496aad630bcc5dbdda53eba1a_SPR042_WEB.jpg","width":1080,"height":1080},{"@type":"BreadcrumbList","@id":"https:\/\/com.rst-steel.eu\/nb\/produkt\/spoilerstang-foran-mb-sprinter-2018-amg-stotfanger_prm_69840\/#breadcrumb","itemListElement":[{"@type":"ListItem","position":1,"name":"Home","item":"https:\/\/com.rst-steel.eu\/"},{"@type":"ListItem","position":2,"name":"RST-Steel Shop","item":"https:\/\/com.rst-steel.eu\/shop\/"},{"@type":"ListItem","position":3,"name":"Front Spoiler Bar MB Sprinter 2018- AMG Bumper"}]},{"@type":"WebSite","@id":"https:\/\/com.rst-steel.eu\/#website","url":"https:\/\/com.rst-steel.eu\/","name":"RST-Steel.com","description":"Finsk kvalitetsst\u00e5l, for kvalitetsbevisste sj\u00e5f\u00f8rer","publisher":{"@id":"https:\/\/com.rst-steel.eu\/#organization"},"alternateName":"Safe and stylish RST-Steel quality","potentialAction":[{"@type":"SearchAction","target":{"@type":"EntryPoint","urlTemplate":"https:\/\/com.rst-steel.eu\/?s={search_term_string}"},"query-input":{"@type":"PropertyValueSpecification","valueRequired":true,"valueName":"search_term_string"}}],"inLanguage":"nb-NO"},{"@type":"Organization","@id":"https:\/\/com.rst-steel.eu\/#organization","name":"RST-Steel Oy","url":"https:\/\/com.rst-steel.eu\/","logo":{"@type":"ImageObject","inLanguage":"nb-NO","@id":"https:\/\/com.rst-steel.eu\/#\/schema\/logo\/image\/","url":"https:\/\/com.rst-steel.eu\/wp-content\/uploads\/2023\/04\/cropped-Rst-logo-valkoinen-teksti-3.png","contentUrl":"https:\/\/com.rst-steel.eu\/wp-content\/uploads\/2023\/04\/cropped-Rst-logo-valkoinen-teksti-3.png","width":512,"height":115,"caption":"RST-Steel Oy"},"image":{"@id":"https:\/\/com.rst-steel.eu\/#\/schema\/logo\/image\/"},"sameAs":["https:\/\/www.facebook.com\/rststeel","https:\/\/www.instagram.com\/rststeeloy\/"]}]}},"brands":[{"id":8334,"name":"RST-Steel","slug":"brand_rststeel"}],"_links":{"self":[{"href":"https:\/\/com.rst-steel.eu\/nb\/wp-json\/wp\/v2\/product\/50698","targetHints":{"allow":["GET"]}}],"collection":[{"href":"https:\/\/com.rst-steel.eu\/nb\/wp-json\/wp\/v2\/product"}],"about":[{"href":"https:\/\/com.rst-steel.eu\/nb\/wp-json\/wp\/v2\/types\/product"}],"replies":[{"embeddable":true,"href":"https:\/\/com.rst-steel.eu\/nb\/wp-json\/wp\/v2\/comments?post=50698"}],"version-history":[{"count":0,"href":"https:\/\/com.rst-steel.eu\/nb\/wp-json\/wp\/v2\/product\/50698\/revisions"}],"wp:featuredmedia":[{"embeddable":true,"href":"https:\/\/com.rst-steel.eu\/nb\/wp-json\/wp\/v2\/media\/119350"}],"wp:attachment":[{"href":"https:\/\/com.rst-steel.eu\/nb\/wp-json\/wp\/v2\/media?parent=50698"}],"wp:term":[{"taxonomy":"make_fuel_type","embeddable":true,"href":"https:\/\/com.rst-steel.eu\/nb\/wp-json\/wp\/v2\/make_fuel_type?post=50698"},{"taxonomy":"make_model","embeddable":true,"href":"https:\/\/com.rst-steel.eu\/nb\/wp-json\/wp\/v2\/make_model?post=50698"},{"taxonomy":"make_brand","embeddable":true,"href":"https:\/\/com.rst-steel.eu\/nb\/wp-json\/wp\/v2\/make_brand?post=50698"},{"taxonomy":"make_year","embeddable":true,"href":"https:\/\/com.rst-steel.eu\/nb\/wp-json\/wp\/v2\/make_year?post=50698"},{"taxonomy":"pwb-brand","embeddable":true,"href":"https:\/\/com.rst-steel.eu\/nb\/wp-json\/wp\/v2\/pwb-brand?post=50698"},{"taxonomy":"product_brand","embeddable":true,"href":"https:\/\/com.rst-steel.eu\/nb\/wp-json\/wp\/v2\/product_brand?post=50698"},{"taxonomy":"product_cat","embeddable":true,"href":"https:\/\/com.rst-steel.eu\/nb\/wp-json\/wp\/v2\/product_cat?post=50698"},{"taxonomy":"product_tag","embeddable":true,"href":"https:\/\/com.rst-steel.eu\/nb\/wp-json\/wp\/v2\/product_tag?post=50698"}],"curies":[{"name":"wp","href":"https:\/\/api.w.org\/{rel}","templated":true}]}}