{"id":50612,"date":"2025-03-14T13:44:34","date_gmt":"2025-03-14T10:44:34","guid":{"rendered":"https:\/\/rst-steel.com\/product\/michelin-man-original-40cm_pr_9829\/"},"modified":"2026-03-16T09:21:17","modified_gmt":"2026-03-16T06:21:17","slug":"michelin-man-original-40cm","status":"publish","type":"product","link":"https:\/\/com.rst-steel.eu\/nb\/produkt\/michelin-man-original-40cm\/","title":{"rendered":"Michelin-mannen (original) 40 cm"},"content":{"rendered":"<p>Michelin-mannen (original) 40 cm<\/p>\n<ul>\n<li><\/li>\n<\/ul>\n<p>&nbsp;<\/p>\n<p>Gi bilen din et snev av ikonisk stil og morsom atmosf\u00e6re med Michelin-mannen! Denne globalt gjenkjennelige maskoten har alltid v\u00e6rt popul\u00e6r og vil sannsynligvis fortsette \u00e5 v\u00e6re det i \u00e5rene som kommer!<\/p>\n<p>&nbsp;<\/p>\n<p>Denne Michelin-mannen er ekte, og et ekthetssertifikat f\u00f8lger med produktet! Michelin-mannen er 40 cm h\u00f8y, og den leveres med en monteringsplate og skruer for sikker montering.<\/p>\n<ul>\n<li><\/li>\n<\/ul>\n<p>&nbsp;<\/p>\n<p><span style=\"font-weight: bold;\">Tekniske spesifikasjoner:<\/span><\/p>\n<ul>\n<li>H\u00f8yde: 40 cm<\/li>\n<li>Materiale: Plast<\/li>\n<li>Farge: Hvit<\/li>\n<li>Inkluderer ekthetssertifikat<\/li>\n<\/ul>","protected":false},"excerpt":{"rendered":"<p><span style=\"font-weight: bold;\">Denne Michelin-mannen er ekte!<\/span><\/p>","protected":false},"featured_media":50610,"comment_status":"open","ping_status":"closed","template":"","meta":{"_improvement_type_select":"improve_an_existing","_thumb_yes_seoaic":false,"_frame_yes_seoaic":false,"seoaic_generate_description":"","seoaic_improve_instructions_prompt":"","seoaic_rollback_content_improvement":"","seoaic_idea_thumbnail_generator":"","thumbnail_generated":false,"thumbnail_generate_prompt":"","seoaic_article_description":""},"make_fuel_type":[],"make_model":[],"make_brand":[],"make_year":[],"pwb-brand":[],"product_brand":[],"product_cat":[6097,6108],"product_tag":[],"class_list":{"0":"post-50612","1":"product","2":"type-product","3":"status-publish","4":"has-post-thumbnail","6":"product_cat-cabin-inside","7":"product_cat-decorations","9":"first","10":"instock","11":"taxable","12":"shipping-taxable","13":"purchasable","14":"product-type-simple"},"yoast_head":"<!-- This site is optimized with the Yoast SEO plugin v25.7 - https:\/\/yoast.com\/wordpress\/plugins\/seo\/ -->\n<title>Michelin Man (Original) 40cm - RST-Steel<\/title>\n<meta name=\"description\" content=\"Legendary Michelin Man 40cm with a stylish blue stripe! This Michelin Man is genuine, and a certificate of authenticity is included with the product!\" \/>\n<meta name=\"robots\" content=\"index, follow, max-snippet:-1, max-image-preview:large, max-video-preview:-1\" \/>\n<link rel=\"canonical\" href=\"https:\/\/com.rst-steel.eu\/nb\/produkt\/michelin-man-original-40cm\/\" \/>\n<meta property=\"og:locale\" content=\"nb_NO\" \/>\n<meta property=\"og:type\" content=\"article\" \/>\n<meta property=\"og:title\" content=\"Michelin Man (Original) 40cm - RST-Steel\" \/>\n<meta property=\"og:description\" content=\"Legendary Michelin Man 40cm with a stylish blue stripe! This Michelin Man is genuine, and a certificate of authenticity is included with the product!\" \/>\n<meta property=\"og:url\" content=\"https:\/\/com.rst-steel.eu\/nb\/produkt\/michelin-man-original-40cm\/\" \/>\n<meta property=\"og:site_name\" content=\"RST-Steel\" \/>\n<meta property=\"article:publisher\" content=\"https:\/\/www.facebook.com\/rststeel\" \/>\n<meta property=\"article:modified_time\" content=\"2026-03-16T06:21:17+00:00\" \/>\n<meta property=\"og:image\" content=\"https:\/\/com.rst-steel.eu\/wp-content\/uploads\/2025\/03\/a4923ab97f180cac772adfd09aaca51951e3db51_Michelinukko40cmkorkea_RST70700_d92231ed1e345d251aaaad53a0d5fe02_5.jpg\" \/>\n\t<meta property=\"og:image:width\" content=\"600\" \/>\n\t<meta property=\"og:image:height\" content=\"600\" \/>\n\t<meta property=\"og:image:type\" content=\"image\/jpeg\" \/>\n<meta name=\"twitter:card\" content=\"summary_large_image\" \/>\n<meta name=\"twitter:label1\" content=\"Ansl. lesetid\" \/>\n\t<meta name=\"twitter:data1\" content=\"1 minutt\" \/>\n<script type=\"application\/ld+json\" class=\"yoast-schema-graph\">{\"@context\":\"https:\/\/schema.org\",\"@graph\":[{\"@type\":\"WebPage\",\"@id\":\"https:\/\/com.rst-steel.eu\/sv\/produkt\/michelin-man-original-40cm\/\",\"url\":\"https:\/\/com.rst-steel.eu\/sv\/produkt\/michelin-man-original-40cm\/\",\"name\":\"Michelin Man (Original) 40cm - RST-Steel\",\"isPartOf\":{\"@id\":\"https:\/\/com.rst-steel.eu\/#website\"},\"primaryImageOfPage\":{\"@id\":\"https:\/\/com.rst-steel.eu\/sv\/produkt\/michelin-man-original-40cm\/#primaryimage\"},\"image\":{\"@id\":\"https:\/\/com.rst-steel.eu\/sv\/produkt\/michelin-man-original-40cm\/#primaryimage\"},\"thumbnailUrl\":\"https:\/\/com.rst-steel.eu\/wp-content\/uploads\/2025\/03\/a4923ab97f180cac772adfd09aaca51951e3db51_Michelinukko40cmkorkea_RST70700_d92231ed1e345d251aaaad53a0d5fe02_5.jpg\",\"datePublished\":\"2025-03-14T10:44:34+00:00\",\"dateModified\":\"2026-03-16T06:21:17+00:00\",\"description\":\"Legendary Michelin Man 40cm with a stylish blue stripe! This Michelin Man is genuine, and a certificate of authenticity is included with the product!\",\"breadcrumb\":{\"@id\":\"https:\/\/com.rst-steel.eu\/sv\/produkt\/michelin-man-original-40cm\/#breadcrumb\"},\"inLanguage\":\"nb-NO\",\"potentialAction\":[{\"@type\":\"ReadAction\",\"target\":[\"https:\/\/com.rst-steel.eu\/sv\/produkt\/michelin-man-original-40cm\/\"]}]},{\"@type\":\"ImageObject\",\"inLanguage\":\"nb-NO\",\"@id\":\"https:\/\/com.rst-steel.eu\/sv\/produkt\/michelin-man-original-40cm\/#primaryimage\",\"url\":\"https:\/\/com.rst-steel.eu\/wp-content\/uploads\/2025\/03\/a4923ab97f180cac772adfd09aaca51951e3db51_Michelinukko40cmkorkea_RST70700_d92231ed1e345d251aaaad53a0d5fe02_5.jpg\",\"contentUrl\":\"https:\/\/com.rst-steel.eu\/wp-content\/uploads\/2025\/03\/a4923ab97f180cac772adfd09aaca51951e3db51_Michelinukko40cmkorkea_RST70700_d92231ed1e345d251aaaad53a0d5fe02_5.jpg\",\"width\":600,\"height\":600,\"caption\":\"Michelin Man (Original) 40cm\"},{\"@type\":\"BreadcrumbList\",\"@id\":\"https:\/\/com.rst-steel.eu\/sv\/produkt\/michelin-man-original-40cm\/#breadcrumb\",\"itemListElement\":[{\"@type\":\"ListItem\",\"position\":1,\"name\":\"Home\",\"item\":\"https:\/\/com.rst-steel.eu\/\"},{\"@type\":\"ListItem\",\"position\":2,\"name\":\"RST-Steel Shop\",\"item\":\"https:\/\/com.rst-steel.eu\/shop\/\"},{\"@type\":\"ListItem\",\"position\":3,\"name\":\"Michelin Man (Original) 40cm\"}]},{\"@type\":\"WebSite\",\"@id\":\"https:\/\/com.rst-steel.eu\/#website\",\"url\":\"https:\/\/com.rst-steel.eu\/\",\"name\":\"RST-Steel.com\",\"description\":\"Finnish quality steel, for quality-conscious drivers\",\"publisher\":{\"@id\":\"https:\/\/com.rst-steel.eu\/#organization\"},\"alternateName\":\"Safe and stylish RST-Steel quality\",\"potentialAction\":[{\"@type\":\"SearchAction\",\"target\":{\"@type\":\"EntryPoint\",\"urlTemplate\":\"https:\/\/com.rst-steel.eu\/?s={search_term_string}\"},\"query-input\":{\"@type\":\"PropertyValueSpecification\",\"valueRequired\":true,\"valueName\":\"search_term_string\"}}],\"inLanguage\":\"nb-NO\"},{\"@type\":\"Organization\",\"@id\":\"https:\/\/com.rst-steel.eu\/#organization\",\"name\":\"RST-Steel Oy\",\"url\":\"https:\/\/com.rst-steel.eu\/\",\"logo\":{\"@type\":\"ImageObject\",\"inLanguage\":\"nb-NO\",\"@id\":\"https:\/\/com.rst-steel.eu\/#\/schema\/logo\/image\/\",\"url\":\"https:\/\/com.rst-steel.eu\/wp-content\/uploads\/2023\/04\/cropped-Rst-logo-valkoinen-teksti-3.png\",\"contentUrl\":\"https:\/\/com.rst-steel.eu\/wp-content\/uploads\/2023\/04\/cropped-Rst-logo-valkoinen-teksti-3.png\",\"width\":512,\"height\":115,\"caption\":\"RST-Steel Oy\"},\"image\":{\"@id\":\"https:\/\/com.rst-steel.eu\/#\/schema\/logo\/image\/\"},\"sameAs\":[\"https:\/\/www.facebook.com\/rststeel\",\"https:\/\/www.instagram.com\/rststeeloy\/\"]}]}<\/script>\n<!-- \/ Yoast SEO plugin. -->","yoast_head_json":{"title":"Michelin-mannen (original) 40 cm - RST-Steel","description":"Legendarisk Michelin-mann 40 cm med en stilig bl\u00e5 stripe! Denne Michelin-mannen er ekte, og et ekthetssertifikat f\u00f8lger med produktet!","robots":{"index":"index","follow":"follow","max-snippet":"max-snippet:-1","max-image-preview":"max-image-preview:large","max-video-preview":"max-video-preview:-1"},"canonical":"https:\/\/com.rst-steel.eu\/nb\/produkt\/michelin-man-original-40cm\/","og_locale":"nb_NO","og_type":"article","og_title":"Michelin Man (Original) 40cm - RST-Steel","og_description":"Legendary Michelin Man 40cm with a stylish blue stripe! This Michelin Man is genuine, and a certificate of authenticity is included with the product!","og_url":"https:\/\/com.rst-steel.eu\/nb\/produkt\/michelin-man-original-40cm\/","og_site_name":"RST-Steel","article_publisher":"https:\/\/www.facebook.com\/rststeel","article_modified_time":"2026-03-16T06:21:17+00:00","og_image":[{"width":600,"height":600,"url":"https:\/\/com.rst-steel.eu\/wp-content\/uploads\/2025\/03\/a4923ab97f180cac772adfd09aaca51951e3db51_Michelinukko40cmkorkea_RST70700_d92231ed1e345d251aaaad53a0d5fe02_5.jpg","type":"image\/jpeg"}],"twitter_card":"summary_large_image","twitter_misc":{"Ansl. lesetid":"1 minutt"},"schema":{"@context":"https:\/\/schema.org","@graph":[{"@type":"WebPage","@id":"https:\/\/com.rst-steel.eu\/sv\/produkt\/michelin-man-original-40cm\/","url":"https:\/\/com.rst-steel.eu\/sv\/produkt\/michelin-man-original-40cm\/","name":"Michelin-mannen (original) 40 cm - RST-Steel","isPartOf":{"@id":"https:\/\/com.rst-steel.eu\/#website"},"primaryImageOfPage":{"@id":"https:\/\/com.rst-steel.eu\/sv\/produkt\/michelin-man-original-40cm\/#primaryimage"},"image":{"@id":"https:\/\/com.rst-steel.eu\/sv\/produkt\/michelin-man-original-40cm\/#primaryimage"},"thumbnailUrl":"https:\/\/com.rst-steel.eu\/wp-content\/uploads\/2025\/03\/a4923ab97f180cac772adfd09aaca51951e3db51_Michelinukko40cmkorkea_RST70700_d92231ed1e345d251aaaad53a0d5fe02_5.jpg","datePublished":"2025-03-14T10:44:34+00:00","dateModified":"2026-03-16T06:21:17+00:00","description":"Legendarisk Michelin-mann 40 cm med en stilig bl\u00e5 stripe! Denne Michelin-mannen er ekte, og et ekthetssertifikat f\u00f8lger med produktet!","breadcrumb":{"@id":"https:\/\/com.rst-steel.eu\/sv\/produkt\/michelin-man-original-40cm\/#breadcrumb"},"inLanguage":"nb-NO","potentialAction":[{"@type":"ReadAction","target":["https:\/\/com.rst-steel.eu\/sv\/produkt\/michelin-man-original-40cm\/"]}]},{"@type":"ImageObject","inLanguage":"nb-NO","@id":"https:\/\/com.rst-steel.eu\/sv\/produkt\/michelin-man-original-40cm\/#primaryimage","url":"https:\/\/com.rst-steel.eu\/wp-content\/uploads\/2025\/03\/a4923ab97f180cac772adfd09aaca51951e3db51_Michelinukko40cmkorkea_RST70700_d92231ed1e345d251aaaad53a0d5fe02_5.jpg","contentUrl":"https:\/\/com.rst-steel.eu\/wp-content\/uploads\/2025\/03\/a4923ab97f180cac772adfd09aaca51951e3db51_Michelinukko40cmkorkea_RST70700_d92231ed1e345d251aaaad53a0d5fe02_5.jpg","width":600,"height":600,"caption":"Michelin Man (Original) 40cm"},{"@type":"BreadcrumbList","@id":"https:\/\/com.rst-steel.eu\/sv\/produkt\/michelin-man-original-40cm\/#breadcrumb","itemListElement":[{"@type":"ListItem","position":1,"name":"Home","item":"https:\/\/com.rst-steel.eu\/"},{"@type":"ListItem","position":2,"name":"RST-Steel Shop","item":"https:\/\/com.rst-steel.eu\/shop\/"},{"@type":"ListItem","position":3,"name":"Michelin Man (Original) 40cm"}]},{"@type":"WebSite","@id":"https:\/\/com.rst-steel.eu\/#website","url":"https:\/\/com.rst-steel.eu\/","name":"RST-Steel.com","description":"Finsk kvalitetsst\u00e5l, for kvalitetsbevisste sj\u00e5f\u00f8rer","publisher":{"@id":"https:\/\/com.rst-steel.eu\/#organization"},"alternateName":"Safe and stylish RST-Steel quality","potentialAction":[{"@type":"SearchAction","target":{"@type":"EntryPoint","urlTemplate":"https:\/\/com.rst-steel.eu\/?s={search_term_string}"},"query-input":{"@type":"PropertyValueSpecification","valueRequired":true,"valueName":"search_term_string"}}],"inLanguage":"nb-NO"},{"@type":"Organization","@id":"https:\/\/com.rst-steel.eu\/#organization","name":"RST-Steel Oy","url":"https:\/\/com.rst-steel.eu\/","logo":{"@type":"ImageObject","inLanguage":"nb-NO","@id":"https:\/\/com.rst-steel.eu\/#\/schema\/logo\/image\/","url":"https:\/\/com.rst-steel.eu\/wp-content\/uploads\/2023\/04\/cropped-Rst-logo-valkoinen-teksti-3.png","contentUrl":"https:\/\/com.rst-steel.eu\/wp-content\/uploads\/2023\/04\/cropped-Rst-logo-valkoinen-teksti-3.png","width":512,"height":115,"caption":"RST-Steel Oy"},"image":{"@id":"https:\/\/com.rst-steel.eu\/#\/schema\/logo\/image\/"},"sameAs":["https:\/\/www.facebook.com\/rststeel","https:\/\/www.instagram.com\/rststeeloy\/"]}]}},"brands":[],"_links":{"self":[{"href":"https:\/\/com.rst-steel.eu\/nb\/wp-json\/wp\/v2\/product\/50612","targetHints":{"allow":["GET"]}}],"collection":[{"href":"https:\/\/com.rst-steel.eu\/nb\/wp-json\/wp\/v2\/product"}],"about":[{"href":"https:\/\/com.rst-steel.eu\/nb\/wp-json\/wp\/v2\/types\/product"}],"replies":[{"embeddable":true,"href":"https:\/\/com.rst-steel.eu\/nb\/wp-json\/wp\/v2\/comments?post=50612"}],"version-history":[{"count":0,"href":"https:\/\/com.rst-steel.eu\/nb\/wp-json\/wp\/v2\/product\/50612\/revisions"}],"wp:featuredmedia":[{"embeddable":true,"href":"https:\/\/com.rst-steel.eu\/nb\/wp-json\/wp\/v2\/media\/50610"}],"wp:attachment":[{"href":"https:\/\/com.rst-steel.eu\/nb\/wp-json\/wp\/v2\/media?parent=50612"}],"wp:term":[{"taxonomy":"make_fuel_type","embeddable":true,"href":"https:\/\/com.rst-steel.eu\/nb\/wp-json\/wp\/v2\/make_fuel_type?post=50612"},{"taxonomy":"make_model","embeddable":true,"href":"https:\/\/com.rst-steel.eu\/nb\/wp-json\/wp\/v2\/make_model?post=50612"},{"taxonomy":"make_brand","embeddable":true,"href":"https:\/\/com.rst-steel.eu\/nb\/wp-json\/wp\/v2\/make_brand?post=50612"},{"taxonomy":"make_year","embeddable":true,"href":"https:\/\/com.rst-steel.eu\/nb\/wp-json\/wp\/v2\/make_year?post=50612"},{"taxonomy":"pwb-brand","embeddable":true,"href":"https:\/\/com.rst-steel.eu\/nb\/wp-json\/wp\/v2\/pwb-brand?post=50612"},{"taxonomy":"product_brand","embeddable":true,"href":"https:\/\/com.rst-steel.eu\/nb\/wp-json\/wp\/v2\/product_brand?post=50612"},{"taxonomy":"product_cat","embeddable":true,"href":"https:\/\/com.rst-steel.eu\/nb\/wp-json\/wp\/v2\/product_cat?post=50612"},{"taxonomy":"product_tag","embeddable":true,"href":"https:\/\/com.rst-steel.eu\/nb\/wp-json\/wp\/v2\/product_tag?post=50612"}],"curies":[{"name":"wp","href":"https:\/\/api.w.org\/{rel}","templated":true}]}}