{"id":50209,"date":"2025-02-21T17:16:22","date_gmt":"2025-02-21T14:16:22","guid":{"rendered":"https:\/\/rst-steel.com\/product\/bull-bar-freeway-daf-xf-xg-2022-_prm_72216\/"},"modified":"2026-03-16T09:19:14","modified_gmt":"2026-03-16T06:19:14","slug":"bull-bar-freeway-daf-xf-xg-2022-_prm_72216","status":"publish","type":"product","link":"https:\/\/com.rst-steel.eu\/nb\/produkt\/bull-bar-freeway-daf-xf-xg-2022-_prm_72216\/","title":{"rendered":"Bull Bar Freeway DAF XF\/XG 2022-, (Not for a road use)"},"content":{"rendered":"<p>Viltfanger Freeway DAF XF\/XG 2022-<\/p>\n<ul>\n<li><\/li>\n<\/ul>\n<p><span style=\"font-weight: bold;\">Enhance the safety and appearance of your truck.<\/span><\/p>\n<ul>\n<li><\/li>\n<\/ul>\n<p>This high-quality bull bar is designed to provide maximum protection and durability, while also adding a touch of elegance and prestige to your vehicle.<\/p>\n<ul>\n<li><\/li>\n<\/ul>\n<p>En frontbekytter beskytter fronten av kj\u00f8ret\u00f8yet i potensielle kollisjonssituasjoner. Den gir lastebilen et robust og stilig utseende som tiltrekker seg oppmerksomhet og gj\u00f8r at du og bedriften din skiller dere ut.<\/p>\n<ul>\n<li><\/li>\n<\/ul>\n<p>Det er gjort s\u00e5 enkelt som mulig \u00e5 ta av st\u00f8tfangeren for vedlikeholdsarbeid,<\/p>\n<p><span style=\"font-weight: bold;\">Kompatibel med 2x kollisjonsradarer!<\/span><\/p>\n<ul>\n<li><\/li>\n<\/ul>\n<p>Egenskaper:<\/p>\n<ul>\n<li>Kompatibilitet: Passer perfekt til DAF XF\/XG 2022-.<\/li>\n<li>Durability: Made from high-quality stainless steel, capable of withstanding the toughest conditions.<\/li>\n<li>Easy Installation: Includes installation instructions and necessary hardware, ensuring you can install the bumper yourself.<\/li>\n<li>Stylish Appearance: This bull bar gives your truck a modern and dynamic look. Its sleek design and polished or powdercoated steel finish make your truck stand out and look impressive.<\/li>\n<li>Maximum Protection: The bull bar provides effective protection for the front of your vehicle, safeguarding it from collisions and damage. This reduces the risk of damage and helps keep your truck in good condition for longer.<\/li>\n<li><\/li>\n<\/ul>\n<p><span style=\"font-weight: bold;\">Hvorfor velge RST-Steel?<\/span><\/p>\n<ul>\n<li>Reliability: Years of experience and expertise ensure the high quality and durability of our products.<\/li>\n<li>Customer Satisfaction: Thousands of satisfied customers worldwide trust RST-Steel products.<\/li>\n<li><\/li>\n<\/ul>\n<p><span style=\"font-weight: bold;\">Tekniske spesifikasjoner:<\/span><\/p>\n<ul>\n<li>Farge: Speilpolert rustfritt st\u00e5l eller pulverlakkert med RAL-farger<\/li>\n<li>Pipes Diameters: 76 mm \/ 60 mm<\/li>\n<li><\/li>\n<\/ul>\n<p><a href=\"https:\/\/www.youtube.com\/watch?v=G2FVajPh-pM\"><strong>VIDEO AV INSTALLASJON AV BULLBAR-KABELSETT FINNES HER!<\/strong><\/a><\/p>\n<p><span style=\"font-weight: bold;\">Pakken inneholder:<\/span><\/p>\n<ul>\n<li>Frontbeskytter<\/li>\n<li>Monteringsbraketter kreves for installasjon<\/li>\n<li>Installasjonsinstruksjoner<\/li>\n<li><\/li>\n<\/ul>\n<p><span style=\"font-weight: bold;\">Kj\u00f8p n\u00e5 og beskytt lastebilen din p\u00e5 best mulig m\u00e5te!<\/span><\/p>","protected":false},"excerpt":{"rendered":"<p><span style=\"font-weight: bold;\">Beskytt lastebilen din p\u00e5 best mulig m\u00e5te!<\/span><\/p>","protected":false},"featured_media":50208,"comment_status":"open","ping_status":"closed","template":"","meta":{"_improvement_type_select":"improve_an_existing","_thumb_yes_seoaic":false,"_frame_yes_seoaic":false,"seoaic_generate_description":"","seoaic_improve_instructions_prompt":"","seoaic_rollback_content_improvement":"","seoaic_idea_thumbnail_generator":"","thumbnail_generated":false,"thumbnail_generate_prompt":"","seoaic_article_description":""},"make_fuel_type":[],"make_model":[],"make_brand":[],"make_year":[],"pwb-brand":[8334],"product_brand":[],"product_cat":[6280,7160],"product_tag":[8487,6683],"class_list":{"0":"post-50209","1":"product","2":"type-product","3":"status-publish","4":"has-post-thumbnail","6":"pwb-brand-brand_rststeel","7":"product_cat-bullbars","8":"product_cat-daf-ka-kk","9":"product_tag-bullbar-freeway","10":"product_tag-frontskydd","11":"product_shipping_class-bullbars","13":"first","14":"onbackorder","15":"taxable","16":"shipping-taxable","17":"purchasable","18":"product-type-variable"},"yoast_head":"<!-- This site is optimized with the Yoast SEO plugin v25.7 - https:\/\/yoast.com\/wordpress\/plugins\/seo\/ -->\n<title>Bull Bar Freeway DAF XF\/XG 2022-, (Not for a road use) RST-Steel<\/title>\n<meta name=\"description\" content=\"Enhance your DAF XF\/XG (2022+) with the Bull Bar Freeway for added protection and a rugged look. Durable, stylish, and perfect for long road trips.\" \/>\n<meta name=\"robots\" content=\"index, follow, max-snippet:-1, max-image-preview:large, max-video-preview:-1\" \/>\n<link rel=\"canonical\" href=\"https:\/\/com.rst-steel.eu\/nb\/produkt\/bull-bar-freeway-daf-xf-xg-2022-_prm_72216\/\" \/>\n<meta property=\"og:locale\" content=\"nb_NO\" \/>\n<meta property=\"og:type\" content=\"article\" \/>\n<meta property=\"og:title\" content=\"Bull Bar Freeway DAF XF\/XG 2022-, (Not for a road use) RST-Steel\" \/>\n<meta property=\"og:description\" content=\"Enhance your DAF XF\/XG (2022+) with the Bull Bar Freeway for added protection and a rugged look. Durable, stylish, and perfect for long road trips.\" \/>\n<meta property=\"og:url\" content=\"https:\/\/com.rst-steel.eu\/nb\/produkt\/bull-bar-freeway-daf-xf-xg-2022-_prm_72216\/\" \/>\n<meta property=\"og:site_name\" content=\"RST-Steel\" \/>\n<meta property=\"article:publisher\" content=\"https:\/\/www.facebook.com\/rststeel\" \/>\n<meta property=\"article:modified_time\" content=\"2026-03-16T06:19:14+00:00\" \/>\n<meta property=\"og:image\" content=\"https:\/\/com.rst-steel.eu\/wp-content\/uploads\/2025\/02\/f2c625b2d1c7128c6743ff3c60497fd279e725c5_DA0108JM.jpeg\" \/>\n\t<meta property=\"og:image:width\" content=\"1349\" \/>\n\t<meta property=\"og:image:height\" content=\"1788\" \/>\n\t<meta property=\"og:image:type\" content=\"image\/jpeg\" \/>\n<meta name=\"twitter:card\" content=\"summary_large_image\" \/>\n<meta name=\"twitter:label1\" content=\"Ansl. lesetid\" \/>\n\t<meta name=\"twitter:data1\" content=\"2 minutter\" \/>\n<script type=\"application\/ld+json\" class=\"yoast-schema-graph\">{\"@context\":\"https:\/\/schema.org\",\"@graph\":[{\"@type\":\"WebPage\",\"@id\":\"https:\/\/com.rst-steel.eu\/sv\/produkt\/bull-bar-freeway-daf-xf-xg-2022-_prm_72216\/\",\"url\":\"https:\/\/com.rst-steel.eu\/sv\/produkt\/bull-bar-freeway-daf-xf-xg-2022-_prm_72216\/\",\"name\":\"Bull Bar Freeway DAF XF\/XG 2022-, (Not for a road use) RST-Steel\",\"isPartOf\":{\"@id\":\"https:\/\/com.rst-steel.eu\/#website\"},\"primaryImageOfPage\":{\"@id\":\"https:\/\/com.rst-steel.eu\/sv\/produkt\/bull-bar-freeway-daf-xf-xg-2022-_prm_72216\/#primaryimage\"},\"image\":{\"@id\":\"https:\/\/com.rst-steel.eu\/sv\/produkt\/bull-bar-freeway-daf-xf-xg-2022-_prm_72216\/#primaryimage\"},\"thumbnailUrl\":\"https:\/\/com.rst-steel.eu\/wp-content\/uploads\/2025\/02\/f2c625b2d1c7128c6743ff3c60497fd279e725c5_DA0108JM.jpeg\",\"datePublished\":\"2025-02-21T14:16:22+00:00\",\"dateModified\":\"2026-03-16T06:19:14+00:00\",\"description\":\"Enhance your DAF XF\/XG (2022+) with the Bull Bar Freeway for added protection and a rugged look. Durable, stylish, and perfect for long road trips.\",\"breadcrumb\":{\"@id\":\"https:\/\/com.rst-steel.eu\/sv\/produkt\/bull-bar-freeway-daf-xf-xg-2022-_prm_72216\/#breadcrumb\"},\"inLanguage\":\"nb-NO\",\"potentialAction\":[{\"@type\":\"ReadAction\",\"target\":[\"https:\/\/com.rst-steel.eu\/sv\/produkt\/bull-bar-freeway-daf-xf-xg-2022-_prm_72216\/\"]}]},{\"@type\":\"ImageObject\",\"inLanguage\":\"nb-NO\",\"@id\":\"https:\/\/com.rst-steel.eu\/sv\/produkt\/bull-bar-freeway-daf-xf-xg-2022-_prm_72216\/#primaryimage\",\"url\":\"https:\/\/com.rst-steel.eu\/wp-content\/uploads\/2025\/02\/f2c625b2d1c7128c6743ff3c60497fd279e725c5_DA0108JM.jpeg\",\"contentUrl\":\"https:\/\/com.rst-steel.eu\/wp-content\/uploads\/2025\/02\/f2c625b2d1c7128c6743ff3c60497fd279e725c5_DA0108JM.jpeg\",\"width\":1349,\"height\":1788,\"caption\":\"Bull Bar Freeway DAF XF\/XG 2022-\"},{\"@type\":\"BreadcrumbList\",\"@id\":\"https:\/\/com.rst-steel.eu\/sv\/produkt\/bull-bar-freeway-daf-xf-xg-2022-_prm_72216\/#breadcrumb\",\"itemListElement\":[{\"@type\":\"ListItem\",\"position\":1,\"name\":\"Home\",\"item\":\"https:\/\/com.rst-steel.eu\/\"},{\"@type\":\"ListItem\",\"position\":2,\"name\":\"RST-Steel Shop\",\"item\":\"https:\/\/com.rst-steel.eu\/shop\/\"},{\"@type\":\"ListItem\",\"position\":3,\"name\":\"Bull Bar Freeway DAF XF\/XG 2022-, (Not for a road use)\"}]},{\"@type\":\"WebSite\",\"@id\":\"https:\/\/com.rst-steel.eu\/#website\",\"url\":\"https:\/\/com.rst-steel.eu\/\",\"name\":\"RST-Steel.com\",\"description\":\"Finnish quality steel, for quality-conscious drivers\",\"publisher\":{\"@id\":\"https:\/\/com.rst-steel.eu\/#organization\"},\"alternateName\":\"Safe and stylish RST-Steel quality\",\"potentialAction\":[{\"@type\":\"SearchAction\",\"target\":{\"@type\":\"EntryPoint\",\"urlTemplate\":\"https:\/\/com.rst-steel.eu\/?s={search_term_string}\"},\"query-input\":{\"@type\":\"PropertyValueSpecification\",\"valueRequired\":true,\"valueName\":\"search_term_string\"}}],\"inLanguage\":\"nb-NO\"},{\"@type\":\"Organization\",\"@id\":\"https:\/\/com.rst-steel.eu\/#organization\",\"name\":\"RST-Steel Oy\",\"url\":\"https:\/\/com.rst-steel.eu\/\",\"logo\":{\"@type\":\"ImageObject\",\"inLanguage\":\"nb-NO\",\"@id\":\"https:\/\/com.rst-steel.eu\/#\/schema\/logo\/image\/\",\"url\":\"https:\/\/com.rst-steel.eu\/wp-content\/uploads\/2023\/04\/cropped-Rst-logo-valkoinen-teksti-3.png\",\"contentUrl\":\"https:\/\/com.rst-steel.eu\/wp-content\/uploads\/2023\/04\/cropped-Rst-logo-valkoinen-teksti-3.png\",\"width\":512,\"height\":115,\"caption\":\"RST-Steel Oy\"},\"image\":{\"@id\":\"https:\/\/com.rst-steel.eu\/#\/schema\/logo\/image\/\"},\"sameAs\":[\"https:\/\/www.facebook.com\/rststeel\",\"https:\/\/www.instagram.com\/rststeeloy\/\"]}]}<\/script>\n<!-- \/ Yoast SEO plugin. -->","yoast_head_json":{"title":"Bull Bar Freeway DAF XF\/XG 2022-, (Not for a road use) RST-Steel","description":"Forbedre din DAF XF\/XG (2022+) med Bull Bar Freeway for ekstra beskyttelse og et robust utseende. Slitesterk, stilig og perfekt for lange bilturer.","robots":{"index":"index","follow":"follow","max-snippet":"max-snippet:-1","max-image-preview":"max-image-preview:large","max-video-preview":"max-video-preview:-1"},"canonical":"https:\/\/com.rst-steel.eu\/nb\/produkt\/bull-bar-freeway-daf-xf-xg-2022-_prm_72216\/","og_locale":"nb_NO","og_type":"article","og_title":"Bull Bar Freeway DAF XF\/XG 2022-, (Not for a road use) RST-Steel","og_description":"Enhance your DAF XF\/XG (2022+) with the Bull Bar Freeway for added protection and a rugged look. Durable, stylish, and perfect for long road trips.","og_url":"https:\/\/com.rst-steel.eu\/nb\/produkt\/bull-bar-freeway-daf-xf-xg-2022-_prm_72216\/","og_site_name":"RST-Steel","article_publisher":"https:\/\/www.facebook.com\/rststeel","article_modified_time":"2026-03-16T06:19:14+00:00","og_image":[{"width":1349,"height":1788,"url":"https:\/\/com.rst-steel.eu\/wp-content\/uploads\/2025\/02\/f2c625b2d1c7128c6743ff3c60497fd279e725c5_DA0108JM.jpeg","type":"image\/jpeg"}],"twitter_card":"summary_large_image","twitter_misc":{"Ansl. lesetid":"2 minutter"},"schema":{"@context":"https:\/\/schema.org","@graph":[{"@type":"WebPage","@id":"https:\/\/com.rst-steel.eu\/sv\/produkt\/bull-bar-freeway-daf-xf-xg-2022-_prm_72216\/","url":"https:\/\/com.rst-steel.eu\/sv\/produkt\/bull-bar-freeway-daf-xf-xg-2022-_prm_72216\/","name":"Bull Bar Freeway DAF XF\/XG 2022-, (Not for a road use) RST-Steel","isPartOf":{"@id":"https:\/\/com.rst-steel.eu\/#website"},"primaryImageOfPage":{"@id":"https:\/\/com.rst-steel.eu\/sv\/produkt\/bull-bar-freeway-daf-xf-xg-2022-_prm_72216\/#primaryimage"},"image":{"@id":"https:\/\/com.rst-steel.eu\/sv\/produkt\/bull-bar-freeway-daf-xf-xg-2022-_prm_72216\/#primaryimage"},"thumbnailUrl":"https:\/\/com.rst-steel.eu\/wp-content\/uploads\/2025\/02\/f2c625b2d1c7128c6743ff3c60497fd279e725c5_DA0108JM.jpeg","datePublished":"2025-02-21T14:16:22+00:00","dateModified":"2026-03-16T06:19:14+00:00","description":"Forbedre din DAF XF\/XG (2022+) med Bull Bar Freeway for ekstra beskyttelse og et robust utseende. Slitesterk, stilig og perfekt for lange bilturer.","breadcrumb":{"@id":"https:\/\/com.rst-steel.eu\/sv\/produkt\/bull-bar-freeway-daf-xf-xg-2022-_prm_72216\/#breadcrumb"},"inLanguage":"nb-NO","potentialAction":[{"@type":"ReadAction","target":["https:\/\/com.rst-steel.eu\/sv\/produkt\/bull-bar-freeway-daf-xf-xg-2022-_prm_72216\/"]}]},{"@type":"ImageObject","inLanguage":"nb-NO","@id":"https:\/\/com.rst-steel.eu\/sv\/produkt\/bull-bar-freeway-daf-xf-xg-2022-_prm_72216\/#primaryimage","url":"https:\/\/com.rst-steel.eu\/wp-content\/uploads\/2025\/02\/f2c625b2d1c7128c6743ff3c60497fd279e725c5_DA0108JM.jpeg","contentUrl":"https:\/\/com.rst-steel.eu\/wp-content\/uploads\/2025\/02\/f2c625b2d1c7128c6743ff3c60497fd279e725c5_DA0108JM.jpeg","width":1349,"height":1788,"caption":"Bull Bar Freeway DAF XF\/XG 2022-"},{"@type":"BreadcrumbList","@id":"https:\/\/com.rst-steel.eu\/sv\/produkt\/bull-bar-freeway-daf-xf-xg-2022-_prm_72216\/#breadcrumb","itemListElement":[{"@type":"ListItem","position":1,"name":"Home","item":"https:\/\/com.rst-steel.eu\/"},{"@type":"ListItem","position":2,"name":"RST-Steel Shop","item":"https:\/\/com.rst-steel.eu\/shop\/"},{"@type":"ListItem","position":3,"name":"Bull Bar Freeway DAF XF\/XG 2022-, (Not for a road use)"}]},{"@type":"WebSite","@id":"https:\/\/com.rst-steel.eu\/#website","url":"https:\/\/com.rst-steel.eu\/","name":"RST-Steel.com","description":"Finsk kvalitetsst\u00e5l, for kvalitetsbevisste sj\u00e5f\u00f8rer","publisher":{"@id":"https:\/\/com.rst-steel.eu\/#organization"},"alternateName":"Safe and stylish RST-Steel quality","potentialAction":[{"@type":"SearchAction","target":{"@type":"EntryPoint","urlTemplate":"https:\/\/com.rst-steel.eu\/?s={search_term_string}"},"query-input":{"@type":"PropertyValueSpecification","valueRequired":true,"valueName":"search_term_string"}}],"inLanguage":"nb-NO"},{"@type":"Organization","@id":"https:\/\/com.rst-steel.eu\/#organization","name":"RST-Steel Oy","url":"https:\/\/com.rst-steel.eu\/","logo":{"@type":"ImageObject","inLanguage":"nb-NO","@id":"https:\/\/com.rst-steel.eu\/#\/schema\/logo\/image\/","url":"https:\/\/com.rst-steel.eu\/wp-content\/uploads\/2023\/04\/cropped-Rst-logo-valkoinen-teksti-3.png","contentUrl":"https:\/\/com.rst-steel.eu\/wp-content\/uploads\/2023\/04\/cropped-Rst-logo-valkoinen-teksti-3.png","width":512,"height":115,"caption":"RST-Steel Oy"},"image":{"@id":"https:\/\/com.rst-steel.eu\/#\/schema\/logo\/image\/"},"sameAs":["https:\/\/www.facebook.com\/rststeel","https:\/\/www.instagram.com\/rststeeloy\/"]}]}},"brands":[{"id":8334,"name":"RST-Steel","slug":"brand_rststeel"}],"_links":{"self":[{"href":"https:\/\/com.rst-steel.eu\/nb\/wp-json\/wp\/v2\/product\/50209","targetHints":{"allow":["GET"]}}],"collection":[{"href":"https:\/\/com.rst-steel.eu\/nb\/wp-json\/wp\/v2\/product"}],"about":[{"href":"https:\/\/com.rst-steel.eu\/nb\/wp-json\/wp\/v2\/types\/product"}],"replies":[{"embeddable":true,"href":"https:\/\/com.rst-steel.eu\/nb\/wp-json\/wp\/v2\/comments?post=50209"}],"version-history":[{"count":0,"href":"https:\/\/com.rst-steel.eu\/nb\/wp-json\/wp\/v2\/product\/50209\/revisions"}],"wp:featuredmedia":[{"embeddable":true,"href":"https:\/\/com.rst-steel.eu\/nb\/wp-json\/wp\/v2\/media\/50208"}],"wp:attachment":[{"href":"https:\/\/com.rst-steel.eu\/nb\/wp-json\/wp\/v2\/media?parent=50209"}],"wp:term":[{"taxonomy":"make_fuel_type","embeddable":true,"href":"https:\/\/com.rst-steel.eu\/nb\/wp-json\/wp\/v2\/make_fuel_type?post=50209"},{"taxonomy":"make_model","embeddable":true,"href":"https:\/\/com.rst-steel.eu\/nb\/wp-json\/wp\/v2\/make_model?post=50209"},{"taxonomy":"make_brand","embeddable":true,"href":"https:\/\/com.rst-steel.eu\/nb\/wp-json\/wp\/v2\/make_brand?post=50209"},{"taxonomy":"make_year","embeddable":true,"href":"https:\/\/com.rst-steel.eu\/nb\/wp-json\/wp\/v2\/make_year?post=50209"},{"taxonomy":"pwb-brand","embeddable":true,"href":"https:\/\/com.rst-steel.eu\/nb\/wp-json\/wp\/v2\/pwb-brand?post=50209"},{"taxonomy":"product_brand","embeddable":true,"href":"https:\/\/com.rst-steel.eu\/nb\/wp-json\/wp\/v2\/product_brand?post=50209"},{"taxonomy":"product_cat","embeddable":true,"href":"https:\/\/com.rst-steel.eu\/nb\/wp-json\/wp\/v2\/product_cat?post=50209"},{"taxonomy":"product_tag","embeddable":true,"href":"https:\/\/com.rst-steel.eu\/nb\/wp-json\/wp\/v2\/product_tag?post=50209"}],"curies":[{"name":"wp","href":"https:\/\/api.w.org\/{rel}","templated":true}]}}