{"id":49970,"date":"2025-01-31T15:14:59","date_gmt":"2025-01-31T12:14:59","guid":{"rendered":"https:\/\/rst-steel.com\/product\/decorative-pipe-for-upper-wind-deflector-scania-nextgen-2017-k5s45_prm_66071\/"},"modified":"2026-03-16T09:21:18","modified_gmt":"2026-03-16T06:21:18","slug":"dekorativt-ror-for-ovre-vindavviser-scania-nextgen-2017-k5s45_prm_66071","status":"publish","type":"product","link":"https:\/\/com.rst-steel.eu\/nb\/produkt\/dekorativt-ror-for-ovre-vindavviser-scania-nextgen-2017-k5s45_prm_66071\/","title":{"rendered":"Dekorativt r\u00f8r for \u00f8vre vindavviser - Scania NextGen 2017- (K5S45)"},"content":{"rendered":"<p><strong>Dekorativt r\u00f8r for \u00f8vre vindavviser - Scania NextGen 2017- (K5S45)<\/strong><\/p>\n<ul>\n<li><strong><br \/><\/strong><\/li>\n<\/ul>\n<p>Forbedre utseendet p\u00e5 din Scania NextGen 2017+ lastebil med RST-Steels h\u00f8ykvalitets dekorr\u00f8r for den \u00f8vre vindavviseren. Dette stilige og slitesterke dekorr\u00f8ret er spesielt utviklet for Scania NextGen-modeller, noe som sikrer perfekt passform og gir lastebilen din et raffinert og profesjonelt utseende.<\/p>\n<ul>\n<li><\/li>\n<\/ul>\n<p>Dette dekorative r\u00f8ret er laget av rustfritt st\u00e5l av h\u00f8y kvalitet, og er ikke bare flott \u00e5 se p\u00e5, det er ogs\u00e5 bygget for \u00e5 t\u00e5le de t\u00f8ffeste forhold. Den enkle og raske monteringen gj\u00f8r det enkelt \u00e5 oppgradere lastebilen din.<\/p>\n<ul>\n<li><\/li>\n<\/ul>\n<h3>Tekniske spesifikasjoner:<\/h3>\n<ul>\n<li><strong>Farge:<\/strong> Polert rustfritt st\u00e5l eller lakkert i standard RAL-farger<\/li>\n<li><strong>R\u00f8rdiameter:<\/strong> 60 mm<\/li>\n<li><\/li>\n<\/ul>\n<h3>Inkludert i pakken:<\/h3>\n<\/p>\n<ul>\n<li>Dekorativt r\u00f8r<\/li>\n<li>Monteringsbraketter<\/li>\n<li>Installasjonsinstruksjoner<\/li>\n<\/ul>","protected":false},"excerpt":{"rendered":"<div>Flere modellalternativer tilgjengelig!<\/div>\n<div><\/div>","protected":false},"featured_media":49969,"comment_status":"open","ping_status":"closed","template":"","meta":{"_improvement_type_select":"improve_an_existing","_thumb_yes_seoaic":false,"_frame_yes_seoaic":false,"seoaic_generate_description":"","seoaic_improve_instructions_prompt":"","seoaic_rollback_content_improvement":"","seoaic_idea_thumbnail_generator":"","thumbnail_generated":false,"thumbnail_generate_prompt":"","seoaic_article_description":""},"make_fuel_type":[],"make_model":[],"make_brand":[3744],"make_year":[3748],"pwb-brand":[8334],"product_brand":[],"product_cat":[6057,6061,7189],"product_tag":[8488,8494],"class_list":{"0":"post-49970","1":"product","2":"type-product","3":"status-publish","4":"has-post-thumbnail","6":"make_brand-scania","7":"make_year-trucks","8":"pwb-brand-brand_rststeel","9":"product_cat-lightbars","10":"product_cat-work-light-bars-for-trucks","11":"product_cat-scania-ka-tk","12":"product_tag-scania","13":"product_tag-scania-nextgen","15":"first","16":"instock","17":"taxable","18":"shipping-taxable","19":"purchasable","20":"product-type-variable"},"yoast_head":"<!-- This site is optimized with the Yoast SEO plugin v25.7 - https:\/\/yoast.com\/wordpress\/plugins\/seo\/ -->\n<title>Decorative Pipe for Upper Wind Deflector \u2013 Scania NextGen 2017- (K5S45) - RST-Steel<\/title>\n<meta name=\"robots\" content=\"index, follow, max-snippet:-1, max-image-preview:large, max-video-preview:-1\" \/>\n<link rel=\"canonical\" href=\"https:\/\/com.rst-steel.eu\/nb\/produkt\/dekorativt-ror-for-ovre-vindavviser-scania-nextgen-2017-k5s45_prm_66071\/\" \/>\n<meta property=\"og:locale\" content=\"nb_NO\" \/>\n<meta property=\"og:type\" content=\"article\" \/>\n<meta property=\"og:title\" content=\"Decorative Pipe for Upper Wind Deflector \u2013 Scania NextGen 2017- (K5S45) - RST-Steel\" \/>\n<meta property=\"og:description\" content=\"Several model options available!\" \/>\n<meta property=\"og:url\" content=\"https:\/\/com.rst-steel.eu\/nb\/produkt\/dekorativt-ror-for-ovre-vindavviser-scania-nextgen-2017-k5s45_prm_66071\/\" \/>\n<meta property=\"og:site_name\" content=\"RST-Steel\" \/>\n<meta property=\"article:publisher\" content=\"https:\/\/www.facebook.com\/rststeel\" \/>\n<meta property=\"article:modified_time\" content=\"2026-03-16T06:21:18+00:00\" \/>\n<meta property=\"og:image\" content=\"https:\/\/com.rst-steel.eu\/wp-content\/uploads\/2025\/01\/bba87a66f5dc949b4e887d6815a06b12b5b42bd3_828b3bb9_2c99_4af0_b36e_86199447aa98.jpg\" \/>\n\t<meta property=\"og:image:width\" content=\"1200\" \/>\n\t<meta property=\"og:image:height\" content=\"1600\" \/>\n\t<meta property=\"og:image:type\" content=\"image\/jpeg\" \/>\n<meta name=\"twitter:card\" content=\"summary_large_image\" \/>\n<meta name=\"twitter:label1\" content=\"Ansl. lesetid\" \/>\n\t<meta name=\"twitter:data1\" content=\"1 minutt\" \/>\n<script type=\"application\/ld+json\" class=\"yoast-schema-graph\">{\"@context\":\"https:\/\/schema.org\",\"@graph\":[{\"@type\":\"WebPage\",\"@id\":\"https:\/\/com.rst-steel.eu\/sv\/produkt\/dekorativt-ror-for-ovre-vindavvisare-scania-nextgen-2017-k5s45_prm_66071\/\",\"url\":\"https:\/\/com.rst-steel.eu\/sv\/produkt\/dekorativt-ror-for-ovre-vindavvisare-scania-nextgen-2017-k5s45_prm_66071\/\",\"name\":\"Decorative Pipe for Upper Wind Deflector \u2013 Scania NextGen 2017- (K5S45) - RST-Steel\",\"isPartOf\":{\"@id\":\"https:\/\/com.rst-steel.eu\/#website\"},\"primaryImageOfPage\":{\"@id\":\"https:\/\/com.rst-steel.eu\/sv\/produkt\/dekorativt-ror-for-ovre-vindavvisare-scania-nextgen-2017-k5s45_prm_66071\/#primaryimage\"},\"image\":{\"@id\":\"https:\/\/com.rst-steel.eu\/sv\/produkt\/dekorativt-ror-for-ovre-vindavvisare-scania-nextgen-2017-k5s45_prm_66071\/#primaryimage\"},\"thumbnailUrl\":\"https:\/\/com.rst-steel.eu\/wp-content\/uploads\/2025\/01\/bba87a66f5dc949b4e887d6815a06b12b5b42bd3_828b3bb9_2c99_4af0_b36e_86199447aa98.jpg\",\"datePublished\":\"2025-01-31T12:14:59+00:00\",\"dateModified\":\"2026-03-16T06:21:18+00:00\",\"breadcrumb\":{\"@id\":\"https:\/\/com.rst-steel.eu\/sv\/produkt\/dekorativt-ror-for-ovre-vindavvisare-scania-nextgen-2017-k5s45_prm_66071\/#breadcrumb\"},\"inLanguage\":\"nb-NO\",\"potentialAction\":[{\"@type\":\"ReadAction\",\"target\":[\"https:\/\/com.rst-steel.eu\/sv\/produkt\/dekorativt-ror-for-ovre-vindavvisare-scania-nextgen-2017-k5s45_prm_66071\/\"]}]},{\"@type\":\"ImageObject\",\"inLanguage\":\"nb-NO\",\"@id\":\"https:\/\/com.rst-steel.eu\/sv\/produkt\/dekorativt-ror-for-ovre-vindavvisare-scania-nextgen-2017-k5s45_prm_66071\/#primaryimage\",\"url\":\"https:\/\/com.rst-steel.eu\/wp-content\/uploads\/2025\/01\/bba87a66f5dc949b4e887d6815a06b12b5b42bd3_828b3bb9_2c99_4af0_b36e_86199447aa98.jpg\",\"contentUrl\":\"https:\/\/com.rst-steel.eu\/wp-content\/uploads\/2025\/01\/bba87a66f5dc949b4e887d6815a06b12b5b42bd3_828b3bb9_2c99_4af0_b36e_86199447aa98.jpg\",\"width\":1200,\"height\":1600,\"caption\":\"Decorative Pipe for Upper Wind Deflector \u2013 Scania NextGen 2017- (K5S45)\"},{\"@type\":\"BreadcrumbList\",\"@id\":\"https:\/\/com.rst-steel.eu\/sv\/produkt\/dekorativt-ror-for-ovre-vindavvisare-scania-nextgen-2017-k5s45_prm_66071\/#breadcrumb\",\"itemListElement\":[{\"@type\":\"ListItem\",\"position\":1,\"name\":\"Home\",\"item\":\"https:\/\/com.rst-steel.eu\/\"},{\"@type\":\"ListItem\",\"position\":2,\"name\":\"RST-Steel Shop\",\"item\":\"https:\/\/com.rst-steel.eu\/shop\/\"},{\"@type\":\"ListItem\",\"position\":3,\"name\":\"Decorative Pipe for Upper Wind Deflector \u2013 Scania NextGen 2017- (K5S45)\"}]},{\"@type\":\"WebSite\",\"@id\":\"https:\/\/com.rst-steel.eu\/#website\",\"url\":\"https:\/\/com.rst-steel.eu\/\",\"name\":\"RST-Steel.com\",\"description\":\"Finnish quality steel, for quality-conscious drivers\",\"publisher\":{\"@id\":\"https:\/\/com.rst-steel.eu\/#organization\"},\"alternateName\":\"Safe and stylish RST-Steel quality\",\"potentialAction\":[{\"@type\":\"SearchAction\",\"target\":{\"@type\":\"EntryPoint\",\"urlTemplate\":\"https:\/\/com.rst-steel.eu\/?s={search_term_string}\"},\"query-input\":{\"@type\":\"PropertyValueSpecification\",\"valueRequired\":true,\"valueName\":\"search_term_string\"}}],\"inLanguage\":\"nb-NO\"},{\"@type\":\"Organization\",\"@id\":\"https:\/\/com.rst-steel.eu\/#organization\",\"name\":\"RST-Steel Oy\",\"url\":\"https:\/\/com.rst-steel.eu\/\",\"logo\":{\"@type\":\"ImageObject\",\"inLanguage\":\"nb-NO\",\"@id\":\"https:\/\/com.rst-steel.eu\/#\/schema\/logo\/image\/\",\"url\":\"https:\/\/com.rst-steel.eu\/wp-content\/uploads\/2023\/04\/cropped-Rst-logo-valkoinen-teksti-3.png\",\"contentUrl\":\"https:\/\/com.rst-steel.eu\/wp-content\/uploads\/2023\/04\/cropped-Rst-logo-valkoinen-teksti-3.png\",\"width\":512,\"height\":115,\"caption\":\"RST-Steel Oy\"},\"image\":{\"@id\":\"https:\/\/com.rst-steel.eu\/#\/schema\/logo\/image\/\"},\"sameAs\":[\"https:\/\/www.facebook.com\/rststeel\",\"https:\/\/www.instagram.com\/rststeeloy\/\"]}]}<\/script>\n<!-- \/ Yoast SEO plugin. -->","yoast_head_json":{"title":"Dekorativt r\u00f8r for \u00f8vre vindavviser - Scania NextGen 2017- (K5S45) - RST-Steel","robots":{"index":"index","follow":"follow","max-snippet":"max-snippet:-1","max-image-preview":"max-image-preview:large","max-video-preview":"max-video-preview:-1"},"canonical":"https:\/\/com.rst-steel.eu\/nb\/produkt\/dekorativt-ror-for-ovre-vindavviser-scania-nextgen-2017-k5s45_prm_66071\/","og_locale":"nb_NO","og_type":"article","og_title":"Decorative Pipe for Upper Wind Deflector \u2013 Scania NextGen 2017- (K5S45) - RST-Steel","og_description":"Several model options available!","og_url":"https:\/\/com.rst-steel.eu\/nb\/produkt\/dekorativt-ror-for-ovre-vindavviser-scania-nextgen-2017-k5s45_prm_66071\/","og_site_name":"RST-Steel","article_publisher":"https:\/\/www.facebook.com\/rststeel","article_modified_time":"2026-03-16T06:21:18+00:00","og_image":[{"width":1200,"height":1600,"url":"https:\/\/com.rst-steel.eu\/wp-content\/uploads\/2025\/01\/bba87a66f5dc949b4e887d6815a06b12b5b42bd3_828b3bb9_2c99_4af0_b36e_86199447aa98.jpg","type":"image\/jpeg"}],"twitter_card":"summary_large_image","twitter_misc":{"Ansl. lesetid":"1 minutt"},"schema":{"@context":"https:\/\/schema.org","@graph":[{"@type":"WebPage","@id":"https:\/\/com.rst-steel.eu\/sv\/produkt\/dekorativt-ror-for-ovre-vindavvisare-scania-nextgen-2017-k5s45_prm_66071\/","url":"https:\/\/com.rst-steel.eu\/sv\/produkt\/dekorativt-ror-for-ovre-vindavvisare-scania-nextgen-2017-k5s45_prm_66071\/","name":"Dekorativt r\u00f8r for \u00f8vre vindavviser - Scania NextGen 2017- (K5S45) - RST-Steel","isPartOf":{"@id":"https:\/\/com.rst-steel.eu\/#website"},"primaryImageOfPage":{"@id":"https:\/\/com.rst-steel.eu\/sv\/produkt\/dekorativt-ror-for-ovre-vindavvisare-scania-nextgen-2017-k5s45_prm_66071\/#primaryimage"},"image":{"@id":"https:\/\/com.rst-steel.eu\/sv\/produkt\/dekorativt-ror-for-ovre-vindavvisare-scania-nextgen-2017-k5s45_prm_66071\/#primaryimage"},"thumbnailUrl":"https:\/\/com.rst-steel.eu\/wp-content\/uploads\/2025\/01\/bba87a66f5dc949b4e887d6815a06b12b5b42bd3_828b3bb9_2c99_4af0_b36e_86199447aa98.jpg","datePublished":"2025-01-31T12:14:59+00:00","dateModified":"2026-03-16T06:21:18+00:00","breadcrumb":{"@id":"https:\/\/com.rst-steel.eu\/sv\/produkt\/dekorativt-ror-for-ovre-vindavvisare-scania-nextgen-2017-k5s45_prm_66071\/#breadcrumb"},"inLanguage":"nb-NO","potentialAction":[{"@type":"ReadAction","target":["https:\/\/com.rst-steel.eu\/sv\/produkt\/dekorativt-ror-for-ovre-vindavvisare-scania-nextgen-2017-k5s45_prm_66071\/"]}]},{"@type":"ImageObject","inLanguage":"nb-NO","@id":"https:\/\/com.rst-steel.eu\/sv\/produkt\/dekorativt-ror-for-ovre-vindavvisare-scania-nextgen-2017-k5s45_prm_66071\/#primaryimage","url":"https:\/\/com.rst-steel.eu\/wp-content\/uploads\/2025\/01\/bba87a66f5dc949b4e887d6815a06b12b5b42bd3_828b3bb9_2c99_4af0_b36e_86199447aa98.jpg","contentUrl":"https:\/\/com.rst-steel.eu\/wp-content\/uploads\/2025\/01\/bba87a66f5dc949b4e887d6815a06b12b5b42bd3_828b3bb9_2c99_4af0_b36e_86199447aa98.jpg","width":1200,"height":1600,"caption":"Decorative Pipe for Upper Wind Deflector \u2013 Scania NextGen 2017- (K5S45)"},{"@type":"BreadcrumbList","@id":"https:\/\/com.rst-steel.eu\/sv\/produkt\/dekorativt-ror-for-ovre-vindavvisare-scania-nextgen-2017-k5s45_prm_66071\/#breadcrumb","itemListElement":[{"@type":"ListItem","position":1,"name":"Home","item":"https:\/\/com.rst-steel.eu\/"},{"@type":"ListItem","position":2,"name":"RST-Steel Shop","item":"https:\/\/com.rst-steel.eu\/shop\/"},{"@type":"ListItem","position":3,"name":"Decorative Pipe for Upper Wind Deflector \u2013 Scania NextGen 2017- (K5S45)"}]},{"@type":"WebSite","@id":"https:\/\/com.rst-steel.eu\/#website","url":"https:\/\/com.rst-steel.eu\/","name":"RST-Steel.com","description":"Finsk kvalitetsst\u00e5l, for kvalitetsbevisste sj\u00e5f\u00f8rer","publisher":{"@id":"https:\/\/com.rst-steel.eu\/#organization"},"alternateName":"Safe and stylish RST-Steel quality","potentialAction":[{"@type":"SearchAction","target":{"@type":"EntryPoint","urlTemplate":"https:\/\/com.rst-steel.eu\/?s={search_term_string}"},"query-input":{"@type":"PropertyValueSpecification","valueRequired":true,"valueName":"search_term_string"}}],"inLanguage":"nb-NO"},{"@type":"Organization","@id":"https:\/\/com.rst-steel.eu\/#organization","name":"RST-Steel Oy","url":"https:\/\/com.rst-steel.eu\/","logo":{"@type":"ImageObject","inLanguage":"nb-NO","@id":"https:\/\/com.rst-steel.eu\/#\/schema\/logo\/image\/","url":"https:\/\/com.rst-steel.eu\/wp-content\/uploads\/2023\/04\/cropped-Rst-logo-valkoinen-teksti-3.png","contentUrl":"https:\/\/com.rst-steel.eu\/wp-content\/uploads\/2023\/04\/cropped-Rst-logo-valkoinen-teksti-3.png","width":512,"height":115,"caption":"RST-Steel Oy"},"image":{"@id":"https:\/\/com.rst-steel.eu\/#\/schema\/logo\/image\/"},"sameAs":["https:\/\/www.facebook.com\/rststeel","https:\/\/www.instagram.com\/rststeeloy\/"]}]}},"brands":[{"id":8334,"name":"RST-Steel","slug":"brand_rststeel"}],"_links":{"self":[{"href":"https:\/\/com.rst-steel.eu\/nb\/wp-json\/wp\/v2\/product\/49970","targetHints":{"allow":["GET"]}}],"collection":[{"href":"https:\/\/com.rst-steel.eu\/nb\/wp-json\/wp\/v2\/product"}],"about":[{"href":"https:\/\/com.rst-steel.eu\/nb\/wp-json\/wp\/v2\/types\/product"}],"replies":[{"embeddable":true,"href":"https:\/\/com.rst-steel.eu\/nb\/wp-json\/wp\/v2\/comments?post=49970"}],"version-history":[{"count":0,"href":"https:\/\/com.rst-steel.eu\/nb\/wp-json\/wp\/v2\/product\/49970\/revisions"}],"wp:featuredmedia":[{"embeddable":true,"href":"https:\/\/com.rst-steel.eu\/nb\/wp-json\/wp\/v2\/media\/49969"}],"wp:attachment":[{"href":"https:\/\/com.rst-steel.eu\/nb\/wp-json\/wp\/v2\/media?parent=49970"}],"wp:term":[{"taxonomy":"make_fuel_type","embeddable":true,"href":"https:\/\/com.rst-steel.eu\/nb\/wp-json\/wp\/v2\/make_fuel_type?post=49970"},{"taxonomy":"make_model","embeddable":true,"href":"https:\/\/com.rst-steel.eu\/nb\/wp-json\/wp\/v2\/make_model?post=49970"},{"taxonomy":"make_brand","embeddable":true,"href":"https:\/\/com.rst-steel.eu\/nb\/wp-json\/wp\/v2\/make_brand?post=49970"},{"taxonomy":"make_year","embeddable":true,"href":"https:\/\/com.rst-steel.eu\/nb\/wp-json\/wp\/v2\/make_year?post=49970"},{"taxonomy":"pwb-brand","embeddable":true,"href":"https:\/\/com.rst-steel.eu\/nb\/wp-json\/wp\/v2\/pwb-brand?post=49970"},{"taxonomy":"product_brand","embeddable":true,"href":"https:\/\/com.rst-steel.eu\/nb\/wp-json\/wp\/v2\/product_brand?post=49970"},{"taxonomy":"product_cat","embeddable":true,"href":"https:\/\/com.rst-steel.eu\/nb\/wp-json\/wp\/v2\/product_cat?post=49970"},{"taxonomy":"product_tag","embeddable":true,"href":"https:\/\/com.rst-steel.eu\/nb\/wp-json\/wp\/v2\/product_tag?post=49970"}],"curies":[{"name":"wp","href":"https:\/\/api.w.org\/{rel}","templated":true}]}}