{"id":49866,"date":"2025-01-24T14:07:22","date_gmt":"2025-01-24T11:07:22","guid":{"rendered":"https:\/\/rst-steel.com\/product\/lisavaloteline-maskiin-scania-touring-linja-auto-k410-2014-_prm_71917\/"},"modified":"2026-03-16T09:18:05","modified_gmt":"2026-03-16T06:18:05","slug":"frontlysbjelke-for-scania-touringbuss-k410-2014-_prm_71917","status":"publish","type":"product","link":"https:\/\/com.rst-steel.eu\/nb\/produkt\/frontlysbjelke-for-scania-touringbuss-k410-2014-_prm_71917\/","title":{"rendered":"Frontlyktb\u00f8yle for Scania Touring Bus K410 (2014-)"},"content":{"rendered":"<p><strong>Frontlyktb\u00f8yle for Scania Touring Bus K410 (2014-)<\/strong><\/p>\n<p><strong><br \/><\/strong><\/p>\n<p>Trenger du en p\u00e5litelig og stilig l\u00f8sning for montering av ekstra lys p\u00e5 bussen din?<\/p>\n<p><\/p>\n<p>V\u00e5r lyktestolpe foran er spesialdesignet for \u00e5 m\u00f8te dine behov, og tilbyr uovertruffen p\u00e5litelighet, holdbarhet og stil for selv de mest krevende forhold!<\/p>\n<p><\/p>\n<p>RST-Steels lysbjelker er f\u00f8rsteklasses finske n\u00f8kkelflaggprodukter laget av rustfritt st\u00e5l. Lysbjelken fremhever hyttens slanke linjer og gj\u00f8r det mulig \u00e5 montere Lazer-lys for \u00e5 forbedre sikkerheten.<\/p>\n<p><\/p>\n<p>Denne modellen har plass til for eksempel 4 Lazer Sentinel 9\u2033-lys eller 1 Lazer Linear 36-lyspanel.<\/p>\n<p><\/p>\n<p><strong>Egenskaper:<\/strong><\/p>\n<ul>\n<li><strong>Compatibility:<\/strong> Utviklet spesielt for Scania Touring K410-busser (2014 og nyere modeller), noe som sikrer rask og problemfri montering.<\/li>\n<li><strong>Holdbarhet:<\/strong> Den er laget av rustfritt st\u00e5l av h\u00f8y kvalitet og t\u00e5ler selv de t\u00f8ffeste forhold.<\/li>\n<li><strong>Stylish Design:<\/strong> Gir kj\u00f8ret\u00f8yet ditt et moderne, dynamisk utseende med sin str\u00f8mlinjeformede design og polerte eller lakkerte st\u00e5lfinish, noe som gj\u00f8r at bussen din skiller seg ut.<\/li>\n<li><strong>Light Installation:<\/strong> Monter enkelt flere ekstra lykter for \u00e5 forbedre bilens lysytelse.<\/li>\n<li><strong>Sikkerhet:<\/strong> Forbedrer sikten i m\u00f8rke og under vanskelige kj\u00f8reforhold, noe som \u00f8ker sikkerheten for b\u00e5de f\u00f8reren og andre trafikanter.<\/li>\n<\/ul>\n<p><\/p>\n<ul>\n<\/ul>\n<p><strong>Hvorfor velge RST-Steel?<\/strong><\/p>\n<ul>\n<li><strong>Reliability:<\/strong> Flere ti\u00e5r med erfaring og ekspertise garanterer h\u00f8y kvalitet og lang levetid for produktene v\u00e5re.<\/li>\n<li><strong>Kundetilfredshet:<\/strong> Tusenvis av forn\u00f8yde kunder over hele verden stoler p\u00e5 RST-Steel-produkter.<\/li>\n<\/ul>\n<p><\/p>\n<ul>\n<\/ul>\n<p><strong>Spesifikasjoner:<\/strong><\/p>\n<ul>\n<li><strong>Farge:<\/strong> Polert rustfritt st\u00e5l eller lakkert i RAL-basisfarger<\/li>\n<li><strong>Pipe Diameter:<\/strong> 76 mm<\/li>\n<li><strong>Lysfester:<\/strong> 4 lysbraketter<\/li>\n<\/ul>\n<p><\/p>\n<ul>\n<\/ul>\n<p><strong>Innhold:<\/strong><\/p>\n<ul>\n<li>Frontlyktb\u00f8yle for Scania Touring K410<\/li>\n<li>Monteringsbraketter kreves for installasjon<\/li>\n<li>Installasjonsinstruksjoner<\/li>\n<\/ul>\n<p><\/p>\n<ul>\n<\/ul>\n<p>Bestill n\u00e5 og forbedre synligheten og sikkerheten din med en stilig og holdbar lysbjelke fra RST-Steel!<\/p>","protected":false},"excerpt":{"rendered":"<p>Forbedre synligheten og sikkerheten med en frontlyktstang av h\u00f8y kvalitet!<\/p>","protected":false},"featured_media":49912,"comment_status":"open","ping_status":"closed","template":"","meta":{"_improvement_type_select":"improve_an_existing","_thumb_yes_seoaic":false,"_frame_yes_seoaic":false,"seoaic_generate_description":"","seoaic_improve_instructions_prompt":"","seoaic_rollback_content_improvement":"","seoaic_idea_thumbnail_generator":"","thumbnail_generated":false,"thumbnail_generate_prompt":"","seoaic_article_description":""},"make_fuel_type":[],"make_model":[],"make_brand":[],"make_year":[],"pwb-brand":[8334],"product_brand":[],"product_cat":[7466,7468],"product_tag":[8488],"class_list":{"0":"post-49866","1":"product","2":"type-product","3":"status-publish","4":"has-post-thumbnail","6":"pwb-brand-brand_rststeel","7":"product_cat-acc-for-bus","8":"product_cat-frontlightbar-bus","9":"product_tag-scania","10":"product_shipping_class-lightbars","12":"first","13":"instock","14":"taxable","15":"shipping-taxable","16":"purchasable","17":"product-type-variable"},"yoast_head":"<!-- This site is optimized with the Yoast SEO plugin v25.7 - https:\/\/yoast.com\/wordpress\/plugins\/seo\/ -->\n<title>Front Light Bar for Scania Touring Bus K410 (2014-) - RST-Steel<\/title>\n<meta name=\"description\" content=\"Front light bar for Scania Touring K410 (2014+). Durable, stylish, and easy to install. Improves visibility and safety. Mounting kit included.\" \/>\n<meta name=\"robots\" content=\"index, follow, max-snippet:-1, max-image-preview:large, max-video-preview:-1\" \/>\n<link rel=\"canonical\" href=\"https:\/\/com.rst-steel.eu\/nb\/produkt\/frontlysbjelke-for-scania-touringbuss-k410-2014-_prm_71917\/\" \/>\n<meta property=\"og:locale\" content=\"nb_NO\" \/>\n<meta property=\"og:type\" content=\"article\" \/>\n<meta property=\"og:title\" content=\"Front Light Bar for Scania Touring Bus K410 (2014-) - RST-Steel\" \/>\n<meta property=\"og:description\" content=\"Front light bar for Scania Touring K410 (2014+). Durable, stylish, and easy to install. Improves visibility and safety. Mounting kit included.\" \/>\n<meta property=\"og:url\" content=\"https:\/\/com.rst-steel.eu\/nb\/produkt\/frontlysbjelke-for-scania-touringbuss-k410-2014-_prm_71917\/\" \/>\n<meta property=\"og:site_name\" content=\"RST-Steel\" \/>\n<meta property=\"article:publisher\" content=\"https:\/\/www.facebook.com\/rststeel\" \/>\n<meta property=\"article:modified_time\" content=\"2026-03-16T06:18:05+00:00\" \/>\n<meta property=\"og:image\" content=\"https:\/\/com.rst-steel.eu\/wp-content\/uploads\/2025\/01\/14ae7483f97f57f604c2a817d2dfb7886c4023ba_SC2217B_tuotekuva_odoon.jpg\" \/>\n\t<meta property=\"og:image:width\" content=\"1920\" \/>\n\t<meta property=\"og:image:height\" content=\"950\" \/>\n\t<meta property=\"og:image:type\" content=\"image\/jpeg\" \/>\n<meta name=\"twitter:card\" content=\"summary_large_image\" \/>\n<meta name=\"twitter:label1\" content=\"Ansl. lesetid\" \/>\n\t<meta name=\"twitter:data1\" content=\"2 minutter\" \/>\n<script type=\"application\/ld+json\" class=\"yoast-schema-graph\">{\"@context\":\"https:\/\/schema.org\",\"@graph\":[{\"@type\":\"WebPage\",\"@id\":\"https:\/\/com.rst-steel.eu\/nb\/produkt\/frontlysbjelke-for-scania-touringbuss-k410-2014-_prm_71917\/\",\"url\":\"https:\/\/com.rst-steel.eu\/nb\/produkt\/frontlysbjelke-for-scania-touringbuss-k410-2014-_prm_71917\/\",\"name\":\"Front Light Bar for Scania Touring Bus K410 (2014-) - RST-Steel\",\"isPartOf\":{\"@id\":\"https:\/\/com.rst-steel.eu\/#website\"},\"primaryImageOfPage\":{\"@id\":\"https:\/\/com.rst-steel.eu\/nb\/produkt\/frontlysbjelke-for-scania-touringbuss-k410-2014-_prm_71917\/#primaryimage\"},\"image\":{\"@id\":\"https:\/\/com.rst-steel.eu\/nb\/produkt\/frontlysbjelke-for-scania-touringbuss-k410-2014-_prm_71917\/#primaryimage\"},\"thumbnailUrl\":\"https:\/\/com.rst-steel.eu\/wp-content\/uploads\/2025\/01\/14ae7483f97f57f604c2a817d2dfb7886c4023ba_SC2217B_tuotekuva_odoon.jpg\",\"datePublished\":\"2025-01-24T11:07:22+00:00\",\"dateModified\":\"2026-03-16T06:18:05+00:00\",\"description\":\"Front light bar for Scania Touring K410 (2014+). Durable, stylish, and easy to install. Improves visibility and safety. Mounting kit included.\",\"breadcrumb\":{\"@id\":\"https:\/\/com.rst-steel.eu\/nb\/produkt\/frontlysbjelke-for-scania-touringbuss-k410-2014-_prm_71917\/#breadcrumb\"},\"inLanguage\":\"nb-NO\",\"potentialAction\":[{\"@type\":\"ReadAction\",\"target\":[\"https:\/\/com.rst-steel.eu\/nb\/produkt\/frontlysbjelke-for-scania-touringbuss-k410-2014-_prm_71917\/\"]}]},{\"@type\":\"ImageObject\",\"inLanguage\":\"nb-NO\",\"@id\":\"https:\/\/com.rst-steel.eu\/nb\/produkt\/frontlysbjelke-for-scania-touringbuss-k410-2014-_prm_71917\/#primaryimage\",\"url\":\"https:\/\/com.rst-steel.eu\/wp-content\/uploads\/2025\/01\/14ae7483f97f57f604c2a817d2dfb7886c4023ba_SC2217B_tuotekuva_odoon.jpg\",\"contentUrl\":\"https:\/\/com.rst-steel.eu\/wp-content\/uploads\/2025\/01\/14ae7483f97f57f604c2a817d2dfb7886c4023ba_SC2217B_tuotekuva_odoon.jpg\",\"width\":1920,\"height\":950,\"caption\":\"Front Light Bar for Scania Touring Bus K410 (2014-)\"},{\"@type\":\"BreadcrumbList\",\"@id\":\"https:\/\/com.rst-steel.eu\/nb\/produkt\/frontlysbjelke-for-scania-touringbuss-k410-2014-_prm_71917\/#breadcrumb\",\"itemListElement\":[{\"@type\":\"ListItem\",\"position\":1,\"name\":\"Home\",\"item\":\"https:\/\/com.rst-steel.eu\/\"},{\"@type\":\"ListItem\",\"position\":2,\"name\":\"RST-Steel Shop\",\"item\":\"https:\/\/com.rst-steel.eu\/shop\/\"},{\"@type\":\"ListItem\",\"position\":3,\"name\":\"Front Light Bar for Scania Touring Bus K410 (2014-)\"}]},{\"@type\":\"WebSite\",\"@id\":\"https:\/\/com.rst-steel.eu\/#website\",\"url\":\"https:\/\/com.rst-steel.eu\/\",\"name\":\"RST-Steel.com\",\"description\":\"Finnish quality steel, for quality-conscious drivers\",\"publisher\":{\"@id\":\"https:\/\/com.rst-steel.eu\/#organization\"},\"alternateName\":\"Safe and stylish RST-Steel quality\",\"potentialAction\":[{\"@type\":\"SearchAction\",\"target\":{\"@type\":\"EntryPoint\",\"urlTemplate\":\"https:\/\/com.rst-steel.eu\/?s={search_term_string}\"},\"query-input\":{\"@type\":\"PropertyValueSpecification\",\"valueRequired\":true,\"valueName\":\"search_term_string\"}}],\"inLanguage\":\"nb-NO\"},{\"@type\":\"Organization\",\"@id\":\"https:\/\/com.rst-steel.eu\/#organization\",\"name\":\"RST-Steel Oy\",\"url\":\"https:\/\/com.rst-steel.eu\/\",\"logo\":{\"@type\":\"ImageObject\",\"inLanguage\":\"nb-NO\",\"@id\":\"https:\/\/com.rst-steel.eu\/#\/schema\/logo\/image\/\",\"url\":\"https:\/\/com.rst-steel.eu\/wp-content\/uploads\/2023\/04\/cropped-Rst-logo-valkoinen-teksti-3.png\",\"contentUrl\":\"https:\/\/com.rst-steel.eu\/wp-content\/uploads\/2023\/04\/cropped-Rst-logo-valkoinen-teksti-3.png\",\"width\":512,\"height\":115,\"caption\":\"RST-Steel Oy\"},\"image\":{\"@id\":\"https:\/\/com.rst-steel.eu\/#\/schema\/logo\/image\/\"},\"sameAs\":[\"https:\/\/www.facebook.com\/rststeel\",\"https:\/\/www.instagram.com\/rststeeloy\/\"]}]}<\/script>\n<!-- \/ Yoast SEO plugin. -->","yoast_head_json":{"title":"Frontlyktstang for Scania Touring Bus K410 (2014-) - RST-Steel","description":"Frontlykt for Scania Touring K410 (2014+). Slitesterk, stilig og enkel \u00e5 montere. Forbedrer synligheten og sikkerheten. Monteringssett inkludert.","robots":{"index":"index","follow":"follow","max-snippet":"max-snippet:-1","max-image-preview":"max-image-preview:large","max-video-preview":"max-video-preview:-1"},"canonical":"https:\/\/com.rst-steel.eu\/nb\/produkt\/frontlysbjelke-for-scania-touringbuss-k410-2014-_prm_71917\/","og_locale":"nb_NO","og_type":"article","og_title":"Front Light Bar for Scania Touring Bus K410 (2014-) - RST-Steel","og_description":"Front light bar for Scania Touring K410 (2014+). Durable, stylish, and easy to install. Improves visibility and safety. Mounting kit included.","og_url":"https:\/\/com.rst-steel.eu\/nb\/produkt\/frontlysbjelke-for-scania-touringbuss-k410-2014-_prm_71917\/","og_site_name":"RST-Steel","article_publisher":"https:\/\/www.facebook.com\/rststeel","article_modified_time":"2026-03-16T06:18:05+00:00","og_image":[{"width":1920,"height":950,"url":"https:\/\/com.rst-steel.eu\/wp-content\/uploads\/2025\/01\/14ae7483f97f57f604c2a817d2dfb7886c4023ba_SC2217B_tuotekuva_odoon.jpg","type":"image\/jpeg"}],"twitter_card":"summary_large_image","twitter_misc":{"Ansl. lesetid":"2 minutter"},"schema":{"@context":"https:\/\/schema.org","@graph":[{"@type":"WebPage","@id":"https:\/\/com.rst-steel.eu\/nb\/produkt\/frontlysbjelke-for-scania-touringbuss-k410-2014-_prm_71917\/","url":"https:\/\/com.rst-steel.eu\/nb\/produkt\/frontlysbjelke-for-scania-touringbuss-k410-2014-_prm_71917\/","name":"Frontlyktstang for Scania Touring Bus K410 (2014-) - RST-Steel","isPartOf":{"@id":"https:\/\/com.rst-steel.eu\/#website"},"primaryImageOfPage":{"@id":"https:\/\/com.rst-steel.eu\/nb\/produkt\/frontlysbjelke-for-scania-touringbuss-k410-2014-_prm_71917\/#primaryimage"},"image":{"@id":"https:\/\/com.rst-steel.eu\/nb\/produkt\/frontlysbjelke-for-scania-touringbuss-k410-2014-_prm_71917\/#primaryimage"},"thumbnailUrl":"https:\/\/com.rst-steel.eu\/wp-content\/uploads\/2025\/01\/14ae7483f97f57f604c2a817d2dfb7886c4023ba_SC2217B_tuotekuva_odoon.jpg","datePublished":"2025-01-24T11:07:22+00:00","dateModified":"2026-03-16T06:18:05+00:00","description":"Frontlykt for Scania Touring K410 (2014+). Slitesterk, stilig og enkel \u00e5 montere. Forbedrer synligheten og sikkerheten. Monteringssett inkludert.","breadcrumb":{"@id":"https:\/\/com.rst-steel.eu\/nb\/produkt\/frontlysbjelke-for-scania-touringbuss-k410-2014-_prm_71917\/#breadcrumb"},"inLanguage":"nb-NO","potentialAction":[{"@type":"ReadAction","target":["https:\/\/com.rst-steel.eu\/nb\/produkt\/frontlysbjelke-for-scania-touringbuss-k410-2014-_prm_71917\/"]}]},{"@type":"ImageObject","inLanguage":"nb-NO","@id":"https:\/\/com.rst-steel.eu\/nb\/produkt\/frontlysbjelke-for-scania-touringbuss-k410-2014-_prm_71917\/#primaryimage","url":"https:\/\/com.rst-steel.eu\/wp-content\/uploads\/2025\/01\/14ae7483f97f57f604c2a817d2dfb7886c4023ba_SC2217B_tuotekuva_odoon.jpg","contentUrl":"https:\/\/com.rst-steel.eu\/wp-content\/uploads\/2025\/01\/14ae7483f97f57f604c2a817d2dfb7886c4023ba_SC2217B_tuotekuva_odoon.jpg","width":1920,"height":950,"caption":"Front Light Bar for Scania Touring Bus K410 (2014-)"},{"@type":"BreadcrumbList","@id":"https:\/\/com.rst-steel.eu\/nb\/produkt\/frontlysbjelke-for-scania-touringbuss-k410-2014-_prm_71917\/#breadcrumb","itemListElement":[{"@type":"ListItem","position":1,"name":"Home","item":"https:\/\/com.rst-steel.eu\/"},{"@type":"ListItem","position":2,"name":"RST-Steel Shop","item":"https:\/\/com.rst-steel.eu\/shop\/"},{"@type":"ListItem","position":3,"name":"Front Light Bar for Scania Touring Bus K410 (2014-)"}]},{"@type":"WebSite","@id":"https:\/\/com.rst-steel.eu\/#website","url":"https:\/\/com.rst-steel.eu\/","name":"RST-Steel.com","description":"Finsk kvalitetsst\u00e5l, for kvalitetsbevisste sj\u00e5f\u00f8rer","publisher":{"@id":"https:\/\/com.rst-steel.eu\/#organization"},"alternateName":"Safe and stylish RST-Steel quality","potentialAction":[{"@type":"SearchAction","target":{"@type":"EntryPoint","urlTemplate":"https:\/\/com.rst-steel.eu\/?s={search_term_string}"},"query-input":{"@type":"PropertyValueSpecification","valueRequired":true,"valueName":"search_term_string"}}],"inLanguage":"nb-NO"},{"@type":"Organization","@id":"https:\/\/com.rst-steel.eu\/#organization","name":"RST-Steel Oy","url":"https:\/\/com.rst-steel.eu\/","logo":{"@type":"ImageObject","inLanguage":"nb-NO","@id":"https:\/\/com.rst-steel.eu\/#\/schema\/logo\/image\/","url":"https:\/\/com.rst-steel.eu\/wp-content\/uploads\/2023\/04\/cropped-Rst-logo-valkoinen-teksti-3.png","contentUrl":"https:\/\/com.rst-steel.eu\/wp-content\/uploads\/2023\/04\/cropped-Rst-logo-valkoinen-teksti-3.png","width":512,"height":115,"caption":"RST-Steel Oy"},"image":{"@id":"https:\/\/com.rst-steel.eu\/#\/schema\/logo\/image\/"},"sameAs":["https:\/\/www.facebook.com\/rststeel","https:\/\/www.instagram.com\/rststeeloy\/"]}]}},"brands":[{"id":8334,"name":"RST-Steel","slug":"brand_rststeel"}],"_links":{"self":[{"href":"https:\/\/com.rst-steel.eu\/nb\/wp-json\/wp\/v2\/product\/49866","targetHints":{"allow":["GET"]}}],"collection":[{"href":"https:\/\/com.rst-steel.eu\/nb\/wp-json\/wp\/v2\/product"}],"about":[{"href":"https:\/\/com.rst-steel.eu\/nb\/wp-json\/wp\/v2\/types\/product"}],"replies":[{"embeddable":true,"href":"https:\/\/com.rst-steel.eu\/nb\/wp-json\/wp\/v2\/comments?post=49866"}],"version-history":[{"count":0,"href":"https:\/\/com.rst-steel.eu\/nb\/wp-json\/wp\/v2\/product\/49866\/revisions"}],"wp:featuredmedia":[{"embeddable":true,"href":"https:\/\/com.rst-steel.eu\/nb\/wp-json\/wp\/v2\/media\/49912"}],"wp:attachment":[{"href":"https:\/\/com.rst-steel.eu\/nb\/wp-json\/wp\/v2\/media?parent=49866"}],"wp:term":[{"taxonomy":"make_fuel_type","embeddable":true,"href":"https:\/\/com.rst-steel.eu\/nb\/wp-json\/wp\/v2\/make_fuel_type?post=49866"},{"taxonomy":"make_model","embeddable":true,"href":"https:\/\/com.rst-steel.eu\/nb\/wp-json\/wp\/v2\/make_model?post=49866"},{"taxonomy":"make_brand","embeddable":true,"href":"https:\/\/com.rst-steel.eu\/nb\/wp-json\/wp\/v2\/make_brand?post=49866"},{"taxonomy":"make_year","embeddable":true,"href":"https:\/\/com.rst-steel.eu\/nb\/wp-json\/wp\/v2\/make_year?post=49866"},{"taxonomy":"pwb-brand","embeddable":true,"href":"https:\/\/com.rst-steel.eu\/nb\/wp-json\/wp\/v2\/pwb-brand?post=49866"},{"taxonomy":"product_brand","embeddable":true,"href":"https:\/\/com.rst-steel.eu\/nb\/wp-json\/wp\/v2\/product_brand?post=49866"},{"taxonomy":"product_cat","embeddable":true,"href":"https:\/\/com.rst-steel.eu\/nb\/wp-json\/wp\/v2\/product_cat?post=49866"},{"taxonomy":"product_tag","embeddable":true,"href":"https:\/\/com.rst-steel.eu\/nb\/wp-json\/wp\/v2\/product_tag?post=49866"}],"curies":[{"name":"wp","href":"https:\/\/api.w.org\/{rel}","templated":true}]}}