{"id":48669,"date":"2024-11-19T14:46:33","date_gmt":"2024-11-19T11:46:33","guid":{"rendered":"https:\/\/rst-steel.com\/product\/lazer-grille-kit-mb-vito-viano-03-2020-2023-st4-evolution_pr_18641\/"},"modified":"2026-03-16T09:21:19","modified_gmt":"2026-03-16T06:21:19","slug":"lazer-grille-kit-mb-vito-viano-03-2020-2023-st4-evolution_pr_18641","status":"publish","type":"product","link":"https:\/\/com.rst-steel.eu\/nb\/produkt\/lazer-grille-kit-mb-vito-viano-03-2020-2023-st4-evolution_pr_18641\/","title":{"rendered":"Lazer Grillsett MB Vito\/Viano 03\/2020-2023, ST4 Evolution"},"content":{"rendered":"<div>\n<div><span style=\"font-weight: bold\">Lazer Grillsett MB Vito\/Viano 03\/2020-2023, ST4 Evolution<\/span><\/div>\n<div><\/div>\n<div>Lazer Grille Integration Kit er et ekstra fjernlysanlegg i OE-kvalitet, og inkluderer spesialtilpassede monteringsbraketter som gj\u00f8r det raskt og enkelt \u00e5 montere Lazer High Performance LED-kj\u00f8relys i frontgrillen p\u00e5 de mest popul\u00e6re personbilene, pickupene og lette nyttekj\u00f8ret\u00f8yene. De er designet for \u00e5 passe s\u00f8ml\u00f8st inn i bilens originale design, og det resulterende belysningsoppsettet forblir robust og sikkert, med ekstra beskyttelse mot tyveri.<\/div>\n<div><\/div>\n<div>Mercedes Vito-settet, som passer til modell\u00e5r 2020-2023, inneholder et par ST4 Evolution-lykter og et ledningssett, samt 4 x braketter som er presisjonskonstruert for \u00e5 passe perfekt til bilens standard midtgrill, med ekstra styrke og sikkerhet takket v\u00e6re de medf\u00f8lgende tyverisikrede selvgjengende skruene (plast). Brakettene er laget av et komposittmateriale som er kjent for sin utmerkede styrke og UV-stabilitet, og de er fullstendig v\u00e6r- og kjemikaliebestandige for \u00e5 sikre at installasjonen forblir i god stand \u00e5r etter \u00e5r.<\/div>\n<div><\/div>\n<div>Sammen med monteringsbrakettene f\u00f8lger det med et sett med skj\u00e6ref\u00f8ringer, som er utformet for \u00e5 forenkle monteringen og sikre perfekt passform hver gang, uten at bilens grill eller st\u00f8tfanger m\u00e5 fjernes.<\/div>\n<div><\/div>\n<div>Mercedes Vito (2020-2023) Grille Integration Kit er n\u00f8ye utviklet og optimalisert for bruk med ST4 Evolution High Performance LED-lys.&nbsp;<\/div>\n<\/div>\n<div><\/div>\n<div><\/div>\n<div><\/div>\n<div><span style=\"font-weight: bold\">Produktegenskaper:<\/span><\/div>\n<ul>\n<li>Skreddersydd for Lazer ST4 Evolution ekstra fjernlys for fjernlys<\/li>\n<li>Passer til Mercedes Vito (2020-2023)<\/li>\n<li>Settet inkluderer ogs\u00e5 skreddersydde monteringsbraketter og ledningssett med to lamper<\/li>\n<li>Skj\u00e6reveiledninger inkludert<\/li>\n<li>Braketter laget av h\u00f8yfast, UV-stabilt komposittmateriale<\/li>\n<li>Inkluderer tyverisikringsfester<\/li>\n<li>Fullt veilovlig<\/li>\n<li>5 \u00e5rs garanti<\/li>\n<li>Laget i Storbritannia<\/li>\n<\/ul>\n<p><\/p>\n<p><span style=\"font-weight: bold\">Tekniske spesifikasjoner:<\/span><\/p>\n<ul>\n<li>Spenningsomr\u00e5de: 10-32V<\/li>\n<li>LED-levetid: 50 000 timer<\/li>\n<li>Vekt: 1340 g<\/li>\n<li>Total lysstr\u00f8m: 8272 Lm<\/li>\n<li>Total driver 'FOV'-fluks: 4980 Lm<\/li>\n<li>\n<li>Lazer Grillsett MB Vito\/Viano 03\/2020-2023, ST4 Evolution<\/li>\n<\/li>\n<\/ul>\n<ul>\n<li>Colour Temperature: 5000K<\/li>\n<li>Antall lysdioder med h\u00f8y effekt: 2 x 4<\/li>\n<li>Str\u00f8mforbruk: 94 W<\/li>\n<li>Str\u00f8mforbruk (ved 14,4 V): 6.6A<\/li>\n<li>High Beam: ECE R112<\/li>\n<li>E-Mark Ref: 10 x 2<\/li>\n<\/ul>\n<p><\/p>\n<p><span style=\"font-weight: bold\">FOTOMETRISKE DATA<span>\t<\/span><br \/><\/span><\/p>\n<p>Horisontal str\u00e5levinkel: 40\u00b0<\/p>\n<ul>\n<li>0,25 lx Linje: 786m<\/li>\n<li>0,5 lx Linje: 555 m<\/li>\n<li>1 lx Linje: 393m<\/li>\n<li>3 lx Linje: 227m<\/li>\n<\/ul>\n<p><\/p>\n<p><span style=\"font-weight: bold\">Hva er inkludert?<\/span><\/p>\n<ul>\n<li>Monteringssett<\/li>\n<li>2x ST4 LED-lamper<\/li>\n<li>Kablingssett med to lamper<\/li>\n<li>Installasjonsinstruksjoner<\/li>\n<\/ul>","protected":false},"excerpt":{"rendered":"<div><span style=\"font-weight: bold\">Passer til Mercedes Vito (2020-2023)<\/span><\/div>","protected":false},"featured_media":48664,"comment_status":"open","ping_status":"closed","template":"","meta":{"_improvement_type_select":"improve_an_existing","_thumb_yes_seoaic":false,"_frame_yes_seoaic":false,"seoaic_generate_description":"","seoaic_improve_instructions_prompt":"","seoaic_rollback_content_improvement":"","seoaic_idea_thumbnail_generator":"","thumbnail_generated":false,"thumbnail_generate_prompt":"","seoaic_article_description":""},"make_fuel_type":[],"make_model":[6380],"make_brand":[6374],"make_year":[6373],"pwb-brand":[8332],"product_brand":[],"product_cat":[6195,6209,6212],"product_tag":[8498,6298,6611,6610,6365],"class_list":{"0":"post-48669","1":"product","2":"type-product","3":"status-publish","4":"has-post-thumbnail","6":"make_engine-vito-l1-h1","7":"make_engine-vito-l2-h1","8":"make_engine-vitol3-h1","9":"make_model-w447-vito-facelift","10":"make_brand-mb-van","11":"make_year-van","12":"pwb-brand-brand_lazerlamps","13":"product_cat-lamps","14":"product_cat-auxiliary-lights","15":"product_cat-lazer-lamps-vehicle-specific-driving-light-kits","16":"product_tag-auxiliary-light","17":"product_tag-lazer-lamps","18":"product_tag-mercedes","19":"product_tag-mercedes-benz","20":"product_tag-st-t-evolution","22":"first","23":"instock","24":"taxable","25":"shipping-taxable","26":"purchasable","27":"product-type-simple"},"yoast_head":"<!-- This site is optimized with the Yoast SEO plugin v25.7 - https:\/\/yoast.com\/wordpress\/plugins\/seo\/ -->\n<title>Lazer Grille Kit MB Vito\/Viano 03\/2020-2023, ST4 Evolution - RST-Steel<\/title>\n<meta name=\"description\" content=\"Lazer Grille Kit MB Vito\/Viano (03\/2020\u20132023). Includes ST4 Evolution lights for enhanced visibility and sleek vehicle integration.\" \/>\n<meta name=\"robots\" content=\"index, follow, max-snippet:-1, max-image-preview:large, max-video-preview:-1\" \/>\n<link rel=\"canonical\" href=\"https:\/\/com.rst-steel.eu\/nb\/produkt\/lazer-grille-kit-mb-vito-viano-03-2020-2023-st4-evolution_pr_18641\/\" \/>\n<meta property=\"og:locale\" content=\"nb_NO\" \/>\n<meta property=\"og:type\" content=\"article\" \/>\n<meta property=\"og:title\" content=\"Lazer Grille Kit MB Vito\/Viano 03\/2020-2023, ST4 Evolution - RST-Steel\" \/>\n<meta property=\"og:description\" content=\"Lazer Grille Kit MB Vito\/Viano (03\/2020\u20132023). Includes ST4 Evolution lights for enhanced visibility and sleek vehicle integration.\" \/>\n<meta property=\"og:url\" content=\"https:\/\/com.rst-steel.eu\/nb\/produkt\/lazer-grille-kit-mb-vito-viano-03-2020-2023-st4-evolution_pr_18641\/\" \/>\n<meta property=\"og:site_name\" content=\"RST-Steel\" \/>\n<meta property=\"article:publisher\" content=\"https:\/\/www.facebook.com\/rststeel\" \/>\n<meta property=\"article:modified_time\" content=\"2026-03-16T06:21:19+00:00\" \/>\n<meta property=\"og:image\" content=\"https:\/\/com.rst-steel.eu\/wp-content\/uploads\/2024\/11\/b5d0f3e151f9db57f147e71dfff28e995f63b9b4_MERCEDES_VITO_GK_05_Web.jpg\" \/>\n\t<meta property=\"og:image:width\" content=\"1000\" \/>\n\t<meta property=\"og:image:height\" content=\"750\" \/>\n\t<meta property=\"og:image:type\" content=\"image\/jpeg\" \/>\n<meta name=\"twitter:card\" content=\"summary_large_image\" \/>\n<meta name=\"twitter:label1\" content=\"Ansl. lesetid\" \/>\n\t<meta name=\"twitter:data1\" content=\"2 minutter\" \/>\n<script type=\"application\/ld+json\" class=\"yoast-schema-graph\">{\"@context\":\"https:\/\/schema.org\",\"@graph\":[{\"@type\":\"WebPage\",\"@id\":\"https:\/\/com.rst-steel.eu\/nb\/produkt\/lazer-grille-kit-mb-vito-viano-03-2020-2023-st4-evolution_pr_18641\/\",\"url\":\"https:\/\/com.rst-steel.eu\/nb\/produkt\/lazer-grille-kit-mb-vito-viano-03-2020-2023-st4-evolution_pr_18641\/\",\"name\":\"Lazer Grille Kit MB Vito\/Viano 03\/2020-2023, ST4 Evolution - RST-Steel\",\"isPartOf\":{\"@id\":\"https:\/\/com.rst-steel.eu\/#website\"},\"primaryImageOfPage\":{\"@id\":\"https:\/\/com.rst-steel.eu\/nb\/produkt\/lazer-grille-kit-mb-vito-viano-03-2020-2023-st4-evolution_pr_18641\/#primaryimage\"},\"image\":{\"@id\":\"https:\/\/com.rst-steel.eu\/nb\/produkt\/lazer-grille-kit-mb-vito-viano-03-2020-2023-st4-evolution_pr_18641\/#primaryimage\"},\"thumbnailUrl\":\"https:\/\/com.rst-steel.eu\/wp-content\/uploads\/2024\/11\/b5d0f3e151f9db57f147e71dfff28e995f63b9b4_MERCEDES_VITO_GK_05_Web.jpg\",\"datePublished\":\"2024-11-19T11:46:33+00:00\",\"dateModified\":\"2026-03-16T06:21:19+00:00\",\"description\":\"Lazer Grille Kit MB Vito\/Viano (03\/2020\u20132023). Includes ST4 Evolution lights for enhanced visibility and sleek vehicle integration.\",\"breadcrumb\":{\"@id\":\"https:\/\/com.rst-steel.eu\/nb\/produkt\/lazer-grille-kit-mb-vito-viano-03-2020-2023-st4-evolution_pr_18641\/#breadcrumb\"},\"inLanguage\":\"nb-NO\",\"potentialAction\":[{\"@type\":\"ReadAction\",\"target\":[\"https:\/\/com.rst-steel.eu\/nb\/produkt\/lazer-grille-kit-mb-vito-viano-03-2020-2023-st4-evolution_pr_18641\/\"]}]},{\"@type\":\"ImageObject\",\"inLanguage\":\"nb-NO\",\"@id\":\"https:\/\/com.rst-steel.eu\/nb\/produkt\/lazer-grille-kit-mb-vito-viano-03-2020-2023-st4-evolution_pr_18641\/#primaryimage\",\"url\":\"https:\/\/com.rst-steel.eu\/wp-content\/uploads\/2024\/11\/b5d0f3e151f9db57f147e71dfff28e995f63b9b4_MERCEDES_VITO_GK_05_Web.jpg\",\"contentUrl\":\"https:\/\/com.rst-steel.eu\/wp-content\/uploads\/2024\/11\/b5d0f3e151f9db57f147e71dfff28e995f63b9b4_MERCEDES_VITO_GK_05_Web.jpg\",\"width\":1000,\"height\":750,\"caption\":\"Lazer Grille Kit MB Vito\/Viano 03\/2020-2023, ST4 Evolution\"},{\"@type\":\"BreadcrumbList\",\"@id\":\"https:\/\/com.rst-steel.eu\/nb\/produkt\/lazer-grille-kit-mb-vito-viano-03-2020-2023-st4-evolution_pr_18641\/#breadcrumb\",\"itemListElement\":[{\"@type\":\"ListItem\",\"position\":1,\"name\":\"Home\",\"item\":\"https:\/\/com.rst-steel.eu\/\"},{\"@type\":\"ListItem\",\"position\":2,\"name\":\"RST-Steel Shop\",\"item\":\"https:\/\/com.rst-steel.eu\/shop\/\"},{\"@type\":\"ListItem\",\"position\":3,\"name\":\"Lazer Grille Kit MB Vito\/Viano 03\/2020-2023, ST4 Evolution\"}]},{\"@type\":\"WebSite\",\"@id\":\"https:\/\/com.rst-steel.eu\/#website\",\"url\":\"https:\/\/com.rst-steel.eu\/\",\"name\":\"RST-Steel.com\",\"description\":\"Finnish quality steel, for quality-conscious drivers\",\"publisher\":{\"@id\":\"https:\/\/com.rst-steel.eu\/#organization\"},\"alternateName\":\"Safe and stylish RST-Steel quality\",\"potentialAction\":[{\"@type\":\"SearchAction\",\"target\":{\"@type\":\"EntryPoint\",\"urlTemplate\":\"https:\/\/com.rst-steel.eu\/?s={search_term_string}\"},\"query-input\":{\"@type\":\"PropertyValueSpecification\",\"valueRequired\":true,\"valueName\":\"search_term_string\"}}],\"inLanguage\":\"nb-NO\"},{\"@type\":\"Organization\",\"@id\":\"https:\/\/com.rst-steel.eu\/#organization\",\"name\":\"RST-Steel Oy\",\"url\":\"https:\/\/com.rst-steel.eu\/\",\"logo\":{\"@type\":\"ImageObject\",\"inLanguage\":\"nb-NO\",\"@id\":\"https:\/\/com.rst-steel.eu\/#\/schema\/logo\/image\/\",\"url\":\"https:\/\/com.rst-steel.eu\/wp-content\/uploads\/2023\/04\/cropped-Rst-logo-valkoinen-teksti-3.png\",\"contentUrl\":\"https:\/\/com.rst-steel.eu\/wp-content\/uploads\/2023\/04\/cropped-Rst-logo-valkoinen-teksti-3.png\",\"width\":512,\"height\":115,\"caption\":\"RST-Steel Oy\"},\"image\":{\"@id\":\"https:\/\/com.rst-steel.eu\/#\/schema\/logo\/image\/\"},\"sameAs\":[\"https:\/\/www.facebook.com\/rststeel\",\"https:\/\/www.instagram.com\/rststeeloy\/\"]}]}<\/script>\n<!-- \/ Yoast SEO plugin. -->","yoast_head_json":{"title":"Lazer Grillsett MB Vito\/Viano 03\/2020-2023, ST4 Evolution - RST-Steel","description":"Lazer grillsett MB Vito\/Viano (03\/2020-2023). Inkluderer ST4 Evolution-lys for bedre synlighet og elegant integrering i kj\u00f8ret\u00f8yet.","robots":{"index":"index","follow":"follow","max-snippet":"max-snippet:-1","max-image-preview":"max-image-preview:large","max-video-preview":"max-video-preview:-1"},"canonical":"https:\/\/com.rst-steel.eu\/nb\/produkt\/lazer-grille-kit-mb-vito-viano-03-2020-2023-st4-evolution_pr_18641\/","og_locale":"nb_NO","og_type":"article","og_title":"Lazer Grille Kit MB Vito\/Viano 03\/2020-2023, ST4 Evolution - RST-Steel","og_description":"Lazer Grille Kit MB Vito\/Viano (03\/2020\u20132023). Includes ST4 Evolution lights for enhanced visibility and sleek vehicle integration.","og_url":"https:\/\/com.rst-steel.eu\/nb\/produkt\/lazer-grille-kit-mb-vito-viano-03-2020-2023-st4-evolution_pr_18641\/","og_site_name":"RST-Steel","article_publisher":"https:\/\/www.facebook.com\/rststeel","article_modified_time":"2026-03-16T06:21:19+00:00","og_image":[{"width":1000,"height":750,"url":"https:\/\/com.rst-steel.eu\/wp-content\/uploads\/2024\/11\/b5d0f3e151f9db57f147e71dfff28e995f63b9b4_MERCEDES_VITO_GK_05_Web.jpg","type":"image\/jpeg"}],"twitter_card":"summary_large_image","twitter_misc":{"Ansl. lesetid":"2 minutter"},"schema":{"@context":"https:\/\/schema.org","@graph":[{"@type":"WebPage","@id":"https:\/\/com.rst-steel.eu\/nb\/produkt\/lazer-grille-kit-mb-vito-viano-03-2020-2023-st4-evolution_pr_18641\/","url":"https:\/\/com.rst-steel.eu\/nb\/produkt\/lazer-grille-kit-mb-vito-viano-03-2020-2023-st4-evolution_pr_18641\/","name":"Lazer Grillsett MB Vito\/Viano 03\/2020-2023, ST4 Evolution - RST-Steel","isPartOf":{"@id":"https:\/\/com.rst-steel.eu\/#website"},"primaryImageOfPage":{"@id":"https:\/\/com.rst-steel.eu\/nb\/produkt\/lazer-grille-kit-mb-vito-viano-03-2020-2023-st4-evolution_pr_18641\/#primaryimage"},"image":{"@id":"https:\/\/com.rst-steel.eu\/nb\/produkt\/lazer-grille-kit-mb-vito-viano-03-2020-2023-st4-evolution_pr_18641\/#primaryimage"},"thumbnailUrl":"https:\/\/com.rst-steel.eu\/wp-content\/uploads\/2024\/11\/b5d0f3e151f9db57f147e71dfff28e995f63b9b4_MERCEDES_VITO_GK_05_Web.jpg","datePublished":"2024-11-19T11:46:33+00:00","dateModified":"2026-03-16T06:21:19+00:00","description":"Lazer grillsett MB Vito\/Viano (03\/2020-2023). Inkluderer ST4 Evolution-lys for bedre synlighet og elegant integrering i kj\u00f8ret\u00f8yet.","breadcrumb":{"@id":"https:\/\/com.rst-steel.eu\/nb\/produkt\/lazer-grille-kit-mb-vito-viano-03-2020-2023-st4-evolution_pr_18641\/#breadcrumb"},"inLanguage":"nb-NO","potentialAction":[{"@type":"ReadAction","target":["https:\/\/com.rst-steel.eu\/nb\/produkt\/lazer-grille-kit-mb-vito-viano-03-2020-2023-st4-evolution_pr_18641\/"]}]},{"@type":"ImageObject","inLanguage":"nb-NO","@id":"https:\/\/com.rst-steel.eu\/nb\/produkt\/lazer-grille-kit-mb-vito-viano-03-2020-2023-st4-evolution_pr_18641\/#primaryimage","url":"https:\/\/com.rst-steel.eu\/wp-content\/uploads\/2024\/11\/b5d0f3e151f9db57f147e71dfff28e995f63b9b4_MERCEDES_VITO_GK_05_Web.jpg","contentUrl":"https:\/\/com.rst-steel.eu\/wp-content\/uploads\/2024\/11\/b5d0f3e151f9db57f147e71dfff28e995f63b9b4_MERCEDES_VITO_GK_05_Web.jpg","width":1000,"height":750,"caption":"Lazer Grille Kit MB Vito\/Viano 03\/2020-2023, ST4 Evolution"},{"@type":"BreadcrumbList","@id":"https:\/\/com.rst-steel.eu\/nb\/produkt\/lazer-grille-kit-mb-vito-viano-03-2020-2023-st4-evolution_pr_18641\/#breadcrumb","itemListElement":[{"@type":"ListItem","position":1,"name":"Home","item":"https:\/\/com.rst-steel.eu\/"},{"@type":"ListItem","position":2,"name":"RST-Steel Shop","item":"https:\/\/com.rst-steel.eu\/shop\/"},{"@type":"ListItem","position":3,"name":"Lazer Grille Kit MB Vito\/Viano 03\/2020-2023, ST4 Evolution"}]},{"@type":"WebSite","@id":"https:\/\/com.rst-steel.eu\/#website","url":"https:\/\/com.rst-steel.eu\/","name":"RST-Steel.com","description":"Finsk kvalitetsst\u00e5l, for kvalitetsbevisste sj\u00e5f\u00f8rer","publisher":{"@id":"https:\/\/com.rst-steel.eu\/#organization"},"alternateName":"Safe and stylish RST-Steel quality","potentialAction":[{"@type":"SearchAction","target":{"@type":"EntryPoint","urlTemplate":"https:\/\/com.rst-steel.eu\/?s={search_term_string}"},"query-input":{"@type":"PropertyValueSpecification","valueRequired":true,"valueName":"search_term_string"}}],"inLanguage":"nb-NO"},{"@type":"Organization","@id":"https:\/\/com.rst-steel.eu\/#organization","name":"RST-Steel Oy","url":"https:\/\/com.rst-steel.eu\/","logo":{"@type":"ImageObject","inLanguage":"nb-NO","@id":"https:\/\/com.rst-steel.eu\/#\/schema\/logo\/image\/","url":"https:\/\/com.rst-steel.eu\/wp-content\/uploads\/2023\/04\/cropped-Rst-logo-valkoinen-teksti-3.png","contentUrl":"https:\/\/com.rst-steel.eu\/wp-content\/uploads\/2023\/04\/cropped-Rst-logo-valkoinen-teksti-3.png","width":512,"height":115,"caption":"RST-Steel Oy"},"image":{"@id":"https:\/\/com.rst-steel.eu\/#\/schema\/logo\/image\/"},"sameAs":["https:\/\/www.facebook.com\/rststeel","https:\/\/www.instagram.com\/rststeeloy\/"]}]}},"brands":[{"id":8332,"name":"Lazer Lamps","slug":"brand_lazerlamps"}],"_links":{"self":[{"href":"https:\/\/com.rst-steel.eu\/nb\/wp-json\/wp\/v2\/product\/48669","targetHints":{"allow":["GET"]}}],"collection":[{"href":"https:\/\/com.rst-steel.eu\/nb\/wp-json\/wp\/v2\/product"}],"about":[{"href":"https:\/\/com.rst-steel.eu\/nb\/wp-json\/wp\/v2\/types\/product"}],"replies":[{"embeddable":true,"href":"https:\/\/com.rst-steel.eu\/nb\/wp-json\/wp\/v2\/comments?post=48669"}],"version-history":[{"count":0,"href":"https:\/\/com.rst-steel.eu\/nb\/wp-json\/wp\/v2\/product\/48669\/revisions"}],"wp:featuredmedia":[{"embeddable":true,"href":"https:\/\/com.rst-steel.eu\/nb\/wp-json\/wp\/v2\/media\/48664"}],"wp:attachment":[{"href":"https:\/\/com.rst-steel.eu\/nb\/wp-json\/wp\/v2\/media?parent=48669"}],"wp:term":[{"taxonomy":"make_fuel_type","embeddable":true,"href":"https:\/\/com.rst-steel.eu\/nb\/wp-json\/wp\/v2\/make_fuel_type?post=48669"},{"taxonomy":"make_model","embeddable":true,"href":"https:\/\/com.rst-steel.eu\/nb\/wp-json\/wp\/v2\/make_model?post=48669"},{"taxonomy":"make_brand","embeddable":true,"href":"https:\/\/com.rst-steel.eu\/nb\/wp-json\/wp\/v2\/make_brand?post=48669"},{"taxonomy":"make_year","embeddable":true,"href":"https:\/\/com.rst-steel.eu\/nb\/wp-json\/wp\/v2\/make_year?post=48669"},{"taxonomy":"pwb-brand","embeddable":true,"href":"https:\/\/com.rst-steel.eu\/nb\/wp-json\/wp\/v2\/pwb-brand?post=48669"},{"taxonomy":"product_brand","embeddable":true,"href":"https:\/\/com.rst-steel.eu\/nb\/wp-json\/wp\/v2\/product_brand?post=48669"},{"taxonomy":"product_cat","embeddable":true,"href":"https:\/\/com.rst-steel.eu\/nb\/wp-json\/wp\/v2\/product_cat?post=48669"},{"taxonomy":"product_tag","embeddable":true,"href":"https:\/\/com.rst-steel.eu\/nb\/wp-json\/wp\/v2\/product_tag?post=48669"}],"curies":[{"name":"wp","href":"https:\/\/api.w.org\/{rel}","templated":true}]}}