{"id":48656,"date":"2024-11-19T14:45:32","date_gmt":"2024-11-19T11:45:32","guid":{"rendered":"https:\/\/rst-steel.com\/product\/rear-spoiler-volkswagen-crafter-2017-man-tge-2018-_prm_65900\/"},"modified":"2026-03-16T09:21:13","modified_gmt":"2026-03-16T06:21:13","slug":"bakspoiler-volkswagen-crafter-2017-man-tge-2018-_prm_65900","status":"publish","type":"product","link":"https:\/\/com.rst-steel.eu\/nb\/produkt\/bakspoiler-volkswagen-crafter-2017-man-tge-2018-_prm_65900\/","title":{"rendered":"Bakspoiler Volkswagen Crafter 2017- \/ Man TGE 2018-"},"content":{"rendered":"<p>Bakspoiler Volkswagen Crafter 2017- \/ MAN TGE 2018-<\/p>\n<p><\/p>\n<p>Tilgjengelig for H1 \/ H2 takh\u00f8ydemodeller.<\/p>\n<p><\/p>\n<p>Kroppen til spoileren er en skinnende stang i rustfritt st\u00e5l. Det formede dekselet til spoileren er svart halvblank UV-beskyttet ABS-plast. Monteringsdelene er rustfrie.<\/p>\n<p><\/p>\n<p>Spoileren har 2 r\u00f8de LED-posisjonslys bak som standard. Det er ogs\u00e5 enkelt \u00e5 utstyre spoileren med for eksempel arbeidslys eller LED-varsellys.<\/p>\n<p><\/p>\n<p>Innhold i leveransen:<\/p>\n<p><\/p>\n<p>Spoiler bak<\/p>\n<p>Festemidler som kreves for installasjon<\/p>\n<p>Posisjonslys<\/p>","protected":false},"excerpt":{"rendered":"<p>Tilgjengelig for H1 \/ H2 takh\u00f8ydemodeller!<\/p>","protected":false},"featured_media":48654,"comment_status":"open","ping_status":"closed","template":"","meta":{"_improvement_type_select":"improve_an_existing","_thumb_yes_seoaic":false,"_frame_yes_seoaic":false,"seoaic_generate_description":"","seoaic_improve_instructions_prompt":"","seoaic_rollback_content_improvement":"","seoaic_idea_thumbnail_generator":"","thumbnail_generated":false,"thumbnail_generate_prompt":"","seoaic_article_description":""},"make_fuel_type":[],"make_model":[6624],"make_brand":[6622],"make_year":[6373],"pwb-brand":[8346],"product_brand":[],"product_cat":[6158],"product_tag":[],"class_list":{"0":"post-48656","1":"product","2":"type-product","3":"status-publish","4":"has-post-thumbnail","6":"make_engine-crafter-2017-l3h2","7":"make_engine-crafter-2017-l3h3","8":"make_engine-crafter-2017-l4h3","9":"make_engine-crafter-2017-l4h4","10":"make_engine-crafter-2017-l5h3","11":"make_engine-crafter-2017-l5h4","12":"make_model-crafter-2017","13":"make_brand-volkswagen-van","14":"make_year-van","15":"pwb-brand-brand_mecone","16":"product_cat-mec-one-spoilers-for-vans","17":"product_shipping_class-erikoispitka","19":"first","20":"instock","21":"taxable","22":"shipping-taxable","23":"purchasable","24":"product-type-variable"},"yoast_head":"<!-- This site is optimized with the Yoast SEO plugin v25.7 - https:\/\/yoast.com\/wordpress\/plugins\/seo\/ -->\n<title>Rear Spoiler Volkswagen Crafter 2017- \/ Man TGE 2018- RST-Steel<\/title>\n<meta name=\"description\" content=\"Rear Spoiler for Volkswagen Crafter 2017- \/ MAN TGE 2018- models. Available for H1 \/ H2 roof height models. Check the products and place an order!\" \/>\n<meta name=\"robots\" content=\"index, follow, max-snippet:-1, max-image-preview:large, max-video-preview:-1\" \/>\n<link rel=\"canonical\" href=\"https:\/\/com.rst-steel.eu\/nb\/produkt\/bakspoiler-volkswagen-crafter-2017-man-tge-2018-_prm_65900\/\" \/>\n<meta property=\"og:locale\" content=\"nb_NO\" \/>\n<meta property=\"og:type\" content=\"article\" \/>\n<meta property=\"og:title\" content=\"Rear Spoiler Volkswagen Crafter 2017- \/ Man TGE 2018- RST-Steel\" \/>\n<meta property=\"og:description\" content=\"Rear Spoiler for Volkswagen Crafter 2017- \/ MAN TGE 2018- models. Available for H1 \/ H2 roof height models. Check the products and place an order!\" \/>\n<meta property=\"og:url\" content=\"https:\/\/com.rst-steel.eu\/nb\/produkt\/bakspoiler-volkswagen-crafter-2017-man-tge-2018-_prm_65900\/\" \/>\n<meta property=\"og:site_name\" content=\"RST-Steel\" \/>\n<meta property=\"article:publisher\" content=\"https:\/\/www.facebook.com\/rststeel\" \/>\n<meta property=\"article:modified_time\" content=\"2026-03-16T06:21:13+00:00\" \/>\n<meta property=\"og:image\" content=\"https:\/\/com.rst-steel.eu\/wp-content\/uploads\/2024\/11\/1f5060ea7fbd77c25911cb7b9a503951678fd335_CRA06801.jpg\" \/>\n\t<meta property=\"og:image:width\" content=\"1440\" \/>\n\t<meta property=\"og:image:height\" content=\"1080\" \/>\n\t<meta property=\"og:image:type\" content=\"image\/jpeg\" \/>\n<meta name=\"twitter:card\" content=\"summary_large_image\" \/>\n<meta name=\"twitter:label1\" content=\"Ansl. lesetid\" \/>\n\t<meta name=\"twitter:data1\" content=\"1 minutt\" \/>\n<script type=\"application\/ld+json\" class=\"yoast-schema-graph\">{\"@context\":\"https:\/\/schema.org\",\"@graph\":[{\"@type\":\"WebPage\",\"@id\":\"https:\/\/com.rst-steel.eu\/nb\/produkt\/bakspoiler-volkswagen-crafter-2017-man-tge-2018-_prm_65900\/\",\"url\":\"https:\/\/com.rst-steel.eu\/nb\/produkt\/bakspoiler-volkswagen-crafter-2017-man-tge-2018-_prm_65900\/\",\"name\":\"Rear Spoiler Volkswagen Crafter 2017- \/ Man TGE 2018- RST-Steel\",\"isPartOf\":{\"@id\":\"https:\/\/com.rst-steel.eu\/#website\"},\"primaryImageOfPage\":{\"@id\":\"https:\/\/com.rst-steel.eu\/nb\/produkt\/bakspoiler-volkswagen-crafter-2017-man-tge-2018-_prm_65900\/#primaryimage\"},\"image\":{\"@id\":\"https:\/\/com.rst-steel.eu\/nb\/produkt\/bakspoiler-volkswagen-crafter-2017-man-tge-2018-_prm_65900\/#primaryimage\"},\"thumbnailUrl\":\"https:\/\/com.rst-steel.eu\/wp-content\/uploads\/2024\/11\/1f5060ea7fbd77c25911cb7b9a503951678fd335_CRA06801.jpg\",\"datePublished\":\"2024-11-19T11:45:32+00:00\",\"dateModified\":\"2026-03-16T06:21:13+00:00\",\"description\":\"Rear Spoiler for Volkswagen Crafter 2017- \/ MAN TGE 2018- models. Available for H1 \/ H2 roof height models. Check the products and place an order!\",\"breadcrumb\":{\"@id\":\"https:\/\/com.rst-steel.eu\/nb\/produkt\/bakspoiler-volkswagen-crafter-2017-man-tge-2018-_prm_65900\/#breadcrumb\"},\"inLanguage\":\"nb-NO\",\"potentialAction\":[{\"@type\":\"ReadAction\",\"target\":[\"https:\/\/com.rst-steel.eu\/nb\/produkt\/bakspoiler-volkswagen-crafter-2017-man-tge-2018-_prm_65900\/\"]}]},{\"@type\":\"ImageObject\",\"inLanguage\":\"nb-NO\",\"@id\":\"https:\/\/com.rst-steel.eu\/nb\/produkt\/bakspoiler-volkswagen-crafter-2017-man-tge-2018-_prm_65900\/#primaryimage\",\"url\":\"https:\/\/com.rst-steel.eu\/wp-content\/uploads\/2024\/11\/1f5060ea7fbd77c25911cb7b9a503951678fd335_CRA06801.jpg\",\"contentUrl\":\"https:\/\/com.rst-steel.eu\/wp-content\/uploads\/2024\/11\/1f5060ea7fbd77c25911cb7b9a503951678fd335_CRA06801.jpg\",\"width\":1440,\"height\":1080,\"caption\":\"Rear Spoiler Volkswagen Crafter 2017- \/ Man TGE 2018-\"},{\"@type\":\"BreadcrumbList\",\"@id\":\"https:\/\/com.rst-steel.eu\/nb\/produkt\/bakspoiler-volkswagen-crafter-2017-man-tge-2018-_prm_65900\/#breadcrumb\",\"itemListElement\":[{\"@type\":\"ListItem\",\"position\":1,\"name\":\"Home\",\"item\":\"https:\/\/com.rst-steel.eu\/\"},{\"@type\":\"ListItem\",\"position\":2,\"name\":\"RST-Steel Shop\",\"item\":\"https:\/\/com.rst-steel.eu\/shop\/\"},{\"@type\":\"ListItem\",\"position\":3,\"name\":\"Rear Spoiler Volkswagen Crafter 2017- \/ Man TGE 2018-\"}]},{\"@type\":\"WebSite\",\"@id\":\"https:\/\/com.rst-steel.eu\/#website\",\"url\":\"https:\/\/com.rst-steel.eu\/\",\"name\":\"RST-Steel.com\",\"description\":\"Finnish quality steel, for quality-conscious drivers\",\"publisher\":{\"@id\":\"https:\/\/com.rst-steel.eu\/#organization\"},\"alternateName\":\"Safe and stylish RST-Steel quality\",\"potentialAction\":[{\"@type\":\"SearchAction\",\"target\":{\"@type\":\"EntryPoint\",\"urlTemplate\":\"https:\/\/com.rst-steel.eu\/?s={search_term_string}\"},\"query-input\":{\"@type\":\"PropertyValueSpecification\",\"valueRequired\":true,\"valueName\":\"search_term_string\"}}],\"inLanguage\":\"nb-NO\"},{\"@type\":\"Organization\",\"@id\":\"https:\/\/com.rst-steel.eu\/#organization\",\"name\":\"RST-Steel Oy\",\"url\":\"https:\/\/com.rst-steel.eu\/\",\"logo\":{\"@type\":\"ImageObject\",\"inLanguage\":\"nb-NO\",\"@id\":\"https:\/\/com.rst-steel.eu\/#\/schema\/logo\/image\/\",\"url\":\"https:\/\/com.rst-steel.eu\/wp-content\/uploads\/2023\/04\/cropped-Rst-logo-valkoinen-teksti-3.png\",\"contentUrl\":\"https:\/\/com.rst-steel.eu\/wp-content\/uploads\/2023\/04\/cropped-Rst-logo-valkoinen-teksti-3.png\",\"width\":512,\"height\":115,\"caption\":\"RST-Steel Oy\"},\"image\":{\"@id\":\"https:\/\/com.rst-steel.eu\/#\/schema\/logo\/image\/\"},\"sameAs\":[\"https:\/\/www.facebook.com\/rststeel\",\"https:\/\/www.instagram.com\/rststeeloy\/\"]}]}<\/script>\n<!-- \/ Yoast SEO plugin. -->","yoast_head_json":{"title":"Bakspoiler Volkswagen Crafter 2017- \/ Man TGE 2018- RST-Steel","description":"Bakspoiler for Volkswagen Crafter 2017- \/ MAN TGE 2018- modeller. Tilgjengelig for H1 \/ H2 takh\u00f8yde modeller. Sjekk produktene og legg inn en bestilling!","robots":{"index":"index","follow":"follow","max-snippet":"max-snippet:-1","max-image-preview":"max-image-preview:large","max-video-preview":"max-video-preview:-1"},"canonical":"https:\/\/com.rst-steel.eu\/nb\/produkt\/bakspoiler-volkswagen-crafter-2017-man-tge-2018-_prm_65900\/","og_locale":"nb_NO","og_type":"article","og_title":"Rear Spoiler Volkswagen Crafter 2017- \/ Man TGE 2018- RST-Steel","og_description":"Rear Spoiler for Volkswagen Crafter 2017- \/ MAN TGE 2018- models. Available for H1 \/ H2 roof height models. Check the products and place an order!","og_url":"https:\/\/com.rst-steel.eu\/nb\/produkt\/bakspoiler-volkswagen-crafter-2017-man-tge-2018-_prm_65900\/","og_site_name":"RST-Steel","article_publisher":"https:\/\/www.facebook.com\/rststeel","article_modified_time":"2026-03-16T06:21:13+00:00","og_image":[{"width":1440,"height":1080,"url":"https:\/\/com.rst-steel.eu\/wp-content\/uploads\/2024\/11\/1f5060ea7fbd77c25911cb7b9a503951678fd335_CRA06801.jpg","type":"image\/jpeg"}],"twitter_card":"summary_large_image","twitter_misc":{"Ansl. lesetid":"1 minutt"},"schema":{"@context":"https:\/\/schema.org","@graph":[{"@type":"WebPage","@id":"https:\/\/com.rst-steel.eu\/nb\/produkt\/bakspoiler-volkswagen-crafter-2017-man-tge-2018-_prm_65900\/","url":"https:\/\/com.rst-steel.eu\/nb\/produkt\/bakspoiler-volkswagen-crafter-2017-man-tge-2018-_prm_65900\/","name":"Bakspoiler Volkswagen Crafter 2017- \/ Man TGE 2018- RST-Steel","isPartOf":{"@id":"https:\/\/com.rst-steel.eu\/#website"},"primaryImageOfPage":{"@id":"https:\/\/com.rst-steel.eu\/nb\/produkt\/bakspoiler-volkswagen-crafter-2017-man-tge-2018-_prm_65900\/#primaryimage"},"image":{"@id":"https:\/\/com.rst-steel.eu\/nb\/produkt\/bakspoiler-volkswagen-crafter-2017-man-tge-2018-_prm_65900\/#primaryimage"},"thumbnailUrl":"https:\/\/com.rst-steel.eu\/wp-content\/uploads\/2024\/11\/1f5060ea7fbd77c25911cb7b9a503951678fd335_CRA06801.jpg","datePublished":"2024-11-19T11:45:32+00:00","dateModified":"2026-03-16T06:21:13+00:00","description":"Bakspoiler for Volkswagen Crafter 2017- \/ MAN TGE 2018- modeller. Tilgjengelig for H1 \/ H2 takh\u00f8yde modeller. Sjekk produktene og legg inn en bestilling!","breadcrumb":{"@id":"https:\/\/com.rst-steel.eu\/nb\/produkt\/bakspoiler-volkswagen-crafter-2017-man-tge-2018-_prm_65900\/#breadcrumb"},"inLanguage":"nb-NO","potentialAction":[{"@type":"ReadAction","target":["https:\/\/com.rst-steel.eu\/nb\/produkt\/bakspoiler-volkswagen-crafter-2017-man-tge-2018-_prm_65900\/"]}]},{"@type":"ImageObject","inLanguage":"nb-NO","@id":"https:\/\/com.rst-steel.eu\/nb\/produkt\/bakspoiler-volkswagen-crafter-2017-man-tge-2018-_prm_65900\/#primaryimage","url":"https:\/\/com.rst-steel.eu\/wp-content\/uploads\/2024\/11\/1f5060ea7fbd77c25911cb7b9a503951678fd335_CRA06801.jpg","contentUrl":"https:\/\/com.rst-steel.eu\/wp-content\/uploads\/2024\/11\/1f5060ea7fbd77c25911cb7b9a503951678fd335_CRA06801.jpg","width":1440,"height":1080,"caption":"Rear Spoiler Volkswagen Crafter 2017- \/ Man TGE 2018-"},{"@type":"BreadcrumbList","@id":"https:\/\/com.rst-steel.eu\/nb\/produkt\/bakspoiler-volkswagen-crafter-2017-man-tge-2018-_prm_65900\/#breadcrumb","itemListElement":[{"@type":"ListItem","position":1,"name":"Home","item":"https:\/\/com.rst-steel.eu\/"},{"@type":"ListItem","position":2,"name":"RST-Steel Shop","item":"https:\/\/com.rst-steel.eu\/shop\/"},{"@type":"ListItem","position":3,"name":"Rear Spoiler Volkswagen Crafter 2017- \/ Man TGE 2018-"}]},{"@type":"WebSite","@id":"https:\/\/com.rst-steel.eu\/#website","url":"https:\/\/com.rst-steel.eu\/","name":"RST-Steel.com","description":"Finsk kvalitetsst\u00e5l, for kvalitetsbevisste sj\u00e5f\u00f8rer","publisher":{"@id":"https:\/\/com.rst-steel.eu\/#organization"},"alternateName":"Safe and stylish RST-Steel quality","potentialAction":[{"@type":"SearchAction","target":{"@type":"EntryPoint","urlTemplate":"https:\/\/com.rst-steel.eu\/?s={search_term_string}"},"query-input":{"@type":"PropertyValueSpecification","valueRequired":true,"valueName":"search_term_string"}}],"inLanguage":"nb-NO"},{"@type":"Organization","@id":"https:\/\/com.rst-steel.eu\/#organization","name":"RST-Steel Oy","url":"https:\/\/com.rst-steel.eu\/","logo":{"@type":"ImageObject","inLanguage":"nb-NO","@id":"https:\/\/com.rst-steel.eu\/#\/schema\/logo\/image\/","url":"https:\/\/com.rst-steel.eu\/wp-content\/uploads\/2023\/04\/cropped-Rst-logo-valkoinen-teksti-3.png","contentUrl":"https:\/\/com.rst-steel.eu\/wp-content\/uploads\/2023\/04\/cropped-Rst-logo-valkoinen-teksti-3.png","width":512,"height":115,"caption":"RST-Steel Oy"},"image":{"@id":"https:\/\/com.rst-steel.eu\/#\/schema\/logo\/image\/"},"sameAs":["https:\/\/www.facebook.com\/rststeel","https:\/\/www.instagram.com\/rststeeloy\/"]}]}},"brands":[{"id":8346,"name":"Mec-one","slug":"brand_mecone"}],"_links":{"self":[{"href":"https:\/\/com.rst-steel.eu\/nb\/wp-json\/wp\/v2\/product\/48656","targetHints":{"allow":["GET"]}}],"collection":[{"href":"https:\/\/com.rst-steel.eu\/nb\/wp-json\/wp\/v2\/product"}],"about":[{"href":"https:\/\/com.rst-steel.eu\/nb\/wp-json\/wp\/v2\/types\/product"}],"replies":[{"embeddable":true,"href":"https:\/\/com.rst-steel.eu\/nb\/wp-json\/wp\/v2\/comments?post=48656"}],"version-history":[{"count":0,"href":"https:\/\/com.rst-steel.eu\/nb\/wp-json\/wp\/v2\/product\/48656\/revisions"}],"wp:featuredmedia":[{"embeddable":true,"href":"https:\/\/com.rst-steel.eu\/nb\/wp-json\/wp\/v2\/media\/48654"}],"wp:attachment":[{"href":"https:\/\/com.rst-steel.eu\/nb\/wp-json\/wp\/v2\/media?parent=48656"}],"wp:term":[{"taxonomy":"make_fuel_type","embeddable":true,"href":"https:\/\/com.rst-steel.eu\/nb\/wp-json\/wp\/v2\/make_fuel_type?post=48656"},{"taxonomy":"make_model","embeddable":true,"href":"https:\/\/com.rst-steel.eu\/nb\/wp-json\/wp\/v2\/make_model?post=48656"},{"taxonomy":"make_brand","embeddable":true,"href":"https:\/\/com.rst-steel.eu\/nb\/wp-json\/wp\/v2\/make_brand?post=48656"},{"taxonomy":"make_year","embeddable":true,"href":"https:\/\/com.rst-steel.eu\/nb\/wp-json\/wp\/v2\/make_year?post=48656"},{"taxonomy":"pwb-brand","embeddable":true,"href":"https:\/\/com.rst-steel.eu\/nb\/wp-json\/wp\/v2\/pwb-brand?post=48656"},{"taxonomy":"product_brand","embeddable":true,"href":"https:\/\/com.rst-steel.eu\/nb\/wp-json\/wp\/v2\/product_brand?post=48656"},{"taxonomy":"product_cat","embeddable":true,"href":"https:\/\/com.rst-steel.eu\/nb\/wp-json\/wp\/v2\/product_cat?post=48656"},{"taxonomy":"product_tag","embeddable":true,"href":"https:\/\/com.rst-steel.eu\/nb\/wp-json\/wp\/v2\/product_tag?post=48656"}],"curies":[{"name":"wp","href":"https:\/\/api.w.org\/{rel}","templated":true}]}}