{"id":48643,"date":"2024-11-19T14:42:45","date_gmt":"2024-11-19T11:42:45","guid":{"rendered":"https:\/\/rst-steel.com\/product\/rear-corner-bars-mb-vito-v-2024-a2-a3_prm_72497\/"},"modified":"2026-03-16T09:17:57","modified_gmt":"2026-03-16T06:17:57","slug":"hjornestenger-bak-mb-vito-v-2024-a2-a3_prm_72497","status":"publish","type":"product","link":"https:\/\/com.rst-steel.eu\/nb\/produkt\/hjornestenger-bak-mb-vito-v-2024-a2-a3_prm_72497\/","title":{"rendered":"Hj\u00f8rnestenger bak MB Vito\/V 2024- A2, A3"},"content":{"rendered":"<p>Hj\u00f8rnestenger bak MB Vito\/V 2024- A2, A3<\/p>\n<p>&nbsp;<\/p>\n<p>RST-Steel bakre hj\u00f8rnestenger er h\u00f8ykvalitetsprodukter laget av rustfritt st\u00e5l. Bakre hj\u00f8rnestenger er et stilig tilbeh\u00f8r som beskytter bilen din mot ekstra st\u00f8t. De bakre hj\u00f8rnestengene kan ogs\u00e5 utstyres med posisjonslys, noe som forbedrer synligheten i trafikken enda mer. Rask og enkel installasjon, montering p\u00e5 ferdige steder.<\/p>\n<p>&nbsp;<\/p>\n<p><span style=\"font-weight: bold;\">Passer til modeller med akselavstand A2 og A3, med enten standard eller forlenget bakre overheng.<br \/>\n<\/span><\/p>\n<p>&nbsp;<\/p>\n<p><span style=\"font-weight: bold;\">Teknisk informasjon:<\/span><\/p>\n<ul>\n<li>Farge: Speilpolert rustfritt st\u00e5l eller pulverlakkert med RAL-farger<\/li>\n<li>Pipe diameter:\u00a0 76 mm<\/li>\n<li>Enkel \u00e5 installere<\/li>\n<\/ul>\n<p>&nbsp;<\/p>\n<p><span style=\"font-weight: bold;\">Innhold i leveransen:<\/span><\/p>\n<ul>\n<li>Rear corner bars Vito<\/li>\n<li>Festemidler som kreves for installasjon<\/li>\n<li>Installasjonsinstruksjoner<\/li>\n<\/ul>","protected":false},"excerpt":{"rendered":"<p><span style=\"font-weight: bold;\">Flere modellalternativer tilgjengelig!<\/span><\/p>","protected":false},"featured_media":48640,"comment_status":"open","ping_status":"closed","template":"","meta":{"_improvement_type_select":"improve_an_existing","_thumb_yes_seoaic":false,"_frame_yes_seoaic":false,"seoaic_generate_description":"","seoaic_improve_instructions_prompt":"","seoaic_rollback_content_improvement":"","seoaic_idea_thumbnail_generator":"","thumbnail_generated":false,"thumbnail_generate_prompt":"","seoaic_article_description":""},"make_fuel_type":[],"make_model":[6941],"make_brand":[6374],"make_year":[6373],"pwb-brand":[8334],"product_brand":[],"product_cat":[8286,6076,6087],"product_tag":[],"class_list":{"0":"post-48643","1":"product","2":"type-product","3":"status-publish","4":"has-post-thumbnail","6":"make_engine-vito-l2-h1","7":"make_engine-vitol3-h1","8":"make_model-vito-facelift-2","9":"make_brand-mb-van","10":"make_year-van","11":"pwb-brand-brand_rststeel","12":"product_cat-rcb-van-mb","13":"product_cat-side-bars-and-side-steps","14":"product_cat-rear-corner-bars-for-vans","16":"first","17":"instock","18":"taxable","19":"shipping-taxable","20":"purchasable","21":"product-type-variable"},"yoast_head":"<!-- This site is optimized with the Yoast SEO plugin v25.7 - https:\/\/yoast.com\/wordpress\/plugins\/seo\/ -->\n<title>Rear Corner Bars MB Vito\/V 2024- A2, A3 - RST-Steel<\/title>\n<meta name=\"description\" content=\"Rear Corner Bars for Mercedes-Benz Vito \/ V-series 2024- models with A2 or A3 wheelbase. Check the products and place an order!\" \/>\n<meta name=\"robots\" content=\"index, follow, max-snippet:-1, max-image-preview:large, max-video-preview:-1\" \/>\n<link rel=\"canonical\" href=\"https:\/\/com.rst-steel.eu\/nb\/produkt\/hjornestenger-bak-mb-vito-v-2024-a2-a3_prm_72497\/\" \/>\n<meta property=\"og:locale\" content=\"nb_NO\" \/>\n<meta property=\"og:type\" content=\"article\" \/>\n<meta property=\"og:title\" content=\"Rear Corner Bars MB Vito\/V 2024- A2, A3 - RST-Steel\" \/>\n<meta property=\"og:description\" content=\"Rear Corner Bars for Mercedes-Benz Vito \/ V-series 2024- models with A2 or A3 wheelbase. Check the products and place an order!\" \/>\n<meta property=\"og:url\" content=\"https:\/\/com.rst-steel.eu\/nb\/produkt\/hjornestenger-bak-mb-vito-v-2024-a2-a3_prm_72497\/\" \/>\n<meta property=\"og:site_name\" content=\"RST-Steel\" \/>\n<meta property=\"article:publisher\" content=\"https:\/\/www.facebook.com\/rststeel\" \/>\n<meta property=\"article:modified_time\" content=\"2026-03-16T06:17:57+00:00\" \/>\n<meta property=\"og:image\" content=\"https:\/\/com.rst-steel.eu\/wp-content\/uploads\/2024\/11\/a62c67060b2f080be0120af3a37c0d8aaf31359b_VIT034B_1.jpeg\" \/>\n\t<meta property=\"og:image:width\" content=\"1200\" \/>\n\t<meta property=\"og:image:height\" content=\"1600\" \/>\n\t<meta property=\"og:image:type\" content=\"image\/jpeg\" \/>\n<meta name=\"twitter:card\" content=\"summary_large_image\" \/>\n<meta name=\"twitter:label1\" content=\"Ansl. lesetid\" \/>\n\t<meta name=\"twitter:data1\" content=\"1 minutt\" \/>\n<script type=\"application\/ld+json\" class=\"yoast-schema-graph\">{\"@context\":\"https:\/\/schema.org\",\"@graph\":[{\"@type\":\"WebPage\",\"@id\":\"https:\/\/com.rst-steel.eu\/sv\/produkt\/bakre-hornlister-mb-vito-v-2024-a2-a3_prm_72497\/\",\"url\":\"https:\/\/com.rst-steel.eu\/sv\/produkt\/bakre-hornlister-mb-vito-v-2024-a2-a3_prm_72497\/\",\"name\":\"Rear Corner Bars MB Vito\/V 2024- A2, A3 - RST-Steel\",\"isPartOf\":{\"@id\":\"https:\/\/com.rst-steel.eu\/#website\"},\"primaryImageOfPage\":{\"@id\":\"https:\/\/com.rst-steel.eu\/sv\/produkt\/bakre-hornlister-mb-vito-v-2024-a2-a3_prm_72497\/#primaryimage\"},\"image\":{\"@id\":\"https:\/\/com.rst-steel.eu\/sv\/produkt\/bakre-hornlister-mb-vito-v-2024-a2-a3_prm_72497\/#primaryimage\"},\"thumbnailUrl\":\"https:\/\/com.rst-steel.eu\/wp-content\/uploads\/2024\/11\/a62c67060b2f080be0120af3a37c0d8aaf31359b_VIT034B_1.jpeg\",\"datePublished\":\"2024-11-19T11:42:45+00:00\",\"dateModified\":\"2026-03-16T06:17:57+00:00\",\"description\":\"Rear Corner Bars for Mercedes-Benz Vito \/ V-series 2024- models with A2 or A3 wheelbase. Check the products and place an order!\",\"breadcrumb\":{\"@id\":\"https:\/\/com.rst-steel.eu\/sv\/produkt\/bakre-hornlister-mb-vito-v-2024-a2-a3_prm_72497\/#breadcrumb\"},\"inLanguage\":\"nb-NO\",\"potentialAction\":[{\"@type\":\"ReadAction\",\"target\":[\"https:\/\/com.rst-steel.eu\/sv\/produkt\/bakre-hornlister-mb-vito-v-2024-a2-a3_prm_72497\/\"]}]},{\"@type\":\"ImageObject\",\"inLanguage\":\"nb-NO\",\"@id\":\"https:\/\/com.rst-steel.eu\/sv\/produkt\/bakre-hornlister-mb-vito-v-2024-a2-a3_prm_72497\/#primaryimage\",\"url\":\"https:\/\/com.rst-steel.eu\/wp-content\/uploads\/2024\/11\/a62c67060b2f080be0120af3a37c0d8aaf31359b_VIT034B_1.jpeg\",\"contentUrl\":\"https:\/\/com.rst-steel.eu\/wp-content\/uploads\/2024\/11\/a62c67060b2f080be0120af3a37c0d8aaf31359b_VIT034B_1.jpeg\",\"width\":1200,\"height\":1600,\"caption\":\"Rear Corner Bars MB Vito\/V 2024- A2, A3\"},{\"@type\":\"BreadcrumbList\",\"@id\":\"https:\/\/com.rst-steel.eu\/sv\/produkt\/bakre-hornlister-mb-vito-v-2024-a2-a3_prm_72497\/#breadcrumb\",\"itemListElement\":[{\"@type\":\"ListItem\",\"position\":1,\"name\":\"Home\",\"item\":\"https:\/\/com.rst-steel.eu\/\"},{\"@type\":\"ListItem\",\"position\":2,\"name\":\"RST-Steel Shop\",\"item\":\"https:\/\/com.rst-steel.eu\/shop\/\"},{\"@type\":\"ListItem\",\"position\":3,\"name\":\"Rear Corner Bars MB Vito\/V 2024- A2, A3\"}]},{\"@type\":\"WebSite\",\"@id\":\"https:\/\/com.rst-steel.eu\/#website\",\"url\":\"https:\/\/com.rst-steel.eu\/\",\"name\":\"RST-Steel.com\",\"description\":\"Finnish quality steel, for quality-conscious drivers\",\"publisher\":{\"@id\":\"https:\/\/com.rst-steel.eu\/#organization\"},\"alternateName\":\"Safe and stylish RST-Steel quality\",\"potentialAction\":[{\"@type\":\"SearchAction\",\"target\":{\"@type\":\"EntryPoint\",\"urlTemplate\":\"https:\/\/com.rst-steel.eu\/?s={search_term_string}\"},\"query-input\":{\"@type\":\"PropertyValueSpecification\",\"valueRequired\":true,\"valueName\":\"search_term_string\"}}],\"inLanguage\":\"nb-NO\"},{\"@type\":\"Organization\",\"@id\":\"https:\/\/com.rst-steel.eu\/#organization\",\"name\":\"RST-Steel Oy\",\"url\":\"https:\/\/com.rst-steel.eu\/\",\"logo\":{\"@type\":\"ImageObject\",\"inLanguage\":\"nb-NO\",\"@id\":\"https:\/\/com.rst-steel.eu\/#\/schema\/logo\/image\/\",\"url\":\"https:\/\/com.rst-steel.eu\/wp-content\/uploads\/2023\/04\/cropped-Rst-logo-valkoinen-teksti-3.png\",\"contentUrl\":\"https:\/\/com.rst-steel.eu\/wp-content\/uploads\/2023\/04\/cropped-Rst-logo-valkoinen-teksti-3.png\",\"width\":512,\"height\":115,\"caption\":\"RST-Steel Oy\"},\"image\":{\"@id\":\"https:\/\/com.rst-steel.eu\/#\/schema\/logo\/image\/\"},\"sameAs\":[\"https:\/\/www.facebook.com\/rststeel\",\"https:\/\/www.instagram.com\/rststeeloy\/\"]}]}<\/script>\n<!-- \/ Yoast SEO plugin. -->","yoast_head_json":{"title":"Hj\u00f8rnestenger bak MB Vito\/V 2024- A2, A3 - RST-Steel","description":"Hj\u00f8rnestenger bak til Mercedes-Benz Vito \/ V-serien 2024- modeller med A2 eller A3 akselavstand. Sjekk produktene og legg inn en bestilling!","robots":{"index":"index","follow":"follow","max-snippet":"max-snippet:-1","max-image-preview":"max-image-preview:large","max-video-preview":"max-video-preview:-1"},"canonical":"https:\/\/com.rst-steel.eu\/nb\/produkt\/hjornestenger-bak-mb-vito-v-2024-a2-a3_prm_72497\/","og_locale":"nb_NO","og_type":"article","og_title":"Rear Corner Bars MB Vito\/V 2024- A2, A3 - RST-Steel","og_description":"Rear Corner Bars for Mercedes-Benz Vito \/ V-series 2024- models with A2 or A3 wheelbase. Check the products and place an order!","og_url":"https:\/\/com.rst-steel.eu\/nb\/produkt\/hjornestenger-bak-mb-vito-v-2024-a2-a3_prm_72497\/","og_site_name":"RST-Steel","article_publisher":"https:\/\/www.facebook.com\/rststeel","article_modified_time":"2026-03-16T06:17:57+00:00","og_image":[{"width":1200,"height":1600,"url":"https:\/\/com.rst-steel.eu\/wp-content\/uploads\/2024\/11\/a62c67060b2f080be0120af3a37c0d8aaf31359b_VIT034B_1.jpeg","type":"image\/jpeg"}],"twitter_card":"summary_large_image","twitter_misc":{"Ansl. lesetid":"1 minutt"},"schema":{"@context":"https:\/\/schema.org","@graph":[{"@type":"WebPage","@id":"https:\/\/com.rst-steel.eu\/sv\/produkt\/bakre-hornlister-mb-vito-v-2024-a2-a3_prm_72497\/","url":"https:\/\/com.rst-steel.eu\/sv\/produkt\/bakre-hornlister-mb-vito-v-2024-a2-a3_prm_72497\/","name":"Hj\u00f8rnestenger bak MB Vito\/V 2024- A2, A3 - RST-Steel","isPartOf":{"@id":"https:\/\/com.rst-steel.eu\/#website"},"primaryImageOfPage":{"@id":"https:\/\/com.rst-steel.eu\/sv\/produkt\/bakre-hornlister-mb-vito-v-2024-a2-a3_prm_72497\/#primaryimage"},"image":{"@id":"https:\/\/com.rst-steel.eu\/sv\/produkt\/bakre-hornlister-mb-vito-v-2024-a2-a3_prm_72497\/#primaryimage"},"thumbnailUrl":"https:\/\/com.rst-steel.eu\/wp-content\/uploads\/2024\/11\/a62c67060b2f080be0120af3a37c0d8aaf31359b_VIT034B_1.jpeg","datePublished":"2024-11-19T11:42:45+00:00","dateModified":"2026-03-16T06:17:57+00:00","description":"Hj\u00f8rnestenger bak til Mercedes-Benz Vito \/ V-serien 2024- modeller med A2 eller A3 akselavstand. Sjekk produktene og legg inn en bestilling!","breadcrumb":{"@id":"https:\/\/com.rst-steel.eu\/sv\/produkt\/bakre-hornlister-mb-vito-v-2024-a2-a3_prm_72497\/#breadcrumb"},"inLanguage":"nb-NO","potentialAction":[{"@type":"ReadAction","target":["https:\/\/com.rst-steel.eu\/sv\/produkt\/bakre-hornlister-mb-vito-v-2024-a2-a3_prm_72497\/"]}]},{"@type":"ImageObject","inLanguage":"nb-NO","@id":"https:\/\/com.rst-steel.eu\/sv\/produkt\/bakre-hornlister-mb-vito-v-2024-a2-a3_prm_72497\/#primaryimage","url":"https:\/\/com.rst-steel.eu\/wp-content\/uploads\/2024\/11\/a62c67060b2f080be0120af3a37c0d8aaf31359b_VIT034B_1.jpeg","contentUrl":"https:\/\/com.rst-steel.eu\/wp-content\/uploads\/2024\/11\/a62c67060b2f080be0120af3a37c0d8aaf31359b_VIT034B_1.jpeg","width":1200,"height":1600,"caption":"Rear Corner Bars MB Vito\/V 2024- A2, A3"},{"@type":"BreadcrumbList","@id":"https:\/\/com.rst-steel.eu\/sv\/produkt\/bakre-hornlister-mb-vito-v-2024-a2-a3_prm_72497\/#breadcrumb","itemListElement":[{"@type":"ListItem","position":1,"name":"Home","item":"https:\/\/com.rst-steel.eu\/"},{"@type":"ListItem","position":2,"name":"RST-Steel Shop","item":"https:\/\/com.rst-steel.eu\/shop\/"},{"@type":"ListItem","position":3,"name":"Rear Corner Bars MB Vito\/V 2024- A2, A3"}]},{"@type":"WebSite","@id":"https:\/\/com.rst-steel.eu\/#website","url":"https:\/\/com.rst-steel.eu\/","name":"RST-Steel.com","description":"Finsk kvalitetsst\u00e5l, for kvalitetsbevisste sj\u00e5f\u00f8rer","publisher":{"@id":"https:\/\/com.rst-steel.eu\/#organization"},"alternateName":"Safe and stylish RST-Steel quality","potentialAction":[{"@type":"SearchAction","target":{"@type":"EntryPoint","urlTemplate":"https:\/\/com.rst-steel.eu\/?s={search_term_string}"},"query-input":{"@type":"PropertyValueSpecification","valueRequired":true,"valueName":"search_term_string"}}],"inLanguage":"nb-NO"},{"@type":"Organization","@id":"https:\/\/com.rst-steel.eu\/#organization","name":"RST-Steel Oy","url":"https:\/\/com.rst-steel.eu\/","logo":{"@type":"ImageObject","inLanguage":"nb-NO","@id":"https:\/\/com.rst-steel.eu\/#\/schema\/logo\/image\/","url":"https:\/\/com.rst-steel.eu\/wp-content\/uploads\/2023\/04\/cropped-Rst-logo-valkoinen-teksti-3.png","contentUrl":"https:\/\/com.rst-steel.eu\/wp-content\/uploads\/2023\/04\/cropped-Rst-logo-valkoinen-teksti-3.png","width":512,"height":115,"caption":"RST-Steel Oy"},"image":{"@id":"https:\/\/com.rst-steel.eu\/#\/schema\/logo\/image\/"},"sameAs":["https:\/\/www.facebook.com\/rststeel","https:\/\/www.instagram.com\/rststeeloy\/"]}]}},"brands":[{"id":8334,"name":"RST-Steel","slug":"brand_rststeel"}],"_links":{"self":[{"href":"https:\/\/com.rst-steel.eu\/nb\/wp-json\/wp\/v2\/product\/48643","targetHints":{"allow":["GET"]}}],"collection":[{"href":"https:\/\/com.rst-steel.eu\/nb\/wp-json\/wp\/v2\/product"}],"about":[{"href":"https:\/\/com.rst-steel.eu\/nb\/wp-json\/wp\/v2\/types\/product"}],"replies":[{"embeddable":true,"href":"https:\/\/com.rst-steel.eu\/nb\/wp-json\/wp\/v2\/comments?post=48643"}],"version-history":[{"count":0,"href":"https:\/\/com.rst-steel.eu\/nb\/wp-json\/wp\/v2\/product\/48643\/revisions"}],"wp:featuredmedia":[{"embeddable":true,"href":"https:\/\/com.rst-steel.eu\/nb\/wp-json\/wp\/v2\/media\/48640"}],"wp:attachment":[{"href":"https:\/\/com.rst-steel.eu\/nb\/wp-json\/wp\/v2\/media?parent=48643"}],"wp:term":[{"taxonomy":"make_fuel_type","embeddable":true,"href":"https:\/\/com.rst-steel.eu\/nb\/wp-json\/wp\/v2\/make_fuel_type?post=48643"},{"taxonomy":"make_model","embeddable":true,"href":"https:\/\/com.rst-steel.eu\/nb\/wp-json\/wp\/v2\/make_model?post=48643"},{"taxonomy":"make_brand","embeddable":true,"href":"https:\/\/com.rst-steel.eu\/nb\/wp-json\/wp\/v2\/make_brand?post=48643"},{"taxonomy":"make_year","embeddable":true,"href":"https:\/\/com.rst-steel.eu\/nb\/wp-json\/wp\/v2\/make_year?post=48643"},{"taxonomy":"pwb-brand","embeddable":true,"href":"https:\/\/com.rst-steel.eu\/nb\/wp-json\/wp\/v2\/pwb-brand?post=48643"},{"taxonomy":"product_brand","embeddable":true,"href":"https:\/\/com.rst-steel.eu\/nb\/wp-json\/wp\/v2\/product_brand?post=48643"},{"taxonomy":"product_cat","embeddable":true,"href":"https:\/\/com.rst-steel.eu\/nb\/wp-json\/wp\/v2\/product_cat?post=48643"},{"taxonomy":"product_tag","embeddable":true,"href":"https:\/\/com.rst-steel.eu\/nb\/wp-json\/wp\/v2\/product_tag?post=48643"}],"curies":[{"name":"wp","href":"https:\/\/api.w.org\/{rel}","templated":true}]}}