{"id":48513,"date":"2024-11-14T13:02:27","date_gmt":"2024-11-14T10:02:27","guid":{"rendered":"https:\/\/rst-steel.com\/product\/side-bars-mercedes-benz-vito-v-series-2014-swb_prm_65923\/"},"modified":"2026-03-16T09:21:13","modified_gmt":"2026-03-16T06:21:13","slug":"sidestenger-mercedes-benz-vito-v-serie-2014-swb_prm_65923","status":"publish","type":"product","link":"https:\/\/com.rst-steel.eu\/nb\/produkt\/sidestenger-mercedes-benz-vito-v-serie-2014-swb_prm_65923\/","title":{"rendered":"Sidevanger Mercedes-Benz Vito\/ V-Series 2014-, SWB"},"content":{"rendered":"<p><strong>Sidevanger Mercedes-Benz Vito\/ V-Series 2014-, SWB<\/strong><\/p>\n<p>&nbsp;<\/p>\n<p>De beskyttende sidestengene er det ideelle valget for dem som \u00f8nsker \u00e5 fremheve konturene p\u00e5 kj\u00f8ret\u00f8yet sitt. Selv om disse listene ikke er utformet for \u00e5 brukes som trinn, beskytter de terskelen effektivt mot mekaniske skader.<\/p>\n<p>&nbsp;<\/p>\n<p>Disse sidestengene er laget av rustfritt st\u00e5l og har en diameter p\u00e5 76 mm, kombinert med en h\u00e5ndbehandlet design som sikrer holdbarhet i mange \u00e5r og ikke bare \u00e9n sesong.<\/p>\n<p>&nbsp;<\/p>\n<p>Med produktet f\u00f8lger et monteringssett i rustfritt st\u00e5l som er spesielt tilpasset din bil, samt enkle monteringsanvisninger.<\/p>\n<p>&nbsp;<\/p>\n<p>Disse stengene er laget av rustfritt st\u00e5l av h\u00f8y kvalitet og har utmerket korrosjonsbestandighet, selv under utfordrende v\u00e6rforhold.<\/p>\n<p>&nbsp;<\/p>\n<p><span style=\"font-weight: bold;\">Egnet for biler med kort akselavstand.<\/span><\/p>\n<p><span style=\"font-weight: bold;\">Rask og enkel installasjon, installasjon p\u00e5 ferdige steder.<\/span><\/p>\n<p>&nbsp;<\/p>\n<p>&nbsp;<\/p>\n<p><span style=\"font-weight: bold;\">Teknisk informasjon:<\/span><\/p>\n<ul>\n<li>Farge: Speilpolert rustfritt st\u00e5l eller pulverlakkert med RAL-farger<\/li>\n<li>Stangdiameter: 76 mm<\/li>\n<\/ul>\n<p>&nbsp;<\/p>\n<p><span style=\"font-weight: bold;\">Innhold i leveransen:<\/span><\/p>\n<ul>\n<li>Side bars Mercedes-Benz Vito<\/li>\n<li>Festemidler som kreves for installasjon<\/li>\n<li>Installasjonsinstruksjoner<\/li>\n<\/ul>","protected":false},"excerpt":{"rendered":"<p><span style=\"font-weight: bold;\">Flere modellalternativer tilgjengelig!<\/span><\/p>","protected":false},"featured_media":48514,"comment_status":"open","ping_status":"closed","template":"","meta":{"_improvement_type_select":"improve_an_existing","_thumb_yes_seoaic":false,"_frame_yes_seoaic":false,"seoaic_generate_description":"","seoaic_improve_instructions_prompt":"","seoaic_rollback_content_improvement":"","seoaic_idea_thumbnail_generator":"","thumbnail_generated":false,"thumbnail_generate_prompt":"","seoaic_article_description":""},"make_fuel_type":[],"make_model":[6375,6941,6380],"make_brand":[6374],"make_year":[6373],"pwb-brand":[8334],"product_brand":[],"product_cat":[8275,6076,6077],"product_tag":[6611,6610],"class_list":{"0":"post-48513","1":"product","2":"type-product","3":"status-publish","4":"has-post-thumbnail","6":"make_engine-vito-l1-h1","7":"make_engine-vito-l2-h1","8":"make_model-w447-vito","9":"make_model-vito-facelift-2","10":"make_model-w447-vito-facelift","11":"make_brand-mb-van","12":"make_year-van","13":"pwb-brand-brand_rststeel","14":"product_cat-sb-vans-mb","15":"product_cat-side-bars-and-side-steps","16":"product_cat-side-bars-for-vans","17":"product_tag-mercedes","18":"product_tag-mercedes-benz","19":"product_shipping_class-lightbars","21":"first","22":"instock","23":"taxable","24":"shipping-taxable","25":"purchasable","26":"product-type-variable"},"yoast_head":"<!-- This site is optimized with the Yoast SEO plugin v25.7 - https:\/\/yoast.com\/wordpress\/plugins\/seo\/ -->\n<title>Side Bars Mercedes-Benz Vito\/ V-Series 2014-, SWB - RST-Steel<\/title>\n<meta name=\"description\" content=\"Side Bars Mercedes-Benz Vito\/ V-Series 2014-, suitable for cars with a short wheelbase. Quick and easy installation, installation in ready-made places.\" \/>\n<meta name=\"robots\" content=\"index, follow, max-snippet:-1, max-image-preview:large, max-video-preview:-1\" \/>\n<link rel=\"canonical\" href=\"https:\/\/com.rst-steel.eu\/nb\/produkt\/sidestenger-mercedes-benz-vito-v-serie-2014-swb_prm_65923\/\" \/>\n<meta property=\"og:locale\" content=\"nb_NO\" \/>\n<meta property=\"og:type\" content=\"article\" \/>\n<meta property=\"og:title\" content=\"Side Bars Mercedes-Benz Vito\/ V-Series 2014-, SWB - RST-Steel\" \/>\n<meta property=\"og:description\" content=\"Side Bars Mercedes-Benz Vito\/ V-Series 2014-, suitable for cars with a short wheelbase. Quick and easy installation, installation in ready-made places.\" \/>\n<meta property=\"og:url\" content=\"https:\/\/com.rst-steel.eu\/nb\/produkt\/sidestenger-mercedes-benz-vito-v-serie-2014-swb_prm_65923\/\" \/>\n<meta property=\"og:site_name\" content=\"RST-Steel\" \/>\n<meta property=\"article:publisher\" content=\"https:\/\/www.facebook.com\/rststeel\" \/>\n<meta property=\"article:modified_time\" content=\"2026-03-16T06:21:13+00:00\" \/>\n<meta property=\"og:image\" content=\"https:\/\/com.rst-steel.eu\/wp-content\/uploads\/2024\/11\/2707b2982338f83c902494fea9b7e276e9a4344e_VIT003A-1-scaled.jpeg\" \/>\n\t<meta property=\"og:image:width\" content=\"1920\" \/>\n\t<meta property=\"og:image:height\" content=\"2560\" \/>\n\t<meta property=\"og:image:type\" content=\"image\/jpeg\" \/>\n<meta name=\"twitter:card\" content=\"summary_large_image\" \/>\n<meta name=\"twitter:label1\" content=\"Ansl. lesetid\" \/>\n\t<meta name=\"twitter:data1\" content=\"1 minutt\" \/>\n<script type=\"application\/ld+json\" class=\"yoast-schema-graph\">{\"@context\":\"https:\/\/schema.org\",\"@graph\":[{\"@type\":\"WebPage\",\"@id\":\"https:\/\/com.rst-steel.eu\/nb\/produkt\/sidestenger-mercedes-benz-vito-v-serie-2014-swb_prm_65923\/\",\"url\":\"https:\/\/com.rst-steel.eu\/nb\/produkt\/sidestenger-mercedes-benz-vito-v-serie-2014-swb_prm_65923\/\",\"name\":\"Side Bars Mercedes-Benz Vito\/ V-Series 2014-, SWB - RST-Steel\",\"isPartOf\":{\"@id\":\"https:\/\/com.rst-steel.eu\/#website\"},\"primaryImageOfPage\":{\"@id\":\"https:\/\/com.rst-steel.eu\/nb\/produkt\/sidestenger-mercedes-benz-vito-v-serie-2014-swb_prm_65923\/#primaryimage\"},\"image\":{\"@id\":\"https:\/\/com.rst-steel.eu\/nb\/produkt\/sidestenger-mercedes-benz-vito-v-serie-2014-swb_prm_65923\/#primaryimage\"},\"thumbnailUrl\":\"https:\/\/com.rst-steel.eu\/wp-content\/uploads\/2024\/11\/2707b2982338f83c902494fea9b7e276e9a4344e_VIT003A-1-scaled.jpeg\",\"datePublished\":\"2024-11-14T10:02:27+00:00\",\"dateModified\":\"2026-03-16T06:21:13+00:00\",\"description\":\"Side Bars Mercedes-Benz Vito\/ V-Series 2014-, suitable for cars with a short wheelbase. Quick and easy installation, installation in ready-made places.\",\"breadcrumb\":{\"@id\":\"https:\/\/com.rst-steel.eu\/nb\/produkt\/sidestenger-mercedes-benz-vito-v-serie-2014-swb_prm_65923\/#breadcrumb\"},\"inLanguage\":\"nb-NO\",\"potentialAction\":[{\"@type\":\"ReadAction\",\"target\":[\"https:\/\/com.rst-steel.eu\/nb\/produkt\/sidestenger-mercedes-benz-vito-v-serie-2014-swb_prm_65923\/\"]}]},{\"@type\":\"ImageObject\",\"inLanguage\":\"nb-NO\",\"@id\":\"https:\/\/com.rst-steel.eu\/nb\/produkt\/sidestenger-mercedes-benz-vito-v-serie-2014-swb_prm_65923\/#primaryimage\",\"url\":\"https:\/\/com.rst-steel.eu\/wp-content\/uploads\/2024\/11\/2707b2982338f83c902494fea9b7e276e9a4344e_VIT003A-1-scaled.jpeg\",\"contentUrl\":\"https:\/\/com.rst-steel.eu\/wp-content\/uploads\/2024\/11\/2707b2982338f83c902494fea9b7e276e9a4344e_VIT003A-1-scaled.jpeg\",\"width\":1920,\"height\":2560,\"caption\":\"Side Bars Mercedes-Benz Vito\/ V-Series 2014-, SWB\"},{\"@type\":\"BreadcrumbList\",\"@id\":\"https:\/\/com.rst-steel.eu\/nb\/produkt\/sidestenger-mercedes-benz-vito-v-serie-2014-swb_prm_65923\/#breadcrumb\",\"itemListElement\":[{\"@type\":\"ListItem\",\"position\":1,\"name\":\"Home\",\"item\":\"https:\/\/com.rst-steel.eu\/\"},{\"@type\":\"ListItem\",\"position\":2,\"name\":\"RST-Steel Shop\",\"item\":\"https:\/\/com.rst-steel.eu\/shop\/\"},{\"@type\":\"ListItem\",\"position\":3,\"name\":\"Side Bars Mercedes-Benz Vito\/ V-Series 2014-, SWB\"}]},{\"@type\":\"WebSite\",\"@id\":\"https:\/\/com.rst-steel.eu\/#website\",\"url\":\"https:\/\/com.rst-steel.eu\/\",\"name\":\"RST-Steel.com\",\"description\":\"Finnish quality steel, for quality-conscious drivers\",\"publisher\":{\"@id\":\"https:\/\/com.rst-steel.eu\/#organization\"},\"alternateName\":\"Safe and stylish RST-Steel quality\",\"potentialAction\":[{\"@type\":\"SearchAction\",\"target\":{\"@type\":\"EntryPoint\",\"urlTemplate\":\"https:\/\/com.rst-steel.eu\/?s={search_term_string}\"},\"query-input\":{\"@type\":\"PropertyValueSpecification\",\"valueRequired\":true,\"valueName\":\"search_term_string\"}}],\"inLanguage\":\"nb-NO\"},{\"@type\":\"Organization\",\"@id\":\"https:\/\/com.rst-steel.eu\/#organization\",\"name\":\"RST-Steel Oy\",\"url\":\"https:\/\/com.rst-steel.eu\/\",\"logo\":{\"@type\":\"ImageObject\",\"inLanguage\":\"nb-NO\",\"@id\":\"https:\/\/com.rst-steel.eu\/#\/schema\/logo\/image\/\",\"url\":\"https:\/\/com.rst-steel.eu\/wp-content\/uploads\/2023\/04\/cropped-Rst-logo-valkoinen-teksti-3.png\",\"contentUrl\":\"https:\/\/com.rst-steel.eu\/wp-content\/uploads\/2023\/04\/cropped-Rst-logo-valkoinen-teksti-3.png\",\"width\":512,\"height\":115,\"caption\":\"RST-Steel Oy\"},\"image\":{\"@id\":\"https:\/\/com.rst-steel.eu\/#\/schema\/logo\/image\/\"},\"sameAs\":[\"https:\/\/www.facebook.com\/rststeel\",\"https:\/\/www.instagram.com\/rststeeloy\/\"]}]}<\/script>\n<!-- \/ Yoast SEO plugin. -->","yoast_head_json":{"title":"Sidevanger Mercedes-Benz Vito\/ V-Series 2014-, SWB - RST-Steel","description":"Sidebjelker Mercedes-Benz Vito\/ V-Series 2014-, egnet for biler med kort akselavstand. Rask og enkel montering, montering p\u00e5 ferdige steder.","robots":{"index":"index","follow":"follow","max-snippet":"max-snippet:-1","max-image-preview":"max-image-preview:large","max-video-preview":"max-video-preview:-1"},"canonical":"https:\/\/com.rst-steel.eu\/nb\/produkt\/sidestenger-mercedes-benz-vito-v-serie-2014-swb_prm_65923\/","og_locale":"nb_NO","og_type":"article","og_title":"Side Bars Mercedes-Benz Vito\/ V-Series 2014-, SWB - RST-Steel","og_description":"Side Bars Mercedes-Benz Vito\/ V-Series 2014-, suitable for cars with a short wheelbase. Quick and easy installation, installation in ready-made places.","og_url":"https:\/\/com.rst-steel.eu\/nb\/produkt\/sidestenger-mercedes-benz-vito-v-serie-2014-swb_prm_65923\/","og_site_name":"RST-Steel","article_publisher":"https:\/\/www.facebook.com\/rststeel","article_modified_time":"2026-03-16T06:21:13+00:00","og_image":[{"width":1920,"height":2560,"url":"https:\/\/com.rst-steel.eu\/wp-content\/uploads\/2024\/11\/2707b2982338f83c902494fea9b7e276e9a4344e_VIT003A-1-scaled.jpeg","type":"image\/jpeg"}],"twitter_card":"summary_large_image","twitter_misc":{"Ansl. lesetid":"1 minutt"},"schema":{"@context":"https:\/\/schema.org","@graph":[{"@type":"WebPage","@id":"https:\/\/com.rst-steel.eu\/nb\/produkt\/sidestenger-mercedes-benz-vito-v-serie-2014-swb_prm_65923\/","url":"https:\/\/com.rst-steel.eu\/nb\/produkt\/sidestenger-mercedes-benz-vito-v-serie-2014-swb_prm_65923\/","name":"Sidevanger Mercedes-Benz Vito\/ V-Series 2014-, SWB - RST-Steel","isPartOf":{"@id":"https:\/\/com.rst-steel.eu\/#website"},"primaryImageOfPage":{"@id":"https:\/\/com.rst-steel.eu\/nb\/produkt\/sidestenger-mercedes-benz-vito-v-serie-2014-swb_prm_65923\/#primaryimage"},"image":{"@id":"https:\/\/com.rst-steel.eu\/nb\/produkt\/sidestenger-mercedes-benz-vito-v-serie-2014-swb_prm_65923\/#primaryimage"},"thumbnailUrl":"https:\/\/com.rst-steel.eu\/wp-content\/uploads\/2024\/11\/2707b2982338f83c902494fea9b7e276e9a4344e_VIT003A-1-scaled.jpeg","datePublished":"2024-11-14T10:02:27+00:00","dateModified":"2026-03-16T06:21:13+00:00","description":"Sidebjelker Mercedes-Benz Vito\/ V-Series 2014-, egnet for biler med kort akselavstand. Rask og enkel montering, montering p\u00e5 ferdige steder.","breadcrumb":{"@id":"https:\/\/com.rst-steel.eu\/nb\/produkt\/sidestenger-mercedes-benz-vito-v-serie-2014-swb_prm_65923\/#breadcrumb"},"inLanguage":"nb-NO","potentialAction":[{"@type":"ReadAction","target":["https:\/\/com.rst-steel.eu\/nb\/produkt\/sidestenger-mercedes-benz-vito-v-serie-2014-swb_prm_65923\/"]}]},{"@type":"ImageObject","inLanguage":"nb-NO","@id":"https:\/\/com.rst-steel.eu\/nb\/produkt\/sidestenger-mercedes-benz-vito-v-serie-2014-swb_prm_65923\/#primaryimage","url":"https:\/\/com.rst-steel.eu\/wp-content\/uploads\/2024\/11\/2707b2982338f83c902494fea9b7e276e9a4344e_VIT003A-1-scaled.jpeg","contentUrl":"https:\/\/com.rst-steel.eu\/wp-content\/uploads\/2024\/11\/2707b2982338f83c902494fea9b7e276e9a4344e_VIT003A-1-scaled.jpeg","width":1920,"height":2560,"caption":"Side Bars Mercedes-Benz Vito\/ V-Series 2014-, SWB"},{"@type":"BreadcrumbList","@id":"https:\/\/com.rst-steel.eu\/nb\/produkt\/sidestenger-mercedes-benz-vito-v-serie-2014-swb_prm_65923\/#breadcrumb","itemListElement":[{"@type":"ListItem","position":1,"name":"Home","item":"https:\/\/com.rst-steel.eu\/"},{"@type":"ListItem","position":2,"name":"RST-Steel Shop","item":"https:\/\/com.rst-steel.eu\/shop\/"},{"@type":"ListItem","position":3,"name":"Side Bars Mercedes-Benz Vito\/ V-Series 2014-, SWB"}]},{"@type":"WebSite","@id":"https:\/\/com.rst-steel.eu\/#website","url":"https:\/\/com.rst-steel.eu\/","name":"RST-Steel.com","description":"Finsk kvalitetsst\u00e5l, for kvalitetsbevisste sj\u00e5f\u00f8rer","publisher":{"@id":"https:\/\/com.rst-steel.eu\/#organization"},"alternateName":"Safe and stylish RST-Steel quality","potentialAction":[{"@type":"SearchAction","target":{"@type":"EntryPoint","urlTemplate":"https:\/\/com.rst-steel.eu\/?s={search_term_string}"},"query-input":{"@type":"PropertyValueSpecification","valueRequired":true,"valueName":"search_term_string"}}],"inLanguage":"nb-NO"},{"@type":"Organization","@id":"https:\/\/com.rst-steel.eu\/#organization","name":"RST-Steel Oy","url":"https:\/\/com.rst-steel.eu\/","logo":{"@type":"ImageObject","inLanguage":"nb-NO","@id":"https:\/\/com.rst-steel.eu\/#\/schema\/logo\/image\/","url":"https:\/\/com.rst-steel.eu\/wp-content\/uploads\/2023\/04\/cropped-Rst-logo-valkoinen-teksti-3.png","contentUrl":"https:\/\/com.rst-steel.eu\/wp-content\/uploads\/2023\/04\/cropped-Rst-logo-valkoinen-teksti-3.png","width":512,"height":115,"caption":"RST-Steel Oy"},"image":{"@id":"https:\/\/com.rst-steel.eu\/#\/schema\/logo\/image\/"},"sameAs":["https:\/\/www.facebook.com\/rststeel","https:\/\/www.instagram.com\/rststeeloy\/"]}]}},"brands":[{"id":8334,"name":"RST-Steel","slug":"brand_rststeel"}],"_links":{"self":[{"href":"https:\/\/com.rst-steel.eu\/nb\/wp-json\/wp\/v2\/product\/48513","targetHints":{"allow":["GET"]}}],"collection":[{"href":"https:\/\/com.rst-steel.eu\/nb\/wp-json\/wp\/v2\/product"}],"about":[{"href":"https:\/\/com.rst-steel.eu\/nb\/wp-json\/wp\/v2\/types\/product"}],"replies":[{"embeddable":true,"href":"https:\/\/com.rst-steel.eu\/nb\/wp-json\/wp\/v2\/comments?post=48513"}],"version-history":[{"count":0,"href":"https:\/\/com.rst-steel.eu\/nb\/wp-json\/wp\/v2\/product\/48513\/revisions"}],"wp:featuredmedia":[{"embeddable":true,"href":"https:\/\/com.rst-steel.eu\/nb\/wp-json\/wp\/v2\/media\/48514"}],"wp:attachment":[{"href":"https:\/\/com.rst-steel.eu\/nb\/wp-json\/wp\/v2\/media?parent=48513"}],"wp:term":[{"taxonomy":"make_fuel_type","embeddable":true,"href":"https:\/\/com.rst-steel.eu\/nb\/wp-json\/wp\/v2\/make_fuel_type?post=48513"},{"taxonomy":"make_model","embeddable":true,"href":"https:\/\/com.rst-steel.eu\/nb\/wp-json\/wp\/v2\/make_model?post=48513"},{"taxonomy":"make_brand","embeddable":true,"href":"https:\/\/com.rst-steel.eu\/nb\/wp-json\/wp\/v2\/make_brand?post=48513"},{"taxonomy":"make_year","embeddable":true,"href":"https:\/\/com.rst-steel.eu\/nb\/wp-json\/wp\/v2\/make_year?post=48513"},{"taxonomy":"pwb-brand","embeddable":true,"href":"https:\/\/com.rst-steel.eu\/nb\/wp-json\/wp\/v2\/pwb-brand?post=48513"},{"taxonomy":"product_brand","embeddable":true,"href":"https:\/\/com.rst-steel.eu\/nb\/wp-json\/wp\/v2\/product_brand?post=48513"},{"taxonomy":"product_cat","embeddable":true,"href":"https:\/\/com.rst-steel.eu\/nb\/wp-json\/wp\/v2\/product_cat?post=48513"},{"taxonomy":"product_tag","embeddable":true,"href":"https:\/\/com.rst-steel.eu\/nb\/wp-json\/wp\/v2\/product_tag?post=48513"}],"curies":[{"name":"wp","href":"https:\/\/api.w.org\/{rel}","templated":true}]}}