{"id":48371,"date":"2024-11-12T09:32:43","date_gmt":"2024-11-12T06:32:43","guid":{"rendered":"https:\/\/rst-steel.com\/product\/valoteline-katolle-fendt-300-700-vario_prm_75350\/"},"modified":"2026-03-16T09:19:26","modified_gmt":"2026-03-16T06:19:26","slug":"valoteline-katolle-fendt-300-700-vario_prm_75350","status":"publish","type":"product","link":"https:\/\/com.rst-steel.eu\/nb\/produkt\/valoteline-katolle-fendt-300-700-vario_prm_75350\/","title":{"rendered":"Roof Bar Fendt 300-700 vario (with front loader)"},"content":{"rendered":"<p><span style=\"font-weight: bold;\">Roof Bar Fendt 300-700 Vario (with front loader)<\/span><\/p>\n<ul>\n<li><\/li>\n<\/ul>\n<p>RST-Steels takbjelker er h\u00f8ykvalitetsprodukter laget av rustfritt st\u00e5l.<\/p>\n<p>Takb\u00f8ylene kan utstyres med ekstralys og posisjonslys, noe som forbedrer sikten i trafikken og samtidig \u00f8ker sikkerheten for deg selv og andre i trafikken.<\/p>\n<ul>\n<li><span style=\"font-weight: bold;\">\u00a0<\/span><\/li>\n<\/ul>\n<p><span style=\"font-weight: bold;\">Takb\u00f8ylen hindrer ikke sikten mot frontruten, noe som gj\u00f8r den til et godt valg for traktorer utstyrt med frontlaster!<\/span><\/p>\n<ul>\n<li><span style=\"font-weight: bold;\">\u00a0<\/span><\/li>\n<\/ul>\n<p><span style=\"font-weight: bold;\">I fronten er det braketter for fire ekstralys. Braketten st\u00f8tter et ekstra lyspanel som er opptil 800 mm bredt.<\/span><\/p>\n<p><span style=\"font-weight: bold;\">Bak er det braketter for to arbeidslys og en CB-antenne.<\/span><\/p>\n<ul>\n<li><\/li>\n<\/ul>\n<p><span style=\"font-weight: bold;\">Teknisk informasjon:<\/span><\/p>\n<ul>\n<li><span style=\"font-weight: bold;\">Farge:<\/span> Polert rustfritt st\u00e5l eller lakkering med RAL-grunnfarger<\/li>\n<li><span style=\"font-weight: bold;\">R\u00f8rdiameter:<\/span> 42,4 mm \/ 33,7 mm<\/li>\n<li><\/li>\n<\/ul>\n<p><span style=\"font-weight: bold;\">Innhold i leveransen:<\/span><\/p>\n<ul>\n<li>Roof bar Fendt<\/li>\n<li>Festemidler som kreves for installasjon<\/li>\n<li>Installasjonsinstruksjoner<\/li>\n<\/ul>","protected":false},"excerpt":{"rendered":"<p><span style=\"font-weight: bold;\">Flere modellalternativer tilgjengelig!<\/span><\/p>","protected":false},"featured_media":52579,"comment_status":"open","ping_status":"closed","template":"","meta":{"_improvement_type_select":"improve_an_existing","_thumb_yes_seoaic":false,"_frame_yes_seoaic":false,"seoaic_generate_description":"","seoaic_improve_instructions_prompt":"","seoaic_rollback_content_improvement":"","seoaic_idea_thumbnail_generator":"","thumbnail_generated":false,"thumbnail_generate_prompt":"","seoaic_article_description":""},"make_fuel_type":[],"make_model":[],"make_brand":[6534],"make_year":[6360],"pwb-brand":[8334],"product_brand":[],"product_cat":[6057,6071,7287],"product_tag":[8502,7549],"class_list":{"0":"post-48371","1":"product","2":"type-product","3":"status-publish","4":"has-post-thumbnail","6":"make_brand-fendt","7":"make_year-tractor-com","8":"pwb-brand-brand_rststeel","9":"product_cat-lightbars","10":"product_cat-roofbars-for-tractors","11":"product_cat-fendt-vr-tkk","12":"product_tag-fendt","13":"product_tag-takbage","14":"product_shipping_class-lightbars","16":"first","17":"instock","18":"taxable","19":"shipping-taxable","20":"purchasable","21":"product-type-variable"},"yoast_head":"<!-- This site is optimized with the Yoast SEO plugin v25.7 - https:\/\/yoast.com\/wordpress\/plugins\/seo\/ -->\n<title>Roof Bar Fendt 300-700 vario (with front loader) - RST-Steel<\/title>\n<meta name=\"description\" content=\"Roof Bar Fendt 300-700 Vario models. RST-Steel\u2019s roof bars are high-quality products made of stainless steel.\u00a0Check the products and place an order!\" \/>\n<meta name=\"robots\" content=\"index, follow, max-snippet:-1, max-image-preview:large, max-video-preview:-1\" \/>\n<link rel=\"canonical\" href=\"https:\/\/com.rst-steel.eu\/nb\/produkt\/valoteline-katolle-fendt-300-700-vario_prm_75350\/\" \/>\n<meta property=\"og:locale\" content=\"nb_NO\" \/>\n<meta property=\"og:type\" content=\"article\" \/>\n<meta property=\"og:title\" content=\"Roof Bar Fendt 300-700 vario (with front loader) - RST-Steel\" \/>\n<meta property=\"og:description\" content=\"Roof Bar Fendt 300-700 Vario models. RST-Steel\u2019s roof bars are high-quality products made of stainless steel.\u00a0Check the products and place an order!\" \/>\n<meta property=\"og:url\" content=\"https:\/\/com.rst-steel.eu\/nb\/produkt\/valoteline-katolle-fendt-300-700-vario_prm_75350\/\" \/>\n<meta property=\"og:site_name\" content=\"RST-Steel\" \/>\n<meta property=\"article:publisher\" content=\"https:\/\/www.facebook.com\/rststeel\" \/>\n<meta property=\"article:modified_time\" content=\"2026-03-16T06:19:26+00:00\" \/>\n<meta property=\"og:image\" content=\"https:\/\/com.rst-steel.eu\/wp-content\/uploads\/2025\/06\/94fdc226e7552c09b7060b128d857f3d7ba7e087_TFE102BM_web.jpg\" \/>\n\t<meta property=\"og:image:width\" content=\"2500\" \/>\n\t<meta property=\"og:image:height\" content=\"1406\" \/>\n\t<meta property=\"og:image:type\" content=\"image\/jpeg\" \/>\n<meta name=\"twitter:card\" content=\"summary_large_image\" \/>\n<meta name=\"twitter:label1\" content=\"Ansl. lesetid\" \/>\n\t<meta name=\"twitter:data1\" content=\"1 minutt\" \/>\n<script type=\"application\/ld+json\" class=\"yoast-schema-graph\">{\"@context\":\"https:\/\/schema.org\",\"@graph\":[{\"@type\":\"WebPage\",\"@id\":\"https:\/\/com.rst-steel.eu\/nb\/produkt\/valoteline-katolle-fendt-300-700-vario_prm_75350\/\",\"url\":\"https:\/\/com.rst-steel.eu\/nb\/produkt\/valoteline-katolle-fendt-300-700-vario_prm_75350\/\",\"name\":\"Roof Bar Fendt 300-700 vario (with front loader) - RST-Steel\",\"isPartOf\":{\"@id\":\"https:\/\/com.rst-steel.eu\/#website\"},\"primaryImageOfPage\":{\"@id\":\"https:\/\/com.rst-steel.eu\/nb\/produkt\/valoteline-katolle-fendt-300-700-vario_prm_75350\/#primaryimage\"},\"image\":{\"@id\":\"https:\/\/com.rst-steel.eu\/nb\/produkt\/valoteline-katolle-fendt-300-700-vario_prm_75350\/#primaryimage\"},\"thumbnailUrl\":\"https:\/\/com.rst-steel.eu\/wp-content\/uploads\/2025\/06\/94fdc226e7552c09b7060b128d857f3d7ba7e087_TFE102BM_web.jpg\",\"datePublished\":\"2024-11-12T06:32:43+00:00\",\"dateModified\":\"2026-03-16T06:19:26+00:00\",\"description\":\"Roof Bar Fendt 300-700 Vario models. RST-Steel\u2019s roof bars are high-quality products made of stainless steel.\u00a0Check the products and place an order!\",\"breadcrumb\":{\"@id\":\"https:\/\/com.rst-steel.eu\/nb\/produkt\/valoteline-katolle-fendt-300-700-vario_prm_75350\/#breadcrumb\"},\"inLanguage\":\"nb-NO\",\"potentialAction\":[{\"@type\":\"ReadAction\",\"target\":[\"https:\/\/com.rst-steel.eu\/nb\/produkt\/valoteline-katolle-fendt-300-700-vario_prm_75350\/\"]}]},{\"@type\":\"ImageObject\",\"inLanguage\":\"nb-NO\",\"@id\":\"https:\/\/com.rst-steel.eu\/nb\/produkt\/valoteline-katolle-fendt-300-700-vario_prm_75350\/#primaryimage\",\"url\":\"https:\/\/com.rst-steel.eu\/wp-content\/uploads\/2025\/06\/94fdc226e7552c09b7060b128d857f3d7ba7e087_TFE102BM_web.jpg\",\"contentUrl\":\"https:\/\/com.rst-steel.eu\/wp-content\/uploads\/2025\/06\/94fdc226e7552c09b7060b128d857f3d7ba7e087_TFE102BM_web.jpg\",\"width\":2500,\"height\":1406,\"caption\":\"Roof Bar Fendt 300-700 vario (with front loader)\"},{\"@type\":\"BreadcrumbList\",\"@id\":\"https:\/\/com.rst-steel.eu\/nb\/produkt\/valoteline-katolle-fendt-300-700-vario_prm_75350\/#breadcrumb\",\"itemListElement\":[{\"@type\":\"ListItem\",\"position\":1,\"name\":\"Home\",\"item\":\"https:\/\/com.rst-steel.eu\/\"},{\"@type\":\"ListItem\",\"position\":2,\"name\":\"RST-Steel Shop\",\"item\":\"https:\/\/com.rst-steel.eu\/shop\/\"},{\"@type\":\"ListItem\",\"position\":3,\"name\":\"Roof Bar Fendt 300-700 vario (with front loader)\"}]},{\"@type\":\"WebSite\",\"@id\":\"https:\/\/com.rst-steel.eu\/#website\",\"url\":\"https:\/\/com.rst-steel.eu\/\",\"name\":\"RST-Steel.com\",\"description\":\"Finnish quality steel, for quality-conscious drivers\",\"publisher\":{\"@id\":\"https:\/\/com.rst-steel.eu\/#organization\"},\"alternateName\":\"Safe and stylish RST-Steel quality\",\"potentialAction\":[{\"@type\":\"SearchAction\",\"target\":{\"@type\":\"EntryPoint\",\"urlTemplate\":\"https:\/\/com.rst-steel.eu\/?s={search_term_string}\"},\"query-input\":{\"@type\":\"PropertyValueSpecification\",\"valueRequired\":true,\"valueName\":\"search_term_string\"}}],\"inLanguage\":\"nb-NO\"},{\"@type\":\"Organization\",\"@id\":\"https:\/\/com.rst-steel.eu\/#organization\",\"name\":\"RST-Steel Oy\",\"url\":\"https:\/\/com.rst-steel.eu\/\",\"logo\":{\"@type\":\"ImageObject\",\"inLanguage\":\"nb-NO\",\"@id\":\"https:\/\/com.rst-steel.eu\/#\/schema\/logo\/image\/\",\"url\":\"https:\/\/com.rst-steel.eu\/wp-content\/uploads\/2023\/04\/cropped-Rst-logo-valkoinen-teksti-3.png\",\"contentUrl\":\"https:\/\/com.rst-steel.eu\/wp-content\/uploads\/2023\/04\/cropped-Rst-logo-valkoinen-teksti-3.png\",\"width\":512,\"height\":115,\"caption\":\"RST-Steel Oy\"},\"image\":{\"@id\":\"https:\/\/com.rst-steel.eu\/#\/schema\/logo\/image\/\"},\"sameAs\":[\"https:\/\/www.facebook.com\/rststeel\",\"https:\/\/www.instagram.com\/rststeeloy\/\"]}]}<\/script>\n<!-- \/ Yoast SEO plugin. -->","yoast_head_json":{"title":"Roof Bar Fendt 300-700 vario (with front loader) - RST-Steel","description":"Takb\u00f8yle Fendt 300-700 Vario-modeller. RST-Steels takb\u00f8yler er h\u00f8ykvalitetsprodukter laget av rustfritt st\u00e5l. Sjekk produktene og legg inn en bestilling!","robots":{"index":"index","follow":"follow","max-snippet":"max-snippet:-1","max-image-preview":"max-image-preview:large","max-video-preview":"max-video-preview:-1"},"canonical":"https:\/\/com.rst-steel.eu\/nb\/produkt\/valoteline-katolle-fendt-300-700-vario_prm_75350\/","og_locale":"nb_NO","og_type":"article","og_title":"Roof Bar Fendt 300-700 vario (with front loader) - RST-Steel","og_description":"Roof Bar Fendt 300-700 Vario models. RST-Steel\u2019s roof bars are high-quality products made of stainless steel.\u00a0Check the products and place an order!","og_url":"https:\/\/com.rst-steel.eu\/nb\/produkt\/valoteline-katolle-fendt-300-700-vario_prm_75350\/","og_site_name":"RST-Steel","article_publisher":"https:\/\/www.facebook.com\/rststeel","article_modified_time":"2026-03-16T06:19:26+00:00","og_image":[{"width":2500,"height":1406,"url":"https:\/\/com.rst-steel.eu\/wp-content\/uploads\/2025\/06\/94fdc226e7552c09b7060b128d857f3d7ba7e087_TFE102BM_web.jpg","type":"image\/jpeg"}],"twitter_card":"summary_large_image","twitter_misc":{"Ansl. lesetid":"1 minutt"},"schema":{"@context":"https:\/\/schema.org","@graph":[{"@type":"WebPage","@id":"https:\/\/com.rst-steel.eu\/nb\/produkt\/valoteline-katolle-fendt-300-700-vario_prm_75350\/","url":"https:\/\/com.rst-steel.eu\/nb\/produkt\/valoteline-katolle-fendt-300-700-vario_prm_75350\/","name":"Roof Bar Fendt 300-700 vario (with front loader) - RST-Steel","isPartOf":{"@id":"https:\/\/com.rst-steel.eu\/#website"},"primaryImageOfPage":{"@id":"https:\/\/com.rst-steel.eu\/nb\/produkt\/valoteline-katolle-fendt-300-700-vario_prm_75350\/#primaryimage"},"image":{"@id":"https:\/\/com.rst-steel.eu\/nb\/produkt\/valoteline-katolle-fendt-300-700-vario_prm_75350\/#primaryimage"},"thumbnailUrl":"https:\/\/com.rst-steel.eu\/wp-content\/uploads\/2025\/06\/94fdc226e7552c09b7060b128d857f3d7ba7e087_TFE102BM_web.jpg","datePublished":"2024-11-12T06:32:43+00:00","dateModified":"2026-03-16T06:19:26+00:00","description":"Takb\u00f8yle Fendt 300-700 Vario-modeller. RST-Steels takb\u00f8yler er h\u00f8ykvalitetsprodukter laget av rustfritt st\u00e5l. Sjekk produktene og legg inn en bestilling!","breadcrumb":{"@id":"https:\/\/com.rst-steel.eu\/nb\/produkt\/valoteline-katolle-fendt-300-700-vario_prm_75350\/#breadcrumb"},"inLanguage":"nb-NO","potentialAction":[{"@type":"ReadAction","target":["https:\/\/com.rst-steel.eu\/nb\/produkt\/valoteline-katolle-fendt-300-700-vario_prm_75350\/"]}]},{"@type":"ImageObject","inLanguage":"nb-NO","@id":"https:\/\/com.rst-steel.eu\/nb\/produkt\/valoteline-katolle-fendt-300-700-vario_prm_75350\/#primaryimage","url":"https:\/\/com.rst-steel.eu\/wp-content\/uploads\/2025\/06\/94fdc226e7552c09b7060b128d857f3d7ba7e087_TFE102BM_web.jpg","contentUrl":"https:\/\/com.rst-steel.eu\/wp-content\/uploads\/2025\/06\/94fdc226e7552c09b7060b128d857f3d7ba7e087_TFE102BM_web.jpg","width":2500,"height":1406,"caption":"Roof Bar Fendt 300-700 vario (with front loader)"},{"@type":"BreadcrumbList","@id":"https:\/\/com.rst-steel.eu\/nb\/produkt\/valoteline-katolle-fendt-300-700-vario_prm_75350\/#breadcrumb","itemListElement":[{"@type":"ListItem","position":1,"name":"Home","item":"https:\/\/com.rst-steel.eu\/"},{"@type":"ListItem","position":2,"name":"RST-Steel Shop","item":"https:\/\/com.rst-steel.eu\/shop\/"},{"@type":"ListItem","position":3,"name":"Roof Bar Fendt 300-700 vario (with front loader)"}]},{"@type":"WebSite","@id":"https:\/\/com.rst-steel.eu\/#website","url":"https:\/\/com.rst-steel.eu\/","name":"RST-Steel.com","description":"Finsk kvalitetsst\u00e5l, for kvalitetsbevisste sj\u00e5f\u00f8rer","publisher":{"@id":"https:\/\/com.rst-steel.eu\/#organization"},"alternateName":"Safe and stylish RST-Steel quality","potentialAction":[{"@type":"SearchAction","target":{"@type":"EntryPoint","urlTemplate":"https:\/\/com.rst-steel.eu\/?s={search_term_string}"},"query-input":{"@type":"PropertyValueSpecification","valueRequired":true,"valueName":"search_term_string"}}],"inLanguage":"nb-NO"},{"@type":"Organization","@id":"https:\/\/com.rst-steel.eu\/#organization","name":"RST-Steel Oy","url":"https:\/\/com.rst-steel.eu\/","logo":{"@type":"ImageObject","inLanguage":"nb-NO","@id":"https:\/\/com.rst-steel.eu\/#\/schema\/logo\/image\/","url":"https:\/\/com.rst-steel.eu\/wp-content\/uploads\/2023\/04\/cropped-Rst-logo-valkoinen-teksti-3.png","contentUrl":"https:\/\/com.rst-steel.eu\/wp-content\/uploads\/2023\/04\/cropped-Rst-logo-valkoinen-teksti-3.png","width":512,"height":115,"caption":"RST-Steel Oy"},"image":{"@id":"https:\/\/com.rst-steel.eu\/#\/schema\/logo\/image\/"},"sameAs":["https:\/\/www.facebook.com\/rststeel","https:\/\/www.instagram.com\/rststeeloy\/"]}]}},"brands":[{"id":8334,"name":"RST-Steel","slug":"brand_rststeel"}],"_links":{"self":[{"href":"https:\/\/com.rst-steel.eu\/nb\/wp-json\/wp\/v2\/product\/48371","targetHints":{"allow":["GET"]}}],"collection":[{"href":"https:\/\/com.rst-steel.eu\/nb\/wp-json\/wp\/v2\/product"}],"about":[{"href":"https:\/\/com.rst-steel.eu\/nb\/wp-json\/wp\/v2\/types\/product"}],"replies":[{"embeddable":true,"href":"https:\/\/com.rst-steel.eu\/nb\/wp-json\/wp\/v2\/comments?post=48371"}],"version-history":[{"count":0,"href":"https:\/\/com.rst-steel.eu\/nb\/wp-json\/wp\/v2\/product\/48371\/revisions"}],"wp:featuredmedia":[{"embeddable":true,"href":"https:\/\/com.rst-steel.eu\/nb\/wp-json\/wp\/v2\/media\/52579"}],"wp:attachment":[{"href":"https:\/\/com.rst-steel.eu\/nb\/wp-json\/wp\/v2\/media?parent=48371"}],"wp:term":[{"taxonomy":"make_fuel_type","embeddable":true,"href":"https:\/\/com.rst-steel.eu\/nb\/wp-json\/wp\/v2\/make_fuel_type?post=48371"},{"taxonomy":"make_model","embeddable":true,"href":"https:\/\/com.rst-steel.eu\/nb\/wp-json\/wp\/v2\/make_model?post=48371"},{"taxonomy":"make_brand","embeddable":true,"href":"https:\/\/com.rst-steel.eu\/nb\/wp-json\/wp\/v2\/make_brand?post=48371"},{"taxonomy":"make_year","embeddable":true,"href":"https:\/\/com.rst-steel.eu\/nb\/wp-json\/wp\/v2\/make_year?post=48371"},{"taxonomy":"pwb-brand","embeddable":true,"href":"https:\/\/com.rst-steel.eu\/nb\/wp-json\/wp\/v2\/pwb-brand?post=48371"},{"taxonomy":"product_brand","embeddable":true,"href":"https:\/\/com.rst-steel.eu\/nb\/wp-json\/wp\/v2\/product_brand?post=48371"},{"taxonomy":"product_cat","embeddable":true,"href":"https:\/\/com.rst-steel.eu\/nb\/wp-json\/wp\/v2\/product_cat?post=48371"},{"taxonomy":"product_tag","embeddable":true,"href":"https:\/\/com.rst-steel.eu\/nb\/wp-json\/wp\/v2\/product_tag?post=48371"}],"curies":[{"name":"wp","href":"https:\/\/api.w.org\/{rel}","templated":true}]}}