{"id":48344,"date":"2024-11-11T12:44:49","date_gmt":"2024-11-11T09:44:49","guid":{"rendered":"https:\/\/rst-steel.com\/product\/purelux-panther-aero-s540-gen2-led-bar_pr_85896\/"},"modified":"2026-03-16T09:18:16","modified_gmt":"2026-03-16T06:18:16","slug":"purelux-panther-aero-s540-gen2-lisavalopaneeli_pr_85896","status":"publish","type":"product","link":"https:\/\/com.rst-steel.eu\/nb\/produkt\/purelux-panther-aero-s540-gen2-lisavalopaneeli_pr_85896\/","title":{"rendered":"Auxiliary light Purelux Panther Aero S540 Gen2"},"content":{"rendered":"<p>Purelux Panther Aero S540 Gen2 LED-skinne<\/p>\n<p><\/p>\n<p><span style=\"font-weight: bold\">Purelux Panther Aero S540 Gen2 er en aerodynamisk utformet ekstralys som representerer den mest popul\u00e6re st\u00f8rrelsen p\u00e5 ekstralysene p\u00e5 en stilfull m\u00e5te. Denne lykten kombinerer et moderne utseende med et utmerket forhold mellom effekt og st\u00f8rrelse, noe som til sammen gj\u00f8r den til en av de beste enradete ekstralysene p\u00e5 markedet. Utvendig er panelet diskret og stilig med sin m\u00f8rke optikk, lavprofildesign, rammel\u00f8se linse og tofargede parkeringslys (oransje og hvitt), men innvendig skjuler det en imponerende ytelse for sin st\u00f8rrelse. Aero S540:har to ulike str\u00f8mmoduser, noe som betyr at den kan stilles inn i enten en begrenset str\u00f8mmodus eller full str\u00f8mmodus, eller Purelux PowerBoost\u00ae-modus, som l\u00e5ser opp str\u00f8mmen og \u00f8ker lysutbyttet til 8151 lumen med en m\u00e5lt rekkevidde p\u00e5 479 meter ved 1 lux.<\/span><\/p>\n<p><span style=\"font-weight: bold\"><br \/><\/span><\/p>\n<p>I motsetning til vanlig er det ikke n\u00f8dvendig \u00e5 koble til eller fra noen ekstra ledninger for \u00e5 aktivere de ulike str\u00f8mmodusene p\u00e5 armaturen, men du kan bytte til PowerBoost\u00ae- og veimodus med et enkelt trykk p\u00e5 en knapp p\u00e5 toppen av armaturen. Den sist aktive str\u00f8mmodusen lagres i lampens \"minne\", slik at du ikke trenger \u00e5 endre str\u00f8mmodus, f.eks. for en veitest. Ved bruk p\u00e5 veien trenger du ikke \u00e5 bekymre deg for at lampen alltid sl\u00e5r seg p\u00e5 med maksimal effekt n\u00e5r du sl\u00e5r av str\u00f8mmen innimellom og starter bilen igjen.<\/p>\n<p><span style=\"font-weight: bold\">Panther Aero S540-lyskasteren best\u00e5r av et rektangul\u00e6rt, bredt hovedlys, som er den perfekte kombinasjonen av rekkevidde og bredde. Takket v\u00e6re den buede utformingen sprer panelet lyset sideveis over et sv\u00e6rt bredt omr\u00e5de, og lyser effektivt opp veikanter, gr\u00f8fter og skogsomr\u00e5der forfra. I vertikal retning er lysstr\u00e5len svakt avgrenset, noe som gj\u00f8r den optimal, spesielt for installasjoner i buer. Til tross for den vertikalt begrensede lysstr\u00e5len er det likevel nok lys til \u00e5 kj\u00f8re i kupert terreng og til takmonterte installasjoner.<\/span><\/p>\n<p><span style=\"font-weight: bold\"><br \/><\/span><\/p>\n<p><span style=\"font-weight: bold\">Forskjellen mellom den buede og den rette Panther Aero er lysstr\u00e5len: Begge modellene har en tilstrekkelig lysstr\u00e5le til \u00e5 belyse hele veien fra side til side, men det buede panelet har en 50% bredere hovedlysstr\u00e5le, noe som betyr at det effektivt belyste omr\u00e5det er st\u00f8rre i den buede modellen. I motsetning til de andre panelene i Panther-serien har de 54 cm brede lyktene en litt bredere totalstr\u00e5le i den rette modellen enn i den buede modellen, rett og slett fordi det er mer diffust lys p\u00e5 siden i det rette panelet. S\u00e5 hvis du er ute etter en lampe som maksimerer det effektivt belyste omr\u00e5det, er det buede panelet det beste valget, og hvis du \u00f8nsker \u00e5 maksimere spredningen av lyset, er det rette panelet bedre. Den buede modellen har ogs\u00e5 en rettere lysstr\u00e5le fra toppen og bunnen, noe som gj\u00f8r den til et litt bedre valg for sv\u00e6rt lave installasjoner.<\/span><\/p>\n<p>I tillegg til den n\u00f8ye bearbeidede lyskeglen er en annen egenskap som forbedrer kj\u00f8reopplevelsen betydelig, lampens n\u00f8ytrale fargetemperatur p\u00e5 5000 kelvin. Denne n\u00f8ytrale fargetemperaturen er optimal for veitrafikk, ettersom den gj\u00f8r det lettere \u00e5 oppfatte for eksempel terreng og hindringer, og ikke reflekterer den blendende lysstyrken fra naturlig hvitt sn\u00f8dekke inn i f\u00f8rerens \u00f8yne eller forvrenger fargene p\u00e5 objektet man peker p\u00e5. I tillegg fungerer den n\u00f8ytrale fargetemperaturen bedre enn kj\u00f8ligere nyanser under d\u00e5rlige v\u00e6rforhold, og bidrar til \u00e5 holde blikket skarpt i det tilsynelatende endel\u00f8se m\u00f8rket. Fargetemperaturen 5000K fungerer ogs\u00e5 godt sammen med nyere biler med LED- eller Xenon-lys som standard.<\/p>\n<p>Panther Aero S540 har en aerodynamisk design, en elegant svart profil, m\u00f8rk optikk og et fantastisk oransje eller hvitt parkeringslys nederst p\u00e5 lykten, noe som gj\u00f8r den til et sofistikert og moderne tilskudd til ethvert kj\u00f8ret\u00f8y. I tillegg til det spektakul\u00e6re utseendet og de fantastiske lysegenskapene er armaturen ogs\u00e5 ekstremt slitesterk, noe som demonstreres av den h\u00f8yest mulige vanntetthetsgraden IP69K. Armaturhuset er laget av pulverlakkert aluminium, som er behandlet med et spesialbelegg som gir utmerket beskyttelse mot oksidasjon, solens skadelige UV-str\u00e5ler, varierende v\u00e6rforhold og smuss. Lygtens linse er laget av slagfast Lexan-polykarbonat av h\u00f8y kvalitet, som motst\u00e5r de uunng\u00e5elige steinsprutene og ripene som oppst\u00e5r under kj\u00f8ring. Fronten p\u00e5 lykten er helt flat, noe som betyr at det ikke finnes noen ramme rundt linsen som kan samle sn\u00f8, is eller smuss.<\/p>\n<p>Lyset leveres med b\u00e5de tradisjonelle nakkest\u00f8tter og breddejusterbare skinnebraketter under lyset, noe som gj\u00f8r det enkelt \u00e5 montere lyset p\u00e5 ulike steder. Tilkoblingen gj\u00f8res enkelt ved hjelp av den 2-polede DT-kontakten som f\u00f8lger med str\u00f8mkabelen, og de separate plusskablene for parkeringslys. Det brede driftsspenningsomr\u00e5det (9-36 V) gj\u00f8r det mulig \u00e5 koble til b\u00e5de 12 V- og 24 V-systemer, og lyktens sv\u00e6rt moderate referanseverdi (25) gj\u00f8r det enkelt \u00e5 montere praktisk talt alle standardlykter uten \u00e5 deaktivere de originale lyktene! I tillegg er lampen radiost\u00f8yimmun i henhold til ECE R10-standarden.<span style=\"font-weight: bold\"> To \u00e5rs (24 m\u00e5neder) garanti!<\/span><\/p>\n<p><span style=\"font-weight: bold\"><br \/><\/span><\/p>\n<p><span style=\"font-weight: bold\">Innhold i leveransen<\/span><\/p>\n<ul>\n<li>Purelux Panther Aero S540<\/li>\n<li>2 x breddejusterbare fotst\u00f8tter<\/li>\n<li>2 x nakkest\u00f8tter<\/li>\n<li>Kontakt for str\u00f8mkabel<\/li>\n<li>Koblings- og installasjonsinstruksjoner (EN\/SE\/NO\/DK\/EN)<\/li>\n<\/ul>\n<p><\/p>\n<p><span style=\"font-weight: bold\">Tekniske spesifikasjoner<\/span><\/p>\n<ul>\n<li>LED: 18 x 6W<\/li>\n<li>Driftsspenning: 9-36 V (likestr\u00f8m)<\/li>\n<li>Referansenummer: 25<\/li>\n<li>Nominell effekt: 108 W<\/li>\n<li>M\u00e5lt str\u00f8mforbruk<\/li>\n<li>Purelux PowerBoost\u00ae: 10,41A VED 12V \/ 4,12A VED 24V<\/li>\n<li>Veimodus: 2,91 A ved 12 V \/ 1,29 A ved 24 V<\/li>\n<li>M\u00e5lt effekt<\/li>\n<li>Purelux PowerBoost\u00ae: 125 W @ 12V \/ 99 W @ 24V<\/li>\n<li>Veimodus: 35 W VED 12V \/ 31 W VED 24V<\/li>\n<li>Produsentens oppgitte lysutbytte: 7500 lm (Purelux PowerBoost\u00ae)<\/li>\n<li>M\u00e5lt: 8151 lm (Purelux PowerBoost\u00ae)<\/li>\n<li>Lampe m\u00e5lt: 3241 lm (veimodus)<\/li>\n<li>M\u00e5lt rekkevidde: 479 m ved 1 lux \/ 958 m ved 0,25 lux \/ (Purelux PowerBoost\u00ae)<\/li>\n<li>M\u00e5lt rekkevidde: 303 m ved 1 lux \/ 606 m ved 0,25 lux (veimodus)<\/li>\n<li>Produsentens oppgitte fargetemperatur: 5000 K<\/li>\n<li>M\u00e5lt: 5050 K<\/li>\n<li>Montering: endef\u00f8tter, breddejusterbare nedre f\u00f8tter<\/li>\n<li>Kontakt: Deutsch DT-2<\/li>\n<li>Parkeringslys + ledninger separat<\/li>\n<li>Kabellengde: 50 cm<\/li>\n<li>Dimensjoner: 540 x 42 x 62,5 mm (bredde x h\u00f8yde x dybde)<\/li>\n<li>H\u00f8yde med endeben: 57 mm<\/li>\n<li>H\u00f8yde med underben: 62 mm<\/li>\n<li>Vekt: 1500 g<\/li>\n<li>IP-klassifisering: IP68\/IP69K<\/li>\n<li>Godkjenninger: CE, ECE R10, R148, R149*<\/li>\n<li><span style=\"font-weight: bold\">* Godkjenning for trafikksikkerhet gjelder ikke for PowerBoost\u00ae-modus<\/span><\/li>\n<li>Garanti: 24 m\u00e5neder<\/li>\n<\/ul>\n<p><span style=\"font-weight: bold\"><\/span><\/p>","protected":false},"excerpt":{"rendered":"<p><span style=\"font-weight: bold\">Superslank og aerodynamisk led-lysbjelke, utstyrt med bl.a. to str\u00f8mmoduser og et fantastisk kombinert lysm\u00f8nster.<\/span><\/p>","protected":false},"featured_media":48339,"comment_status":"open","ping_status":"closed","template":"","meta":{"_improvement_type_select":"improve_an_existing","_thumb_yes_seoaic":false,"_frame_yes_seoaic":false,"seoaic_generate_description":"","seoaic_improve_instructions_prompt":"","seoaic_rollback_content_improvement":"","seoaic_idea_thumbnail_generator":"","thumbnail_generated":false,"thumbnail_generate_prompt":"","seoaic_article_description":""},"make_fuel_type":[],"make_model":[],"make_brand":[],"make_year":[],"pwb-brand":[8333],"product_brand":[],"product_cat":[6195,6209,7373],"product_tag":[8498,7551,8496,8489],"class_list":{"0":"post-48344","1":"product","2":"type-product","3":"status-publish","4":"has-post-thumbnail","6":"pwb-brand-brand_purelux","7":"product_cat-lamps","8":"product_cat-auxiliary-lights","9":"product_cat-rstcom-purelux","10":"product_tag-auxiliary-light","11":"product_tag-extraljus","12":"product_tag-light-bar","13":"product_tag-purelux","15":"first","16":"instock","17":"taxable","18":"shipping-taxable","19":"purchasable","20":"product-type-simple"},"yoast_head":"<!-- This site is optimized with the Yoast SEO plugin v25.7 - https:\/\/yoast.com\/wordpress\/plugins\/seo\/ -->\n<title>Auxiliary light Purelux Panther Aero S540 Gen2 - RST-Steel<\/title>\n<meta name=\"description\" content=\"Purelux Panther Aero S540 is an aerodynamically designed auxiliary light that represents the most popular size of auxiliary light panels in a stylish way.\" \/>\n<meta name=\"robots\" content=\"index, follow, max-snippet:-1, max-image-preview:large, max-video-preview:-1\" \/>\n<link rel=\"canonical\" href=\"https:\/\/com.rst-steel.eu\/nb\/produkt\/purelux-panther-aero-s540-gen2-lisavalopaneeli_pr_85896\/\" \/>\n<meta property=\"og:locale\" content=\"nb_NO\" \/>\n<meta property=\"og:type\" content=\"article\" \/>\n<meta property=\"og:title\" content=\"Auxiliary light Purelux Panther Aero S540 Gen2 - RST-Steel\" \/>\n<meta property=\"og:description\" content=\"Purelux Panther Aero S540 is an aerodynamically designed auxiliary light that represents the most popular size of auxiliary light panels in a stylish way.\" \/>\n<meta property=\"og:url\" content=\"https:\/\/com.rst-steel.eu\/nb\/produkt\/purelux-panther-aero-s540-gen2-lisavalopaneeli_pr_85896\/\" \/>\n<meta property=\"og:site_name\" content=\"RST-Steel\" \/>\n<meta property=\"article:publisher\" content=\"https:\/\/www.facebook.com\/rststeel\" \/>\n<meta property=\"article:modified_time\" content=\"2026-03-16T06:18:16+00:00\" \/>\n<meta property=\"og:image\" content=\"https:\/\/com.rst-steel.eu\/wp-content\/uploads\/2024\/11\/5295b76ba56ee233bf3c3e69fba2189714d30f88_purelux_aero_s540_gen2_1.jpg\" \/>\n\t<meta property=\"og:image:width\" content=\"2048\" \/>\n\t<meta property=\"og:image:height\" content=\"2048\" \/>\n\t<meta property=\"og:image:type\" content=\"image\/jpeg\" \/>\n<meta name=\"twitter:card\" content=\"summary_large_image\" \/>\n<meta name=\"twitter:label1\" content=\"Ansl. lesetid\" \/>\n\t<meta name=\"twitter:data1\" content=\"5 minutter\" \/>\n<script type=\"application\/ld+json\" class=\"yoast-schema-graph\">{\"@context\":\"https:\/\/schema.org\",\"@graph\":[{\"@type\":\"WebPage\",\"@id\":\"https:\/\/com.rst-steel.eu\/sv\/produkt\/purelux-panther-aero-s540-gen2-lisavalopaneeli_pr_85896\/\",\"url\":\"https:\/\/com.rst-steel.eu\/sv\/produkt\/purelux-panther-aero-s540-gen2-lisavalopaneeli_pr_85896\/\",\"name\":\"Auxiliary light Purelux Panther Aero S540 Gen2 - RST-Steel\",\"isPartOf\":{\"@id\":\"https:\/\/com.rst-steel.eu\/#website\"},\"primaryImageOfPage\":{\"@id\":\"https:\/\/com.rst-steel.eu\/sv\/produkt\/purelux-panther-aero-s540-gen2-lisavalopaneeli_pr_85896\/#primaryimage\"},\"image\":{\"@id\":\"https:\/\/com.rst-steel.eu\/sv\/produkt\/purelux-panther-aero-s540-gen2-lisavalopaneeli_pr_85896\/#primaryimage\"},\"thumbnailUrl\":\"https:\/\/com.rst-steel.eu\/wp-content\/uploads\/2024\/11\/5295b76ba56ee233bf3c3e69fba2189714d30f88_purelux_aero_s540_gen2_1.jpg\",\"datePublished\":\"2024-11-11T09:44:49+00:00\",\"dateModified\":\"2026-03-16T06:18:16+00:00\",\"description\":\"Purelux Panther Aero S540 is an aerodynamically designed auxiliary light that represents the most popular size of auxiliary light panels in a stylish way.\",\"breadcrumb\":{\"@id\":\"https:\/\/com.rst-steel.eu\/sv\/produkt\/purelux-panther-aero-s540-gen2-lisavalopaneeli_pr_85896\/#breadcrumb\"},\"inLanguage\":\"nb-NO\",\"potentialAction\":[{\"@type\":\"ReadAction\",\"target\":[\"https:\/\/com.rst-steel.eu\/sv\/produkt\/purelux-panther-aero-s540-gen2-lisavalopaneeli_pr_85896\/\"]}]},{\"@type\":\"ImageObject\",\"inLanguage\":\"nb-NO\",\"@id\":\"https:\/\/com.rst-steel.eu\/sv\/produkt\/purelux-panther-aero-s540-gen2-lisavalopaneeli_pr_85896\/#primaryimage\",\"url\":\"https:\/\/com.rst-steel.eu\/wp-content\/uploads\/2024\/11\/5295b76ba56ee233bf3c3e69fba2189714d30f88_purelux_aero_s540_gen2_1.jpg\",\"contentUrl\":\"https:\/\/com.rst-steel.eu\/wp-content\/uploads\/2024\/11\/5295b76ba56ee233bf3c3e69fba2189714d30f88_purelux_aero_s540_gen2_1.jpg\",\"width\":2048,\"height\":2048},{\"@type\":\"BreadcrumbList\",\"@id\":\"https:\/\/com.rst-steel.eu\/sv\/produkt\/purelux-panther-aero-s540-gen2-lisavalopaneeli_pr_85896\/#breadcrumb\",\"itemListElement\":[{\"@type\":\"ListItem\",\"position\":1,\"name\":\"Home\",\"item\":\"https:\/\/com.rst-steel.eu\/\"},{\"@type\":\"ListItem\",\"position\":2,\"name\":\"RST-Steel Shop\",\"item\":\"https:\/\/com.rst-steel.eu\/shop\/\"},{\"@type\":\"ListItem\",\"position\":3,\"name\":\"Auxiliary light Purelux Panther Aero S540 Gen2\"}]},{\"@type\":\"WebSite\",\"@id\":\"https:\/\/com.rst-steel.eu\/#website\",\"url\":\"https:\/\/com.rst-steel.eu\/\",\"name\":\"RST-Steel.com\",\"description\":\"Finnish quality steel, for quality-conscious drivers\",\"publisher\":{\"@id\":\"https:\/\/com.rst-steel.eu\/#organization\"},\"alternateName\":\"Safe and stylish RST-Steel quality\",\"potentialAction\":[{\"@type\":\"SearchAction\",\"target\":{\"@type\":\"EntryPoint\",\"urlTemplate\":\"https:\/\/com.rst-steel.eu\/?s={search_term_string}\"},\"query-input\":{\"@type\":\"PropertyValueSpecification\",\"valueRequired\":true,\"valueName\":\"search_term_string\"}}],\"inLanguage\":\"nb-NO\"},{\"@type\":\"Organization\",\"@id\":\"https:\/\/com.rst-steel.eu\/#organization\",\"name\":\"RST-Steel Oy\",\"url\":\"https:\/\/com.rst-steel.eu\/\",\"logo\":{\"@type\":\"ImageObject\",\"inLanguage\":\"nb-NO\",\"@id\":\"https:\/\/com.rst-steel.eu\/#\/schema\/logo\/image\/\",\"url\":\"https:\/\/com.rst-steel.eu\/wp-content\/uploads\/2023\/04\/cropped-Rst-logo-valkoinen-teksti-3.png\",\"contentUrl\":\"https:\/\/com.rst-steel.eu\/wp-content\/uploads\/2023\/04\/cropped-Rst-logo-valkoinen-teksti-3.png\",\"width\":512,\"height\":115,\"caption\":\"RST-Steel Oy\"},\"image\":{\"@id\":\"https:\/\/com.rst-steel.eu\/#\/schema\/logo\/image\/\"},\"sameAs\":[\"https:\/\/www.facebook.com\/rststeel\",\"https:\/\/www.instagram.com\/rststeeloy\/\"]}]}<\/script>\n<!-- \/ Yoast SEO plugin. -->","yoast_head_json":{"title":"Auxiliary light Purelux Panther Aero S540 Gen2 - RST-Steel","description":"Purelux Panther Aero S540 er en aerodynamisk utformet ekstralys som representerer den mest popul\u00e6re st\u00f8rrelsen p\u00e5 ekstralys p\u00e5 en elegant m\u00e5te.","robots":{"index":"index","follow":"follow","max-snippet":"max-snippet:-1","max-image-preview":"max-image-preview:large","max-video-preview":"max-video-preview:-1"},"canonical":"https:\/\/com.rst-steel.eu\/nb\/produkt\/purelux-panther-aero-s540-gen2-lisavalopaneeli_pr_85896\/","og_locale":"nb_NO","og_type":"article","og_title":"Auxiliary light Purelux Panther Aero S540 Gen2 - RST-Steel","og_description":"Purelux Panther Aero S540 is an aerodynamically designed auxiliary light that represents the most popular size of auxiliary light panels in a stylish way.","og_url":"https:\/\/com.rst-steel.eu\/nb\/produkt\/purelux-panther-aero-s540-gen2-lisavalopaneeli_pr_85896\/","og_site_name":"RST-Steel","article_publisher":"https:\/\/www.facebook.com\/rststeel","article_modified_time":"2026-03-16T06:18:16+00:00","og_image":[{"width":2048,"height":2048,"url":"https:\/\/com.rst-steel.eu\/wp-content\/uploads\/2024\/11\/5295b76ba56ee233bf3c3e69fba2189714d30f88_purelux_aero_s540_gen2_1.jpg","type":"image\/jpeg"}],"twitter_card":"summary_large_image","twitter_misc":{"Ansl. lesetid":"5 minutter"},"schema":{"@context":"https:\/\/schema.org","@graph":[{"@type":"WebPage","@id":"https:\/\/com.rst-steel.eu\/sv\/produkt\/purelux-panther-aero-s540-gen2-lisavalopaneeli_pr_85896\/","url":"https:\/\/com.rst-steel.eu\/sv\/produkt\/purelux-panther-aero-s540-gen2-lisavalopaneeli_pr_85896\/","name":"Auxiliary light Purelux Panther Aero S540 Gen2 - RST-Steel","isPartOf":{"@id":"https:\/\/com.rst-steel.eu\/#website"},"primaryImageOfPage":{"@id":"https:\/\/com.rst-steel.eu\/sv\/produkt\/purelux-panther-aero-s540-gen2-lisavalopaneeli_pr_85896\/#primaryimage"},"image":{"@id":"https:\/\/com.rst-steel.eu\/sv\/produkt\/purelux-panther-aero-s540-gen2-lisavalopaneeli_pr_85896\/#primaryimage"},"thumbnailUrl":"https:\/\/com.rst-steel.eu\/wp-content\/uploads\/2024\/11\/5295b76ba56ee233bf3c3e69fba2189714d30f88_purelux_aero_s540_gen2_1.jpg","datePublished":"2024-11-11T09:44:49+00:00","dateModified":"2026-03-16T06:18:16+00:00","description":"Purelux Panther Aero S540 er en aerodynamisk utformet ekstralys som representerer den mest popul\u00e6re st\u00f8rrelsen p\u00e5 ekstralys p\u00e5 en elegant m\u00e5te.","breadcrumb":{"@id":"https:\/\/com.rst-steel.eu\/sv\/produkt\/purelux-panther-aero-s540-gen2-lisavalopaneeli_pr_85896\/#breadcrumb"},"inLanguage":"nb-NO","potentialAction":[{"@type":"ReadAction","target":["https:\/\/com.rst-steel.eu\/sv\/produkt\/purelux-panther-aero-s540-gen2-lisavalopaneeli_pr_85896\/"]}]},{"@type":"ImageObject","inLanguage":"nb-NO","@id":"https:\/\/com.rst-steel.eu\/sv\/produkt\/purelux-panther-aero-s540-gen2-lisavalopaneeli_pr_85896\/#primaryimage","url":"https:\/\/com.rst-steel.eu\/wp-content\/uploads\/2024\/11\/5295b76ba56ee233bf3c3e69fba2189714d30f88_purelux_aero_s540_gen2_1.jpg","contentUrl":"https:\/\/com.rst-steel.eu\/wp-content\/uploads\/2024\/11\/5295b76ba56ee233bf3c3e69fba2189714d30f88_purelux_aero_s540_gen2_1.jpg","width":2048,"height":2048},{"@type":"BreadcrumbList","@id":"https:\/\/com.rst-steel.eu\/sv\/produkt\/purelux-panther-aero-s540-gen2-lisavalopaneeli_pr_85896\/#breadcrumb","itemListElement":[{"@type":"ListItem","position":1,"name":"Home","item":"https:\/\/com.rst-steel.eu\/"},{"@type":"ListItem","position":2,"name":"RST-Steel Shop","item":"https:\/\/com.rst-steel.eu\/shop\/"},{"@type":"ListItem","position":3,"name":"Auxiliary light Purelux Panther Aero S540 Gen2"}]},{"@type":"WebSite","@id":"https:\/\/com.rst-steel.eu\/#website","url":"https:\/\/com.rst-steel.eu\/","name":"RST-Steel.com","description":"Finsk kvalitetsst\u00e5l, for kvalitetsbevisste sj\u00e5f\u00f8rer","publisher":{"@id":"https:\/\/com.rst-steel.eu\/#organization"},"alternateName":"Safe and stylish RST-Steel quality","potentialAction":[{"@type":"SearchAction","target":{"@type":"EntryPoint","urlTemplate":"https:\/\/com.rst-steel.eu\/?s={search_term_string}"},"query-input":{"@type":"PropertyValueSpecification","valueRequired":true,"valueName":"search_term_string"}}],"inLanguage":"nb-NO"},{"@type":"Organization","@id":"https:\/\/com.rst-steel.eu\/#organization","name":"RST-Steel Oy","url":"https:\/\/com.rst-steel.eu\/","logo":{"@type":"ImageObject","inLanguage":"nb-NO","@id":"https:\/\/com.rst-steel.eu\/#\/schema\/logo\/image\/","url":"https:\/\/com.rst-steel.eu\/wp-content\/uploads\/2023\/04\/cropped-Rst-logo-valkoinen-teksti-3.png","contentUrl":"https:\/\/com.rst-steel.eu\/wp-content\/uploads\/2023\/04\/cropped-Rst-logo-valkoinen-teksti-3.png","width":512,"height":115,"caption":"RST-Steel Oy"},"image":{"@id":"https:\/\/com.rst-steel.eu\/#\/schema\/logo\/image\/"},"sameAs":["https:\/\/www.facebook.com\/rststeel","https:\/\/www.instagram.com\/rststeeloy\/"]}]}},"brands":[{"id":8333,"name":"Purelux","slug":"brand_purelux"}],"_links":{"self":[{"href":"https:\/\/com.rst-steel.eu\/nb\/wp-json\/wp\/v2\/product\/48344","targetHints":{"allow":["GET"]}}],"collection":[{"href":"https:\/\/com.rst-steel.eu\/nb\/wp-json\/wp\/v2\/product"}],"about":[{"href":"https:\/\/com.rst-steel.eu\/nb\/wp-json\/wp\/v2\/types\/product"}],"replies":[{"embeddable":true,"href":"https:\/\/com.rst-steel.eu\/nb\/wp-json\/wp\/v2\/comments?post=48344"}],"version-history":[{"count":0,"href":"https:\/\/com.rst-steel.eu\/nb\/wp-json\/wp\/v2\/product\/48344\/revisions"}],"wp:featuredmedia":[{"embeddable":true,"href":"https:\/\/com.rst-steel.eu\/nb\/wp-json\/wp\/v2\/media\/48339"}],"wp:attachment":[{"href":"https:\/\/com.rst-steel.eu\/nb\/wp-json\/wp\/v2\/media?parent=48344"}],"wp:term":[{"taxonomy":"make_fuel_type","embeddable":true,"href":"https:\/\/com.rst-steel.eu\/nb\/wp-json\/wp\/v2\/make_fuel_type?post=48344"},{"taxonomy":"make_model","embeddable":true,"href":"https:\/\/com.rst-steel.eu\/nb\/wp-json\/wp\/v2\/make_model?post=48344"},{"taxonomy":"make_brand","embeddable":true,"href":"https:\/\/com.rst-steel.eu\/nb\/wp-json\/wp\/v2\/make_brand?post=48344"},{"taxonomy":"make_year","embeddable":true,"href":"https:\/\/com.rst-steel.eu\/nb\/wp-json\/wp\/v2\/make_year?post=48344"},{"taxonomy":"pwb-brand","embeddable":true,"href":"https:\/\/com.rst-steel.eu\/nb\/wp-json\/wp\/v2\/pwb-brand?post=48344"},{"taxonomy":"product_brand","embeddable":true,"href":"https:\/\/com.rst-steel.eu\/nb\/wp-json\/wp\/v2\/product_brand?post=48344"},{"taxonomy":"product_cat","embeddable":true,"href":"https:\/\/com.rst-steel.eu\/nb\/wp-json\/wp\/v2\/product_cat?post=48344"},{"taxonomy":"product_tag","embeddable":true,"href":"https:\/\/com.rst-steel.eu\/nb\/wp-json\/wp\/v2\/product_tag?post=48344"}],"curies":[{"name":"wp","href":"https:\/\/api.w.org\/{rel}","templated":true}]}}