{"id":48338,"date":"2024-11-11T12:44:38","date_gmt":"2024-11-11T09:44:38","guid":{"rendered":"https:\/\/rst-steel.com\/product\/purelux-panther-s540-gen3-led-bar_pr_85895\/"},"modified":"2026-03-16T09:18:16","modified_gmt":"2026-03-16T06:18:16","slug":"lisavalo-purelux-panther-s540-gen3_pr_85895","status":"publish","type":"product","link":"https:\/\/com.rst-steel.eu\/nb\/produkt\/lisavalo-purelux-panther-s540-gen3_pr_85895\/","title":{"rendered":"Auxiliary light Purelux Panther S540 Gen3"},"content":{"rendered":"<p>Purelux Panther S540 Gen3 - LED Bar<\/p>\n<p><\/p>\n<p><span style=\"font-weight: bold\">Purelux Panther S540 Gen3 er en sv\u00e6rt kraftig led-lyskaster som kombinerer voldsom ytelse, en kombinert lysstr\u00e5le optimalisert for veitrafikk og et stilig utseende. Denne lykten har to forskjellige str\u00f8mmoduser, slik at du kan sl\u00e5 p\u00e5 enten den mer moderate str\u00f8mmodusen som er godkjent for veitrafikk, eller PowerBoost\u00ae-modusen som frigj\u00f8r all lyskraft. Den ubegrensede PowerBoost\u00ae-modusen l\u00f8fter kj\u00f8reopplevelsen p\u00e5 strekninger som krever maksimal lyseffekt til et helt nytt niv\u00e5, ettersom lyseffekten m\u00e5les opp til 15238 lumen og rekkevidden opp til 645 meter (ved 1 lux). Str\u00f8mmodusen kan enkelt endres ved \u00e5 trykke p\u00e5 knappen p\u00e5 kroppen, s\u00e5 det er ikke n\u00f8dvendig \u00e5 foreta omstendelige tilkoblinger! N\u00e5r Panthers utemmede ytelse kombineres med en flott design og en av de beste lyskasterne p\u00e5 markedet, sier det seg selv hvorfor den \u00e5r etter \u00e5r tar plass i toppen av sin st\u00f8rrelsesklasse!<\/span><\/p>\n<p>I motsetning til vanlig trenger du ikke \u00e5 koble til eller fra noen ekstra ledninger for \u00e5 aktivere lampens ulike str\u00f8mmoduser, i stedet er det uh\u00f8rt enkelt \u00e5 bytte mellom PowerBoost\u00ae og veimodus ved \u00e5 trykke p\u00e5 knappen p\u00e5 enden av lampen. Den sist brukte str\u00f8mmodusen forblir i lampens \"minne\", og dermed er det ikke n\u00f8dvendig, for eksempel ved bruk i veitrafikken, \u00e5 s\u00f8rge for at lampen alltid sl\u00e5r seg p\u00e5 med maksimal effekt n\u00e5r str\u00f8mmen sl\u00e5s av innimellom og bilen begynner \u00e5 bevege seg igjen.<\/p>\n<p><span style=\"font-weight: bold\">Lysstr\u00e5len p\u00e5 Panther S540 best\u00e5r av en rektangul\u00e6r, bred hovedstr\u00e5le, som er den perfekte kombinasjonen av b\u00e5de rekkevidde og bredde. Lysstr\u00e5len \u00e5pner seg rett fra baugen og lyser opp hele veien fra side til side, mens den lysere hovedspotten i midten av str\u00e5len leder lyset langt forut. I vertikal retning er lysstr\u00e5len mykt avgrenset, som vanlig fra andre lykter i Panther-serien, noe som gj\u00f8r at lyset ikke forsvinner un\u00f8dvendig p\u00e5 himmelen, og at det ikke dannes en blendende lyskule foran baugen. H\u00f8yden p\u00e5 lyskjeglen er optimalisert for \u00e5 v\u00e6re tilstrekkelig selv i kupert terreng og for takinstallasjoner av tungt utstyr.<\/span><\/p>\n<p>I tillegg til den presise lysstr\u00e5len er lysets n\u00f8ytrale fargetemperatur p\u00e5 5000 Kelvin en funksjon som forbedrer kj\u00f8reopplevelsen betydelig. Den n\u00f8ytrale fargetemperaturen er optimal for veitrafikk, ettersom den gj\u00f8r det lettere \u00e5 observere terrengformer og hindringer, og ikke forvrenger fargen p\u00e5 objekter. I tillegg blender den mindre i kj\u00f8lige toner fra f.eks. sn\u00f8dekke eller i t\u00e5ke og regn, og reduserer belastningen p\u00e5 \u00f8ynene. Fargetemperaturen p\u00e5 5000K passer perfekt til nyere biler med LED- eller Xenon-lys som standard, og gir \u00f8nsket lysstyrke og skarphet selv ved siden av tradisjonelle halogenlys.<\/p>\n<p><\/p>\n<p>Alt i alt er Panther S540 Gen3 en ekstralys utviklet for krevende forhold, som vi t\u00f8r \u00e5 anbefale til selv de mest krevende bruksomr\u00e5der. Takket v\u00e6re den allsidige st\u00f8rrelsen er dette panelet sv\u00e6rt godt egnet for frontinstallasjoner p\u00e5 biler, varebiler og SUV-er, og p\u00e5 grunn av den voldsomme ytelsen passer det ogs\u00e5 godt inn i utstyret til tungt utstyr. Ved hjelp av flere lamper kan du for eksempel bygge en veldig ryddig og attraktiv \"lysradiator\" for eksempel p\u00e5 taket! Takket v\u00e6re PowerBoost \u00ae -modusen er Purelux Panther S540 Gen3 et knappvalg selv p\u00e5 lukkede spor eller bare for terrengkj\u00f8ret\u00f8y.<\/p>\n<p>I tillegg til de utmerkede lysegenskapene er Panther S540 Gen3 utviklet for \u00e5 t\u00e5le p\u00e5kjenningene fra omgivelsene, noe som blant annet kommer til uttrykk i den h\u00f8yest mulige tetthetsklassifiseringen (IP69K), en praktisk talt uknuselig Lexa-polykarbonatlinse, en ramme av kraftig aluminium og et spesialbelegg som garanterer panelet utmerket holdbarhet mot UV-str\u00e5ling, korrosjon, kjemikalier og skiftende v\u00e6rforhold. I tillegg til beskyttelse gir det h\u00f8ykvalitets belegget ogs\u00e5 panelet en lett skinnende overflate som utstr\u00e5ler verdighet, kvalitet og stil. Det flotte helhetsinntrykket krones av de svarte festeskruene og den m\u00f8rke optikken, som ogs\u00e5 har blitt overf\u00f8rt til parkeringslyset p\u00e5 en moderne m\u00e5te for \u00e5 garantere eleganse selv n\u00e5r panelet er av.<\/p>\n<p>Lampen leveres med b\u00e5de de tradisjonelle endebeina og de breddejusterbare skinnefestene under lampen. Installasjonen forenkles av den ferdige DTP-kontakten p\u00e5 panelets str\u00f8mledning og de ferdige festepunktene for st\u00f8ttejern p\u00e5 panelets kropp (bruk av st\u00f8ttejern er ikke n\u00f8dvendig hvis installasjonen ellers kan utf\u00f8res p\u00e5 en sikker m\u00e5te). Det brede driftsspenningsomr\u00e5det (9-36 V) muliggj\u00f8r installasjon i b\u00e5de 12 V- og 24 V-systemer, og det lave referansenummeret (30) gj\u00f8r det mulig \u00e5 installere lampen sammen med alle standardlykter uten \u00e5 m\u00e5tte fjerne de originale lyktene! I tillegg er lampen beskyttet mot radioforstyrrelser i henhold til ECE R10-standarden. <span style=\"font-weight: bold\">To \u00e5rs (24 m\u00e5neder) garanti!<br \/><\/span><\/p>\n<p><span style=\"font-weight: bold\"><br \/><\/span><\/p>\n<p><span style=\"font-weight: bold\">Innhold i leveransen<br \/><\/span><\/p>\n<ul>\n<li>Purelux Panther S540 Gen3<\/li>\n<li>2 x breddejusterbare underben<\/li>\n<li>2 x endef\u00f8tter<\/li>\n<li>Motstykke til str\u00f8mkabel<\/li>\n<li>Tilkoblings- og installasjonsinstruksjoner (FI\/SE\/NO\/DK\/EN)<\/li>\n<\/ul>\n<p><\/p>\n<p><span style=\"font-weight: bold\">Spesifikasjoner<\/span><\/p>\n<ul>\n<li>LED: 36 x 6W<\/li>\n<li>Driftsspenning: 9-32 V (likestr\u00f8m)<\/li>\n<li>Referansenummer: 30<\/li>\n<li>Beregnet effekt: 216 W<\/li>\n<li>M\u00e5lt str\u00f8mforbruk<\/li>\n<li>Purelux PowerBoost\u00ae: 7,83 A ved 24 V<\/li>\n<li>Veimodus: 1,58 A VED 24 V<\/li>\n<li>M\u00e5lt effekt<\/li>\n<li>Purelux PowerBoost\u00ae: 188W @ 24V<\/li>\n<li>Veimodus: 38W @ 24V<\/li>\n<li>Parkeringslys: 4 W<\/li>\n<li>Lyseffekt oppgitt av produsenten: 16300 lm (Purelux PowerBoost\u00ae)<\/li>\n<li>M\u00e5lt: 15238 lm (Purelux PowerBoost\u00ae)<\/li>\n<li>M\u00e5lt: 4300 lm (veitrafikkforhold)<\/li>\n<li>M\u00e5lt rekkevidde: 645 m ved 1 lux \/ 1290 m ved 0,25 lux (Purelux PowerBoost\u00ae)<\/li>\n<li>M\u00e5lt rekkevidde: 340 m ved 1 lux \/ 680 m ved 0,25 lux (trafikkmodus)<\/li>\n<li>Fargetemperatur oppgitt av produsenten: 5000 K<\/li>\n<li>M\u00e5lt: 5050 K<\/li>\n<li>Festing: Endeben, breddejusterbare underben<\/li>\n<li>Kontakt: DTP-2<\/li>\n<li>Parkeringslysene + ledninger er separate<\/li>\n<li>Kabellengde: 50 cm<\/li>\n<li>Dimensjoner: 540 x 66 x 70 mm (bredde x h\u00f8yde x dybde)<\/li>\n<li>H\u00f8yde med endeben: 78 mm<\/li>\n<li>H\u00f8yde med underben: 81,5 mm<\/li>\n<li>Vekt: 2363 g<\/li>\n<li>IP-klassifisering: IP69K<\/li>\n<li>Godkjenninger: ECE R10, R7, R112*<\/li>\n<li>*Godkjenning for veitrafikk gjelder ikke for Purelux PowerBoost\u00ae-modus<\/li>\n<li>Annet: Panelet har ferdige plasser for stabilisatorer<\/li>\n<li>Garanti: 24 m\u00e5neder<\/li>\n<\/ul>","protected":false},"excerpt":{"rendered":"<p><span style=\"font-weight: bold\">Supereffektiv led-lykt, som blant annet er utstyrt med to str\u00f8mmoduser, en av de beste lyskasterne p\u00e5 markedet, oransje og hvitt parkeringslys og et t\u00f8ft utseende!&nbsp;<\/span><\/p>","protected":false},"featured_media":48333,"comment_status":"open","ping_status":"closed","template":"","meta":{"_improvement_type_select":"improve_an_existing","_thumb_yes_seoaic":false,"_frame_yes_seoaic":false,"seoaic_generate_description":"","seoaic_improve_instructions_prompt":"","seoaic_rollback_content_improvement":"","seoaic_idea_thumbnail_generator":"","thumbnail_generated":false,"thumbnail_generate_prompt":"","seoaic_article_description":""},"make_fuel_type":[],"make_model":[],"make_brand":[],"make_year":[],"pwb-brand":[8333],"product_brand":[],"product_cat":[6195,6209,7373],"product_tag":[8498,7551,8496,8489],"class_list":{"0":"post-48338","1":"product","2":"type-product","3":"status-publish","4":"has-post-thumbnail","6":"pwb-brand-brand_purelux","7":"product_cat-lamps","8":"product_cat-auxiliary-lights","9":"product_cat-rstcom-purelux","10":"product_tag-auxiliary-light","11":"product_tag-extraljus","12":"product_tag-light-bar","13":"product_tag-purelux","15":"first","16":"instock","17":"taxable","18":"shipping-taxable","19":"purchasable","20":"product-type-simple"},"yoast_head":"<!-- This site is optimized with the Yoast SEO plugin v25.7 - https:\/\/yoast.com\/wordpress\/plugins\/seo\/ -->\n<title>Auxiliary light Purelux Panther S540 Gen3 - RST-Steel<\/title>\n<meta name=\"description\" content=\"Purelux Panther S540 Gen3 LED Bar! Offering a 645m beam and 5000K color temperature, it&#039;s durable, IP69K rated, and perfect for any terrain.\" \/>\n<meta name=\"robots\" content=\"index, follow, max-snippet:-1, max-image-preview:large, max-video-preview:-1\" \/>\n<link rel=\"canonical\" href=\"https:\/\/com.rst-steel.eu\/nb\/produkt\/lisavalo-purelux-panther-s540-gen3_pr_85895\/\" \/>\n<meta property=\"og:locale\" content=\"nb_NO\" \/>\n<meta property=\"og:type\" content=\"article\" \/>\n<meta property=\"og:title\" content=\"Auxiliary light Purelux Panther S540 Gen3 - RST-Steel\" \/>\n<meta property=\"og:description\" content=\"Purelux Panther S540 Gen3 LED Bar! Offering a 645m beam and 5000K color temperature, it&#039;s durable, IP69K rated, and perfect for any terrain.\" \/>\n<meta property=\"og:url\" content=\"https:\/\/com.rst-steel.eu\/nb\/produkt\/lisavalo-purelux-panther-s540-gen3_pr_85895\/\" \/>\n<meta property=\"og:site_name\" content=\"RST-Steel\" \/>\n<meta property=\"article:publisher\" content=\"https:\/\/www.facebook.com\/rststeel\" \/>\n<meta property=\"article:modified_time\" content=\"2026-03-16T06:18:16+00:00\" \/>\n<meta property=\"og:image\" content=\"https:\/\/com.rst-steel.eu\/wp-content\/uploads\/2024\/11\/936a7195dc74f559e34a7cecd4031faa65dd7f26_purelux_panther_s540_gen3_1.jpg\" \/>\n\t<meta property=\"og:image:width\" content=\"2048\" \/>\n\t<meta property=\"og:image:height\" content=\"2048\" \/>\n\t<meta property=\"og:image:type\" content=\"image\/jpeg\" \/>\n<meta name=\"twitter:card\" content=\"summary_large_image\" \/>\n<meta name=\"twitter:label1\" content=\"Ansl. lesetid\" \/>\n\t<meta name=\"twitter:data1\" content=\"5 minutter\" \/>\n<script type=\"application\/ld+json\" class=\"yoast-schema-graph\">{\"@context\":\"https:\/\/schema.org\",\"@graph\":[{\"@type\":\"WebPage\",\"@id\":\"https:\/\/com.rst-steel.eu\/sv\/produkt\/lisavalo-purelux-panther-s540-gen3_pr_85895\/\",\"url\":\"https:\/\/com.rst-steel.eu\/sv\/produkt\/lisavalo-purelux-panther-s540-gen3_pr_85895\/\",\"name\":\"Auxiliary light Purelux Panther S540 Gen3 - RST-Steel\",\"isPartOf\":{\"@id\":\"https:\/\/com.rst-steel.eu\/#website\"},\"primaryImageOfPage\":{\"@id\":\"https:\/\/com.rst-steel.eu\/sv\/produkt\/lisavalo-purelux-panther-s540-gen3_pr_85895\/#primaryimage\"},\"image\":{\"@id\":\"https:\/\/com.rst-steel.eu\/sv\/produkt\/lisavalo-purelux-panther-s540-gen3_pr_85895\/#primaryimage\"},\"thumbnailUrl\":\"https:\/\/com.rst-steel.eu\/wp-content\/uploads\/2024\/11\/936a7195dc74f559e34a7cecd4031faa65dd7f26_purelux_panther_s540_gen3_1.jpg\",\"datePublished\":\"2024-11-11T09:44:38+00:00\",\"dateModified\":\"2026-03-16T06:18:16+00:00\",\"description\":\"Purelux Panther S540 Gen3 LED Bar! Offering a 645m beam and 5000K color temperature, it's durable, IP69K rated, and perfect for any terrain.\",\"breadcrumb\":{\"@id\":\"https:\/\/com.rst-steel.eu\/sv\/produkt\/lisavalo-purelux-panther-s540-gen3_pr_85895\/#breadcrumb\"},\"inLanguage\":\"nb-NO\",\"potentialAction\":[{\"@type\":\"ReadAction\",\"target\":[\"https:\/\/com.rst-steel.eu\/sv\/produkt\/lisavalo-purelux-panther-s540-gen3_pr_85895\/\"]}]},{\"@type\":\"ImageObject\",\"inLanguage\":\"nb-NO\",\"@id\":\"https:\/\/com.rst-steel.eu\/sv\/produkt\/lisavalo-purelux-panther-s540-gen3_pr_85895\/#primaryimage\",\"url\":\"https:\/\/com.rst-steel.eu\/wp-content\/uploads\/2024\/11\/936a7195dc74f559e34a7cecd4031faa65dd7f26_purelux_panther_s540_gen3_1.jpg\",\"contentUrl\":\"https:\/\/com.rst-steel.eu\/wp-content\/uploads\/2024\/11\/936a7195dc74f559e34a7cecd4031faa65dd7f26_purelux_panther_s540_gen3_1.jpg\",\"width\":2048,\"height\":2048,\"caption\":\"Purelux Panther S540 Gen3 - LED Bar\"},{\"@type\":\"BreadcrumbList\",\"@id\":\"https:\/\/com.rst-steel.eu\/sv\/produkt\/lisavalo-purelux-panther-s540-gen3_pr_85895\/#breadcrumb\",\"itemListElement\":[{\"@type\":\"ListItem\",\"position\":1,\"name\":\"Home\",\"item\":\"https:\/\/com.rst-steel.eu\/\"},{\"@type\":\"ListItem\",\"position\":2,\"name\":\"RST-Steel Shop\",\"item\":\"https:\/\/com.rst-steel.eu\/shop\/\"},{\"@type\":\"ListItem\",\"position\":3,\"name\":\"Auxiliary light Purelux Panther S540 Gen3\"}]},{\"@type\":\"WebSite\",\"@id\":\"https:\/\/com.rst-steel.eu\/#website\",\"url\":\"https:\/\/com.rst-steel.eu\/\",\"name\":\"RST-Steel.com\",\"description\":\"Finnish quality steel, for quality-conscious drivers\",\"publisher\":{\"@id\":\"https:\/\/com.rst-steel.eu\/#organization\"},\"alternateName\":\"Safe and stylish RST-Steel quality\",\"potentialAction\":[{\"@type\":\"SearchAction\",\"target\":{\"@type\":\"EntryPoint\",\"urlTemplate\":\"https:\/\/com.rst-steel.eu\/?s={search_term_string}\"},\"query-input\":{\"@type\":\"PropertyValueSpecification\",\"valueRequired\":true,\"valueName\":\"search_term_string\"}}],\"inLanguage\":\"nb-NO\"},{\"@type\":\"Organization\",\"@id\":\"https:\/\/com.rst-steel.eu\/#organization\",\"name\":\"RST-Steel Oy\",\"url\":\"https:\/\/com.rst-steel.eu\/\",\"logo\":{\"@type\":\"ImageObject\",\"inLanguage\":\"nb-NO\",\"@id\":\"https:\/\/com.rst-steel.eu\/#\/schema\/logo\/image\/\",\"url\":\"https:\/\/com.rst-steel.eu\/wp-content\/uploads\/2023\/04\/cropped-Rst-logo-valkoinen-teksti-3.png\",\"contentUrl\":\"https:\/\/com.rst-steel.eu\/wp-content\/uploads\/2023\/04\/cropped-Rst-logo-valkoinen-teksti-3.png\",\"width\":512,\"height\":115,\"caption\":\"RST-Steel Oy\"},\"image\":{\"@id\":\"https:\/\/com.rst-steel.eu\/#\/schema\/logo\/image\/\"},\"sameAs\":[\"https:\/\/www.facebook.com\/rststeel\",\"https:\/\/www.instagram.com\/rststeeloy\/\"]}]}<\/script>\n<!-- \/ Yoast SEO plugin. -->","yoast_head_json":{"title":"Auxiliary light Purelux Panther S540 Gen3 - RST-Steel","description":"Purelux Panther S540 Gen3 LED Bar! Den har en lysstr\u00e5le p\u00e5 645 meter og en fargetemperatur p\u00e5 5000K, er holdbar, IP69K-klassifisert og perfekt for alle typer terreng.","robots":{"index":"index","follow":"follow","max-snippet":"max-snippet:-1","max-image-preview":"max-image-preview:large","max-video-preview":"max-video-preview:-1"},"canonical":"https:\/\/com.rst-steel.eu\/nb\/produkt\/lisavalo-purelux-panther-s540-gen3_pr_85895\/","og_locale":"nb_NO","og_type":"article","og_title":"Auxiliary light Purelux Panther S540 Gen3 - RST-Steel","og_description":"Purelux Panther S540 Gen3 LED Bar! Offering a 645m beam and 5000K color temperature, it's durable, IP69K rated, and perfect for any terrain.","og_url":"https:\/\/com.rst-steel.eu\/nb\/produkt\/lisavalo-purelux-panther-s540-gen3_pr_85895\/","og_site_name":"RST-Steel","article_publisher":"https:\/\/www.facebook.com\/rststeel","article_modified_time":"2026-03-16T06:18:16+00:00","og_image":[{"width":2048,"height":2048,"url":"https:\/\/com.rst-steel.eu\/wp-content\/uploads\/2024\/11\/936a7195dc74f559e34a7cecd4031faa65dd7f26_purelux_panther_s540_gen3_1.jpg","type":"image\/jpeg"}],"twitter_card":"summary_large_image","twitter_misc":{"Ansl. lesetid":"5 minutter"},"schema":{"@context":"https:\/\/schema.org","@graph":[{"@type":"WebPage","@id":"https:\/\/com.rst-steel.eu\/sv\/produkt\/lisavalo-purelux-panther-s540-gen3_pr_85895\/","url":"https:\/\/com.rst-steel.eu\/sv\/produkt\/lisavalo-purelux-panther-s540-gen3_pr_85895\/","name":"Auxiliary light Purelux Panther S540 Gen3 - RST-Steel","isPartOf":{"@id":"https:\/\/com.rst-steel.eu\/#website"},"primaryImageOfPage":{"@id":"https:\/\/com.rst-steel.eu\/sv\/produkt\/lisavalo-purelux-panther-s540-gen3_pr_85895\/#primaryimage"},"image":{"@id":"https:\/\/com.rst-steel.eu\/sv\/produkt\/lisavalo-purelux-panther-s540-gen3_pr_85895\/#primaryimage"},"thumbnailUrl":"https:\/\/com.rst-steel.eu\/wp-content\/uploads\/2024\/11\/936a7195dc74f559e34a7cecd4031faa65dd7f26_purelux_panther_s540_gen3_1.jpg","datePublished":"2024-11-11T09:44:38+00:00","dateModified":"2026-03-16T06:18:16+00:00","description":"Purelux Panther S540 Gen3 LED Bar! Den har en lysstr\u00e5le p\u00e5 645 meter og en fargetemperatur p\u00e5 5000K, er holdbar, IP69K-klassifisert og perfekt for alle typer terreng.","breadcrumb":{"@id":"https:\/\/com.rst-steel.eu\/sv\/produkt\/lisavalo-purelux-panther-s540-gen3_pr_85895\/#breadcrumb"},"inLanguage":"nb-NO","potentialAction":[{"@type":"ReadAction","target":["https:\/\/com.rst-steel.eu\/sv\/produkt\/lisavalo-purelux-panther-s540-gen3_pr_85895\/"]}]},{"@type":"ImageObject","inLanguage":"nb-NO","@id":"https:\/\/com.rst-steel.eu\/sv\/produkt\/lisavalo-purelux-panther-s540-gen3_pr_85895\/#primaryimage","url":"https:\/\/com.rst-steel.eu\/wp-content\/uploads\/2024\/11\/936a7195dc74f559e34a7cecd4031faa65dd7f26_purelux_panther_s540_gen3_1.jpg","contentUrl":"https:\/\/com.rst-steel.eu\/wp-content\/uploads\/2024\/11\/936a7195dc74f559e34a7cecd4031faa65dd7f26_purelux_panther_s540_gen3_1.jpg","width":2048,"height":2048,"caption":"Purelux Panther S540 Gen3 - LED Bar"},{"@type":"BreadcrumbList","@id":"https:\/\/com.rst-steel.eu\/sv\/produkt\/lisavalo-purelux-panther-s540-gen3_pr_85895\/#breadcrumb","itemListElement":[{"@type":"ListItem","position":1,"name":"Home","item":"https:\/\/com.rst-steel.eu\/"},{"@type":"ListItem","position":2,"name":"RST-Steel Shop","item":"https:\/\/com.rst-steel.eu\/shop\/"},{"@type":"ListItem","position":3,"name":"Auxiliary light Purelux Panther S540 Gen3"}]},{"@type":"WebSite","@id":"https:\/\/com.rst-steel.eu\/#website","url":"https:\/\/com.rst-steel.eu\/","name":"RST-Steel.com","description":"Finsk kvalitetsst\u00e5l, for kvalitetsbevisste sj\u00e5f\u00f8rer","publisher":{"@id":"https:\/\/com.rst-steel.eu\/#organization"},"alternateName":"Safe and stylish RST-Steel quality","potentialAction":[{"@type":"SearchAction","target":{"@type":"EntryPoint","urlTemplate":"https:\/\/com.rst-steel.eu\/?s={search_term_string}"},"query-input":{"@type":"PropertyValueSpecification","valueRequired":true,"valueName":"search_term_string"}}],"inLanguage":"nb-NO"},{"@type":"Organization","@id":"https:\/\/com.rst-steel.eu\/#organization","name":"RST-Steel Oy","url":"https:\/\/com.rst-steel.eu\/","logo":{"@type":"ImageObject","inLanguage":"nb-NO","@id":"https:\/\/com.rst-steel.eu\/#\/schema\/logo\/image\/","url":"https:\/\/com.rst-steel.eu\/wp-content\/uploads\/2023\/04\/cropped-Rst-logo-valkoinen-teksti-3.png","contentUrl":"https:\/\/com.rst-steel.eu\/wp-content\/uploads\/2023\/04\/cropped-Rst-logo-valkoinen-teksti-3.png","width":512,"height":115,"caption":"RST-Steel Oy"},"image":{"@id":"https:\/\/com.rst-steel.eu\/#\/schema\/logo\/image\/"},"sameAs":["https:\/\/www.facebook.com\/rststeel","https:\/\/www.instagram.com\/rststeeloy\/"]}]}},"brands":[{"id":8333,"name":"Purelux","slug":"brand_purelux"}],"_links":{"self":[{"href":"https:\/\/com.rst-steel.eu\/nb\/wp-json\/wp\/v2\/product\/48338","targetHints":{"allow":["GET"]}}],"collection":[{"href":"https:\/\/com.rst-steel.eu\/nb\/wp-json\/wp\/v2\/product"}],"about":[{"href":"https:\/\/com.rst-steel.eu\/nb\/wp-json\/wp\/v2\/types\/product"}],"replies":[{"embeddable":true,"href":"https:\/\/com.rst-steel.eu\/nb\/wp-json\/wp\/v2\/comments?post=48338"}],"version-history":[{"count":0,"href":"https:\/\/com.rst-steel.eu\/nb\/wp-json\/wp\/v2\/product\/48338\/revisions"}],"wp:featuredmedia":[{"embeddable":true,"href":"https:\/\/com.rst-steel.eu\/nb\/wp-json\/wp\/v2\/media\/48333"}],"wp:attachment":[{"href":"https:\/\/com.rst-steel.eu\/nb\/wp-json\/wp\/v2\/media?parent=48338"}],"wp:term":[{"taxonomy":"make_fuel_type","embeddable":true,"href":"https:\/\/com.rst-steel.eu\/nb\/wp-json\/wp\/v2\/make_fuel_type?post=48338"},{"taxonomy":"make_model","embeddable":true,"href":"https:\/\/com.rst-steel.eu\/nb\/wp-json\/wp\/v2\/make_model?post=48338"},{"taxonomy":"make_brand","embeddable":true,"href":"https:\/\/com.rst-steel.eu\/nb\/wp-json\/wp\/v2\/make_brand?post=48338"},{"taxonomy":"make_year","embeddable":true,"href":"https:\/\/com.rst-steel.eu\/nb\/wp-json\/wp\/v2\/make_year?post=48338"},{"taxonomy":"pwb-brand","embeddable":true,"href":"https:\/\/com.rst-steel.eu\/nb\/wp-json\/wp\/v2\/pwb-brand?post=48338"},{"taxonomy":"product_brand","embeddable":true,"href":"https:\/\/com.rst-steel.eu\/nb\/wp-json\/wp\/v2\/product_brand?post=48338"},{"taxonomy":"product_cat","embeddable":true,"href":"https:\/\/com.rst-steel.eu\/nb\/wp-json\/wp\/v2\/product_cat?post=48338"},{"taxonomy":"product_tag","embeddable":true,"href":"https:\/\/com.rst-steel.eu\/nb\/wp-json\/wp\/v2\/product_tag?post=48338"}],"curies":[{"name":"wp","href":"https:\/\/api.w.org\/{rel}","templated":true}]}}