{"id":48325,"date":"2024-11-11T12:37:04","date_gmt":"2024-11-11T09:37:04","guid":{"rendered":"https:\/\/rst-steel.com\/product\/purelux-panther-c1050-curved-led-bar_pr_85032\/"},"modified":"2026-03-16T09:17:58","modified_gmt":"2026-03-16T06:17:58","slug":"purelux-panther-c1050-lisavalopaneeli_pr_85032","status":"publish","type":"product","link":"https:\/\/com.rst-steel.eu\/nb\/produkt\/purelux-panther-c1050-lisavalopaneeli_pr_85032\/","title":{"rendered":"Auxiliary light Purelux Panther C1050"},"content":{"rendered":"<p>Purelux Panther C1050 - buet LED-skinne<\/p>\n<p><\/p>\n<p><span style=\"font-weight: bold\">Purelux Panther C1050 er den st\u00f8rste og kraftigste modellen av de buede Panther led-lyktene, som med sin utrolige ytelse, brede kombinerte lysstr\u00e5le og stilige utseende vil overbevise selv mer erfarne bilister. Lykten har to forskjellige str\u00f8mmoduser, som gj\u00f8r det mulig \u00e5 sl\u00e5 p\u00e5 enten den mer moderate str\u00f8mmodusen beregnet for veitrafikk eller PowerBoost\u00ae-modusen som frigj\u00f8r utemmet lyskraft, som frigj\u00f8r en lyseffekt p\u00e5 opptil 25187 lumen foran kj\u00f8ret\u00f8yet og \u00f8ker rekkevidden til 591 meter (@ 1 lux). Effektmodusen kan enkelt endres ved \u00e5 trykke p\u00e5 knappen p\u00e5 rammen, s\u00e5 det er ikke n\u00f8dvendig \u00e5 gj\u00f8re omstendelige tilkoblinger! Eksplosiv ytelse og et bredt sammensatt lysm\u00f8nster kombinert med en buet form og en fantastisk design gj\u00f8r Panther C1050 til den beste i sin st\u00f8rrelsesklasse.<\/span><\/p>\n<p>I motsetning til vanlig trenger ingen ekstra ledning \u00e5 kobles til eller fra for \u00e5 aktivere lampens ulike str\u00f8mmoduser, men det er uovertruffent enkelt \u00e5 bytte mellom PowerBoost\u00ae og veimodus ved \u00e5 trykke p\u00e5 knappen p\u00e5 enden av lampen. Den sist brukte str\u00f8mmodusen forblir i lampens \"minne\", og dermed er det ikke n\u00f8dvendig, for eksempel ved bruk i veitrafikken, \u00e5 s\u00f8rge for at lampen alltid sl\u00e5s p\u00e5 med maksimal effekt n\u00e5r str\u00f8mmen sl\u00e5s av innimellom og bilen begynner \u00e5 bevege seg igjen.<\/p>\n<p><span style=\"font-weight: bold\">Lyskasteren p\u00e5 Panther C1050 best\u00e5r av en rektangul\u00e6r, bred hovedlyskaster, som er den perfekte kombinasjonen av b\u00e5de rekkevidde og bredde. Takket v\u00e6re den buede utformingen sprer bjelken lyset sideveis over et sv\u00e6rt bredt omr\u00e5de, slik at veikanter, gr\u00f8fter og skogkanter kan belyses effektivt rett fra baugen. I vertikal retning er lysstr\u00e5len mykt definert, noe som gj\u00f8r den spesielt optimal for installasjoner i baugen. Til tross for den h\u00f8ydebegrensede lysstr\u00e5len er det likevel nok lys til \u00e5 kj\u00f8re i kupert terreng og til takinstallasjoner.<\/span><\/p>\n<p><span style=\"font-weight: bold\"><br \/><\/span><\/p>\n<p><span style=\"font-weight: bold\">Forskjellene mellom den buede og den rette Panther ligger i lysstr\u00e5len: I begge modellene er str\u00e5len tilstrekkelig til \u00e5 belyse hele veien fra side til side, men i den buede modellen er hovedstr\u00e5len ca. 50% bredere, og den er ogs\u00e5 litt smalere i vertikal retning enn i den rette modellen. Det effektivt opplyste omr\u00e5det er derfor bredere i den buede modellen, mens den rette modellen maksimerer rekkevidden til spotlighten. Hvis m\u00e5let er \u00e5 finne et bredest mulig lysm\u00f8nster, er en buet stang det riktige valget, og hvis rekkevidden er litt st\u00f8rre, er den rette modellen det riktige valget. Fordi den buede modellen har en rett linje i toppen og bunnen, er den et litt bedre alternativ for veldig lave installasjoner.<\/span><\/p>\n<p>I tillegg til den presise lysstr\u00e5len er lysets n\u00f8ytrale fargetemperatur p\u00e5 5000 Kelvin en funksjon som forbedrer kj\u00f8reopplevelsen betydelig. Den n\u00f8ytrale fargetemperaturen er optimal for veitrafikk, ettersom den gj\u00f8r det lettere \u00e5 observere terrengformer og hindringer, og den forvrenger ikke fargen p\u00e5 objekter. I tillegg blender den mindre i kj\u00f8lige toner fra f.eks. sn\u00f8dekke eller i t\u00e5ke og regn, og reduserer belastningen p\u00e5 \u00f8ynene. Fargetemperaturen p\u00e5 5000K passer perfekt til nyere biler med standard LED- eller Xenon-lys, og gir \u00f8nsket lysstyrke og skarphet selv ved siden av tradisjonelle halogenlys.<\/p>\n<p>I tillegg til de utmerkede lysegenskapene er Panther C1050 konstruert for \u00e5 t\u00e5le p\u00e5kjenninger fra omgivelsene, noe som blant annet kommer til uttrykk i den h\u00f8yest mulige tetthetsgraden (IP69K), en praktisk talt uknuselig Lexa-polykarbonatlinse, en ramme av kraftig aluminium og et spesialbelegg som garanterer en utmerket holdbarhet mot UV-str\u00e5ling, korrosjon, kjemikalier og skiftende v\u00e6rforhold. I tillegg til beskyttelse gir det h\u00f8ykvalitetsbelegget ogs\u00e5 brillestangen en lett skinnende overflate som utstr\u00e5ler verdighet, kvalitet og stil. Det flotte helhetsinntrykket krones av svarte festeskruer og m\u00f8rk optikk, som ogs\u00e5 har blitt overf\u00f8rt til parkeringslyset p\u00e5 en moderne m\u00e5te for \u00e5 garantere eleganse selv n\u00e5r stangen er slukket.<\/p>\n<p>Lampen leveres med b\u00e5de de tradisjonelle endebeina og de breddejusterbare skinnefestene under lampen. Installasjonen forenkles av de ferdige festepunktene for st\u00f8ttejern i armaturhuset (bruk av st\u00f8ttejern er ikke n\u00f8dvendig hvis installasjonen ellers kan utf\u00f8res p\u00e5 en sikker m\u00e5te). Det brede driftsspenningsomr\u00e5det (9-36 V) muliggj\u00f8r installasjon i b\u00e5de 12 V- og 24 V-systemer. I tillegg er lampen beskyttet mot radiost\u00f8y i henhold til ECE R10-standarden. <span style=\"font-weight: bold\">To \u00e5rs (24 m\u00e5neder) garanti!<\/span><\/p>\n<p><span style=\"font-weight: bold\"><br \/><\/span><\/p>\n<p><span style=\"font-weight: bold\">Innhold i leveransen<br \/><\/span><\/p>\n<ul>\n<li>Purelux Panther C1050<\/li>\n<li>2 x breddejusterbare underben<\/li>\n<li>2 x endef\u00f8tter<\/li>\n<li>Tilkoblings- og installasjonsinstruksjoner (FI\/SE\/NO\/DK\/EN)<\/li>\n<\/ul>\n<p><\/p>\n<p><span style=\"font-weight: bold\">Spesifikasjoner<\/span><\/p>\n<ul>\n<li>LED: 72 x 6W<\/li>\n<li>Driftsspenning: 9-36 V (likestr\u00f8m)<\/li>\n<li>Referansenummer: 50<\/li>\n<li>Beregnet effekt: 432 W<\/li>\n<li>M\u00e5lt str\u00f8mforbruk<\/li>\n<li>Purelux PowerBoost\u00ae: 14,5 A VED 24 V<\/li>\n<li>Veimodus: 3,5 A VED 24 V<\/li>\n<li>M\u00e5lt effekt<\/li>\n<li>Purelux PowerBoost\u00ae: 350W @ 24V<\/li>\n<li>Modus for veitrafikk: 84 W VED 24 V<\/li>\n<li>Parkeringslys: 6 W<\/li>\n<li>Lyseffekt oppgitt av produsenten: 26600 lm (Purelux PowerBoost\u00ae)<\/li>\n<li>M\u00e5lt: 25187 lm (Purelux PowerBoost\u00ae)<\/li>\n<li>M\u00e5lt: 8609 lm (trafikkforhold)<\/li>\n<li>M\u00e5lt rekkevidde: 591 m ved 1 lux \/ 1182 m ved 0,25 lux (Purelux PowerBoost\u00ae)<\/li>\n<li>M\u00e5lt rekkevidde: 334 m ved 1 lux \/ 668 m ved 0,25 lux (trafikkmodus)<\/li>\n<li>Fargetemperatur oppgitt av produsenten: 5000 K<\/li>\n<li>M\u00e5lt: 5054 K<\/li>\n<li>Festing: Endeben, breddejusterbare underben<\/li>\n<li>Kontakt: Rette ledninger, ingen kontakt<\/li>\n<li>Kabellengde: 220 cm<\/li>\n<li>Dimensjoner: 1028 x 66 x 70 mm (bredde x h\u00f8yde x dybde)<\/li>\n<li>H\u00f8yde med endeben: 78 mm<\/li>\n<li>H\u00f8yde med underben: 81,5 mm<\/li>\n<li>Vekt: 4600 g<\/li>\n<li>Krumningsradius: 2800 mm<\/li>\n<li>IP-klassifisering: IP69K<\/li>\n<li>Godkjenninger: ECE R10, R148, R149*<\/li>\n<li><span style=\"font-weight: bold\">*Godkjenning for veitrafikk gjelder ikke for Purelux PowerBoost\u00ae-modus<\/span><\/li>\n<li>Annet: Panelet har ferdige plasser for stabilisatorer<\/li>\n<li>Garanti: 24 m\u00e5neder<\/li>\n<\/ul>","protected":false},"excerpt":{"rendered":"<p><span style=\"font-weight: bold\">En buet led-stang designet for krevende brukere, som gir god ytelse og er utstyrt med bl.a. to forskjellige str\u00f8mmodi og et virkelig bredt kombinasjonslysbilde!<\/span><\/p>","protected":false},"featured_media":48321,"comment_status":"open","ping_status":"closed","template":"","meta":{"_improvement_type_select":"improve_an_existing","_thumb_yes_seoaic":false,"_frame_yes_seoaic":false,"seoaic_generate_description":"","seoaic_improve_instructions_prompt":"","seoaic_rollback_content_improvement":"","seoaic_idea_thumbnail_generator":"","thumbnail_generated":false,"thumbnail_generate_prompt":"","seoaic_article_description":""},"make_fuel_type":[],"make_model":[],"make_brand":[],"make_year":[],"pwb-brand":[8333],"product_brand":[],"product_cat":[6195,6209,7373],"product_tag":[8498,7551,8496,8489],"class_list":{"0":"post-48325","1":"product","2":"type-product","3":"status-publish","4":"has-post-thumbnail","6":"pwb-brand-brand_purelux","7":"product_cat-lamps","8":"product_cat-auxiliary-lights","9":"product_cat-rstcom-purelux","10":"product_tag-auxiliary-light","11":"product_tag-extraljus","12":"product_tag-light-bar","13":"product_tag-purelux","15":"first","16":"instock","17":"taxable","18":"shipping-taxable","19":"purchasable","20":"product-type-simple"},"yoast_head":"<!-- This site is optimized with the Yoast SEO plugin v25.7 - https:\/\/yoast.com\/wordpress\/plugins\/seo\/ -->\n<title>Auxiliary light Purelux Panther C1050 - RST-Steel<\/title>\n<meta name=\"description\" content=\"The Purelux Panther C1050 is the largest and most powerful model in the curved Panther auxiliary light range. Check out the product and get yours now!\" \/>\n<meta name=\"robots\" content=\"index, follow, max-snippet:-1, max-image-preview:large, max-video-preview:-1\" \/>\n<link rel=\"canonical\" href=\"https:\/\/com.rst-steel.eu\/nb\/produkt\/purelux-panther-c1050-lisavalopaneeli_pr_85032\/\" \/>\n<meta property=\"og:locale\" content=\"nb_NO\" \/>\n<meta property=\"og:type\" content=\"article\" \/>\n<meta property=\"og:title\" content=\"Auxiliary light Purelux Panther C1050 - RST-Steel\" \/>\n<meta property=\"og:description\" content=\"The Purelux Panther C1050 is the largest and most powerful model in the curved Panther auxiliary light range. Check out the product and get yours now!\" \/>\n<meta property=\"og:url\" content=\"https:\/\/com.rst-steel.eu\/nb\/produkt\/purelux-panther-c1050-lisavalopaneeli_pr_85032\/\" \/>\n<meta property=\"og:site_name\" content=\"RST-Steel\" \/>\n<meta property=\"article:publisher\" content=\"https:\/\/www.facebook.com\/rststeel\" \/>\n<meta property=\"article:modified_time\" content=\"2026-03-16T06:17:58+00:00\" \/>\n<meta property=\"og:image\" content=\"https:\/\/com.rst-steel.eu\/wp-content\/uploads\/2024\/11\/5fb27cd763727cc1d52fa8455946462e8a915753_purelux_panther_c1050_1.jpg\" \/>\n\t<meta property=\"og:image:width\" content=\"2048\" \/>\n\t<meta property=\"og:image:height\" content=\"2048\" \/>\n\t<meta property=\"og:image:type\" content=\"image\/jpeg\" \/>\n<meta name=\"twitter:card\" content=\"summary_large_image\" \/>\n<meta name=\"twitter:label1\" content=\"Ansl. lesetid\" \/>\n\t<meta name=\"twitter:data1\" content=\"5 minutter\" \/>\n<script type=\"application\/ld+json\" class=\"yoast-schema-graph\">{\"@context\":\"https:\/\/schema.org\",\"@graph\":[{\"@type\":\"WebPage\",\"@id\":\"https:\/\/com.rst-steel.eu\/sv\/produkt\/purelux-panther-c1050-lisavalopaneeli_pr_85032\/\",\"url\":\"https:\/\/com.rst-steel.eu\/sv\/produkt\/purelux-panther-c1050-lisavalopaneeli_pr_85032\/\",\"name\":\"Auxiliary light Purelux Panther C1050 - RST-Steel\",\"isPartOf\":{\"@id\":\"https:\/\/com.rst-steel.eu\/#website\"},\"primaryImageOfPage\":{\"@id\":\"https:\/\/com.rst-steel.eu\/sv\/produkt\/purelux-panther-c1050-lisavalopaneeli_pr_85032\/#primaryimage\"},\"image\":{\"@id\":\"https:\/\/com.rst-steel.eu\/sv\/produkt\/purelux-panther-c1050-lisavalopaneeli_pr_85032\/#primaryimage\"},\"thumbnailUrl\":\"https:\/\/com.rst-steel.eu\/wp-content\/uploads\/2024\/11\/5fb27cd763727cc1d52fa8455946462e8a915753_purelux_panther_c1050_1.jpg\",\"datePublished\":\"2024-11-11T09:37:04+00:00\",\"dateModified\":\"2026-03-16T06:17:58+00:00\",\"description\":\"The Purelux Panther C1050 is the largest and most powerful model in the curved Panther auxiliary light range. Check out the product and get yours now!\",\"breadcrumb\":{\"@id\":\"https:\/\/com.rst-steel.eu\/sv\/produkt\/purelux-panther-c1050-lisavalopaneeli_pr_85032\/#breadcrumb\"},\"inLanguage\":\"nb-NO\",\"potentialAction\":[{\"@type\":\"ReadAction\",\"target\":[\"https:\/\/com.rst-steel.eu\/sv\/produkt\/purelux-panther-c1050-lisavalopaneeli_pr_85032\/\"]}]},{\"@type\":\"ImageObject\",\"inLanguage\":\"nb-NO\",\"@id\":\"https:\/\/com.rst-steel.eu\/sv\/produkt\/purelux-panther-c1050-lisavalopaneeli_pr_85032\/#primaryimage\",\"url\":\"https:\/\/com.rst-steel.eu\/wp-content\/uploads\/2024\/11\/5fb27cd763727cc1d52fa8455946462e8a915753_purelux_panther_c1050_1.jpg\",\"contentUrl\":\"https:\/\/com.rst-steel.eu\/wp-content\/uploads\/2024\/11\/5fb27cd763727cc1d52fa8455946462e8a915753_purelux_panther_c1050_1.jpg\",\"width\":2048,\"height\":2048},{\"@type\":\"BreadcrumbList\",\"@id\":\"https:\/\/com.rst-steel.eu\/sv\/produkt\/purelux-panther-c1050-lisavalopaneeli_pr_85032\/#breadcrumb\",\"itemListElement\":[{\"@type\":\"ListItem\",\"position\":1,\"name\":\"Home\",\"item\":\"https:\/\/com.rst-steel.eu\/\"},{\"@type\":\"ListItem\",\"position\":2,\"name\":\"RST-Steel Shop\",\"item\":\"https:\/\/com.rst-steel.eu\/shop\/\"},{\"@type\":\"ListItem\",\"position\":3,\"name\":\"Auxiliary light Purelux Panther C1050\"}]},{\"@type\":\"WebSite\",\"@id\":\"https:\/\/com.rst-steel.eu\/#website\",\"url\":\"https:\/\/com.rst-steel.eu\/\",\"name\":\"RST-Steel.com\",\"description\":\"Finnish quality steel, for quality-conscious drivers\",\"publisher\":{\"@id\":\"https:\/\/com.rst-steel.eu\/#organization\"},\"alternateName\":\"Safe and stylish RST-Steel quality\",\"potentialAction\":[{\"@type\":\"SearchAction\",\"target\":{\"@type\":\"EntryPoint\",\"urlTemplate\":\"https:\/\/com.rst-steel.eu\/?s={search_term_string}\"},\"query-input\":{\"@type\":\"PropertyValueSpecification\",\"valueRequired\":true,\"valueName\":\"search_term_string\"}}],\"inLanguage\":\"nb-NO\"},{\"@type\":\"Organization\",\"@id\":\"https:\/\/com.rst-steel.eu\/#organization\",\"name\":\"RST-Steel Oy\",\"url\":\"https:\/\/com.rst-steel.eu\/\",\"logo\":{\"@type\":\"ImageObject\",\"inLanguage\":\"nb-NO\",\"@id\":\"https:\/\/com.rst-steel.eu\/#\/schema\/logo\/image\/\",\"url\":\"https:\/\/com.rst-steel.eu\/wp-content\/uploads\/2023\/04\/cropped-Rst-logo-valkoinen-teksti-3.png\",\"contentUrl\":\"https:\/\/com.rst-steel.eu\/wp-content\/uploads\/2023\/04\/cropped-Rst-logo-valkoinen-teksti-3.png\",\"width\":512,\"height\":115,\"caption\":\"RST-Steel Oy\"},\"image\":{\"@id\":\"https:\/\/com.rst-steel.eu\/#\/schema\/logo\/image\/\"},\"sameAs\":[\"https:\/\/www.facebook.com\/rststeel\",\"https:\/\/www.instagram.com\/rststeeloy\/\"]}]}<\/script>\n<!-- \/ Yoast SEO plugin. -->","yoast_head_json":{"title":"Auxiliary light Purelux Panther C1050 - RST-Steel","description":"Purelux Panther C1050 er den st\u00f8rste og kraftigste modellen i den buede Panther-serien med ekstralys. Ta en titt p\u00e5 produktet og skaff deg ditt n\u00e5!","robots":{"index":"index","follow":"follow","max-snippet":"max-snippet:-1","max-image-preview":"max-image-preview:large","max-video-preview":"max-video-preview:-1"},"canonical":"https:\/\/com.rst-steel.eu\/nb\/produkt\/purelux-panther-c1050-lisavalopaneeli_pr_85032\/","og_locale":"nb_NO","og_type":"article","og_title":"Auxiliary light Purelux Panther C1050 - RST-Steel","og_description":"The Purelux Panther C1050 is the largest and most powerful model in the curved Panther auxiliary light range. Check out the product and get yours now!","og_url":"https:\/\/com.rst-steel.eu\/nb\/produkt\/purelux-panther-c1050-lisavalopaneeli_pr_85032\/","og_site_name":"RST-Steel","article_publisher":"https:\/\/www.facebook.com\/rststeel","article_modified_time":"2026-03-16T06:17:58+00:00","og_image":[{"width":2048,"height":2048,"url":"https:\/\/com.rst-steel.eu\/wp-content\/uploads\/2024\/11\/5fb27cd763727cc1d52fa8455946462e8a915753_purelux_panther_c1050_1.jpg","type":"image\/jpeg"}],"twitter_card":"summary_large_image","twitter_misc":{"Ansl. lesetid":"5 minutter"},"schema":{"@context":"https:\/\/schema.org","@graph":[{"@type":"WebPage","@id":"https:\/\/com.rst-steel.eu\/sv\/produkt\/purelux-panther-c1050-lisavalopaneeli_pr_85032\/","url":"https:\/\/com.rst-steel.eu\/sv\/produkt\/purelux-panther-c1050-lisavalopaneeli_pr_85032\/","name":"Auxiliary light Purelux Panther C1050 - RST-Steel","isPartOf":{"@id":"https:\/\/com.rst-steel.eu\/#website"},"primaryImageOfPage":{"@id":"https:\/\/com.rst-steel.eu\/sv\/produkt\/purelux-panther-c1050-lisavalopaneeli_pr_85032\/#primaryimage"},"image":{"@id":"https:\/\/com.rst-steel.eu\/sv\/produkt\/purelux-panther-c1050-lisavalopaneeli_pr_85032\/#primaryimage"},"thumbnailUrl":"https:\/\/com.rst-steel.eu\/wp-content\/uploads\/2024\/11\/5fb27cd763727cc1d52fa8455946462e8a915753_purelux_panther_c1050_1.jpg","datePublished":"2024-11-11T09:37:04+00:00","dateModified":"2026-03-16T06:17:58+00:00","description":"Purelux Panther C1050 er den st\u00f8rste og kraftigste modellen i den buede Panther-serien med ekstralys. Ta en titt p\u00e5 produktet og skaff deg ditt n\u00e5!","breadcrumb":{"@id":"https:\/\/com.rst-steel.eu\/sv\/produkt\/purelux-panther-c1050-lisavalopaneeli_pr_85032\/#breadcrumb"},"inLanguage":"nb-NO","potentialAction":[{"@type":"ReadAction","target":["https:\/\/com.rst-steel.eu\/sv\/produkt\/purelux-panther-c1050-lisavalopaneeli_pr_85032\/"]}]},{"@type":"ImageObject","inLanguage":"nb-NO","@id":"https:\/\/com.rst-steel.eu\/sv\/produkt\/purelux-panther-c1050-lisavalopaneeli_pr_85032\/#primaryimage","url":"https:\/\/com.rst-steel.eu\/wp-content\/uploads\/2024\/11\/5fb27cd763727cc1d52fa8455946462e8a915753_purelux_panther_c1050_1.jpg","contentUrl":"https:\/\/com.rst-steel.eu\/wp-content\/uploads\/2024\/11\/5fb27cd763727cc1d52fa8455946462e8a915753_purelux_panther_c1050_1.jpg","width":2048,"height":2048},{"@type":"BreadcrumbList","@id":"https:\/\/com.rst-steel.eu\/sv\/produkt\/purelux-panther-c1050-lisavalopaneeli_pr_85032\/#breadcrumb","itemListElement":[{"@type":"ListItem","position":1,"name":"Home","item":"https:\/\/com.rst-steel.eu\/"},{"@type":"ListItem","position":2,"name":"RST-Steel Shop","item":"https:\/\/com.rst-steel.eu\/shop\/"},{"@type":"ListItem","position":3,"name":"Auxiliary light Purelux Panther C1050"}]},{"@type":"WebSite","@id":"https:\/\/com.rst-steel.eu\/#website","url":"https:\/\/com.rst-steel.eu\/","name":"RST-Steel.com","description":"Finsk kvalitetsst\u00e5l, for kvalitetsbevisste sj\u00e5f\u00f8rer","publisher":{"@id":"https:\/\/com.rst-steel.eu\/#organization"},"alternateName":"Safe and stylish RST-Steel quality","potentialAction":[{"@type":"SearchAction","target":{"@type":"EntryPoint","urlTemplate":"https:\/\/com.rst-steel.eu\/?s={search_term_string}"},"query-input":{"@type":"PropertyValueSpecification","valueRequired":true,"valueName":"search_term_string"}}],"inLanguage":"nb-NO"},{"@type":"Organization","@id":"https:\/\/com.rst-steel.eu\/#organization","name":"RST-Steel Oy","url":"https:\/\/com.rst-steel.eu\/","logo":{"@type":"ImageObject","inLanguage":"nb-NO","@id":"https:\/\/com.rst-steel.eu\/#\/schema\/logo\/image\/","url":"https:\/\/com.rst-steel.eu\/wp-content\/uploads\/2023\/04\/cropped-Rst-logo-valkoinen-teksti-3.png","contentUrl":"https:\/\/com.rst-steel.eu\/wp-content\/uploads\/2023\/04\/cropped-Rst-logo-valkoinen-teksti-3.png","width":512,"height":115,"caption":"RST-Steel Oy"},"image":{"@id":"https:\/\/com.rst-steel.eu\/#\/schema\/logo\/image\/"},"sameAs":["https:\/\/www.facebook.com\/rststeel","https:\/\/www.instagram.com\/rststeeloy\/"]}]}},"brands":[{"id":8333,"name":"Purelux","slug":"brand_purelux"}],"_links":{"self":[{"href":"https:\/\/com.rst-steel.eu\/nb\/wp-json\/wp\/v2\/product\/48325","targetHints":{"allow":["GET"]}}],"collection":[{"href":"https:\/\/com.rst-steel.eu\/nb\/wp-json\/wp\/v2\/product"}],"about":[{"href":"https:\/\/com.rst-steel.eu\/nb\/wp-json\/wp\/v2\/types\/product"}],"replies":[{"embeddable":true,"href":"https:\/\/com.rst-steel.eu\/nb\/wp-json\/wp\/v2\/comments?post=48325"}],"version-history":[{"count":0,"href":"https:\/\/com.rst-steel.eu\/nb\/wp-json\/wp\/v2\/product\/48325\/revisions"}],"wp:featuredmedia":[{"embeddable":true,"href":"https:\/\/com.rst-steel.eu\/nb\/wp-json\/wp\/v2\/media\/48321"}],"wp:attachment":[{"href":"https:\/\/com.rst-steel.eu\/nb\/wp-json\/wp\/v2\/media?parent=48325"}],"wp:term":[{"taxonomy":"make_fuel_type","embeddable":true,"href":"https:\/\/com.rst-steel.eu\/nb\/wp-json\/wp\/v2\/make_fuel_type?post=48325"},{"taxonomy":"make_model","embeddable":true,"href":"https:\/\/com.rst-steel.eu\/nb\/wp-json\/wp\/v2\/make_model?post=48325"},{"taxonomy":"make_brand","embeddable":true,"href":"https:\/\/com.rst-steel.eu\/nb\/wp-json\/wp\/v2\/make_brand?post=48325"},{"taxonomy":"make_year","embeddable":true,"href":"https:\/\/com.rst-steel.eu\/nb\/wp-json\/wp\/v2\/make_year?post=48325"},{"taxonomy":"pwb-brand","embeddable":true,"href":"https:\/\/com.rst-steel.eu\/nb\/wp-json\/wp\/v2\/pwb-brand?post=48325"},{"taxonomy":"product_brand","embeddable":true,"href":"https:\/\/com.rst-steel.eu\/nb\/wp-json\/wp\/v2\/product_brand?post=48325"},{"taxonomy":"product_cat","embeddable":true,"href":"https:\/\/com.rst-steel.eu\/nb\/wp-json\/wp\/v2\/product_cat?post=48325"},{"taxonomy":"product_tag","embeddable":true,"href":"https:\/\/com.rst-steel.eu\/nb\/wp-json\/wp\/v2\/product_tag?post=48325"}],"curies":[{"name":"wp","href":"https:\/\/api.w.org\/{rel}","templated":true}]}}