{"id":48320,"date":"2024-11-11T12:36:50","date_gmt":"2024-11-11T09:36:50","guid":{"rendered":"https:\/\/rst-steel.com\/product\/purelux-panther-c540-curved-led-bar_pr_85029\/"},"modified":"2026-03-16T09:17:58","modified_gmt":"2026-03-16T06:17:58","slug":"purelux-panther-c540-lisavalopaneeli_pr_85029","status":"publish","type":"product","link":"https:\/\/com.rst-steel.eu\/nb\/produkt\/purelux-panther-c540-lisavalopaneeli_pr_85029\/","title":{"rendered":"Auxiliary light Purelux Panther C540"},"content":{"rendered":"<p>Purelux Panther C540 - buet LED-skinne<\/p>\n<p><\/p>\n<p><span style=\"font-weight: bold\">Purelux Panther C540 er en buet led-lyskaster designet spesielt for personbiler, som representerer den perfekte kombinasjonen av et stilig utseende, enorm kraft og en bred kombinasjonslysstr\u00e5le. Lykten har to ulike str\u00f8mmoduser, som gj\u00f8r at du kan sl\u00e5 p\u00e5 enten den mer moderate str\u00f8mmodusen beregnet for veitrafikk eller PowerBoost\u00ae-modusen som frigj\u00f8r en utemmet lyseffekt p\u00e5 opptil 16332 lumen foran kj\u00f8ret\u00f8yet og \u00f8ker rekkevidden til 607 meter (ved 1 lux). Effektmodusen kan enkelt endres ved \u00e5 trykke p\u00e5 knappen p\u00e5 lyskroppen, s\u00e5 det er ikke n\u00f8dvendig \u00e5 gj\u00f8re omstendelige tilkoblinger! Eksplosiv ytelse og et bredt lysm\u00f8nster kombinert med en buet form og en fantastisk design gj\u00f8r Panther C540 til den beste i sin st\u00f8rrelsesklasse.<\/span><\/p>\n<p>I motsetning til vanlig trenger ingen ekstra ledning \u00e5 kobles til eller fra for \u00e5 aktivere lampens ulike str\u00f8mmoduser, men det er uovertruffent enkelt \u00e5 bytte mellom PowerBoost\u00ae og veimodus ved \u00e5 trykke p\u00e5 knappen p\u00e5 enden av lampen. Den sist brukte str\u00f8mmodusen forblir i lampens \"minne\", og dermed er det ikke n\u00f8dvendig, for eksempel ved bruk i veitrafikken, \u00e5 s\u00f8rge for at lampen alltid sl\u00e5s p\u00e5 med maksimal effekt n\u00e5r str\u00f8mmen sl\u00e5s av innimellom og bilen begynner \u00e5 bevege seg igjen.<\/p>\n<p><span style=\"font-weight: bold\">Lyskasteren p\u00e5 Panther C540 best\u00e5r av en rektangul\u00e6r, bred hovedlyskaster, som er den perfekte kombinasjonen av b\u00e5de rekkevidde og bredde. Takket v\u00e6re den buede utformingen sprer panelet lyset sideveis over et sv\u00e6rt bredt omr\u00e5de, slik at veikanter, gr\u00f8fter og skogkanter kan belyses effektivt helt fra fronten av bilen. I vertikal retning er lysstr\u00e5len mykt avgrenset, noe som betyr at det er nok lys selv for kj\u00f8ring i kupert terreng, men det sl\u00f8ses ikke bort p\u00e5 himmelen, og det dannes ingen forstyrrende lysende lyskule foran bilen. H\u00f8yden p\u00e5 lyskjeglen er optimalisert for \u00e5 v\u00e6re tilstrekkelig selv i kupert terreng og for takinstallasjoner av tungt utstyr.<\/span><\/p>\n<p><span style=\"font-weight: bold\"><br \/><\/span><\/p>\n<p><span style=\"font-weight: bold\">Forskjellene mellom den buede og den rette Panther finnes i bredden p\u00e5 lysstr\u00e5len: I begge tilfeller er str\u00e5len tilstrekkelig til \u00e5 belyse hele veien fra side til side, men det buede karosseriet \u00e5pner opp hovedlysstr\u00e5len enda mer enn den rette modellen, og maksimerer bredden, mens det rette panelet gir maksimal rekkevidde. I det buede panelet er hovedstr\u00e5len i midten ca. 50% bredere enn i det rette, s\u00e5 forskjellen er ikke stor, men hvis m\u00e5let er \u00e5 finne et bredest mulig lysbilde, er det buede panelet det riktige valget. Hvis du derimot \u00f8nsker litt mer rekkevidde, er den direkte modellen et passende valg. N\u00e5r du skal velge mellom disse to modellene, b\u00f8r du ogs\u00e5 ta hensyn til monteringsplasseringen, dvs. at hvis ekstralyset skal monteres i baugen, b\u00f8r du velge den som passer best til bilens design.<\/span><\/p>\n<p>I tillegg til den presise lysstr\u00e5len er lysets n\u00f8ytrale fargetemperatur p\u00e5 5000 Kelvin en funksjon som forbedrer kj\u00f8reopplevelsen betydelig. Den n\u00f8ytrale fargetemperaturen er optimal for veitrafikk, ettersom den gj\u00f8r det lettere \u00e5 observere terrengformer og hindringer, og ikke forvrenger fargen p\u00e5 objekter. I tillegg blender den mindre i kj\u00f8lige toner fra f.eks. sn\u00f8dekke eller i t\u00e5ke og regn, og reduserer belastningen p\u00e5 \u00f8ynene. Fargetemperaturen p\u00e5 5000K passer perfekt til nyere biler med standard LED- eller Xenon-lys, og gir \u00f8nsket lysstyrke og skarphet selv ved siden av tradisjonelle halogenlys.<\/p>\n<p><\/p>\n<p>Panther C540 er en ekstralys utviklet for krevende forhold, som vi t\u00f8r \u00e5 anbefale selv for de mest krevende bruksomr\u00e5dene. Takket v\u00e6re den allsidige st\u00f8rrelsen egner den seg sv\u00e6rt godt til frontmontering p\u00e5 biler, varebiler og SUV-er. Lyset egner seg selvf\u00f8lgelig ogs\u00e5 til \u00e5 utstyre tungt utstyr, ettersom den allsidige st\u00f8rrelsen gj\u00f8r det mulig \u00e5 bygge en veldig ryddig og attraktiv \"lysrekke\", f.eks. p\u00e5 taket ved hjelp av to eller flere lamper! Takket v\u00e6re PowerBoost-modus er Purelux Panther C540 et godt valg selv p\u00e5 stengte baner eller for kj\u00f8ret\u00f8y som kun kj\u00f8rer i terrenget.<\/p>\n<p>I tillegg til de utmerkede lysegenskapene er Panther C540 konstruert for \u00e5 t\u00e5le p\u00e5kjenninger fra omgivelsene, noe som blant annet kommer til uttrykk i den h\u00f8yest mulige tetthetsgraden (IP69K), en praktisk talt uknuselig Lexa-polykarbonatlinse, en ramme av kraftig aluminium og et spesialbelegg som garanterer panelet utmerket holdbarhet mot UV-str\u00e5ling, korrosjon, kjemikalier og skiftende v\u00e6rforhold. I tillegg til beskyttelse gir det h\u00f8ykvalitetsbelegget ogs\u00e5 panelet en lett skinnende overflate som utstr\u00e5ler verdighet, kvalitet og stil. Det flotte helhetsinntrykket krones av svarte festeskruer og m\u00f8rk optikk, som ogs\u00e5 har blitt overf\u00f8rt til parkeringslyset p\u00e5 en moderne m\u00e5te for \u00e5 garantere eleganse selv n\u00e5r panelet er sl\u00e5tt av.<\/p>\n<p>Lampen leveres med b\u00e5de de tradisjonelle endebeina og de breddejusterbare skinnefestene under lampen. Installasjonen forenkles av den ferdige DTP-kontakten i panelets str\u00f8mledning og de ferdige festepunktene for st\u00f8ttejernene i panelets ramme (bruk av st\u00f8ttejern er ikke n\u00f8dvendig hvis installasjonen ellers kan utf\u00f8res p\u00e5 en sikker m\u00e5te). Det brede driftsspenningsomr\u00e5det (9-36 V) muliggj\u00f8r installasjon i b\u00e5de 12 V- og 24 V-systemer, og det lave referansenummeret (25) gj\u00f8r det mulig \u00e5 installere lampen sammen med alle standardlamper uten \u00e5 m\u00e5tte fjerne de originale lampene! I tillegg er lampen beskyttet mot radioforstyrrelser i henhold til ECE R10-standarden. <span style=\"font-weight: bold\">To \u00e5rs (24 m\u00e5neder) garanti!<\/span><\/p>\n<p><span style=\"font-weight: bold\"><br \/><\/span><\/p>\n<p><span style=\"font-weight: bold\">Innhold i leveransen<br \/><\/span><\/p>\n<ul>\n<li>Purelux Panther C540<\/li>\n<li>2 x breddejusterbare underben<\/li>\n<li>2 x endef\u00f8tter<\/li>\n<li>Motstykke til str\u00f8mkabel<\/li>\n<li>Tilkoblings- og installasjonsinstruksjoner (FI\/SE\/NO\/DK\/EN)<\/li>\n<\/ul>\n<div><\/div>\n<p><span style=\"font-weight: bold\">Spesifikasjoner<\/span><\/p>\n<\/p>\n<p><ul><\/ul>\n<\/p>\n<ul>\n<li>LED: 36 x 6W<\/li>\n<li>Driftsspenning: 9-36 V (likestr\u00f8m)<\/li>\n<li>Referansenummer: 25<\/li>\n<li>Beregnet effekt: 216 W<\/li>\n<li>M\u00e5lt str\u00f8mforbruk<\/li>\n<li>Purelux PowerBoost\u00ae: 8,29 A ved 24 V<\/li>\n<li>Veimodus: 1,08 A VED 24 V<\/li>\n<li>M\u00e5lt effekt<\/li>\n<li>Purelux PowerBoost\u00ae: 199W @ 24V<\/li>\n<li>Veimodus: 26W @ 24V<\/li>\n<li>Parkeringslys: 4 W<\/li>\n<li>Lyseffekt oppgitt av produsenten: 17000 lm (Purelux PowerBoost\u00ae)<\/li>\n<li>M\u00e5lt: 16332 lm (Purelux PowerBoost\u00ae)<\/li>\n<li>M\u00e5lt: 2573 lm (trafikkforhold)<\/li>\n<li>M\u00e5lt rekkevidde: 607 m ved 1 lux \/ 1214 m ved 0,25 lux (Purelux PowerBoost\u00ae)<\/li>\n<li>M\u00e5lt rekkevidde: 254 m ved 1 lux \/ 508 m ved 0,25 lux (trafikkmodus)<\/li>\n<li>Fargetemperatur oppgitt av produsenten: 5000 K<\/li>\n<li>M\u00e5lt: 5068 K<\/li>\n<li>Festing: Endeben, breddejusterbare underben<\/li>\n<li>Kontakt: Deutsch DTP-2<\/li>\n<li>Parkeringslysene + ledninger er separate<\/li>\n<li>Kabellengde: 50 cm<\/li>\n<li>Dimensjoner: 542 x 66 x 70 mm (bredde x h\u00f8yde x dybde)<\/li>\n<li>H\u00f8yde med endeben: 78 mm<\/li>\n<li>H\u00f8yde med underben: 81,5 mm<\/li>\n<li>Vekt: 2340 g<\/li>\n<li>Krumningsradius: 2800 mm<\/li>\n<li>IP-klassifisering: IP69K<\/li>\n<li>Godkjenninger: ECE R10, R148, R149*<\/li>\n<li><span style=\"font-weight: bold\">*Godkjenning for veitrafikk gjelder ikke for Purelux PowerBoost\u00ae-modus<\/span><\/li>\n<li>Annet: Panelet har ferdige plasser for stabilisatorer<\/li>\n<li>Garanti: 24 m\u00e5neder<\/li>\n<\/ul>","protected":false},"excerpt":{"rendered":"<p><span style=\"font-weight: bold\">En buet led-stang designet for krevende brukere, som gir god ytelse og er utstyrt med bl.a. to forskjellige str\u00f8mmodi og et virkelig bredt kombinasjonslysbilde!<\/span><\/p>","protected":false},"featured_media":48316,"comment_status":"open","ping_status":"closed","template":"","meta":{"_improvement_type_select":"improve_an_existing","_thumb_yes_seoaic":false,"_frame_yes_seoaic":false,"seoaic_generate_description":"","seoaic_improve_instructions_prompt":"","seoaic_rollback_content_improvement":"","seoaic_idea_thumbnail_generator":"","thumbnail_generated":false,"thumbnail_generate_prompt":"","seoaic_article_description":""},"make_fuel_type":[],"make_model":[],"make_brand":[],"make_year":[],"pwb-brand":[8333],"product_brand":[],"product_cat":[6195,6209,7373],"product_tag":[8498,7551,8496,8489],"class_list":{"0":"post-48320","1":"product","2":"type-product","3":"status-publish","4":"has-post-thumbnail","6":"pwb-brand-brand_purelux","7":"product_cat-lamps","8":"product_cat-auxiliary-lights","9":"product_cat-rstcom-purelux","10":"product_tag-auxiliary-light","11":"product_tag-extraljus","12":"product_tag-light-bar","13":"product_tag-purelux","15":"first","16":"instock","17":"taxable","18":"shipping-taxable","19":"purchasable","20":"product-type-simple"},"yoast_head":"<!-- This site is optimized with the Yoast SEO plugin v25.7 - https:\/\/yoast.com\/wordpress\/plugins\/seo\/ -->\n<title>Auxiliary light Purelux Panther C540 - RST-Steel<\/title>\n<meta name=\"description\" content=\"Purelux Panther C540 is a curved auxiliary light panel designed for passenger cars, providing excellent lighting tailored to drivers&#039; needs.\" \/>\n<meta name=\"robots\" content=\"index, follow, max-snippet:-1, max-image-preview:large, max-video-preview:-1\" \/>\n<link rel=\"canonical\" href=\"https:\/\/com.rst-steel.eu\/nb\/produkt\/purelux-panther-c540-lisavalopaneeli_pr_85029\/\" \/>\n<meta property=\"og:locale\" content=\"nb_NO\" \/>\n<meta property=\"og:type\" content=\"article\" \/>\n<meta property=\"og:title\" content=\"Auxiliary light Purelux Panther C540 - RST-Steel\" \/>\n<meta property=\"og:description\" content=\"Purelux Panther C540 is a curved auxiliary light panel designed for passenger cars, providing excellent lighting tailored to drivers&#039; needs.\" \/>\n<meta property=\"og:url\" content=\"https:\/\/com.rst-steel.eu\/nb\/produkt\/purelux-panther-c540-lisavalopaneeli_pr_85029\/\" \/>\n<meta property=\"og:site_name\" content=\"RST-Steel\" \/>\n<meta property=\"article:publisher\" content=\"https:\/\/www.facebook.com\/rststeel\" \/>\n<meta property=\"article:modified_time\" content=\"2026-03-16T06:17:58+00:00\" \/>\n<meta property=\"og:image\" content=\"https:\/\/com.rst-steel.eu\/wp-content\/uploads\/2024\/11\/77aeaa0b9bf03bed28abce4b8a27d29918ed03fe_purelux_panther_c540_01.jpg\" \/>\n\t<meta property=\"og:image:width\" content=\"2048\" \/>\n\t<meta property=\"og:image:height\" content=\"2048\" \/>\n\t<meta property=\"og:image:type\" content=\"image\/jpeg\" \/>\n<meta name=\"twitter:card\" content=\"summary_large_image\" \/>\n<meta name=\"twitter:label1\" content=\"Ansl. lesetid\" \/>\n\t<meta name=\"twitter:data1\" content=\"6 minutter\" \/>\n<script type=\"application\/ld+json\" class=\"yoast-schema-graph\">{\"@context\":\"https:\/\/schema.org\",\"@graph\":[{\"@type\":\"WebPage\",\"@id\":\"https:\/\/com.rst-steel.eu\/sv\/produkt\/purelux-panther-c540-lisavalopaneeli_pr_85029\/\",\"url\":\"https:\/\/com.rst-steel.eu\/sv\/produkt\/purelux-panther-c540-lisavalopaneeli_pr_85029\/\",\"name\":\"Auxiliary light Purelux Panther C540 - RST-Steel\",\"isPartOf\":{\"@id\":\"https:\/\/com.rst-steel.eu\/#website\"},\"primaryImageOfPage\":{\"@id\":\"https:\/\/com.rst-steel.eu\/sv\/produkt\/purelux-panther-c540-lisavalopaneeli_pr_85029\/#primaryimage\"},\"image\":{\"@id\":\"https:\/\/com.rst-steel.eu\/sv\/produkt\/purelux-panther-c540-lisavalopaneeli_pr_85029\/#primaryimage\"},\"thumbnailUrl\":\"https:\/\/com.rst-steel.eu\/wp-content\/uploads\/2024\/11\/77aeaa0b9bf03bed28abce4b8a27d29918ed03fe_purelux_panther_c540_01.jpg\",\"datePublished\":\"2024-11-11T09:36:50+00:00\",\"dateModified\":\"2026-03-16T06:17:58+00:00\",\"description\":\"Purelux Panther C540 is a curved auxiliary light panel designed for passenger cars, providing excellent lighting tailored to drivers' needs.\",\"breadcrumb\":{\"@id\":\"https:\/\/com.rst-steel.eu\/sv\/produkt\/purelux-panther-c540-lisavalopaneeli_pr_85029\/#breadcrumb\"},\"inLanguage\":\"nb-NO\",\"potentialAction\":[{\"@type\":\"ReadAction\",\"target\":[\"https:\/\/com.rst-steel.eu\/sv\/produkt\/purelux-panther-c540-lisavalopaneeli_pr_85029\/\"]}]},{\"@type\":\"ImageObject\",\"inLanguage\":\"nb-NO\",\"@id\":\"https:\/\/com.rst-steel.eu\/sv\/produkt\/purelux-panther-c540-lisavalopaneeli_pr_85029\/#primaryimage\",\"url\":\"https:\/\/com.rst-steel.eu\/wp-content\/uploads\/2024\/11\/77aeaa0b9bf03bed28abce4b8a27d29918ed03fe_purelux_panther_c540_01.jpg\",\"contentUrl\":\"https:\/\/com.rst-steel.eu\/wp-content\/uploads\/2024\/11\/77aeaa0b9bf03bed28abce4b8a27d29918ed03fe_purelux_panther_c540_01.jpg\",\"width\":2048,\"height\":2048,\"caption\":\"Purelux Panther C540 - Curved LED bar\"},{\"@type\":\"BreadcrumbList\",\"@id\":\"https:\/\/com.rst-steel.eu\/sv\/produkt\/purelux-panther-c540-lisavalopaneeli_pr_85029\/#breadcrumb\",\"itemListElement\":[{\"@type\":\"ListItem\",\"position\":1,\"name\":\"Home\",\"item\":\"https:\/\/com.rst-steel.eu\/\"},{\"@type\":\"ListItem\",\"position\":2,\"name\":\"RST-Steel Shop\",\"item\":\"https:\/\/com.rst-steel.eu\/shop\/\"},{\"@type\":\"ListItem\",\"position\":3,\"name\":\"Auxiliary light Purelux Panther C540\"}]},{\"@type\":\"WebSite\",\"@id\":\"https:\/\/com.rst-steel.eu\/#website\",\"url\":\"https:\/\/com.rst-steel.eu\/\",\"name\":\"RST-Steel.com\",\"description\":\"Finnish quality steel, for quality-conscious drivers\",\"publisher\":{\"@id\":\"https:\/\/com.rst-steel.eu\/#organization\"},\"alternateName\":\"Safe and stylish RST-Steel quality\",\"potentialAction\":[{\"@type\":\"SearchAction\",\"target\":{\"@type\":\"EntryPoint\",\"urlTemplate\":\"https:\/\/com.rst-steel.eu\/?s={search_term_string}\"},\"query-input\":{\"@type\":\"PropertyValueSpecification\",\"valueRequired\":true,\"valueName\":\"search_term_string\"}}],\"inLanguage\":\"nb-NO\"},{\"@type\":\"Organization\",\"@id\":\"https:\/\/com.rst-steel.eu\/#organization\",\"name\":\"RST-Steel Oy\",\"url\":\"https:\/\/com.rst-steel.eu\/\",\"logo\":{\"@type\":\"ImageObject\",\"inLanguage\":\"nb-NO\",\"@id\":\"https:\/\/com.rst-steel.eu\/#\/schema\/logo\/image\/\",\"url\":\"https:\/\/com.rst-steel.eu\/wp-content\/uploads\/2023\/04\/cropped-Rst-logo-valkoinen-teksti-3.png\",\"contentUrl\":\"https:\/\/com.rst-steel.eu\/wp-content\/uploads\/2023\/04\/cropped-Rst-logo-valkoinen-teksti-3.png\",\"width\":512,\"height\":115,\"caption\":\"RST-Steel Oy\"},\"image\":{\"@id\":\"https:\/\/com.rst-steel.eu\/#\/schema\/logo\/image\/\"},\"sameAs\":[\"https:\/\/www.facebook.com\/rststeel\",\"https:\/\/www.instagram.com\/rststeeloy\/\"]}]}<\/script>\n<!-- \/ Yoast SEO plugin. -->","yoast_head_json":{"title":"Auxiliary light Purelux Panther C540 - RST-Steel","description":"Purelux Panther C540 er et buet ekstra lyspanel designet for personbiler, og gir utmerket belysning som er skreddersydd for sj\u00e5f\u00f8rens behov.","robots":{"index":"index","follow":"follow","max-snippet":"max-snippet:-1","max-image-preview":"max-image-preview:large","max-video-preview":"max-video-preview:-1"},"canonical":"https:\/\/com.rst-steel.eu\/nb\/produkt\/purelux-panther-c540-lisavalopaneeli_pr_85029\/","og_locale":"nb_NO","og_type":"article","og_title":"Auxiliary light Purelux Panther C540 - RST-Steel","og_description":"Purelux Panther C540 is a curved auxiliary light panel designed for passenger cars, providing excellent lighting tailored to drivers' needs.","og_url":"https:\/\/com.rst-steel.eu\/nb\/produkt\/purelux-panther-c540-lisavalopaneeli_pr_85029\/","og_site_name":"RST-Steel","article_publisher":"https:\/\/www.facebook.com\/rststeel","article_modified_time":"2026-03-16T06:17:58+00:00","og_image":[{"width":2048,"height":2048,"url":"https:\/\/com.rst-steel.eu\/wp-content\/uploads\/2024\/11\/77aeaa0b9bf03bed28abce4b8a27d29918ed03fe_purelux_panther_c540_01.jpg","type":"image\/jpeg"}],"twitter_card":"summary_large_image","twitter_misc":{"Ansl. lesetid":"6 minutter"},"schema":{"@context":"https:\/\/schema.org","@graph":[{"@type":"WebPage","@id":"https:\/\/com.rst-steel.eu\/sv\/produkt\/purelux-panther-c540-lisavalopaneeli_pr_85029\/","url":"https:\/\/com.rst-steel.eu\/sv\/produkt\/purelux-panther-c540-lisavalopaneeli_pr_85029\/","name":"Auxiliary light Purelux Panther C540 - RST-Steel","isPartOf":{"@id":"https:\/\/com.rst-steel.eu\/#website"},"primaryImageOfPage":{"@id":"https:\/\/com.rst-steel.eu\/sv\/produkt\/purelux-panther-c540-lisavalopaneeli_pr_85029\/#primaryimage"},"image":{"@id":"https:\/\/com.rst-steel.eu\/sv\/produkt\/purelux-panther-c540-lisavalopaneeli_pr_85029\/#primaryimage"},"thumbnailUrl":"https:\/\/com.rst-steel.eu\/wp-content\/uploads\/2024\/11\/77aeaa0b9bf03bed28abce4b8a27d29918ed03fe_purelux_panther_c540_01.jpg","datePublished":"2024-11-11T09:36:50+00:00","dateModified":"2026-03-16T06:17:58+00:00","description":"Purelux Panther C540 er et buet ekstra lyspanel designet for personbiler, og gir utmerket belysning som er skreddersydd for sj\u00e5f\u00f8rens behov.","breadcrumb":{"@id":"https:\/\/com.rst-steel.eu\/sv\/produkt\/purelux-panther-c540-lisavalopaneeli_pr_85029\/#breadcrumb"},"inLanguage":"nb-NO","potentialAction":[{"@type":"ReadAction","target":["https:\/\/com.rst-steel.eu\/sv\/produkt\/purelux-panther-c540-lisavalopaneeli_pr_85029\/"]}]},{"@type":"ImageObject","inLanguage":"nb-NO","@id":"https:\/\/com.rst-steel.eu\/sv\/produkt\/purelux-panther-c540-lisavalopaneeli_pr_85029\/#primaryimage","url":"https:\/\/com.rst-steel.eu\/wp-content\/uploads\/2024\/11\/77aeaa0b9bf03bed28abce4b8a27d29918ed03fe_purelux_panther_c540_01.jpg","contentUrl":"https:\/\/com.rst-steel.eu\/wp-content\/uploads\/2024\/11\/77aeaa0b9bf03bed28abce4b8a27d29918ed03fe_purelux_panther_c540_01.jpg","width":2048,"height":2048,"caption":"Purelux Panther C540 - Curved LED bar"},{"@type":"BreadcrumbList","@id":"https:\/\/com.rst-steel.eu\/sv\/produkt\/purelux-panther-c540-lisavalopaneeli_pr_85029\/#breadcrumb","itemListElement":[{"@type":"ListItem","position":1,"name":"Home","item":"https:\/\/com.rst-steel.eu\/"},{"@type":"ListItem","position":2,"name":"RST-Steel Shop","item":"https:\/\/com.rst-steel.eu\/shop\/"},{"@type":"ListItem","position":3,"name":"Auxiliary light Purelux Panther C540"}]},{"@type":"WebSite","@id":"https:\/\/com.rst-steel.eu\/#website","url":"https:\/\/com.rst-steel.eu\/","name":"RST-Steel.com","description":"Finsk kvalitetsst\u00e5l, for kvalitetsbevisste sj\u00e5f\u00f8rer","publisher":{"@id":"https:\/\/com.rst-steel.eu\/#organization"},"alternateName":"Safe and stylish RST-Steel quality","potentialAction":[{"@type":"SearchAction","target":{"@type":"EntryPoint","urlTemplate":"https:\/\/com.rst-steel.eu\/?s={search_term_string}"},"query-input":{"@type":"PropertyValueSpecification","valueRequired":true,"valueName":"search_term_string"}}],"inLanguage":"nb-NO"},{"@type":"Organization","@id":"https:\/\/com.rst-steel.eu\/#organization","name":"RST-Steel Oy","url":"https:\/\/com.rst-steel.eu\/","logo":{"@type":"ImageObject","inLanguage":"nb-NO","@id":"https:\/\/com.rst-steel.eu\/#\/schema\/logo\/image\/","url":"https:\/\/com.rst-steel.eu\/wp-content\/uploads\/2023\/04\/cropped-Rst-logo-valkoinen-teksti-3.png","contentUrl":"https:\/\/com.rst-steel.eu\/wp-content\/uploads\/2023\/04\/cropped-Rst-logo-valkoinen-teksti-3.png","width":512,"height":115,"caption":"RST-Steel Oy"},"image":{"@id":"https:\/\/com.rst-steel.eu\/#\/schema\/logo\/image\/"},"sameAs":["https:\/\/www.facebook.com\/rststeel","https:\/\/www.instagram.com\/rststeeloy\/"]}]}},"brands":[{"id":8333,"name":"Purelux","slug":"brand_purelux"}],"_links":{"self":[{"href":"https:\/\/com.rst-steel.eu\/nb\/wp-json\/wp\/v2\/product\/48320","targetHints":{"allow":["GET"]}}],"collection":[{"href":"https:\/\/com.rst-steel.eu\/nb\/wp-json\/wp\/v2\/product"}],"about":[{"href":"https:\/\/com.rst-steel.eu\/nb\/wp-json\/wp\/v2\/types\/product"}],"replies":[{"embeddable":true,"href":"https:\/\/com.rst-steel.eu\/nb\/wp-json\/wp\/v2\/comments?post=48320"}],"version-history":[{"count":0,"href":"https:\/\/com.rst-steel.eu\/nb\/wp-json\/wp\/v2\/product\/48320\/revisions"}],"wp:featuredmedia":[{"embeddable":true,"href":"https:\/\/com.rst-steel.eu\/nb\/wp-json\/wp\/v2\/media\/48316"}],"wp:attachment":[{"href":"https:\/\/com.rst-steel.eu\/nb\/wp-json\/wp\/v2\/media?parent=48320"}],"wp:term":[{"taxonomy":"make_fuel_type","embeddable":true,"href":"https:\/\/com.rst-steel.eu\/nb\/wp-json\/wp\/v2\/make_fuel_type?post=48320"},{"taxonomy":"make_model","embeddable":true,"href":"https:\/\/com.rst-steel.eu\/nb\/wp-json\/wp\/v2\/make_model?post=48320"},{"taxonomy":"make_brand","embeddable":true,"href":"https:\/\/com.rst-steel.eu\/nb\/wp-json\/wp\/v2\/make_brand?post=48320"},{"taxonomy":"make_year","embeddable":true,"href":"https:\/\/com.rst-steel.eu\/nb\/wp-json\/wp\/v2\/make_year?post=48320"},{"taxonomy":"pwb-brand","embeddable":true,"href":"https:\/\/com.rst-steel.eu\/nb\/wp-json\/wp\/v2\/pwb-brand?post=48320"},{"taxonomy":"product_brand","embeddable":true,"href":"https:\/\/com.rst-steel.eu\/nb\/wp-json\/wp\/v2\/product_brand?post=48320"},{"taxonomy":"product_cat","embeddable":true,"href":"https:\/\/com.rst-steel.eu\/nb\/wp-json\/wp\/v2\/product_cat?post=48320"},{"taxonomy":"product_tag","embeddable":true,"href":"https:\/\/com.rst-steel.eu\/nb\/wp-json\/wp\/v2\/product_tag?post=48320"}],"curies":[{"name":"wp","href":"https:\/\/api.w.org\/{rel}","templated":true}]}}