{"id":48312,"date":"2024-11-11T12:36:25","date_gmt":"2024-11-11T09:36:25","guid":{"rendered":"https:\/\/rst-steel.com\/product\/purelux-panther-9-auxiliary-light-black-white_prm_72523\/"},"modified":"2026-03-16T09:17:39","modified_gmt":"2026-03-16T06:17:39","slug":"purelux-panther-9-auxiliary-light_prm_72523","status":"publish","type":"product","link":"https:\/\/com.rst-steel.eu\/nb\/produkt\/purelux-panther-9-auxiliary-light_prm_72523\/","title":{"rendered":"Purelux Panther 9&#8243; auxiliary light"},"content":{"rendered":"<p>Purelux Panther 9\u2033 hjelpelys (svart\/hvitt)<\/p>\n<ul>\n<li><\/li>\n<\/ul>\n<p>Purelux Panther 9 er en sjokkerende kraftig ekstralys som rusker opp i markedet for runde kj\u00f8relys med en voldsom ytelse, en av markedets beste kombinasjonslysstr\u00e5ler, en R65-godkjent varsellysfunksjon og et unikt utseende. Lykten har to ulike str\u00f8mmoduser, dvs. at den kan sl\u00e5s p\u00e5 enten den mer moderate str\u00f8mmodusen som er godkjent for veitrafikk, eller PowerBoost\u00ae-modusen som gir ubegrenset lyseffekt. Med den innovative brukergrensesnittbryteren som er integrert i lykten, kan du enkelt og raskt endre str\u00f8mmodus, til og med direkte under kj\u00f8ring, s\u00e5 det er ikke n\u00f8dvendig \u00e5 foreta noen ekstra tilkoblinger!<\/p>\n<ul>\n<li><\/li>\n<\/ul>\n<p>I PowerBoost\u00ae-modus er det m\u00e5lte (i LightLab) lysutbyttet fra bare \u00e9n lykt 12314 lumen, med en rekkevidde p\u00e5 opptil 709 meter (1 lux), og n\u00e5r to eller flere lykter monteres side om side, forvandles den umerkelige rekken av svarte pantere i nattem\u00f8rket til et lysfenomen som viser vei fremover p\u00e5 en enest\u00e5ende m\u00e5te. Det oppsiktsvekkende designet, de stilige detaljene og det oransje eller hvite parkeringslyset nederst p\u00e5 lykten gj\u00f8r Panther 9 til en i\u00f8ynefallende \u00e5penbaring, og takket v\u00e6re den svarte fargen passer den perfekt inn i ethvert kj\u00f8ret\u00f8y.<\/p>\n<p>I motsetning til hva som er vanlig, er det ikke n\u00f8dvendig \u00e5 koble til eller fra noen ekstra ledning for \u00e5 aktivere lyktens ulike effektmoduser, men det er i stedet mulig \u00e5 veksle mellom PowerBoost\u00ae og veitrafikkmodus ved hjelp av et unikt valg som er integrert i brukergrensesnittet. Det er derfor enkelt og raskt \u00e5 skifte str\u00f8mmodus, selv under kj\u00f8ring.&nbsp;<\/p>\n<p>Lysstr\u00e5len til Panther 9 best\u00e5r av en rektangul\u00e6r, bred hovedstr\u00e5le, som er en perfekt kombinasjon av b\u00e5de rekkevidde og bredde. Lysstr\u00e5len \u00e5pner seg med en gang og lyser opp hele veien fra side til side, mens den lysere hovedflekken i midten av str\u00e5len leder lyset langt fremover. I vertikal retning er lysstr\u00e5len mykt avgrenset, som vanlig fra andre lykter i Panther-serien, noe som gj\u00f8r at lyset ikke forsvinner opp i himmelen og at det ikke dannes en lyskule foran bilen. H\u00f8yden p\u00e5 lysstr\u00e5len er imidlertid optimalisert for \u00e5 v\u00e6re tilstrekkelig for kupert terreng og takinstallasjoner av tungt utstyr.<\/p>\n<p>I motsetning til mange andre ekstralys p\u00e5 markedet er Panther 9 utstyrt med et R65-godkjent oransje varsellys som kan brukes f.eks. ved spesialtransport, n\u00e5r kj\u00f8ret\u00f8yet beveger seg fra motorveien til en byggeplass eller f.eks. ved trafikkontroll. Et sterkt, lysende varsellys vil ikke g\u00e5 ubemerket hen, s\u00e5 sikkerheten til de som arbeider p\u00e5 kj\u00f8ret\u00f8yet, kan garanteres uten separate varsellys. Varsellyset kan for eksempel installeres bak en separat bryter, slik at det kan brukes n\u00e5r det er n\u00f8dvendig. Varsellyset har fem forskjellige blinkfunksjoner, og i tillegg kan lysene synkroniseres med hverandre, slik at de blinker samtidig og gir kj\u00f8ret\u00f8yet et enhetlig utseende.<\/p>\n<p>I tillegg til den presise lysstr\u00e5len er lysets n\u00f8ytrale fargetemperatur p\u00e5 5000 Kelvin en funksjon som forbedrer kj\u00f8reopplevelsen betydelig. N\u00f8ytral fargetemperatur er optimal for veitrafikk, ettersom den gj\u00f8r det lettere \u00e5 observere terrengformer og hindringer og ikke forvrenger fargen p\u00e5 objektet. I tillegg blender den mindre i kj\u00f8lige toner fra f.eks. sn\u00f8dekke eller i t\u00e5ke og regn, og reduserer belastningen p\u00e5 \u00f8ynene. Fargetemperaturen 5000K passer ogs\u00e5 til nyere biler med LED- eller Xenon-lys som standard, og gir \u00f8nsket lysstyrke og skarphet selv ved siden av tradisjonelle halogenlys.<\/p>\n<ul>\n<li><\/li>\n<\/ul>\n<p>Panther 9 skiller seg ut fra det vanlige, og den unike designen, det oransje eller hvite parkeringslyset som l\u00f8per spektakul\u00e6rt i bunnen av linsen, og den m\u00f8rke optikken gir lykten et unikt og street-credible helhetsutseende. Det uforskammet uvanlige utseendet, kombinert med st\u00f8rrelsen p\u00e5 9\u2033 og den voldsomme ytelsen, gj\u00f8r Panther 9 til et utmerket tillegg til utstyret p\u00e5 tungt utstyr og anleggskj\u00f8ret\u00f8y, samt varebiler og SUV-er. Lyktens eksepsjonelt lave referansenummer (25) gj\u00f8r det mulig \u00e5 montere flere lykter i samme kj\u00f8ret\u00f8y uten at bilens eget fjernlys trenger \u00e5 kuttes ut av bruk, s\u00e5 denne lyskanonen kan ogs\u00e5 monteres i personbiler!<\/p>\n<p>Lykten leveres med en monteringsfot, og monteringen forenkles av den 2-polede DTP-kontakten som allerede er p\u00e5 plass i lyktens str\u00f8mledning, samt separate ledninger fra str\u00f8mledningen til parkeringslys, varsellys og synkronisering av varsellys. I motsetning til mange andre ekstralys i samme st\u00f8rrelse har Panther 9 ogs\u00e5 et ferdigmontert monteringshull for den \u00f8vre st\u00f8ttestangen, noe som muliggj\u00f8r en solid installasjon. Det brede driftsspenningsomr\u00e5det (9-36 V) muliggj\u00f8r installasjon i b\u00e5de 12 V- og 24 V-systemer. Lampen er beskyttet mot radiost\u00f8y i henhold til ECE R10-standarden. Tre \u00e5rs (36 m\u00e5neder) garanti!<\/p>\n<ul>\n<li><\/li>\n<\/ul>\n<p><span style=\"font-weight: bold\">Innhold i leveransen<\/span><\/p>\n<ul>\n<li>Purelux Panther 9<\/li>\n<li>Montering av ben<\/li>\n<li>Str\u00f8mledning med DTP-2-kontakt<\/li>\n<li>Tilkoblings- og installasjonsinstruksjoner (FI\/SE\/NO\/DK)<\/li>\n<li><\/li>\n<\/ul>\n<p><span style=\"font-weight: bold\">Tekniske spesifikasjoner<\/span><\/p>\n<ul>\n<li>Driftsspenning: 9-36 V (likestr\u00f8m)<\/li>\n<li>Referansenummer: 25<\/li>\n<li>Beregnet effekt: 210 W<\/li>\n<li>M\u00e5lt str\u00f8mforbruk<\/li>\n<li>Purelux PowerBoost\u00ae: 8,125 A ved 24 V<\/li>\n<li>Veimodus: 1,79 A VED 24 V<\/li>\n<li>Varsellampe: 0,61 A ved 24 V<\/li>\n<li>M\u00e5lt effekt<\/li>\n<li>Purelux PowerBoost\u00ae: 195 W @ 24 V<\/li>\n<li>Modus for veitrafikk: 43 W @ 24 V<\/li>\n<li>Varsellampe: 14,7 W @ 24 V<\/li>\n<li>Parkeringslys: 4,1 W @ 24 V<\/li>\n<li>M\u00e5lt lysutbytte: 12314 lm (Purelux PowerBoost\u00ae) \/ 3872 lm (veitrafikkmodus)<\/li>\n<li>M\u00e5lt rekkevidde: 709 m ved 1 lux \/ 1418 m ved 0,25 lux (Purelux PowerBoost\u00ae)<\/li>\n<li>M\u00e5lt rekkevidde: 387 m ved 1 lux \/ 774 m ved 0,25 lux (trafikkmodus)<\/li>\n<li>Rekkevidde med mer lys, m\u00e5lt (PowerBoost\u00ae \/ E-godkjent, @ 1 lux):<\/li>\n<li>Med to: 1003 m \/ 547 m (@ 1 lux)<\/li>\n<li>Med tre: 1228 m \/ 670 m (@ 1 lux)<\/li>\n<li>Med fire: 1418 m \/ 774 m (ved 1 lux)<\/li>\n<li>Fargetemperatur oppgitt av produsenten: 5000 K<\/li>\n<li>M\u00e5lt: 5019 K<\/li>\n<li>Montering: Monteringsben<\/li>\n<li>Kontakt: DTP-2<\/li>\n<li>Separate parkeringslys og varsellys + ledninger<\/li>\n<li>Kabellengde: ca. 100 cm<\/li>\n<li>Dimensjoner: 225 x 200 x 77 mm (bredde x h\u00f8yde x dybde)<\/li>\n<li>H\u00f8yde med monteringsfot: 214 mm<\/li>\n<li>Vekt: 2470 g<\/li>\n<li>IP-klassifisering: IP69K<\/li>\n<li>Godkjenninger: ECE R10, R148, R149, R65, CE, RoHS<\/li>\n<li>Veitrafikkgodkjenning gjelder ikke for Purelux PowerBoost\u00ae-modus<\/li>\n<li>Annet: Lyset har en ferdig plass for stabilisator<\/li>\n<li>Garanti: 36 m\u00e5neder<\/li>\n<li><\/li>\n<\/ul>\n<p><span style=\"font-weight: bold\">Installasjonsveiledning<\/span><\/p>\n<ul>\n<li>DTP-kontakt: Ekstra lys<\/li>\n<li>Gult parkeringslys Oransje parkeringslys<\/li>\n<li>Hvit: Hvitt parkeringslys<\/li>\n<li>Gr\u00f8nn: Advarselslampe (R65)<\/li>\n<li>Gr\u00e5: Synkronisering av varsellyset \/ endring av driftsmodus for varsellyset<\/li>\n<\/ul>","protected":false},"excerpt":{"rendered":"<p><span style=\"font-weight: bold\">Eksepsjonelt stilig og kraftig ekstralys utstyrt med et fantastisk kombinasjonslys og et R65-godkjent varsellys.<\/span><\/p>","protected":false},"featured_media":48308,"comment_status":"open","ping_status":"closed","template":"","meta":{"_improvement_type_select":"improve_an_existing","_thumb_yes_seoaic":false,"_frame_yes_seoaic":false,"seoaic_generate_description":"","seoaic_improve_instructions_prompt":"","seoaic_rollback_content_improvement":"","seoaic_idea_thumbnail_generator":"","thumbnail_generated":false,"thumbnail_generate_prompt":"","seoaic_article_description":""},"make_fuel_type":[],"make_model":[],"make_brand":[],"make_year":[],"pwb-brand":[8333],"product_brand":[],"product_cat":[6195,6209,7373],"product_tag":[8498,7551,8489],"class_list":{"0":"post-48312","1":"product","2":"type-product","3":"status-publish","4":"has-post-thumbnail","6":"pwb-brand-brand_purelux","7":"product_cat-lamps","8":"product_cat-auxiliary-lights","9":"product_cat-rstcom-purelux","10":"product_tag-auxiliary-light","11":"product_tag-extraljus","12":"product_tag-purelux","14":"first","15":"instock","16":"taxable","17":"shipping-taxable","18":"purchasable","19":"product-type-variable"},"yoast_head":"<!-- This site is optimized with the Yoast SEO plugin v25.7 - https:\/\/yoast.com\/wordpress\/plugins\/seo\/ -->\n<title>Purelux Panther 9&quot; auxiliary light - RST-Steel<\/title>\n<meta name=\"description\" content=\"Purelux Panther 9&quot; is a powerful, compact LED auxiliary light with a black\/white design. It\u2019s IP68 waterproof and ideal for demanding lighting conditions.\" \/>\n<meta name=\"robots\" content=\"index, follow, max-snippet:-1, max-image-preview:large, max-video-preview:-1\" \/>\n<link rel=\"canonical\" href=\"https:\/\/com.rst-steel.eu\/nb\/produkt\/purelux-panther-9-auxiliary-light_prm_72523\/\" \/>\n<meta property=\"og:locale\" content=\"nb_NO\" \/>\n<meta property=\"og:type\" content=\"article\" \/>\n<meta property=\"og:title\" content=\"Purelux Panther 9&quot; auxiliary light - RST-Steel\" \/>\n<meta property=\"og:description\" content=\"Purelux Panther 9&quot; is a powerful, compact LED auxiliary light with a black\/white design. It\u2019s IP68 waterproof and ideal for demanding lighting conditions.\" \/>\n<meta property=\"og:url\" content=\"https:\/\/com.rst-steel.eu\/nb\/produkt\/purelux-panther-9-auxiliary-light_prm_72523\/\" \/>\n<meta property=\"og:site_name\" content=\"RST-Steel\" \/>\n<meta property=\"article:publisher\" content=\"https:\/\/www.facebook.com\/rststeel\" \/>\n<meta property=\"article:modified_time\" content=\"2026-03-16T06:17:39+00:00\" \/>\n<meta property=\"og:image\" content=\"https:\/\/com.rst-steel.eu\/wp-content\/uploads\/2024\/11\/c91a872ae5d4a7ae9223f671d0a23f8a0c5629c5_purelux_panther_9_black_1_normal.jpg\" \/>\n\t<meta property=\"og:image:width\" content=\"600\" \/>\n\t<meta property=\"og:image:height\" content=\"600\" \/>\n\t<meta property=\"og:image:type\" content=\"image\/jpeg\" \/>\n<meta name=\"twitter:card\" content=\"summary_large_image\" \/>\n<meta name=\"twitter:label1\" content=\"Ansl. lesetid\" \/>\n\t<meta name=\"twitter:data1\" content=\"6 minutter\" \/>\n<script type=\"application\/ld+json\" class=\"yoast-schema-graph\">{\"@context\":\"https:\/\/schema.org\",\"@graph\":[{\"@type\":\"WebPage\",\"@id\":\"https:\/\/com.rst-steel.eu\/product\/purelux-panther-9-auxiliary-light_prm_72523\/\",\"url\":\"https:\/\/com.rst-steel.eu\/product\/purelux-panther-9-auxiliary-light_prm_72523\/\",\"name\":\"Purelux Panther 9\\\" auxiliary light - RST-Steel\",\"isPartOf\":{\"@id\":\"https:\/\/com.rst-steel.eu\/#website\"},\"primaryImageOfPage\":{\"@id\":\"https:\/\/com.rst-steel.eu\/product\/purelux-panther-9-auxiliary-light_prm_72523\/#primaryimage\"},\"image\":{\"@id\":\"https:\/\/com.rst-steel.eu\/product\/purelux-panther-9-auxiliary-light_prm_72523\/#primaryimage\"},\"thumbnailUrl\":\"https:\/\/com.rst-steel.eu\/wp-content\/uploads\/2024\/11\/c91a872ae5d4a7ae9223f671d0a23f8a0c5629c5_purelux_panther_9_black_1_normal.jpg\",\"datePublished\":\"2024-11-11T09:36:25+00:00\",\"dateModified\":\"2026-03-16T06:17:39+00:00\",\"description\":\"Purelux Panther 9\\\" is a powerful, compact LED auxiliary light with a black\/white design. It\u2019s IP68 waterproof and ideal for demanding lighting conditions.\",\"breadcrumb\":{\"@id\":\"https:\/\/com.rst-steel.eu\/product\/purelux-panther-9-auxiliary-light_prm_72523\/#breadcrumb\"},\"inLanguage\":\"nb-NO\",\"potentialAction\":[{\"@type\":\"ReadAction\",\"target\":[\"https:\/\/com.rst-steel.eu\/product\/purelux-panther-9-auxiliary-light_prm_72523\/\"]}]},{\"@type\":\"ImageObject\",\"inLanguage\":\"nb-NO\",\"@id\":\"https:\/\/com.rst-steel.eu\/product\/purelux-panther-9-auxiliary-light_prm_72523\/#primaryimage\",\"url\":\"https:\/\/com.rst-steel.eu\/wp-content\/uploads\/2024\/11\/c91a872ae5d4a7ae9223f671d0a23f8a0c5629c5_purelux_panther_9_black_1_normal.jpg\",\"contentUrl\":\"https:\/\/com.rst-steel.eu\/wp-content\/uploads\/2024\/11\/c91a872ae5d4a7ae9223f671d0a23f8a0c5629c5_purelux_panther_9_black_1_normal.jpg\",\"width\":600,\"height\":600,\"caption\":\"Purelux Panther 9\\\" Auxiliary light (Black\/White)\"},{\"@type\":\"BreadcrumbList\",\"@id\":\"https:\/\/com.rst-steel.eu\/product\/purelux-panther-9-auxiliary-light_prm_72523\/#breadcrumb\",\"itemListElement\":[{\"@type\":\"ListItem\",\"position\":1,\"name\":\"Home\",\"item\":\"https:\/\/com.rst-steel.eu\/\"},{\"@type\":\"ListItem\",\"position\":2,\"name\":\"RST-Steel Shop\",\"item\":\"https:\/\/com.rst-steel.eu\/shop\/\"},{\"@type\":\"ListItem\",\"position\":3,\"name\":\"Purelux Panther 9&#8243; auxiliary light\"}]},{\"@type\":\"WebSite\",\"@id\":\"https:\/\/com.rst-steel.eu\/#website\",\"url\":\"https:\/\/com.rst-steel.eu\/\",\"name\":\"RST-Steel.com\",\"description\":\"Finnish quality steel, for quality-conscious drivers\",\"publisher\":{\"@id\":\"https:\/\/com.rst-steel.eu\/#organization\"},\"alternateName\":\"Safe and stylish RST-Steel quality\",\"potentialAction\":[{\"@type\":\"SearchAction\",\"target\":{\"@type\":\"EntryPoint\",\"urlTemplate\":\"https:\/\/com.rst-steel.eu\/?s={search_term_string}\"},\"query-input\":{\"@type\":\"PropertyValueSpecification\",\"valueRequired\":true,\"valueName\":\"search_term_string\"}}],\"inLanguage\":\"nb-NO\"},{\"@type\":\"Organization\",\"@id\":\"https:\/\/com.rst-steel.eu\/#organization\",\"name\":\"RST-Steel Oy\",\"url\":\"https:\/\/com.rst-steel.eu\/\",\"logo\":{\"@type\":\"ImageObject\",\"inLanguage\":\"nb-NO\",\"@id\":\"https:\/\/com.rst-steel.eu\/#\/schema\/logo\/image\/\",\"url\":\"https:\/\/com.rst-steel.eu\/wp-content\/uploads\/2023\/04\/cropped-Rst-logo-valkoinen-teksti-3.png\",\"contentUrl\":\"https:\/\/com.rst-steel.eu\/wp-content\/uploads\/2023\/04\/cropped-Rst-logo-valkoinen-teksti-3.png\",\"width\":512,\"height\":115,\"caption\":\"RST-Steel Oy\"},\"image\":{\"@id\":\"https:\/\/com.rst-steel.eu\/#\/schema\/logo\/image\/\"},\"sameAs\":[\"https:\/\/www.facebook.com\/rststeel\",\"https:\/\/www.instagram.com\/rststeeloy\/\"]}]}<\/script>\n<!-- \/ Yoast SEO plugin. -->","yoast_head_json":{"title":"Purelux Panther 9\" auxiliary light - RST-Steel","description":"Purelux Panther 9\" er en kraftig, kompakt LED-ekstralys med svart\/hvitt design. Den er IP68-vanntett og ideell for krevende lysforhold.","robots":{"index":"index","follow":"follow","max-snippet":"max-snippet:-1","max-image-preview":"max-image-preview:large","max-video-preview":"max-video-preview:-1"},"canonical":"https:\/\/com.rst-steel.eu\/nb\/produkt\/purelux-panther-9-auxiliary-light_prm_72523\/","og_locale":"nb_NO","og_type":"article","og_title":"Purelux Panther 9\" auxiliary light - RST-Steel","og_description":"Purelux Panther 9\" is a powerful, compact LED auxiliary light with a black\/white design. It\u2019s IP68 waterproof and ideal for demanding lighting conditions.","og_url":"https:\/\/com.rst-steel.eu\/nb\/produkt\/purelux-panther-9-auxiliary-light_prm_72523\/","og_site_name":"RST-Steel","article_publisher":"https:\/\/www.facebook.com\/rststeel","article_modified_time":"2026-03-16T06:17:39+00:00","og_image":[{"width":600,"height":600,"url":"https:\/\/com.rst-steel.eu\/wp-content\/uploads\/2024\/11\/c91a872ae5d4a7ae9223f671d0a23f8a0c5629c5_purelux_panther_9_black_1_normal.jpg","type":"image\/jpeg"}],"twitter_card":"summary_large_image","twitter_misc":{"Ansl. lesetid":"6 minutter"},"schema":{"@context":"https:\/\/schema.org","@graph":[{"@type":"WebPage","@id":"https:\/\/com.rst-steel.eu\/product\/purelux-panther-9-auxiliary-light_prm_72523\/","url":"https:\/\/com.rst-steel.eu\/product\/purelux-panther-9-auxiliary-light_prm_72523\/","name":"Purelux Panther 9\" auxiliary light - RST-Steel","isPartOf":{"@id":"https:\/\/com.rst-steel.eu\/#website"},"primaryImageOfPage":{"@id":"https:\/\/com.rst-steel.eu\/product\/purelux-panther-9-auxiliary-light_prm_72523\/#primaryimage"},"image":{"@id":"https:\/\/com.rst-steel.eu\/product\/purelux-panther-9-auxiliary-light_prm_72523\/#primaryimage"},"thumbnailUrl":"https:\/\/com.rst-steel.eu\/wp-content\/uploads\/2024\/11\/c91a872ae5d4a7ae9223f671d0a23f8a0c5629c5_purelux_panther_9_black_1_normal.jpg","datePublished":"2024-11-11T09:36:25+00:00","dateModified":"2026-03-16T06:17:39+00:00","description":"Purelux Panther 9\" er en kraftig, kompakt LED-ekstralys med svart\/hvitt design. Den er IP68-vanntett og ideell for krevende lysforhold.","breadcrumb":{"@id":"https:\/\/com.rst-steel.eu\/product\/purelux-panther-9-auxiliary-light_prm_72523\/#breadcrumb"},"inLanguage":"nb-NO","potentialAction":[{"@type":"ReadAction","target":["https:\/\/com.rst-steel.eu\/product\/purelux-panther-9-auxiliary-light_prm_72523\/"]}]},{"@type":"ImageObject","inLanguage":"nb-NO","@id":"https:\/\/com.rst-steel.eu\/product\/purelux-panther-9-auxiliary-light_prm_72523\/#primaryimage","url":"https:\/\/com.rst-steel.eu\/wp-content\/uploads\/2024\/11\/c91a872ae5d4a7ae9223f671d0a23f8a0c5629c5_purelux_panther_9_black_1_normal.jpg","contentUrl":"https:\/\/com.rst-steel.eu\/wp-content\/uploads\/2024\/11\/c91a872ae5d4a7ae9223f671d0a23f8a0c5629c5_purelux_panther_9_black_1_normal.jpg","width":600,"height":600,"caption":"Purelux Panther 9\" Auxiliary light (Black\/White)"},{"@type":"BreadcrumbList","@id":"https:\/\/com.rst-steel.eu\/product\/purelux-panther-9-auxiliary-light_prm_72523\/#breadcrumb","itemListElement":[{"@type":"ListItem","position":1,"name":"Home","item":"https:\/\/com.rst-steel.eu\/"},{"@type":"ListItem","position":2,"name":"RST-Steel Shop","item":"https:\/\/com.rst-steel.eu\/shop\/"},{"@type":"ListItem","position":3,"name":"Purelux Panther 9&#8243; auxiliary light"}]},{"@type":"WebSite","@id":"https:\/\/com.rst-steel.eu\/#website","url":"https:\/\/com.rst-steel.eu\/","name":"RST-Steel.com","description":"Finsk kvalitetsst\u00e5l, for kvalitetsbevisste sj\u00e5f\u00f8rer","publisher":{"@id":"https:\/\/com.rst-steel.eu\/#organization"},"alternateName":"Safe and stylish RST-Steel quality","potentialAction":[{"@type":"SearchAction","target":{"@type":"EntryPoint","urlTemplate":"https:\/\/com.rst-steel.eu\/?s={search_term_string}"},"query-input":{"@type":"PropertyValueSpecification","valueRequired":true,"valueName":"search_term_string"}}],"inLanguage":"nb-NO"},{"@type":"Organization","@id":"https:\/\/com.rst-steel.eu\/#organization","name":"RST-Steel Oy","url":"https:\/\/com.rst-steel.eu\/","logo":{"@type":"ImageObject","inLanguage":"nb-NO","@id":"https:\/\/com.rst-steel.eu\/#\/schema\/logo\/image\/","url":"https:\/\/com.rst-steel.eu\/wp-content\/uploads\/2023\/04\/cropped-Rst-logo-valkoinen-teksti-3.png","contentUrl":"https:\/\/com.rst-steel.eu\/wp-content\/uploads\/2023\/04\/cropped-Rst-logo-valkoinen-teksti-3.png","width":512,"height":115,"caption":"RST-Steel Oy"},"image":{"@id":"https:\/\/com.rst-steel.eu\/#\/schema\/logo\/image\/"},"sameAs":["https:\/\/www.facebook.com\/rststeel","https:\/\/www.instagram.com\/rststeeloy\/"]}]}},"brands":[{"id":8333,"name":"Purelux","slug":"brand_purelux"}],"_links":{"self":[{"href":"https:\/\/com.rst-steel.eu\/nb\/wp-json\/wp\/v2\/product\/48312","targetHints":{"allow":["GET"]}}],"collection":[{"href":"https:\/\/com.rst-steel.eu\/nb\/wp-json\/wp\/v2\/product"}],"about":[{"href":"https:\/\/com.rst-steel.eu\/nb\/wp-json\/wp\/v2\/types\/product"}],"replies":[{"embeddable":true,"href":"https:\/\/com.rst-steel.eu\/nb\/wp-json\/wp\/v2\/comments?post=48312"}],"version-history":[{"count":0,"href":"https:\/\/com.rst-steel.eu\/nb\/wp-json\/wp\/v2\/product\/48312\/revisions"}],"wp:featuredmedia":[{"embeddable":true,"href":"https:\/\/com.rst-steel.eu\/nb\/wp-json\/wp\/v2\/media\/48308"}],"wp:attachment":[{"href":"https:\/\/com.rst-steel.eu\/nb\/wp-json\/wp\/v2\/media?parent=48312"}],"wp:term":[{"taxonomy":"make_fuel_type","embeddable":true,"href":"https:\/\/com.rst-steel.eu\/nb\/wp-json\/wp\/v2\/make_fuel_type?post=48312"},{"taxonomy":"make_model","embeddable":true,"href":"https:\/\/com.rst-steel.eu\/nb\/wp-json\/wp\/v2\/make_model?post=48312"},{"taxonomy":"make_brand","embeddable":true,"href":"https:\/\/com.rst-steel.eu\/nb\/wp-json\/wp\/v2\/make_brand?post=48312"},{"taxonomy":"make_year","embeddable":true,"href":"https:\/\/com.rst-steel.eu\/nb\/wp-json\/wp\/v2\/make_year?post=48312"},{"taxonomy":"pwb-brand","embeddable":true,"href":"https:\/\/com.rst-steel.eu\/nb\/wp-json\/wp\/v2\/pwb-brand?post=48312"},{"taxonomy":"product_brand","embeddable":true,"href":"https:\/\/com.rst-steel.eu\/nb\/wp-json\/wp\/v2\/product_brand?post=48312"},{"taxonomy":"product_cat","embeddable":true,"href":"https:\/\/com.rst-steel.eu\/nb\/wp-json\/wp\/v2\/product_cat?post=48312"},{"taxonomy":"product_tag","embeddable":true,"href":"https:\/\/com.rst-steel.eu\/nb\/wp-json\/wp\/v2\/product_tag?post=48312"}],"curies":[{"name":"wp","href":"https:\/\/api.w.org\/{rel}","templated":true}]}}