{"id":48295,"date":"2024-11-11T12:35:24","date_gmt":"2024-11-11T09:35:24","guid":{"rendered":"https:\/\/rst-steel.com\/product\/purelux-panther-aero-s1050-led-bar_pr_76578\/"},"modified":"2026-03-16T09:16:10","modified_gmt":"2026-03-16T06:16:10","slug":"purelux-panther-aero-s1050-led-lisavalopaneeli_pr_76578","status":"publish","type":"product","link":"https:\/\/com.rst-steel.eu\/nb\/produkt\/purelux-panther-aero-s1050-led-lisavalopaneeli_pr_76578\/","title":{"rendered":"Auxiliary light Purelux Panther Aero S1050"},"content":{"rendered":"<p>Purelux Panther Aero S1050 LED-skinne<\/p>\n<p><\/p>\n<p><span style=\"font-weight: bold\">Purelux Panther Aero S1050 er en lavprofilert og aerodynamisk utformet led-lampe som er beregnet p\u00e5 \u00e5 v\u00e6re en del av belysningssystemet for tyngre utstyr. Panther Aero S1050 har en slank, lavprofildesign som oppn\u00e5s gjennom den kantl\u00f8se rammen og den m\u00f8rke estetikken. P\u00e5 grunn av sin st\u00f8rre st\u00f8rrelse (1026 mm) egner denne led-lysbjelken seg best for takinstallasjoner, der rampens aerodynamikk kan utnyttes fullt ut. Alle lysbjelkene i Panther-serien er utstyrt med tofarget parkeringslys, men viktigst av alt, Purelux PowerBoost\u00ae-teknologi. Dette betyr at led-lysbjelken kan aktiveres i enten den begrensede E-merkede str\u00f8mmodusen eller PowerBoost\u00ae-modusen. Den ubegrensede PowerBoost\u00ae-modusen overg\u00e5r E-merkingen og gir et m\u00e5lt lysutbytte p\u00e5 16 061 lumen med en m\u00e5lt rekkevidde p\u00e5 653 meter ved 1 lux.<\/span><\/p>\n<p><span style=\"font-weight: bold\"><br \/><\/span><\/p>\n<p><span style=\"font-weight: bold\">Panther Aero S1050 gir et ideelt lysm\u00f8nster for navigering p\u00e5 de utfordrende m\u00f8rke veiene i nordomr\u00e5dene, med lang rekkevidde og bred spredning for \u00e5 lyse opp veikantene. Lysm\u00f8nsteret er mykt avgrenset vertikalt for \u00e5 unng\u00e5 \u00e5 skape en distraherende lyskule foran kj\u00f8ret\u00f8yet. Til tross for denne vertikale begrensningen gir lysm\u00f8nsteret likevel tilstrekkelig h\u00f8yde til \u00e5 belyse ujevnt terreng og forhindre skarpe skygger. Panthers balanserte og kombinerte lysm\u00f8nster forbedrer kj\u00f8resikkerheten ved \u00e5 \u00f8ke f\u00f8rerens reaksjonstid for \u00e5 oppdage hindringer, takket v\u00e6re det st\u00f8rre belyste omr\u00e5det.<\/span><\/p>\n<p>Purelux PowerBoost\u00ae - De fleste ekstralys som selges i dag, leveres med en s\u00e5kalt E-merking. Dette betyr at ekstralysene m\u00e5 v\u00e6re str\u00f8mbegrenset for \u00e5 oppfylle kravene til trafikkgodkjenning i visse europeiske land. Det er ikke sikkert at disse forskriftene gjelder for alle land; noen land kan ha spesielle unntak. For \u00e5 overholde disse forskriftene produserer produsentene ekstralys med E-merking, slik at de kan selges over hele det europeiske markedet. Derfor er effekten begrenset i nesten alle ekstralys. Ved \u00e5 aktivere PowerBoost\u00ae-modus kan du imidlertid omg\u00e5 E-merkingen og utnytte det fulle potensialet til ekstralysene n\u00e5r godkjenningen ikke er n\u00f8dvendig, for eksempel ved offroad- eller rallybruk.<\/p>\n<p><span style=\"font-weight: bold\">Purelux Panther Aero S1050 er en led-lyktestolpe som er utviklet for \u00e5 takle de mest krevende forholdene i Norden og er forberedt p\u00e5 \u00e5 takle de mest ekstreme utfordringene i hverdagen. Panther Aero S1050 er den st\u00f8rste st\u00f8rrelsen i serien og egner seg best for montering p\u00e5 st\u00f8rre kj\u00f8ret\u00f8y og tungt utstyr, som SUV-er, varebiler og lastebiler. Med PowerBoost-modus er led-lyskasteren ogs\u00e5 egnet for arbeidsmaskiner som krever ekstra kraft for optimal belysning. Uansett kj\u00f8ret\u00f8ytype forbedrer Panther Aero S1050 kj\u00f8reopplevelsen og trafikksikkerheten - et utmerket valg for b\u00e5de profesjonell og privat bruk.<\/span><\/p>\n<p><span style=\"font-weight: bold\"><br \/><\/span><\/p>\n<p><span style=\"font-weight: bold\">Fargetemperaturen p\u00e5 5000K er optimalisert for de utfordrende nordiske forholdene, slik at den er sk\u00e5nsom for \u00f8ynene, selv under nattkj\u00f8ring eller i sn\u00f8dekte landskap. Den balanserte fargetemperaturen gj\u00f8r det lettere \u00e5 observere terrengets former og konturer, samtidig som man unng\u00e5r anstrengte \u00f8yne p\u00e5 lange reiser. En fargetemperatur p\u00e5 5000 Kelvin er dessuten bedre egnet enn kj\u00f8ligere fargetemperaturer for ugunstige v\u00e6rforhold, som t\u00e5ke og regn. Fargetemperaturen p\u00e5 5000 Kelvin passer ogs\u00e5 til nyere biler utstyrt med LED- eller Xenon-frontlykter.<\/span><\/p>\n<p>I motsetning til andre led-lykter trenger ingen ekstra ledning \u00e5 kobles til eller fra for \u00e5 aktivere lampens ulike str\u00f8mmoduser, men det er uovertruffent enkelt \u00e5 bytte mellom PowerBoost\u00ae og veimodus ved \u00e5 trykke p\u00e5 knappen i enden av lampen. Den sist brukte str\u00f8mmodusen forblir i lampens \"minne\", og dermed er det ikke n\u00f8dvendig, for eksempel ved bruk i veitrafikken, \u00e5 s\u00f8rge for at lampen alltid sl\u00e5s p\u00e5 med maksimal effekt n\u00e5r str\u00f8mmen sl\u00e5s av innimellom og bilen begynner \u00e5 bevege seg igjen.<\/p>\n<p>Den kantl\u00f8se linsen er laget av UV-beskyttende og praktisk talt uknuselig polykarbonat, og er utformet for \u00e5 t\u00e5le b\u00e5de steinsprut og riper fra grener. Den kantl\u00f8se linsen forhindrer at det samler seg sn\u00f8, is eller smuss, slik at linsen forblir ren selv under ugunstige v\u00e6rforhold.<\/p>\n<p><\/p>\n<p>Dessuten er selve armaturen optimalisert for robust bruk, takket v\u00e6re den pulverlakkerte og UV-beskyttede aluminiumskonstruksjonen. Dette bidrar til \u00e5 motst\u00e5 riper, falming og andre t\u00f8ffe forhold, samtidig som det gir utmerket korrosjonsbestandighet. Led-armaturens IP68\/IP69K-beskyttelsesklassifisering vitner om den robuste og kompakte strukturen. Med sin elegante estetikk og parkeringslys som kan lyse enten i hvitt eller oransje, blir led-lysbjelken virkelig uimotst\u00e5elig, en visuell fryd! Kanskje til og med den stiligste LED-lysbjelken p\u00e5 markedet?<\/p>\n<p><\/p>\n<p>Bommen leveres med b\u00e5de tradisjonelle sidebraketter og breddejusterbare monteringsbraketter under lampen, noe som gir mange installasjonsmuligheter. Det brede driftsspenningsomr\u00e5det (9-32 V) muliggj\u00f8r montering i b\u00e5de 12 V- og 24 V-systemer. Lysbjelkens referansenummer (17.5) gj\u00f8r det mulig \u00e5 montere den sammen med nesten alle standard frontlykter uten at de originale blir overfl\u00f8dige. Led-lyktene er dessuten beskyttet mot radioforstyrrelser i henhold til ECE R10-standarden. <span style=\"font-weight: bold\">To \u00e5rs (24 m\u00e5neder) garanti er inkludert.<\/span><\/p>\n<p><span style=\"font-weight: bold\"><br \/><\/span><\/p>\n<p><span style=\"font-weight: bold\">Innhold i leveransen<\/span><\/p>\n<ul>\n<li>Purelux Panther Aero S1050<\/li>\n<li>2 x breddejusterbare skinnefester<\/li>\n<li>2 x tradisjonelle sidefester<\/li>\n<li>Tilkoblings- og installasjonsinstruksjoner (EN\/FI\/SE\/NO\/DK)<\/li>\n<\/ul>\n<p><\/p>\n<p><span style=\"font-weight: bold\">Tekniske spesifikasjoner<\/span><\/p>\n<ul>\n<li>LED: 36 x 6W<\/li>\n<li>Driftsspenning: 9-36 V (likestr\u00f8m)<\/li>\n<li>Referansenummer: 50<\/li>\n<li>Beregnet effekt: 216 W<\/li>\n<li>M\u00e5lt str\u00f8mforbruk<\/li>\n<li>Purelux PowerBoost\u00ae: 8,45 A ved 24 V<\/li>\n<li>Standard: 6,33 A ved 12 V \/ 2,79 A ved 24 V<\/li>\n<li>M\u00e5lt effekt<\/li>\n<li>Purelux PowerBoost\u00ae: 203 W @ 24 V<\/li>\n<li>Standardode: 76 W @ 12V \/ 67 W @ 24V<\/li>\n<li>Lyseffekt oppgitt av produsenten: 15500 lm (Purelux PowerBoost\u00ae)<\/li>\n<li>M\u00e5lt: 16061 lm (Purelux PowerBoost\u00ae)<\/li>\n<li>M\u00e5lt: 6399 lm (standard)<\/li>\n<li>Rekkevidde oppgitt av produsenten: 684 m ved 1 lux (Purelux PowerBoost\u00ae) \/ 468 m ved 1 lux (Standard)<\/li>\n<li>M\u00e5lt: 586 m ved 1 lux \/ 1173 m ved 0,25 lux \/ (Purelux PowerBoost\u00ae)<\/li>\n<li>M\u00e5lt: 375 m ved 1 lux \/ 751 m ved 0,25 lux (trafikkmodus)<\/li>\n<li>Fargetemperatur oppgitt av produsenten: 5000 K<\/li>\n<li>M\u00e5lt: 5020 K<\/li>\n<li>Montering: Via sidebrakett eller skinnebraketter - inkludert<\/li>\n<li>onnektor: Rette ledninger, ingen kontakt<\/li>\n<li>Separate ledninger for parkeringslys&nbsp;<\/li>\n<li>Kabellengde: 220 cm<\/li>\n<li>Dimensjoner: 1026 x 42 x 62,5 mm (bredde x h\u00f8yde x dybde)<\/li>\n<li>H\u00f8yde med endeben: 57 mm<\/li>\n<li>H\u00f8yde med underben: 62 mm<\/li>\n<li>Vekt: 2850 g<\/li>\n<li>IP-klassifisering: IP68\/IP69K<\/li>\n<li>Godkjenninger: CE, ECE R10, R7, R112*<\/li>\n<li><span style=\"font-weight: bold\">*Godkjenning for veitrafikk gjelder ikke for PowerBoost\u00ae-modus<\/span><\/li>\n<li>Garanti: 24 m\u00e5neder<\/li>\n<\/ul>","protected":false},"excerpt":{"rendered":"<p><span style=\"font-weight: bold\">Superlav og aerodynamisk led-bar, utstyrt med bl.a. PowerBoost\u00ae-teknologi og et fantastisk kombinert lysm\u00f8nster som temmer det endel\u00f8se m\u00f8rket.<\/span><\/p>","protected":false},"featured_media":48291,"comment_status":"open","ping_status":"closed","template":"","meta":{"_improvement_type_select":"improve_an_existing","_thumb_yes_seoaic":false,"_frame_yes_seoaic":false,"seoaic_generate_description":"","seoaic_improve_instructions_prompt":"","seoaic_rollback_content_improvement":"","seoaic_idea_thumbnail_generator":"","thumbnail_generated":false,"thumbnail_generate_prompt":"","seoaic_article_description":""},"make_fuel_type":[],"make_model":[],"make_brand":[],"make_year":[],"pwb-brand":[8333],"product_brand":[],"product_cat":[6195,6209,7373],"product_tag":[7551,8489],"class_list":{"0":"post-48295","1":"product","2":"type-product","3":"status-publish","4":"has-post-thumbnail","6":"pwb-brand-brand_purelux","7":"product_cat-lamps","8":"product_cat-auxiliary-lights","9":"product_cat-rstcom-purelux","10":"product_tag-extraljus","11":"product_tag-purelux","13":"first","14":"onbackorder","15":"taxable","16":"shipping-taxable","17":"purchasable","18":"product-type-simple"},"yoast_head":"<!-- This site is optimized with the Yoast SEO plugin v25.7 - https:\/\/yoast.com\/wordpress\/plugins\/seo\/ -->\n<title>Auxiliary light Purelux Panther Aero S1050 - RST-Steel<\/title>\n<meta name=\"description\" content=\"Purelux Panther Aero S1050 is an extremely sleek and low-profile auxiliary light panel designed for both professional and private vehicle owners. Order now!\" \/>\n<meta name=\"robots\" content=\"index, follow, max-snippet:-1, max-image-preview:large, max-video-preview:-1\" \/>\n<link rel=\"canonical\" href=\"https:\/\/com.rst-steel.eu\/nb\/produkt\/purelux-panther-aero-s1050-led-lisavalopaneeli_pr_76578\/\" \/>\n<meta property=\"og:locale\" content=\"nb_NO\" \/>\n<meta property=\"og:type\" content=\"article\" \/>\n<meta property=\"og:title\" content=\"Auxiliary light Purelux Panther Aero S1050 - RST-Steel\" \/>\n<meta property=\"og:description\" content=\"Purelux Panther Aero S1050 is an extremely sleek and low-profile auxiliary light panel designed for both professional and private vehicle owners. Order now!\" \/>\n<meta property=\"og:url\" content=\"https:\/\/com.rst-steel.eu\/nb\/produkt\/purelux-panther-aero-s1050-led-lisavalopaneeli_pr_76578\/\" \/>\n<meta property=\"og:site_name\" content=\"RST-Steel\" \/>\n<meta property=\"article:publisher\" content=\"https:\/\/www.facebook.com\/rststeel\" \/>\n<meta property=\"article:modified_time\" content=\"2026-03-16T06:16:10+00:00\" \/>\n<meta property=\"og:image\" content=\"https:\/\/com.rst-steel.eu\/wp-content\/uploads\/2024\/11\/f721a467f1f032e4ecb698a7f64f64da11c8e7df_6012_0084.jpg\" \/>\n\t<meta property=\"og:image:width\" content=\"2048\" \/>\n\t<meta property=\"og:image:height\" content=\"2048\" \/>\n\t<meta property=\"og:image:type\" content=\"image\/jpeg\" \/>\n<meta name=\"twitter:card\" content=\"summary_large_image\" \/>\n<meta name=\"twitter:label1\" content=\"Ansl. lesetid\" \/>\n\t<meta name=\"twitter:data1\" content=\"5 minutter\" \/>\n<script type=\"application\/ld+json\" class=\"yoast-schema-graph\">{\"@context\":\"https:\/\/schema.org\",\"@graph\":[{\"@type\":\"WebPage\",\"@id\":\"https:\/\/com.rst-steel.eu\/sv\/produkt\/purelux-panther-aero-s1050-led-lisavalopaneeli_pr_76578\/\",\"url\":\"https:\/\/com.rst-steel.eu\/sv\/produkt\/purelux-panther-aero-s1050-led-lisavalopaneeli_pr_76578\/\",\"name\":\"Auxiliary light Purelux Panther Aero S1050 - RST-Steel\",\"isPartOf\":{\"@id\":\"https:\/\/com.rst-steel.eu\/#website\"},\"primaryImageOfPage\":{\"@id\":\"https:\/\/com.rst-steel.eu\/sv\/produkt\/purelux-panther-aero-s1050-led-lisavalopaneeli_pr_76578\/#primaryimage\"},\"image\":{\"@id\":\"https:\/\/com.rst-steel.eu\/sv\/produkt\/purelux-panther-aero-s1050-led-lisavalopaneeli_pr_76578\/#primaryimage\"},\"thumbnailUrl\":\"https:\/\/com.rst-steel.eu\/wp-content\/uploads\/2024\/11\/f721a467f1f032e4ecb698a7f64f64da11c8e7df_6012_0084.jpg\",\"datePublished\":\"2024-11-11T09:35:24+00:00\",\"dateModified\":\"2026-03-16T06:16:10+00:00\",\"description\":\"Purelux Panther Aero S1050 is an extremely sleek and low-profile auxiliary light panel designed for both professional and private vehicle owners. Order now!\",\"breadcrumb\":{\"@id\":\"https:\/\/com.rst-steel.eu\/sv\/produkt\/purelux-panther-aero-s1050-led-lisavalopaneeli_pr_76578\/#breadcrumb\"},\"inLanguage\":\"nb-NO\",\"potentialAction\":[{\"@type\":\"ReadAction\",\"target\":[\"https:\/\/com.rst-steel.eu\/sv\/produkt\/purelux-panther-aero-s1050-led-lisavalopaneeli_pr_76578\/\"]}]},{\"@type\":\"ImageObject\",\"inLanguage\":\"nb-NO\",\"@id\":\"https:\/\/com.rst-steel.eu\/sv\/produkt\/purelux-panther-aero-s1050-led-lisavalopaneeli_pr_76578\/#primaryimage\",\"url\":\"https:\/\/com.rst-steel.eu\/wp-content\/uploads\/2024\/11\/f721a467f1f032e4ecb698a7f64f64da11c8e7df_6012_0084.jpg\",\"contentUrl\":\"https:\/\/com.rst-steel.eu\/wp-content\/uploads\/2024\/11\/f721a467f1f032e4ecb698a7f64f64da11c8e7df_6012_0084.jpg\",\"width\":2048,\"height\":2048,\"caption\":\"Kuvassa Purelux Panther Aero S1050 LED bar\"},{\"@type\":\"BreadcrumbList\",\"@id\":\"https:\/\/com.rst-steel.eu\/sv\/produkt\/purelux-panther-aero-s1050-led-lisavalopaneeli_pr_76578\/#breadcrumb\",\"itemListElement\":[{\"@type\":\"ListItem\",\"position\":1,\"name\":\"Home\",\"item\":\"https:\/\/com.rst-steel.eu\/\"},{\"@type\":\"ListItem\",\"position\":2,\"name\":\"RST-Steel Shop\",\"item\":\"https:\/\/com.rst-steel.eu\/shop\/\"},{\"@type\":\"ListItem\",\"position\":3,\"name\":\"Auxiliary light Purelux Panther Aero S1050\"}]},{\"@type\":\"WebSite\",\"@id\":\"https:\/\/com.rst-steel.eu\/#website\",\"url\":\"https:\/\/com.rst-steel.eu\/\",\"name\":\"RST-Steel.com\",\"description\":\"Finnish quality steel, for quality-conscious drivers\",\"publisher\":{\"@id\":\"https:\/\/com.rst-steel.eu\/#organization\"},\"alternateName\":\"Safe and stylish RST-Steel quality\",\"potentialAction\":[{\"@type\":\"SearchAction\",\"target\":{\"@type\":\"EntryPoint\",\"urlTemplate\":\"https:\/\/com.rst-steel.eu\/?s={search_term_string}\"},\"query-input\":{\"@type\":\"PropertyValueSpecification\",\"valueRequired\":true,\"valueName\":\"search_term_string\"}}],\"inLanguage\":\"nb-NO\"},{\"@type\":\"Organization\",\"@id\":\"https:\/\/com.rst-steel.eu\/#organization\",\"name\":\"RST-Steel Oy\",\"url\":\"https:\/\/com.rst-steel.eu\/\",\"logo\":{\"@type\":\"ImageObject\",\"inLanguage\":\"nb-NO\",\"@id\":\"https:\/\/com.rst-steel.eu\/#\/schema\/logo\/image\/\",\"url\":\"https:\/\/com.rst-steel.eu\/wp-content\/uploads\/2023\/04\/cropped-Rst-logo-valkoinen-teksti-3.png\",\"contentUrl\":\"https:\/\/com.rst-steel.eu\/wp-content\/uploads\/2023\/04\/cropped-Rst-logo-valkoinen-teksti-3.png\",\"width\":512,\"height\":115,\"caption\":\"RST-Steel Oy\"},\"image\":{\"@id\":\"https:\/\/com.rst-steel.eu\/#\/schema\/logo\/image\/\"},\"sameAs\":[\"https:\/\/www.facebook.com\/rststeel\",\"https:\/\/www.instagram.com\/rststeeloy\/\"]}]}<\/script>\n<!-- \/ Yoast SEO plugin. -->","yoast_head_json":{"title":"Auxiliary light Purelux Panther Aero S1050 - RST-Steel","description":"Purelux Panther Aero S1050 er et ekstremt elegant og lavprofilert ekstra lyspanel designet for b\u00e5de profesjonelle og private bileiere. Bestill n\u00e5!","robots":{"index":"index","follow":"follow","max-snippet":"max-snippet:-1","max-image-preview":"max-image-preview:large","max-video-preview":"max-video-preview:-1"},"canonical":"https:\/\/com.rst-steel.eu\/nb\/produkt\/purelux-panther-aero-s1050-led-lisavalopaneeli_pr_76578\/","og_locale":"nb_NO","og_type":"article","og_title":"Auxiliary light Purelux Panther Aero S1050 - RST-Steel","og_description":"Purelux Panther Aero S1050 is an extremely sleek and low-profile auxiliary light panel designed for both professional and private vehicle owners. Order now!","og_url":"https:\/\/com.rst-steel.eu\/nb\/produkt\/purelux-panther-aero-s1050-led-lisavalopaneeli_pr_76578\/","og_site_name":"RST-Steel","article_publisher":"https:\/\/www.facebook.com\/rststeel","article_modified_time":"2026-03-16T06:16:10+00:00","og_image":[{"width":2048,"height":2048,"url":"https:\/\/com.rst-steel.eu\/wp-content\/uploads\/2024\/11\/f721a467f1f032e4ecb698a7f64f64da11c8e7df_6012_0084.jpg","type":"image\/jpeg"}],"twitter_card":"summary_large_image","twitter_misc":{"Ansl. lesetid":"5 minutter"},"schema":{"@context":"https:\/\/schema.org","@graph":[{"@type":"WebPage","@id":"https:\/\/com.rst-steel.eu\/sv\/produkt\/purelux-panther-aero-s1050-led-lisavalopaneeli_pr_76578\/","url":"https:\/\/com.rst-steel.eu\/sv\/produkt\/purelux-panther-aero-s1050-led-lisavalopaneeli_pr_76578\/","name":"Auxiliary light Purelux Panther Aero S1050 - RST-Steel","isPartOf":{"@id":"https:\/\/com.rst-steel.eu\/#website"},"primaryImageOfPage":{"@id":"https:\/\/com.rst-steel.eu\/sv\/produkt\/purelux-panther-aero-s1050-led-lisavalopaneeli_pr_76578\/#primaryimage"},"image":{"@id":"https:\/\/com.rst-steel.eu\/sv\/produkt\/purelux-panther-aero-s1050-led-lisavalopaneeli_pr_76578\/#primaryimage"},"thumbnailUrl":"https:\/\/com.rst-steel.eu\/wp-content\/uploads\/2024\/11\/f721a467f1f032e4ecb698a7f64f64da11c8e7df_6012_0084.jpg","datePublished":"2024-11-11T09:35:24+00:00","dateModified":"2026-03-16T06:16:10+00:00","description":"Purelux Panther Aero S1050 er et ekstremt elegant og lavprofilert ekstra lyspanel designet for b\u00e5de profesjonelle og private bileiere. Bestill n\u00e5!","breadcrumb":{"@id":"https:\/\/com.rst-steel.eu\/sv\/produkt\/purelux-panther-aero-s1050-led-lisavalopaneeli_pr_76578\/#breadcrumb"},"inLanguage":"nb-NO","potentialAction":[{"@type":"ReadAction","target":["https:\/\/com.rst-steel.eu\/sv\/produkt\/purelux-panther-aero-s1050-led-lisavalopaneeli_pr_76578\/"]}]},{"@type":"ImageObject","inLanguage":"nb-NO","@id":"https:\/\/com.rst-steel.eu\/sv\/produkt\/purelux-panther-aero-s1050-led-lisavalopaneeli_pr_76578\/#primaryimage","url":"https:\/\/com.rst-steel.eu\/wp-content\/uploads\/2024\/11\/f721a467f1f032e4ecb698a7f64f64da11c8e7df_6012_0084.jpg","contentUrl":"https:\/\/com.rst-steel.eu\/wp-content\/uploads\/2024\/11\/f721a467f1f032e4ecb698a7f64f64da11c8e7df_6012_0084.jpg","width":2048,"height":2048,"caption":"Kuvassa Purelux Panther Aero S1050 LED bar"},{"@type":"BreadcrumbList","@id":"https:\/\/com.rst-steel.eu\/sv\/produkt\/purelux-panther-aero-s1050-led-lisavalopaneeli_pr_76578\/#breadcrumb","itemListElement":[{"@type":"ListItem","position":1,"name":"Home","item":"https:\/\/com.rst-steel.eu\/"},{"@type":"ListItem","position":2,"name":"RST-Steel Shop","item":"https:\/\/com.rst-steel.eu\/shop\/"},{"@type":"ListItem","position":3,"name":"Auxiliary light Purelux Panther Aero S1050"}]},{"@type":"WebSite","@id":"https:\/\/com.rst-steel.eu\/#website","url":"https:\/\/com.rst-steel.eu\/","name":"RST-Steel.com","description":"Finsk kvalitetsst\u00e5l, for kvalitetsbevisste sj\u00e5f\u00f8rer","publisher":{"@id":"https:\/\/com.rst-steel.eu\/#organization"},"alternateName":"Safe and stylish RST-Steel quality","potentialAction":[{"@type":"SearchAction","target":{"@type":"EntryPoint","urlTemplate":"https:\/\/com.rst-steel.eu\/?s={search_term_string}"},"query-input":{"@type":"PropertyValueSpecification","valueRequired":true,"valueName":"search_term_string"}}],"inLanguage":"nb-NO"},{"@type":"Organization","@id":"https:\/\/com.rst-steel.eu\/#organization","name":"RST-Steel Oy","url":"https:\/\/com.rst-steel.eu\/","logo":{"@type":"ImageObject","inLanguage":"nb-NO","@id":"https:\/\/com.rst-steel.eu\/#\/schema\/logo\/image\/","url":"https:\/\/com.rst-steel.eu\/wp-content\/uploads\/2023\/04\/cropped-Rst-logo-valkoinen-teksti-3.png","contentUrl":"https:\/\/com.rst-steel.eu\/wp-content\/uploads\/2023\/04\/cropped-Rst-logo-valkoinen-teksti-3.png","width":512,"height":115,"caption":"RST-Steel Oy"},"image":{"@id":"https:\/\/com.rst-steel.eu\/#\/schema\/logo\/image\/"},"sameAs":["https:\/\/www.facebook.com\/rststeel","https:\/\/www.instagram.com\/rststeeloy\/"]}]}},"brands":[{"id":8333,"name":"Purelux","slug":"brand_purelux"}],"_links":{"self":[{"href":"https:\/\/com.rst-steel.eu\/nb\/wp-json\/wp\/v2\/product\/48295","targetHints":{"allow":["GET"]}}],"collection":[{"href":"https:\/\/com.rst-steel.eu\/nb\/wp-json\/wp\/v2\/product"}],"about":[{"href":"https:\/\/com.rst-steel.eu\/nb\/wp-json\/wp\/v2\/types\/product"}],"replies":[{"embeddable":true,"href":"https:\/\/com.rst-steel.eu\/nb\/wp-json\/wp\/v2\/comments?post=48295"}],"version-history":[{"count":0,"href":"https:\/\/com.rst-steel.eu\/nb\/wp-json\/wp\/v2\/product\/48295\/revisions"}],"wp:featuredmedia":[{"embeddable":true,"href":"https:\/\/com.rst-steel.eu\/nb\/wp-json\/wp\/v2\/media\/48291"}],"wp:attachment":[{"href":"https:\/\/com.rst-steel.eu\/nb\/wp-json\/wp\/v2\/media?parent=48295"}],"wp:term":[{"taxonomy":"make_fuel_type","embeddable":true,"href":"https:\/\/com.rst-steel.eu\/nb\/wp-json\/wp\/v2\/make_fuel_type?post=48295"},{"taxonomy":"make_model","embeddable":true,"href":"https:\/\/com.rst-steel.eu\/nb\/wp-json\/wp\/v2\/make_model?post=48295"},{"taxonomy":"make_brand","embeddable":true,"href":"https:\/\/com.rst-steel.eu\/nb\/wp-json\/wp\/v2\/make_brand?post=48295"},{"taxonomy":"make_year","embeddable":true,"href":"https:\/\/com.rst-steel.eu\/nb\/wp-json\/wp\/v2\/make_year?post=48295"},{"taxonomy":"pwb-brand","embeddable":true,"href":"https:\/\/com.rst-steel.eu\/nb\/wp-json\/wp\/v2\/pwb-brand?post=48295"},{"taxonomy":"product_brand","embeddable":true,"href":"https:\/\/com.rst-steel.eu\/nb\/wp-json\/wp\/v2\/product_brand?post=48295"},{"taxonomy":"product_cat","embeddable":true,"href":"https:\/\/com.rst-steel.eu\/nb\/wp-json\/wp\/v2\/product_cat?post=48295"},{"taxonomy":"product_tag","embeddable":true,"href":"https:\/\/com.rst-steel.eu\/nb\/wp-json\/wp\/v2\/product_tag?post=48295"}],"curies":[{"name":"wp","href":"https:\/\/api.w.org\/{rel}","templated":true}]}}