{"id":48290,"date":"2024-11-11T12:35:14","date_gmt":"2024-11-11T09:35:14","guid":{"rendered":"https:\/\/rst-steel.com\/product\/purelux-panther-aero-s800-led-bar_pr_76571\/"},"modified":"2026-03-16T09:16:10","modified_gmt":"2026-03-16T06:16:10","slug":"purelux-panther-aero-s800-led-lisavalopaneeli_pr_76571","status":"publish","type":"product","link":"https:\/\/com.rst-steel.eu\/nb\/produkt\/purelux-panther-aero-s800-led-lisavalopaneeli_pr_76571\/","title":{"rendered":"Auxiliary light Purelux Panther Aero S800"},"content":{"rendered":"<p>Purelux Panther Aero S800 LED-skinne<\/p>\n<p><\/p>\n<p><span style=\"font-weight: bold\">Purelux Panther Aero S800 er en led-lykt med lav og aerodynamisk design som, i tillegg til sitt moderne utseende, kombinerer et optimalt forhold mellom st\u00f8rrelse og effekt med f\u00f8rsteklasses ytelse, noe som forbedrer kj\u00f8reopplevelsen! Panther Aero S800 har en slank profil, og det moderne utseendet realiseres takket v\u00e6re den rammel\u00f8se rammen og den m\u00f8rke estetikken. Alle lysbjelkene i Panther-serien er utstyrt med tofarget parkeringslys og, viktigst av alt, Purelux PowerBoost\u00ae-teknologi. Dette betyr at led-lysbjelken kan aktiveres i enten den begrensede E-merkede str\u00f8mmodusen eller PowerBoost-modusen. Den ubegrensede PowerBoost\u00ae-modusen overg\u00e5r E-merkestandarden og gir et m\u00e5lt lysutbytte p\u00e5 12 361 lumen med en m\u00e5lt rekkevidde p\u00e5 550 meter ved 1 lux.<\/span><\/p>\n<p><span style=\"font-weight: bold\"><br \/><\/span><\/p>\n<p><span style=\"font-weight: bold\">Panther Aero S800 gir et ideelt lysm\u00f8nster for navigering p\u00e5 de utfordrende m\u00f8rke veiene i Norden, med b\u00e5de langtrekkende belysning og bred dekning for \u00e5 lyse opp veikantene. Lysm\u00f8nsteret er mykt avgrenset vertikalt, noe som sikrer at lyset rettes n\u00f8yaktig dit det trengs. Dette gj\u00f8r det ogs\u00e5 mulig \u00e5 montere n\u00e6rmere veibanen. Til tross for den vertikale begrensningen holder lysm\u00f8nsteret tilstrekkelig h\u00f8yde til \u00e5 belyse ujevnt terreng og unng\u00e5 skarpe skygger. Panthers balanserte og kombinerte lysm\u00f8nster \u00f8ker kj\u00f8resikkerheten ved at f\u00f8reren f\u00e5r lengre reaksjonstid til \u00e5 oppdage hindringer gjennom st\u00f8rre belyste omr\u00e5der.<\/span><\/p>\n<p>Purelux PowerBoost\u00ae - De fleste ekstralys som selges i dag, leveres med en s\u00e5kalt E-merking. Dette betyr at ekstralysene m\u00e5 v\u00e6re str\u00f8mbegrenset for \u00e5 oppfylle kravene til trafikkgodkjenning i visse europeiske land. Det er ikke sikkert at disse forskriftene gjelder for alle land; noen land kan ha spesielle unntak. For \u00e5 overholde disse forskriftene produserer produsentene ekstralys med E-merking, slik at de kan selges over hele det europeiske markedet. Derfor er effekten begrenset i nesten alle ekstralys. Ved \u00e5 aktivere PowerBoost\u00ae-modus kan du imidlertid omg\u00e5 E-merkingen og utnytte det fulle potensialet til ekstralysene n\u00e5r godkjenningen ikke er n\u00f8dvendig, for eksempel ved offroad- eller rallybruk.<\/p>\n<p><span style=\"font-weight: bold\">Purelux Panther Aero S800 er en led-lyskaster designet for \u00e5 utmerke seg under de mest krevende forholdene i de nordlige regionene, klar til \u00e5 takle ekstreme situasjoner som rutine. St\u00f8rrelsen gj\u00f8r det mulig \u00e5 montere den diskret og stilfullt b\u00e5de under nummerskiltet og p\u00e5 taket, og den er egnet for personbiler og tungt utstyr. Med PowerBoost-modus er led-lysbjelken ogs\u00e5 egnet for st\u00f8rre terrengkj\u00f8ret\u00f8y og arbeidsmaskiner som krever ekstra kraft. Uansett kj\u00f8ret\u00f8ytype forbedrer Panther Aero S800 kj\u00f8reopplevelsen og \u00f8ker trafikksikkerheten, noe som gj\u00f8r den til et utmerket valg for b\u00e5de profesjonell og privat kj\u00f8ring.<\/span><\/p>\n<p><span style=\"font-weight: bold\"><br \/><\/span><\/p>\n<p><span style=\"font-weight: bold\">Fargetemperaturen p\u00e5 5000K er optimalisert for de utfordrende nordiske forholdene, noe som sikrer en behagelig kj\u00f8reopplevelse selv i situasjoner som nattkj\u00f8ring eller sn\u00f8dekte landskap. Den balanserte fargetemperaturen gj\u00f8r det lettere \u00e5 observere terrengformer og konturer uten \u00e5 anstrenge \u00f8ynene under lange kj\u00f8returer. I tillegg er en fargetemperatur p\u00e5 5000 Kelvin bedre egnet enn kj\u00f8ligere fargetemperaturer for ugunstige v\u00e6rforhold som t\u00e5ke og regn. Fargetemperaturen p\u00e5 5000 Kelvin passer ogs\u00e5 til nyere biler utstyrt med LED- eller Xenon-frontlykter.<\/span><\/p>\n<p>I motsetning til vanlig trenger ingen ekstra ledning \u00e5 kobles til eller fra for \u00e5 aktivere lampens ulike str\u00f8mmoduser, men det er uovertruffent enkelt \u00e5 bytte mellom PowerBoost\u00ae og veimodus ved \u00e5 trykke p\u00e5 knappen p\u00e5 enden av lampen. Den sist brukte str\u00f8mmodusen forblir i lampens \"minne\", og dermed er det ikke n\u00f8dvendig, for eksempel ved bruk i veitrafikken, \u00e5 s\u00f8rge for at lampen alltid sl\u00e5s p\u00e5 med maksimal effekt n\u00e5r str\u00f8mmen sl\u00e5s av innimellom og bilen begynner \u00e5 bevege seg igjen.<\/p>\n<p>Den kantl\u00f8se linsen er laget av UV-beskyttende og praktisk talt uknuselig polykarbonat, noe som gj\u00f8r den motstandsdyktig mot b\u00e5de steinsprut og riper fra grener. Den kantl\u00f8se designen forhindrer ogs\u00e5 at det samler seg sn\u00f8, is eller smuss, slik at linsen forblir ren selv n\u00e5r du kj\u00f8rer i d\u00e5rlig v\u00e6r.<\/p>\n<p><\/p>\n<p>Dessuten er selve armaturen optimalisert for robust bruk, takket v\u00e6re den pulverlakkerte og UV-beskyttede aluminiumskonstruksjonen. Dette gj\u00f8r at den t\u00e5ler riper, falming og andre t\u00f8ffe forhold, samtidig som den gir utmerket motstand mot korrosjon. Led-lysstangen har en IP68\/IP69K-beskyttelsesklassifisering, noe som understreker dens holdbarhet og kompakte struktur. Med sitt slanke utseende og parkeringslys som kan lyse i enten hvitt eller oransje, er led-stangen virkelig uimotst\u00e5elig, en visuell fryd! Kanskje til og med markedets mest attraktive LED-lysbjelke?<\/p>\n<p><\/p>\n<p>Led-lysstangen leveres med b\u00e5de tradisjonelle sidefester og breddejusterbare bjelkefester under lyset, noe som gir mange installasjonsmuligheter. Installasjonen er enkel med den 2-polede DTP-kontakten som allerede er forh\u00e5ndsinstallert p\u00e5 str\u00f8mkabelen, og det brede driftsspenningsomr\u00e5det (9-32 V) gj\u00f8r det mulig \u00e5 installere den i b\u00e5de 12 V- og 24 V-systemer. Ledstangen har referansenummer 17.5, noe som gj\u00f8r det mulig \u00e5 montere den sammen med nesten alle standard frontlykter uten at de originale blir ubrukelige. I tillegg er led-lysdioden beskyttet mot radioforstyrrelser i henhold til ECE R10-standarden. <span style=\"font-weight: bold\">Den leveres med to \u00e5rs (24 m\u00e5neder) garanti!<\/span><\/p>\n<p><span style=\"font-weight: bold\"><br \/><\/span><\/p>\n<p><span style=\"font-weight: bold\">Innhold i leveransen<\/span><\/p>\n<ul>\n<li>Purelux Panther Aero S800<\/li>\n<li>2 x breddejusterbare skinnefester<\/li>\n<li>2 x tradisjonelle sidefester<\/li>\n<li>Str\u00f8mkabel med kontakt<\/li>\n<li>Tilkoblings- og installasjonsinstruksjoner (FI\/SE\/NO\/DK)<\/li>\n<\/ul>\n<p><\/p>\n<p><span style=\"font-weight: bold\">Tekniske spesifikasjoner<\/span><\/p>\n<ul>\n<li>LED: 27 x 6W<\/li>\n<li>Driftsspenning: 9-36 V (likestr\u00f8m)<\/li>\n<li>Referansenummer: 50<\/li>\n<li>Beregnet effekt: 162 W<\/li>\n<li>M\u00e5lt str\u00f8mforbruk<\/li>\n<li>Purelux PowerBoost\u00ae: 15,9A VED 12V \/ 6,20A VED 24V<\/li>\n<li>Standard: 6,16 A ved 12 V \/ 2,75 A ved 24 V<\/li>\n<li>M\u00e5lt effekt<\/li>\n<li>Purelux PowerBoost\u00ae: 191 W @ 12V \/ 149 W @ 24V<\/li>\n<li>Standard: 74 W ved 12 V \/ 66 W ved 24 V<\/li>\n<li>Lyseffekt oppgitt av produsenten: 11000 lm (Purelux PowerBoost\u00ae)<\/li>\n<li>M\u00e5lt: 12361 lm (Purelux PowerBoost\u00ae)<\/li>\n<li>M\u00e5lt: 6564 lm (standard)<\/li>\n<li>Rekkevidde oppgitt av produsenten: 598 m ved 1 lux (Purelux PowerBoost\u00ae) \/ 468 m ved 1 lux (Standard)<\/li>\n<li>M\u00e5lt: 550 m ved 1 lux \/ 1100 m ved 0,25 lux \/ (Purelux PowerBoost\u00ae)<\/li>\n<li>M\u00e5lt: 405 m ved 1 lux \/ 810 m ved 0,25 lux (standard)<\/li>\n<li>Fargetemperatur oppgitt av produsenten: 5000 K<\/li>\n<li>M\u00e5lt: 5079 K<\/li>\n<li>Montering: Via sidebrakett eller skinnebraketter - inkludert<\/li>\n<li>Kontakt: Deutsch DTP-2<\/li>\n<li>Separate ledninger for parkeringslys, ingen kontakt<\/li>\n<li>Kabellengde: 50 cm<\/li>\n<li>Dimensjoner: 783 x 42 x 62,5 mm (bredde x h\u00f8yde x dybde)<\/li>\n<li>H\u00f8yde med endeben: 57 mm<\/li>\n<li>H\u00f8yde med underben: 62 mm<\/li>\n<li>Vekt: 2250 g<\/li>\n<li>IP-klassifisering: IP68\/IP69K<\/li>\n<li>Godkjenninger: CE, ECE R10, R7, R112*<\/li>\n<li><span style=\"font-weight: bold\">*Godkjenning for veitrafikk gjelder ikke for PowerBoost\u00ae-modus<\/span><\/li>\n<li>Garanti: 24 m\u00e5neder<\/li>\n<\/ul>\n<p><span style=\"font-weight: bold\"><\/span><\/p>","protected":false},"excerpt":{"rendered":"<p><span style=\"font-weight: bold\">Superlav og aerodynamisk led-bar, utstyrt med bl.a. PowerBoost\u00ae-teknologi og et fantastisk kombinert lysm\u00f8nster som temmer det endel\u00f8se m\u00f8rket.<\/span><\/p>","protected":false},"featured_media":48286,"comment_status":"open","ping_status":"closed","template":"","meta":{"_improvement_type_select":"improve_an_existing","_thumb_yes_seoaic":false,"_frame_yes_seoaic":false,"seoaic_generate_description":"","seoaic_improve_instructions_prompt":"","seoaic_rollback_content_improvement":"","seoaic_idea_thumbnail_generator":"","thumbnail_generated":false,"thumbnail_generate_prompt":"","seoaic_article_description":""},"make_fuel_type":[],"make_model":[],"make_brand":[],"make_year":[],"pwb-brand":[8333],"product_brand":[],"product_cat":[6195,6209,7373],"product_tag":[7551,8489],"class_list":{"0":"post-48290","1":"product","2":"type-product","3":"status-publish","4":"has-post-thumbnail","6":"pwb-brand-brand_purelux","7":"product_cat-lamps","8":"product_cat-auxiliary-lights","9":"product_cat-rstcom-purelux","10":"product_tag-extraljus","11":"product_tag-purelux","13":"first","14":"instock","15":"taxable","16":"shipping-taxable","17":"purchasable","18":"product-type-simple"},"yoast_head":"<!-- This site is optimized with the Yoast SEO plugin v25.7 - https:\/\/yoast.com\/wordpress\/plugins\/seo\/ -->\n<title>Auxiliary light Purelux Panther Aero S800 - RST-Steel<\/title>\n<meta name=\"description\" content=\"Purelux Panther Aero S800 is an extremely sleek and low-profile auxiliary light panel designed for both professional and private vehicle owners. Order now!\" \/>\n<meta name=\"robots\" content=\"index, follow, max-snippet:-1, max-image-preview:large, max-video-preview:-1\" \/>\n<link rel=\"canonical\" href=\"https:\/\/com.rst-steel.eu\/nb\/produkt\/purelux-panther-aero-s800-led-lisavalopaneeli_pr_76571\/\" \/>\n<meta property=\"og:locale\" content=\"nb_NO\" \/>\n<meta property=\"og:type\" content=\"article\" \/>\n<meta property=\"og:title\" content=\"Auxiliary light Purelux Panther Aero S800 - RST-Steel\" \/>\n<meta property=\"og:description\" content=\"Purelux Panther Aero S800 is an extremely sleek and low-profile auxiliary light panel designed for both professional and private vehicle owners. Order now!\" \/>\n<meta property=\"og:url\" content=\"https:\/\/com.rst-steel.eu\/nb\/produkt\/purelux-panther-aero-s800-led-lisavalopaneeli_pr_76571\/\" \/>\n<meta property=\"og:site_name\" content=\"RST-Steel\" \/>\n<meta property=\"article:publisher\" content=\"https:\/\/www.facebook.com\/rststeel\" \/>\n<meta property=\"article:modified_time\" content=\"2026-03-16T06:16:10+00:00\" \/>\n<meta property=\"og:image\" content=\"https:\/\/com.rst-steel.eu\/wp-content\/uploads\/2024\/11\/cc1c8f70facec78098376f223ca3c1adb98f954e_6012_0080.jpg\" \/>\n\t<meta property=\"og:image:width\" content=\"2048\" \/>\n\t<meta property=\"og:image:height\" content=\"2048\" \/>\n\t<meta property=\"og:image:type\" content=\"image\/jpeg\" \/>\n<meta name=\"twitter:card\" content=\"summary_large_image\" \/>\n<meta name=\"twitter:label1\" content=\"Ansl. lesetid\" \/>\n\t<meta name=\"twitter:data1\" content=\"5 minutter\" \/>\n<script type=\"application\/ld+json\" class=\"yoast-schema-graph\">{\"@context\":\"https:\/\/schema.org\",\"@graph\":[{\"@type\":\"WebPage\",\"@id\":\"https:\/\/com.rst-steel.eu\/sv\/produkt\/purelux-panther-aero-s800-led-lisavalopaneeli_pr_76571\/\",\"url\":\"https:\/\/com.rst-steel.eu\/sv\/produkt\/purelux-panther-aero-s800-led-lisavalopaneeli_pr_76571\/\",\"name\":\"Auxiliary light Purelux Panther Aero S800 - RST-Steel\",\"isPartOf\":{\"@id\":\"https:\/\/com.rst-steel.eu\/#website\"},\"primaryImageOfPage\":{\"@id\":\"https:\/\/com.rst-steel.eu\/sv\/produkt\/purelux-panther-aero-s800-led-lisavalopaneeli_pr_76571\/#primaryimage\"},\"image\":{\"@id\":\"https:\/\/com.rst-steel.eu\/sv\/produkt\/purelux-panther-aero-s800-led-lisavalopaneeli_pr_76571\/#primaryimage\"},\"thumbnailUrl\":\"https:\/\/com.rst-steel.eu\/wp-content\/uploads\/2024\/11\/cc1c8f70facec78098376f223ca3c1adb98f954e_6012_0080.jpg\",\"datePublished\":\"2024-11-11T09:35:14+00:00\",\"dateModified\":\"2026-03-16T06:16:10+00:00\",\"description\":\"Purelux Panther Aero S800 is an extremely sleek and low-profile auxiliary light panel designed for both professional and private vehicle owners. Order now!\",\"breadcrumb\":{\"@id\":\"https:\/\/com.rst-steel.eu\/sv\/produkt\/purelux-panther-aero-s800-led-lisavalopaneeli_pr_76571\/#breadcrumb\"},\"inLanguage\":\"nb-NO\",\"potentialAction\":[{\"@type\":\"ReadAction\",\"target\":[\"https:\/\/com.rst-steel.eu\/sv\/produkt\/purelux-panther-aero-s800-led-lisavalopaneeli_pr_76571\/\"]}]},{\"@type\":\"ImageObject\",\"inLanguage\":\"nb-NO\",\"@id\":\"https:\/\/com.rst-steel.eu\/sv\/produkt\/purelux-panther-aero-s800-led-lisavalopaneeli_pr_76571\/#primaryimage\",\"url\":\"https:\/\/com.rst-steel.eu\/wp-content\/uploads\/2024\/11\/cc1c8f70facec78098376f223ca3c1adb98f954e_6012_0080.jpg\",\"contentUrl\":\"https:\/\/com.rst-steel.eu\/wp-content\/uploads\/2024\/11\/cc1c8f70facec78098376f223ca3c1adb98f954e_6012_0080.jpg\",\"width\":2048,\"height\":2048,\"caption\":\"Purelux Panther Aero S800 LED bar\"},{\"@type\":\"BreadcrumbList\",\"@id\":\"https:\/\/com.rst-steel.eu\/sv\/produkt\/purelux-panther-aero-s800-led-lisavalopaneeli_pr_76571\/#breadcrumb\",\"itemListElement\":[{\"@type\":\"ListItem\",\"position\":1,\"name\":\"Home\",\"item\":\"https:\/\/com.rst-steel.eu\/\"},{\"@type\":\"ListItem\",\"position\":2,\"name\":\"RST-Steel Shop\",\"item\":\"https:\/\/com.rst-steel.eu\/shop\/\"},{\"@type\":\"ListItem\",\"position\":3,\"name\":\"Auxiliary light Purelux Panther Aero S800\"}]},{\"@type\":\"WebSite\",\"@id\":\"https:\/\/com.rst-steel.eu\/#website\",\"url\":\"https:\/\/com.rst-steel.eu\/\",\"name\":\"RST-Steel.com\",\"description\":\"Finnish quality steel, for quality-conscious drivers\",\"publisher\":{\"@id\":\"https:\/\/com.rst-steel.eu\/#organization\"},\"alternateName\":\"Safe and stylish RST-Steel quality\",\"potentialAction\":[{\"@type\":\"SearchAction\",\"target\":{\"@type\":\"EntryPoint\",\"urlTemplate\":\"https:\/\/com.rst-steel.eu\/?s={search_term_string}\"},\"query-input\":{\"@type\":\"PropertyValueSpecification\",\"valueRequired\":true,\"valueName\":\"search_term_string\"}}],\"inLanguage\":\"nb-NO\"},{\"@type\":\"Organization\",\"@id\":\"https:\/\/com.rst-steel.eu\/#organization\",\"name\":\"RST-Steel Oy\",\"url\":\"https:\/\/com.rst-steel.eu\/\",\"logo\":{\"@type\":\"ImageObject\",\"inLanguage\":\"nb-NO\",\"@id\":\"https:\/\/com.rst-steel.eu\/#\/schema\/logo\/image\/\",\"url\":\"https:\/\/com.rst-steel.eu\/wp-content\/uploads\/2023\/04\/cropped-Rst-logo-valkoinen-teksti-3.png\",\"contentUrl\":\"https:\/\/com.rst-steel.eu\/wp-content\/uploads\/2023\/04\/cropped-Rst-logo-valkoinen-teksti-3.png\",\"width\":512,\"height\":115,\"caption\":\"RST-Steel Oy\"},\"image\":{\"@id\":\"https:\/\/com.rst-steel.eu\/#\/schema\/logo\/image\/\"},\"sameAs\":[\"https:\/\/www.facebook.com\/rststeel\",\"https:\/\/www.instagram.com\/rststeeloy\/\"]}]}<\/script>\n<!-- \/ Yoast SEO plugin. -->","yoast_head_json":{"title":"Auxiliary light Purelux Panther Aero S800 - RST-Steel","description":"Purelux Panther Aero S800 er et ekstremt elegant og lavprofilert ekstra lyspanel designet for b\u00e5de profesjonelle og private bileiere. Bestill n\u00e5!","robots":{"index":"index","follow":"follow","max-snippet":"max-snippet:-1","max-image-preview":"max-image-preview:large","max-video-preview":"max-video-preview:-1"},"canonical":"https:\/\/com.rst-steel.eu\/nb\/produkt\/purelux-panther-aero-s800-led-lisavalopaneeli_pr_76571\/","og_locale":"nb_NO","og_type":"article","og_title":"Auxiliary light Purelux Panther Aero S800 - RST-Steel","og_description":"Purelux Panther Aero S800 is an extremely sleek and low-profile auxiliary light panel designed for both professional and private vehicle owners. Order now!","og_url":"https:\/\/com.rst-steel.eu\/nb\/produkt\/purelux-panther-aero-s800-led-lisavalopaneeli_pr_76571\/","og_site_name":"RST-Steel","article_publisher":"https:\/\/www.facebook.com\/rststeel","article_modified_time":"2026-03-16T06:16:10+00:00","og_image":[{"width":2048,"height":2048,"url":"https:\/\/com.rst-steel.eu\/wp-content\/uploads\/2024\/11\/cc1c8f70facec78098376f223ca3c1adb98f954e_6012_0080.jpg","type":"image\/jpeg"}],"twitter_card":"summary_large_image","twitter_misc":{"Ansl. lesetid":"5 minutter"},"schema":{"@context":"https:\/\/schema.org","@graph":[{"@type":"WebPage","@id":"https:\/\/com.rst-steel.eu\/sv\/produkt\/purelux-panther-aero-s800-led-lisavalopaneeli_pr_76571\/","url":"https:\/\/com.rst-steel.eu\/sv\/produkt\/purelux-panther-aero-s800-led-lisavalopaneeli_pr_76571\/","name":"Auxiliary light Purelux Panther Aero S800 - RST-Steel","isPartOf":{"@id":"https:\/\/com.rst-steel.eu\/#website"},"primaryImageOfPage":{"@id":"https:\/\/com.rst-steel.eu\/sv\/produkt\/purelux-panther-aero-s800-led-lisavalopaneeli_pr_76571\/#primaryimage"},"image":{"@id":"https:\/\/com.rst-steel.eu\/sv\/produkt\/purelux-panther-aero-s800-led-lisavalopaneeli_pr_76571\/#primaryimage"},"thumbnailUrl":"https:\/\/com.rst-steel.eu\/wp-content\/uploads\/2024\/11\/cc1c8f70facec78098376f223ca3c1adb98f954e_6012_0080.jpg","datePublished":"2024-11-11T09:35:14+00:00","dateModified":"2026-03-16T06:16:10+00:00","description":"Purelux Panther Aero S800 er et ekstremt elegant og lavprofilert ekstra lyspanel designet for b\u00e5de profesjonelle og private bileiere. Bestill n\u00e5!","breadcrumb":{"@id":"https:\/\/com.rst-steel.eu\/sv\/produkt\/purelux-panther-aero-s800-led-lisavalopaneeli_pr_76571\/#breadcrumb"},"inLanguage":"nb-NO","potentialAction":[{"@type":"ReadAction","target":["https:\/\/com.rst-steel.eu\/sv\/produkt\/purelux-panther-aero-s800-led-lisavalopaneeli_pr_76571\/"]}]},{"@type":"ImageObject","inLanguage":"nb-NO","@id":"https:\/\/com.rst-steel.eu\/sv\/produkt\/purelux-panther-aero-s800-led-lisavalopaneeli_pr_76571\/#primaryimage","url":"https:\/\/com.rst-steel.eu\/wp-content\/uploads\/2024\/11\/cc1c8f70facec78098376f223ca3c1adb98f954e_6012_0080.jpg","contentUrl":"https:\/\/com.rst-steel.eu\/wp-content\/uploads\/2024\/11\/cc1c8f70facec78098376f223ca3c1adb98f954e_6012_0080.jpg","width":2048,"height":2048,"caption":"Purelux Panther Aero S800 LED bar"},{"@type":"BreadcrumbList","@id":"https:\/\/com.rst-steel.eu\/sv\/produkt\/purelux-panther-aero-s800-led-lisavalopaneeli_pr_76571\/#breadcrumb","itemListElement":[{"@type":"ListItem","position":1,"name":"Home","item":"https:\/\/com.rst-steel.eu\/"},{"@type":"ListItem","position":2,"name":"RST-Steel Shop","item":"https:\/\/com.rst-steel.eu\/shop\/"},{"@type":"ListItem","position":3,"name":"Auxiliary light Purelux Panther Aero S800"}]},{"@type":"WebSite","@id":"https:\/\/com.rst-steel.eu\/#website","url":"https:\/\/com.rst-steel.eu\/","name":"RST-Steel.com","description":"Finsk kvalitetsst\u00e5l, for kvalitetsbevisste sj\u00e5f\u00f8rer","publisher":{"@id":"https:\/\/com.rst-steel.eu\/#organization"},"alternateName":"Safe and stylish RST-Steel quality","potentialAction":[{"@type":"SearchAction","target":{"@type":"EntryPoint","urlTemplate":"https:\/\/com.rst-steel.eu\/?s={search_term_string}"},"query-input":{"@type":"PropertyValueSpecification","valueRequired":true,"valueName":"search_term_string"}}],"inLanguage":"nb-NO"},{"@type":"Organization","@id":"https:\/\/com.rst-steel.eu\/#organization","name":"RST-Steel Oy","url":"https:\/\/com.rst-steel.eu\/","logo":{"@type":"ImageObject","inLanguage":"nb-NO","@id":"https:\/\/com.rst-steel.eu\/#\/schema\/logo\/image\/","url":"https:\/\/com.rst-steel.eu\/wp-content\/uploads\/2023\/04\/cropped-Rst-logo-valkoinen-teksti-3.png","contentUrl":"https:\/\/com.rst-steel.eu\/wp-content\/uploads\/2023\/04\/cropped-Rst-logo-valkoinen-teksti-3.png","width":512,"height":115,"caption":"RST-Steel Oy"},"image":{"@id":"https:\/\/com.rst-steel.eu\/#\/schema\/logo\/image\/"},"sameAs":["https:\/\/www.facebook.com\/rststeel","https:\/\/www.instagram.com\/rststeeloy\/"]}]}},"brands":[{"id":8333,"name":"Purelux","slug":"brand_purelux"}],"_links":{"self":[{"href":"https:\/\/com.rst-steel.eu\/nb\/wp-json\/wp\/v2\/product\/48290","targetHints":{"allow":["GET"]}}],"collection":[{"href":"https:\/\/com.rst-steel.eu\/nb\/wp-json\/wp\/v2\/product"}],"about":[{"href":"https:\/\/com.rst-steel.eu\/nb\/wp-json\/wp\/v2\/types\/product"}],"replies":[{"embeddable":true,"href":"https:\/\/com.rst-steel.eu\/nb\/wp-json\/wp\/v2\/comments?post=48290"}],"version-history":[{"count":0,"href":"https:\/\/com.rst-steel.eu\/nb\/wp-json\/wp\/v2\/product\/48290\/revisions"}],"wp:featuredmedia":[{"embeddable":true,"href":"https:\/\/com.rst-steel.eu\/nb\/wp-json\/wp\/v2\/media\/48286"}],"wp:attachment":[{"href":"https:\/\/com.rst-steel.eu\/nb\/wp-json\/wp\/v2\/media?parent=48290"}],"wp:term":[{"taxonomy":"make_fuel_type","embeddable":true,"href":"https:\/\/com.rst-steel.eu\/nb\/wp-json\/wp\/v2\/make_fuel_type?post=48290"},{"taxonomy":"make_model","embeddable":true,"href":"https:\/\/com.rst-steel.eu\/nb\/wp-json\/wp\/v2\/make_model?post=48290"},{"taxonomy":"make_brand","embeddable":true,"href":"https:\/\/com.rst-steel.eu\/nb\/wp-json\/wp\/v2\/make_brand?post=48290"},{"taxonomy":"make_year","embeddable":true,"href":"https:\/\/com.rst-steel.eu\/nb\/wp-json\/wp\/v2\/make_year?post=48290"},{"taxonomy":"pwb-brand","embeddable":true,"href":"https:\/\/com.rst-steel.eu\/nb\/wp-json\/wp\/v2\/pwb-brand?post=48290"},{"taxonomy":"product_brand","embeddable":true,"href":"https:\/\/com.rst-steel.eu\/nb\/wp-json\/wp\/v2\/product_brand?post=48290"},{"taxonomy":"product_cat","embeddable":true,"href":"https:\/\/com.rst-steel.eu\/nb\/wp-json\/wp\/v2\/product_cat?post=48290"},{"taxonomy":"product_tag","embeddable":true,"href":"https:\/\/com.rst-steel.eu\/nb\/wp-json\/wp\/v2\/product_tag?post=48290"}],"curies":[{"name":"wp","href":"https:\/\/api.w.org\/{rel}","templated":true}]}}