{"id":47501,"date":"2024-10-23T09:29:05","date_gmt":"2024-10-23T06:29:05","guid":{"rendered":"https:\/\/rst-steel.com\/product\/lisavaloteline-katolle-sivujatkoilla-20hs12-scania-ng_prm_66103\/"},"modified":"2026-03-16T09:18:12","modified_gmt":"2026-03-16T06:18:12","slug":"roof-bar-basic-long-v16-scania-nextgen-highline-s12_prm_66103","status":"publish","type":"product","link":"https:\/\/com.rst-steel.eu\/nb\/produkt\/roof-bar-basic-long-v16-scania-nextgen-highline-s12_prm_66103\/","title":{"rendered":"Roof Bar Basic Long V16 Scania NextGen &#8211; Highline S12"},"content":{"rendered":"<p>RST-Steel&#8217;s roof bars are high-quality products<span style=\"font-weight: bold;\">\u00a0made in Finland<\/span>\u00a0av rustfritt st\u00e5l<\/p>\n<p>&nbsp;<\/p>\n<p>Designed to complement the stylish lines of your truck, the roof bar not only enhances its appearance but also adds practicality and safety. It can be equipped with auxiliary lights and position lights, ensuring maximum visibility on the road and improved safety for both you and other road users.<\/p>\n<ul>\n<li><\/li>\n<\/ul>\n<p>&nbsp;<\/p>\n<p><span style=\"font-weight: bold;\">Egenskaper:<\/span><\/p>\n<ul>\n<li>Compatibility: Designed for Scania NextGen models with a Highline Cab and 12 cm side wind deflectors, ensuring quick and effortless installation.<\/li>\n<li>Materialer: Laget av slitesterkt rustfritt st\u00e5l, som gir lang levetid og utmerket v\u00e6rbestandighet.<\/li>\n<li>Stilig design: Polert eller lakkert finish og elegant design som fremhever lastebilens utseende.<\/li>\n<li>Light Installation: Thanks to the welded auxiliary light brackets, you can easily mount several additional lights onto the roof bar.<\/li>\n<li>Sikkerhet: \u00d8ker synligheten i m\u00f8rke og krevende kj\u00f8reforhold, og gir \u00f8kt sikkerhet for b\u00e5de sj\u00e5f\u00f8r og andre trafikanter.<\/li>\n<li><\/li>\n<\/ul>\n<p>&nbsp;<\/p>\n<p><span style=\"font-weight: bold;\">Compatible with 3pcs 40cm light panel or 6pcs 9\u2019\u2019 round lamps.<\/span><\/p>\n<ul>\n<li><\/li>\n<\/ul>\n<p>&nbsp;<\/p>\n<p><span style=\"font-weight: bold;\">Hvorfor velge RST-Steel?<\/span><\/p>\n<ul>\n<li><span style=\"font-weight: bold;\">Laget i Finland<\/span>: All our products are manufactured in our own production facility in Nivala, Finland.<\/li>\n<\/ul>\n<ul>\n<li><span style=\"font-weight: bold;\">P\u00e5litelighet<\/span>: Mange \u00e5rs erfaring og ekspertise for h\u00f8y kvalitet og holdbarhet hos v\u00e5re produkter.<\/li>\n<li><span style=\"font-weight: bold;\">Kundetilfredshet:<\/span>\u00a0Tusenvis av forn\u00f8yde kunder over hele verden stoler p\u00e5 RST-Steel-produkter.<\/li>\n<li><\/li>\n<\/ul>\n<p>&nbsp;<\/p>\n<p><span style=\"font-weight: bold;\">Teknisk informasjon:<\/span><\/p>\n<ul>\n<li>\u00a0Color: Polished stainless steel or powdercoated with RAL-colors<\/li>\n<li>R\u00f8rdiameter: 76 mm<\/li>\n<li>Welded lamp bracket rail<\/li>\n<li><\/li>\n<\/ul>\n<p><span style=\"font-weight: bold;\">\u00a0<\/span><\/p>\n<p><span style=\"font-weight: bold;\">Innhold i leveransen:<\/span><\/p>\n<ul>\n<li>Takb\u00f8yle<\/li>\n<li>Festemidler som kreves for installasjon<\/li>\n<li>Installasjonsinstruksjoner<\/li>\n<\/ul>","protected":false},"excerpt":{"rendered":"<p><span style=\"font-weight: bold;\">NextGen models with a Highline Cab and 12 cm side wind deflectors!<\/span><\/p>","protected":false},"featured_media":119674,"comment_status":"open","ping_status":"closed","template":"","meta":{"_improvement_type_select":"improve_an_existing","_thumb_yes_seoaic":false,"_frame_yes_seoaic":false,"seoaic_generate_description":"","seoaic_improve_instructions_prompt":"","seoaic_rollback_content_improvement":"","seoaic_idea_thumbnail_generator":"","thumbnail_generated":false,"thumbnail_generate_prompt":"","seoaic_article_description":""},"make_fuel_type":[],"make_model":[5614,5608,5620,5623,5624],"make_brand":[3744],"make_year":[3748],"pwb-brand":[8334],"product_brand":[],"product_cat":[6057,6058,7165],"product_tag":[8488,8494,8481,7549,8482],"class_list":{"0":"post-47501","1":"product","2":"type-product","3":"status-publish","4":"has-post-thumbnail","6":"make_engine-sleepercab-highline-cg","7":"make_engine-sleepercab-high-cp","8":"make_engine-sleepercab-highline-cr","9":"make_engine-sleepercab-highline-cs","10":"make_model-nextgen-g-2017","11":"make_model-nextgen-p-2017","12":"make_model-nextgen-r-2017","13":"make_model-nextgen-s-2017","14":"make_model-nextgen-xt-2017","15":"make_brand-scania","16":"make_year-trucks","17":"pwb-brand-brand_rststeel","18":"product_cat-lightbars","19":"product_cat-roofbars-for-trucks","20":"product_cat-scania-ka-lt","21":"product_tag-scania","22":"product_tag-scania-nextgen","23":"product_tag-scania-roof-bar","24":"product_tag-takbage","25":"product_tag-top-bar-scania","26":"product_shipping_class-lightbars","28":"first","29":"instock","30":"taxable","31":"shipping-taxable","32":"purchasable","33":"product-type-variable"},"yoast_head":"<!-- This site is optimized with the Yoast SEO plugin v25.7 - https:\/\/yoast.com\/wordpress\/plugins\/seo\/ -->\n<title>Roof Bar Basic Long V16 Scania NextGen - Highline S12 - RST-Steel<\/title>\n<meta name=\"description\" content=\"Roof Bar with Long Side Extensions (20HS12) for Scania NG. Enhance visibility, safety, and style with this durable premium upgrade!\" \/>\n<meta name=\"robots\" content=\"index, follow, max-snippet:-1, max-image-preview:large, max-video-preview:-1\" \/>\n<link rel=\"canonical\" href=\"https:\/\/com.rst-steel.eu\/nb\/produkt\/roof-bar-basic-long-v16-scania-nextgen-highline-s12_prm_66103\/\" \/>\n<meta property=\"og:locale\" content=\"nb_NO\" \/>\n<meta property=\"og:type\" content=\"article\" \/>\n<meta property=\"og:title\" content=\"Roof Bar Basic Long V16 Scania NextGen - Highline S12 - RST-Steel\" \/>\n<meta property=\"og:description\" content=\"Roof Bar with Long Side Extensions (20HS12) for Scania NG. Enhance visibility, safety, and style with this durable premium upgrade!\" \/>\n<meta property=\"og:url\" content=\"https:\/\/com.rst-steel.eu\/nb\/produkt\/roof-bar-basic-long-v16-scania-nextgen-highline-s12_prm_66103\/\" \/>\n<meta property=\"og:site_name\" content=\"RST-Steel\" \/>\n<meta property=\"article:publisher\" content=\"https:\/\/www.facebook.com\/rststeel\" \/>\n<meta property=\"article:modified_time\" content=\"2026-03-16T06:18:12+00:00\" \/>\n<meta property=\"og:image\" content=\"https:\/\/com.rst-steel.eu\/wp-content\/uploads\/2025\/11\/3893f40f20b30cfcc661d4eae0b372db8315fd17_SC2116B_web__1_.jpeg\" \/>\n\t<meta property=\"og:image:width\" content=\"1199\" \/>\n\t<meta property=\"og:image:height\" content=\"1008\" \/>\n\t<meta property=\"og:image:type\" content=\"image\/jpeg\" \/>\n<meta name=\"twitter:card\" content=\"summary_large_image\" \/>\n<meta name=\"twitter:label1\" content=\"Ansl. lesetid\" \/>\n\t<meta name=\"twitter:data1\" content=\"2 minutter\" \/>\n<script type=\"application\/ld+json\" class=\"yoast-schema-graph\">{\"@context\":\"https:\/\/schema.org\",\"@graph\":[{\"@type\":\"WebPage\",\"@id\":\"https:\/\/com.rst-steel.eu\/product\/roof-bar-basic-long-v16-scania-nextgen-highline-s12_prm_66103\/\",\"url\":\"https:\/\/com.rst-steel.eu\/product\/roof-bar-basic-long-v16-scania-nextgen-highline-s12_prm_66103\/\",\"name\":\"Roof Bar Basic Long V16 Scania NextGen - Highline S12 - RST-Steel\",\"isPartOf\":{\"@id\":\"https:\/\/com.rst-steel.eu\/#website\"},\"primaryImageOfPage\":{\"@id\":\"https:\/\/com.rst-steel.eu\/product\/roof-bar-basic-long-v16-scania-nextgen-highline-s12_prm_66103\/#primaryimage\"},\"image\":{\"@id\":\"https:\/\/com.rst-steel.eu\/product\/roof-bar-basic-long-v16-scania-nextgen-highline-s12_prm_66103\/#primaryimage\"},\"thumbnailUrl\":\"https:\/\/com.rst-steel.eu\/wp-content\/uploads\/2025\/11\/3893f40f20b30cfcc661d4eae0b372db8315fd17_SC2116B_web__1_.jpeg\",\"datePublished\":\"2024-10-23T06:29:05+00:00\",\"dateModified\":\"2026-03-16T06:18:12+00:00\",\"description\":\"Roof Bar with Long Side Extensions (20HS12) for Scania NG. Enhance visibility, safety, and style with this durable premium upgrade!\",\"breadcrumb\":{\"@id\":\"https:\/\/com.rst-steel.eu\/product\/roof-bar-basic-long-v16-scania-nextgen-highline-s12_prm_66103\/#breadcrumb\"},\"inLanguage\":\"nb-NO\",\"potentialAction\":[{\"@type\":\"ReadAction\",\"target\":[\"https:\/\/com.rst-steel.eu\/product\/roof-bar-basic-long-v16-scania-nextgen-highline-s12_prm_66103\/\"]}]},{\"@type\":\"ImageObject\",\"inLanguage\":\"nb-NO\",\"@id\":\"https:\/\/com.rst-steel.eu\/product\/roof-bar-basic-long-v16-scania-nextgen-highline-s12_prm_66103\/#primaryimage\",\"url\":\"https:\/\/com.rst-steel.eu\/wp-content\/uploads\/2025\/11\/3893f40f20b30cfcc661d4eae0b372db8315fd17_SC2116B_web__1_.jpeg\",\"contentUrl\":\"https:\/\/com.rst-steel.eu\/wp-content\/uploads\/2025\/11\/3893f40f20b30cfcc661d4eae0b372db8315fd17_SC2116B_web__1_.jpeg\",\"width\":1199,\"height\":1008},{\"@type\":\"BreadcrumbList\",\"@id\":\"https:\/\/com.rst-steel.eu\/product\/roof-bar-basic-long-v16-scania-nextgen-highline-s12_prm_66103\/#breadcrumb\",\"itemListElement\":[{\"@type\":\"ListItem\",\"position\":1,\"name\":\"Home\",\"item\":\"https:\/\/com.rst-steel.eu\/\"},{\"@type\":\"ListItem\",\"position\":2,\"name\":\"RST-Steel Shop\",\"item\":\"https:\/\/com.rst-steel.eu\/shop\/\"},{\"@type\":\"ListItem\",\"position\":3,\"name\":\"Roof Bar Basic Long V16 Scania NextGen &#8211; Highline S12\"}]},{\"@type\":\"WebSite\",\"@id\":\"https:\/\/com.rst-steel.eu\/#website\",\"url\":\"https:\/\/com.rst-steel.eu\/\",\"name\":\"RST-Steel.com\",\"description\":\"Finnish quality steel, for quality-conscious drivers\",\"publisher\":{\"@id\":\"https:\/\/com.rst-steel.eu\/#organization\"},\"alternateName\":\"Safe and stylish RST-Steel quality\",\"potentialAction\":[{\"@type\":\"SearchAction\",\"target\":{\"@type\":\"EntryPoint\",\"urlTemplate\":\"https:\/\/com.rst-steel.eu\/?s={search_term_string}\"},\"query-input\":{\"@type\":\"PropertyValueSpecification\",\"valueRequired\":true,\"valueName\":\"search_term_string\"}}],\"inLanguage\":\"nb-NO\"},{\"@type\":\"Organization\",\"@id\":\"https:\/\/com.rst-steel.eu\/#organization\",\"name\":\"RST-Steel Oy\",\"url\":\"https:\/\/com.rst-steel.eu\/\",\"logo\":{\"@type\":\"ImageObject\",\"inLanguage\":\"nb-NO\",\"@id\":\"https:\/\/com.rst-steel.eu\/#\/schema\/logo\/image\/\",\"url\":\"https:\/\/com.rst-steel.eu\/wp-content\/uploads\/2023\/04\/cropped-Rst-logo-valkoinen-teksti-3.png\",\"contentUrl\":\"https:\/\/com.rst-steel.eu\/wp-content\/uploads\/2023\/04\/cropped-Rst-logo-valkoinen-teksti-3.png\",\"width\":512,\"height\":115,\"caption\":\"RST-Steel Oy\"},\"image\":{\"@id\":\"https:\/\/com.rst-steel.eu\/#\/schema\/logo\/image\/\"},\"sameAs\":[\"https:\/\/www.facebook.com\/rststeel\",\"https:\/\/www.instagram.com\/rststeeloy\/\"]}]}<\/script>\n<!-- \/ Yoast SEO plugin. -->","yoast_head_json":{"title":"Roof Bar Basic Long V16 Scania NextGen - Highline S12 - RST-Steel","description":"Takbjelke med lange sideforlengere (20HS12) til Scania NG. Forbedre synligheten, sikkerheten og stilen med denne slitesterke premiumoppgraderingen!","robots":{"index":"index","follow":"follow","max-snippet":"max-snippet:-1","max-image-preview":"max-image-preview:large","max-video-preview":"max-video-preview:-1"},"canonical":"https:\/\/com.rst-steel.eu\/nb\/produkt\/roof-bar-basic-long-v16-scania-nextgen-highline-s12_prm_66103\/","og_locale":"nb_NO","og_type":"article","og_title":"Roof Bar Basic Long V16 Scania NextGen - Highline S12 - RST-Steel","og_description":"Roof Bar with Long Side Extensions (20HS12) for Scania NG. Enhance visibility, safety, and style with this durable premium upgrade!","og_url":"https:\/\/com.rst-steel.eu\/nb\/produkt\/roof-bar-basic-long-v16-scania-nextgen-highline-s12_prm_66103\/","og_site_name":"RST-Steel","article_publisher":"https:\/\/www.facebook.com\/rststeel","article_modified_time":"2026-03-16T06:18:12+00:00","og_image":[{"width":1199,"height":1008,"url":"https:\/\/com.rst-steel.eu\/wp-content\/uploads\/2025\/11\/3893f40f20b30cfcc661d4eae0b372db8315fd17_SC2116B_web__1_.jpeg","type":"image\/jpeg"}],"twitter_card":"summary_large_image","twitter_misc":{"Ansl. lesetid":"2 minutter"},"schema":{"@context":"https:\/\/schema.org","@graph":[{"@type":"WebPage","@id":"https:\/\/com.rst-steel.eu\/product\/roof-bar-basic-long-v16-scania-nextgen-highline-s12_prm_66103\/","url":"https:\/\/com.rst-steel.eu\/product\/roof-bar-basic-long-v16-scania-nextgen-highline-s12_prm_66103\/","name":"Roof Bar Basic Long V16 Scania NextGen - Highline S12 - RST-Steel","isPartOf":{"@id":"https:\/\/com.rst-steel.eu\/#website"},"primaryImageOfPage":{"@id":"https:\/\/com.rst-steel.eu\/product\/roof-bar-basic-long-v16-scania-nextgen-highline-s12_prm_66103\/#primaryimage"},"image":{"@id":"https:\/\/com.rst-steel.eu\/product\/roof-bar-basic-long-v16-scania-nextgen-highline-s12_prm_66103\/#primaryimage"},"thumbnailUrl":"https:\/\/com.rst-steel.eu\/wp-content\/uploads\/2025\/11\/3893f40f20b30cfcc661d4eae0b372db8315fd17_SC2116B_web__1_.jpeg","datePublished":"2024-10-23T06:29:05+00:00","dateModified":"2026-03-16T06:18:12+00:00","description":"Takbjelke med lange sideforlengere (20HS12) til Scania NG. Forbedre synligheten, sikkerheten og stilen med denne slitesterke premiumoppgraderingen!","breadcrumb":{"@id":"https:\/\/com.rst-steel.eu\/product\/roof-bar-basic-long-v16-scania-nextgen-highline-s12_prm_66103\/#breadcrumb"},"inLanguage":"nb-NO","potentialAction":[{"@type":"ReadAction","target":["https:\/\/com.rst-steel.eu\/product\/roof-bar-basic-long-v16-scania-nextgen-highline-s12_prm_66103\/"]}]},{"@type":"ImageObject","inLanguage":"nb-NO","@id":"https:\/\/com.rst-steel.eu\/product\/roof-bar-basic-long-v16-scania-nextgen-highline-s12_prm_66103\/#primaryimage","url":"https:\/\/com.rst-steel.eu\/wp-content\/uploads\/2025\/11\/3893f40f20b30cfcc661d4eae0b372db8315fd17_SC2116B_web__1_.jpeg","contentUrl":"https:\/\/com.rst-steel.eu\/wp-content\/uploads\/2025\/11\/3893f40f20b30cfcc661d4eae0b372db8315fd17_SC2116B_web__1_.jpeg","width":1199,"height":1008},{"@type":"BreadcrumbList","@id":"https:\/\/com.rst-steel.eu\/product\/roof-bar-basic-long-v16-scania-nextgen-highline-s12_prm_66103\/#breadcrumb","itemListElement":[{"@type":"ListItem","position":1,"name":"Home","item":"https:\/\/com.rst-steel.eu\/"},{"@type":"ListItem","position":2,"name":"RST-Steel Shop","item":"https:\/\/com.rst-steel.eu\/shop\/"},{"@type":"ListItem","position":3,"name":"Roof Bar Basic Long V16 Scania NextGen &#8211; Highline S12"}]},{"@type":"WebSite","@id":"https:\/\/com.rst-steel.eu\/#website","url":"https:\/\/com.rst-steel.eu\/","name":"RST-Steel.com","description":"Finsk kvalitetsst\u00e5l, for kvalitetsbevisste sj\u00e5f\u00f8rer","publisher":{"@id":"https:\/\/com.rst-steel.eu\/#organization"},"alternateName":"Safe and stylish RST-Steel quality","potentialAction":[{"@type":"SearchAction","target":{"@type":"EntryPoint","urlTemplate":"https:\/\/com.rst-steel.eu\/?s={search_term_string}"},"query-input":{"@type":"PropertyValueSpecification","valueRequired":true,"valueName":"search_term_string"}}],"inLanguage":"nb-NO"},{"@type":"Organization","@id":"https:\/\/com.rst-steel.eu\/#organization","name":"RST-Steel Oy","url":"https:\/\/com.rst-steel.eu\/","logo":{"@type":"ImageObject","inLanguage":"nb-NO","@id":"https:\/\/com.rst-steel.eu\/#\/schema\/logo\/image\/","url":"https:\/\/com.rst-steel.eu\/wp-content\/uploads\/2023\/04\/cropped-Rst-logo-valkoinen-teksti-3.png","contentUrl":"https:\/\/com.rst-steel.eu\/wp-content\/uploads\/2023\/04\/cropped-Rst-logo-valkoinen-teksti-3.png","width":512,"height":115,"caption":"RST-Steel Oy"},"image":{"@id":"https:\/\/com.rst-steel.eu\/#\/schema\/logo\/image\/"},"sameAs":["https:\/\/www.facebook.com\/rststeel","https:\/\/www.instagram.com\/rststeeloy\/"]}]}},"brands":[{"id":8334,"name":"RST-Steel","slug":"brand_rststeel"}],"_links":{"self":[{"href":"https:\/\/com.rst-steel.eu\/nb\/wp-json\/wp\/v2\/product\/47501","targetHints":{"allow":["GET"]}}],"collection":[{"href":"https:\/\/com.rst-steel.eu\/nb\/wp-json\/wp\/v2\/product"}],"about":[{"href":"https:\/\/com.rst-steel.eu\/nb\/wp-json\/wp\/v2\/types\/product"}],"replies":[{"embeddable":true,"href":"https:\/\/com.rst-steel.eu\/nb\/wp-json\/wp\/v2\/comments?post=47501"}],"version-history":[{"count":0,"href":"https:\/\/com.rst-steel.eu\/nb\/wp-json\/wp\/v2\/product\/47501\/revisions"}],"wp:featuredmedia":[{"embeddable":true,"href":"https:\/\/com.rst-steel.eu\/nb\/wp-json\/wp\/v2\/media\/119674"}],"wp:attachment":[{"href":"https:\/\/com.rst-steel.eu\/nb\/wp-json\/wp\/v2\/media?parent=47501"}],"wp:term":[{"taxonomy":"make_fuel_type","embeddable":true,"href":"https:\/\/com.rst-steel.eu\/nb\/wp-json\/wp\/v2\/make_fuel_type?post=47501"},{"taxonomy":"make_model","embeddable":true,"href":"https:\/\/com.rst-steel.eu\/nb\/wp-json\/wp\/v2\/make_model?post=47501"},{"taxonomy":"make_brand","embeddable":true,"href":"https:\/\/com.rst-steel.eu\/nb\/wp-json\/wp\/v2\/make_brand?post=47501"},{"taxonomy":"make_year","embeddable":true,"href":"https:\/\/com.rst-steel.eu\/nb\/wp-json\/wp\/v2\/make_year?post=47501"},{"taxonomy":"pwb-brand","embeddable":true,"href":"https:\/\/com.rst-steel.eu\/nb\/wp-json\/wp\/v2\/pwb-brand?post=47501"},{"taxonomy":"product_brand","embeddable":true,"href":"https:\/\/com.rst-steel.eu\/nb\/wp-json\/wp\/v2\/product_brand?post=47501"},{"taxonomy":"product_cat","embeddable":true,"href":"https:\/\/com.rst-steel.eu\/nb\/wp-json\/wp\/v2\/product_cat?post=47501"},{"taxonomy":"product_tag","embeddable":true,"href":"https:\/\/com.rst-steel.eu\/nb\/wp-json\/wp\/v2\/product_tag?post=47501"}],"curies":[{"name":"wp","href":"https:\/\/api.w.org\/{rel}","templated":true}]}}