{"id":46949,"date":"2024-09-27T11:53:05","date_gmt":"2024-09-27T08:53:05","guid":{"rendered":"https:\/\/rst-steel.com\/product\/roof-bar-man-tgx-gx-2021-_prm_66295\/"},"modified":"2026-03-16T09:18:00","modified_gmt":"2026-03-16T06:18:00","slug":"roof-bar-man-tgx-gx-2021-_prm_66295","status":"publish","type":"product","link":"https:\/\/com.rst-steel.eu\/nb\/produkt\/roof-bar-man-tgx-gx-2021-_prm_66295\/","title":{"rendered":"Roof Bar MAN TGX GX 2021-"},"content":{"rendered":"<p>Roof Bar MAN TGX GX 2021-<\/p>\n<p><\/p>\n<p><span style=\"font-weight: bold\">Do you need a reliable and stylish solution for mounting auxiliary lights on your MAN truck?<\/span><\/p>\n<p><\/p>\n<p>Takb\u00f8yle designet spesielt for \u00e5 m\u00f8te dine behov!<\/p>\n<p><\/p>\n<p>RST-Steels takb\u00f8yler er h\u00f8ykvalitetsprodukter laget av rustfritt st\u00e5l. Takb\u00f8ylen fremhever f\u00f8rerhusets stilige linjer og gj\u00f8r det mulig \u00e5 montere Lazer ekstralys for \u00f8kt sikkerhet. <\/p>\n<p><\/p>\n<p><span style=\"font-weight: bold\">This model accommodates 3pcs. Lazer Triple-R 1000 or 6pcs. Lazer Sentinel 9\u201d auxiliary lights.<\/span><\/p>\n<p><\/p>\n<p><\/p>\n<p><span style=\"font-weight: bold\">Egenskaper:<\/span><\/p>\n<ul>\n<li>Kompatibilitet: Spesielt utviklet for MAN TGX 2021-modeller med GX-f\u00f8rerhus, noe som sikrer rask og enkel installasjon.<\/li>\n<li>Materialer: Laget av slitesterkt rustfritt st\u00e5l, som gir lang levetid og utmerket v\u00e6rbestandighet.<\/li>\n<li>Stilig design: Polert eller lakkert finish og elegant design som fremhever lastebilens utseende.<\/li>\n<li>Lysmontering: Takb\u00f8ylen gir enkel montering av flere ekstralys, noe som forbedrer belysningen betydelig.<\/li>\n<li>Sikkerhet: \u00d8ker synligheten i m\u00f8rke og krevende kj\u00f8reforhold, og gir \u00f8kt sikkerhet for b\u00e5de sj\u00e5f\u00f8r og andre trafikanter.<\/li>\n<\/ul>\n<p><\/p>\n<p><span style=\"font-weight: bold\">Hvorfor velge RST-Steel?<\/span><\/p>\n<ul>\n<li>Reliability: Years of experience and expertise ensure the high quality and durability of our products.<\/li>\n<li>Customer Satisfaction: Thousands of satisfied customers worldwide trust RST-Steel products.<\/li>\n<\/ul>\n<p><\/p>\n<p><span style=\"font-weight: bold\">Tekniske spesifikasjoner:<\/span><\/p>\n<ul>\n<li>Farge: Speilpolert rustfritt st\u00e5l eller pulverlakkert med RAL-farger<\/li>\n<li>Pipe Diameter: 76 mm<\/li>\n<li>Lampebeslag 6 stk.<\/li>\n<\/ul>\n<p><\/p>\n<p><span style=\"font-weight: bold\">Pakken inneholder:<\/span><\/p>\n<ul>\n<li>Takb\u00f8yle<\/li>\n<li>Monteringsbraketter kreves for installasjon<\/li>\n<li>Installasjonsinstruksjoner<\/li>\n<\/ul>\n<p><\/p>\n<p><span style=\"font-weight: bold\">Kj\u00f8p n\u00e5 og \u00f8k b\u00e5de synlighet og sikkerhet med en takb\u00f8yle av h\u00f8y kvalitet!<\/span><\/p>\n<p><\/p>\n<p>Get the roof bar for MAN TGX 2021- models today and elevate the functionality and appearance of your truck to a new level! Order now from RST-Steel online store and take advantage of fast delivery.<\/p>\n<p><\/p>\n<p><span style=\"font-weight: bold\">RST-Steel \u2013 Din p\u00e5litelige partner p\u00e5 veien<\/span><\/p>","protected":false},"excerpt":{"rendered":"<p><span style=\"font-weight: 700\">Forbedre sikten og sikkerheten med en takb\u00f8yle av h\u00f8y kvalitet!<\/span><\/p>","protected":false},"featured_media":46947,"comment_status":"open","ping_status":"closed","template":"","meta":{"_improvement_type_select":"improve_an_existing","_thumb_yes_seoaic":false,"_frame_yes_seoaic":false,"seoaic_generate_description":"","seoaic_improve_instructions_prompt":"","seoaic_rollback_content_improvement":"","seoaic_idea_thumbnail_generator":"","thumbnail_generated":false,"thumbnail_generate_prompt":"","seoaic_article_description":""},"make_fuel_type":[],"make_model":[5664],"make_brand":[6641],"make_year":[3748],"pwb-brand":[8334],"product_brand":[],"product_cat":[6057,6058,7170],"product_tag":[8499,7549],"class_list":{"0":"post-46949","1":"product","2":"type-product","3":"status-publish","4":"has-post-thumbnail","6":"make_engine-ma21-gx-cab","7":"make_model-tgx-2021","8":"make_brand-man-truck","9":"make_year-trucks","10":"pwb-brand-brand_rststeel","11":"product_cat-lightbars","12":"product_cat-roofbars-for-trucks","13":"product_cat-man-ka-lt","14":"product_tag-man","15":"product_tag-takbage","16":"product_shipping_class-lightbars","18":"first","19":"instock","20":"taxable","21":"shipping-taxable","22":"purchasable","23":"product-type-variable"},"yoast_head":"<!-- This site is optimized with the Yoast SEO plugin v25.7 - https:\/\/yoast.com\/wordpress\/plugins\/seo\/ -->\n<title>Roof Bar MAN TGX GX 2021- RST-Steel<\/title>\n<meta name=\"description\" content=\"Get the roof bar for MAN TGX\u00a0GX 2021- models today and elevate the functionality and appearance of your truck to a new level!\" \/>\n<meta name=\"robots\" content=\"index, follow, max-snippet:-1, max-image-preview:large, max-video-preview:-1\" \/>\n<link rel=\"canonical\" href=\"https:\/\/com.rst-steel.eu\/nb\/produkt\/roof-bar-man-tgx-gx-2021-_prm_66295\/\" \/>\n<meta property=\"og:locale\" content=\"nb_NO\" \/>\n<meta property=\"og:type\" content=\"article\" \/>\n<meta property=\"og:title\" content=\"Roof Bar MAN TGX GX 2021- RST-Steel\" \/>\n<meta property=\"og:description\" content=\"Get the roof bar for MAN TGX\u00a0GX 2021- models today and elevate the functionality and appearance of your truck to a new level!\" \/>\n<meta property=\"og:url\" content=\"https:\/\/com.rst-steel.eu\/nb\/produkt\/roof-bar-man-tgx-gx-2021-_prm_66295\/\" \/>\n<meta property=\"og:site_name\" content=\"RST-Steel\" \/>\n<meta property=\"article:publisher\" content=\"https:\/\/www.facebook.com\/rststeel\" \/>\n<meta property=\"article:modified_time\" content=\"2026-03-16T06:18:00+00:00\" \/>\n<meta property=\"og:image\" content=\"https:\/\/com.rst-steel.eu\/wp-content\/uploads\/2024\/09\/e2c0974ad24773ff40d434156fc2a0af9961e190_MA2102A.jpg\" \/>\n\t<meta property=\"og:image:width\" content=\"2000\" \/>\n\t<meta property=\"og:image:height\" content=\"1499\" \/>\n\t<meta property=\"og:image:type\" content=\"image\/jpeg\" \/>\n<meta name=\"twitter:card\" content=\"summary_large_image\" \/>\n<meta name=\"twitter:label1\" content=\"Ansl. lesetid\" \/>\n\t<meta name=\"twitter:data1\" content=\"2 minutter\" \/>\n<script type=\"application\/ld+json\" class=\"yoast-schema-graph\">{\"@context\":\"https:\/\/schema.org\",\"@graph\":[{\"@type\":\"WebPage\",\"@id\":\"https:\/\/com.rst-steel.eu\/nb\/produkt\/roof-bar-man-tgx-gx-2021-_prm_66295\/\",\"url\":\"https:\/\/com.rst-steel.eu\/nb\/produkt\/roof-bar-man-tgx-gx-2021-_prm_66295\/\",\"name\":\"Roof Bar MAN TGX GX 2021- RST-Steel\",\"isPartOf\":{\"@id\":\"https:\/\/com.rst-steel.eu\/#website\"},\"primaryImageOfPage\":{\"@id\":\"https:\/\/com.rst-steel.eu\/nb\/produkt\/roof-bar-man-tgx-gx-2021-_prm_66295\/#primaryimage\"},\"image\":{\"@id\":\"https:\/\/com.rst-steel.eu\/nb\/produkt\/roof-bar-man-tgx-gx-2021-_prm_66295\/#primaryimage\"},\"thumbnailUrl\":\"https:\/\/com.rst-steel.eu\/wp-content\/uploads\/2024\/09\/e2c0974ad24773ff40d434156fc2a0af9961e190_MA2102A.jpg\",\"datePublished\":\"2024-09-27T08:53:05+00:00\",\"dateModified\":\"2026-03-16T06:18:00+00:00\",\"description\":\"Get the roof bar for MAN TGX\u00a0GX 2021- models today and elevate the functionality and appearance of your truck to a new level!\",\"breadcrumb\":{\"@id\":\"https:\/\/com.rst-steel.eu\/nb\/produkt\/roof-bar-man-tgx-gx-2021-_prm_66295\/#breadcrumb\"},\"inLanguage\":\"nb-NO\",\"potentialAction\":[{\"@type\":\"ReadAction\",\"target\":[\"https:\/\/com.rst-steel.eu\/nb\/produkt\/roof-bar-man-tgx-gx-2021-_prm_66295\/\"]}]},{\"@type\":\"ImageObject\",\"inLanguage\":\"nb-NO\",\"@id\":\"https:\/\/com.rst-steel.eu\/nb\/produkt\/roof-bar-man-tgx-gx-2021-_prm_66295\/#primaryimage\",\"url\":\"https:\/\/com.rst-steel.eu\/wp-content\/uploads\/2024\/09\/e2c0974ad24773ff40d434156fc2a0af9961e190_MA2102A.jpg\",\"contentUrl\":\"https:\/\/com.rst-steel.eu\/wp-content\/uploads\/2024\/09\/e2c0974ad24773ff40d434156fc2a0af9961e190_MA2102A.jpg\",\"width\":2000,\"height\":1499,\"caption\":\"Roof Bar MAN TGX GX 2021-\"},{\"@type\":\"BreadcrumbList\",\"@id\":\"https:\/\/com.rst-steel.eu\/nb\/produkt\/roof-bar-man-tgx-gx-2021-_prm_66295\/#breadcrumb\",\"itemListElement\":[{\"@type\":\"ListItem\",\"position\":1,\"name\":\"Home\",\"item\":\"https:\/\/com.rst-steel.eu\/\"},{\"@type\":\"ListItem\",\"position\":2,\"name\":\"RST-Steel Shop\",\"item\":\"https:\/\/com.rst-steel.eu\/shop\/\"},{\"@type\":\"ListItem\",\"position\":3,\"name\":\"Roof Bar MAN TGX GX 2021-\"}]},{\"@type\":\"WebSite\",\"@id\":\"https:\/\/com.rst-steel.eu\/#website\",\"url\":\"https:\/\/com.rst-steel.eu\/\",\"name\":\"RST-Steel.com\",\"description\":\"Finnish quality steel, for quality-conscious drivers\",\"publisher\":{\"@id\":\"https:\/\/com.rst-steel.eu\/#organization\"},\"alternateName\":\"Safe and stylish RST-Steel quality\",\"potentialAction\":[{\"@type\":\"SearchAction\",\"target\":{\"@type\":\"EntryPoint\",\"urlTemplate\":\"https:\/\/com.rst-steel.eu\/?s={search_term_string}\"},\"query-input\":{\"@type\":\"PropertyValueSpecification\",\"valueRequired\":true,\"valueName\":\"search_term_string\"}}],\"inLanguage\":\"nb-NO\"},{\"@type\":\"Organization\",\"@id\":\"https:\/\/com.rst-steel.eu\/#organization\",\"name\":\"RST-Steel Oy\",\"url\":\"https:\/\/com.rst-steel.eu\/\",\"logo\":{\"@type\":\"ImageObject\",\"inLanguage\":\"nb-NO\",\"@id\":\"https:\/\/com.rst-steel.eu\/#\/schema\/logo\/image\/\",\"url\":\"https:\/\/com.rst-steel.eu\/wp-content\/uploads\/2023\/04\/cropped-Rst-logo-valkoinen-teksti-3.png\",\"contentUrl\":\"https:\/\/com.rst-steel.eu\/wp-content\/uploads\/2023\/04\/cropped-Rst-logo-valkoinen-teksti-3.png\",\"width\":512,\"height\":115,\"caption\":\"RST-Steel Oy\"},\"image\":{\"@id\":\"https:\/\/com.rst-steel.eu\/#\/schema\/logo\/image\/\"},\"sameAs\":[\"https:\/\/www.facebook.com\/rststeel\",\"https:\/\/www.instagram.com\/rststeeloy\/\"]}]}<\/script>\n<!-- \/ Yoast SEO plugin. -->","yoast_head_json":{"title":"Takstang MAN TGX GX 2021- RST-Steel","description":"Skaff deg takb\u00f8ylen til MAN TGX GX 2021- modeller i dag og l\u00f8ft funksjonaliteten og utseendet til lastebilen din til et nytt niv\u00e5!","robots":{"index":"index","follow":"follow","max-snippet":"max-snippet:-1","max-image-preview":"max-image-preview:large","max-video-preview":"max-video-preview:-1"},"canonical":"https:\/\/com.rst-steel.eu\/nb\/produkt\/roof-bar-man-tgx-gx-2021-_prm_66295\/","og_locale":"nb_NO","og_type":"article","og_title":"Roof Bar MAN TGX GX 2021- RST-Steel","og_description":"Get the roof bar for MAN TGX\u00a0GX 2021- models today and elevate the functionality and appearance of your truck to a new level!","og_url":"https:\/\/com.rst-steel.eu\/nb\/produkt\/roof-bar-man-tgx-gx-2021-_prm_66295\/","og_site_name":"RST-Steel","article_publisher":"https:\/\/www.facebook.com\/rststeel","article_modified_time":"2026-03-16T06:18:00+00:00","og_image":[{"width":2000,"height":1499,"url":"https:\/\/com.rst-steel.eu\/wp-content\/uploads\/2024\/09\/e2c0974ad24773ff40d434156fc2a0af9961e190_MA2102A.jpg","type":"image\/jpeg"}],"twitter_card":"summary_large_image","twitter_misc":{"Ansl. lesetid":"2 minutter"},"schema":{"@context":"https:\/\/schema.org","@graph":[{"@type":"WebPage","@id":"https:\/\/com.rst-steel.eu\/nb\/produkt\/roof-bar-man-tgx-gx-2021-_prm_66295\/","url":"https:\/\/com.rst-steel.eu\/nb\/produkt\/roof-bar-man-tgx-gx-2021-_prm_66295\/","name":"Takstang MAN TGX GX 2021- RST-Steel","isPartOf":{"@id":"https:\/\/com.rst-steel.eu\/#website"},"primaryImageOfPage":{"@id":"https:\/\/com.rst-steel.eu\/nb\/produkt\/roof-bar-man-tgx-gx-2021-_prm_66295\/#primaryimage"},"image":{"@id":"https:\/\/com.rst-steel.eu\/nb\/produkt\/roof-bar-man-tgx-gx-2021-_prm_66295\/#primaryimage"},"thumbnailUrl":"https:\/\/com.rst-steel.eu\/wp-content\/uploads\/2024\/09\/e2c0974ad24773ff40d434156fc2a0af9961e190_MA2102A.jpg","datePublished":"2024-09-27T08:53:05+00:00","dateModified":"2026-03-16T06:18:00+00:00","description":"Skaff deg takb\u00f8ylen til MAN TGX GX 2021- modeller i dag og l\u00f8ft funksjonaliteten og utseendet til lastebilen din til et nytt niv\u00e5!","breadcrumb":{"@id":"https:\/\/com.rst-steel.eu\/nb\/produkt\/roof-bar-man-tgx-gx-2021-_prm_66295\/#breadcrumb"},"inLanguage":"nb-NO","potentialAction":[{"@type":"ReadAction","target":["https:\/\/com.rst-steel.eu\/nb\/produkt\/roof-bar-man-tgx-gx-2021-_prm_66295\/"]}]},{"@type":"ImageObject","inLanguage":"nb-NO","@id":"https:\/\/com.rst-steel.eu\/nb\/produkt\/roof-bar-man-tgx-gx-2021-_prm_66295\/#primaryimage","url":"https:\/\/com.rst-steel.eu\/wp-content\/uploads\/2024\/09\/e2c0974ad24773ff40d434156fc2a0af9961e190_MA2102A.jpg","contentUrl":"https:\/\/com.rst-steel.eu\/wp-content\/uploads\/2024\/09\/e2c0974ad24773ff40d434156fc2a0af9961e190_MA2102A.jpg","width":2000,"height":1499,"caption":"Roof Bar MAN TGX GX 2021-"},{"@type":"BreadcrumbList","@id":"https:\/\/com.rst-steel.eu\/nb\/produkt\/roof-bar-man-tgx-gx-2021-_prm_66295\/#breadcrumb","itemListElement":[{"@type":"ListItem","position":1,"name":"Home","item":"https:\/\/com.rst-steel.eu\/"},{"@type":"ListItem","position":2,"name":"RST-Steel Shop","item":"https:\/\/com.rst-steel.eu\/shop\/"},{"@type":"ListItem","position":3,"name":"Roof Bar MAN TGX GX 2021-"}]},{"@type":"WebSite","@id":"https:\/\/com.rst-steel.eu\/#website","url":"https:\/\/com.rst-steel.eu\/","name":"RST-Steel.com","description":"Finsk kvalitetsst\u00e5l, for kvalitetsbevisste sj\u00e5f\u00f8rer","publisher":{"@id":"https:\/\/com.rst-steel.eu\/#organization"},"alternateName":"Safe and stylish RST-Steel quality","potentialAction":[{"@type":"SearchAction","target":{"@type":"EntryPoint","urlTemplate":"https:\/\/com.rst-steel.eu\/?s={search_term_string}"},"query-input":{"@type":"PropertyValueSpecification","valueRequired":true,"valueName":"search_term_string"}}],"inLanguage":"nb-NO"},{"@type":"Organization","@id":"https:\/\/com.rst-steel.eu\/#organization","name":"RST-Steel Oy","url":"https:\/\/com.rst-steel.eu\/","logo":{"@type":"ImageObject","inLanguage":"nb-NO","@id":"https:\/\/com.rst-steel.eu\/#\/schema\/logo\/image\/","url":"https:\/\/com.rst-steel.eu\/wp-content\/uploads\/2023\/04\/cropped-Rst-logo-valkoinen-teksti-3.png","contentUrl":"https:\/\/com.rst-steel.eu\/wp-content\/uploads\/2023\/04\/cropped-Rst-logo-valkoinen-teksti-3.png","width":512,"height":115,"caption":"RST-Steel Oy"},"image":{"@id":"https:\/\/com.rst-steel.eu\/#\/schema\/logo\/image\/"},"sameAs":["https:\/\/www.facebook.com\/rststeel","https:\/\/www.instagram.com\/rststeeloy\/"]}]}},"brands":[{"id":8334,"name":"RST-Steel","slug":"brand_rststeel"}],"_links":{"self":[{"href":"https:\/\/com.rst-steel.eu\/nb\/wp-json\/wp\/v2\/product\/46949","targetHints":{"allow":["GET"]}}],"collection":[{"href":"https:\/\/com.rst-steel.eu\/nb\/wp-json\/wp\/v2\/product"}],"about":[{"href":"https:\/\/com.rst-steel.eu\/nb\/wp-json\/wp\/v2\/types\/product"}],"replies":[{"embeddable":true,"href":"https:\/\/com.rst-steel.eu\/nb\/wp-json\/wp\/v2\/comments?post=46949"}],"version-history":[{"count":0,"href":"https:\/\/com.rst-steel.eu\/nb\/wp-json\/wp\/v2\/product\/46949\/revisions"}],"wp:featuredmedia":[{"embeddable":true,"href":"https:\/\/com.rst-steel.eu\/nb\/wp-json\/wp\/v2\/media\/46947"}],"wp:attachment":[{"href":"https:\/\/com.rst-steel.eu\/nb\/wp-json\/wp\/v2\/media?parent=46949"}],"wp:term":[{"taxonomy":"make_fuel_type","embeddable":true,"href":"https:\/\/com.rst-steel.eu\/nb\/wp-json\/wp\/v2\/make_fuel_type?post=46949"},{"taxonomy":"make_model","embeddable":true,"href":"https:\/\/com.rst-steel.eu\/nb\/wp-json\/wp\/v2\/make_model?post=46949"},{"taxonomy":"make_brand","embeddable":true,"href":"https:\/\/com.rst-steel.eu\/nb\/wp-json\/wp\/v2\/make_brand?post=46949"},{"taxonomy":"make_year","embeddable":true,"href":"https:\/\/com.rst-steel.eu\/nb\/wp-json\/wp\/v2\/make_year?post=46949"},{"taxonomy":"pwb-brand","embeddable":true,"href":"https:\/\/com.rst-steel.eu\/nb\/wp-json\/wp\/v2\/pwb-brand?post=46949"},{"taxonomy":"product_brand","embeddable":true,"href":"https:\/\/com.rst-steel.eu\/nb\/wp-json\/wp\/v2\/product_brand?post=46949"},{"taxonomy":"product_cat","embeddable":true,"href":"https:\/\/com.rst-steel.eu\/nb\/wp-json\/wp\/v2\/product_cat?post=46949"},{"taxonomy":"product_tag","embeddable":true,"href":"https:\/\/com.rst-steel.eu\/nb\/wp-json\/wp\/v2\/product_tag?post=46949"}],"curies":[{"name":"wp","href":"https:\/\/api.w.org\/{rel}","templated":true}]}}