{"id":46895,"date":"2024-09-27T11:40:15","date_gmt":"2024-09-27T08:40:15","guid":{"rendered":"https:\/\/rst-steel.com\/product\/front-spoiler-bar-daf-xfc-22-offroad-bumper_prm_72504\/"},"modified":"2026-03-16T09:17:46","modified_gmt":"2026-03-16T06:17:46","slug":"spoilerstang-foran-daf-xfc-22-offroad-stotfanger_prm_72504","status":"publish","type":"product","link":"https:\/\/com.rst-steel.eu\/nb\/produkt\/spoilerstang-foran-daf-xfc-22-offroad-stotfanger_prm_72504\/","title":{"rendered":"Frontspoiler bar DAF XFC 22-&gt; Offroad st\u00f8tfanger"},"content":{"rendered":"<p>Frontspoiler bar DAF XFC 22-&gt; Offroad st\u00f8tfanger<\/p>\n<p><\/p>\n<p><span style=\"font-weight: bold\">Are you looking for reliable and stylish protection for the front bumper of your truck? <\/span><\/p>\n<p><\/p>\n<p>En frontspoiler av h\u00f8y kvalitet er akkurat det du trenger. Denne frontspoileren er laget av slitesterkt st\u00e5l og gir utmerket beskyttelse for fronten p\u00e5 bilen din, samtidig som den gir den et sl\u00e5ende utseende.<\/p>\n<p><\/p>\n<p><span style=\"font-weight: bold\">MERK! lastebilen m\u00e5 ha en offroad-st\u00f8tfanger!<\/span><\/p>\n<p><\/p>\n<p><span style=\"font-weight: bold\">Hvorfor velge en frontspoiler for DAF XFC 2022-modeller?<\/span><\/p>\n<ul>\n<li>Materiale av f\u00f8rsteklasses kvalitet: Laget av slitesterkt rustfritt st\u00e5l som t\u00e5ler de t\u00f8ffeste forhold.<\/li>\n<li>Perfekt passform: Spesielt utviklet for DAF XFC 2022-modeller, noe som sikrer perfekt passform og enkel montering.<\/li>\n<li>Stilig utseende: Skinnende eller lakkert st\u00e5lfinish fremhever lastebilens utseende og gir den et profesjonelt og moderne utseende.<\/li>\n<li>Forbedret beskyttelse: Beskytter st\u00f8tfangeren foran mot bulker, riper og andre skader, noe som forlenger bilens levetid.<\/li>\n<\/ul>\n<p>&nbsp;<\/p>\n<p><span style=\"font-weight: bold\">Egenskaper:<\/span><\/p>\n<ul>\n<li>Materiale: Rustfritt st\u00e5l<\/li>\n<li>Kompatibilitet: DAF XFC 2022-modeller med Offroad-st\u00f8tfanger<\/li>\n<li>Installasjon: Enkel \u00e5 installere, inkludert installasjonsinstruksjoner og n\u00f8dvendige beslag<\/li>\n<li>Holdbarhet: Utmerket korrosjonsbestandighet og lang levetid<\/li>\n<\/ul>\n<p>&nbsp;<\/p>\n<p><span style=\"font-weight: bold\">Tekniske spesifikasjoner:<\/span><\/p>\n<ul>\n<li>Farge: Speilpolert rustfritt st\u00e5l eller pulverlakkert med RAL-farger<\/li>\n<li>R\u00f8rdiametre: 60 mm \/ 42 mm<\/li>\n<li>Enkel installasjon<\/li>\n<\/ul>\n<p>&nbsp;<\/p>\n<p><span style=\"font-weight: bold\">Innhold i leveransen:<\/span><\/p>\n<ul>\n<li>Spoilerstang foran<\/li>\n<li>N\u00f8dvendige beslag for installasjon<\/li>\n<li>Installasjonsinstruksjoner<\/li>\n<\/ul>\n<p>&nbsp;<\/p>\n<p><span style=\"font-weight: bold\">Bestill n\u00e5 og forbedre beskyttelsen av lastebilen din <\/span><\/p>\n<p><\/p>\n<p>Ikke vent, bestill frontspoilerbjelken til DAF XFC 2022-modeller med Offroad-st\u00f8tfanger i dag og gi lastebilen din best mulig beskyttelse. Denne investeringen l\u00f8nner seg i form av lengre levetid og reduserte reparasjonskostnader.<\/p>","protected":false},"excerpt":{"rendered":"<p><span style=\"font-weight: bold\">Bestill n\u00e5 og forbedre beskyttelsen av lastebilen din!<\/span><\/p>","protected":false},"featured_media":46894,"comment_status":"open","ping_status":"closed","template":"","meta":{"_improvement_type_select":"improve_an_existing","_thumb_yes_seoaic":false,"_frame_yes_seoaic":false,"seoaic_generate_description":"","seoaic_improve_instructions_prompt":"","seoaic_rollback_content_improvement":"","seoaic_idea_thumbnail_generator":"","thumbnail_generated":false,"thumbnail_generate_prompt":"","seoaic_article_description":""},"make_fuel_type":[],"make_model":[],"make_brand":[5268],"make_year":[3748],"pwb-brand":[8334],"product_brand":[],"product_cat":[6092,6093,7295],"product_tag":[],"class_list":{"0":"post-46895","1":"product","2":"type-product","3":"status-publish","4":"has-post-thumbnail","6":"make_brand-daf","7":"make_year-trucks","8":"pwb-brand-brand_rststeel","9":"product_cat-front-spoiler-bars","10":"product_cat-front-spoiler-bars-for-trucks","11":"product_cat-daf-ep-ka","12":"product_shipping_class-lightbars","14":"first","15":"onbackorder","16":"taxable","17":"shipping-taxable","18":"purchasable","19":"product-type-variable"},"yoast_head":"<!-- This site is optimized with the Yoast SEO plugin v25.7 - https:\/\/yoast.com\/wordpress\/plugins\/seo\/ -->\n<title>Front Spoiler Bar DAF XFC 22-&gt; Offroad bumper - RST-Steel<\/title>\n<meta name=\"description\" content=\"Order the front spoiler bar for DAF XFC 2022- models with a Offroad bumper today and give your truck the best possible protection!\" \/>\n<meta name=\"robots\" content=\"index, follow, max-snippet:-1, max-image-preview:large, max-video-preview:-1\" \/>\n<link rel=\"canonical\" href=\"https:\/\/com.rst-steel.eu\/nb\/produkt\/spoilerstang-foran-daf-xfc-22-offroad-stotfanger_prm_72504\/\" \/>\n<meta property=\"og:locale\" content=\"nb_NO\" \/>\n<meta property=\"og:type\" content=\"article\" \/>\n<meta property=\"og:title\" content=\"Front Spoiler Bar DAF XFC 22-&gt; Offroad bumper - RST-Steel\" \/>\n<meta property=\"og:description\" content=\"Order the front spoiler bar for DAF XFC 2022- models with a Offroad bumper today and give your truck the best possible protection!\" \/>\n<meta property=\"og:url\" content=\"https:\/\/com.rst-steel.eu\/nb\/produkt\/spoilerstang-foran-daf-xfc-22-offroad-stotfanger_prm_72504\/\" \/>\n<meta property=\"og:site_name\" content=\"RST-Steel\" \/>\n<meta property=\"article:publisher\" content=\"https:\/\/www.facebook.com\/rststeel\" \/>\n<meta property=\"article:modified_time\" content=\"2026-03-16T06:17:46+00:00\" \/>\n<meta property=\"og:image\" content=\"https:\/\/com.rst-steel.eu\/wp-content\/uploads\/2024\/09\/cdb12f1692b23ae754e451f3d4436097bcdb08ab_thumbnail_IMG_4976.jpg\" \/>\n\t<meta property=\"og:image:width\" content=\"1663\" \/>\n\t<meta property=\"og:image:height\" content=\"1213\" \/>\n\t<meta property=\"og:image:type\" content=\"image\/jpeg\" \/>\n<meta name=\"twitter:card\" content=\"summary_large_image\" \/>\n<meta name=\"twitter:label1\" content=\"Ansl. lesetid\" \/>\n\t<meta name=\"twitter:data1\" content=\"2 minutter\" \/>\n<script type=\"application\/ld+json\" class=\"yoast-schema-graph\">{\"@context\":\"https:\/\/schema.org\",\"@graph\":[{\"@type\":\"WebPage\",\"@id\":\"https:\/\/com.rst-steel.eu\/sv\/produkt\/framre-spoiler-bar-daf-xfc-22-offroad-stotfangare_prm_72504\/\",\"url\":\"https:\/\/com.rst-steel.eu\/sv\/produkt\/framre-spoiler-bar-daf-xfc-22-offroad-stotfangare_prm_72504\/\",\"name\":\"Front Spoiler Bar DAF XFC 22-&gt; Offroad bumper - RST-Steel\",\"isPartOf\":{\"@id\":\"https:\/\/com.rst-steel.eu\/#website\"},\"primaryImageOfPage\":{\"@id\":\"https:\/\/com.rst-steel.eu\/sv\/produkt\/framre-spoiler-bar-daf-xfc-22-offroad-stotfangare_prm_72504\/#primaryimage\"},\"image\":{\"@id\":\"https:\/\/com.rst-steel.eu\/sv\/produkt\/framre-spoiler-bar-daf-xfc-22-offroad-stotfangare_prm_72504\/#primaryimage\"},\"thumbnailUrl\":\"https:\/\/com.rst-steel.eu\/wp-content\/uploads\/2024\/09\/cdb12f1692b23ae754e451f3d4436097bcdb08ab_thumbnail_IMG_4976.jpg\",\"datePublished\":\"2024-09-27T08:40:15+00:00\",\"dateModified\":\"2026-03-16T06:17:46+00:00\",\"description\":\"Order the front spoiler bar for DAF XFC 2022- models with a Offroad bumper today and give your truck the best possible protection!\",\"breadcrumb\":{\"@id\":\"https:\/\/com.rst-steel.eu\/sv\/produkt\/framre-spoiler-bar-daf-xfc-22-offroad-stotfangare_prm_72504\/#breadcrumb\"},\"inLanguage\":\"nb-NO\",\"potentialAction\":[{\"@type\":\"ReadAction\",\"target\":[\"https:\/\/com.rst-steel.eu\/sv\/produkt\/framre-spoiler-bar-daf-xfc-22-offroad-stotfangare_prm_72504\/\"]}]},{\"@type\":\"ImageObject\",\"inLanguage\":\"nb-NO\",\"@id\":\"https:\/\/com.rst-steel.eu\/sv\/produkt\/framre-spoiler-bar-daf-xfc-22-offroad-stotfangare_prm_72504\/#primaryimage\",\"url\":\"https:\/\/com.rst-steel.eu\/wp-content\/uploads\/2024\/09\/cdb12f1692b23ae754e451f3d4436097bcdb08ab_thumbnail_IMG_4976.jpg\",\"contentUrl\":\"https:\/\/com.rst-steel.eu\/wp-content\/uploads\/2024\/09\/cdb12f1692b23ae754e451f3d4436097bcdb08ab_thumbnail_IMG_4976.jpg\",\"width\":1663,\"height\":1213,\"caption\":\"Front Spoiler Bar DAF XFC 22-&gt; Offroad bumper\"},{\"@type\":\"BreadcrumbList\",\"@id\":\"https:\/\/com.rst-steel.eu\/sv\/produkt\/framre-spoiler-bar-daf-xfc-22-offroad-stotfangare_prm_72504\/#breadcrumb\",\"itemListElement\":[{\"@type\":\"ListItem\",\"position\":1,\"name\":\"Home\",\"item\":\"https:\/\/com.rst-steel.eu\/\"},{\"@type\":\"ListItem\",\"position\":2,\"name\":\"RST-Steel Shop\",\"item\":\"https:\/\/com.rst-steel.eu\/shop\/\"},{\"@type\":\"ListItem\",\"position\":3,\"name\":\"Front Spoiler Bar DAF XFC 22-&gt; Offroad bumper\"}]},{\"@type\":\"WebSite\",\"@id\":\"https:\/\/com.rst-steel.eu\/#website\",\"url\":\"https:\/\/com.rst-steel.eu\/\",\"name\":\"RST-Steel.com\",\"description\":\"Finnish quality steel, for quality-conscious drivers\",\"publisher\":{\"@id\":\"https:\/\/com.rst-steel.eu\/#organization\"},\"alternateName\":\"Safe and stylish RST-Steel quality\",\"potentialAction\":[{\"@type\":\"SearchAction\",\"target\":{\"@type\":\"EntryPoint\",\"urlTemplate\":\"https:\/\/com.rst-steel.eu\/?s={search_term_string}\"},\"query-input\":{\"@type\":\"PropertyValueSpecification\",\"valueRequired\":true,\"valueName\":\"search_term_string\"}}],\"inLanguage\":\"nb-NO\"},{\"@type\":\"Organization\",\"@id\":\"https:\/\/com.rst-steel.eu\/#organization\",\"name\":\"RST-Steel Oy\",\"url\":\"https:\/\/com.rst-steel.eu\/\",\"logo\":{\"@type\":\"ImageObject\",\"inLanguage\":\"nb-NO\",\"@id\":\"https:\/\/com.rst-steel.eu\/#\/schema\/logo\/image\/\",\"url\":\"https:\/\/com.rst-steel.eu\/wp-content\/uploads\/2023\/04\/cropped-Rst-logo-valkoinen-teksti-3.png\",\"contentUrl\":\"https:\/\/com.rst-steel.eu\/wp-content\/uploads\/2023\/04\/cropped-Rst-logo-valkoinen-teksti-3.png\",\"width\":512,\"height\":115,\"caption\":\"RST-Steel Oy\"},\"image\":{\"@id\":\"https:\/\/com.rst-steel.eu\/#\/schema\/logo\/image\/\"},\"sameAs\":[\"https:\/\/www.facebook.com\/rststeel\",\"https:\/\/www.instagram.com\/rststeeloy\/\"]}]}<\/script>\n<!-- \/ Yoast SEO plugin. -->","yoast_head_json":{"title":"Frontspoilerstang DAF XFC 22-&gt; Offroad st\u00f8tfanger - RST-Steel","description":"Bestill frontspoiler for DAF XFC 2022-modeller med Offroad-st\u00f8tfanger i dag og gi lastebilen din best mulig beskyttelse!","robots":{"index":"index","follow":"follow","max-snippet":"max-snippet:-1","max-image-preview":"max-image-preview:large","max-video-preview":"max-video-preview:-1"},"canonical":"https:\/\/com.rst-steel.eu\/nb\/produkt\/spoilerstang-foran-daf-xfc-22-offroad-stotfanger_prm_72504\/","og_locale":"nb_NO","og_type":"article","og_title":"Front Spoiler Bar DAF XFC 22-&gt; Offroad bumper - RST-Steel","og_description":"Order the front spoiler bar for DAF XFC 2022- models with a Offroad bumper today and give your truck the best possible protection!","og_url":"https:\/\/com.rst-steel.eu\/nb\/produkt\/spoilerstang-foran-daf-xfc-22-offroad-stotfanger_prm_72504\/","og_site_name":"RST-Steel","article_publisher":"https:\/\/www.facebook.com\/rststeel","article_modified_time":"2026-03-16T06:17:46+00:00","og_image":[{"width":1663,"height":1213,"url":"https:\/\/com.rst-steel.eu\/wp-content\/uploads\/2024\/09\/cdb12f1692b23ae754e451f3d4436097bcdb08ab_thumbnail_IMG_4976.jpg","type":"image\/jpeg"}],"twitter_card":"summary_large_image","twitter_misc":{"Ansl. lesetid":"2 minutter"},"schema":{"@context":"https:\/\/schema.org","@graph":[{"@type":"WebPage","@id":"https:\/\/com.rst-steel.eu\/sv\/produkt\/framre-spoiler-bar-daf-xfc-22-offroad-stotfangare_prm_72504\/","url":"https:\/\/com.rst-steel.eu\/sv\/produkt\/framre-spoiler-bar-daf-xfc-22-offroad-stotfangare_prm_72504\/","name":"Frontspoilerstang DAF XFC 22-&gt; Offroad st\u00f8tfanger - RST-Steel","isPartOf":{"@id":"https:\/\/com.rst-steel.eu\/#website"},"primaryImageOfPage":{"@id":"https:\/\/com.rst-steel.eu\/sv\/produkt\/framre-spoiler-bar-daf-xfc-22-offroad-stotfangare_prm_72504\/#primaryimage"},"image":{"@id":"https:\/\/com.rst-steel.eu\/sv\/produkt\/framre-spoiler-bar-daf-xfc-22-offroad-stotfangare_prm_72504\/#primaryimage"},"thumbnailUrl":"https:\/\/com.rst-steel.eu\/wp-content\/uploads\/2024\/09\/cdb12f1692b23ae754e451f3d4436097bcdb08ab_thumbnail_IMG_4976.jpg","datePublished":"2024-09-27T08:40:15+00:00","dateModified":"2026-03-16T06:17:46+00:00","description":"Bestill frontspoiler for DAF XFC 2022-modeller med Offroad-st\u00f8tfanger i dag og gi lastebilen din best mulig beskyttelse!","breadcrumb":{"@id":"https:\/\/com.rst-steel.eu\/sv\/produkt\/framre-spoiler-bar-daf-xfc-22-offroad-stotfangare_prm_72504\/#breadcrumb"},"inLanguage":"nb-NO","potentialAction":[{"@type":"ReadAction","target":["https:\/\/com.rst-steel.eu\/sv\/produkt\/framre-spoiler-bar-daf-xfc-22-offroad-stotfangare_prm_72504\/"]}]},{"@type":"ImageObject","inLanguage":"nb-NO","@id":"https:\/\/com.rst-steel.eu\/sv\/produkt\/framre-spoiler-bar-daf-xfc-22-offroad-stotfangare_prm_72504\/#primaryimage","url":"https:\/\/com.rst-steel.eu\/wp-content\/uploads\/2024\/09\/cdb12f1692b23ae754e451f3d4436097bcdb08ab_thumbnail_IMG_4976.jpg","contentUrl":"https:\/\/com.rst-steel.eu\/wp-content\/uploads\/2024\/09\/cdb12f1692b23ae754e451f3d4436097bcdb08ab_thumbnail_IMG_4976.jpg","width":1663,"height":1213,"caption":"Front Spoiler Bar DAF XFC 22-&gt; Offroad bumper"},{"@type":"BreadcrumbList","@id":"https:\/\/com.rst-steel.eu\/sv\/produkt\/framre-spoiler-bar-daf-xfc-22-offroad-stotfangare_prm_72504\/#breadcrumb","itemListElement":[{"@type":"ListItem","position":1,"name":"Home","item":"https:\/\/com.rst-steel.eu\/"},{"@type":"ListItem","position":2,"name":"RST-Steel Shop","item":"https:\/\/com.rst-steel.eu\/shop\/"},{"@type":"ListItem","position":3,"name":"Front Spoiler Bar DAF XFC 22-&gt; Offroad bumper"}]},{"@type":"WebSite","@id":"https:\/\/com.rst-steel.eu\/#website","url":"https:\/\/com.rst-steel.eu\/","name":"RST-Steel.com","description":"Finsk kvalitetsst\u00e5l, for kvalitetsbevisste sj\u00e5f\u00f8rer","publisher":{"@id":"https:\/\/com.rst-steel.eu\/#organization"},"alternateName":"Safe and stylish RST-Steel quality","potentialAction":[{"@type":"SearchAction","target":{"@type":"EntryPoint","urlTemplate":"https:\/\/com.rst-steel.eu\/?s={search_term_string}"},"query-input":{"@type":"PropertyValueSpecification","valueRequired":true,"valueName":"search_term_string"}}],"inLanguage":"nb-NO"},{"@type":"Organization","@id":"https:\/\/com.rst-steel.eu\/#organization","name":"RST-Steel Oy","url":"https:\/\/com.rst-steel.eu\/","logo":{"@type":"ImageObject","inLanguage":"nb-NO","@id":"https:\/\/com.rst-steel.eu\/#\/schema\/logo\/image\/","url":"https:\/\/com.rst-steel.eu\/wp-content\/uploads\/2023\/04\/cropped-Rst-logo-valkoinen-teksti-3.png","contentUrl":"https:\/\/com.rst-steel.eu\/wp-content\/uploads\/2023\/04\/cropped-Rst-logo-valkoinen-teksti-3.png","width":512,"height":115,"caption":"RST-Steel Oy"},"image":{"@id":"https:\/\/com.rst-steel.eu\/#\/schema\/logo\/image\/"},"sameAs":["https:\/\/www.facebook.com\/rststeel","https:\/\/www.instagram.com\/rststeeloy\/"]}]}},"brands":[{"id":8334,"name":"RST-Steel","slug":"brand_rststeel"}],"_links":{"self":[{"href":"https:\/\/com.rst-steel.eu\/nb\/wp-json\/wp\/v2\/product\/46895","targetHints":{"allow":["GET"]}}],"collection":[{"href":"https:\/\/com.rst-steel.eu\/nb\/wp-json\/wp\/v2\/product"}],"about":[{"href":"https:\/\/com.rst-steel.eu\/nb\/wp-json\/wp\/v2\/types\/product"}],"replies":[{"embeddable":true,"href":"https:\/\/com.rst-steel.eu\/nb\/wp-json\/wp\/v2\/comments?post=46895"}],"version-history":[{"count":0,"href":"https:\/\/com.rst-steel.eu\/nb\/wp-json\/wp\/v2\/product\/46895\/revisions"}],"wp:featuredmedia":[{"embeddable":true,"href":"https:\/\/com.rst-steel.eu\/nb\/wp-json\/wp\/v2\/media\/46894"}],"wp:attachment":[{"href":"https:\/\/com.rst-steel.eu\/nb\/wp-json\/wp\/v2\/media?parent=46895"}],"wp:term":[{"taxonomy":"make_fuel_type","embeddable":true,"href":"https:\/\/com.rst-steel.eu\/nb\/wp-json\/wp\/v2\/make_fuel_type?post=46895"},{"taxonomy":"make_model","embeddable":true,"href":"https:\/\/com.rst-steel.eu\/nb\/wp-json\/wp\/v2\/make_model?post=46895"},{"taxonomy":"make_brand","embeddable":true,"href":"https:\/\/com.rst-steel.eu\/nb\/wp-json\/wp\/v2\/make_brand?post=46895"},{"taxonomy":"make_year","embeddable":true,"href":"https:\/\/com.rst-steel.eu\/nb\/wp-json\/wp\/v2\/make_year?post=46895"},{"taxonomy":"pwb-brand","embeddable":true,"href":"https:\/\/com.rst-steel.eu\/nb\/wp-json\/wp\/v2\/pwb-brand?post=46895"},{"taxonomy":"product_brand","embeddable":true,"href":"https:\/\/com.rst-steel.eu\/nb\/wp-json\/wp\/v2\/product_brand?post=46895"},{"taxonomy":"product_cat","embeddable":true,"href":"https:\/\/com.rst-steel.eu\/nb\/wp-json\/wp\/v2\/product_cat?post=46895"},{"taxonomy":"product_tag","embeddable":true,"href":"https:\/\/com.rst-steel.eu\/nb\/wp-json\/wp\/v2\/product_tag?post=46895"}],"curies":[{"name":"wp","href":"https:\/\/api.w.org\/{rel}","templated":true}]}}