{"id":46692,"date":"2024-09-25T13:39:43","date_gmt":"2024-09-25T10:39:43","guid":{"rendered":"https:\/\/rst-steel.com\/product\/lazer-utility-50-std_pr_80797\/"},"modified":"2026-03-16T09:17:41","modified_gmt":"2026-03-16T06:17:41","slug":"work-light-lazer-utility-50-std_pr_80797","status":"publish","type":"product","link":"https:\/\/com.rst-steel.eu\/nb\/produkt\/work-light-lazer-utility-50-std_pr_80797\/","title":{"rendered":"Work light Lazer Utility-50 STD"},"content":{"rendered":"<div>Lazer Utility-50 STD<\/div>\n<div><\/div>\n<div>Utility-50 er en middels kraftig LED-arbeidslykt med ytelse, stil, robusthet og funksjonalitet som matcher form og funksjon. Kjernen er 4 stk. kraftige 13 W LED-lamper med f\u00f8rsteklasses lysdioder som gir et h\u00f8yt belysningsniv\u00e5 som passer til en lang rekke bruksomr\u00e5der, kj\u00f8ret\u00f8y og maskintyper. Den n\u00f8ye utvalgte fargetemperaturen p\u00e5 5000K bidrar til \u00e5 definere lysutbyttet, som b\u00e5de er kraftig og behagelig \u00e5 bruke over lengre perioder, og som har vist seg \u00e5 optimalisere skarphet og definisjon mellom former og farger takket v\u00e6re den h\u00f8ye CRI (fargegjengivelsesindeksen).<\/div>\n<div><\/div>\n<div>Utility-50 kan levere mer enn bare en arbeidslykt med h\u00f8y ytelse. En versjon av Utility-50 er tilgjengelig med integrert r\u00f8dt baklys. Det r\u00f8de baklyset er godkjent i henhold til UNECE Reg 148-R1, og kjennetegnes av fire mark\u00f8rer i hvert hj\u00f8rne av lykten, noe som gir et unikt og stilig utseende i tillegg til de sikkerhetsmessige fordelene. I tillegg er en versjon av lykten med integrert gult blinklys tilgjengelig, godkjent i henhold til UNECE Reg 65, med eller uten den nevnte r\u00f8de baklysfunksjonen.<\/div>\n<div><\/div>\n<div>Med frontm\u00e5lene som deles med Utility-80 HD, 107 mm (h) x 107 mm (b), gir dette en indikasjon p\u00e5 lampens lyskompetanse, samtidig som den reduserte dybden p\u00e5 lampen gj\u00f8r installasjonen enklere. Den reduserte st\u00f8rrelsen g\u00e5r imidlertid ikke p\u00e5 bekostning av ytelsen, og lampen er n\u00f8ye designet og konstruert internt i Storbritannia for \u00e5 optimalisere lysutbyttet med tanke p\u00e5 varmeledningsevne, noe som er avgj\u00f8rende for \u00e5 bevare lampens levetid og problemfri bruk i mange \u00e5r. Styrken og p\u00e5liteligheten til Utility-50 forsterkes av ytterligere designfunksjoner og byggekvalitet som er et resultat av v\u00e5r produksjon i Storbritannia, inkludert: uknuselig polykarbonatlinse med hardcoat, EMC-beskyttelse - CISPR:25 (klasse 3 eller 5 tilgjengelig), korrosjonsbestandighet i bilindustrien som f\u00f8lge av v\u00e5rt interne forbehandlings- og pulverlakkeringsanlegg, samt IP68- og IP69K-godkjenning. Alt dette st\u00f8ttes av v\u00e5r omfattende 5-\u00e5rs garanti (2 \u00e5r for andre bruksomr\u00e5der enn bilindustrien).<\/div>\n<div><\/div>\n<div>Avhengig av hvilken modell som er valgt, leveres Utility-50 med Deutsch-hann-\/hunnkontakter (unntatt versjonen med b\u00e5de r\u00f8dt baklys og gult n\u00f8dlys). Utility-50 leveres ogs\u00e5 med et monteringssystem i satengsvartlakkert rustfritt st\u00e5l, med enten l\u00f8se M10-bolter og festeanordninger eller faste M10-bolter og festeanordninger, der sistnevnte i noen tilfeller forenkler installasjonen.<\/div>\n<div><\/div>\n<div><\/div>\n<div><span style=\"font-weight: bold\">Viktige funksjoner<\/span><\/div>\n<div><\/div>\n<div>\u2022<span>\t<\/span>Reg10 UNECE approved work light<\/div>\n<div>\u2022<span>\t<\/span>Optional red tail-light function available (UNECE Reg 148-R1)<\/div>\n<div>\u2022<span>\t<\/span>5000k colour temperature<\/div>\n<div>\u2022<span>\t<\/span>CAE optimised cooling system with Electronic Thermal Management<\/div>\n<div>\u2022<span>\t<\/span>Vacuum-metallised optics for superior light utilisation<\/div>\n<div>\u2022<span>\t<\/span>Supplied with versatile stainless steel mounting bracket and &nbsp;&nbsp;&nbsp;&nbsp;&nbsp;&nbsp;&nbsp;&nbsp;fasteners<\/div>\n<div>\u2022<span>\t<\/span>Fixed bolt \u2018fast-mount\u2019 solution available<\/div>\n<div>\u2022<span>\t<\/span>\u2018Unbreakable\u2019 polycarbonate lens with hardcoat<\/div>\n<div>\u2022<span>\t<\/span>Korrosjonsbestandighet i bilindustrien<\/div>\n<div>\u2022<span>\t<\/span>EMC protected- CISPR:25 (Class 3)<\/div>\n<div>\u2022<span>\t<\/span>IP68 \/ IP69k approved<\/div>\n<div>\u2022<span>\t<\/span>Overspenningsbeskyttet<\/div>\n<div>\u2022<span>\t<\/span>Beskyttet mot omvendt polaritet<\/div>\n<div>\u2022<span>\t<\/span>Includes male\/female Deutsch connectors<\/div>\n<div>\u2022<span>\t<\/span>Comprehensive range of lens covers available<\/div>\n<div>\u2022<span>\t<\/span>5year warranty (2year for non-automotive \/ industrial applications)<\/div>\n<div>\u2022<span>\t<\/span>Produsert i Storbritannia<\/div>\n<div><\/div>\n<div><\/div>\n<div><span style=\"font-weight: bold\">Tekniske spesifikasjoner:<\/span><\/div>\n<ul>\n<li>Voltage Range (DC): 10-32V<\/li>\n<li>LED Life<span>\t<\/span>50,000 hours<\/li>\n<li>Vekt: 0,65 kg<\/li>\n<\/ul>\n<p>&nbsp;<\/p>\n<p><span style=\"font-weight: bold\">Fjernlysfunksjon<\/span><\/p>\n<ul>\n<li>Total lysstr\u00f8m: 5 000 Lm<\/li>\n<li>Colour Temperature: 5000K<\/li>\n<li>Str\u00f8mforbruk: 50 watt<\/li>\n<li>Toppstr\u00f8mforbruk: 7,25 ampere<\/li>\n<li>Str\u00f8mforbruk (14,4 V): 3,6 ampere<\/li>\n<li>Kontakt: 2-pinners Deutsch DT (+28 cm kabel)<\/li>\n<\/ul>\n<p>&nbsp;<\/p>\n<p><span style=\"font-weight: bold\">DIMENSIONS<\/span><\/p>\n<ul>\n<li>Width<span>\t<\/span>104 mm<\/li>\n<li>Depth<span>\t<\/span>58 mm<\/li>\n<li>Height<span>\t<\/span>104 mm<\/li>\n<\/ul>\n<p>&nbsp;<\/p>\n<p><span style=\"font-weight: bold\">CERTIFICATION<\/span><\/p>\n<ul>\n<li>IP-klassifisering: IP68<\/li>\n<li>EMC-sertifisering: ECE R10<\/li>\n<li>EMC Protection: CISPR-25 (Class 3)<\/li>\n<li>Salt Spray Test<span>\t<\/span>ISO 9227<\/li>\n<li>Dump Load Protection<span>\t<\/span>ISO 7637-2<\/li>\n<\/ul>\n<p>&nbsp;<\/p>\n<p><span style=\"font-weight: bold\">OPERATING CONDITIONS<\/span><\/p>\n<ul>\n<li>Operating Temperature<span>\t<\/span>-40oC \u2026 +90oC<\/li>\n<li>Vibration (BS EN 60068)<span>\t<\/span>10Hz &gt; 1000Hz, 0.14&gt;20 (m\/s\u00b2)\u00b2\/Hz<\/li>\n<\/ul>\n<p>&nbsp;<\/p>\n<p><span style=\"font-weight: bold\">FOTOMETRISKE DATA<\/span><\/p>\n<p><span style=\"font-weight: bold\">Horizontal \/ Vertical Beam Angle&nbsp;&nbsp;&nbsp;&nbsp;80\u00b0 \/ 80\u00b0<\/span><\/p>\n<ul>\n<li>1 Lux<span>\t<\/span>71m<\/li>\n<li>5 Lux<span>\t<\/span>32m<\/li>\n<li>20 Lux<span>\t<\/span>16m<\/li>\n<li>50 Lux *<span>\t<\/span>10m<\/li>\n<\/ul>","protected":false},"excerpt":{"rendered":"<p><span style=\"font-weight: bold\">Et produktsortiment hvis uovertrufne kvalitet bare kan verdsettes fullt ut gjennom personlig erfaring!<\/span><\/p>","protected":false},"featured_media":46687,"comment_status":"open","ping_status":"closed","template":"","meta":{"_improvement_type_select":"improve_an_existing","_thumb_yes_seoaic":false,"_frame_yes_seoaic":false,"seoaic_generate_description":"","seoaic_improve_instructions_prompt":"","seoaic_rollback_content_improvement":"","seoaic_idea_thumbnail_generator":"","thumbnail_generated":false,"thumbnail_generate_prompt":"","seoaic_article_description":""},"make_fuel_type":[],"make_model":[],"make_brand":[],"make_year":[],"pwb-brand":[8332],"product_brand":[],"product_cat":[6195,6218,6219],"product_tag":[6298],"class_list":{"0":"post-46692","1":"product","2":"type-product","3":"status-publish","4":"has-post-thumbnail","6":"pwb-brand-brand_lazerlamps","7":"product_cat-lamps","8":"product_cat-work-lights","9":"product_cat-lazer-lamps-work-lights","10":"product_tag-lazer-lamps","12":"first","13":"instock","14":"taxable","15":"shipping-taxable","16":"purchasable","17":"product-type-simple"},"yoast_head":"<!-- This site is optimized with the Yoast SEO plugin v25.7 - https:\/\/yoast.com\/wordpress\/plugins\/seo\/ -->\n<title>Work light Lazer Utility-50 STD - RST-Steel<\/title>\n<meta name=\"description\" content=\"Lazer Utility-50 STD is a medium duty LED work light packed with performance, style, robustness, and functionality. Check out the product and order now!\" \/>\n<meta name=\"robots\" content=\"index, follow, max-snippet:-1, max-image-preview:large, max-video-preview:-1\" \/>\n<link rel=\"canonical\" href=\"https:\/\/com.rst-steel.eu\/nb\/produkt\/work-light-lazer-utility-50-std_pr_80797\/\" \/>\n<meta property=\"og:locale\" content=\"nb_NO\" \/>\n<meta property=\"og:type\" content=\"article\" \/>\n<meta property=\"og:title\" content=\"Work light Lazer Utility-50 STD - RST-Steel\" \/>\n<meta property=\"og:description\" content=\"Lazer Utility-50 STD is a medium duty LED work light packed with performance, style, robustness, and functionality. Check out the product and order now!\" \/>\n<meta property=\"og:url\" content=\"https:\/\/com.rst-steel.eu\/nb\/produkt\/work-light-lazer-utility-50-std_pr_80797\/\" \/>\n<meta property=\"og:site_name\" content=\"RST-Steel\" \/>\n<meta property=\"article:publisher\" content=\"https:\/\/www.facebook.com\/rststeel\" \/>\n<meta property=\"article:modified_time\" content=\"2026-03-16T06:17:41+00:00\" \/>\n<meta property=\"og:image\" content=\"https:\/\/com.rst-steel.eu\/wp-content\/uploads\/2024\/09\/438ec870e3d3fa7ae864298a92bde9907e4444d7_Utility_50_Standard_Front_HR-scaled.jpg\" \/>\n\t<meta property=\"og:image:width\" content=\"2560\" \/>\n\t<meta property=\"og:image:height\" content=\"1710\" \/>\n\t<meta property=\"og:image:type\" content=\"image\/jpeg\" \/>\n<meta name=\"twitter:card\" content=\"summary_large_image\" \/>\n<meta name=\"twitter:label1\" content=\"Ansl. lesetid\" \/>\n\t<meta name=\"twitter:data1\" content=\"3 minutter\" \/>\n<script type=\"application\/ld+json\" class=\"yoast-schema-graph\">{\"@context\":\"https:\/\/schema.org\",\"@graph\":[{\"@type\":\"WebPage\",\"@id\":\"https:\/\/com.rst-steel.eu\/sv\/produkt\/work-light-lazer-utility-50-std_pr_80797\/\",\"url\":\"https:\/\/com.rst-steel.eu\/sv\/produkt\/work-light-lazer-utility-50-std_pr_80797\/\",\"name\":\"Work light Lazer Utility-50 STD - RST-Steel\",\"isPartOf\":{\"@id\":\"https:\/\/com.rst-steel.eu\/#website\"},\"primaryImageOfPage\":{\"@id\":\"https:\/\/com.rst-steel.eu\/sv\/produkt\/work-light-lazer-utility-50-std_pr_80797\/#primaryimage\"},\"image\":{\"@id\":\"https:\/\/com.rst-steel.eu\/sv\/produkt\/work-light-lazer-utility-50-std_pr_80797\/#primaryimage\"},\"thumbnailUrl\":\"https:\/\/com.rst-steel.eu\/wp-content\/uploads\/2024\/09\/438ec870e3d3fa7ae864298a92bde9907e4444d7_Utility_50_Standard_Front_HR-scaled.jpg\",\"datePublished\":\"2024-09-25T10:39:43+00:00\",\"dateModified\":\"2026-03-16T06:17:41+00:00\",\"description\":\"Lazer Utility-50 STD is a medium duty LED work light packed with performance, style, robustness, and functionality. Check out the product and order now!\",\"breadcrumb\":{\"@id\":\"https:\/\/com.rst-steel.eu\/sv\/produkt\/work-light-lazer-utility-50-std_pr_80797\/#breadcrumb\"},\"inLanguage\":\"nb-NO\",\"potentialAction\":[{\"@type\":\"ReadAction\",\"target\":[\"https:\/\/com.rst-steel.eu\/sv\/produkt\/work-light-lazer-utility-50-std_pr_80797\/\"]}]},{\"@type\":\"ImageObject\",\"inLanguage\":\"nb-NO\",\"@id\":\"https:\/\/com.rst-steel.eu\/sv\/produkt\/work-light-lazer-utility-50-std_pr_80797\/#primaryimage\",\"url\":\"https:\/\/com.rst-steel.eu\/wp-content\/uploads\/2024\/09\/438ec870e3d3fa7ae864298a92bde9907e4444d7_Utility_50_Standard_Front_HR-scaled.jpg\",\"contentUrl\":\"https:\/\/com.rst-steel.eu\/wp-content\/uploads\/2024\/09\/438ec870e3d3fa7ae864298a92bde9907e4444d7_Utility_50_Standard_Front_HR-scaled.jpg\",\"width\":2560,\"height\":1710},{\"@type\":\"BreadcrumbList\",\"@id\":\"https:\/\/com.rst-steel.eu\/sv\/produkt\/work-light-lazer-utility-50-std_pr_80797\/#breadcrumb\",\"itemListElement\":[{\"@type\":\"ListItem\",\"position\":1,\"name\":\"Home\",\"item\":\"https:\/\/com.rst-steel.eu\/\"},{\"@type\":\"ListItem\",\"position\":2,\"name\":\"RST-Steel Shop\",\"item\":\"https:\/\/com.rst-steel.eu\/shop\/\"},{\"@type\":\"ListItem\",\"position\":3,\"name\":\"Work light Lazer Utility-50 STD\"}]},{\"@type\":\"WebSite\",\"@id\":\"https:\/\/com.rst-steel.eu\/#website\",\"url\":\"https:\/\/com.rst-steel.eu\/\",\"name\":\"RST-Steel.com\",\"description\":\"Finnish quality steel, for quality-conscious drivers\",\"publisher\":{\"@id\":\"https:\/\/com.rst-steel.eu\/#organization\"},\"alternateName\":\"Safe and stylish RST-Steel quality\",\"potentialAction\":[{\"@type\":\"SearchAction\",\"target\":{\"@type\":\"EntryPoint\",\"urlTemplate\":\"https:\/\/com.rst-steel.eu\/?s={search_term_string}\"},\"query-input\":{\"@type\":\"PropertyValueSpecification\",\"valueRequired\":true,\"valueName\":\"search_term_string\"}}],\"inLanguage\":\"nb-NO\"},{\"@type\":\"Organization\",\"@id\":\"https:\/\/com.rst-steel.eu\/#organization\",\"name\":\"RST-Steel Oy\",\"url\":\"https:\/\/com.rst-steel.eu\/\",\"logo\":{\"@type\":\"ImageObject\",\"inLanguage\":\"nb-NO\",\"@id\":\"https:\/\/com.rst-steel.eu\/#\/schema\/logo\/image\/\",\"url\":\"https:\/\/com.rst-steel.eu\/wp-content\/uploads\/2023\/04\/cropped-Rst-logo-valkoinen-teksti-3.png\",\"contentUrl\":\"https:\/\/com.rst-steel.eu\/wp-content\/uploads\/2023\/04\/cropped-Rst-logo-valkoinen-teksti-3.png\",\"width\":512,\"height\":115,\"caption\":\"RST-Steel Oy\"},\"image\":{\"@id\":\"https:\/\/com.rst-steel.eu\/#\/schema\/logo\/image\/\"},\"sameAs\":[\"https:\/\/www.facebook.com\/rststeel\",\"https:\/\/www.instagram.com\/rststeeloy\/\"]}]}<\/script>\n<!-- \/ Yoast SEO plugin. -->","yoast_head_json":{"title":"Work light Lazer Utility-50 STD - RST-Steel","description":"Lazer Utility-50 STD er en middels kraftig LED-arbeidslykt fullpakket med ytelse, stil, robusthet og funksjonalitet. Sjekk ut produktet og bestill n\u00e5!","robots":{"index":"index","follow":"follow","max-snippet":"max-snippet:-1","max-image-preview":"max-image-preview:large","max-video-preview":"max-video-preview:-1"},"canonical":"https:\/\/com.rst-steel.eu\/nb\/produkt\/work-light-lazer-utility-50-std_pr_80797\/","og_locale":"nb_NO","og_type":"article","og_title":"Work light Lazer Utility-50 STD - RST-Steel","og_description":"Lazer Utility-50 STD is a medium duty LED work light packed with performance, style, robustness, and functionality. Check out the product and order now!","og_url":"https:\/\/com.rst-steel.eu\/nb\/produkt\/work-light-lazer-utility-50-std_pr_80797\/","og_site_name":"RST-Steel","article_publisher":"https:\/\/www.facebook.com\/rststeel","article_modified_time":"2026-03-16T06:17:41+00:00","og_image":[{"width":2560,"height":1710,"url":"https:\/\/com.rst-steel.eu\/wp-content\/uploads\/2024\/09\/438ec870e3d3fa7ae864298a92bde9907e4444d7_Utility_50_Standard_Front_HR-scaled.jpg","type":"image\/jpeg"}],"twitter_card":"summary_large_image","twitter_misc":{"Ansl. lesetid":"3 minutter"},"schema":{"@context":"https:\/\/schema.org","@graph":[{"@type":"WebPage","@id":"https:\/\/com.rst-steel.eu\/sv\/produkt\/work-light-lazer-utility-50-std_pr_80797\/","url":"https:\/\/com.rst-steel.eu\/sv\/produkt\/work-light-lazer-utility-50-std_pr_80797\/","name":"Work light Lazer Utility-50 STD - RST-Steel","isPartOf":{"@id":"https:\/\/com.rst-steel.eu\/#website"},"primaryImageOfPage":{"@id":"https:\/\/com.rst-steel.eu\/sv\/produkt\/work-light-lazer-utility-50-std_pr_80797\/#primaryimage"},"image":{"@id":"https:\/\/com.rst-steel.eu\/sv\/produkt\/work-light-lazer-utility-50-std_pr_80797\/#primaryimage"},"thumbnailUrl":"https:\/\/com.rst-steel.eu\/wp-content\/uploads\/2024\/09\/438ec870e3d3fa7ae864298a92bde9907e4444d7_Utility_50_Standard_Front_HR-scaled.jpg","datePublished":"2024-09-25T10:39:43+00:00","dateModified":"2026-03-16T06:17:41+00:00","description":"Lazer Utility-50 STD er en middels kraftig LED-arbeidslykt fullpakket med ytelse, stil, robusthet og funksjonalitet. Sjekk ut produktet og bestill n\u00e5!","breadcrumb":{"@id":"https:\/\/com.rst-steel.eu\/sv\/produkt\/work-light-lazer-utility-50-std_pr_80797\/#breadcrumb"},"inLanguage":"nb-NO","potentialAction":[{"@type":"ReadAction","target":["https:\/\/com.rst-steel.eu\/sv\/produkt\/work-light-lazer-utility-50-std_pr_80797\/"]}]},{"@type":"ImageObject","inLanguage":"nb-NO","@id":"https:\/\/com.rst-steel.eu\/sv\/produkt\/work-light-lazer-utility-50-std_pr_80797\/#primaryimage","url":"https:\/\/com.rst-steel.eu\/wp-content\/uploads\/2024\/09\/438ec870e3d3fa7ae864298a92bde9907e4444d7_Utility_50_Standard_Front_HR-scaled.jpg","contentUrl":"https:\/\/com.rst-steel.eu\/wp-content\/uploads\/2024\/09\/438ec870e3d3fa7ae864298a92bde9907e4444d7_Utility_50_Standard_Front_HR-scaled.jpg","width":2560,"height":1710},{"@type":"BreadcrumbList","@id":"https:\/\/com.rst-steel.eu\/sv\/produkt\/work-light-lazer-utility-50-std_pr_80797\/#breadcrumb","itemListElement":[{"@type":"ListItem","position":1,"name":"Home","item":"https:\/\/com.rst-steel.eu\/"},{"@type":"ListItem","position":2,"name":"RST-Steel Shop","item":"https:\/\/com.rst-steel.eu\/shop\/"},{"@type":"ListItem","position":3,"name":"Work light Lazer Utility-50 STD"}]},{"@type":"WebSite","@id":"https:\/\/com.rst-steel.eu\/#website","url":"https:\/\/com.rst-steel.eu\/","name":"RST-Steel.com","description":"Finsk kvalitetsst\u00e5l, for kvalitetsbevisste sj\u00e5f\u00f8rer","publisher":{"@id":"https:\/\/com.rst-steel.eu\/#organization"},"alternateName":"Safe and stylish RST-Steel quality","potentialAction":[{"@type":"SearchAction","target":{"@type":"EntryPoint","urlTemplate":"https:\/\/com.rst-steel.eu\/?s={search_term_string}"},"query-input":{"@type":"PropertyValueSpecification","valueRequired":true,"valueName":"search_term_string"}}],"inLanguage":"nb-NO"},{"@type":"Organization","@id":"https:\/\/com.rst-steel.eu\/#organization","name":"RST-Steel Oy","url":"https:\/\/com.rst-steel.eu\/","logo":{"@type":"ImageObject","inLanguage":"nb-NO","@id":"https:\/\/com.rst-steel.eu\/#\/schema\/logo\/image\/","url":"https:\/\/com.rst-steel.eu\/wp-content\/uploads\/2023\/04\/cropped-Rst-logo-valkoinen-teksti-3.png","contentUrl":"https:\/\/com.rst-steel.eu\/wp-content\/uploads\/2023\/04\/cropped-Rst-logo-valkoinen-teksti-3.png","width":512,"height":115,"caption":"RST-Steel Oy"},"image":{"@id":"https:\/\/com.rst-steel.eu\/#\/schema\/logo\/image\/"},"sameAs":["https:\/\/www.facebook.com\/rststeel","https:\/\/www.instagram.com\/rststeeloy\/"]}]}},"brands":[{"id":8332,"name":"Lazer Lamps","slug":"brand_lazerlamps"}],"_links":{"self":[{"href":"https:\/\/com.rst-steel.eu\/nb\/wp-json\/wp\/v2\/product\/46692","targetHints":{"allow":["GET"]}}],"collection":[{"href":"https:\/\/com.rst-steel.eu\/nb\/wp-json\/wp\/v2\/product"}],"about":[{"href":"https:\/\/com.rst-steel.eu\/nb\/wp-json\/wp\/v2\/types\/product"}],"replies":[{"embeddable":true,"href":"https:\/\/com.rst-steel.eu\/nb\/wp-json\/wp\/v2\/comments?post=46692"}],"version-history":[{"count":0,"href":"https:\/\/com.rst-steel.eu\/nb\/wp-json\/wp\/v2\/product\/46692\/revisions"}],"wp:featuredmedia":[{"embeddable":true,"href":"https:\/\/com.rst-steel.eu\/nb\/wp-json\/wp\/v2\/media\/46687"}],"wp:attachment":[{"href":"https:\/\/com.rst-steel.eu\/nb\/wp-json\/wp\/v2\/media?parent=46692"}],"wp:term":[{"taxonomy":"make_fuel_type","embeddable":true,"href":"https:\/\/com.rst-steel.eu\/nb\/wp-json\/wp\/v2\/make_fuel_type?post=46692"},{"taxonomy":"make_model","embeddable":true,"href":"https:\/\/com.rst-steel.eu\/nb\/wp-json\/wp\/v2\/make_model?post=46692"},{"taxonomy":"make_brand","embeddable":true,"href":"https:\/\/com.rst-steel.eu\/nb\/wp-json\/wp\/v2\/make_brand?post=46692"},{"taxonomy":"make_year","embeddable":true,"href":"https:\/\/com.rst-steel.eu\/nb\/wp-json\/wp\/v2\/make_year?post=46692"},{"taxonomy":"pwb-brand","embeddable":true,"href":"https:\/\/com.rst-steel.eu\/nb\/wp-json\/wp\/v2\/pwb-brand?post=46692"},{"taxonomy":"product_brand","embeddable":true,"href":"https:\/\/com.rst-steel.eu\/nb\/wp-json\/wp\/v2\/product_brand?post=46692"},{"taxonomy":"product_cat","embeddable":true,"href":"https:\/\/com.rst-steel.eu\/nb\/wp-json\/wp\/v2\/product_cat?post=46692"},{"taxonomy":"product_tag","embeddable":true,"href":"https:\/\/com.rst-steel.eu\/nb\/wp-json\/wp\/v2\/product_tag?post=46692"}],"curies":[{"name":"wp","href":"https:\/\/api.w.org\/{rel}","templated":true}]}}