{"id":46680,"date":"2024-09-25T13:39:17","date_gmt":"2024-09-25T10:39:17","guid":{"rendered":"https:\/\/rst-steel.com\/product\/lazer-air-130-elite_pr_81415\/"},"modified":"2026-03-16T09:17:36","modified_gmt":"2026-03-16T06:17:36","slug":"lazer-air-130-elite-led-auxiliary-light_pr_81415","status":"publish","type":"product","link":"https:\/\/com.rst-steel.eu\/nb\/produkt\/lazer-air-130-elite-led-auxiliary-light_pr_81415\/","title":{"rendered":"Lazer AIR-130 Elite LED-Auxiliary Light"},"content":{"rendered":"<p class=\"MsoNormal\"><span lang=\"EN-GB\">Lazer AIR-130 Elite<br \/><\/span><\/p>\n<p class=\"MsoNormal\"><span lang=\"EN-GB\"><br \/><\/span><\/p>\n<p class=\"MsoNormal\">N\u00e5r lastebilen din er levebr\u00f8det ditt og representerer deg og virksomheten din, fortjener den det beste! Vi presenterer AIR, Lazer Lamps' nyeste LED-lysbjelkeserie som er spesialdesignet og konstruert med tanke p\u00e5 markedet for tunge lastebiler og nyttekj\u00f8ret\u00f8y. Serien best\u00e5r av tre lampevarianter: AIR-55, AIR-90 og AIR-130 Elite, der tallverdien representerer str\u00f8mforbruket til hver lampe. I hele AIR-serien er det lagt stor vekt p\u00e5 \u00e5 utvikle og produsere en LED-l\u00f8sning med h\u00f8y ytelse og en sl\u00e5ende produktdesign som fremheves av den monocoque linsekonstruksjonen og den karakteristiske posisjonslysfunksjonen. Som alle Lazer-produkter er lysytelsen og byggekvaliteten helt garantert.<\/p>\n<p class=\"MsoNormal\"><\/p>\n<p class=\"MsoNormal\">AIR-130 Elite, som har omtrent samme lysfordeling som Triple-R 1000 Elite, representerer det ypperste av lysytelse med tanke p\u00e5 lampens st\u00f8rrelse og effekt, samtidig som den er robust og p\u00e5litelig, noe som st\u00f8ttes av v\u00e5r omfattende 5-\u00e5rs garanti. AIR-130 Elite avgir 12 500 lumen og leverer 1 lux p\u00e5 592 meters avstand, og har svarte PCB-er som gir lampen et skjult utseende i motsetning til andre produkter i AIR-serien. Lysfordelingen er n\u00f8ye utviklet, og den vertikale og horisontale spredningen er optimalisert for bruk p\u00e5 vei, ogs\u00e5 fra h\u00f8yere monteringsposisjoner p\u00e5 kj\u00f8ret\u00f8yet. Fjernlysets ytelse, som ligger p\u00e5 100%, er over de tillatte UNECE Reg 149-parametrene for kj\u00f8relys som er tillatt p\u00e5 vei, s\u00e5 funksjonaliteten med to utganger gj\u00f8r det mulig \u00e5 redusere effekten for \u00e5 holde seg innenfor forskriftsgrensene.<\/p>\n<p class=\"MsoNormal\"><\/p>\n<p class=\"MsoNormal\">I tillegg til det misunnelsesverdige fjernlyset har alle AIR-produktene et integrert \"dobbelt\" hvitt eller gult posisjonslys. I tillegg til sikkerhetsfordelene har den nyeste teknologien og de nyeste materialene skapt et karakteristisk utseende, b\u00e5de p\u00e5 n\u00e6rt og langt hold. N\u00e5r det hvite posisjonslyset brukes, er dette godkjent i henhold til UNECE Reg148-standarden for bruk p\u00e5 vei.<\/p>\n<p class=\"MsoNormal\"><\/p>\n<p class=\"MsoNormal\">AIR-produktenes design og byggekvalitet forsterkes av den spr\u00f8ytest\u00f8pte monocoque-linsen i polykarbonat. Den \"uknuselige\" linsen har livstidsgaranti og er overflatebehandlet med hardlakk (et eksempel p\u00e5 en av de oppstr\u00f8ms produksjonsprosessene som Lazer ogs\u00e5 h\u00e5ndterer internt), og linsen flyter ned og inn under lampen, med et strukturert utseende p\u00e5 undersiden. Den unike lampedesignen forsterkes takket v\u00e6re det medf\u00f8lgende innovative \"Centre Mount\"-systemet, som gj\u00f8r at lampen kan sitte mye lavere i forhold til monteringspunktet, noe som gir en ren og elegant installasjon.<\/p>\n<p class=\"MsoNormal\"><\/p>\n<p class=\"MsoNormal\"><span style=\"font-weight: bold\">Viktige funksjoner<\/span><\/p>\n<ul>\n<li>Patentanmeldt spr\u00f8ytest\u00f8pt monocoque-linse med tekstureffekt p\u00e5 undersiden<\/li>\n<li>Svarte kretskort gir et unikt skjult utseende<\/li>\n<li>Integrerte hvite eller gule posisjonslysguider<\/li>\n<li>Innf\u00f8ring av de nyeste h\u00f8yeffektive LED-lampene i premium-bin<\/li>\n<li>Ultrareflekterende vakuummetallisert optikk gir et optimalisert lyskasterm\u00f8nster for daglig bruk p\u00e5 vei, ogs\u00e5 ved h\u00f8yere monteringsposisjoner over veien<\/li>\n<li>Patent-pending lamp design<\/li>\n<li>ECE-godkjent for fjernlys p\u00e5 vei (E-Boost-teknologi) og posisjons-\/sidelysfunksjon (kun hvitt)<\/li>\n<li>Inkluderer et allsidig monteringssystem for sentermontering som gj\u00f8r det enklere \u00e5 plassere lampen lavt i forhold til monteringspunktet<\/li>\n<li>Gjengede monteringssteder for sidemontering (braketter selges separat)<\/li>\n<li>CAE-optimalisert kj\u00f8leribbe tilbyr forbedret termisk dynamikk<\/li>\n<li>Anodisert forbehandling og pulverlakk av bilkvalitet for optimal korrosjons- og kjemikaliebeskyttelse<\/li>\n<li>Electronic thermal management<\/li>\n<li>\"Uknuselig\" og hardlakkert polykarbonatlinse med livstidsgaranti<\/li>\n<li>20 cm lang lampekabel komplett med 3-pinners Superseal-kontakter (hann\/hunn)<\/li>\n<li>IP68 vanntett<\/li>\n<li>5 \u00e5rs garanti<\/li>\n<li>Vehicle wiring kits available<\/li>\n<li>Designed &amp; manufactured in Britain<\/li>\n<\/ul>\n<p><\/p>\n<p><span style=\"font-weight: bold\">Tekniske spesifikasjoner: Boost-modus \/ E-Mark-modus<\/span><\/p>\n<ul>\n<li>Voltage Range (DC): 10-32V<\/li>\n<li>LED Life: 50,000 hours<\/li>\n<li>Vekt: 1,65 kg<\/li>\n<\/ul>\n<p>&nbsp;<\/p>\n<p><span style=\"font-weight: bold\">Fjernlysfunksjon<\/span><\/p>\n<ul>\n<li>Total lysstr\u00f8m: 12 500 Lm \/ 3 125 Lm<\/li>\n<li>Total driver 'FOV'-fluks \u2020: 7875 Lm \/ 1968 Lm<\/li>\n<li>Colour Temperature: 5000K<\/li>\n<li>Str\u00f8mforbruk: 130 watt \/ 21 watt<\/li>\n<li>Toppstr\u00f8mforbruk: 11,6 ampere \/ 2,3 ampere<\/li>\n<li>Str\u00f8mforbruk (14,4 V): 10,2 ampere \/ 1,5 ampere<\/li>\n<li>Kontakt: 3-pinners Superseal (+25 cm kabel)<\/li>\n<\/ul>\n<p>&nbsp;<\/p>\n<p><span style=\"font-weight: bold\">DIMENSIONS<\/span><\/p>\n<ul>\n<li>Bredde: 411 mm<\/li>\n<li>Dybde: 106 mm<\/li>\n<li>H\u00f8yde: 82 mm<\/li>\n<\/ul>\n<p>&nbsp;<\/p>\n<p><span style=\"font-weight: bold\">CERTIFICATION<\/span><\/p>\n<ul>\n<li>IP-klassifisering: IP68<\/li>\n<li>Fjernlys (E9-godkjenning): ECE R149 - Ref: 17.5 (kun i lav effektmodus)<\/li>\n<li>EMC-sertifisering: ECE R10<\/li>\n<li>Saltspraytest: ISO 9227<\/li>\n<li>Beskyttelse mot dumpelast: ISO 7637-2<\/li>\n<\/ul>\n<p>&nbsp;<\/p>\n<p><span style=\"font-weight: bold\">FOTOMETRISKE DATA<\/span><\/p>\n<p><span style=\"font-weight: bold\">Horizontal \/ Vertical Beam Angle<span>\t<\/span>34\u00b0 \/ 17\u00b0<\/span><\/p>\n<ul>\n<li>0,25 lx Linje: 1183m \/ 592m<\/li>\n<li>0,5 lx Linje: 837m \/ 418m<\/li>\n<li>1 lx Linje: 592m \/ 296m<\/li>\n<li>3 lx Linje: 342m \/ 171m<\/li>\n<\/ul>\n<p><\/p>\n<p><span style=\"font-weight: bold\">Innhold i leveransen:<\/span><\/p>\n<ul>\n<li>x1 AIR-130 Elite LED-lampe<\/li>\n<li>x2 Sentermonteringssett<\/li>\n<li>Installasjonsinstruksjoner<\/li>\n<\/ul>","protected":false},"excerpt":{"rendered":"<p><span style=\"font-weight: bold\">Spesialdesignet og konstruert med tanke p\u00e5 markedet for tunge lastebiler og nyttekj\u00f8ret\u00f8y.<\/span><\/p>","protected":false},"featured_media":46675,"comment_status":"open","ping_status":"closed","template":"","meta":{"_improvement_type_select":"improve_an_existing","_thumb_yes_seoaic":false,"_frame_yes_seoaic":false,"seoaic_generate_description":"","seoaic_improve_instructions_prompt":"","seoaic_rollback_content_improvement":"","seoaic_idea_thumbnail_generator":"","thumbnail_generated":false,"thumbnail_generate_prompt":"","seoaic_article_description":""},"make_fuel_type":[],"make_model":[],"make_brand":[],"make_year":[],"pwb-brand":[8332],"product_brand":[],"product_cat":[6195,6209,6211,7214],"product_tag":[7551,6298],"class_list":{"0":"post-46680","1":"product","2":"type-product","3":"status-publish","4":"has-post-thumbnail","6":"pwb-brand-brand_lazerlamps","7":"product_cat-lamps","8":"product_cat-auxiliary-lights","9":"product_cat-lazer-lamps-auxiliary-lights","10":"product_cat-rstc-air","11":"product_tag-extraljus","12":"product_tag-lazer-lamps","14":"first","15":"instock","16":"taxable","17":"shipping-taxable","18":"purchasable","19":"product-type-simple"},"yoast_head":"<!-- This site is optimized with the Yoast SEO plugin v25.7 - https:\/\/yoast.com\/wordpress\/plugins\/seo\/ -->\n<title>Lazer AIR-130 Elite LED-Auxiliary Light - RST-Steel<\/title>\n<meta name=\"description\" content=\"Lazer AIR-130 Elite is the most powerful version of the new AIR-Series! AIR products all feature an integrated \u2018twin\u2019 white or amber position light.\" \/>\n<meta name=\"robots\" content=\"index, follow, max-snippet:-1, max-image-preview:large, max-video-preview:-1\" \/>\n<link rel=\"canonical\" href=\"https:\/\/com.rst-steel.eu\/nb\/produkt\/lazer-air-130-elite-led-auxiliary-light_pr_81415\/\" \/>\n<meta property=\"og:locale\" content=\"nb_NO\" \/>\n<meta property=\"og:type\" content=\"article\" \/>\n<meta property=\"og:title\" content=\"Lazer AIR-130 Elite LED-Auxiliary Light - RST-Steel\" \/>\n<meta property=\"og:description\" content=\"Lazer AIR-130 Elite is the most powerful version of the new AIR-Series! AIR products all feature an integrated \u2018twin\u2019 white or amber position light.\" \/>\n<meta property=\"og:url\" content=\"https:\/\/com.rst-steel.eu\/nb\/produkt\/lazer-air-130-elite-led-auxiliary-light_pr_81415\/\" \/>\n<meta property=\"og:site_name\" content=\"RST-Steel\" \/>\n<meta property=\"article:publisher\" content=\"https:\/\/www.facebook.com\/rststeel\" \/>\n<meta property=\"article:modified_time\" content=\"2026-03-16T06:17:36+00:00\" \/>\n<meta property=\"og:image\" content=\"https:\/\/com.rst-steel.eu\/wp-content\/uploads\/2024\/09\/3f02eac94d643e3dcf977dc72da58543f017f9ec_AIR_130_Elite_Angled_HR-scaled.jpg\" \/>\n\t<meta property=\"og:image:width\" content=\"2560\" \/>\n\t<meta property=\"og:image:height\" content=\"1710\" \/>\n\t<meta property=\"og:image:type\" content=\"image\/jpeg\" \/>\n<meta name=\"twitter:card\" content=\"summary_large_image\" \/>\n<meta name=\"twitter:label1\" content=\"Ansl. lesetid\" \/>\n\t<meta name=\"twitter:data1\" content=\"4 minutter\" \/>\n<script type=\"application\/ld+json\" class=\"yoast-schema-graph\">{\"@context\":\"https:\/\/schema.org\",\"@graph\":[{\"@type\":\"WebPage\",\"@id\":\"https:\/\/com.rst-steel.eu\/nb\/produkt\/lazer-air-130-elite-led-auxiliary-light_pr_81415\/\",\"url\":\"https:\/\/com.rst-steel.eu\/nb\/produkt\/lazer-air-130-elite-led-auxiliary-light_pr_81415\/\",\"name\":\"Lazer AIR-130 Elite LED-Auxiliary Light - RST-Steel\",\"isPartOf\":{\"@id\":\"https:\/\/com.rst-steel.eu\/#website\"},\"primaryImageOfPage\":{\"@id\":\"https:\/\/com.rst-steel.eu\/nb\/produkt\/lazer-air-130-elite-led-auxiliary-light_pr_81415\/#primaryimage\"},\"image\":{\"@id\":\"https:\/\/com.rst-steel.eu\/nb\/produkt\/lazer-air-130-elite-led-auxiliary-light_pr_81415\/#primaryimage\"},\"thumbnailUrl\":\"https:\/\/com.rst-steel.eu\/wp-content\/uploads\/2024\/09\/3f02eac94d643e3dcf977dc72da58543f017f9ec_AIR_130_Elite_Angled_HR-scaled.jpg\",\"datePublished\":\"2024-09-25T10:39:17+00:00\",\"dateModified\":\"2026-03-16T06:17:36+00:00\",\"description\":\"Lazer AIR-130 Elite is the most powerful version of the new AIR-Series! AIR products all feature an integrated \u2018twin\u2019 white or amber position light.\",\"breadcrumb\":{\"@id\":\"https:\/\/com.rst-steel.eu\/nb\/produkt\/lazer-air-130-elite-led-auxiliary-light_pr_81415\/#breadcrumb\"},\"inLanguage\":\"nb-NO\",\"potentialAction\":[{\"@type\":\"ReadAction\",\"target\":[\"https:\/\/com.rst-steel.eu\/nb\/produkt\/lazer-air-130-elite-led-auxiliary-light_pr_81415\/\"]}]},{\"@type\":\"ImageObject\",\"inLanguage\":\"nb-NO\",\"@id\":\"https:\/\/com.rst-steel.eu\/nb\/produkt\/lazer-air-130-elite-led-auxiliary-light_pr_81415\/#primaryimage\",\"url\":\"https:\/\/com.rst-steel.eu\/wp-content\/uploads\/2024\/09\/3f02eac94d643e3dcf977dc72da58543f017f9ec_AIR_130_Elite_Angled_HR-scaled.jpg\",\"contentUrl\":\"https:\/\/com.rst-steel.eu\/wp-content\/uploads\/2024\/09\/3f02eac94d643e3dcf977dc72da58543f017f9ec_AIR_130_Elite_Angled_HR-scaled.jpg\",\"width\":2560,\"height\":1710},{\"@type\":\"BreadcrumbList\",\"@id\":\"https:\/\/com.rst-steel.eu\/nb\/produkt\/lazer-air-130-elite-led-auxiliary-light_pr_81415\/#breadcrumb\",\"itemListElement\":[{\"@type\":\"ListItem\",\"position\":1,\"name\":\"Home\",\"item\":\"https:\/\/com.rst-steel.eu\/\"},{\"@type\":\"ListItem\",\"position\":2,\"name\":\"RST-Steel Shop\",\"item\":\"https:\/\/com.rst-steel.eu\/shop\/\"},{\"@type\":\"ListItem\",\"position\":3,\"name\":\"Lazer AIR-130 Elite LED-Auxiliary Light\"}]},{\"@type\":\"WebSite\",\"@id\":\"https:\/\/com.rst-steel.eu\/#website\",\"url\":\"https:\/\/com.rst-steel.eu\/\",\"name\":\"RST-Steel.com\",\"description\":\"Finnish quality steel, for quality-conscious drivers\",\"publisher\":{\"@id\":\"https:\/\/com.rst-steel.eu\/#organization\"},\"alternateName\":\"Safe and stylish RST-Steel quality\",\"potentialAction\":[{\"@type\":\"SearchAction\",\"target\":{\"@type\":\"EntryPoint\",\"urlTemplate\":\"https:\/\/com.rst-steel.eu\/?s={search_term_string}\"},\"query-input\":{\"@type\":\"PropertyValueSpecification\",\"valueRequired\":true,\"valueName\":\"search_term_string\"}}],\"inLanguage\":\"nb-NO\"},{\"@type\":\"Organization\",\"@id\":\"https:\/\/com.rst-steel.eu\/#organization\",\"name\":\"RST-Steel Oy\",\"url\":\"https:\/\/com.rst-steel.eu\/\",\"logo\":{\"@type\":\"ImageObject\",\"inLanguage\":\"nb-NO\",\"@id\":\"https:\/\/com.rst-steel.eu\/#\/schema\/logo\/image\/\",\"url\":\"https:\/\/com.rst-steel.eu\/wp-content\/uploads\/2023\/04\/cropped-Rst-logo-valkoinen-teksti-3.png\",\"contentUrl\":\"https:\/\/com.rst-steel.eu\/wp-content\/uploads\/2023\/04\/cropped-Rst-logo-valkoinen-teksti-3.png\",\"width\":512,\"height\":115,\"caption\":\"RST-Steel Oy\"},\"image\":{\"@id\":\"https:\/\/com.rst-steel.eu\/#\/schema\/logo\/image\/\"},\"sameAs\":[\"https:\/\/www.facebook.com\/rststeel\",\"https:\/\/www.instagram.com\/rststeeloy\/\"]}]}<\/script>\n<!-- \/ Yoast SEO plugin. -->","yoast_head_json":{"title":"Lazer AIR-130 Elite LED-Auxiliary Light - RST-Steel","description":"Lazer AIR-130 Elite er den kraftigste versjonen av den nye AIR-serien! Alle AIR-produktene har et integrert hvitt eller gult posisjonslys.","robots":{"index":"index","follow":"follow","max-snippet":"max-snippet:-1","max-image-preview":"max-image-preview:large","max-video-preview":"max-video-preview:-1"},"canonical":"https:\/\/com.rst-steel.eu\/nb\/produkt\/lazer-air-130-elite-led-auxiliary-light_pr_81415\/","og_locale":"nb_NO","og_type":"article","og_title":"Lazer AIR-130 Elite LED-Auxiliary Light - RST-Steel","og_description":"Lazer AIR-130 Elite is the most powerful version of the new AIR-Series! AIR products all feature an integrated \u2018twin\u2019 white or amber position light.","og_url":"https:\/\/com.rst-steel.eu\/nb\/produkt\/lazer-air-130-elite-led-auxiliary-light_pr_81415\/","og_site_name":"RST-Steel","article_publisher":"https:\/\/www.facebook.com\/rststeel","article_modified_time":"2026-03-16T06:17:36+00:00","og_image":[{"width":2560,"height":1710,"url":"https:\/\/com.rst-steel.eu\/wp-content\/uploads\/2024\/09\/3f02eac94d643e3dcf977dc72da58543f017f9ec_AIR_130_Elite_Angled_HR-scaled.jpg","type":"image\/jpeg"}],"twitter_card":"summary_large_image","twitter_misc":{"Ansl. lesetid":"4 minutter"},"schema":{"@context":"https:\/\/schema.org","@graph":[{"@type":"WebPage","@id":"https:\/\/com.rst-steel.eu\/nb\/produkt\/lazer-air-130-elite-led-auxiliary-light_pr_81415\/","url":"https:\/\/com.rst-steel.eu\/nb\/produkt\/lazer-air-130-elite-led-auxiliary-light_pr_81415\/","name":"Lazer AIR-130 Elite LED-Auxiliary Light - RST-Steel","isPartOf":{"@id":"https:\/\/com.rst-steel.eu\/#website"},"primaryImageOfPage":{"@id":"https:\/\/com.rst-steel.eu\/nb\/produkt\/lazer-air-130-elite-led-auxiliary-light_pr_81415\/#primaryimage"},"image":{"@id":"https:\/\/com.rst-steel.eu\/nb\/produkt\/lazer-air-130-elite-led-auxiliary-light_pr_81415\/#primaryimage"},"thumbnailUrl":"https:\/\/com.rst-steel.eu\/wp-content\/uploads\/2024\/09\/3f02eac94d643e3dcf977dc72da58543f017f9ec_AIR_130_Elite_Angled_HR-scaled.jpg","datePublished":"2024-09-25T10:39:17+00:00","dateModified":"2026-03-16T06:17:36+00:00","description":"Lazer AIR-130 Elite er den kraftigste versjonen av den nye AIR-serien! Alle AIR-produktene har et integrert hvitt eller gult posisjonslys.","breadcrumb":{"@id":"https:\/\/com.rst-steel.eu\/nb\/produkt\/lazer-air-130-elite-led-auxiliary-light_pr_81415\/#breadcrumb"},"inLanguage":"nb-NO","potentialAction":[{"@type":"ReadAction","target":["https:\/\/com.rst-steel.eu\/nb\/produkt\/lazer-air-130-elite-led-auxiliary-light_pr_81415\/"]}]},{"@type":"ImageObject","inLanguage":"nb-NO","@id":"https:\/\/com.rst-steel.eu\/nb\/produkt\/lazer-air-130-elite-led-auxiliary-light_pr_81415\/#primaryimage","url":"https:\/\/com.rst-steel.eu\/wp-content\/uploads\/2024\/09\/3f02eac94d643e3dcf977dc72da58543f017f9ec_AIR_130_Elite_Angled_HR-scaled.jpg","contentUrl":"https:\/\/com.rst-steel.eu\/wp-content\/uploads\/2024\/09\/3f02eac94d643e3dcf977dc72da58543f017f9ec_AIR_130_Elite_Angled_HR-scaled.jpg","width":2560,"height":1710},{"@type":"BreadcrumbList","@id":"https:\/\/com.rst-steel.eu\/nb\/produkt\/lazer-air-130-elite-led-auxiliary-light_pr_81415\/#breadcrumb","itemListElement":[{"@type":"ListItem","position":1,"name":"Home","item":"https:\/\/com.rst-steel.eu\/"},{"@type":"ListItem","position":2,"name":"RST-Steel Shop","item":"https:\/\/com.rst-steel.eu\/shop\/"},{"@type":"ListItem","position":3,"name":"Lazer AIR-130 Elite LED-Auxiliary Light"}]},{"@type":"WebSite","@id":"https:\/\/com.rst-steel.eu\/#website","url":"https:\/\/com.rst-steel.eu\/","name":"RST-Steel.com","description":"Finsk kvalitetsst\u00e5l, for kvalitetsbevisste sj\u00e5f\u00f8rer","publisher":{"@id":"https:\/\/com.rst-steel.eu\/#organization"},"alternateName":"Safe and stylish RST-Steel quality","potentialAction":[{"@type":"SearchAction","target":{"@type":"EntryPoint","urlTemplate":"https:\/\/com.rst-steel.eu\/?s={search_term_string}"},"query-input":{"@type":"PropertyValueSpecification","valueRequired":true,"valueName":"search_term_string"}}],"inLanguage":"nb-NO"},{"@type":"Organization","@id":"https:\/\/com.rst-steel.eu\/#organization","name":"RST-Steel Oy","url":"https:\/\/com.rst-steel.eu\/","logo":{"@type":"ImageObject","inLanguage":"nb-NO","@id":"https:\/\/com.rst-steel.eu\/#\/schema\/logo\/image\/","url":"https:\/\/com.rst-steel.eu\/wp-content\/uploads\/2023\/04\/cropped-Rst-logo-valkoinen-teksti-3.png","contentUrl":"https:\/\/com.rst-steel.eu\/wp-content\/uploads\/2023\/04\/cropped-Rst-logo-valkoinen-teksti-3.png","width":512,"height":115,"caption":"RST-Steel Oy"},"image":{"@id":"https:\/\/com.rst-steel.eu\/#\/schema\/logo\/image\/"},"sameAs":["https:\/\/www.facebook.com\/rststeel","https:\/\/www.instagram.com\/rststeeloy\/"]}]}},"brands":[{"id":8332,"name":"Lazer Lamps","slug":"brand_lazerlamps"}],"_links":{"self":[{"href":"https:\/\/com.rst-steel.eu\/nb\/wp-json\/wp\/v2\/product\/46680","targetHints":{"allow":["GET"]}}],"collection":[{"href":"https:\/\/com.rst-steel.eu\/nb\/wp-json\/wp\/v2\/product"}],"about":[{"href":"https:\/\/com.rst-steel.eu\/nb\/wp-json\/wp\/v2\/types\/product"}],"replies":[{"embeddable":true,"href":"https:\/\/com.rst-steel.eu\/nb\/wp-json\/wp\/v2\/comments?post=46680"}],"version-history":[{"count":0,"href":"https:\/\/com.rst-steel.eu\/nb\/wp-json\/wp\/v2\/product\/46680\/revisions"}],"wp:featuredmedia":[{"embeddable":true,"href":"https:\/\/com.rst-steel.eu\/nb\/wp-json\/wp\/v2\/media\/46675"}],"wp:attachment":[{"href":"https:\/\/com.rst-steel.eu\/nb\/wp-json\/wp\/v2\/media?parent=46680"}],"wp:term":[{"taxonomy":"make_fuel_type","embeddable":true,"href":"https:\/\/com.rst-steel.eu\/nb\/wp-json\/wp\/v2\/make_fuel_type?post=46680"},{"taxonomy":"make_model","embeddable":true,"href":"https:\/\/com.rst-steel.eu\/nb\/wp-json\/wp\/v2\/make_model?post=46680"},{"taxonomy":"make_brand","embeddable":true,"href":"https:\/\/com.rst-steel.eu\/nb\/wp-json\/wp\/v2\/make_brand?post=46680"},{"taxonomy":"make_year","embeddable":true,"href":"https:\/\/com.rst-steel.eu\/nb\/wp-json\/wp\/v2\/make_year?post=46680"},{"taxonomy":"pwb-brand","embeddable":true,"href":"https:\/\/com.rst-steel.eu\/nb\/wp-json\/wp\/v2\/pwb-brand?post=46680"},{"taxonomy":"product_brand","embeddable":true,"href":"https:\/\/com.rst-steel.eu\/nb\/wp-json\/wp\/v2\/product_brand?post=46680"},{"taxonomy":"product_cat","embeddable":true,"href":"https:\/\/com.rst-steel.eu\/nb\/wp-json\/wp\/v2\/product_cat?post=46680"},{"taxonomy":"product_tag","embeddable":true,"href":"https:\/\/com.rst-steel.eu\/nb\/wp-json\/wp\/v2\/product_tag?post=46680"}],"curies":[{"name":"wp","href":"https:\/\/api.w.org\/{rel}","templated":true}]}}