{"id":46657,"date":"2024-09-25T13:38:33","date_gmt":"2024-09-25T10:38:33","guid":{"rendered":"https:\/\/rst-steel.com\/product\/lazer-glide_pr_82065\/"},"modified":"2026-03-16T09:17:36","modified_gmt":"2026-03-16T06:17:36","slug":"lazer-glide_pr_82065","status":"publish","type":"product","link":"https:\/\/com.rst-steel.eu\/nb\/produkt\/lazer-glide_pr_82065\/","title":{"rendered":"Lazer Glide"},"content":{"rendered":"<p>Lazer Glide<\/p>\n<p><\/p>\n<p>Vi presenterer Glide, verdens f\u00f8rste \"formede\" LED-lysbjelke. Glide har en monocoque-linsekonstruksjon som gir sv\u00e6rt vekteffektiv iboende styrke og robusthet, og er en serie 20-tommers buede lysbjelker som gir s\u00e5 mye, spesielt med tanke p\u00e5 den ekstremt lave profilen. Den misunnelsesverdige balansen mellom eksepsjonell lysytelse og estetikk i OE-kvalitet, som er tilpasset frontkonturene p\u00e5 en rekke ulike kj\u00f8ret\u00f8ytyper, -merker og -modeller, gj\u00f8r Glide til et eksepsjonelt valg, spesielt for personbiler og lette nyttekj\u00f8ret\u00f8y.<\/p>\n<p><\/p>\n<p>Glide-produktene representerer en utrolig verdi med tanke p\u00e5 design, ytelse og byggekvalitet. Kjernen er 18x premium bin-LED-er som arbeider sammen med det vakuummetalliserte optiske systemet for \u00e5 distribuere 11 500 lumen med sterk avstandsbelysning (1 lux ved 548 m) og 60 graders horisontal spredning av lyset.<\/p>\n<p><\/p>\n<p>Hver Glide-lampe har en innebygd Dynamic Dip-modus som gir en jevn overgang mellom h\u00f8y og lav effekt. Den lave lysstyrken gj\u00f8r det mulig \u00e5 kj\u00f8re i samsvar med UNECE-regulativ 149 (Double E-Mark) der lokale lover krever det, og\/eller en redusert lysstyrke som for eksempel reduserer blending fra sterkt reflekterende overflater som store veiskilt. Dynamic Dip-funksjonen aktiveres etter at lyset har v\u00e6rt p\u00e5 i mer enn 2 sekunder, ved at det blinker raskt og enkelt av og p\u00e5 igjen.<\/p>\n<p><\/p>\n<p>F\u00e5 b\u00e5de stil og sikkerhet med Glide LED-lyktestenger, som har et integrert hvitt posisjonslys (ekstrautstyr), fullt godkjent for bruk p\u00e5 vei i henhold til UNECE Reg 148-forskriftene. Hver lykt leveres med et sidemonteringssett, og det finnes flere monteringsalternativer for \u00e5 tilpasse oppsettet - velg mellom nummerskiltmontering eller et tyverisikret sidemonteringssett for ekstra trygghet. For montering av nummerskilt p\u00e5 undersiden b\u00f8r sidemonteringssettet brukes sammen med v\u00e5rt universelle nummerskiltmonteringssett (selges separat).<\/p>\n<p><\/p>\n<\/p>\n<p>Glide-serien med lavprofilerte, formede lysbjelker er, i likhet med alle Lazer LED-belysningsl\u00f8sninger, designet og produsert i henhold til uovertrufne standarder og fullpakket med avanserte og innovative funksjoner for \u00e5 maksimere ytelse og levetid. Med Glide kan du v\u00e6re helt sikker p\u00e5 at du f\u00e5r et eksepsjonelt avansert produktdesign, kombinert med overlegen belysning, alt sammen st\u00f8ttet av v\u00e5r omfattende 5-\u00e5rs garanti.<\/p>\n<p><\/p>\n<p>Egenskaper:<\/p>\n<ul>\n<li>\"Formet\" lysbjelke med spr\u00f8ytest\u00f8pt monocoque-linsekonstruksjon<\/li>\n<li>Buet og sv\u00e6rt lavprofilert lampedesign gj\u00f8r det enklere \u00e5 montere i kj\u00f8ret\u00f8yet i OE-kvalitet<\/li>\n<li>Patent-pending lamp design<\/li>\n<li>Inkorporering av de nyeste h\u00f8yintensive LED-lampene i \"premium bin<\/li>\n<li>Kombinasjonen av vakuum-metalliserte spot- og bredoptiske systemer gir optimal lysfordeling<\/li>\n<li>Dynamisk Dip-funksjon for overgang mellom h\u00f8y og lav utgangsmodus<\/li>\n<li>UNECE-godkjent Reg 149 (klasse B-kj\u00f8relys) for fjernlysfunksjon p\u00e5 vei - kun i Low Output\/E-Mark-modus<\/li>\n<li>Integrert funksjon for hvitt posisjonslys (tilleggsutstyr) - UNECE Reg 148-godkjent<\/li>\n<li>Bruk av svarte kretskort gir et moderne og skjult utseende<\/li>\n<li>\"Uknuselig\" polykarbonatlinse med hardcoat (med livstidsgaranti*)<\/li>\n<li>Teksturert effekt p\u00e5 undersiden av polykarbonatlinsen gir et unikt estetisk utseende<\/li>\n<li>5000K LED fargetemperatur og 80CRI maksimerer skarphet og definisjon<\/li>\n<li>Leveres med sidemonteringssett - tyverisikringssett for sidemontering er ogs\u00e5 tilgjengelig (selges separat)<\/li>\n<li>Elektronisk termisk styringssystem optimerer lyseffekten for \u00e5 bevare levetiden til lysdiodene<\/li>\n<li>Egen forbehandling og pulverlakk av bilkvalitet for optimal korrosjons- og kjemikaliebeskyttelse<\/li>\n<li>Overspenningsbeskyttet<\/li>\n<li>Beskyttet mot omvendt polaritet<\/li>\n<li>UNECE-godkjent Reg 10<\/li>\n<li>IP68 watertight \u2013 1.5m submersion (30mins)<\/li>\n<li>5 \u00e5rs garanti<\/li>\n<li>25 cm lampekabel med medf\u00f8lgende 2-pinners Superseal-kontakter (hann\/hunn)<\/li>\n<li>Designet og produsert i Storbritannia<\/li>\n<\/ul>\n<p><\/p>\n<p><span style=\"font-weight: bold\"><br \/><\/span><\/p>\n<p><span style=\"font-weight: bold\">Tekniske spesifikasjoner: Boost-modus \/ E-Mark-modus<\/span><\/p>\n<ul>\n<li>Voltage Range (DC): 10-32V<\/li>\n<li>LED Life: 50,000 hours<\/li>\n<li>Vekt: 0,68 kg<\/li>\n<\/ul>\n<p>&nbsp;<\/p>\n<p><span style=\"font-weight: bold\">Fjernlysfunksjon<\/span><\/p>\n<ul>\n<li>Total lysstr\u00f8m: 11 500 Lm \/ 4 025 Lm<\/li>\n<li>Total driver \"FOV\"-fluks \u2020: 6 958 Lm \/ 2 435 Lm<\/li>\n<li>Colour Temperature: 5000K<\/li>\n<li>Str\u00f8mforbruk: 120 watt \/ 42 watt<\/li>\n<li>Toppstr\u00f8mforbruk: 9,6 ampere \/ 2,6 ampere<\/li>\n<li>Str\u00f8mforbruk (14,4 V): 8,3 ampere \/ 2,3 ampere<\/li>\n<li>Kontakt: 2-pinners Superseal (+25 cm kabel)<\/li>\n<\/ul>\n<p>&nbsp;<\/p>\n<p><span style=\"font-weight: bold\">DIMENSIONS<\/span><\/p>\n<ul>\n<li>Bredde: 517 mm<\/li>\n<li>Dybde: 71 mm<\/li>\n<li>H\u00f8yde: 39 mm<\/li>\n<\/ul>\n<p>&nbsp;<\/p>\n<p><span style=\"font-weight: bold\">CERTIFICATION<\/span><\/p>\n<ul>\n<li>IP-klassifisering: IP68<\/li>\n<li>High Beam (E9 approval):&nbsp;ECE R149 (Double E-Mark) &#8211; Ref: 2x 12.5 (Low Output mode only)<\/li>\n<li>EMC-sertifisering: ECE R10<\/li>\n<li>Saltspraytest: ISO 9227<\/li>\n<li>Beskyttelse mot dumpelast: ISO 7637-2<\/li>\n<\/ul>\n<p>&nbsp;<\/p>\n<p><span style=\"font-weight: bold\">FOTOMETRISKE DATA<\/span><\/p>\n<p><span style=\"font-weight: bold\">Horizontal \/ Vertical Beam Angle<span>\t<\/span>60\u00b0 \/ 13\u00b0<\/span><\/p>\n<ul>\n<li>0,25 lx Linje: 1095m \/ 648m<\/li>\n<li>0,5 lx Linje: 775m \/ 458m<\/li>\n<li>1 lx Linje: 548m \/ 324m<\/li>\n<li>3 lx Linje: 316m \/ 187m<\/li>\n<\/ul>\n<p><\/p>\n<p><span style=\"font-weight: bold\">Innhold i leveransen:<\/span><\/p>\n<ul>\n<li>Glide LED-lysbjelke<\/li>\n<li>Sidemonteringssett<\/li>\n<li>Installasjonsinstruksjoner<\/li>\n<\/ul>","protected":false},"excerpt":{"rendered":"<p><span style=\"font-weight: bold\">Vi introduserer Glide, verdens f\u00f8rste \"formede\" LED-lysbjelke!<\/span><\/p>","protected":false},"featured_media":46652,"comment_status":"open","ping_status":"closed","template":"","meta":{"_improvement_type_select":"improve_an_existing","_thumb_yes_seoaic":false,"_frame_yes_seoaic":false,"seoaic_generate_description":"","seoaic_improve_instructions_prompt":"","seoaic_rollback_content_improvement":"","seoaic_idea_thumbnail_generator":"","thumbnail_generated":false,"thumbnail_generate_prompt":"","seoaic_article_description":""},"make_fuel_type":[],"make_model":[],"make_brand":[],"make_year":[],"pwb-brand":[8332],"product_brand":[],"product_cat":[6195,6209,6211,7215],"product_tag":[8498,7551,6298,8496],"class_list":{"0":"post-46657","1":"product","2":"type-product","3":"status-publish","4":"has-post-thumbnail","6":"pwb-brand-brand_lazerlamps","7":"product_cat-lamps","8":"product_cat-auxiliary-lights","9":"product_cat-lazer-lamps-auxiliary-lights","10":"product_cat-rstc-glide","11":"product_tag-auxiliary-light","12":"product_tag-extraljus","13":"product_tag-lazer-lamps","14":"product_tag-light-bar","16":"first","17":"instock","18":"taxable","19":"shipping-taxable","20":"purchasable","21":"product-type-simple"},"yoast_head":"<!-- This site is optimized with the Yoast SEO plugin v25.7 - https:\/\/yoast.com\/wordpress\/plugins\/seo\/ -->\n<title>Lazer Glide - RST-Steel<\/title>\n<meta name=\"description\" content=\"Lazer Glide is the world\u2019s first \u2018formed\u2019 LED light bar. Unlock both style and safety with Glide LED lightbar! 5-year warranty\" \/>\n<meta name=\"robots\" content=\"index, follow, max-snippet:-1, max-image-preview:large, max-video-preview:-1\" \/>\n<link rel=\"canonical\" href=\"https:\/\/com.rst-steel.eu\/nb\/produkt\/lazer-glide_pr_82065\/\" \/>\n<meta property=\"og:locale\" content=\"nb_NO\" \/>\n<meta property=\"og:type\" content=\"article\" \/>\n<meta property=\"og:title\" content=\"Lazer Glide - RST-Steel\" \/>\n<meta property=\"og:description\" content=\"Lazer Glide is the world\u2019s first \u2018formed\u2019 LED light bar. Unlock both style and safety with Glide LED lightbar! 5-year warranty\" \/>\n<meta property=\"og:url\" content=\"https:\/\/com.rst-steel.eu\/nb\/produkt\/lazer-glide_pr_82065\/\" \/>\n<meta property=\"og:site_name\" content=\"RST-Steel\" \/>\n<meta property=\"article:publisher\" content=\"https:\/\/www.facebook.com\/rststeel\" \/>\n<meta property=\"article:modified_time\" content=\"2026-03-16T06:17:36+00:00\" \/>\n<meta property=\"og:image\" content=\"https:\/\/com.rst-steel.eu\/wp-content\/uploads\/2024\/09\/ac85cca0f157c72775f522b17080b721666fb12d_Glide_Angled_Side_Mounts_WEB.jpg\" \/>\n\t<meta property=\"og:image:width\" content=\"1000\" \/>\n\t<meta property=\"og:image:height\" content=\"750\" \/>\n\t<meta property=\"og:image:type\" content=\"image\/jpeg\" \/>\n<meta name=\"twitter:card\" content=\"summary_large_image\" \/>\n<meta name=\"twitter:label1\" content=\"Ansl. lesetid\" \/>\n\t<meta name=\"twitter:data1\" content=\"4 minutter\" \/>\n<script type=\"application\/ld+json\" class=\"yoast-schema-graph\">{\"@context\":\"https:\/\/schema.org\",\"@graph\":[{\"@type\":\"WebPage\",\"@id\":\"https:\/\/com.rst-steel.eu\/nb\/produkt\/lazer-glide_pr_82065\/\",\"url\":\"https:\/\/com.rst-steel.eu\/nb\/produkt\/lazer-glide_pr_82065\/\",\"name\":\"Lazer Glide - RST-Steel\",\"isPartOf\":{\"@id\":\"https:\/\/com.rst-steel.eu\/#website\"},\"primaryImageOfPage\":{\"@id\":\"https:\/\/com.rst-steel.eu\/nb\/produkt\/lazer-glide_pr_82065\/#primaryimage\"},\"image\":{\"@id\":\"https:\/\/com.rst-steel.eu\/nb\/produkt\/lazer-glide_pr_82065\/#primaryimage\"},\"thumbnailUrl\":\"https:\/\/com.rst-steel.eu\/wp-content\/uploads\/2024\/09\/ac85cca0f157c72775f522b17080b721666fb12d_Glide_Angled_Side_Mounts_WEB.jpg\",\"datePublished\":\"2024-09-25T10:38:33+00:00\",\"dateModified\":\"2026-03-16T06:17:36+00:00\",\"description\":\"Lazer Glide is the world\u2019s first \u2018formed\u2019 LED light bar. Unlock both style and safety with Glide LED lightbar! 5-year warranty\",\"breadcrumb\":{\"@id\":\"https:\/\/com.rst-steel.eu\/nb\/produkt\/lazer-glide_pr_82065\/#breadcrumb\"},\"inLanguage\":\"nb-NO\",\"potentialAction\":[{\"@type\":\"ReadAction\",\"target\":[\"https:\/\/com.rst-steel.eu\/nb\/produkt\/lazer-glide_pr_82065\/\"]}]},{\"@type\":\"ImageObject\",\"inLanguage\":\"nb-NO\",\"@id\":\"https:\/\/com.rst-steel.eu\/nb\/produkt\/lazer-glide_pr_82065\/#primaryimage\",\"url\":\"https:\/\/com.rst-steel.eu\/wp-content\/uploads\/2024\/09\/ac85cca0f157c72775f522b17080b721666fb12d_Glide_Angled_Side_Mounts_WEB.jpg\",\"contentUrl\":\"https:\/\/com.rst-steel.eu\/wp-content\/uploads\/2024\/09\/ac85cca0f157c72775f522b17080b721666fb12d_Glide_Angled_Side_Mounts_WEB.jpg\",\"width\":1000,\"height\":750},{\"@type\":\"BreadcrumbList\",\"@id\":\"https:\/\/com.rst-steel.eu\/nb\/produkt\/lazer-glide_pr_82065\/#breadcrumb\",\"itemListElement\":[{\"@type\":\"ListItem\",\"position\":1,\"name\":\"Home\",\"item\":\"https:\/\/com.rst-steel.eu\/\"},{\"@type\":\"ListItem\",\"position\":2,\"name\":\"RST-Steel Shop\",\"item\":\"https:\/\/com.rst-steel.eu\/shop\/\"},{\"@type\":\"ListItem\",\"position\":3,\"name\":\"Lazer Glide\"}]},{\"@type\":\"WebSite\",\"@id\":\"https:\/\/com.rst-steel.eu\/#website\",\"url\":\"https:\/\/com.rst-steel.eu\/\",\"name\":\"RST-Steel.com\",\"description\":\"Finnish quality steel, for quality-conscious drivers\",\"publisher\":{\"@id\":\"https:\/\/com.rst-steel.eu\/#organization\"},\"alternateName\":\"Safe and stylish RST-Steel quality\",\"potentialAction\":[{\"@type\":\"SearchAction\",\"target\":{\"@type\":\"EntryPoint\",\"urlTemplate\":\"https:\/\/com.rst-steel.eu\/?s={search_term_string}\"},\"query-input\":{\"@type\":\"PropertyValueSpecification\",\"valueRequired\":true,\"valueName\":\"search_term_string\"}}],\"inLanguage\":\"nb-NO\"},{\"@type\":\"Organization\",\"@id\":\"https:\/\/com.rst-steel.eu\/#organization\",\"name\":\"RST-Steel Oy\",\"url\":\"https:\/\/com.rst-steel.eu\/\",\"logo\":{\"@type\":\"ImageObject\",\"inLanguage\":\"nb-NO\",\"@id\":\"https:\/\/com.rst-steel.eu\/#\/schema\/logo\/image\/\",\"url\":\"https:\/\/com.rst-steel.eu\/wp-content\/uploads\/2023\/04\/cropped-Rst-logo-valkoinen-teksti-3.png\",\"contentUrl\":\"https:\/\/com.rst-steel.eu\/wp-content\/uploads\/2023\/04\/cropped-Rst-logo-valkoinen-teksti-3.png\",\"width\":512,\"height\":115,\"caption\":\"RST-Steel Oy\"},\"image\":{\"@id\":\"https:\/\/com.rst-steel.eu\/#\/schema\/logo\/image\/\"},\"sameAs\":[\"https:\/\/www.facebook.com\/rststeel\",\"https:\/\/www.instagram.com\/rststeeloy\/\"]}]}<\/script>\n<!-- \/ Yoast SEO plugin. -->","yoast_head_json":{"title":"Lazer Glide - RST-Steel","description":"Lazer Glide er verdens f\u00f8rste \"formede\" LED-lysbjelke. F\u00e5 b\u00e5de stil og sikkerhet med Glide LED-lysbjelke! 5 \u00e5rs garanti","robots":{"index":"index","follow":"follow","max-snippet":"max-snippet:-1","max-image-preview":"max-image-preview:large","max-video-preview":"max-video-preview:-1"},"canonical":"https:\/\/com.rst-steel.eu\/nb\/produkt\/lazer-glide_pr_82065\/","og_locale":"nb_NO","og_type":"article","og_title":"Lazer Glide - RST-Steel","og_description":"Lazer Glide is the world\u2019s first \u2018formed\u2019 LED light bar. Unlock both style and safety with Glide LED lightbar! 5-year warranty","og_url":"https:\/\/com.rst-steel.eu\/nb\/produkt\/lazer-glide_pr_82065\/","og_site_name":"RST-Steel","article_publisher":"https:\/\/www.facebook.com\/rststeel","article_modified_time":"2026-03-16T06:17:36+00:00","og_image":[{"width":1000,"height":750,"url":"https:\/\/com.rst-steel.eu\/wp-content\/uploads\/2024\/09\/ac85cca0f157c72775f522b17080b721666fb12d_Glide_Angled_Side_Mounts_WEB.jpg","type":"image\/jpeg"}],"twitter_card":"summary_large_image","twitter_misc":{"Ansl. lesetid":"4 minutter"},"schema":{"@context":"https:\/\/schema.org","@graph":[{"@type":"WebPage","@id":"https:\/\/com.rst-steel.eu\/nb\/produkt\/lazer-glide_pr_82065\/","url":"https:\/\/com.rst-steel.eu\/nb\/produkt\/lazer-glide_pr_82065\/","name":"Lazer Glide - RST-Steel","isPartOf":{"@id":"https:\/\/com.rst-steel.eu\/#website"},"primaryImageOfPage":{"@id":"https:\/\/com.rst-steel.eu\/nb\/produkt\/lazer-glide_pr_82065\/#primaryimage"},"image":{"@id":"https:\/\/com.rst-steel.eu\/nb\/produkt\/lazer-glide_pr_82065\/#primaryimage"},"thumbnailUrl":"https:\/\/com.rst-steel.eu\/wp-content\/uploads\/2024\/09\/ac85cca0f157c72775f522b17080b721666fb12d_Glide_Angled_Side_Mounts_WEB.jpg","datePublished":"2024-09-25T10:38:33+00:00","dateModified":"2026-03-16T06:17:36+00:00","description":"Lazer Glide er verdens f\u00f8rste \"formede\" LED-lysbjelke. F\u00e5 b\u00e5de stil og sikkerhet med Glide LED-lysbjelke! 5 \u00e5rs garanti","breadcrumb":{"@id":"https:\/\/com.rst-steel.eu\/nb\/produkt\/lazer-glide_pr_82065\/#breadcrumb"},"inLanguage":"nb-NO","potentialAction":[{"@type":"ReadAction","target":["https:\/\/com.rst-steel.eu\/nb\/produkt\/lazer-glide_pr_82065\/"]}]},{"@type":"ImageObject","inLanguage":"nb-NO","@id":"https:\/\/com.rst-steel.eu\/nb\/produkt\/lazer-glide_pr_82065\/#primaryimage","url":"https:\/\/com.rst-steel.eu\/wp-content\/uploads\/2024\/09\/ac85cca0f157c72775f522b17080b721666fb12d_Glide_Angled_Side_Mounts_WEB.jpg","contentUrl":"https:\/\/com.rst-steel.eu\/wp-content\/uploads\/2024\/09\/ac85cca0f157c72775f522b17080b721666fb12d_Glide_Angled_Side_Mounts_WEB.jpg","width":1000,"height":750},{"@type":"BreadcrumbList","@id":"https:\/\/com.rst-steel.eu\/nb\/produkt\/lazer-glide_pr_82065\/#breadcrumb","itemListElement":[{"@type":"ListItem","position":1,"name":"Home","item":"https:\/\/com.rst-steel.eu\/"},{"@type":"ListItem","position":2,"name":"RST-Steel Shop","item":"https:\/\/com.rst-steel.eu\/shop\/"},{"@type":"ListItem","position":3,"name":"Lazer Glide"}]},{"@type":"WebSite","@id":"https:\/\/com.rst-steel.eu\/#website","url":"https:\/\/com.rst-steel.eu\/","name":"RST-Steel.com","description":"Finsk kvalitetsst\u00e5l, for kvalitetsbevisste sj\u00e5f\u00f8rer","publisher":{"@id":"https:\/\/com.rst-steel.eu\/#organization"},"alternateName":"Safe and stylish RST-Steel quality","potentialAction":[{"@type":"SearchAction","target":{"@type":"EntryPoint","urlTemplate":"https:\/\/com.rst-steel.eu\/?s={search_term_string}"},"query-input":{"@type":"PropertyValueSpecification","valueRequired":true,"valueName":"search_term_string"}}],"inLanguage":"nb-NO"},{"@type":"Organization","@id":"https:\/\/com.rst-steel.eu\/#organization","name":"RST-Steel Oy","url":"https:\/\/com.rst-steel.eu\/","logo":{"@type":"ImageObject","inLanguage":"nb-NO","@id":"https:\/\/com.rst-steel.eu\/#\/schema\/logo\/image\/","url":"https:\/\/com.rst-steel.eu\/wp-content\/uploads\/2023\/04\/cropped-Rst-logo-valkoinen-teksti-3.png","contentUrl":"https:\/\/com.rst-steel.eu\/wp-content\/uploads\/2023\/04\/cropped-Rst-logo-valkoinen-teksti-3.png","width":512,"height":115,"caption":"RST-Steel Oy"},"image":{"@id":"https:\/\/com.rst-steel.eu\/#\/schema\/logo\/image\/"},"sameAs":["https:\/\/www.facebook.com\/rststeel","https:\/\/www.instagram.com\/rststeeloy\/"]}]}},"brands":[{"id":8332,"name":"Lazer Lamps","slug":"brand_lazerlamps"}],"_links":{"self":[{"href":"https:\/\/com.rst-steel.eu\/nb\/wp-json\/wp\/v2\/product\/46657","targetHints":{"allow":["GET"]}}],"collection":[{"href":"https:\/\/com.rst-steel.eu\/nb\/wp-json\/wp\/v2\/product"}],"about":[{"href":"https:\/\/com.rst-steel.eu\/nb\/wp-json\/wp\/v2\/types\/product"}],"replies":[{"embeddable":true,"href":"https:\/\/com.rst-steel.eu\/nb\/wp-json\/wp\/v2\/comments?post=46657"}],"version-history":[{"count":0,"href":"https:\/\/com.rst-steel.eu\/nb\/wp-json\/wp\/v2\/product\/46657\/revisions"}],"wp:featuredmedia":[{"embeddable":true,"href":"https:\/\/com.rst-steel.eu\/nb\/wp-json\/wp\/v2\/media\/46652"}],"wp:attachment":[{"href":"https:\/\/com.rst-steel.eu\/nb\/wp-json\/wp\/v2\/media?parent=46657"}],"wp:term":[{"taxonomy":"make_fuel_type","embeddable":true,"href":"https:\/\/com.rst-steel.eu\/nb\/wp-json\/wp\/v2\/make_fuel_type?post=46657"},{"taxonomy":"make_model","embeddable":true,"href":"https:\/\/com.rst-steel.eu\/nb\/wp-json\/wp\/v2\/make_model?post=46657"},{"taxonomy":"make_brand","embeddable":true,"href":"https:\/\/com.rst-steel.eu\/nb\/wp-json\/wp\/v2\/make_brand?post=46657"},{"taxonomy":"make_year","embeddable":true,"href":"https:\/\/com.rst-steel.eu\/nb\/wp-json\/wp\/v2\/make_year?post=46657"},{"taxonomy":"pwb-brand","embeddable":true,"href":"https:\/\/com.rst-steel.eu\/nb\/wp-json\/wp\/v2\/pwb-brand?post=46657"},{"taxonomy":"product_brand","embeddable":true,"href":"https:\/\/com.rst-steel.eu\/nb\/wp-json\/wp\/v2\/product_brand?post=46657"},{"taxonomy":"product_cat","embeddable":true,"href":"https:\/\/com.rst-steel.eu\/nb\/wp-json\/wp\/v2\/product_cat?post=46657"},{"taxonomy":"product_tag","embeddable":true,"href":"https:\/\/com.rst-steel.eu\/nb\/wp-json\/wp\/v2\/product_tag?post=46657"}],"curies":[{"name":"wp","href":"https:\/\/api.w.org\/{rel}","templated":true}]}}