{"id":46634,"date":"2024-09-25T13:37:31","date_gmt":"2024-09-25T10:37:31","guid":{"rendered":"https:\/\/rst-steel.com\/product\/lazer-rp-spot_pr_76619\/"},"modified":"2026-03-16T09:16:11","modified_gmt":"2026-03-16T06:16:11","slug":"lazer-rp-spot_pr_76619","status":"publish","type":"product","link":"https:\/\/com.rst-steel.eu\/nb\/produkt\/lazer-rp-spot_pr_76619\/","title":{"rendered":"Lazer RP Spot"},"content":{"rendered":"<p><strong>Lazer RP Spot<\/strong><\/p>\n<p>RP Spot er en \"off-road\"-LED-lykt som er bygget for ytelse og holdbarhet. Lampen har 4 LED-lamper p\u00e5 20 W og produserer 8940 lumen, som i kombinasjon med den ultrareflekterende, vakuummetalliserte \"boost\"-optikken er spesialdesignet og konstruert for \u00e5 levere lys over en imponerende avstand (1 lux ved 392 m), men likevel med 20 graders lysspredning til venstre\/h\u00f8yre.<\/p>\n<p>For \u00e5 komplimentere og forsterke det imponerende lysutbyttet finnes det et omfattende utvalg av linsedeksler som kan klipses p\u00e5, inkludert gule og diffusorlinser. Et svart linsedeksel med merket \"Lazer\" f\u00f8lger med hver lykt.<\/p>\n<p>I likhet med alle Lazer Lamps' produkter er RP Spot designet, konstruert og produsert internt i Storbritannia. Produktet er bygget for \u00e5 t\u00e5le t\u00f8ffe milj\u00f8er, og st\u00f8ttes av v\u00e5r omfattende 5-\u00e5rs garanti. Designfunksjoner som elektronisk varmestyring, \"uknuselig\" polykarbonatlinse med hardlakk og en CAE-optimalisert kj\u00f8leribbe gj\u00f8r at dette er et produkt du kan stole p\u00e5 at vil levere i mange \u00e5r.<\/p>\n<p>&nbsp;<\/p>\n<p><strong>Viktige funksjoner<\/strong><\/p>\n<ul>\n<li>Utnytter 4 h\u00f8yintensive 20W LED-lamper<\/li>\n<li>Vakuum-metallisert \"boost\"-optikk gir punktstr\u00e5lem\u00f8nster<\/li>\n<li>Lampehus i aluminium av marin kvalitet<\/li>\n<li>A2-fester i rustfritt st\u00e5l, deltaforseglet for maksimal korrosjonsbeskyttelse.<\/li>\n<li>CAE-optimalisert kj\u00f8lesystem med elektronisk varmestyring<\/li>\n<li>5000k fargetemperatur<\/li>\n<li>Comprehensive range of lens covers available<\/li>\n<li>St\u00f8pt, kraftig monteringsbrakett<\/li>\n<li>\u2018Unbreakable\u2019 polycarbonate lens with hardcoat<\/li>\n<li>Korrosjonsbestandighet i bilindustrien<\/li>\n<li>IP68 \/ IP69k approved<\/li>\n<li>Overspenningsbeskyttet<\/li>\n<li>Beskyttet mot omvendt polaritet<\/li>\n<li>Inkluderer Deutsch-kontakter (2-pinners han\/hunn)<\/li>\n<li>5year warranty<\/li>\n<li>Produsert i Storbritannia<\/li>\n<\/ul>\n<p>&nbsp;<\/p>\n<p><span style=\"font-weight: bold\">Tekniske spesifikasjoner:<\/span><\/p>\n<ul>\n<li>Voltage Range (DC): 10-32V<\/li>\n<li>LED-levetid: 50 000 timer<\/li>\n<li>Vekt: 1,1 kg<\/li>\n<\/ul>\n<p>&nbsp;<\/p>\n<p><strong>Fjernlysfunksjon<\/strong><\/p>\n<ul>\n<li>Total Luminous Flux: 8940 Lm<\/li>\n<li>Total driver 'FOV'-fluks: 6079 Lm<\/li>\n<li>Colour Temperature: 5000k<\/li>\n<li>Number of High Output LEDs: 4<\/li>\n<li>Str\u00f8mforbruk: 80 W<\/li>\n<li>Str\u00f8mforbruk (ved 14,4 V): 5.6 A<\/li>\n<\/ul>\n<p>&nbsp;<\/p>\n<p><strong>DIMENSJONER<\/strong><\/p>\n<ul>\n<li>Bredde: 107 mm<\/li>\n<li>Dybde: 108 mm<\/li>\n<li>H\u00f8yde: 107 mm<\/li>\n<\/ul>\n<p>&nbsp;<\/p>\n<p><strong>FOTOMETRISKE DATA<\/strong><br \/><strong>Horisontal str\u00e5levinkel 20\u00b0.<\/strong><\/p>\n<ul>\n<li>0,25 Lux Linje: 785m<\/li>\n<li>0,5 Lux Linje: 555 m<\/li>\n<li>1 Lux Line: 392 m<\/li>\n<li>3 Lux Line: 227 m<\/li>\n<\/ul>\n<p><strong>Driverens FOV-fluks er et m\u00e5l p\u00e5 effektiv lumen som tar hensyn til lysmengden i driverens \"synsfelt\", definert som et omr\u00e5de +\/- 45o til h\u00f8yre\/venstre og +\/- 10o opp\/ned.<\/strong><\/p>\n<p>&nbsp;<\/p>","protected":false},"excerpt":{"rendered":"<p>The RP Spot is an \u2018off-road\u2019 LED light built for performance and durability. Boasting 4x premium-bin 20W LEDs, the lamp produces 8,940 raw lumens<\/p>","protected":false},"featured_media":46630,"comment_status":"open","ping_status":"closed","template":"","meta":{"_improvement_type_select":"improve_an_existing","_thumb_yes_seoaic":false,"_frame_yes_seoaic":false,"seoaic_generate_description":"","seoaic_improve_instructions_prompt":"","seoaic_rollback_content_improvement":"","seoaic_idea_thumbnail_generator":"","thumbnail_generated":false,"thumbnail_generate_prompt":"","seoaic_article_description":""},"make_fuel_type":[],"make_model":[],"make_brand":[],"make_year":[],"pwb-brand":[8332],"product_brand":[],"product_cat":[6195,6209,6211,7216],"product_tag":[6298],"class_list":{"0":"post-46634","1":"product","2":"type-product","3":"status-publish","4":"has-post-thumbnail","6":"pwb-brand-brand_lazerlamps","7":"product_cat-lamps","8":"product_cat-auxiliary-lights","9":"product_cat-lazer-lamps-auxiliary-lights","10":"product_cat-rstc-rp-series","11":"product_tag-lazer-lamps","13":"first","14":"onbackorder","15":"taxable","16":"shipping-taxable","17":"purchasable","18":"product-type-simple"},"yoast_head":"<!-- This site is optimized with the Yoast SEO plugin v25.7 - https:\/\/yoast.com\/wordpress\/plugins\/seo\/ -->\n<title>Lazer RP Spot - RST-Steel<\/title>\n<meta name=\"description\" content=\"The RP Spot is a durable off-road LED light with 8,940 lumens, boost optics, lens cover options, and with long 5-year warranty.\" \/>\n<meta name=\"robots\" content=\"index, follow, max-snippet:-1, max-image-preview:large, max-video-preview:-1\" \/>\n<link rel=\"canonical\" href=\"https:\/\/com.rst-steel.eu\/nb\/produkt\/lazer-rp-spot_pr_76619\/\" \/>\n<meta property=\"og:locale\" content=\"nb_NO\" \/>\n<meta property=\"og:type\" content=\"article\" \/>\n<meta property=\"og:title\" content=\"Lazer RP Spot - RST-Steel\" \/>\n<meta property=\"og:description\" content=\"The RP Spot is a durable off-road LED light with 8,940 lumens, boost optics, lens cover options, and with long 5-year warranty.\" \/>\n<meta property=\"og:url\" content=\"https:\/\/com.rst-steel.eu\/nb\/produkt\/lazer-rp-spot_pr_76619\/\" \/>\n<meta property=\"og:site_name\" content=\"RST-Steel\" \/>\n<meta property=\"article:publisher\" content=\"https:\/\/www.facebook.com\/rststeel\" \/>\n<meta property=\"article:modified_time\" content=\"2026-03-16T06:16:11+00:00\" \/>\n<meta property=\"og:image\" content=\"https:\/\/com.rst-steel.eu\/wp-content\/uploads\/2024\/09\/aa3ebfb4a99ec7eb4071b55f0f19d88e25eb0556_LZ6024_0003_1.jpg\" \/>\n\t<meta property=\"og:image:width\" content=\"1000\" \/>\n\t<meta property=\"og:image:height\" content=\"750\" \/>\n\t<meta property=\"og:image:type\" content=\"image\/jpeg\" \/>\n<meta name=\"twitter:card\" content=\"summary_large_image\" \/>\n<meta name=\"twitter:label1\" content=\"Ansl. lesetid\" \/>\n\t<meta name=\"twitter:data1\" content=\"2 minutter\" \/>\n<script type=\"application\/ld+json\" class=\"yoast-schema-graph\">{\"@context\":\"https:\/\/schema.org\",\"@graph\":[{\"@type\":\"WebPage\",\"@id\":\"https:\/\/com.rst-steel.eu\/product\/lazer-rp-spot_pr_76619\/\",\"url\":\"https:\/\/com.rst-steel.eu\/product\/lazer-rp-spot_pr_76619\/\",\"name\":\"Lazer RP Spot - RST-Steel\",\"isPartOf\":{\"@id\":\"https:\/\/com.rst-steel.eu\/#website\"},\"primaryImageOfPage\":{\"@id\":\"https:\/\/com.rst-steel.eu\/product\/lazer-rp-spot_pr_76619\/#primaryimage\"},\"image\":{\"@id\":\"https:\/\/com.rst-steel.eu\/product\/lazer-rp-spot_pr_76619\/#primaryimage\"},\"thumbnailUrl\":\"https:\/\/com.rst-steel.eu\/wp-content\/uploads\/2024\/09\/aa3ebfb4a99ec7eb4071b55f0f19d88e25eb0556_LZ6024_0003_1.jpg\",\"datePublished\":\"2024-09-25T10:37:31+00:00\",\"dateModified\":\"2026-03-16T06:16:11+00:00\",\"description\":\"The RP Spot is a durable off-road LED light with 8,940 lumens, boost optics, lens cover options, and with long 5-year warranty.\",\"breadcrumb\":{\"@id\":\"https:\/\/com.rst-steel.eu\/product\/lazer-rp-spot_pr_76619\/#breadcrumb\"},\"inLanguage\":\"nb-NO\",\"potentialAction\":[{\"@type\":\"ReadAction\",\"target\":[\"https:\/\/com.rst-steel.eu\/product\/lazer-rp-spot_pr_76619\/\"]}]},{\"@type\":\"ImageObject\",\"inLanguage\":\"nb-NO\",\"@id\":\"https:\/\/com.rst-steel.eu\/product\/lazer-rp-spot_pr_76619\/#primaryimage\",\"url\":\"https:\/\/com.rst-steel.eu\/wp-content\/uploads\/2024\/09\/aa3ebfb4a99ec7eb4071b55f0f19d88e25eb0556_LZ6024_0003_1.jpg\",\"contentUrl\":\"https:\/\/com.rst-steel.eu\/wp-content\/uploads\/2024\/09\/aa3ebfb4a99ec7eb4071b55f0f19d88e25eb0556_LZ6024_0003_1.jpg\",\"width\":1000,\"height\":750,\"caption\":\"Lazer RP Spot\"},{\"@type\":\"BreadcrumbList\",\"@id\":\"https:\/\/com.rst-steel.eu\/product\/lazer-rp-spot_pr_76619\/#breadcrumb\",\"itemListElement\":[{\"@type\":\"ListItem\",\"position\":1,\"name\":\"Home\",\"item\":\"https:\/\/com.rst-steel.eu\/\"},{\"@type\":\"ListItem\",\"position\":2,\"name\":\"RST-Steel Shop\",\"item\":\"https:\/\/com.rst-steel.eu\/shop\/\"},{\"@type\":\"ListItem\",\"position\":3,\"name\":\"Lazer RP Spot\"}]},{\"@type\":\"WebSite\",\"@id\":\"https:\/\/com.rst-steel.eu\/#website\",\"url\":\"https:\/\/com.rst-steel.eu\/\",\"name\":\"RST-Steel.com\",\"description\":\"Finnish quality steel, for quality-conscious drivers\",\"publisher\":{\"@id\":\"https:\/\/com.rst-steel.eu\/#organization\"},\"alternateName\":\"Safe and stylish RST-Steel quality\",\"potentialAction\":[{\"@type\":\"SearchAction\",\"target\":{\"@type\":\"EntryPoint\",\"urlTemplate\":\"https:\/\/com.rst-steel.eu\/?s={search_term_string}\"},\"query-input\":{\"@type\":\"PropertyValueSpecification\",\"valueRequired\":true,\"valueName\":\"search_term_string\"}}],\"inLanguage\":\"nb-NO\"},{\"@type\":\"Organization\",\"@id\":\"https:\/\/com.rst-steel.eu\/#organization\",\"name\":\"RST-Steel Oy\",\"url\":\"https:\/\/com.rst-steel.eu\/\",\"logo\":{\"@type\":\"ImageObject\",\"inLanguage\":\"nb-NO\",\"@id\":\"https:\/\/com.rst-steel.eu\/#\/schema\/logo\/image\/\",\"url\":\"https:\/\/com.rst-steel.eu\/wp-content\/uploads\/2023\/04\/cropped-Rst-logo-valkoinen-teksti-3.png\",\"contentUrl\":\"https:\/\/com.rst-steel.eu\/wp-content\/uploads\/2023\/04\/cropped-Rst-logo-valkoinen-teksti-3.png\",\"width\":512,\"height\":115,\"caption\":\"RST-Steel Oy\"},\"image\":{\"@id\":\"https:\/\/com.rst-steel.eu\/#\/schema\/logo\/image\/\"},\"sameAs\":[\"https:\/\/www.facebook.com\/rststeel\",\"https:\/\/www.instagram.com\/rststeeloy\/\"]}]}<\/script>\n<!-- \/ Yoast SEO plugin. -->","yoast_head_json":{"title":"Lazer RP Spot - RST-Steel","description":"RP Spot er en slitesterk offroad-LED-lykt med 8 940 lumen, boost-optikk, linsedekselalternativer og 5 \u00e5rs garanti.","robots":{"index":"index","follow":"follow","max-snippet":"max-snippet:-1","max-image-preview":"max-image-preview:large","max-video-preview":"max-video-preview:-1"},"canonical":"https:\/\/com.rst-steel.eu\/nb\/produkt\/lazer-rp-spot_pr_76619\/","og_locale":"nb_NO","og_type":"article","og_title":"Lazer RP Spot - RST-Steel","og_description":"The RP Spot is a durable off-road LED light with 8,940 lumens, boost optics, lens cover options, and with long 5-year warranty.","og_url":"https:\/\/com.rst-steel.eu\/nb\/produkt\/lazer-rp-spot_pr_76619\/","og_site_name":"RST-Steel","article_publisher":"https:\/\/www.facebook.com\/rststeel","article_modified_time":"2026-03-16T06:16:11+00:00","og_image":[{"width":1000,"height":750,"url":"https:\/\/com.rst-steel.eu\/wp-content\/uploads\/2024\/09\/aa3ebfb4a99ec7eb4071b55f0f19d88e25eb0556_LZ6024_0003_1.jpg","type":"image\/jpeg"}],"twitter_card":"summary_large_image","twitter_misc":{"Ansl. lesetid":"2 minutter"},"schema":{"@context":"https:\/\/schema.org","@graph":[{"@type":"WebPage","@id":"https:\/\/com.rst-steel.eu\/product\/lazer-rp-spot_pr_76619\/","url":"https:\/\/com.rst-steel.eu\/product\/lazer-rp-spot_pr_76619\/","name":"Lazer RP Spot - RST-Steel","isPartOf":{"@id":"https:\/\/com.rst-steel.eu\/#website"},"primaryImageOfPage":{"@id":"https:\/\/com.rst-steel.eu\/product\/lazer-rp-spot_pr_76619\/#primaryimage"},"image":{"@id":"https:\/\/com.rst-steel.eu\/product\/lazer-rp-spot_pr_76619\/#primaryimage"},"thumbnailUrl":"https:\/\/com.rst-steel.eu\/wp-content\/uploads\/2024\/09\/aa3ebfb4a99ec7eb4071b55f0f19d88e25eb0556_LZ6024_0003_1.jpg","datePublished":"2024-09-25T10:37:31+00:00","dateModified":"2026-03-16T06:16:11+00:00","description":"RP Spot er en slitesterk offroad-LED-lykt med 8 940 lumen, boost-optikk, linsedekselalternativer og 5 \u00e5rs garanti.","breadcrumb":{"@id":"https:\/\/com.rst-steel.eu\/product\/lazer-rp-spot_pr_76619\/#breadcrumb"},"inLanguage":"nb-NO","potentialAction":[{"@type":"ReadAction","target":["https:\/\/com.rst-steel.eu\/product\/lazer-rp-spot_pr_76619\/"]}]},{"@type":"ImageObject","inLanguage":"nb-NO","@id":"https:\/\/com.rst-steel.eu\/product\/lazer-rp-spot_pr_76619\/#primaryimage","url":"https:\/\/com.rst-steel.eu\/wp-content\/uploads\/2024\/09\/aa3ebfb4a99ec7eb4071b55f0f19d88e25eb0556_LZ6024_0003_1.jpg","contentUrl":"https:\/\/com.rst-steel.eu\/wp-content\/uploads\/2024\/09\/aa3ebfb4a99ec7eb4071b55f0f19d88e25eb0556_LZ6024_0003_1.jpg","width":1000,"height":750,"caption":"Lazer RP Spot"},{"@type":"BreadcrumbList","@id":"https:\/\/com.rst-steel.eu\/product\/lazer-rp-spot_pr_76619\/#breadcrumb","itemListElement":[{"@type":"ListItem","position":1,"name":"Home","item":"https:\/\/com.rst-steel.eu\/"},{"@type":"ListItem","position":2,"name":"RST-Steel Shop","item":"https:\/\/com.rst-steel.eu\/shop\/"},{"@type":"ListItem","position":3,"name":"Lazer RP Spot"}]},{"@type":"WebSite","@id":"https:\/\/com.rst-steel.eu\/#website","url":"https:\/\/com.rst-steel.eu\/","name":"RST-Steel.com","description":"Finsk kvalitetsst\u00e5l, for kvalitetsbevisste sj\u00e5f\u00f8rer","publisher":{"@id":"https:\/\/com.rst-steel.eu\/#organization"},"alternateName":"Safe and stylish RST-Steel quality","potentialAction":[{"@type":"SearchAction","target":{"@type":"EntryPoint","urlTemplate":"https:\/\/com.rst-steel.eu\/?s={search_term_string}"},"query-input":{"@type":"PropertyValueSpecification","valueRequired":true,"valueName":"search_term_string"}}],"inLanguage":"nb-NO"},{"@type":"Organization","@id":"https:\/\/com.rst-steel.eu\/#organization","name":"RST-Steel Oy","url":"https:\/\/com.rst-steel.eu\/","logo":{"@type":"ImageObject","inLanguage":"nb-NO","@id":"https:\/\/com.rst-steel.eu\/#\/schema\/logo\/image\/","url":"https:\/\/com.rst-steel.eu\/wp-content\/uploads\/2023\/04\/cropped-Rst-logo-valkoinen-teksti-3.png","contentUrl":"https:\/\/com.rst-steel.eu\/wp-content\/uploads\/2023\/04\/cropped-Rst-logo-valkoinen-teksti-3.png","width":512,"height":115,"caption":"RST-Steel Oy"},"image":{"@id":"https:\/\/com.rst-steel.eu\/#\/schema\/logo\/image\/"},"sameAs":["https:\/\/www.facebook.com\/rststeel","https:\/\/www.instagram.com\/rststeeloy\/"]}]}},"brands":[{"id":8332,"name":"Lazer Lamps","slug":"brand_lazerlamps"}],"_links":{"self":[{"href":"https:\/\/com.rst-steel.eu\/nb\/wp-json\/wp\/v2\/product\/46634","targetHints":{"allow":["GET"]}}],"collection":[{"href":"https:\/\/com.rst-steel.eu\/nb\/wp-json\/wp\/v2\/product"}],"about":[{"href":"https:\/\/com.rst-steel.eu\/nb\/wp-json\/wp\/v2\/types\/product"}],"replies":[{"embeddable":true,"href":"https:\/\/com.rst-steel.eu\/nb\/wp-json\/wp\/v2\/comments?post=46634"}],"version-history":[{"count":0,"href":"https:\/\/com.rst-steel.eu\/nb\/wp-json\/wp\/v2\/product\/46634\/revisions"}],"wp:featuredmedia":[{"embeddable":true,"href":"https:\/\/com.rst-steel.eu\/nb\/wp-json\/wp\/v2\/media\/46630"}],"wp:attachment":[{"href":"https:\/\/com.rst-steel.eu\/nb\/wp-json\/wp\/v2\/media?parent=46634"}],"wp:term":[{"taxonomy":"make_fuel_type","embeddable":true,"href":"https:\/\/com.rst-steel.eu\/nb\/wp-json\/wp\/v2\/make_fuel_type?post=46634"},{"taxonomy":"make_model","embeddable":true,"href":"https:\/\/com.rst-steel.eu\/nb\/wp-json\/wp\/v2\/make_model?post=46634"},{"taxonomy":"make_brand","embeddable":true,"href":"https:\/\/com.rst-steel.eu\/nb\/wp-json\/wp\/v2\/make_brand?post=46634"},{"taxonomy":"make_year","embeddable":true,"href":"https:\/\/com.rst-steel.eu\/nb\/wp-json\/wp\/v2\/make_year?post=46634"},{"taxonomy":"pwb-brand","embeddable":true,"href":"https:\/\/com.rst-steel.eu\/nb\/wp-json\/wp\/v2\/pwb-brand?post=46634"},{"taxonomy":"product_brand","embeddable":true,"href":"https:\/\/com.rst-steel.eu\/nb\/wp-json\/wp\/v2\/product_brand?post=46634"},{"taxonomy":"product_cat","embeddable":true,"href":"https:\/\/com.rst-steel.eu\/nb\/wp-json\/wp\/v2\/product_cat?post=46634"},{"taxonomy":"product_tag","embeddable":true,"href":"https:\/\/com.rst-steel.eu\/nb\/wp-json\/wp\/v2\/product_tag?post=46634"}],"curies":[{"name":"wp","href":"https:\/\/api.w.org\/{rel}","templated":true}]}}