{"id":46621,"date":"2024-09-25T13:36:21","date_gmt":"2024-09-25T10:36:21","guid":{"rendered":"https:\/\/rst-steel.com\/product\/truckstyle-sweden-sunsivor-std-30cm-scania-ng-2017-_prm_68973\/"},"modified":"2026-03-16T09:13:58","modified_gmt":"2026-03-16T06:13:58","slug":"truckstyle-sweden-sunsivor-std-30cm-scania-ng-2017-_prm_68973","status":"publish","type":"product","link":"https:\/\/com.rst-steel.eu\/nb\/produkt\/truckstyle-sweden-sunsivor-std-30cm-scania-ng-2017-_prm_68973\/","title":{"rendered":"Truckstyle Sweden Sunsivor STD 30cm Scania NG 2017-"},"content":{"rendered":"<p>Truckstyle Sweden Sunsivor STD 30cm Scania NG 2017-<\/p>\n<p>&nbsp;<\/p>\n<p>Solskjermene produseres av glassfiberarmert plast, og b\u00e5de den ytre og indre overflaten har en glatt finish. Glassfiber er et eksepsjonelt materiale for solskjermer, og gir den beste balansen mellom pris, vekt og holdbarhet.<\/p>\n<p>&nbsp;<\/p>\n<p>Solskjermen er designet for perfekt passform og kan enkelt monteres p\u00e5 alle NextGen-f\u00f8rerhus, uansett om de er fra L-, P-, G-, R-, S- eller XT-serien. Hver solskjerm leveres med speilforlenger og avstandsstykker uten ekstra kostnad.<\/p>\n<p>&nbsp;<\/p>\n<p>Alle fester er de samme som for den originale solskjermen. Dette inkluderer feste av den originale \u00f8vre delen til solskjermen, noe som gj\u00f8r monteringen sv\u00e6rt enkel.<\/p>\n<p>&nbsp;<\/p>\n<p><span style=\"font-weight: bold;\">Teknisk informasjon:<\/span><\/p>\n<ul>\n<li>H\u00f8yde p\u00e5 kantene: 30 cm<\/li>\n<li>H\u00f8yde i midten: 27 cm<\/li>\n<\/ul>\n<p>&nbsp;<\/p>\n<p><span style=\"font-weight: bold;\">Merknad<\/span>: Solskjermene leveres uten toppdel og lys med mindre annet er spesifisert. Noen bilder kan vise tilleggsutstyr for \u00e5 gi et komplett visuelt inntrykk.<\/p>\n<h3>Inkluderte produkter<\/h3>\n<ul id=\"pim-included-kit-products\">\n<li>Truckstyle Sweden Sunsivor STD 30cm Scania NG 2017- : 1<\/li>\n<li>Aurinkolipan maalaus (perusv\u00e4ri) : 1<\/li>\n<\/ul>","protected":false},"excerpt":{"rendered":"<p><span style=\"font-weight: bold;\">\u00a0Kan enkelt installeres p\u00e5 alle NextGen-hytter!<\/span><\/p>","protected":false},"featured_media":121612,"comment_status":"open","ping_status":"closed","template":"","meta":{"_improvement_type_select":"improve_an_existing","_thumb_yes_seoaic":false,"_frame_yes_seoaic":false,"seoaic_generate_description":"","seoaic_improve_instructions_prompt":"","seoaic_rollback_content_improvement":"","seoaic_idea_thumbnail_generator":"","thumbnail_generated":false,"thumbnail_generate_prompt":"","seoaic_article_description":""},"make_fuel_type":[],"make_model":[5614,2529,5608,5620,5623,5624],"make_brand":[3744],"make_year":[3748],"pwb-brand":[8341],"product_brand":[],"product_cat":[8137,7210,7213],"product_tag":[8488,8494],"class_list":{"0":"post-46621","1":"product","2":"type-product","3":"status-publish","4":"has-post-thumbnail","6":"make_engine-daycab-low-cg","7":"make_engine-daycab-low-cp","8":"make_engine-daycab-low-cr","9":"make_engine-daycab-normal-cg","10":"make_engine-daycab-normal-cp","11":"make_engine-daycab-normal-cr","12":"make_engine-scng-sleeper-cab","13":"make_engine-sleepercab-highline-cg","14":"make_engine-sleepercab-high-cp","15":"make_engine-sleepercab-highline-cr","16":"make_engine-sleepercab-highline-cs","17":"make_engine-sleepercab-low-cg","18":"make_engine-sleepercab-low-cl-2","19":"make_engine-scng-sleeper-cab-low-cp20l","20":"make_engine-sleepercab-low-cr","21":"make_engine-sleepercab-normal-cg","22":"make_engine-sleepercab-normal-cl","23":"make_engine-sleepercab-normal-cp","24":"make_engine-sleepercab-normal-cr","25":"make_engine-sleepercab-normal-cs","26":"make_engine-low-cp20l","27":"make_model-nextgen-g-2017","28":"make_model-nextgen-2017","29":"make_model-nextgen-p-2017","30":"make_model-nextgen-r-2017","31":"make_model-nextgen-s-2017","32":"make_model-nextgen-xt-2017","33":"make_brand-scania","34":"make_year-trucks","35":"pwb-brand-brand_truckstylesweden","36":"product_cat-sunvisors-scania","37":"product_cat-sun-visors-and-wind-deflectors","38":"product_cat-sun-visors-for-trucks","39":"product_tag-scania","40":"product_tag-scania-nextgen","41":"product_shipping_class-erikoispitka","43":"first","44":"instock","45":"taxable","46":"shipping-taxable","47":"purchasable","48":"product-type-variable"},"yoast_head":"<!-- This site is optimized with the Yoast SEO plugin v25.7 - https:\/\/yoast.com\/wordpress\/plugins\/seo\/ -->\n<title>Truckstyle Sweden Sunsivor STD 30cm Scania NG 2017- RST-Steel<\/title>\n<meta name=\"description\" content=\"Truckstyle Sweden Sunsivor STD 30cm Scania NextGen 2017- models. Perfect fit and can be easily installed on all NextGen cabins!\" \/>\n<meta name=\"robots\" content=\"index, follow, max-snippet:-1, max-image-preview:large, max-video-preview:-1\" \/>\n<link rel=\"canonical\" href=\"https:\/\/com.rst-steel.eu\/nb\/produkt\/truckstyle-sweden-sunsivor-std-30cm-scania-ng-2017-_prm_68973\/\" \/>\n<meta property=\"og:locale\" content=\"nb_NO\" \/>\n<meta property=\"og:type\" content=\"article\" \/>\n<meta property=\"og:title\" content=\"Truckstyle Sweden Sunsivor STD 30cm Scania NG 2017- RST-Steel\" \/>\n<meta property=\"og:description\" content=\"Truckstyle Sweden Sunsivor STD 30cm Scania NextGen 2017- models. Perfect fit and can be easily installed on all NextGen cabins!\" \/>\n<meta property=\"og:url\" content=\"https:\/\/com.rst-steel.eu\/nb\/produkt\/truckstyle-sweden-sunsivor-std-30cm-scania-ng-2017-_prm_68973\/\" \/>\n<meta property=\"og:site_name\" content=\"RST-Steel\" \/>\n<meta property=\"article:publisher\" content=\"https:\/\/www.facebook.com\/rststeel\" \/>\n<meta property=\"article:modified_time\" content=\"2026-03-16T06:13:58+00:00\" \/>\n<meta property=\"og:image\" content=\"https:\/\/com.rst-steel.eu\/wp-content\/uploads\/2026\/02\/fdbe743f5cce6e4a689ccfbf00ea5e6d2bae5c6e_801132_web.jpg\" \/>\n\t<meta property=\"og:image:width\" content=\"1000\" \/>\n\t<meta property=\"og:image:height\" content=\"750\" \/>\n\t<meta property=\"og:image:type\" content=\"image\/jpeg\" \/>\n<meta name=\"twitter:card\" content=\"summary_large_image\" \/>\n<meta name=\"twitter:label1\" content=\"Ansl. lesetid\" \/>\n\t<meta name=\"twitter:data1\" content=\"1 minutt\" \/>\n<script type=\"application\/ld+json\" class=\"yoast-schema-graph\">{\"@context\":\"https:\/\/schema.org\",\"@graph\":[{\"@type\":\"WebPage\",\"@id\":\"https:\/\/com.rst-steel.eu\/nb\/produkt\/truckstyle-sweden-sunsivor-std-30cm-scania-ng-2017-_prm_68973\/\",\"url\":\"https:\/\/com.rst-steel.eu\/nb\/produkt\/truckstyle-sweden-sunsivor-std-30cm-scania-ng-2017-_prm_68973\/\",\"name\":\"Truckstyle Sweden Sunsivor STD 30cm Scania NG 2017- RST-Steel\",\"isPartOf\":{\"@id\":\"https:\/\/com.rst-steel.eu\/#website\"},\"primaryImageOfPage\":{\"@id\":\"https:\/\/com.rst-steel.eu\/nb\/produkt\/truckstyle-sweden-sunsivor-std-30cm-scania-ng-2017-_prm_68973\/#primaryimage\"},\"image\":{\"@id\":\"https:\/\/com.rst-steel.eu\/nb\/produkt\/truckstyle-sweden-sunsivor-std-30cm-scania-ng-2017-_prm_68973\/#primaryimage\"},\"thumbnailUrl\":\"https:\/\/com.rst-steel.eu\/wp-content\/uploads\/2026\/02\/fdbe743f5cce6e4a689ccfbf00ea5e6d2bae5c6e_801132_web.jpg\",\"datePublished\":\"2024-09-25T10:36:21+00:00\",\"dateModified\":\"2026-03-16T06:13:58+00:00\",\"description\":\"Truckstyle Sweden Sunsivor STD 30cm Scania NextGen 2017- models. Perfect fit and can be easily installed on all NextGen cabins!\",\"breadcrumb\":{\"@id\":\"https:\/\/com.rst-steel.eu\/nb\/produkt\/truckstyle-sweden-sunsivor-std-30cm-scania-ng-2017-_prm_68973\/#breadcrumb\"},\"inLanguage\":\"nb-NO\",\"potentialAction\":[{\"@type\":\"ReadAction\",\"target\":[\"https:\/\/com.rst-steel.eu\/nb\/produkt\/truckstyle-sweden-sunsivor-std-30cm-scania-ng-2017-_prm_68973\/\"]}]},{\"@type\":\"ImageObject\",\"inLanguage\":\"nb-NO\",\"@id\":\"https:\/\/com.rst-steel.eu\/nb\/produkt\/truckstyle-sweden-sunsivor-std-30cm-scania-ng-2017-_prm_68973\/#primaryimage\",\"url\":\"https:\/\/com.rst-steel.eu\/wp-content\/uploads\/2026\/02\/fdbe743f5cce6e4a689ccfbf00ea5e6d2bae5c6e_801132_web.jpg\",\"contentUrl\":\"https:\/\/com.rst-steel.eu\/wp-content\/uploads\/2026\/02\/fdbe743f5cce6e4a689ccfbf00ea5e6d2bae5c6e_801132_web.jpg\",\"width\":1000,\"height\":750},{\"@type\":\"BreadcrumbList\",\"@id\":\"https:\/\/com.rst-steel.eu\/nb\/produkt\/truckstyle-sweden-sunsivor-std-30cm-scania-ng-2017-_prm_68973\/#breadcrumb\",\"itemListElement\":[{\"@type\":\"ListItem\",\"position\":1,\"name\":\"Home\",\"item\":\"https:\/\/com.rst-steel.eu\/\"},{\"@type\":\"ListItem\",\"position\":2,\"name\":\"RST-Steel Shop\",\"item\":\"https:\/\/com.rst-steel.eu\/shop\/\"},{\"@type\":\"ListItem\",\"position\":3,\"name\":\"Truckstyle Sweden Sunsivor STD 30cm Scania NG 2017-\"}]},{\"@type\":\"WebSite\",\"@id\":\"https:\/\/com.rst-steel.eu\/#website\",\"url\":\"https:\/\/com.rst-steel.eu\/\",\"name\":\"RST-Steel.com\",\"description\":\"Finnish quality steel, for quality-conscious drivers\",\"publisher\":{\"@id\":\"https:\/\/com.rst-steel.eu\/#organization\"},\"alternateName\":\"Safe and stylish RST-Steel quality\",\"potentialAction\":[{\"@type\":\"SearchAction\",\"target\":{\"@type\":\"EntryPoint\",\"urlTemplate\":\"https:\/\/com.rst-steel.eu\/?s={search_term_string}\"},\"query-input\":{\"@type\":\"PropertyValueSpecification\",\"valueRequired\":true,\"valueName\":\"search_term_string\"}}],\"inLanguage\":\"nb-NO\"},{\"@type\":\"Organization\",\"@id\":\"https:\/\/com.rst-steel.eu\/#organization\",\"name\":\"RST-Steel Oy\",\"url\":\"https:\/\/com.rst-steel.eu\/\",\"logo\":{\"@type\":\"ImageObject\",\"inLanguage\":\"nb-NO\",\"@id\":\"https:\/\/com.rst-steel.eu\/#\/schema\/logo\/image\/\",\"url\":\"https:\/\/com.rst-steel.eu\/wp-content\/uploads\/2023\/04\/cropped-Rst-logo-valkoinen-teksti-3.png\",\"contentUrl\":\"https:\/\/com.rst-steel.eu\/wp-content\/uploads\/2023\/04\/cropped-Rst-logo-valkoinen-teksti-3.png\",\"width\":512,\"height\":115,\"caption\":\"RST-Steel Oy\"},\"image\":{\"@id\":\"https:\/\/com.rst-steel.eu\/#\/schema\/logo\/image\/\"},\"sameAs\":[\"https:\/\/www.facebook.com\/rststeel\",\"https:\/\/www.instagram.com\/rststeeloy\/\"]}]}<\/script>\n<!-- \/ Yoast SEO plugin. -->","yoast_head_json":{"title":"Truckstyle Sweden Sunsivor STD 30cm Scania NG 2017- RST-Steel","description":"Truckstyle Sweden Sunsivor STD 30cm Scania NextGen 2017- modeller. Perfekt passform og kan enkelt monteres p\u00e5 alle NextGen-f\u00f8rerhus!","robots":{"index":"index","follow":"follow","max-snippet":"max-snippet:-1","max-image-preview":"max-image-preview:large","max-video-preview":"max-video-preview:-1"},"canonical":"https:\/\/com.rst-steel.eu\/nb\/produkt\/truckstyle-sweden-sunsivor-std-30cm-scania-ng-2017-_prm_68973\/","og_locale":"nb_NO","og_type":"article","og_title":"Truckstyle Sweden Sunsivor STD 30cm Scania NG 2017- RST-Steel","og_description":"Truckstyle Sweden Sunsivor STD 30cm Scania NextGen 2017- models. Perfect fit and can be easily installed on all NextGen cabins!","og_url":"https:\/\/com.rst-steel.eu\/nb\/produkt\/truckstyle-sweden-sunsivor-std-30cm-scania-ng-2017-_prm_68973\/","og_site_name":"RST-Steel","article_publisher":"https:\/\/www.facebook.com\/rststeel","article_modified_time":"2026-03-16T06:13:58+00:00","og_image":[{"width":1000,"height":750,"url":"https:\/\/com.rst-steel.eu\/wp-content\/uploads\/2026\/02\/fdbe743f5cce6e4a689ccfbf00ea5e6d2bae5c6e_801132_web.jpg","type":"image\/jpeg"}],"twitter_card":"summary_large_image","twitter_misc":{"Ansl. lesetid":"1 minutt"},"schema":{"@context":"https:\/\/schema.org","@graph":[{"@type":"WebPage","@id":"https:\/\/com.rst-steel.eu\/nb\/produkt\/truckstyle-sweden-sunsivor-std-30cm-scania-ng-2017-_prm_68973\/","url":"https:\/\/com.rst-steel.eu\/nb\/produkt\/truckstyle-sweden-sunsivor-std-30cm-scania-ng-2017-_prm_68973\/","name":"Truckstyle Sweden Sunsivor STD 30cm Scania NG 2017- RST-Steel","isPartOf":{"@id":"https:\/\/com.rst-steel.eu\/#website"},"primaryImageOfPage":{"@id":"https:\/\/com.rst-steel.eu\/nb\/produkt\/truckstyle-sweden-sunsivor-std-30cm-scania-ng-2017-_prm_68973\/#primaryimage"},"image":{"@id":"https:\/\/com.rst-steel.eu\/nb\/produkt\/truckstyle-sweden-sunsivor-std-30cm-scania-ng-2017-_prm_68973\/#primaryimage"},"thumbnailUrl":"https:\/\/com.rst-steel.eu\/wp-content\/uploads\/2026\/02\/fdbe743f5cce6e4a689ccfbf00ea5e6d2bae5c6e_801132_web.jpg","datePublished":"2024-09-25T10:36:21+00:00","dateModified":"2026-03-16T06:13:58+00:00","description":"Truckstyle Sweden Sunsivor STD 30cm Scania NextGen 2017- modeller. Perfekt passform og kan enkelt monteres p\u00e5 alle NextGen-f\u00f8rerhus!","breadcrumb":{"@id":"https:\/\/com.rst-steel.eu\/nb\/produkt\/truckstyle-sweden-sunsivor-std-30cm-scania-ng-2017-_prm_68973\/#breadcrumb"},"inLanguage":"nb-NO","potentialAction":[{"@type":"ReadAction","target":["https:\/\/com.rst-steel.eu\/nb\/produkt\/truckstyle-sweden-sunsivor-std-30cm-scania-ng-2017-_prm_68973\/"]}]},{"@type":"ImageObject","inLanguage":"nb-NO","@id":"https:\/\/com.rst-steel.eu\/nb\/produkt\/truckstyle-sweden-sunsivor-std-30cm-scania-ng-2017-_prm_68973\/#primaryimage","url":"https:\/\/com.rst-steel.eu\/wp-content\/uploads\/2026\/02\/fdbe743f5cce6e4a689ccfbf00ea5e6d2bae5c6e_801132_web.jpg","contentUrl":"https:\/\/com.rst-steel.eu\/wp-content\/uploads\/2026\/02\/fdbe743f5cce6e4a689ccfbf00ea5e6d2bae5c6e_801132_web.jpg","width":1000,"height":750},{"@type":"BreadcrumbList","@id":"https:\/\/com.rst-steel.eu\/nb\/produkt\/truckstyle-sweden-sunsivor-std-30cm-scania-ng-2017-_prm_68973\/#breadcrumb","itemListElement":[{"@type":"ListItem","position":1,"name":"Home","item":"https:\/\/com.rst-steel.eu\/"},{"@type":"ListItem","position":2,"name":"RST-Steel Shop","item":"https:\/\/com.rst-steel.eu\/shop\/"},{"@type":"ListItem","position":3,"name":"Truckstyle Sweden Sunsivor STD 30cm Scania NG 2017-"}]},{"@type":"WebSite","@id":"https:\/\/com.rst-steel.eu\/#website","url":"https:\/\/com.rst-steel.eu\/","name":"RST-Steel.com","description":"Finsk kvalitetsst\u00e5l, for kvalitetsbevisste sj\u00e5f\u00f8rer","publisher":{"@id":"https:\/\/com.rst-steel.eu\/#organization"},"alternateName":"Safe and stylish RST-Steel quality","potentialAction":[{"@type":"SearchAction","target":{"@type":"EntryPoint","urlTemplate":"https:\/\/com.rst-steel.eu\/?s={search_term_string}"},"query-input":{"@type":"PropertyValueSpecification","valueRequired":true,"valueName":"search_term_string"}}],"inLanguage":"nb-NO"},{"@type":"Organization","@id":"https:\/\/com.rst-steel.eu\/#organization","name":"RST-Steel Oy","url":"https:\/\/com.rst-steel.eu\/","logo":{"@type":"ImageObject","inLanguage":"nb-NO","@id":"https:\/\/com.rst-steel.eu\/#\/schema\/logo\/image\/","url":"https:\/\/com.rst-steel.eu\/wp-content\/uploads\/2023\/04\/cropped-Rst-logo-valkoinen-teksti-3.png","contentUrl":"https:\/\/com.rst-steel.eu\/wp-content\/uploads\/2023\/04\/cropped-Rst-logo-valkoinen-teksti-3.png","width":512,"height":115,"caption":"RST-Steel Oy"},"image":{"@id":"https:\/\/com.rst-steel.eu\/#\/schema\/logo\/image\/"},"sameAs":["https:\/\/www.facebook.com\/rststeel","https:\/\/www.instagram.com\/rststeeloy\/"]}]}},"brands":[{"id":8341,"name":"TruckStyle Sweden","slug":"brand_truckstylesweden"}],"_links":{"self":[{"href":"https:\/\/com.rst-steel.eu\/nb\/wp-json\/wp\/v2\/product\/46621","targetHints":{"allow":["GET"]}}],"collection":[{"href":"https:\/\/com.rst-steel.eu\/nb\/wp-json\/wp\/v2\/product"}],"about":[{"href":"https:\/\/com.rst-steel.eu\/nb\/wp-json\/wp\/v2\/types\/product"}],"replies":[{"embeddable":true,"href":"https:\/\/com.rst-steel.eu\/nb\/wp-json\/wp\/v2\/comments?post=46621"}],"version-history":[{"count":0,"href":"https:\/\/com.rst-steel.eu\/nb\/wp-json\/wp\/v2\/product\/46621\/revisions"}],"wp:featuredmedia":[{"embeddable":true,"href":"https:\/\/com.rst-steel.eu\/nb\/wp-json\/wp\/v2\/media\/121612"}],"wp:attachment":[{"href":"https:\/\/com.rst-steel.eu\/nb\/wp-json\/wp\/v2\/media?parent=46621"}],"wp:term":[{"taxonomy":"make_fuel_type","embeddable":true,"href":"https:\/\/com.rst-steel.eu\/nb\/wp-json\/wp\/v2\/make_fuel_type?post=46621"},{"taxonomy":"make_model","embeddable":true,"href":"https:\/\/com.rst-steel.eu\/nb\/wp-json\/wp\/v2\/make_model?post=46621"},{"taxonomy":"make_brand","embeddable":true,"href":"https:\/\/com.rst-steel.eu\/nb\/wp-json\/wp\/v2\/make_brand?post=46621"},{"taxonomy":"make_year","embeddable":true,"href":"https:\/\/com.rst-steel.eu\/nb\/wp-json\/wp\/v2\/make_year?post=46621"},{"taxonomy":"pwb-brand","embeddable":true,"href":"https:\/\/com.rst-steel.eu\/nb\/wp-json\/wp\/v2\/pwb-brand?post=46621"},{"taxonomy":"product_brand","embeddable":true,"href":"https:\/\/com.rst-steel.eu\/nb\/wp-json\/wp\/v2\/product_brand?post=46621"},{"taxonomy":"product_cat","embeddable":true,"href":"https:\/\/com.rst-steel.eu\/nb\/wp-json\/wp\/v2\/product_cat?post=46621"},{"taxonomy":"product_tag","embeddable":true,"href":"https:\/\/com.rst-steel.eu\/nb\/wp-json\/wp\/v2\/product_tag?post=46621"}],"curies":[{"name":"wp","href":"https:\/\/api.w.org\/{rel}","templated":true}]}}