{"id":46618,"date":"2024-09-25T13:36:14","date_gmt":"2024-09-25T10:36:14","guid":{"rendered":"https:\/\/rst-steel.com\/product\/side-window-deflectors-volvo-fh4_pr_10665\/"},"modified":"2026-03-16T09:13:27","modified_gmt":"2026-03-16T06:13:27","slug":"side-window-deflectors-volvo-fh4-fh-fm-2020-fh-aero_pr_10665","status":"publish","type":"product","link":"https:\/\/com.rst-steel.eu\/nb\/produkt\/side-window-deflectors-volvo-fh4-fh-fm-2020-fh-aero_pr_10665\/","title":{"rendered":"Side Window Deflectors Volvo FH4, FH\/FM 2020-, FH Aero"},"content":{"rendered":"<p>Sidevindusavvisere Volvo FH4<\/p>\n<p><\/p>\n<p>Sidevindusavviserne er et viktig tilbeh\u00f8r for deg som vil unng\u00e5 trekkf\u00f8lelse inne i bilen og samtidig opprettholde god ventilasjon. De bidrar til \u00e5 forhindre dugg p\u00e5 regnv\u00e6rsdager ved \u00e5 s\u00f8rge for luftsirkulasjon inne i kj\u00f8ret\u00f8yet. N\u00e5r vinduet er \u00e5pent, skjermer vindusavviserne f\u00f8reren mot direkte vindkast.<\/p>\n<p><\/p>\n<p>The side&nbsp; window deflectors also reduce dirt accumulation on the side windows, improving visibility through the side mirrors. Even during heavy rain or snowstorms, you can keep the windows slightly open without letting water or snow enter the vehicle. Enhance both the style and functionality of your truck. Easy installation!<\/p>\n<p><\/p>\n<p>Laget av st\u00f8pte akrylplater av h\u00f8y kvalitet. Monteres p\u00e5 vindusforseglingen med akryltape, uten \u00e5 belaste vindusmekanismen. Passer ogs\u00e5 til vinduer med doble vinduer.<\/p>\n<p><\/p>\n<p><span style=\"font-weight: bold\">Passer:<\/span><\/p>\n<ul>\n<li>Volvo FH4\/5<\/li>\n<li>Volvo FM5<\/li>\n<li>FH Aero<\/li>\n<\/ul>\n<p><\/p>\n<p><\/p>\n<p><span style=\"font-weight: bold\">Innhold i leveransen:<\/span><\/p>\n<ul>\n<li>Vindusavvisere (venstre og h\u00f8yre)<\/li>\n<li>N\u00f8dvendig monteringsutstyr<\/li>\n<\/ul>","protected":false},"excerpt":{"rendered":"<p><span style=\"font-weight: bold\">Sidevindusavvisere til Volvo FH4\/ FH5, FM5 og FH Aero modeller!<\/span><\/p>","protected":false},"featured_media":46617,"comment_status":"open","ping_status":"closed","template":"","meta":{"_improvement_type_select":"improve_an_existing","_thumb_yes_seoaic":false,"_frame_yes_seoaic":false,"seoaic_generate_description":"","seoaic_improve_instructions_prompt":"","seoaic_rollback_content_improvement":"","seoaic_idea_thumbnail_generator":"","thumbnail_generated":false,"thumbnail_generate_prompt":"","seoaic_article_description":""},"make_fuel_type":[],"make_model":[5637,6966,3743],"make_brand":[3745],"make_year":[3748],"pwb-brand":[8347],"product_brand":[],"product_cat":[8130,7210,7212],"product_tag":[],"class_list":{"0":"post-46618","1":"product","2":"type-product","3":"status-publish","4":"has-post-thumbnail","6":"make_engine-normal-cab","7":"make_engine-globetrotter","8":"make_engine-globetrotter-xl-cab","9":"make_model-fh-2021","10":"make_model-fh-aero","11":"make_model-fh4","12":"make_brand-volvo","13":"make_year-trucks","14":"pwb-brand-brand_vepro","15":"product_cat-wwd-volvo","16":"product_cat-sun-visors-and-wind-deflectors","17":"product_cat-window-wind-deflectors-for-trucks","19":"first","20":"instock","21":"taxable","22":"shipping-taxable","23":"purchasable","24":"product-type-simple"},"yoast_head":"<!-- This site is optimized with the Yoast SEO plugin v25.7 - https:\/\/yoast.com\/wordpress\/plugins\/seo\/ -->\n<title>Side Window Deflectors Volvo FH4, FH\/FM 2020-, FH Aero - RST-Steel<\/title>\n<meta name=\"description\" content=\"Side Window Deflectors Volvo FH4\/FH5 and FH Aero models. Enhance both the style and functionality of your truck. Easy installation!\" \/>\n<meta name=\"robots\" content=\"index, follow, max-snippet:-1, max-image-preview:large, max-video-preview:-1\" \/>\n<link rel=\"canonical\" href=\"https:\/\/com.rst-steel.eu\/nb\/produkt\/side-window-deflectors-volvo-fh4-fh-fm-2020-fh-aero_pr_10665\/\" \/>\n<meta property=\"og:locale\" content=\"nb_NO\" \/>\n<meta property=\"og:type\" content=\"article\" \/>\n<meta property=\"og:title\" content=\"Side Window Deflectors Volvo FH4, FH\/FM 2020-, FH Aero - RST-Steel\" \/>\n<meta property=\"og:description\" content=\"Side Window Deflectors Volvo FH4\/FH5 and FH Aero models. Enhance both the style and functionality of your truck. Easy installation!\" \/>\n<meta property=\"og:url\" content=\"https:\/\/com.rst-steel.eu\/nb\/produkt\/side-window-deflectors-volvo-fh4-fh-fm-2020-fh-aero_pr_10665\/\" \/>\n<meta property=\"og:site_name\" content=\"RST-Steel\" \/>\n<meta property=\"article:publisher\" content=\"https:\/\/www.facebook.com\/rststeel\" \/>\n<meta property=\"article:modified_time\" content=\"2026-03-16T06:13:27+00:00\" \/>\n<meta property=\"og:image\" content=\"https:\/\/com.rst-steel.eu\/wp-content\/uploads\/2024\/09\/6b94a6d9036b15abc828b085d24b4cd6fe444949__8601S_1.jpg\" \/>\n\t<meta property=\"og:image:width\" content=\"309\" \/>\n\t<meta property=\"og:image:height\" content=\"428\" \/>\n\t<meta property=\"og:image:type\" content=\"image\/jpeg\" \/>\n<meta name=\"twitter:card\" content=\"summary_large_image\" \/>\n<meta name=\"twitter:label1\" content=\"Ansl. lesetid\" \/>\n\t<meta name=\"twitter:data1\" content=\"1 minutt\" \/>\n<script type=\"application\/ld+json\" class=\"yoast-schema-graph\">{\"@context\":\"https:\/\/schema.org\",\"@graph\":[{\"@type\":\"WebPage\",\"@id\":\"https:\/\/com.rst-steel.eu\/sv\/produkt\/side-window-deflectors-volvo-fh4-fh-fm-2020-fh-aero_pr_10665\/\",\"url\":\"https:\/\/com.rst-steel.eu\/sv\/produkt\/side-window-deflectors-volvo-fh4-fh-fm-2020-fh-aero_pr_10665\/\",\"name\":\"Side Window Deflectors Volvo FH4, FH\/FM 2020-, FH Aero - RST-Steel\",\"isPartOf\":{\"@id\":\"https:\/\/com.rst-steel.eu\/#website\"},\"primaryImageOfPage\":{\"@id\":\"https:\/\/com.rst-steel.eu\/sv\/produkt\/side-window-deflectors-volvo-fh4-fh-fm-2020-fh-aero_pr_10665\/#primaryimage\"},\"image\":{\"@id\":\"https:\/\/com.rst-steel.eu\/sv\/produkt\/side-window-deflectors-volvo-fh4-fh-fm-2020-fh-aero_pr_10665\/#primaryimage\"},\"thumbnailUrl\":\"https:\/\/com.rst-steel.eu\/wp-content\/uploads\/2024\/09\/6b94a6d9036b15abc828b085d24b4cd6fe444949__8601S_1.jpg\",\"datePublished\":\"2024-09-25T10:36:14+00:00\",\"dateModified\":\"2026-03-16T06:13:27+00:00\",\"description\":\"Side Window Deflectors Volvo FH4\/FH5 and FH Aero models. Enhance both the style and functionality of your truck. Easy installation!\",\"breadcrumb\":{\"@id\":\"https:\/\/com.rst-steel.eu\/sv\/produkt\/side-window-deflectors-volvo-fh4-fh-fm-2020-fh-aero_pr_10665\/#breadcrumb\"},\"inLanguage\":\"nb-NO\",\"potentialAction\":[{\"@type\":\"ReadAction\",\"target\":[\"https:\/\/com.rst-steel.eu\/sv\/produkt\/side-window-deflectors-volvo-fh4-fh-fm-2020-fh-aero_pr_10665\/\"]}]},{\"@type\":\"ImageObject\",\"inLanguage\":\"nb-NO\",\"@id\":\"https:\/\/com.rst-steel.eu\/sv\/produkt\/side-window-deflectors-volvo-fh4-fh-fm-2020-fh-aero_pr_10665\/#primaryimage\",\"url\":\"https:\/\/com.rst-steel.eu\/wp-content\/uploads\/2024\/09\/6b94a6d9036b15abc828b085d24b4cd6fe444949__8601S_1.jpg\",\"contentUrl\":\"https:\/\/com.rst-steel.eu\/wp-content\/uploads\/2024\/09\/6b94a6d9036b15abc828b085d24b4cd6fe444949__8601S_1.jpg\",\"width\":309,\"height\":428,\"caption\":\"Side Window Deflectors Volvo FH4\"},{\"@type\":\"BreadcrumbList\",\"@id\":\"https:\/\/com.rst-steel.eu\/sv\/produkt\/side-window-deflectors-volvo-fh4-fh-fm-2020-fh-aero_pr_10665\/#breadcrumb\",\"itemListElement\":[{\"@type\":\"ListItem\",\"position\":1,\"name\":\"Home\",\"item\":\"https:\/\/com.rst-steel.eu\/\"},{\"@type\":\"ListItem\",\"position\":2,\"name\":\"RST-Steel Shop\",\"item\":\"https:\/\/com.rst-steel.eu\/shop\/\"},{\"@type\":\"ListItem\",\"position\":3,\"name\":\"Side Window Deflectors Volvo FH4, FH\/FM 2020-, FH Aero\"}]},{\"@type\":\"WebSite\",\"@id\":\"https:\/\/com.rst-steel.eu\/#website\",\"url\":\"https:\/\/com.rst-steel.eu\/\",\"name\":\"RST-Steel.com\",\"description\":\"Finnish quality steel, for quality-conscious drivers\",\"publisher\":{\"@id\":\"https:\/\/com.rst-steel.eu\/#organization\"},\"alternateName\":\"Safe and stylish RST-Steel quality\",\"potentialAction\":[{\"@type\":\"SearchAction\",\"target\":{\"@type\":\"EntryPoint\",\"urlTemplate\":\"https:\/\/com.rst-steel.eu\/?s={search_term_string}\"},\"query-input\":{\"@type\":\"PropertyValueSpecification\",\"valueRequired\":true,\"valueName\":\"search_term_string\"}}],\"inLanguage\":\"nb-NO\"},{\"@type\":\"Organization\",\"@id\":\"https:\/\/com.rst-steel.eu\/#organization\",\"name\":\"RST-Steel Oy\",\"url\":\"https:\/\/com.rst-steel.eu\/\",\"logo\":{\"@type\":\"ImageObject\",\"inLanguage\":\"nb-NO\",\"@id\":\"https:\/\/com.rst-steel.eu\/#\/schema\/logo\/image\/\",\"url\":\"https:\/\/com.rst-steel.eu\/wp-content\/uploads\/2023\/04\/cropped-Rst-logo-valkoinen-teksti-3.png\",\"contentUrl\":\"https:\/\/com.rst-steel.eu\/wp-content\/uploads\/2023\/04\/cropped-Rst-logo-valkoinen-teksti-3.png\",\"width\":512,\"height\":115,\"caption\":\"RST-Steel Oy\"},\"image\":{\"@id\":\"https:\/\/com.rst-steel.eu\/#\/schema\/logo\/image\/\"},\"sameAs\":[\"https:\/\/www.facebook.com\/rststeel\",\"https:\/\/www.instagram.com\/rststeeloy\/\"]}]}<\/script>\n<!-- \/ Yoast SEO plugin. -->","yoast_head_json":{"title":"Side Window Deflectors Volvo FH4, FH\/FM 2020-, FH Aero - RST-Steel","description":"Sidevindusavvisere til Volvo FH4\/FH5- og FH Aero-modeller. Forbedrer b\u00e5de stilen og funksjonaliteten til lastebilen din. Enkel montering!","robots":{"index":"index","follow":"follow","max-snippet":"max-snippet:-1","max-image-preview":"max-image-preview:large","max-video-preview":"max-video-preview:-1"},"canonical":"https:\/\/com.rst-steel.eu\/nb\/produkt\/side-window-deflectors-volvo-fh4-fh-fm-2020-fh-aero_pr_10665\/","og_locale":"nb_NO","og_type":"article","og_title":"Side Window Deflectors Volvo FH4, FH\/FM 2020-, FH Aero - RST-Steel","og_description":"Side Window Deflectors Volvo FH4\/FH5 and FH Aero models. Enhance both the style and functionality of your truck. Easy installation!","og_url":"https:\/\/com.rst-steel.eu\/nb\/produkt\/side-window-deflectors-volvo-fh4-fh-fm-2020-fh-aero_pr_10665\/","og_site_name":"RST-Steel","article_publisher":"https:\/\/www.facebook.com\/rststeel","article_modified_time":"2026-03-16T06:13:27+00:00","og_image":[{"width":309,"height":428,"url":"https:\/\/com.rst-steel.eu\/wp-content\/uploads\/2024\/09\/6b94a6d9036b15abc828b085d24b4cd6fe444949__8601S_1.jpg","type":"image\/jpeg"}],"twitter_card":"summary_large_image","twitter_misc":{"Ansl. lesetid":"1 minutt"},"schema":{"@context":"https:\/\/schema.org","@graph":[{"@type":"WebPage","@id":"https:\/\/com.rst-steel.eu\/sv\/produkt\/side-window-deflectors-volvo-fh4-fh-fm-2020-fh-aero_pr_10665\/","url":"https:\/\/com.rst-steel.eu\/sv\/produkt\/side-window-deflectors-volvo-fh4-fh-fm-2020-fh-aero_pr_10665\/","name":"Side Window Deflectors Volvo FH4, FH\/FM 2020-, FH Aero - RST-Steel","isPartOf":{"@id":"https:\/\/com.rst-steel.eu\/#website"},"primaryImageOfPage":{"@id":"https:\/\/com.rst-steel.eu\/sv\/produkt\/side-window-deflectors-volvo-fh4-fh-fm-2020-fh-aero_pr_10665\/#primaryimage"},"image":{"@id":"https:\/\/com.rst-steel.eu\/sv\/produkt\/side-window-deflectors-volvo-fh4-fh-fm-2020-fh-aero_pr_10665\/#primaryimage"},"thumbnailUrl":"https:\/\/com.rst-steel.eu\/wp-content\/uploads\/2024\/09\/6b94a6d9036b15abc828b085d24b4cd6fe444949__8601S_1.jpg","datePublished":"2024-09-25T10:36:14+00:00","dateModified":"2026-03-16T06:13:27+00:00","description":"Sidevindusavvisere til Volvo FH4\/FH5- og FH Aero-modeller. Forbedrer b\u00e5de stilen og funksjonaliteten til lastebilen din. Enkel montering!","breadcrumb":{"@id":"https:\/\/com.rst-steel.eu\/sv\/produkt\/side-window-deflectors-volvo-fh4-fh-fm-2020-fh-aero_pr_10665\/#breadcrumb"},"inLanguage":"nb-NO","potentialAction":[{"@type":"ReadAction","target":["https:\/\/com.rst-steel.eu\/sv\/produkt\/side-window-deflectors-volvo-fh4-fh-fm-2020-fh-aero_pr_10665\/"]}]},{"@type":"ImageObject","inLanguage":"nb-NO","@id":"https:\/\/com.rst-steel.eu\/sv\/produkt\/side-window-deflectors-volvo-fh4-fh-fm-2020-fh-aero_pr_10665\/#primaryimage","url":"https:\/\/com.rst-steel.eu\/wp-content\/uploads\/2024\/09\/6b94a6d9036b15abc828b085d24b4cd6fe444949__8601S_1.jpg","contentUrl":"https:\/\/com.rst-steel.eu\/wp-content\/uploads\/2024\/09\/6b94a6d9036b15abc828b085d24b4cd6fe444949__8601S_1.jpg","width":309,"height":428,"caption":"Side Window Deflectors Volvo FH4"},{"@type":"BreadcrumbList","@id":"https:\/\/com.rst-steel.eu\/sv\/produkt\/side-window-deflectors-volvo-fh4-fh-fm-2020-fh-aero_pr_10665\/#breadcrumb","itemListElement":[{"@type":"ListItem","position":1,"name":"Home","item":"https:\/\/com.rst-steel.eu\/"},{"@type":"ListItem","position":2,"name":"RST-Steel Shop","item":"https:\/\/com.rst-steel.eu\/shop\/"},{"@type":"ListItem","position":3,"name":"Side Window Deflectors Volvo FH4, FH\/FM 2020-, FH Aero"}]},{"@type":"WebSite","@id":"https:\/\/com.rst-steel.eu\/#website","url":"https:\/\/com.rst-steel.eu\/","name":"RST-Steel.com","description":"Finsk kvalitetsst\u00e5l, for kvalitetsbevisste sj\u00e5f\u00f8rer","publisher":{"@id":"https:\/\/com.rst-steel.eu\/#organization"},"alternateName":"Safe and stylish RST-Steel quality","potentialAction":[{"@type":"SearchAction","target":{"@type":"EntryPoint","urlTemplate":"https:\/\/com.rst-steel.eu\/?s={search_term_string}"},"query-input":{"@type":"PropertyValueSpecification","valueRequired":true,"valueName":"search_term_string"}}],"inLanguage":"nb-NO"},{"@type":"Organization","@id":"https:\/\/com.rst-steel.eu\/#organization","name":"RST-Steel Oy","url":"https:\/\/com.rst-steel.eu\/","logo":{"@type":"ImageObject","inLanguage":"nb-NO","@id":"https:\/\/com.rst-steel.eu\/#\/schema\/logo\/image\/","url":"https:\/\/com.rst-steel.eu\/wp-content\/uploads\/2023\/04\/cropped-Rst-logo-valkoinen-teksti-3.png","contentUrl":"https:\/\/com.rst-steel.eu\/wp-content\/uploads\/2023\/04\/cropped-Rst-logo-valkoinen-teksti-3.png","width":512,"height":115,"caption":"RST-Steel Oy"},"image":{"@id":"https:\/\/com.rst-steel.eu\/#\/schema\/logo\/image\/"},"sameAs":["https:\/\/www.facebook.com\/rststeel","https:\/\/www.instagram.com\/rststeeloy\/"]}]}},"brands":[{"id":8347,"name":"Vepro","slug":"brand_vepro"}],"_links":{"self":[{"href":"https:\/\/com.rst-steel.eu\/nb\/wp-json\/wp\/v2\/product\/46618","targetHints":{"allow":["GET"]}}],"collection":[{"href":"https:\/\/com.rst-steel.eu\/nb\/wp-json\/wp\/v2\/product"}],"about":[{"href":"https:\/\/com.rst-steel.eu\/nb\/wp-json\/wp\/v2\/types\/product"}],"replies":[{"embeddable":true,"href":"https:\/\/com.rst-steel.eu\/nb\/wp-json\/wp\/v2\/comments?post=46618"}],"version-history":[{"count":0,"href":"https:\/\/com.rst-steel.eu\/nb\/wp-json\/wp\/v2\/product\/46618\/revisions"}],"wp:featuredmedia":[{"embeddable":true,"href":"https:\/\/com.rst-steel.eu\/nb\/wp-json\/wp\/v2\/media\/46617"}],"wp:attachment":[{"href":"https:\/\/com.rst-steel.eu\/nb\/wp-json\/wp\/v2\/media?parent=46618"}],"wp:term":[{"taxonomy":"make_fuel_type","embeddable":true,"href":"https:\/\/com.rst-steel.eu\/nb\/wp-json\/wp\/v2\/make_fuel_type?post=46618"},{"taxonomy":"make_model","embeddable":true,"href":"https:\/\/com.rst-steel.eu\/nb\/wp-json\/wp\/v2\/make_model?post=46618"},{"taxonomy":"make_brand","embeddable":true,"href":"https:\/\/com.rst-steel.eu\/nb\/wp-json\/wp\/v2\/make_brand?post=46618"},{"taxonomy":"make_year","embeddable":true,"href":"https:\/\/com.rst-steel.eu\/nb\/wp-json\/wp\/v2\/make_year?post=46618"},{"taxonomy":"pwb-brand","embeddable":true,"href":"https:\/\/com.rst-steel.eu\/nb\/wp-json\/wp\/v2\/pwb-brand?post=46618"},{"taxonomy":"product_brand","embeddable":true,"href":"https:\/\/com.rst-steel.eu\/nb\/wp-json\/wp\/v2\/product_brand?post=46618"},{"taxonomy":"product_cat","embeddable":true,"href":"https:\/\/com.rst-steel.eu\/nb\/wp-json\/wp\/v2\/product_cat?post=46618"},{"taxonomy":"product_tag","embeddable":true,"href":"https:\/\/com.rst-steel.eu\/nb\/wp-json\/wp\/v2\/product_tag?post=46618"}],"curies":[{"name":"wp","href":"https:\/\/api.w.org\/{rel}","templated":true}]}}