{"id":45391,"date":"2024-08-09T11:13:31","date_gmt":"2024-08-09T08:13:31","guid":{"rendered":"https:\/\/rst-steel.com\/product\/revon-led-work-light-30w-2320lm_pr_3665\/"},"modified":"2026-03-16T09:21:22","modified_gmt":"2026-03-16T06:21:22","slug":"led-tyovalo-revon-30w-2320lm_pr_3665","status":"publish","type":"product","link":"https:\/\/com.rst-steel.eu\/nb\/produkt\/led-tyovalo-revon-30w-2320lm_pr_3665\/","title":{"rendered":"LED-Ty\u00f6valo Revon 30W\/2320lm"},"content":{"rendered":"<p>Revon LED Work Light 30W\/2320Lm with bottom fastening<\/p>\n<p><\/p>\n<p>Efficient and affordable work light with reversing light function.<\/p>\n<p><\/p>\n<p><span style=\"font-weight: bold\">Teknisk informasjon:<\/span><\/p>\n<ul>\n<li>Operating voltage: 9-32V<\/li>\n<li>Power consumption: 30W<\/li>\n<li>Total luminous flux: 2320 Lm<\/li>\n<li>Colour temperature: 6000K<\/li>\n<li>LEDs: 6 x 5W Cree LED<\/li>\n<li>EMC protection<\/li>\n<li>IP rating: IP67<\/li>\n<\/ul>\n<p><\/p>\n<p><span style=\"font-weight: bold\">Dimensjoner:<\/span><\/p>\n<ul>\n<li>Width: 150 mm<\/li>\n<li>Height: 44 mm<\/li>\n<li>Depth: 58 mm<\/li>\n<\/ul>","protected":false},"excerpt":{"rendered":"<p>Efficient and affordable work light with reversing light function!<\/p>","protected":false},"featured_media":45389,"comment_status":"open","ping_status":"closed","template":"","meta":{"_improvement_type_select":"improve_an_existing","_thumb_yes_seoaic":false,"_frame_yes_seoaic":false,"seoaic_generate_description":"","seoaic_improve_instructions_prompt":"","seoaic_rollback_content_improvement":"","seoaic_idea_thumbnail_generator":"","thumbnail_generated":false,"thumbnail_generate_prompt":"","seoaic_article_description":""},"make_fuel_type":[],"make_model":[],"make_brand":[],"make_year":[],"pwb-brand":[8351],"product_brand":[],"product_cat":[6195,6218,6220],"product_tag":[],"class_list":{"0":"post-45391","1":"product","2":"type-product","3":"status-publish","4":"has-post-thumbnail","6":"pwb-brand-brand_revon","7":"product_cat-lamps","8":"product_cat-work-lights","9":"product_cat-led-work-lights","11":"first","12":"onbackorder","13":"taxable","14":"shipping-taxable","15":"purchasable","16":"product-type-simple"},"yoast_head":"<!-- This site is optimized with the Yoast SEO plugin v25.7 - https:\/\/yoast.com\/wordpress\/plugins\/seo\/ -->\n<title>LED-Ty\u00f6valo Revon 30W\/2320lm - RST-Steel<\/title>\n<meta name=\"description\" content=\"The Revon LED Work Light (30W, 2320lm) is a durable and efficient lighting solution, perfect for demanding work environments.\" \/>\n<meta name=\"robots\" content=\"index, follow, max-snippet:-1, max-image-preview:large, max-video-preview:-1\" \/>\n<link rel=\"canonical\" href=\"https:\/\/com.rst-steel.eu\/nb\/produkt\/led-tyovalo-revon-30w-2320lm_pr_3665\/\" \/>\n<meta property=\"og:locale\" content=\"nb_NO\" \/>\n<meta property=\"og:type\" content=\"article\" \/>\n<meta property=\"og:title\" content=\"LED-Ty\u00f6valo Revon 30W\/2320lm - RST-Steel\" \/>\n<meta property=\"og:description\" content=\"The Revon LED Work Light (30W, 2320lm) is a durable and efficient lighting solution, perfect for demanding work environments.\" \/>\n<meta property=\"og:url\" content=\"https:\/\/com.rst-steel.eu\/nb\/produkt\/led-tyovalo-revon-30w-2320lm_pr_3665\/\" \/>\n<meta property=\"og:site_name\" content=\"RST-Steel\" \/>\n<meta property=\"article:publisher\" content=\"https:\/\/www.facebook.com\/rststeel\" \/>\n<meta property=\"article:modified_time\" content=\"2026-03-16T06:21:22+00:00\" \/>\n<meta property=\"og:image\" content=\"https:\/\/com.rst-steel.eu\/wp-content\/uploads\/2024\/08\/52b45da62608c57a5bb50616981a4f6a1459b0fc_LedTyovaloRevon30W2320lm_58010041_e94ae7f43d2ac3d79134ce9d947ff8ce_1.jpg\" \/>\n\t<meta property=\"og:image:width\" content=\"615\" \/>\n\t<meta property=\"og:image:height\" content=\"583\" \/>\n\t<meta property=\"og:image:type\" content=\"image\/jpeg\" \/>\n<meta name=\"twitter:card\" content=\"summary_large_image\" \/>\n<meta name=\"twitter:label1\" content=\"Ansl. lesetid\" \/>\n\t<meta name=\"twitter:data1\" content=\"1 minutt\" \/>\n<script type=\"application\/ld+json\" class=\"yoast-schema-graph\">{\"@context\":\"https:\/\/schema.org\",\"@graph\":[{\"@type\":\"WebPage\",\"@id\":\"https:\/\/com.rst-steel.eu\/product\/led-tyovalo-revon-30w-2320lm_pr_3665\/\",\"url\":\"https:\/\/com.rst-steel.eu\/product\/led-tyovalo-revon-30w-2320lm_pr_3665\/\",\"name\":\"LED-Ty\u00f6valo Revon 30W\/2320lm - RST-Steel\",\"isPartOf\":{\"@id\":\"https:\/\/com.rst-steel.eu\/#website\"},\"primaryImageOfPage\":{\"@id\":\"https:\/\/com.rst-steel.eu\/product\/led-tyovalo-revon-30w-2320lm_pr_3665\/#primaryimage\"},\"image\":{\"@id\":\"https:\/\/com.rst-steel.eu\/product\/led-tyovalo-revon-30w-2320lm_pr_3665\/#primaryimage\"},\"thumbnailUrl\":\"https:\/\/com.rst-steel.eu\/wp-content\/uploads\/2024\/08\/52b45da62608c57a5bb50616981a4f6a1459b0fc_LedTyovaloRevon30W2320lm_58010041_e94ae7f43d2ac3d79134ce9d947ff8ce_1.jpg\",\"datePublished\":\"2024-08-09T08:13:31+00:00\",\"dateModified\":\"2026-03-16T06:21:22+00:00\",\"description\":\"The Revon LED Work Light (30W, 2320lm) is a durable and efficient lighting solution, perfect for demanding work environments.\",\"breadcrumb\":{\"@id\":\"https:\/\/com.rst-steel.eu\/product\/led-tyovalo-revon-30w-2320lm_pr_3665\/#breadcrumb\"},\"inLanguage\":\"nb-NO\",\"potentialAction\":[{\"@type\":\"ReadAction\",\"target\":[\"https:\/\/com.rst-steel.eu\/product\/led-tyovalo-revon-30w-2320lm_pr_3665\/\"]}]},{\"@type\":\"ImageObject\",\"inLanguage\":\"nb-NO\",\"@id\":\"https:\/\/com.rst-steel.eu\/product\/led-tyovalo-revon-30w-2320lm_pr_3665\/#primaryimage\",\"url\":\"https:\/\/com.rst-steel.eu\/wp-content\/uploads\/2024\/08\/52b45da62608c57a5bb50616981a4f6a1459b0fc_LedTyovaloRevon30W2320lm_58010041_e94ae7f43d2ac3d79134ce9d947ff8ce_1.jpg\",\"contentUrl\":\"https:\/\/com.rst-steel.eu\/wp-content\/uploads\/2024\/08\/52b45da62608c57a5bb50616981a4f6a1459b0fc_LedTyovaloRevon30W2320lm_58010041_e94ae7f43d2ac3d79134ce9d947ff8ce_1.jpg\",\"width\":615,\"height\":583,\"caption\":\"Revon LED Work Light 30W\/2320Lm\"},{\"@type\":\"BreadcrumbList\",\"@id\":\"https:\/\/com.rst-steel.eu\/product\/led-tyovalo-revon-30w-2320lm_pr_3665\/#breadcrumb\",\"itemListElement\":[{\"@type\":\"ListItem\",\"position\":1,\"name\":\"Home\",\"item\":\"https:\/\/com.rst-steel.eu\/\"},{\"@type\":\"ListItem\",\"position\":2,\"name\":\"RST-Steel Shop\",\"item\":\"https:\/\/com.rst-steel.eu\/shop\/\"},{\"@type\":\"ListItem\",\"position\":3,\"name\":\"LED-Ty\u00f6valo Revon 30W\/2320lm\"}]},{\"@type\":\"WebSite\",\"@id\":\"https:\/\/com.rst-steel.eu\/#website\",\"url\":\"https:\/\/com.rst-steel.eu\/\",\"name\":\"RST-Steel.com\",\"description\":\"Finnish quality steel, for quality-conscious drivers\",\"publisher\":{\"@id\":\"https:\/\/com.rst-steel.eu\/#organization\"},\"alternateName\":\"Safe and stylish RST-Steel quality\",\"potentialAction\":[{\"@type\":\"SearchAction\",\"target\":{\"@type\":\"EntryPoint\",\"urlTemplate\":\"https:\/\/com.rst-steel.eu\/?s={search_term_string}\"},\"query-input\":{\"@type\":\"PropertyValueSpecification\",\"valueRequired\":true,\"valueName\":\"search_term_string\"}}],\"inLanguage\":\"nb-NO\"},{\"@type\":\"Organization\",\"@id\":\"https:\/\/com.rst-steel.eu\/#organization\",\"name\":\"RST-Steel Oy\",\"url\":\"https:\/\/com.rst-steel.eu\/\",\"logo\":{\"@type\":\"ImageObject\",\"inLanguage\":\"nb-NO\",\"@id\":\"https:\/\/com.rst-steel.eu\/#\/schema\/logo\/image\/\",\"url\":\"https:\/\/com.rst-steel.eu\/wp-content\/uploads\/2023\/04\/cropped-Rst-logo-valkoinen-teksti-3.png\",\"contentUrl\":\"https:\/\/com.rst-steel.eu\/wp-content\/uploads\/2023\/04\/cropped-Rst-logo-valkoinen-teksti-3.png\",\"width\":512,\"height\":115,\"caption\":\"RST-Steel Oy\"},\"image\":{\"@id\":\"https:\/\/com.rst-steel.eu\/#\/schema\/logo\/image\/\"},\"sameAs\":[\"https:\/\/www.facebook.com\/rststeel\",\"https:\/\/www.instagram.com\/rststeeloy\/\"]}]}<\/script>\n<!-- \/ Yoast SEO plugin. -->","yoast_head_json":{"title":"LED-Ty\u00f6valo Revon 30W\/2320lm - RST-Steel","description":"The Revon LED Work Light (30W, 2320lm) is a durable and efficient lighting solution, perfect for demanding work environments.","robots":{"index":"index","follow":"follow","max-snippet":"max-snippet:-1","max-image-preview":"max-image-preview:large","max-video-preview":"max-video-preview:-1"},"canonical":"https:\/\/com.rst-steel.eu\/nb\/produkt\/led-tyovalo-revon-30w-2320lm_pr_3665\/","og_locale":"nb_NO","og_type":"article","og_title":"LED-Ty\u00f6valo Revon 30W\/2320lm - RST-Steel","og_description":"The Revon LED Work Light (30W, 2320lm) is a durable and efficient lighting solution, perfect for demanding work environments.","og_url":"https:\/\/com.rst-steel.eu\/nb\/produkt\/led-tyovalo-revon-30w-2320lm_pr_3665\/","og_site_name":"RST-Steel","article_publisher":"https:\/\/www.facebook.com\/rststeel","article_modified_time":"2026-03-16T06:21:22+00:00","og_image":[{"width":615,"height":583,"url":"https:\/\/com.rst-steel.eu\/wp-content\/uploads\/2024\/08\/52b45da62608c57a5bb50616981a4f6a1459b0fc_LedTyovaloRevon30W2320lm_58010041_e94ae7f43d2ac3d79134ce9d947ff8ce_1.jpg","type":"image\/jpeg"}],"twitter_card":"summary_large_image","twitter_misc":{"Ansl. lesetid":"1 minutt"},"schema":{"@context":"https:\/\/schema.org","@graph":[{"@type":"WebPage","@id":"https:\/\/com.rst-steel.eu\/product\/led-tyovalo-revon-30w-2320lm_pr_3665\/","url":"https:\/\/com.rst-steel.eu\/product\/led-tyovalo-revon-30w-2320lm_pr_3665\/","name":"LED-Ty\u00f6valo Revon 30W\/2320lm - RST-Steel","isPartOf":{"@id":"https:\/\/com.rst-steel.eu\/#website"},"primaryImageOfPage":{"@id":"https:\/\/com.rst-steel.eu\/product\/led-tyovalo-revon-30w-2320lm_pr_3665\/#primaryimage"},"image":{"@id":"https:\/\/com.rst-steel.eu\/product\/led-tyovalo-revon-30w-2320lm_pr_3665\/#primaryimage"},"thumbnailUrl":"https:\/\/com.rst-steel.eu\/wp-content\/uploads\/2024\/08\/52b45da62608c57a5bb50616981a4f6a1459b0fc_LedTyovaloRevon30W2320lm_58010041_e94ae7f43d2ac3d79134ce9d947ff8ce_1.jpg","datePublished":"2024-08-09T08:13:31+00:00","dateModified":"2026-03-16T06:21:22+00:00","description":"The Revon LED Work Light (30W, 2320lm) is a durable and efficient lighting solution, perfect for demanding work environments.","breadcrumb":{"@id":"https:\/\/com.rst-steel.eu\/product\/led-tyovalo-revon-30w-2320lm_pr_3665\/#breadcrumb"},"inLanguage":"nb-NO","potentialAction":[{"@type":"ReadAction","target":["https:\/\/com.rst-steel.eu\/product\/led-tyovalo-revon-30w-2320lm_pr_3665\/"]}]},{"@type":"ImageObject","inLanguage":"nb-NO","@id":"https:\/\/com.rst-steel.eu\/product\/led-tyovalo-revon-30w-2320lm_pr_3665\/#primaryimage","url":"https:\/\/com.rst-steel.eu\/wp-content\/uploads\/2024\/08\/52b45da62608c57a5bb50616981a4f6a1459b0fc_LedTyovaloRevon30W2320lm_58010041_e94ae7f43d2ac3d79134ce9d947ff8ce_1.jpg","contentUrl":"https:\/\/com.rst-steel.eu\/wp-content\/uploads\/2024\/08\/52b45da62608c57a5bb50616981a4f6a1459b0fc_LedTyovaloRevon30W2320lm_58010041_e94ae7f43d2ac3d79134ce9d947ff8ce_1.jpg","width":615,"height":583,"caption":"Revon LED Work Light 30W\/2320Lm"},{"@type":"BreadcrumbList","@id":"https:\/\/com.rst-steel.eu\/product\/led-tyovalo-revon-30w-2320lm_pr_3665\/#breadcrumb","itemListElement":[{"@type":"ListItem","position":1,"name":"Home","item":"https:\/\/com.rst-steel.eu\/"},{"@type":"ListItem","position":2,"name":"RST-Steel Shop","item":"https:\/\/com.rst-steel.eu\/shop\/"},{"@type":"ListItem","position":3,"name":"LED-Ty\u00f6valo Revon 30W\/2320lm"}]},{"@type":"WebSite","@id":"https:\/\/com.rst-steel.eu\/#website","url":"https:\/\/com.rst-steel.eu\/","name":"RST-Steel.com","description":"Finsk kvalitetsst\u00e5l, for kvalitetsbevisste sj\u00e5f\u00f8rer","publisher":{"@id":"https:\/\/com.rst-steel.eu\/#organization"},"alternateName":"Safe and stylish RST-Steel quality","potentialAction":[{"@type":"SearchAction","target":{"@type":"EntryPoint","urlTemplate":"https:\/\/com.rst-steel.eu\/?s={search_term_string}"},"query-input":{"@type":"PropertyValueSpecification","valueRequired":true,"valueName":"search_term_string"}}],"inLanguage":"nb-NO"},{"@type":"Organization","@id":"https:\/\/com.rst-steel.eu\/#organization","name":"RST-Steel Oy","url":"https:\/\/com.rst-steel.eu\/","logo":{"@type":"ImageObject","inLanguage":"nb-NO","@id":"https:\/\/com.rst-steel.eu\/#\/schema\/logo\/image\/","url":"https:\/\/com.rst-steel.eu\/wp-content\/uploads\/2023\/04\/cropped-Rst-logo-valkoinen-teksti-3.png","contentUrl":"https:\/\/com.rst-steel.eu\/wp-content\/uploads\/2023\/04\/cropped-Rst-logo-valkoinen-teksti-3.png","width":512,"height":115,"caption":"RST-Steel Oy"},"image":{"@id":"https:\/\/com.rst-steel.eu\/#\/schema\/logo\/image\/"},"sameAs":["https:\/\/www.facebook.com\/rststeel","https:\/\/www.instagram.com\/rststeeloy\/"]}]}},"brands":[{"id":8351,"name":"Revon","slug":"brand_revon"}],"_links":{"self":[{"href":"https:\/\/com.rst-steel.eu\/nb\/wp-json\/wp\/v2\/product\/45391","targetHints":{"allow":["GET"]}}],"collection":[{"href":"https:\/\/com.rst-steel.eu\/nb\/wp-json\/wp\/v2\/product"}],"about":[{"href":"https:\/\/com.rst-steel.eu\/nb\/wp-json\/wp\/v2\/types\/product"}],"replies":[{"embeddable":true,"href":"https:\/\/com.rst-steel.eu\/nb\/wp-json\/wp\/v2\/comments?post=45391"}],"version-history":[{"count":0,"href":"https:\/\/com.rst-steel.eu\/nb\/wp-json\/wp\/v2\/product\/45391\/revisions"}],"wp:featuredmedia":[{"embeddable":true,"href":"https:\/\/com.rst-steel.eu\/nb\/wp-json\/wp\/v2\/media\/45389"}],"wp:attachment":[{"href":"https:\/\/com.rst-steel.eu\/nb\/wp-json\/wp\/v2\/media?parent=45391"}],"wp:term":[{"taxonomy":"make_fuel_type","embeddable":true,"href":"https:\/\/com.rst-steel.eu\/nb\/wp-json\/wp\/v2\/make_fuel_type?post=45391"},{"taxonomy":"make_model","embeddable":true,"href":"https:\/\/com.rst-steel.eu\/nb\/wp-json\/wp\/v2\/make_model?post=45391"},{"taxonomy":"make_brand","embeddable":true,"href":"https:\/\/com.rst-steel.eu\/nb\/wp-json\/wp\/v2\/make_brand?post=45391"},{"taxonomy":"make_year","embeddable":true,"href":"https:\/\/com.rst-steel.eu\/nb\/wp-json\/wp\/v2\/make_year?post=45391"},{"taxonomy":"pwb-brand","embeddable":true,"href":"https:\/\/com.rst-steel.eu\/nb\/wp-json\/wp\/v2\/pwb-brand?post=45391"},{"taxonomy":"product_brand","embeddable":true,"href":"https:\/\/com.rst-steel.eu\/nb\/wp-json\/wp\/v2\/product_brand?post=45391"},{"taxonomy":"product_cat","embeddable":true,"href":"https:\/\/com.rst-steel.eu\/nb\/wp-json\/wp\/v2\/product_cat?post=45391"},{"taxonomy":"product_tag","embeddable":true,"href":"https:\/\/com.rst-steel.eu\/nb\/wp-json\/wp\/v2\/product_tag?post=45391"}],"curies":[{"name":"wp","href":"https:\/\/api.w.org\/{rel}","templated":true}]}}