{"id":45378,"date":"2024-08-09T11:12:58","date_gmt":"2024-08-09T08:12:58","guid":{"rendered":"https:\/\/rst-steel.com\/product\/revon-led-work-light-40w-3400lm-valtra_pr_3659\/"},"modified":"2026-03-16T09:21:22","modified_gmt":"2026-03-16T06:21:22","slug":"led-tyovalo-revon-40w-3400lm-valtra_pr_3659","status":"publish","type":"product","link":"https:\/\/com.rst-steel.eu\/nb\/produkt\/led-tyovalo-revon-40w-3400lm-valtra_pr_3659\/","title":{"rendered":"LED-Ty\u00f6valo Revon 40W\/3400lm, Valtra"},"content":{"rendered":"<p>Revon LED Work Light 40W\/3400lm, Valtra,&nbsp;Recessed model<\/p>\n<p><\/p>\n<p>Recessed work light, suitable for e.g. for several Valtra brand tractors.<\/p>\n<p>Replaces OE part numbers V36520700, V36520710, V39077400 and ACV0098090<\/p>\n<p><\/p>\n<p>Compatibility:<\/p>\n<p>&nbsp;Valtra N1-3 -Series, T1-3-Series, C-Series and M-Series.&nbsp;<\/p>\n<p>Replaces H3 \/ H9 corner lights<\/p>\n<p><\/p>\n<p><span style=\"font-weight: bold\">Note!&nbsp;In T0 and M-series tractors, compatibility 07&#8211;&gt; onwards (newer roof)<\/span><\/p>\n<p><\/p>\n<p>Teknisk informasjon:<\/p>\n<p><\/p>\n<p>Operating voltage: 9-32V<\/p>\n<p>Power consumption: 40W<\/p>\n<p>Total luminous flux: 3400 Lm<\/p>\n<p>Colour temperature: 6000K<\/p>\n<p>LEDs: 8 x 5W Cree LED<\/p>\n<p>EMC protection, CE, RoHS<\/p>\n<p>IP rating: IP68<\/p>\n<p><\/p>\n<p><\/p>\n<p>Dimensjoner:<\/p>\n<p><\/p>\n<p>Width: 100 mm<\/p>\n<p>Height: 117 mm<\/p>\n<p>Depth: 77 mm<\/p>\n<p><\/p>\n<p><\/p>","protected":false},"excerpt":{"rendered":"<p>Recessed work light, suitable for e.g. for several Valtra brand tractors!<\/p>","protected":false},"featured_media":45377,"comment_status":"open","ping_status":"closed","template":"","meta":{"_improvement_type_select":"improve_an_existing","_thumb_yes_seoaic":false,"_frame_yes_seoaic":false,"seoaic_generate_description":"","seoaic_improve_instructions_prompt":"","seoaic_rollback_content_improvement":"","seoaic_idea_thumbnail_generator":"","thumbnail_generated":false,"thumbnail_generate_prompt":"","seoaic_article_description":""},"make_fuel_type":[],"make_model":[],"make_brand":[],"make_year":[],"pwb-brand":[8351],"product_brand":[],"product_cat":[6195,6218,6220],"product_tag":[],"class_list":{"0":"post-45378","1":"product","2":"type-product","3":"status-publish","4":"has-post-thumbnail","6":"pwb-brand-brand_revon","7":"product_cat-lamps","8":"product_cat-work-lights","9":"product_cat-led-work-lights","11":"first","12":"onbackorder","13":"taxable","14":"shipping-taxable","15":"purchasable","16":"product-type-simple"},"yoast_head":"<!-- This site is optimized with the Yoast SEO plugin v25.7 - https:\/\/yoast.com\/wordpress\/plugins\/seo\/ -->\n<title>LED-Ty\u00f6valo Revon 40W\/3400lm, Valtra - RST-Steel<\/title>\n<meta name=\"description\" content=\"The Revon LED Work Light (40W, 3400lm) provides robust and bright lighting for Valtra equipment, designed for durability and optimal performance.\" \/>\n<meta name=\"robots\" content=\"index, follow, max-snippet:-1, max-image-preview:large, max-video-preview:-1\" \/>\n<link rel=\"canonical\" href=\"https:\/\/com.rst-steel.eu\/nb\/produkt\/led-tyovalo-revon-40w-3400lm-valtra_pr_3659\/\" \/>\n<meta property=\"og:locale\" content=\"nb_NO\" \/>\n<meta property=\"og:type\" content=\"article\" \/>\n<meta property=\"og:title\" content=\"LED-Ty\u00f6valo Revon 40W\/3400lm, Valtra - RST-Steel\" \/>\n<meta property=\"og:description\" content=\"The Revon LED Work Light (40W, 3400lm) provides robust and bright lighting for Valtra equipment, designed for durability and optimal performance.\" \/>\n<meta property=\"og:url\" content=\"https:\/\/com.rst-steel.eu\/nb\/produkt\/led-tyovalo-revon-40w-3400lm-valtra_pr_3659\/\" \/>\n<meta property=\"og:site_name\" content=\"RST-Steel\" \/>\n<meta property=\"article:publisher\" content=\"https:\/\/www.facebook.com\/rststeel\" \/>\n<meta property=\"article:modified_time\" content=\"2026-03-16T06:21:22+00:00\" \/>\n<meta property=\"og:image\" content=\"https:\/\/com.rst-steel.eu\/wp-content\/uploads\/2024\/08\/bd002fd6acfea90a02a615a6ad49e0109414a7b5_LedTyovaloRevon40W3400lmValtra_58010035_5320c1f048e99da2e75a621ff908747d_1.jpg\" \/>\n\t<meta property=\"og:image:width\" content=\"613\" \/>\n\t<meta property=\"og:image:height\" content=\"589\" \/>\n\t<meta property=\"og:image:type\" content=\"image\/jpeg\" \/>\n<meta name=\"twitter:card\" content=\"summary_large_image\" \/>\n<meta name=\"twitter:label1\" content=\"Ansl. lesetid\" \/>\n\t<meta name=\"twitter:data1\" content=\"1 minutt\" \/>\n<script type=\"application\/ld+json\" class=\"yoast-schema-graph\">{\"@context\":\"https:\/\/schema.org\",\"@graph\":[{\"@type\":\"WebPage\",\"@id\":\"https:\/\/com.rst-steel.eu\/product\/led-tyovalo-revon-40w-3400lm-valtra_pr_3659\/\",\"url\":\"https:\/\/com.rst-steel.eu\/product\/led-tyovalo-revon-40w-3400lm-valtra_pr_3659\/\",\"name\":\"LED-Ty\u00f6valo Revon 40W\/3400lm, Valtra - RST-Steel\",\"isPartOf\":{\"@id\":\"https:\/\/com.rst-steel.eu\/#website\"},\"primaryImageOfPage\":{\"@id\":\"https:\/\/com.rst-steel.eu\/product\/led-tyovalo-revon-40w-3400lm-valtra_pr_3659\/#primaryimage\"},\"image\":{\"@id\":\"https:\/\/com.rst-steel.eu\/product\/led-tyovalo-revon-40w-3400lm-valtra_pr_3659\/#primaryimage\"},\"thumbnailUrl\":\"https:\/\/com.rst-steel.eu\/wp-content\/uploads\/2024\/08\/bd002fd6acfea90a02a615a6ad49e0109414a7b5_LedTyovaloRevon40W3400lmValtra_58010035_5320c1f048e99da2e75a621ff908747d_1.jpg\",\"datePublished\":\"2024-08-09T08:12:58+00:00\",\"dateModified\":\"2026-03-16T06:21:22+00:00\",\"description\":\"The Revon LED Work Light (40W, 3400lm) provides robust and bright lighting for Valtra equipment, designed for durability and optimal performance.\",\"breadcrumb\":{\"@id\":\"https:\/\/com.rst-steel.eu\/product\/led-tyovalo-revon-40w-3400lm-valtra_pr_3659\/#breadcrumb\"},\"inLanguage\":\"nb-NO\",\"potentialAction\":[{\"@type\":\"ReadAction\",\"target\":[\"https:\/\/com.rst-steel.eu\/product\/led-tyovalo-revon-40w-3400lm-valtra_pr_3659\/\"]}]},{\"@type\":\"ImageObject\",\"inLanguage\":\"nb-NO\",\"@id\":\"https:\/\/com.rst-steel.eu\/product\/led-tyovalo-revon-40w-3400lm-valtra_pr_3659\/#primaryimage\",\"url\":\"https:\/\/com.rst-steel.eu\/wp-content\/uploads\/2024\/08\/bd002fd6acfea90a02a615a6ad49e0109414a7b5_LedTyovaloRevon40W3400lmValtra_58010035_5320c1f048e99da2e75a621ff908747d_1.jpg\",\"contentUrl\":\"https:\/\/com.rst-steel.eu\/wp-content\/uploads\/2024\/08\/bd002fd6acfea90a02a615a6ad49e0109414a7b5_LedTyovaloRevon40W3400lmValtra_58010035_5320c1f048e99da2e75a621ff908747d_1.jpg\",\"width\":613,\"height\":589,\"caption\":\"Revon LED Work Light 40W\/3400lm, Valtra\"},{\"@type\":\"BreadcrumbList\",\"@id\":\"https:\/\/com.rst-steel.eu\/product\/led-tyovalo-revon-40w-3400lm-valtra_pr_3659\/#breadcrumb\",\"itemListElement\":[{\"@type\":\"ListItem\",\"position\":1,\"name\":\"Home\",\"item\":\"https:\/\/com.rst-steel.eu\/\"},{\"@type\":\"ListItem\",\"position\":2,\"name\":\"RST-Steel Shop\",\"item\":\"https:\/\/com.rst-steel.eu\/shop\/\"},{\"@type\":\"ListItem\",\"position\":3,\"name\":\"LED-Ty\u00f6valo Revon 40W\/3400lm, Valtra\"}]},{\"@type\":\"WebSite\",\"@id\":\"https:\/\/com.rst-steel.eu\/#website\",\"url\":\"https:\/\/com.rst-steel.eu\/\",\"name\":\"RST-Steel.com\",\"description\":\"Finnish quality steel, for quality-conscious drivers\",\"publisher\":{\"@id\":\"https:\/\/com.rst-steel.eu\/#organization\"},\"alternateName\":\"Safe and stylish RST-Steel quality\",\"potentialAction\":[{\"@type\":\"SearchAction\",\"target\":{\"@type\":\"EntryPoint\",\"urlTemplate\":\"https:\/\/com.rst-steel.eu\/?s={search_term_string}\"},\"query-input\":{\"@type\":\"PropertyValueSpecification\",\"valueRequired\":true,\"valueName\":\"search_term_string\"}}],\"inLanguage\":\"nb-NO\"},{\"@type\":\"Organization\",\"@id\":\"https:\/\/com.rst-steel.eu\/#organization\",\"name\":\"RST-Steel Oy\",\"url\":\"https:\/\/com.rst-steel.eu\/\",\"logo\":{\"@type\":\"ImageObject\",\"inLanguage\":\"nb-NO\",\"@id\":\"https:\/\/com.rst-steel.eu\/#\/schema\/logo\/image\/\",\"url\":\"https:\/\/com.rst-steel.eu\/wp-content\/uploads\/2023\/04\/cropped-Rst-logo-valkoinen-teksti-3.png\",\"contentUrl\":\"https:\/\/com.rst-steel.eu\/wp-content\/uploads\/2023\/04\/cropped-Rst-logo-valkoinen-teksti-3.png\",\"width\":512,\"height\":115,\"caption\":\"RST-Steel Oy\"},\"image\":{\"@id\":\"https:\/\/com.rst-steel.eu\/#\/schema\/logo\/image\/\"},\"sameAs\":[\"https:\/\/www.facebook.com\/rststeel\",\"https:\/\/www.instagram.com\/rststeeloy\/\"]}]}<\/script>\n<!-- \/ Yoast SEO plugin. -->","yoast_head_json":{"title":"LED-Ty\u00f6valo Revon 40W\/3400lm, Valtra - RST-Steel","description":"The Revon LED Work Light (40W, 3400lm) provides robust and bright lighting for Valtra equipment, designed for durability and optimal performance.","robots":{"index":"index","follow":"follow","max-snippet":"max-snippet:-1","max-image-preview":"max-image-preview:large","max-video-preview":"max-video-preview:-1"},"canonical":"https:\/\/com.rst-steel.eu\/nb\/produkt\/led-tyovalo-revon-40w-3400lm-valtra_pr_3659\/","og_locale":"nb_NO","og_type":"article","og_title":"LED-Ty\u00f6valo Revon 40W\/3400lm, Valtra - RST-Steel","og_description":"The Revon LED Work Light (40W, 3400lm) provides robust and bright lighting for Valtra equipment, designed for durability and optimal performance.","og_url":"https:\/\/com.rst-steel.eu\/nb\/produkt\/led-tyovalo-revon-40w-3400lm-valtra_pr_3659\/","og_site_name":"RST-Steel","article_publisher":"https:\/\/www.facebook.com\/rststeel","article_modified_time":"2026-03-16T06:21:22+00:00","og_image":[{"width":613,"height":589,"url":"https:\/\/com.rst-steel.eu\/wp-content\/uploads\/2024\/08\/bd002fd6acfea90a02a615a6ad49e0109414a7b5_LedTyovaloRevon40W3400lmValtra_58010035_5320c1f048e99da2e75a621ff908747d_1.jpg","type":"image\/jpeg"}],"twitter_card":"summary_large_image","twitter_misc":{"Ansl. lesetid":"1 minutt"},"schema":{"@context":"https:\/\/schema.org","@graph":[{"@type":"WebPage","@id":"https:\/\/com.rst-steel.eu\/product\/led-tyovalo-revon-40w-3400lm-valtra_pr_3659\/","url":"https:\/\/com.rst-steel.eu\/product\/led-tyovalo-revon-40w-3400lm-valtra_pr_3659\/","name":"LED-Ty\u00f6valo Revon 40W\/3400lm, Valtra - RST-Steel","isPartOf":{"@id":"https:\/\/com.rst-steel.eu\/#website"},"primaryImageOfPage":{"@id":"https:\/\/com.rst-steel.eu\/product\/led-tyovalo-revon-40w-3400lm-valtra_pr_3659\/#primaryimage"},"image":{"@id":"https:\/\/com.rst-steel.eu\/product\/led-tyovalo-revon-40w-3400lm-valtra_pr_3659\/#primaryimage"},"thumbnailUrl":"https:\/\/com.rst-steel.eu\/wp-content\/uploads\/2024\/08\/bd002fd6acfea90a02a615a6ad49e0109414a7b5_LedTyovaloRevon40W3400lmValtra_58010035_5320c1f048e99da2e75a621ff908747d_1.jpg","datePublished":"2024-08-09T08:12:58+00:00","dateModified":"2026-03-16T06:21:22+00:00","description":"The Revon LED Work Light (40W, 3400lm) provides robust and bright lighting for Valtra equipment, designed for durability and optimal performance.","breadcrumb":{"@id":"https:\/\/com.rst-steel.eu\/product\/led-tyovalo-revon-40w-3400lm-valtra_pr_3659\/#breadcrumb"},"inLanguage":"nb-NO","potentialAction":[{"@type":"ReadAction","target":["https:\/\/com.rst-steel.eu\/product\/led-tyovalo-revon-40w-3400lm-valtra_pr_3659\/"]}]},{"@type":"ImageObject","inLanguage":"nb-NO","@id":"https:\/\/com.rst-steel.eu\/product\/led-tyovalo-revon-40w-3400lm-valtra_pr_3659\/#primaryimage","url":"https:\/\/com.rst-steel.eu\/wp-content\/uploads\/2024\/08\/bd002fd6acfea90a02a615a6ad49e0109414a7b5_LedTyovaloRevon40W3400lmValtra_58010035_5320c1f048e99da2e75a621ff908747d_1.jpg","contentUrl":"https:\/\/com.rst-steel.eu\/wp-content\/uploads\/2024\/08\/bd002fd6acfea90a02a615a6ad49e0109414a7b5_LedTyovaloRevon40W3400lmValtra_58010035_5320c1f048e99da2e75a621ff908747d_1.jpg","width":613,"height":589,"caption":"Revon LED Work Light 40W\/3400lm, Valtra"},{"@type":"BreadcrumbList","@id":"https:\/\/com.rst-steel.eu\/product\/led-tyovalo-revon-40w-3400lm-valtra_pr_3659\/#breadcrumb","itemListElement":[{"@type":"ListItem","position":1,"name":"Home","item":"https:\/\/com.rst-steel.eu\/"},{"@type":"ListItem","position":2,"name":"RST-Steel Shop","item":"https:\/\/com.rst-steel.eu\/shop\/"},{"@type":"ListItem","position":3,"name":"LED-Ty\u00f6valo Revon 40W\/3400lm, Valtra"}]},{"@type":"WebSite","@id":"https:\/\/com.rst-steel.eu\/#website","url":"https:\/\/com.rst-steel.eu\/","name":"RST-Steel.com","description":"Finsk kvalitetsst\u00e5l, for kvalitetsbevisste sj\u00e5f\u00f8rer","publisher":{"@id":"https:\/\/com.rst-steel.eu\/#organization"},"alternateName":"Safe and stylish RST-Steel quality","potentialAction":[{"@type":"SearchAction","target":{"@type":"EntryPoint","urlTemplate":"https:\/\/com.rst-steel.eu\/?s={search_term_string}"},"query-input":{"@type":"PropertyValueSpecification","valueRequired":true,"valueName":"search_term_string"}}],"inLanguage":"nb-NO"},{"@type":"Organization","@id":"https:\/\/com.rst-steel.eu\/#organization","name":"RST-Steel Oy","url":"https:\/\/com.rst-steel.eu\/","logo":{"@type":"ImageObject","inLanguage":"nb-NO","@id":"https:\/\/com.rst-steel.eu\/#\/schema\/logo\/image\/","url":"https:\/\/com.rst-steel.eu\/wp-content\/uploads\/2023\/04\/cropped-Rst-logo-valkoinen-teksti-3.png","contentUrl":"https:\/\/com.rst-steel.eu\/wp-content\/uploads\/2023\/04\/cropped-Rst-logo-valkoinen-teksti-3.png","width":512,"height":115,"caption":"RST-Steel Oy"},"image":{"@id":"https:\/\/com.rst-steel.eu\/#\/schema\/logo\/image\/"},"sameAs":["https:\/\/www.facebook.com\/rststeel","https:\/\/www.instagram.com\/rststeeloy\/"]}]}},"brands":[{"id":8351,"name":"Revon","slug":"brand_revon"}],"_links":{"self":[{"href":"https:\/\/com.rst-steel.eu\/nb\/wp-json\/wp\/v2\/product\/45378","targetHints":{"allow":["GET"]}}],"collection":[{"href":"https:\/\/com.rst-steel.eu\/nb\/wp-json\/wp\/v2\/product"}],"about":[{"href":"https:\/\/com.rst-steel.eu\/nb\/wp-json\/wp\/v2\/types\/product"}],"replies":[{"embeddable":true,"href":"https:\/\/com.rst-steel.eu\/nb\/wp-json\/wp\/v2\/comments?post=45378"}],"version-history":[{"count":0,"href":"https:\/\/com.rst-steel.eu\/nb\/wp-json\/wp\/v2\/product\/45378\/revisions"}],"wp:featuredmedia":[{"embeddable":true,"href":"https:\/\/com.rst-steel.eu\/nb\/wp-json\/wp\/v2\/media\/45377"}],"wp:attachment":[{"href":"https:\/\/com.rst-steel.eu\/nb\/wp-json\/wp\/v2\/media?parent=45378"}],"wp:term":[{"taxonomy":"make_fuel_type","embeddable":true,"href":"https:\/\/com.rst-steel.eu\/nb\/wp-json\/wp\/v2\/make_fuel_type?post=45378"},{"taxonomy":"make_model","embeddable":true,"href":"https:\/\/com.rst-steel.eu\/nb\/wp-json\/wp\/v2\/make_model?post=45378"},{"taxonomy":"make_brand","embeddable":true,"href":"https:\/\/com.rst-steel.eu\/nb\/wp-json\/wp\/v2\/make_brand?post=45378"},{"taxonomy":"make_year","embeddable":true,"href":"https:\/\/com.rst-steel.eu\/nb\/wp-json\/wp\/v2\/make_year?post=45378"},{"taxonomy":"pwb-brand","embeddable":true,"href":"https:\/\/com.rst-steel.eu\/nb\/wp-json\/wp\/v2\/pwb-brand?post=45378"},{"taxonomy":"product_brand","embeddable":true,"href":"https:\/\/com.rst-steel.eu\/nb\/wp-json\/wp\/v2\/product_brand?post=45378"},{"taxonomy":"product_cat","embeddable":true,"href":"https:\/\/com.rst-steel.eu\/nb\/wp-json\/wp\/v2\/product_cat?post=45378"},{"taxonomy":"product_tag","embeddable":true,"href":"https:\/\/com.rst-steel.eu\/nb\/wp-json\/wp\/v2\/product_tag?post=45378"}],"curies":[{"name":"wp","href":"https:\/\/api.w.org\/{rel}","templated":true}]}}