{"id":43961,"date":"2024-07-05T12:38:49","date_gmt":"2024-07-05T09:38:49","guid":{"rendered":"https:\/\/rst-steel.com\/product\/lazer-linear-24-lighting-package-for-volvo-fh-aero-grille_pr_81345\/"},"modified":"2026-03-16T09:17:34","modified_gmt":"2026-03-16T06:17:34","slug":"lazer-linear-24-valopaketti-volvo-fh-aero-maskiin_pr_81345","status":"publish","type":"product","link":"https:\/\/com.rst-steel.eu\/nb\/produkt\/lazer-linear-24-valopaketti-volvo-fh-aero-maskiin_pr_81345\/","title":{"rendered":"Lazer Linear 24 Belysningspakke for Volvo FH AERO Grille"},"content":{"rendered":"<p>Lazer Linear 24 Belysningspakke for Volvo FH AERO Grille<\/p>\n<p>&nbsp;<\/p>\n<p><span style=\"font-weight: bold;\">Leter du etter en diskret og kraftig belysningspakke til din Volvo FH AERO lastebil?<\/span><\/p>\n<p>&nbsp;<\/p>\n<p>Belysningspakken Lazer Linear 24 er et utmerket valg. Denne belysningspakken av h\u00f8y kvalitet inneholder alt du trenger for \u00e5 oppgradere bilens belysning til det h\u00f8yeste niv\u00e5et.<\/p>\n<p>&nbsp;<\/p>\n<p><span style=\"font-weight: bold;\">Belysning med h\u00f8y ytelse<\/span><\/p>\n<p>Lazer Linear 24 Elite er en f\u00f8rsteklasses LED-ekstralysbjelke som gir eksepsjonell belysningskraft og kvalitet. Denne kompakte, men kraftige lykten er designet for dem som krever det beste av frontlyktene sine.<\/p>\n<p>&nbsp;<\/p>\n<p><span style=\"font-weight: bold;\">Egenskaper:<\/span><\/p>\n<p>&nbsp;<\/p>\n<ul>\n<li><span style=\"font-weight: bold;\">H\u00f8y lyseffekt:<\/span> Linear 24 Elite gir 18 000 lumen, noe som lyser opp veien klart og langt foran deg.<\/li>\n<li><span style=\"font-weight: bold;\">Utmerket str\u00e5lem\u00f8nster:<\/span> Det sv\u00e6rt presise lyskasterm\u00f8nsteret minimerer str\u00f8lys og maksimerer synligheten i m\u00f8rket.<\/li>\n<li><span style=\"font-weight: bold;\">Slitesterk konstruksjon:<\/span> Bygget for \u00e5 t\u00e5le ekstreme forhold, med en IP68-klassifisering som sikrer beskyttelse mot st\u00f8v og vann.<\/li>\n<\/ul>\n<p>&nbsp;<\/p>\n<p>Les mer om produktdetaljene her:<\/p>\n<p><a href=\"https:\/\/rst-steel.com\/product\/lazer-linear-24-elite-_pr_70556\/\">Lazer Linear 24 Elite<\/a><\/p>\n<p>&nbsp;<\/p>\n<p><span style=\"font-weight: bold;\">Enkel installasjon<\/span><\/p>\n<p>Med det medf\u00f8lgende ledningssettet og brakettene er monteringen rask og enkel. Denne pakken er spesialdesignet for Volvo FH AERO-gitteret, noe som sikrer perfekt kompatibilitet og passform.<\/p>\n<p>&nbsp;<\/p>\n<p><span style=\"font-weight: bold;\">Holdbar og p\u00e5litelig<\/span><\/p>\n<p>Lazer Linear 24 Elite-lykten er bygget for \u00e5 t\u00e5le de t\u00f8ffeste forhold. Den v\u00e6rbestandige og vibrasjonsbestandige konstruksjonen garanterer langvarig ytelse og p\u00e5litelighet.<\/p>\n<p>&nbsp;<\/p>\n<p><span style=\"font-weight: bold;\">Hvorfor velge denne belysningspakken?<\/span><\/p>\n<ul>\n<li><span style=\"font-weight: bold;\">Optimal synlighet:<\/span> Forbedrer kj\u00f8resikkerheten og komforten.<\/li>\n<li><span style=\"font-weight: bold;\">Perfekt passform:<\/span> Designet spesielt for Volvo FH AERO-gitteret.<\/li>\n<li><span style=\"font-weight: bold;\">Enkel installasjon:<\/span> Inkluderer alle n\u00f8dvendige komponenter.<\/li>\n<\/ul>\n<p>&nbsp;<\/p>\n<p><span style=\"font-weight: bold;\">Pakken inneholder:<\/span><\/p>\n<ul>\n<li><span style=\"font-weight: bold;\">Lazer Linear 24 Elite:<\/span> Belysning og holdbarhet i toppklasse.<\/li>\n<li><span style=\"font-weight: bold;\">Kablingssett:<\/span> Enkel og rask installasjon uten ekstra problemer.<\/li>\n<li><span style=\"font-weight: bold;\">Monteringsbraketter:<\/span> Sikrer sikkert feste og optimal monteringsvinkel.<\/li>\n<\/ul>\n<p>&nbsp;<\/p>\n<p><span style=\"font-weight: bold;\">Ikke n\u00f8y deg med mindre n\u00e5r du kan f\u00e5 det beste. Bestill Lazer Linear 24 belysningspakke n\u00e5 og opplev overlegen belysning!<\/span><\/p>","protected":false},"excerpt":{"rendered":"<p><span style=\"font-weight: bold;\">Ikke sl\u00e5 deg til ro med mindre n\u00e5r du kan f\u00e5 det beste!<\/span><\/p>","protected":false},"featured_media":52966,"comment_status":"open","ping_status":"closed","template":"","meta":{"_improvement_type_select":"improve_an_existing","_thumb_yes_seoaic":false,"_frame_yes_seoaic":false,"seoaic_generate_description":"","seoaic_improve_instructions_prompt":"","seoaic_rollback_content_improvement":"","seoaic_idea_thumbnail_generator":"","thumbnail_generated":false,"thumbnail_generate_prompt":"","seoaic_article_description":""},"make_fuel_type":[],"make_model":[6966],"make_brand":[3745],"make_year":[3748],"pwb-brand":[8332],"product_brand":[],"product_cat":[6195,6209,6212],"product_tag":[6298],"class_list":{"0":"post-43961","1":"product","2":"type-product","3":"status-publish","4":"has-post-thumbnail","6":"make_engine-normal-cab","7":"make_engine-globetrotter","8":"make_engine-globetrotter-xl-cab","9":"make_model-fh-aero","10":"make_brand-volvo","11":"make_year-trucks","12":"pwb-brand-brand_lazerlamps","13":"product_cat-lamps","14":"product_cat-auxiliary-lights","15":"product_cat-lazer-lamps-vehicle-specific-driving-light-kits","16":"product_tag-lazer-lamps","18":"first","19":"instock","20":"taxable","21":"shipping-taxable","22":"purchasable","23":"product-type-simple"},"yoast_head":"<!-- This site is optimized with the Yoast SEO plugin v25.7 - https:\/\/yoast.com\/wordpress\/plugins\/seo\/ -->\n<title>Lazer Linear 24 Lighting Package For Volvo FH AERO Grille - RST-Steel<\/title>\n<meta name=\"description\" content=\"Lazer Linear 24 Lighting Package For Volvo FH AERO Grille. Order the Lazer Linear 24 Lighting Package now and experience superior lighting!\" \/>\n<meta name=\"robots\" content=\"index, follow, max-snippet:-1, max-image-preview:large, max-video-preview:-1\" \/>\n<link rel=\"canonical\" href=\"https:\/\/com.rst-steel.eu\/nb\/produkt\/lazer-linear-24-valopaketti-volvo-fh-aero-maskiin_pr_81345\/\" \/>\n<meta property=\"og:locale\" content=\"nb_NO\" \/>\n<meta property=\"og:type\" content=\"article\" \/>\n<meta property=\"og:title\" content=\"Lazer Linear 24 Lighting Package For Volvo FH AERO Grille - RST-Steel\" \/>\n<meta property=\"og:description\" content=\"Lazer Linear 24 Lighting Package For Volvo FH AERO Grille. Order the Lazer Linear 24 Lighting Package now and experience superior lighting!\" \/>\n<meta property=\"og:url\" content=\"https:\/\/com.rst-steel.eu\/nb\/produkt\/lazer-linear-24-valopaketti-volvo-fh-aero-maskiin_pr_81345\/\" \/>\n<meta property=\"og:site_name\" content=\"RST-Steel\" \/>\n<meta property=\"article:publisher\" content=\"https:\/\/www.facebook.com\/rststeel\" \/>\n<meta property=\"article:modified_time\" content=\"2026-03-16T06:17:34+00:00\" \/>\n<meta property=\"og:image\" content=\"https:\/\/com.rst-steel.eu\/wp-content\/uploads\/2025\/09\/88811f7ca4af9597c83a9ea96d92222f0440cedf_2025_pts_27.jpg\" \/>\n\t<meta property=\"og:image:width\" content=\"1000\" \/>\n\t<meta property=\"og:image:height\" content=\"751\" \/>\n\t<meta property=\"og:image:type\" content=\"image\/jpeg\" \/>\n<meta name=\"twitter:card\" content=\"summary_large_image\" \/>\n<meta name=\"twitter:label1\" content=\"Ansl. lesetid\" \/>\n\t<meta name=\"twitter:data1\" content=\"2 minutter\" \/>\n<script type=\"application\/ld+json\" class=\"yoast-schema-graph\">{\"@context\":\"https:\/\/schema.org\",\"@graph\":[{\"@type\":\"WebPage\",\"@id\":\"https:\/\/com.rst-steel.eu\/sv\/produkt\/lazer-linear-24-valopaketti-volvo-fh-aero-maskiin_pr_81345\/\",\"url\":\"https:\/\/com.rst-steel.eu\/sv\/produkt\/lazer-linear-24-valopaketti-volvo-fh-aero-maskiin_pr_81345\/\",\"name\":\"Lazer Linear 24 Lighting Package For Volvo FH AERO Grille - RST-Steel\",\"isPartOf\":{\"@id\":\"https:\/\/com.rst-steel.eu\/#website\"},\"primaryImageOfPage\":{\"@id\":\"https:\/\/com.rst-steel.eu\/sv\/produkt\/lazer-linear-24-valopaketti-volvo-fh-aero-maskiin_pr_81345\/#primaryimage\"},\"image\":{\"@id\":\"https:\/\/com.rst-steel.eu\/sv\/produkt\/lazer-linear-24-valopaketti-volvo-fh-aero-maskiin_pr_81345\/#primaryimage\"},\"thumbnailUrl\":\"https:\/\/com.rst-steel.eu\/wp-content\/uploads\/2025\/09\/88811f7ca4af9597c83a9ea96d92222f0440cedf_2025_pts_27.jpg\",\"datePublished\":\"2024-07-05T09:38:49+00:00\",\"dateModified\":\"2026-03-16T06:17:34+00:00\",\"description\":\"Lazer Linear 24 Lighting Package For Volvo FH AERO Grille. Order the Lazer Linear 24 Lighting Package now and experience superior lighting!\",\"breadcrumb\":{\"@id\":\"https:\/\/com.rst-steel.eu\/sv\/produkt\/lazer-linear-24-valopaketti-volvo-fh-aero-maskiin_pr_81345\/#breadcrumb\"},\"inLanguage\":\"nb-NO\",\"potentialAction\":[{\"@type\":\"ReadAction\",\"target\":[\"https:\/\/com.rst-steel.eu\/sv\/produkt\/lazer-linear-24-valopaketti-volvo-fh-aero-maskiin_pr_81345\/\"]}]},{\"@type\":\"ImageObject\",\"inLanguage\":\"nb-NO\",\"@id\":\"https:\/\/com.rst-steel.eu\/sv\/produkt\/lazer-linear-24-valopaketti-volvo-fh-aero-maskiin_pr_81345\/#primaryimage\",\"url\":\"https:\/\/com.rst-steel.eu\/wp-content\/uploads\/2025\/09\/88811f7ca4af9597c83a9ea96d92222f0440cedf_2025_pts_27.jpg\",\"contentUrl\":\"https:\/\/com.rst-steel.eu\/wp-content\/uploads\/2025\/09\/88811f7ca4af9597c83a9ea96d92222f0440cedf_2025_pts_27.jpg\",\"width\":1000,\"height\":751},{\"@type\":\"BreadcrumbList\",\"@id\":\"https:\/\/com.rst-steel.eu\/sv\/produkt\/lazer-linear-24-valopaketti-volvo-fh-aero-maskiin_pr_81345\/#breadcrumb\",\"itemListElement\":[{\"@type\":\"ListItem\",\"position\":1,\"name\":\"Home\",\"item\":\"https:\/\/com.rst-steel.eu\/\"},{\"@type\":\"ListItem\",\"position\":2,\"name\":\"RST-Steel Shop\",\"item\":\"https:\/\/com.rst-steel.eu\/shop\/\"},{\"@type\":\"ListItem\",\"position\":3,\"name\":\"Lazer Linear 24 Lighting Package For Volvo FH AERO Grille\"}]},{\"@type\":\"WebSite\",\"@id\":\"https:\/\/com.rst-steel.eu\/#website\",\"url\":\"https:\/\/com.rst-steel.eu\/\",\"name\":\"RST-Steel.com\",\"description\":\"Finnish quality steel, for quality-conscious drivers\",\"publisher\":{\"@id\":\"https:\/\/com.rst-steel.eu\/#organization\"},\"alternateName\":\"Safe and stylish RST-Steel quality\",\"potentialAction\":[{\"@type\":\"SearchAction\",\"target\":{\"@type\":\"EntryPoint\",\"urlTemplate\":\"https:\/\/com.rst-steel.eu\/?s={search_term_string}\"},\"query-input\":{\"@type\":\"PropertyValueSpecification\",\"valueRequired\":true,\"valueName\":\"search_term_string\"}}],\"inLanguage\":\"nb-NO\"},{\"@type\":\"Organization\",\"@id\":\"https:\/\/com.rst-steel.eu\/#organization\",\"name\":\"RST-Steel Oy\",\"url\":\"https:\/\/com.rst-steel.eu\/\",\"logo\":{\"@type\":\"ImageObject\",\"inLanguage\":\"nb-NO\",\"@id\":\"https:\/\/com.rst-steel.eu\/#\/schema\/logo\/image\/\",\"url\":\"https:\/\/com.rst-steel.eu\/wp-content\/uploads\/2023\/04\/cropped-Rst-logo-valkoinen-teksti-3.png\",\"contentUrl\":\"https:\/\/com.rst-steel.eu\/wp-content\/uploads\/2023\/04\/cropped-Rst-logo-valkoinen-teksti-3.png\",\"width\":512,\"height\":115,\"caption\":\"RST-Steel Oy\"},\"image\":{\"@id\":\"https:\/\/com.rst-steel.eu\/#\/schema\/logo\/image\/\"},\"sameAs\":[\"https:\/\/www.facebook.com\/rststeel\",\"https:\/\/www.instagram.com\/rststeeloy\/\"]}]}<\/script>\n<!-- \/ Yoast SEO plugin. -->","yoast_head_json":{"title":"Lazer Linear 24 Belysningspakke for Volvo FH AERO Grille - RST-Steel","description":"Lazer Linear 24 Belysningspakke for Volvo FH AERO Grille. Bestill Lazer Linear 24 belysningspakke n\u00e5 og opplev overlegen belysning!","robots":{"index":"index","follow":"follow","max-snippet":"max-snippet:-1","max-image-preview":"max-image-preview:large","max-video-preview":"max-video-preview:-1"},"canonical":"https:\/\/com.rst-steel.eu\/nb\/produkt\/lazer-linear-24-valopaketti-volvo-fh-aero-maskiin_pr_81345\/","og_locale":"nb_NO","og_type":"article","og_title":"Lazer Linear 24 Lighting Package For Volvo FH AERO Grille - RST-Steel","og_description":"Lazer Linear 24 Lighting Package For Volvo FH AERO Grille. Order the Lazer Linear 24 Lighting Package now and experience superior lighting!","og_url":"https:\/\/com.rst-steel.eu\/nb\/produkt\/lazer-linear-24-valopaketti-volvo-fh-aero-maskiin_pr_81345\/","og_site_name":"RST-Steel","article_publisher":"https:\/\/www.facebook.com\/rststeel","article_modified_time":"2026-03-16T06:17:34+00:00","og_image":[{"width":1000,"height":751,"url":"https:\/\/com.rst-steel.eu\/wp-content\/uploads\/2025\/09\/88811f7ca4af9597c83a9ea96d92222f0440cedf_2025_pts_27.jpg","type":"image\/jpeg"}],"twitter_card":"summary_large_image","twitter_misc":{"Ansl. lesetid":"2 minutter"},"schema":{"@context":"https:\/\/schema.org","@graph":[{"@type":"WebPage","@id":"https:\/\/com.rst-steel.eu\/sv\/produkt\/lazer-linear-24-valopaketti-volvo-fh-aero-maskiin_pr_81345\/","url":"https:\/\/com.rst-steel.eu\/sv\/produkt\/lazer-linear-24-valopaketti-volvo-fh-aero-maskiin_pr_81345\/","name":"Lazer Linear 24 Belysningspakke for Volvo FH AERO Grille - RST-Steel","isPartOf":{"@id":"https:\/\/com.rst-steel.eu\/#website"},"primaryImageOfPage":{"@id":"https:\/\/com.rst-steel.eu\/sv\/produkt\/lazer-linear-24-valopaketti-volvo-fh-aero-maskiin_pr_81345\/#primaryimage"},"image":{"@id":"https:\/\/com.rst-steel.eu\/sv\/produkt\/lazer-linear-24-valopaketti-volvo-fh-aero-maskiin_pr_81345\/#primaryimage"},"thumbnailUrl":"https:\/\/com.rst-steel.eu\/wp-content\/uploads\/2025\/09\/88811f7ca4af9597c83a9ea96d92222f0440cedf_2025_pts_27.jpg","datePublished":"2024-07-05T09:38:49+00:00","dateModified":"2026-03-16T06:17:34+00:00","description":"Lazer Linear 24 Belysningspakke for Volvo FH AERO Grille. Bestill Lazer Linear 24 belysningspakke n\u00e5 og opplev overlegen belysning!","breadcrumb":{"@id":"https:\/\/com.rst-steel.eu\/sv\/produkt\/lazer-linear-24-valopaketti-volvo-fh-aero-maskiin_pr_81345\/#breadcrumb"},"inLanguage":"nb-NO","potentialAction":[{"@type":"ReadAction","target":["https:\/\/com.rst-steel.eu\/sv\/produkt\/lazer-linear-24-valopaketti-volvo-fh-aero-maskiin_pr_81345\/"]}]},{"@type":"ImageObject","inLanguage":"nb-NO","@id":"https:\/\/com.rst-steel.eu\/sv\/produkt\/lazer-linear-24-valopaketti-volvo-fh-aero-maskiin_pr_81345\/#primaryimage","url":"https:\/\/com.rst-steel.eu\/wp-content\/uploads\/2025\/09\/88811f7ca4af9597c83a9ea96d92222f0440cedf_2025_pts_27.jpg","contentUrl":"https:\/\/com.rst-steel.eu\/wp-content\/uploads\/2025\/09\/88811f7ca4af9597c83a9ea96d92222f0440cedf_2025_pts_27.jpg","width":1000,"height":751},{"@type":"BreadcrumbList","@id":"https:\/\/com.rst-steel.eu\/sv\/produkt\/lazer-linear-24-valopaketti-volvo-fh-aero-maskiin_pr_81345\/#breadcrumb","itemListElement":[{"@type":"ListItem","position":1,"name":"Home","item":"https:\/\/com.rst-steel.eu\/"},{"@type":"ListItem","position":2,"name":"RST-Steel Shop","item":"https:\/\/com.rst-steel.eu\/shop\/"},{"@type":"ListItem","position":3,"name":"Lazer Linear 24 Lighting Package For Volvo FH AERO Grille"}]},{"@type":"WebSite","@id":"https:\/\/com.rst-steel.eu\/#website","url":"https:\/\/com.rst-steel.eu\/","name":"RST-Steel.com","description":"Finsk kvalitetsst\u00e5l, for kvalitetsbevisste sj\u00e5f\u00f8rer","publisher":{"@id":"https:\/\/com.rst-steel.eu\/#organization"},"alternateName":"Safe and stylish RST-Steel quality","potentialAction":[{"@type":"SearchAction","target":{"@type":"EntryPoint","urlTemplate":"https:\/\/com.rst-steel.eu\/?s={search_term_string}"},"query-input":{"@type":"PropertyValueSpecification","valueRequired":true,"valueName":"search_term_string"}}],"inLanguage":"nb-NO"},{"@type":"Organization","@id":"https:\/\/com.rst-steel.eu\/#organization","name":"RST-Steel Oy","url":"https:\/\/com.rst-steel.eu\/","logo":{"@type":"ImageObject","inLanguage":"nb-NO","@id":"https:\/\/com.rst-steel.eu\/#\/schema\/logo\/image\/","url":"https:\/\/com.rst-steel.eu\/wp-content\/uploads\/2023\/04\/cropped-Rst-logo-valkoinen-teksti-3.png","contentUrl":"https:\/\/com.rst-steel.eu\/wp-content\/uploads\/2023\/04\/cropped-Rst-logo-valkoinen-teksti-3.png","width":512,"height":115,"caption":"RST-Steel Oy"},"image":{"@id":"https:\/\/com.rst-steel.eu\/#\/schema\/logo\/image\/"},"sameAs":["https:\/\/www.facebook.com\/rststeel","https:\/\/www.instagram.com\/rststeeloy\/"]}]}},"brands":[{"id":8332,"name":"Lazer Lamps","slug":"brand_lazerlamps"}],"_links":{"self":[{"href":"https:\/\/com.rst-steel.eu\/nb\/wp-json\/wp\/v2\/product\/43961","targetHints":{"allow":["GET"]}}],"collection":[{"href":"https:\/\/com.rst-steel.eu\/nb\/wp-json\/wp\/v2\/product"}],"about":[{"href":"https:\/\/com.rst-steel.eu\/nb\/wp-json\/wp\/v2\/types\/product"}],"replies":[{"embeddable":true,"href":"https:\/\/com.rst-steel.eu\/nb\/wp-json\/wp\/v2\/comments?post=43961"}],"version-history":[{"count":0,"href":"https:\/\/com.rst-steel.eu\/nb\/wp-json\/wp\/v2\/product\/43961\/revisions"}],"wp:featuredmedia":[{"embeddable":true,"href":"https:\/\/com.rst-steel.eu\/nb\/wp-json\/wp\/v2\/media\/52966"}],"wp:attachment":[{"href":"https:\/\/com.rst-steel.eu\/nb\/wp-json\/wp\/v2\/media?parent=43961"}],"wp:term":[{"taxonomy":"make_fuel_type","embeddable":true,"href":"https:\/\/com.rst-steel.eu\/nb\/wp-json\/wp\/v2\/make_fuel_type?post=43961"},{"taxonomy":"make_model","embeddable":true,"href":"https:\/\/com.rst-steel.eu\/nb\/wp-json\/wp\/v2\/make_model?post=43961"},{"taxonomy":"make_brand","embeddable":true,"href":"https:\/\/com.rst-steel.eu\/nb\/wp-json\/wp\/v2\/make_brand?post=43961"},{"taxonomy":"make_year","embeddable":true,"href":"https:\/\/com.rst-steel.eu\/nb\/wp-json\/wp\/v2\/make_year?post=43961"},{"taxonomy":"pwb-brand","embeddable":true,"href":"https:\/\/com.rst-steel.eu\/nb\/wp-json\/wp\/v2\/pwb-brand?post=43961"},{"taxonomy":"product_brand","embeddable":true,"href":"https:\/\/com.rst-steel.eu\/nb\/wp-json\/wp\/v2\/product_brand?post=43961"},{"taxonomy":"product_cat","embeddable":true,"href":"https:\/\/com.rst-steel.eu\/nb\/wp-json\/wp\/v2\/product_cat?post=43961"},{"taxonomy":"product_tag","embeddable":true,"href":"https:\/\/com.rst-steel.eu\/nb\/wp-json\/wp\/v2\/product_tag?post=43961"}],"curies":[{"name":"wp","href":"https:\/\/api.w.org\/{rel}","templated":true}]}}