{"id":43779,"date":"2024-06-27T13:36:35","date_gmt":"2024-06-27T10:36:35","guid":{"rendered":"https:\/\/rst-steel.com\/product\/bull-bar-dakar-man-tgx-2021-_prm_9743\/"},"modified":"2026-03-16T09:16:25","modified_gmt":"2026-03-16T06:16:25","slug":"bull-bar-dakar-man-tgx-2021-_prm_9743","status":"publish","type":"product","link":"https:\/\/com.rst-steel.eu\/nb\/produkt\/bull-bar-dakar-man-tgx-2021-_prm_9743\/","title":{"rendered":"Viltfanger Dakar MAN TGX 2021-"},"content":{"rendered":"<p><strong>Viltfanger Dakar MAN TGX 2021-<\/strong><\/p>\n<ul>\n<li><\/li>\n<\/ul>\n<div class=\"flex flex-grow flex-col max-w-full\">\n<div class=\"min-h-[20px] text-message flex flex-col items-start whitespace-pre-wrap break-words [.text-message+&amp;]:mt-5 juice:w-full juice:items-end overflow-x-auto gap-2\" dir=\"auto\" data-message-author-role=\"assistant\" data-message-id=\"60d7c0c3-59cd-4fb2-937e-119a1dd18726\">\n<div class=\"flex w-full flex-col gap-1 juice:empty:hidden juice:first:pt-[3px]\">\n<div class=\"markdown prose w-full break-words dark:prose-invert light\">\n<p>Forbedre sikkerheten og utseendet til din MAN TGX 2021-lastebil. Denne h\u00f8ykvalitets frontbeskytter er designet for \u00e5 gi maksimal beskyttelse og holdbarhet, samtidig som den tilf\u00f8rer kj\u00f8ret\u00f8yet ditt et snev av eleganse og prestisje.<\/p>\n<p>En frontbekytter beskytter fronten av kj\u00f8ret\u00f8yet i potensielle kollisjonssituasjoner. Den gir lastebilen et robust og stilig utseende som tiltrekker seg oppmerksomhet og gj\u00f8r at du og bedriften din skiller dere ut.<\/p>\n<p>Det er gjort s\u00e5 enkelt som mulig \u00e5 ta av st\u00f8tfangeren for vedlikeholdsarbeid.<\/p>\n<p><strong>Merk! Inkluderer ikke kollisjonsputene som vises p\u00e5 bildet!<\/strong><\/p>\n<ul>\n<li><\/li>\n<\/ul>\n<h4>Egenskaper:<\/h4>\n<ul>\n<li><strong>Kompatibilitet<\/strong>: Passer perfekt til MAN TGX 2021-modeller.<\/li>\n<li><strong>Holdbarhet<\/strong>: Laget av rustfritt st\u00e5l av h\u00f8y kvalitet, som t\u00e5ler de t\u00f8ffeste forhold.<\/li>\n<li><strong>Enkel installasjon<\/strong>: Inkluderer monteringsanvisninger og n\u00f8dvendig maskinvare, slik at du kan montere st\u00f8tfangeren selv.<\/li>\n<li><strong>Stilig utseende<\/strong>: Denne bullbaren gir lastebilen din et moderne og dynamisk utseende. Den slanke designen og den polerte eller pulverlakkerte st\u00e5lfinishen gj\u00f8r at lastebilen din skiller seg ut og ser imponerende ut.<\/li>\n<li><strong>Maximal beskyttelse<\/strong>: En frontbeskyttelse beskytter fronten p\u00e5 kj\u00f8ret\u00f8yet ditt mot kollisjoner og skader. Frontbeskyttelsen reduserer risikoen for skader og bidrar til \u00e5 holde lastebilen i god stand lenger.<\/li>\n<li><\/li>\n<\/ul>\n<h4>Hvorfor velge RST-Steel?<\/h4>\n<ul>\n<li><strong>P\u00e5litelighet<\/strong>: Mange \u00e5rs erfaring og ekspertise for h\u00f8y kvalitet og holdbarhet hos v\u00e5re produkter.<\/li>\n<li><strong>Kundetilfredshet<\/strong>: Tusenvis av forn\u00f8yde kunder over hele verden stoler p\u00e5 RST-Steel-produkter.<\/li>\n<li><\/li>\n<\/ul>\n<h4>Tekniske spesifikasjoner:<\/h4>\n<ul>\n<li><strong>Farge<\/strong>: Speilpolert rustfritt st\u00e5l eller pulverlakkert med RAL-farger<\/li>\n<li><strong>R\u00f8rdiametre<\/strong>: 76 mm \/ 60 mm<\/li>\n<li><\/li>\n<\/ul>\n<p><a href=\"https:\/\/www.youtube.com\/watch?v=G2FVajPh-pM\">VIDEO AV INSTALLASJON AV BULLBAR-KABELSETT FINNES HER!<\/a><\/p>\n<h4>Pakken inneholder:<\/h4>\n<ul>\n<li>Frontbeskytter<\/li>\n<li>Monteringsbraketter kreves for installasjon<\/li>\n<li>Installasjonsinstruksjoner<\/li>\n<li><\/li>\n<\/ul>\n<p><strong>Kj\u00f8p n\u00e5 og beskytt lastebilen din p\u00e5 best mulig m\u00e5te!<\/strong><\/p>\n<p>Bestill Dakar-modellen Bull bar for MAN TGX 2021- modeller direkte fra v\u00e5r nettbutikk. Vi tilbyr rask levering og utmerket kundeservice. V\u00e5re h\u00f8ykvalitetsprodukter oppfyller selv de mest krevende behov. Nyt bekymringsfri kj\u00f8ring, vel vitende om at kj\u00f8ret\u00f8yet ditt er beskyttet p\u00e5 best mulig m\u00e5te. Rammeb\u00f8ylen er en investering som l\u00f8nner seg i form av holdbarhet, sikkerhet og et stilig utseende.<\/p>\n<p><strong>RST-Steel \u2013 Din p\u00e5litelige partner p\u00e5 veien<\/strong><\/p>\n<\/div>\n<\/div>\n<\/div>\n<\/div>","protected":false},"excerpt":{"rendered":"<p><strong>Beskytt lastebilen din p\u00e5 best mulig m\u00e5te!<\/strong><\/p>","protected":false},"featured_media":43777,"comment_status":"open","ping_status":"closed","template":"","meta":{"_improvement_type_select":"improve_an_existing","_thumb_yes_seoaic":false,"_frame_yes_seoaic":false,"seoaic_generate_description":"","seoaic_improve_instructions_prompt":"","seoaic_rollback_content_improvement":"","seoaic_idea_thumbnail_generator":"","thumbnail_generated":false,"thumbnail_generate_prompt":"","seoaic_article_description":""},"make_fuel_type":[],"make_model":[5664],"make_brand":[6641],"make_year":[3748],"pwb-brand":[8334],"product_brand":[],"product_cat":[6280,7162],"product_tag":[8501,6683,8499],"class_list":{"0":"post-43779","1":"product","2":"type-product","3":"status-publish","4":"has-post-thumbnail","6":"make_engine-ma21-gm-cab","7":"make_engine-ma21-gn-cab","8":"make_engine-ma21-gx-cab","9":"make_model-tgx-2021","10":"make_brand-man-truck","11":"make_year-trucks","12":"pwb-brand-brand_rststeel","13":"product_cat-bullbars","14":"product_cat-man-ka-kk","15":"product_tag-bullbar-dakar","16":"product_tag-frontskydd","17":"product_tag-man","18":"product_shipping_class-bullbars","20":"first","21":"onbackorder","22":"taxable","23":"shipping-taxable","24":"purchasable","25":"product-type-variable"},"yoast_head":"<!-- This site is optimized with the Yoast SEO plugin v25.7 - https:\/\/yoast.com\/wordpress\/plugins\/seo\/ -->\n<title>Bull Bar Dakar MAN TGX 2021- RST-Steel<\/title>\n<meta name=\"description\" content=\"Bull Bar Dakar MAN TGX 2021- models. Enhance the safety and appearance of your MAN TGX 2021 truck. Protect your truck in the best possible way!\" \/>\n<meta name=\"robots\" content=\"index, follow, max-snippet:-1, max-image-preview:large, max-video-preview:-1\" \/>\n<link rel=\"canonical\" href=\"https:\/\/com.rst-steel.eu\/nb\/produkt\/bull-bar-dakar-man-tgx-2021-_prm_9743\/\" \/>\n<meta property=\"og:locale\" content=\"nb_NO\" \/>\n<meta property=\"og:type\" content=\"article\" \/>\n<meta property=\"og:title\" content=\"Bull Bar Dakar MAN TGX 2021- RST-Steel\" \/>\n<meta property=\"og:description\" content=\"Bull Bar Dakar MAN TGX 2021- models. Enhance the safety and appearance of your MAN TGX 2021 truck. Protect your truck in the best possible way!\" \/>\n<meta property=\"og:url\" content=\"https:\/\/com.rst-steel.eu\/nb\/produkt\/bull-bar-dakar-man-tgx-2021-_prm_9743\/\" \/>\n<meta property=\"og:site_name\" content=\"RST-Steel\" \/>\n<meta property=\"article:publisher\" content=\"https:\/\/www.facebook.com\/rststeel\" \/>\n<meta property=\"article:modified_time\" content=\"2026-03-16T06:16:25+00:00\" \/>\n<meta property=\"og:image\" content=\"https:\/\/com.rst-steel.eu\/wp-content\/uploads\/2024\/06\/7f378772aa09bf0a555b9a95e878b10d4a9ecbc1_MA0101A1-scaled.jpg\" \/>\n\t<meta property=\"og:image:width\" content=\"2560\" \/>\n\t<meta property=\"og:image:height\" content=\"1707\" \/>\n\t<meta property=\"og:image:type\" content=\"image\/jpeg\" \/>\n<meta name=\"twitter:card\" content=\"summary_large_image\" \/>\n<meta name=\"twitter:label1\" content=\"Ansl. lesetid\" \/>\n\t<meta name=\"twitter:data1\" content=\"2 minutter\" \/>\n<script type=\"application\/ld+json\" class=\"yoast-schema-graph\">{\"@context\":\"https:\/\/schema.org\",\"@graph\":[{\"@type\":\"WebPage\",\"@id\":\"https:\/\/com.rst-steel.eu\/nb\/produkt\/bull-bar-dakar-man-tgx-2021-_prm_9743\/\",\"url\":\"https:\/\/com.rst-steel.eu\/nb\/produkt\/bull-bar-dakar-man-tgx-2021-_prm_9743\/\",\"name\":\"Bull Bar Dakar MAN TGX 2021- RST-Steel\",\"isPartOf\":{\"@id\":\"https:\/\/com.rst-steel.eu\/#website\"},\"primaryImageOfPage\":{\"@id\":\"https:\/\/com.rst-steel.eu\/nb\/produkt\/bull-bar-dakar-man-tgx-2021-_prm_9743\/#primaryimage\"},\"image\":{\"@id\":\"https:\/\/com.rst-steel.eu\/nb\/produkt\/bull-bar-dakar-man-tgx-2021-_prm_9743\/#primaryimage\"},\"thumbnailUrl\":\"https:\/\/com.rst-steel.eu\/wp-content\/uploads\/2024\/06\/7f378772aa09bf0a555b9a95e878b10d4a9ecbc1_MA0101A1-scaled.jpg\",\"datePublished\":\"2024-06-27T10:36:35+00:00\",\"dateModified\":\"2026-03-16T06:16:25+00:00\",\"description\":\"Bull Bar Dakar MAN TGX 2021- models. Enhance the safety and appearance of your MAN TGX 2021 truck. Protect your truck in the best possible way!\",\"breadcrumb\":{\"@id\":\"https:\/\/com.rst-steel.eu\/nb\/produkt\/bull-bar-dakar-man-tgx-2021-_prm_9743\/#breadcrumb\"},\"inLanguage\":\"nb-NO\",\"potentialAction\":[{\"@type\":\"ReadAction\",\"target\":[\"https:\/\/com.rst-steel.eu\/nb\/produkt\/bull-bar-dakar-man-tgx-2021-_prm_9743\/\"]}]},{\"@type\":\"ImageObject\",\"inLanguage\":\"nb-NO\",\"@id\":\"https:\/\/com.rst-steel.eu\/nb\/produkt\/bull-bar-dakar-man-tgx-2021-_prm_9743\/#primaryimage\",\"url\":\"https:\/\/com.rst-steel.eu\/wp-content\/uploads\/2024\/06\/7f378772aa09bf0a555b9a95e878b10d4a9ecbc1_MA0101A1-scaled.jpg\",\"contentUrl\":\"https:\/\/com.rst-steel.eu\/wp-content\/uploads\/2024\/06\/7f378772aa09bf0a555b9a95e878b10d4a9ecbc1_MA0101A1-scaled.jpg\",\"width\":2560,\"height\":1707,\"caption\":\"Bull Bar Dakar MAN TGX 2021-\"},{\"@type\":\"BreadcrumbList\",\"@id\":\"https:\/\/com.rst-steel.eu\/nb\/produkt\/bull-bar-dakar-man-tgx-2021-_prm_9743\/#breadcrumb\",\"itemListElement\":[{\"@type\":\"ListItem\",\"position\":1,\"name\":\"Home\",\"item\":\"https:\/\/com.rst-steel.eu\/\"},{\"@type\":\"ListItem\",\"position\":2,\"name\":\"RST-Steel Shop\",\"item\":\"https:\/\/com.rst-steel.eu\/shop\/\"},{\"@type\":\"ListItem\",\"position\":3,\"name\":\"Bull Bar Dakar MAN TGX 2021-\"}]},{\"@type\":\"WebSite\",\"@id\":\"https:\/\/com.rst-steel.eu\/#website\",\"url\":\"https:\/\/com.rst-steel.eu\/\",\"name\":\"RST-Steel.com\",\"description\":\"Finnish quality steel, for quality-conscious drivers\",\"publisher\":{\"@id\":\"https:\/\/com.rst-steel.eu\/#organization\"},\"alternateName\":\"Safe and stylish RST-Steel quality\",\"potentialAction\":[{\"@type\":\"SearchAction\",\"target\":{\"@type\":\"EntryPoint\",\"urlTemplate\":\"https:\/\/com.rst-steel.eu\/?s={search_term_string}\"},\"query-input\":{\"@type\":\"PropertyValueSpecification\",\"valueRequired\":true,\"valueName\":\"search_term_string\"}}],\"inLanguage\":\"nb-NO\"},{\"@type\":\"Organization\",\"@id\":\"https:\/\/com.rst-steel.eu\/#organization\",\"name\":\"RST-Steel Oy\",\"url\":\"https:\/\/com.rst-steel.eu\/\",\"logo\":{\"@type\":\"ImageObject\",\"inLanguage\":\"nb-NO\",\"@id\":\"https:\/\/com.rst-steel.eu\/#\/schema\/logo\/image\/\",\"url\":\"https:\/\/com.rst-steel.eu\/wp-content\/uploads\/2023\/04\/cropped-Rst-logo-valkoinen-teksti-3.png\",\"contentUrl\":\"https:\/\/com.rst-steel.eu\/wp-content\/uploads\/2023\/04\/cropped-Rst-logo-valkoinen-teksti-3.png\",\"width\":512,\"height\":115,\"caption\":\"RST-Steel Oy\"},\"image\":{\"@id\":\"https:\/\/com.rst-steel.eu\/#\/schema\/logo\/image\/\"},\"sameAs\":[\"https:\/\/www.facebook.com\/rststeel\",\"https:\/\/www.instagram.com\/rststeeloy\/\"]}]}<\/script>\n<!-- \/ Yoast SEO plugin. -->","yoast_head_json":{"title":"Bull Bar Dakar MAN TGX 2021- RST-Steel","description":"Bull Bar Dakar MAN TGX 2021- modeller. Forbedre sikkerheten og utseendet til din MAN TGX 2021-lastebil. Beskytt lastebilen din p\u00e5 best mulig m\u00e5te!","robots":{"index":"index","follow":"follow","max-snippet":"max-snippet:-1","max-image-preview":"max-image-preview:large","max-video-preview":"max-video-preview:-1"},"canonical":"https:\/\/com.rst-steel.eu\/nb\/produkt\/bull-bar-dakar-man-tgx-2021-_prm_9743\/","og_locale":"nb_NO","og_type":"article","og_title":"Bull Bar Dakar MAN TGX 2021- RST-Steel","og_description":"Bull Bar Dakar MAN TGX 2021- models. Enhance the safety and appearance of your MAN TGX 2021 truck. Protect your truck in the best possible way!","og_url":"https:\/\/com.rst-steel.eu\/nb\/produkt\/bull-bar-dakar-man-tgx-2021-_prm_9743\/","og_site_name":"RST-Steel","article_publisher":"https:\/\/www.facebook.com\/rststeel","article_modified_time":"2026-03-16T06:16:25+00:00","og_image":[{"width":2560,"height":1707,"url":"https:\/\/com.rst-steel.eu\/wp-content\/uploads\/2024\/06\/7f378772aa09bf0a555b9a95e878b10d4a9ecbc1_MA0101A1-scaled.jpg","type":"image\/jpeg"}],"twitter_card":"summary_large_image","twitter_misc":{"Ansl. lesetid":"2 minutter"},"schema":{"@context":"https:\/\/schema.org","@graph":[{"@type":"WebPage","@id":"https:\/\/com.rst-steel.eu\/nb\/produkt\/bull-bar-dakar-man-tgx-2021-_prm_9743\/","url":"https:\/\/com.rst-steel.eu\/nb\/produkt\/bull-bar-dakar-man-tgx-2021-_prm_9743\/","name":"Bull Bar Dakar MAN TGX 2021- RST-Steel","isPartOf":{"@id":"https:\/\/com.rst-steel.eu\/#website"},"primaryImageOfPage":{"@id":"https:\/\/com.rst-steel.eu\/nb\/produkt\/bull-bar-dakar-man-tgx-2021-_prm_9743\/#primaryimage"},"image":{"@id":"https:\/\/com.rst-steel.eu\/nb\/produkt\/bull-bar-dakar-man-tgx-2021-_prm_9743\/#primaryimage"},"thumbnailUrl":"https:\/\/com.rst-steel.eu\/wp-content\/uploads\/2024\/06\/7f378772aa09bf0a555b9a95e878b10d4a9ecbc1_MA0101A1-scaled.jpg","datePublished":"2024-06-27T10:36:35+00:00","dateModified":"2026-03-16T06:16:25+00:00","description":"Bull Bar Dakar MAN TGX 2021- modeller. Forbedre sikkerheten og utseendet til din MAN TGX 2021-lastebil. Beskytt lastebilen din p\u00e5 best mulig m\u00e5te!","breadcrumb":{"@id":"https:\/\/com.rst-steel.eu\/nb\/produkt\/bull-bar-dakar-man-tgx-2021-_prm_9743\/#breadcrumb"},"inLanguage":"nb-NO","potentialAction":[{"@type":"ReadAction","target":["https:\/\/com.rst-steel.eu\/nb\/produkt\/bull-bar-dakar-man-tgx-2021-_prm_9743\/"]}]},{"@type":"ImageObject","inLanguage":"nb-NO","@id":"https:\/\/com.rst-steel.eu\/nb\/produkt\/bull-bar-dakar-man-tgx-2021-_prm_9743\/#primaryimage","url":"https:\/\/com.rst-steel.eu\/wp-content\/uploads\/2024\/06\/7f378772aa09bf0a555b9a95e878b10d4a9ecbc1_MA0101A1-scaled.jpg","contentUrl":"https:\/\/com.rst-steel.eu\/wp-content\/uploads\/2024\/06\/7f378772aa09bf0a555b9a95e878b10d4a9ecbc1_MA0101A1-scaled.jpg","width":2560,"height":1707,"caption":"Bull Bar Dakar MAN TGX 2021-"},{"@type":"BreadcrumbList","@id":"https:\/\/com.rst-steel.eu\/nb\/produkt\/bull-bar-dakar-man-tgx-2021-_prm_9743\/#breadcrumb","itemListElement":[{"@type":"ListItem","position":1,"name":"Home","item":"https:\/\/com.rst-steel.eu\/"},{"@type":"ListItem","position":2,"name":"RST-Steel Shop","item":"https:\/\/com.rst-steel.eu\/shop\/"},{"@type":"ListItem","position":3,"name":"Bull Bar Dakar MAN TGX 2021-"}]},{"@type":"WebSite","@id":"https:\/\/com.rst-steel.eu\/#website","url":"https:\/\/com.rst-steel.eu\/","name":"RST-Steel.com","description":"Finsk kvalitetsst\u00e5l, for kvalitetsbevisste sj\u00e5f\u00f8rer","publisher":{"@id":"https:\/\/com.rst-steel.eu\/#organization"},"alternateName":"Safe and stylish RST-Steel quality","potentialAction":[{"@type":"SearchAction","target":{"@type":"EntryPoint","urlTemplate":"https:\/\/com.rst-steel.eu\/?s={search_term_string}"},"query-input":{"@type":"PropertyValueSpecification","valueRequired":true,"valueName":"search_term_string"}}],"inLanguage":"nb-NO"},{"@type":"Organization","@id":"https:\/\/com.rst-steel.eu\/#organization","name":"RST-Steel Oy","url":"https:\/\/com.rst-steel.eu\/","logo":{"@type":"ImageObject","inLanguage":"nb-NO","@id":"https:\/\/com.rst-steel.eu\/#\/schema\/logo\/image\/","url":"https:\/\/com.rst-steel.eu\/wp-content\/uploads\/2023\/04\/cropped-Rst-logo-valkoinen-teksti-3.png","contentUrl":"https:\/\/com.rst-steel.eu\/wp-content\/uploads\/2023\/04\/cropped-Rst-logo-valkoinen-teksti-3.png","width":512,"height":115,"caption":"RST-Steel Oy"},"image":{"@id":"https:\/\/com.rst-steel.eu\/#\/schema\/logo\/image\/"},"sameAs":["https:\/\/www.facebook.com\/rststeel","https:\/\/www.instagram.com\/rststeeloy\/"]}]}},"brands":[{"id":8334,"name":"RST-Steel","slug":"brand_rststeel"}],"_links":{"self":[{"href":"https:\/\/com.rst-steel.eu\/nb\/wp-json\/wp\/v2\/product\/43779","targetHints":{"allow":["GET"]}}],"collection":[{"href":"https:\/\/com.rst-steel.eu\/nb\/wp-json\/wp\/v2\/product"}],"about":[{"href":"https:\/\/com.rst-steel.eu\/nb\/wp-json\/wp\/v2\/types\/product"}],"replies":[{"embeddable":true,"href":"https:\/\/com.rst-steel.eu\/nb\/wp-json\/wp\/v2\/comments?post=43779"}],"version-history":[{"count":0,"href":"https:\/\/com.rst-steel.eu\/nb\/wp-json\/wp\/v2\/product\/43779\/revisions"}],"wp:featuredmedia":[{"embeddable":true,"href":"https:\/\/com.rst-steel.eu\/nb\/wp-json\/wp\/v2\/media\/43777"}],"wp:attachment":[{"href":"https:\/\/com.rst-steel.eu\/nb\/wp-json\/wp\/v2\/media?parent=43779"}],"wp:term":[{"taxonomy":"make_fuel_type","embeddable":true,"href":"https:\/\/com.rst-steel.eu\/nb\/wp-json\/wp\/v2\/make_fuel_type?post=43779"},{"taxonomy":"make_model","embeddable":true,"href":"https:\/\/com.rst-steel.eu\/nb\/wp-json\/wp\/v2\/make_model?post=43779"},{"taxonomy":"make_brand","embeddable":true,"href":"https:\/\/com.rst-steel.eu\/nb\/wp-json\/wp\/v2\/make_brand?post=43779"},{"taxonomy":"make_year","embeddable":true,"href":"https:\/\/com.rst-steel.eu\/nb\/wp-json\/wp\/v2\/make_year?post=43779"},{"taxonomy":"pwb-brand","embeddable":true,"href":"https:\/\/com.rst-steel.eu\/nb\/wp-json\/wp\/v2\/pwb-brand?post=43779"},{"taxonomy":"product_brand","embeddable":true,"href":"https:\/\/com.rst-steel.eu\/nb\/wp-json\/wp\/v2\/product_brand?post=43779"},{"taxonomy":"product_cat","embeddable":true,"href":"https:\/\/com.rst-steel.eu\/nb\/wp-json\/wp\/v2\/product_cat?post=43779"},{"taxonomy":"product_tag","embeddable":true,"href":"https:\/\/com.rst-steel.eu\/nb\/wp-json\/wp\/v2\/product_tag?post=43779"}],"curies":[{"name":"wp","href":"https:\/\/api.w.org\/{rel}","templated":true}]}}